{"id":13884,"date":"2024-01-10T12:50:17","date_gmt":"2024-01-10T12:50:17","guid":{"rendered":"https:\/\/www.schellhammerinstitute.com\/?post_type=product&#038;p=13884"},"modified":"2024-01-24T13:43:47","modified_gmt":"2024-01-24T13:43:47","slug":"diccionario-moderno-de-los-suenos-2","status":"publish","type":"product","link":"https:\/\/www.schellhammerinstitute.com\/es\/producto\/diccionario-moderno-de-los-suenos-2\/","title":{"rendered":"Diccionario moderno de los sue\u00f1os"},"content":{"rendered":"","protected":false},"excerpt":{"rendered":"<p>Este libro ofrece un tesoro de im\u00e1genes, s\u00edmbolos, arquetipos, actos y acontecimientos simb\u00f3licos, lugares, temas individuales, elementos y escenas, peculiaridades de la representaci\u00f3n, Con 3000 im\u00e1genes, actos, lugares y acontecimientos simb\u00f3licos. Ofrece ejemplos de sue\u00f1os y su interpretaci\u00f3n. Peculiaridades de la presentaci\u00f3n, ejemplos de sue\u00f1os e interpretaci\u00f3n. 8.000 interpretaciones con significado: l\u00e9xico, psicol\u00f3gico, espiritual, vida pr\u00e1ctica. Explicaci\u00f3n sencilla y clara. Instrucciones precisas y muchos consejos. Pasos claros y detallados. F\u00e1cil de comprender. Psicol\u00f3gicamente amplio. Campos de significado multidimensionales. \u00datil para la vida cotidiana. Para la clarificaci\u00f3n, soluci\u00f3n y curaci\u00f3n. Sobre autoeducaci\u00f3n e individuaci\u00f3n Fundado con 250.000 sue\u00f1os de clientes. Investigado con 40 a\u00f1os de experiencia profesional.<\/p>","protected":false},"featured_media":13885,"comment_status":"closed","ping_status":"closed","template":"","meta":{"saved_in_kubio":false},"product_brand":[],"product_cat":[299,292,290],"product_tag":[],"class_list":{"0":"post-13884","1":"product","2":"type-product","3":"status-publish","4":"has-post-thumbnail","6":"product_cat-dreams","7":"product_cat-english-books","8":"product_cat-psychology","10":"first","11":"instock","12":"shipping-taxable","13":"purchasable","14":"product-type-simple"},"yoast_head":"<!-- This site is optimized with the Yoast SEO plugin v27.4 - https:\/\/yoast.com\/product\/yoast-seo-wordpress\/ -->\n<title>Modern Dream Dictionary | Schellhammer Institute<\/title>\n<meta name=\"description\" content=\"Modern Dream Dictionary provides a treasure trove of images, symbols, archetypes, symbolic acts and events, locations, individual themes, elements and scenes, peculiarities of representation, With 3000 symbolic images, acts, locations and events. It provides examples of dreams and their interpretation. Peculiarities of presentation, dream examples and interpretation. 8,000 interpretations with meaning: lexical, psychological, spiritual, practical life. Simple and clearly explained. Precise instructions and many tips. Clear, detailed steps. Easy to understand. Psychologically broadly lit.\" \/>\n<meta name=\"robots\" content=\"index, follow, max-snippet:-1, max-image-preview:large, max-video-preview:-1\" \/>\n<link rel=\"canonical\" href=\"https:\/\/www.schellhammerinstitute.com\/es\/producto\/diccionario-moderno-de-los-suenos-2\/\" \/>\n<meta property=\"og:locale\" content=\"es_ES\" \/>\n<meta property=\"og:type\" content=\"article\" \/>\n<meta property=\"og:title\" content=\"Modern Dream Dictionary | Schellhammer Institute\" \/>\n<meta property=\"og:description\" content=\"Modern Dream Dictionary provides a treasure trove of images, symbols, archetypes, symbolic acts and events, locations, individual themes, elements and scenes, peculiarities of representation, With 3000 symbolic images, acts, locations and events. It provides examples of dreams and their interpretation. Peculiarities of presentation, dream examples and interpretation. 8,000 interpretations with meaning: lexical, psychological, spiritual, practical life. Simple and clearly explained. Precise instructions and many tips. Clear, detailed steps. Easy to understand. Psychologically broadly lit.\" \/>\n<meta property=\"og:url\" content=\"https:\/\/www.schellhammerinstitute.com\/es\/producto\/diccionario-moderno-de-los-suenos-2\/\" \/>\n<meta property=\"og:site_name\" content=\"Schellhammer Institute\" \/>\n<meta property=\"article:publisher\" content=\"https:\/\/www.facebook.com\/schellhammerinstitute\" \/>\n<meta property=\"article:modified_time\" content=\"2024-01-24T13:43:47+00:00\" \/>\n<meta property=\"og:image\" content=\"https:\/\/www.schellhammerinstitute.com\/wp-content\/uploads\/Modern-Dream-Dictionary.jpg\" \/>\n\t<meta property=\"og:image:width\" content=\"994\" \/>\n\t<meta property=\"og:image:height\" content=\"1500\" \/>\n\t<meta property=\"og:image:type\" content=\"image\/jpeg\" \/>\n<meta name=\"twitter:card\" content=\"summary_large_image\" \/>\n<meta name=\"twitter:label1\" content=\"Tiempo de lectura\" \/>\n\t<meta name=\"twitter:data1\" content=\"1 minuto\" \/>\n<script type=\"application\/ld+json\" class=\"yoast-schema-graph\">{\"@context\":\"https:\\\/\\\/schema.org\",\"@graph\":[{\"@type\":\"WebPage\",\"@id\":\"https:\\\/\\\/www.schellhammerinstitute.com\\\/product\\\/modern-dream-dictionary\\\/\",\"url\":\"https:\\\/\\\/www.schellhammerinstitute.com\\\/product\\\/modern-dream-dictionary\\\/\",\"name\":\"Modern Dream Dictionary | Schellhammer Institute\",\"isPartOf\":{\"@id\":\"https:\\\/\\\/www.schellhammerinstitute.com\\\/#website\"},\"primaryImageOfPage\":{\"@id\":\"https:\\\/\\\/www.schellhammerinstitute.com\\\/product\\\/modern-dream-dictionary\\\/#primaryimage\"},\"image\":{\"@id\":\"https:\\\/\\\/www.schellhammerinstitute.com\\\/product\\\/modern-dream-dictionary\\\/#primaryimage\"},\"thumbnailUrl\":\"https:\\\/\\\/www.schellhammerinstitute.com\\\/wp-content\\\/uploads\\\/Modern-Dream-Dictionary.jpg\",\"datePublished\":\"2024-01-10T12:50:17+00:00\",\"dateModified\":\"2024-01-24T13:43:47+00:00\",\"description\":\"Modern Dream Dictionary provides a treasure trove of images, symbols, archetypes, symbolic acts and events, locations, individual themes, elements and scenes, peculiarities of representation, With 3000 symbolic images, acts, locations and events. It provides examples of dreams and their interpretation. Peculiarities of presentation, dream examples and interpretation. 8,000 interpretations with meaning: lexical, psychological, spiritual, practical life. Simple and clearly explained. Precise instructions and many tips. Clear, detailed steps. Easy to understand. Psychologically broadly lit.\",\"breadcrumb\":{\"@id\":\"https:\\\/\\\/www.schellhammerinstitute.com\\\/product\\\/modern-dream-dictionary\\\/#breadcrumb\"},\"inLanguage\":\"es\",\"potentialAction\":[{\"@type\":\"ReadAction\",\"target\":[\"https:\\\/\\\/www.schellhammerinstitute.com\\\/product\\\/modern-dream-dictionary\\\/\"]}]},{\"@type\":\"ImageObject\",\"inLanguage\":\"es\",\"@id\":\"https:\\\/\\\/www.schellhammerinstitute.com\\\/product\\\/modern-dream-dictionary\\\/#primaryimage\",\"url\":\"https:\\\/\\\/www.schellhammerinstitute.com\\\/wp-content\\\/uploads\\\/Modern-Dream-Dictionary.jpg\",\"contentUrl\":\"https:\\\/\\\/www.schellhammerinstitute.com\\\/wp-content\\\/uploads\\\/Modern-Dream-Dictionary.jpg\",\"width\":994,\"height\":1500},{\"@type\":\"BreadcrumbList\",\"@id\":\"https:\\\/\\\/www.schellhammerinstitute.com\\\/product\\\/modern-dream-dictionary\\\/#breadcrumb\",\"itemListElement\":[{\"@type\":\"ListItem\",\"position\":1,\"name\":\"Home\",\"item\":\"https:\\\/\\\/www.schellhammerinstitute.com\\\/\"},{\"@type\":\"ListItem\",\"position\":2,\"name\":\"Shop\",\"item\":\"https:\\\/\\\/www.schellhammerinstitute.com\\\/shop\\\/\"},{\"@type\":\"ListItem\",\"position\":3,\"name\":\"Modern Dream Dictionary\"}]},{\"@type\":\"WebSite\",\"@id\":\"https:\\\/\\\/www.schellhammerinstitute.com\\\/#website\",\"url\":\"https:\\\/\\\/www.schellhammerinstitute.com\\\/\",\"name\":\"Schellhammer Institute\",\"description\":\"We want to change the world for the better\",\"publisher\":{\"@id\":\"https:\\\/\\\/www.schellhammerinstitute.com\\\/#organization\"},\"alternateName\":\"The Schellhamer Institute\",\"potentialAction\":[{\"@type\":\"SearchAction\",\"target\":{\"@type\":\"EntryPoint\",\"urlTemplate\":\"https:\\\/\\\/www.schellhammerinstitute.com\\\/?s={search_term_string}\"},\"query-input\":{\"@type\":\"PropertyValueSpecification\",\"valueRequired\":true,\"valueName\":\"search_term_string\"}}],\"inLanguage\":\"es\"},{\"@type\":\"Organization\",\"@id\":\"https:\\\/\\\/www.schellhammerinstitute.com\\\/#organization\",\"name\":\"Schellhammer Institute\",\"alternateName\":\"Schellhammer Institute\",\"url\":\"https:\\\/\\\/www.schellhammerinstitute.com\\\/\",\"logo\":{\"@type\":\"ImageObject\",\"inLanguage\":\"es\",\"@id\":\"https:\\\/\\\/www.schellhammerinstitute.com\\\/#\\\/schema\\\/logo\\\/image\\\/\",\"url\":\"https:\\\/\\\/www.schellhammerinstitute.com\\\/wp-content\\\/uploads\\\/cropped-4-Photoroom.png\",\"contentUrl\":\"https:\\\/\\\/www.schellhammerinstitute.com\\\/wp-content\\\/uploads\\\/cropped-4-Photoroom.png\",\"width\":902,\"height\":901,\"caption\":\"Schellhammer Institute\"},\"image\":{\"@id\":\"https:\\\/\\\/www.schellhammerinstitute.com\\\/#\\\/schema\\\/logo\\\/image\\\/\"},\"sameAs\":[\"https:\\\/\\\/www.facebook.com\\\/schellhammerinstitute\",\"https:\\\/\\\/www.instagram.com\\\/schellhammerinstitute\",\"https:\\\/\\\/www.linkedin.com\\\/company\\\/schellhammerinstitute\"]}]}<\/script>\n<!-- \/ Yoast SEO plugin. -->","yoast_head_json":{"title":"Modern Dream Dictionary | Schellhammer Institute","description":"El Diccionario moderno de sue\u00f1os ofrece un tesoro de im\u00e1genes, s\u00edmbolos, arquetipos, actos y acontecimientos simb\u00f3licos, lugares, temas individuales, elementos y escenas, peculiaridades de la representaci\u00f3n, Con 3000 im\u00e1genes, actos, lugares y acontecimientos simb\u00f3licos. Ofrece ejemplos de sue\u00f1os y su interpretaci\u00f3n. Peculiaridades de la presentaci\u00f3n, ejemplos de sue\u00f1os e interpretaci\u00f3n. 8.000 interpretaciones con significado: l\u00e9xico, psicol\u00f3gico, espiritual, vida pr\u00e1ctica. Explicaci\u00f3n sencilla y clara. Instrucciones precisas y muchos consejos. Pasos claros y detallados. F\u00e1cil de comprender. Psicol\u00f3gicamente amplio.","robots":{"index":"index","follow":"follow","max-snippet":"max-snippet:-1","max-image-preview":"max-image-preview:large","max-video-preview":"max-video-preview:-1"},"canonical":"https:\/\/www.schellhammerinstitute.com\/es\/producto\/diccionario-moderno-de-los-suenos-2\/","og_locale":"es_ES","og_type":"article","og_title":"Modern Dream Dictionary | Schellhammer Institute","og_description":"Modern Dream Dictionary provides a treasure trove of images, symbols, archetypes, symbolic acts and events, locations, individual themes, elements and scenes, peculiarities of representation, With 3000 symbolic images, acts, locations and events. It provides examples of dreams and their interpretation. Peculiarities of presentation, dream examples and interpretation. 8,000 interpretations with meaning: lexical, psychological, spiritual, practical life. Simple and clearly explained. Precise instructions and many tips. Clear, detailed steps. Easy to understand. Psychologically broadly lit.","og_url":"https:\/\/www.schellhammerinstitute.com\/es\/producto\/diccionario-moderno-de-los-suenos-2\/","og_site_name":"Schellhammer Institute","article_publisher":"https:\/\/www.facebook.com\/schellhammerinstitute","article_modified_time":"2024-01-24T13:43:47+00:00","og_image":[{"width":994,"height":1500,"url":"https:\/\/www.schellhammerinstitute.com\/wp-content\/uploads\/Modern-Dream-Dictionary.jpg","type":"image\/jpeg"}],"twitter_card":"summary_large_image","twitter_misc":{"Tiempo de lectura":"1 minuto"},"schema":{"@context":"https:\/\/schema.org","@graph":[{"@type":"WebPage","@id":"https:\/\/www.schellhammerinstitute.com\/product\/modern-dream-dictionary\/","url":"https:\/\/www.schellhammerinstitute.com\/product\/modern-dream-dictionary\/","name":"Modern Dream Dictionary | Schellhammer Institute","isPartOf":{"@id":"https:\/\/www.schellhammerinstitute.com\/#website"},"primaryImageOfPage":{"@id":"https:\/\/www.schellhammerinstitute.com\/product\/modern-dream-dictionary\/#primaryimage"},"image":{"@id":"https:\/\/www.schellhammerinstitute.com\/product\/modern-dream-dictionary\/#primaryimage"},"thumbnailUrl":"https:\/\/www.schellhammerinstitute.com\/wp-content\/uploads\/Modern-Dream-Dictionary.jpg","datePublished":"2024-01-10T12:50:17+00:00","dateModified":"2024-01-24T13:43:47+00:00","description":"El Diccionario moderno de sue\u00f1os ofrece un tesoro de im\u00e1genes, s\u00edmbolos, arquetipos, actos y acontecimientos simb\u00f3licos, lugares, temas individuales, elementos y escenas, peculiaridades de la representaci\u00f3n, Con 3000 im\u00e1genes, actos, lugares y acontecimientos simb\u00f3licos. Ofrece ejemplos de sue\u00f1os y su interpretaci\u00f3n. Peculiaridades de la presentaci\u00f3n, ejemplos de sue\u00f1os e interpretaci\u00f3n. 8.000 interpretaciones con significado: l\u00e9xico, psicol\u00f3gico, espiritual, vida pr\u00e1ctica. Explicaci\u00f3n sencilla y clara. Instrucciones precisas y muchos consejos. Pasos claros y detallados. F\u00e1cil de comprender. Psicol\u00f3gicamente amplio.","breadcrumb":{"@id":"https:\/\/www.schellhammerinstitute.com\/product\/modern-dream-dictionary\/#breadcrumb"},"inLanguage":"es","potentialAction":[{"@type":"ReadAction","target":["https:\/\/www.schellhammerinstitute.com\/product\/modern-dream-dictionary\/"]}]},{"@type":"ImageObject","inLanguage":"es","@id":"https:\/\/www.schellhammerinstitute.com\/product\/modern-dream-dictionary\/#primaryimage","url":"https:\/\/www.schellhammerinstitute.com\/wp-content\/uploads\/Modern-Dream-Dictionary.jpg","contentUrl":"https:\/\/www.schellhammerinstitute.com\/wp-content\/uploads\/Modern-Dream-Dictionary.jpg","width":994,"height":1500},{"@type":"BreadcrumbList","@id":"https:\/\/www.schellhammerinstitute.com\/product\/modern-dream-dictionary\/#breadcrumb","itemListElement":[{"@type":"ListItem","position":1,"name":"Home","item":"https:\/\/www.schellhammerinstitute.com\/"},{"@type":"ListItem","position":2,"name":"Shop","item":"https:\/\/www.schellhammerinstitute.com\/shop\/"},{"@type":"ListItem","position":3,"name":"Modern Dream Dictionary"}]},{"@type":"WebSite","@id":"https:\/\/www.schellhammerinstitute.com\/#website","url":"https:\/\/www.schellhammerinstitute.com\/","name":"Instituci\u00f3n Schellhammer","description":"Queremos cambiar el mundo a mejor","publisher":{"@id":"https:\/\/www.schellhammerinstitute.com\/#organization"},"alternateName":"The Schellhamer Institute","potentialAction":[{"@type":"SearchAction","target":{"@type":"EntryPoint","urlTemplate":"https:\/\/www.schellhammerinstitute.com\/?s={search_term_string}"},"query-input":{"@type":"PropertyValueSpecification","valueRequired":true,"valueName":"search_term_string"}}],"inLanguage":"es"},{"@type":"Organization","@id":"https:\/\/www.schellhammerinstitute.com\/#organization","name":"Instituci\u00f3n Schellhammer","alternateName":"Schellhammer Institute","url":"https:\/\/www.schellhammerinstitute.com\/","logo":{"@type":"ImageObject","inLanguage":"es","@id":"https:\/\/www.schellhammerinstitute.com\/#\/schema\/logo\/image\/","url":"https:\/\/www.schellhammerinstitute.com\/wp-content\/uploads\/cropped-4-Photoroom.png","contentUrl":"https:\/\/www.schellhammerinstitute.com\/wp-content\/uploads\/cropped-4-Photoroom.png","width":902,"height":901,"caption":"Schellhammer Institute"},"image":{"@id":"https:\/\/www.schellhammerinstitute.com\/#\/schema\/logo\/image\/"},"sameAs":["https:\/\/www.facebook.com\/schellhammerinstitute","https:\/\/www.instagram.com\/schellhammerinstitute","https:\/\/www.linkedin.com\/company\/schellhammerinstitute"]}]}},"jetpack_sharing_enabled":true,"_links":{"self":[{"href":"https:\/\/www.schellhammerinstitute.com\/es\/wp-json\/wp\/v2\/product\/13884","targetHints":{"allow":["GET"]}}],"collection":[{"href":"https:\/\/www.schellhammerinstitute.com\/es\/wp-json\/wp\/v2\/product"}],"about":[{"href":"https:\/\/www.schellhammerinstitute.com\/es\/wp-json\/wp\/v2\/types\/product"}],"replies":[{"embeddable":true,"href":"https:\/\/www.schellhammerinstitute.com\/es\/wp-json\/wp\/v2\/comments?post=13884"}],"version-history":[{"count":0,"href":"https:\/\/www.schellhammerinstitute.com\/es\/wp-json\/wp\/v2\/product\/13884\/revisions"}],"wp:featuredmedia":[{"embeddable":true,"href":"https:\/\/www.schellhammerinstitute.com\/es\/wp-json\/wp\/v2\/media\/13885"}],"wp:attachment":[{"href":"https:\/\/www.schellhammerinstitute.com\/es\/wp-json\/wp\/v2\/media?parent=13884"}],"wp:term":[{"taxonomy":"product_brand","embeddable":true,"href":"https:\/\/www.schellhammerinstitute.com\/es\/wp-json\/wp\/v2\/product_brand?post=13884"},{"taxonomy":"product_cat","embeddable":true,"href":"https:\/\/www.schellhammerinstitute.com\/es\/wp-json\/wp\/v2\/product_cat?post=13884"},{"taxonomy":"product_tag","embeddable":true,"href":"https:\/\/www.schellhammerinstitute.com\/es\/wp-json\/wp\/v2\/product_tag?post=13884"}],"curies":[{"name":"wp","href":"https:\/\/api.w.org\/{rel}","templated":true}]}}