{"id":13879,"date":"2024-01-10T12:33:04","date_gmt":"2024-01-10T12:33:04","guid":{"rendered":"https:\/\/www.schellhammerinstitute.com\/?post_type=product&#038;p=13879"},"modified":"2024-01-10T12:34:54","modified_gmt":"2024-01-10T12:34:54","slug":"teoria-moderna-del-sueno","status":"publish","type":"product","link":"https:\/\/www.schellhammerinstitute.com\/es\/producto\/teoria-moderna-del-sueno\/","title":{"rendered":"Teor\u00eda moderna del sue\u00f1o"},"content":{"rendered":"","protected":false},"excerpt":{"rendered":"<p>Los sue\u00f1os son el camino hacia la Verdad e indican la ra\u00edz de los problemas. Explican las dificultades en la vida y en las relaciones, y pueden decirle si ha elegido a la pareja adecuada, aconsejan cu\u00e1ndo es el momento de separarse e incluso pueden revelar la causa subconsciente de los problemas sexuales.<\/p>\n<p>Los sue\u00f1os revelan sus talentos y potencialidades, especialmente sobre c\u00f3mo realizarlos. Los sue\u00f1os le dicen lo que necesita saber si quiere probar algo nuevo, y muestran la verdadera naturaleza de las personas y revelan a un mentiroso, y c\u00f3mo mejorar su negocio.<\/p>\n<p>Los sue\u00f1os le advierten si no corrige estilos de vida poco saludables. Le advierten si algo es peligroso y le explican lo que le hace enfermar y le se\u00f1alan las causas reprimidas de trastornos psicol\u00f3gicos o psicosom\u00e1ticos.<\/p>\n<p>Los sue\u00f1os ayudan a vivir y a desarrollarse. Los sue\u00f1os conducen a las personas a trav\u00e9s de los procesos internos de crecimiento psicoespiritual hasta el m\u00e1ximo rendimiento posible. Los sue\u00f1os te conducen a la verdad, la fuente vital del poder del esp\u00edritu interior en los sue\u00f1os.<\/p>\n<p>Esta teor\u00eda de los sue\u00f1os es el fundamento \u00e9tico, psicol\u00f3gico, espiritual y religioso de la vida. La teor\u00eda moderna de los sue\u00f1os ilumina todos los principios del crecimiento psicol\u00f3gico y espiritual para todos.<\/p>","protected":false},"featured_media":13881,"comment_status":"closed","ping_status":"closed","template":"","meta":{"saved_in_kubio":false},"product_brand":[],"product_cat":[299,292,290],"product_tag":[],"class_list":{"0":"post-13879","1":"product","2":"type-product","3":"status-publish","4":"has-post-thumbnail","6":"product_cat-dreams","7":"product_cat-english-books","8":"product_cat-psychology","10":"first","11":"instock","12":"shipping-taxable","13":"purchasable","14":"product-type-simple"},"yoast_head":"<!-- This site is optimized with the Yoast SEO plugin v27.3 - https:\/\/yoast.com\/product\/yoast-seo-wordpress\/ -->\n<title>Modern Dream Theory | Schellhammer Institute<\/title>\n<meta name=\"description\" content=\"Unlock the transformative power of dreams with our modern dream theory. Discover truths about relationships, health, business, and life. Unravel your hidden talents, navigate life changes, and explore the depths of your psyche. Dreams serve as a guiding force, revealing the root causes of problems, warning against dangers, and offering insights into personal and professional realms. This groundbreaking theory provides an ethical, psychological, spiritual, and religious foundation for life, illuminating principles of growth for all seekers. Embark on a journey of self-discovery and enlightenment through the profound wisdom of dreams.\" \/>\n<meta name=\"robots\" content=\"index, follow, max-snippet:-1, max-image-preview:large, max-video-preview:-1\" \/>\n<link rel=\"canonical\" href=\"https:\/\/www.schellhammerinstitute.com\/es\/producto\/teoria-moderna-del-sueno\/\" \/>\n<meta property=\"og:locale\" content=\"es_ES\" \/>\n<meta property=\"og:type\" content=\"article\" \/>\n<meta property=\"og:title\" content=\"Modern Dream Theory | Schellhammer Institute\" \/>\n<meta property=\"og:description\" content=\"Unlock the transformative power of dreams with our modern dream theory. Discover truths about relationships, health, business, and life. Unravel your hidden talents, navigate life changes, and explore the depths of your psyche. Dreams serve as a guiding force, revealing the root causes of problems, warning against dangers, and offering insights into personal and professional realms. This groundbreaking theory provides an ethical, psychological, spiritual, and religious foundation for life, illuminating principles of growth for all seekers. Embark on a journey of self-discovery and enlightenment through the profound wisdom of dreams.\" \/>\n<meta property=\"og:url\" content=\"https:\/\/www.schellhammerinstitute.com\/es\/producto\/teoria-moderna-del-sueno\/\" \/>\n<meta property=\"og:site_name\" content=\"Schellhammer Institute\" \/>\n<meta property=\"article:publisher\" content=\"https:\/\/www.facebook.com\/schellhammerinstitute\" \/>\n<meta property=\"article:modified_time\" content=\"2024-01-10T12:34:54+00:00\" \/>\n<meta property=\"og:image\" content=\"https:\/\/www.schellhammerinstitute.com\/wp-content\/uploads\/Modern-Dream-Theory.jpg\" \/>\n\t<meta property=\"og:image:width\" content=\"1000\" \/>\n\t<meta property=\"og:image:height\" content=\"1500\" \/>\n\t<meta property=\"og:image:type\" content=\"image\/jpeg\" \/>\n<meta name=\"twitter:card\" content=\"summary_large_image\" \/>\n<meta name=\"twitter:label1\" content=\"Tiempo de lectura\" \/>\n\t<meta name=\"twitter:data1\" content=\"1 minuto\" \/>\n<script type=\"application\/ld+json\" class=\"yoast-schema-graph\">{\"@context\":\"https:\\\/\\\/schema.org\",\"@graph\":[{\"@type\":\"WebPage\",\"@id\":\"https:\\\/\\\/www.schellhammerinstitute.com\\\/product\\\/modern-dream-theory\\\/\",\"url\":\"https:\\\/\\\/www.schellhammerinstitute.com\\\/product\\\/modern-dream-theory\\\/\",\"name\":\"Modern Dream Theory | Schellhammer Institute\",\"isPartOf\":{\"@id\":\"https:\\\/\\\/www.schellhammerinstitute.com\\\/#website\"},\"primaryImageOfPage\":{\"@id\":\"https:\\\/\\\/www.schellhammerinstitute.com\\\/product\\\/modern-dream-theory\\\/#primaryimage\"},\"image\":{\"@id\":\"https:\\\/\\\/www.schellhammerinstitute.com\\\/product\\\/modern-dream-theory\\\/#primaryimage\"},\"thumbnailUrl\":\"https:\\\/\\\/www.schellhammerinstitute.com\\\/wp-content\\\/uploads\\\/Modern-Dream-Theory.jpg\",\"datePublished\":\"2024-01-10T12:33:04+00:00\",\"dateModified\":\"2024-01-10T12:34:54+00:00\",\"description\":\"Unlock the transformative power of dreams with our modern dream theory. Discover truths about relationships, health, business, and life. Unravel your hidden talents, navigate life changes, and explore the depths of your psyche. Dreams serve as a guiding force, revealing the root causes of problems, warning against dangers, and offering insights into personal and professional realms. This groundbreaking theory provides an ethical, psychological, spiritual, and religious foundation for life, illuminating principles of growth for all seekers. Embark on a journey of self-discovery and enlightenment through the profound wisdom of dreams.\",\"breadcrumb\":{\"@id\":\"https:\\\/\\\/www.schellhammerinstitute.com\\\/product\\\/modern-dream-theory\\\/#breadcrumb\"},\"inLanguage\":\"es\",\"potentialAction\":[{\"@type\":\"ReadAction\",\"target\":[\"https:\\\/\\\/www.schellhammerinstitute.com\\\/product\\\/modern-dream-theory\\\/\"]}]},{\"@type\":\"ImageObject\",\"inLanguage\":\"es\",\"@id\":\"https:\\\/\\\/www.schellhammerinstitute.com\\\/product\\\/modern-dream-theory\\\/#primaryimage\",\"url\":\"https:\\\/\\\/www.schellhammerinstitute.com\\\/wp-content\\\/uploads\\\/Modern-Dream-Theory.jpg\",\"contentUrl\":\"https:\\\/\\\/www.schellhammerinstitute.com\\\/wp-content\\\/uploads\\\/Modern-Dream-Theory.jpg\",\"width\":1000,\"height\":1500},{\"@type\":\"BreadcrumbList\",\"@id\":\"https:\\\/\\\/www.schellhammerinstitute.com\\\/product\\\/modern-dream-theory\\\/#breadcrumb\",\"itemListElement\":[{\"@type\":\"ListItem\",\"position\":1,\"name\":\"Home\",\"item\":\"https:\\\/\\\/www.schellhammerinstitute.com\\\/\"},{\"@type\":\"ListItem\",\"position\":2,\"name\":\"Shop\",\"item\":\"https:\\\/\\\/www.schellhammerinstitute.com\\\/shop\\\/\"},{\"@type\":\"ListItem\",\"position\":3,\"name\":\"Modern Dream Theory\"}]},{\"@type\":\"WebSite\",\"@id\":\"https:\\\/\\\/www.schellhammerinstitute.com\\\/#website\",\"url\":\"https:\\\/\\\/www.schellhammerinstitute.com\\\/\",\"name\":\"Schellhammer Institute\",\"description\":\"We want to change the world for the better\",\"publisher\":{\"@id\":\"https:\\\/\\\/www.schellhammerinstitute.com\\\/#organization\"},\"alternateName\":\"The Schellhamer Institute\",\"potentialAction\":[{\"@type\":\"SearchAction\",\"target\":{\"@type\":\"EntryPoint\",\"urlTemplate\":\"https:\\\/\\\/www.schellhammerinstitute.com\\\/?s={search_term_string}\"},\"query-input\":{\"@type\":\"PropertyValueSpecification\",\"valueRequired\":true,\"valueName\":\"search_term_string\"}}],\"inLanguage\":\"es\"},{\"@type\":\"Organization\",\"@id\":\"https:\\\/\\\/www.schellhammerinstitute.com\\\/#organization\",\"name\":\"Schellhammer Institute\",\"alternateName\":\"Schellhammer Institute\",\"url\":\"https:\\\/\\\/www.schellhammerinstitute.com\\\/\",\"logo\":{\"@type\":\"ImageObject\",\"inLanguage\":\"es\",\"@id\":\"https:\\\/\\\/www.schellhammerinstitute.com\\\/#\\\/schema\\\/logo\\\/image\\\/\",\"url\":\"https:\\\/\\\/www.schellhammerinstitute.com\\\/wp-content\\\/uploads\\\/cropped-4-Photoroom.png\",\"contentUrl\":\"https:\\\/\\\/www.schellhammerinstitute.com\\\/wp-content\\\/uploads\\\/cropped-4-Photoroom.png\",\"width\":902,\"height\":901,\"caption\":\"Schellhammer Institute\"},\"image\":{\"@id\":\"https:\\\/\\\/www.schellhammerinstitute.com\\\/#\\\/schema\\\/logo\\\/image\\\/\"},\"sameAs\":[\"https:\\\/\\\/www.facebook.com\\\/schellhammerinstitute\",\"https:\\\/\\\/www.instagram.com\\\/schellhammerinstitute\",\"https:\\\/\\\/www.linkedin.com\\\/company\\\/schellhammerinstitute\"]}]}<\/script>\n<!-- \/ Yoast SEO plugin. -->","yoast_head_json":{"title":"Modern Dream Theory | Schellhammer Institute","description":"Desbloquee el poder transformador de los sue\u00f1os con nuestra moderna teor\u00eda de los sue\u00f1os. Descubra verdades sobre las relaciones, la salud, los negocios y la vida. Desvele sus talentos ocultos, navegue por los cambios vitales y explore las profundidades de su psique. Los sue\u00f1os sirven de gu\u00eda, revelan las causas profundas de los problemas, advierten de los peligros y ofrecen una visi\u00f3n de los \u00e1mbitos personal y profesional. Esta teor\u00eda innovadora proporciona una base \u00e9tica, psicol\u00f3gica, espiritual y religiosa para la vida, iluminando principios de crecimiento para todos los buscadores. Emb\u00e1rquese en un viaje de autodescubrimiento e iluminaci\u00f3n a trav\u00e9s de la profunda sabidur\u00eda de los sue\u00f1os.","robots":{"index":"index","follow":"follow","max-snippet":"max-snippet:-1","max-image-preview":"max-image-preview:large","max-video-preview":"max-video-preview:-1"},"canonical":"https:\/\/www.schellhammerinstitute.com\/es\/producto\/teoria-moderna-del-sueno\/","og_locale":"es_ES","og_type":"article","og_title":"Modern Dream Theory | Schellhammer Institute","og_description":"Unlock the transformative power of dreams with our modern dream theory. Discover truths about relationships, health, business, and life. Unravel your hidden talents, navigate life changes, and explore the depths of your psyche. Dreams serve as a guiding force, revealing the root causes of problems, warning against dangers, and offering insights into personal and professional realms. This groundbreaking theory provides an ethical, psychological, spiritual, and religious foundation for life, illuminating principles of growth for all seekers. Embark on a journey of self-discovery and enlightenment through the profound wisdom of dreams.","og_url":"https:\/\/www.schellhammerinstitute.com\/es\/producto\/teoria-moderna-del-sueno\/","og_site_name":"Schellhammer Institute","article_publisher":"https:\/\/www.facebook.com\/schellhammerinstitute","article_modified_time":"2024-01-10T12:34:54+00:00","og_image":[{"width":1000,"height":1500,"url":"https:\/\/www.schellhammerinstitute.com\/wp-content\/uploads\/Modern-Dream-Theory.jpg","type":"image\/jpeg"}],"twitter_card":"summary_large_image","twitter_misc":{"Tiempo de lectura":"1 minuto"},"schema":{"@context":"https:\/\/schema.org","@graph":[{"@type":"WebPage","@id":"https:\/\/www.schellhammerinstitute.com\/product\/modern-dream-theory\/","url":"https:\/\/www.schellhammerinstitute.com\/product\/modern-dream-theory\/","name":"Modern Dream Theory | Schellhammer Institute","isPartOf":{"@id":"https:\/\/www.schellhammerinstitute.com\/#website"},"primaryImageOfPage":{"@id":"https:\/\/www.schellhammerinstitute.com\/product\/modern-dream-theory\/#primaryimage"},"image":{"@id":"https:\/\/www.schellhammerinstitute.com\/product\/modern-dream-theory\/#primaryimage"},"thumbnailUrl":"https:\/\/www.schellhammerinstitute.com\/wp-content\/uploads\/Modern-Dream-Theory.jpg","datePublished":"2024-01-10T12:33:04+00:00","dateModified":"2024-01-10T12:34:54+00:00","description":"Desbloquee el poder transformador de los sue\u00f1os con nuestra moderna teor\u00eda de los sue\u00f1os. Descubra verdades sobre las relaciones, la salud, los negocios y la vida. Desvele sus talentos ocultos, navegue por los cambios vitales y explore las profundidades de su psique. Los sue\u00f1os sirven de gu\u00eda, revelan las causas profundas de los problemas, advierten de los peligros y ofrecen una visi\u00f3n de los \u00e1mbitos personal y profesional. Esta teor\u00eda innovadora proporciona una base \u00e9tica, psicol\u00f3gica, espiritual y religiosa para la vida, iluminando principios de crecimiento para todos los buscadores. Emb\u00e1rquese en un viaje de autodescubrimiento e iluminaci\u00f3n a trav\u00e9s de la profunda sabidur\u00eda de los sue\u00f1os.","breadcrumb":{"@id":"https:\/\/www.schellhammerinstitute.com\/product\/modern-dream-theory\/#breadcrumb"},"inLanguage":"es","potentialAction":[{"@type":"ReadAction","target":["https:\/\/www.schellhammerinstitute.com\/product\/modern-dream-theory\/"]}]},{"@type":"ImageObject","inLanguage":"es","@id":"https:\/\/www.schellhammerinstitute.com\/product\/modern-dream-theory\/#primaryimage","url":"https:\/\/www.schellhammerinstitute.com\/wp-content\/uploads\/Modern-Dream-Theory.jpg","contentUrl":"https:\/\/www.schellhammerinstitute.com\/wp-content\/uploads\/Modern-Dream-Theory.jpg","width":1000,"height":1500},{"@type":"BreadcrumbList","@id":"https:\/\/www.schellhammerinstitute.com\/product\/modern-dream-theory\/#breadcrumb","itemListElement":[{"@type":"ListItem","position":1,"name":"Home","item":"https:\/\/www.schellhammerinstitute.com\/"},{"@type":"ListItem","position":2,"name":"Shop","item":"https:\/\/www.schellhammerinstitute.com\/shop\/"},{"@type":"ListItem","position":3,"name":"Modern Dream Theory"}]},{"@type":"WebSite","@id":"https:\/\/www.schellhammerinstitute.com\/#website","url":"https:\/\/www.schellhammerinstitute.com\/","name":"Instituci\u00f3n Schellhammer","description":"Queremos cambiar el mundo a mejor","publisher":{"@id":"https:\/\/www.schellhammerinstitute.com\/#organization"},"alternateName":"The Schellhamer Institute","potentialAction":[{"@type":"SearchAction","target":{"@type":"EntryPoint","urlTemplate":"https:\/\/www.schellhammerinstitute.com\/?s={search_term_string}"},"query-input":{"@type":"PropertyValueSpecification","valueRequired":true,"valueName":"search_term_string"}}],"inLanguage":"es"},{"@type":"Organization","@id":"https:\/\/www.schellhammerinstitute.com\/#organization","name":"Instituci\u00f3n Schellhammer","alternateName":"Schellhammer Institute","url":"https:\/\/www.schellhammerinstitute.com\/","logo":{"@type":"ImageObject","inLanguage":"es","@id":"https:\/\/www.schellhammerinstitute.com\/#\/schema\/logo\/image\/","url":"https:\/\/www.schellhammerinstitute.com\/wp-content\/uploads\/cropped-4-Photoroom.png","contentUrl":"https:\/\/www.schellhammerinstitute.com\/wp-content\/uploads\/cropped-4-Photoroom.png","width":902,"height":901,"caption":"Schellhammer Institute"},"image":{"@id":"https:\/\/www.schellhammerinstitute.com\/#\/schema\/logo\/image\/"},"sameAs":["https:\/\/www.facebook.com\/schellhammerinstitute","https:\/\/www.instagram.com\/schellhammerinstitute","https:\/\/www.linkedin.com\/company\/schellhammerinstitute"]}]}},"jetpack_sharing_enabled":true,"_links":{"self":[{"href":"https:\/\/www.schellhammerinstitute.com\/es\/wp-json\/wp\/v2\/product\/13879","targetHints":{"allow":["GET"]}}],"collection":[{"href":"https:\/\/www.schellhammerinstitute.com\/es\/wp-json\/wp\/v2\/product"}],"about":[{"href":"https:\/\/www.schellhammerinstitute.com\/es\/wp-json\/wp\/v2\/types\/product"}],"replies":[{"embeddable":true,"href":"https:\/\/www.schellhammerinstitute.com\/es\/wp-json\/wp\/v2\/comments?post=13879"}],"version-history":[{"count":0,"href":"https:\/\/www.schellhammerinstitute.com\/es\/wp-json\/wp\/v2\/product\/13879\/revisions"}],"wp:featuredmedia":[{"embeddable":true,"href":"https:\/\/www.schellhammerinstitute.com\/es\/wp-json\/wp\/v2\/media\/13881"}],"wp:attachment":[{"href":"https:\/\/www.schellhammerinstitute.com\/es\/wp-json\/wp\/v2\/media?parent=13879"}],"wp:term":[{"taxonomy":"product_brand","embeddable":true,"href":"https:\/\/www.schellhammerinstitute.com\/es\/wp-json\/wp\/v2\/product_brand?post=13879"},{"taxonomy":"product_cat","embeddable":true,"href":"https:\/\/www.schellhammerinstitute.com\/es\/wp-json\/wp\/v2\/product_cat?post=13879"},{"taxonomy":"product_tag","embeddable":true,"href":"https:\/\/www.schellhammerinstitute.com\/es\/wp-json\/wp\/v2\/product_tag?post=13879"}],"curies":[{"name":"wp","href":"https:\/\/api.w.org\/{rel}","templated":true}]}}