{"id":13876,"date":"2024-01-10T11:45:28","date_gmt":"2024-01-10T11:45:28","guid":{"rendered":"https:\/\/www.schellhammerinstitute.com\/?post_type=product&#038;p=13876"},"modified":"2024-01-10T11:45:29","modified_gmt":"2024-01-10T11:45:29","slug":"economia-iii-macroeconomia-para-una-hoja-de-ruta-sostenible","status":"publish","type":"product","link":"https:\/\/www.schellhammerinstitute.com\/es\/producto\/economia-iii-macroeconomia-para-una-hoja-de-ruta-sostenible\/","title":{"rendered":"Econom\u00eda III: Macroeconom\u00eda para una hoja de ruta sostenible"},"content":{"rendered":"","protected":false},"excerpt":{"rendered":"<p>\u00a1La \"Trilog\u00eda de la Econom\u00eda\" desvela la mayor estafa de la historia!<br \/>\nUn an\u00e1lisis cr\u00edtico del n\u00facleo m\u00e1s profundo de las teor\u00edas econ\u00f3micas establecidas que se predican en la mayor\u00eda de las escuelas de negocios, facultades y universidades de todo el mundo.<\/p>\n<p>Desde la econom\u00eda neocl\u00e1sica hasta las dimensiones subyacentes m\u00e1s profundas de la vida y las realidades empresariales, el Dr. Schellhammer profundiza en los principios econ\u00f3micos, las f\u00f3rmulas y las teor\u00edas cient\u00edficas con nanoprecisi\u00f3n y un diagn\u00f3stico sin ambages.<\/p>\n<p>Ya sea usted estudiante, profesor, empresario, desempleado o en ascenso, empresario independiente o director general de una multinacional, los conocimientos sobre el mundo de la econom\u00eda que ofrece la \"Trilog\u00eda de la econom\u00eda\" no tienen precio.<\/p>\n<p>Se trata de una lectura obligada para cualquier estudiante de empresariales, profesor universitario o ciudadano del mundo que quiera comprender el mundo en que vivimos hoy y hacia d\u00f3nde se dirige nuestro planeta ma\u00f1ana si no se integra urgentemente una nueva comprensi\u00f3n de la econom\u00eda en la pol\u00edtica, la educaci\u00f3n y, en \u00faltima instancia, en los negocios del mundo.<\/p>","protected":false},"featured_media":13704,"comment_status":"closed","ping_status":"closed","template":"","meta":{"saved_in_kubio":false},"product_brand":[],"product_cat":[295,292],"product_tag":[],"class_list":{"0":"post-13876","1":"product","2":"type-product","3":"status-publish","4":"has-post-thumbnail","6":"product_cat-economics","7":"product_cat-english-books","9":"first","10":"instock","11":"shipping-taxable","12":"purchasable","13":"product-type-simple"},"yoast_head":"<!-- This site is optimized with the Yoast SEO plugin v27.3 - https:\/\/yoast.com\/product\/yoast-seo-wordpress\/ -->\n<title>Economics III: Macroeconomics for a Sustainable Roadmap | Schellhammer Institute<\/title>\n<meta name=\"description\" content=\"Uncover the biggest scam in history with Dr. Schellhammer&#039;s &quot;Trilogy on Economics.&quot; A critical analysis of established economic theories, offering invaluable insights for students, professors, business owners, and global citizens seeking to understand and shape the future of our world.\" \/>\n<meta name=\"robots\" content=\"index, follow, max-snippet:-1, max-image-preview:large, max-video-preview:-1\" \/>\n<link rel=\"canonical\" href=\"https:\/\/www.schellhammerinstitute.com\/es\/producto\/economia-iii-macroeconomia-para-una-hoja-de-ruta-sostenible\/\" \/>\n<meta property=\"og:locale\" content=\"es_ES\" \/>\n<meta property=\"og:type\" content=\"article\" \/>\n<meta property=\"og:title\" content=\"Economics III: Macroeconomics for a Sustainable Roadmap | Schellhammer Institute\" \/>\n<meta property=\"og:description\" content=\"Uncover the biggest scam in history with Dr. Schellhammer&#039;s &quot;Trilogy on Economics.&quot; A critical analysis of established economic theories, offering invaluable insights for students, professors, business owners, and global citizens seeking to understand and shape the future of our world.\" \/>\n<meta property=\"og:url\" content=\"https:\/\/www.schellhammerinstitute.com\/es\/producto\/economia-iii-macroeconomia-para-una-hoja-de-ruta-sostenible\/\" \/>\n<meta property=\"og:site_name\" content=\"Schellhammer Institute\" \/>\n<meta property=\"article:publisher\" content=\"https:\/\/www.facebook.com\/schellhammerinstitute\" \/>\n<meta property=\"article:modified_time\" content=\"2024-01-10T11:45:29+00:00\" \/>\n<meta property=\"og:image\" content=\"https:\/\/www.schellhammerinstitute.com\/wp-content\/uploads\/Economics-3-Book-Cover.jpg\" \/>\n\t<meta property=\"og:image:width\" content=\"311\" \/>\n\t<meta property=\"og:image:height\" content=\"466\" \/>\n\t<meta property=\"og:image:type\" content=\"image\/jpeg\" \/>\n<meta name=\"twitter:card\" content=\"summary_large_image\" \/>\n<meta name=\"twitter:label1\" content=\"Tiempo de lectura\" \/>\n\t<meta name=\"twitter:data1\" content=\"1 minuto\" \/>\n<script type=\"application\/ld+json\" class=\"yoast-schema-graph\">{\"@context\":\"https:\\\/\\\/schema.org\",\"@graph\":[{\"@type\":\"WebPage\",\"@id\":\"https:\\\/\\\/www.schellhammerinstitute.com\\\/product\\\/economics-iii-macroeconomics-for-a-sustainable-roadmap\\\/\",\"url\":\"https:\\\/\\\/www.schellhammerinstitute.com\\\/product\\\/economics-iii-macroeconomics-for-a-sustainable-roadmap\\\/\",\"name\":\"Economics III: Macroeconomics for a Sustainable Roadmap | Schellhammer Institute\",\"isPartOf\":{\"@id\":\"https:\\\/\\\/www.schellhammerinstitute.com\\\/#website\"},\"primaryImageOfPage\":{\"@id\":\"https:\\\/\\\/www.schellhammerinstitute.com\\\/product\\\/economics-iii-macroeconomics-for-a-sustainable-roadmap\\\/#primaryimage\"},\"image\":{\"@id\":\"https:\\\/\\\/www.schellhammerinstitute.com\\\/product\\\/economics-iii-macroeconomics-for-a-sustainable-roadmap\\\/#primaryimage\"},\"thumbnailUrl\":\"https:\\\/\\\/www.schellhammerinstitute.com\\\/wp-content\\\/uploads\\\/Economics-3-Book-Cover.jpg\",\"datePublished\":\"2024-01-10T11:45:28+00:00\",\"dateModified\":\"2024-01-10T11:45:29+00:00\",\"description\":\"Uncover the biggest scam in history with Dr. Schellhammer's \\\"Trilogy on Economics.\\\" A critical analysis of established economic theories, offering invaluable insights for students, professors, business owners, and global citizens seeking to understand and shape the future of our world.\",\"breadcrumb\":{\"@id\":\"https:\\\/\\\/www.schellhammerinstitute.com\\\/product\\\/economics-iii-macroeconomics-for-a-sustainable-roadmap\\\/#breadcrumb\"},\"inLanguage\":\"es\",\"potentialAction\":[{\"@type\":\"ReadAction\",\"target\":[\"https:\\\/\\\/www.schellhammerinstitute.com\\\/product\\\/economics-iii-macroeconomics-for-a-sustainable-roadmap\\\/\"]}]},{\"@type\":\"ImageObject\",\"inLanguage\":\"es\",\"@id\":\"https:\\\/\\\/www.schellhammerinstitute.com\\\/product\\\/economics-iii-macroeconomics-for-a-sustainable-roadmap\\\/#primaryimage\",\"url\":\"https:\\\/\\\/www.schellhammerinstitute.com\\\/wp-content\\\/uploads\\\/Economics-3-Book-Cover.jpg\",\"contentUrl\":\"https:\\\/\\\/www.schellhammerinstitute.com\\\/wp-content\\\/uploads\\\/Economics-3-Book-Cover.jpg\",\"width\":311,\"height\":466,\"caption\":\"The \\\"Trilogy on Economics\\\" unveiling the biggest scam in history! A critical analysis to the deepest core of the established economic theories as preached by most business schools, colleges and universities around the globe. From the neo-classical economics to the underlying deeper dimensions of life and business realities, Dr. Schellhammer delves into the economic principles, formulas and scientific theories with Nano-precision and unbarred diagnosis. Whether you are a student, professor, business owner, unemployed or climbing the career ladder, a self made entrepeneur or corporate CEO of a multinational, the insights into the world of Economics in the \\\"Trilogy of Economics\\\" are priceless. This is a must read for any business school student, university professor, or global citizen that wants to understand the world we live in today and where our planet is heading tomorrow if a new understanding of economics is not urgently integrated into politics, education and ultimately the business of the world.\"},{\"@type\":\"BreadcrumbList\",\"@id\":\"https:\\\/\\\/www.schellhammerinstitute.com\\\/product\\\/economics-iii-macroeconomics-for-a-sustainable-roadmap\\\/#breadcrumb\",\"itemListElement\":[{\"@type\":\"ListItem\",\"position\":1,\"name\":\"Home\",\"item\":\"https:\\\/\\\/www.schellhammerinstitute.com\\\/\"},{\"@type\":\"ListItem\",\"position\":2,\"name\":\"Shop\",\"item\":\"https:\\\/\\\/www.schellhammerinstitute.com\\\/shop\\\/\"},{\"@type\":\"ListItem\",\"position\":3,\"name\":\"Economics III: Macroeconomics for a Sustainable Roadmap\"}]},{\"@type\":\"WebSite\",\"@id\":\"https:\\\/\\\/www.schellhammerinstitute.com\\\/#website\",\"url\":\"https:\\\/\\\/www.schellhammerinstitute.com\\\/\",\"name\":\"Schellhammer Institute\",\"description\":\"We want to change the world for the better\",\"publisher\":{\"@id\":\"https:\\\/\\\/www.schellhammerinstitute.com\\\/#organization\"},\"alternateName\":\"The Schellhamer Institute\",\"potentialAction\":[{\"@type\":\"SearchAction\",\"target\":{\"@type\":\"EntryPoint\",\"urlTemplate\":\"https:\\\/\\\/www.schellhammerinstitute.com\\\/?s={search_term_string}\"},\"query-input\":{\"@type\":\"PropertyValueSpecification\",\"valueRequired\":true,\"valueName\":\"search_term_string\"}}],\"inLanguage\":\"es\"},{\"@type\":\"Organization\",\"@id\":\"https:\\\/\\\/www.schellhammerinstitute.com\\\/#organization\",\"name\":\"Schellhammer Institute\",\"alternateName\":\"Schellhammer Institute\",\"url\":\"https:\\\/\\\/www.schellhammerinstitute.com\\\/\",\"logo\":{\"@type\":\"ImageObject\",\"inLanguage\":\"es\",\"@id\":\"https:\\\/\\\/www.schellhammerinstitute.com\\\/#\\\/schema\\\/logo\\\/image\\\/\",\"url\":\"https:\\\/\\\/www.schellhammerinstitute.com\\\/wp-content\\\/uploads\\\/cropped-4-Photoroom.png\",\"contentUrl\":\"https:\\\/\\\/www.schellhammerinstitute.com\\\/wp-content\\\/uploads\\\/cropped-4-Photoroom.png\",\"width\":902,\"height\":901,\"caption\":\"Schellhammer Institute\"},\"image\":{\"@id\":\"https:\\\/\\\/www.schellhammerinstitute.com\\\/#\\\/schema\\\/logo\\\/image\\\/\"},\"sameAs\":[\"https:\\\/\\\/www.facebook.com\\\/schellhammerinstitute\",\"https:\\\/\\\/www.instagram.com\\\/schellhammerinstitute\",\"https:\\\/\\\/www.linkedin.com\\\/company\\\/schellhammerinstitute\"]}]}<\/script>\n<!-- \/ Yoast SEO plugin. -->","yoast_head_json":{"title":"Economics III: Macroeconomics for a Sustainable Roadmap | Schellhammer Institute","description":"Descubra la mayor estafa de la historia con la \"Trilog\u00eda sobre econom\u00eda\" del Dr. Schellhammer. Un an\u00e1lisis cr\u00edtico de las teor\u00edas econ\u00f3micas establecidas, que ofrece valiosas ideas para estudiantes, profesores, empresarios y ciudadanos globales que buscan comprender y dar forma al futuro de nuestro mundo.","robots":{"index":"index","follow":"follow","max-snippet":"max-snippet:-1","max-image-preview":"max-image-preview:large","max-video-preview":"max-video-preview:-1"},"canonical":"https:\/\/www.schellhammerinstitute.com\/es\/producto\/economia-iii-macroeconomia-para-una-hoja-de-ruta-sostenible\/","og_locale":"es_ES","og_type":"article","og_title":"Economics III: Macroeconomics for a Sustainable Roadmap | Schellhammer Institute","og_description":"Uncover the biggest scam in history with Dr. Schellhammer's \"Trilogy on Economics.\" A critical analysis of established economic theories, offering invaluable insights for students, professors, business owners, and global citizens seeking to understand and shape the future of our world.","og_url":"https:\/\/www.schellhammerinstitute.com\/es\/producto\/economia-iii-macroeconomia-para-una-hoja-de-ruta-sostenible\/","og_site_name":"Schellhammer Institute","article_publisher":"https:\/\/www.facebook.com\/schellhammerinstitute","article_modified_time":"2024-01-10T11:45:29+00:00","og_image":[{"width":311,"height":466,"url":"https:\/\/www.schellhammerinstitute.com\/wp-content\/uploads\/Economics-3-Book-Cover.jpg","type":"image\/jpeg"}],"twitter_card":"summary_large_image","twitter_misc":{"Tiempo de lectura":"1 minuto"},"schema":{"@context":"https:\/\/schema.org","@graph":[{"@type":"WebPage","@id":"https:\/\/www.schellhammerinstitute.com\/product\/economics-iii-macroeconomics-for-a-sustainable-roadmap\/","url":"https:\/\/www.schellhammerinstitute.com\/product\/economics-iii-macroeconomics-for-a-sustainable-roadmap\/","name":"Economics III: Macroeconomics for a Sustainable Roadmap | Schellhammer Institute","isPartOf":{"@id":"https:\/\/www.schellhammerinstitute.com\/#website"},"primaryImageOfPage":{"@id":"https:\/\/www.schellhammerinstitute.com\/product\/economics-iii-macroeconomics-for-a-sustainable-roadmap\/#primaryimage"},"image":{"@id":"https:\/\/www.schellhammerinstitute.com\/product\/economics-iii-macroeconomics-for-a-sustainable-roadmap\/#primaryimage"},"thumbnailUrl":"https:\/\/www.schellhammerinstitute.com\/wp-content\/uploads\/Economics-3-Book-Cover.jpg","datePublished":"2024-01-10T11:45:28+00:00","dateModified":"2024-01-10T11:45:29+00:00","description":"Descubra la mayor estafa de la historia con la \"Trilog\u00eda sobre econom\u00eda\" del Dr. Schellhammer. Un an\u00e1lisis cr\u00edtico de las teor\u00edas econ\u00f3micas establecidas, que ofrece valiosas ideas para estudiantes, profesores, empresarios y ciudadanos globales que buscan comprender y dar forma al futuro de nuestro mundo.","breadcrumb":{"@id":"https:\/\/www.schellhammerinstitute.com\/product\/economics-iii-macroeconomics-for-a-sustainable-roadmap\/#breadcrumb"},"inLanguage":"es","potentialAction":[{"@type":"ReadAction","target":["https:\/\/www.schellhammerinstitute.com\/product\/economics-iii-macroeconomics-for-a-sustainable-roadmap\/"]}]},{"@type":"ImageObject","inLanguage":"es","@id":"https:\/\/www.schellhammerinstitute.com\/product\/economics-iii-macroeconomics-for-a-sustainable-roadmap\/#primaryimage","url":"https:\/\/www.schellhammerinstitute.com\/wp-content\/uploads\/Economics-3-Book-Cover.jpg","contentUrl":"https:\/\/www.schellhammerinstitute.com\/wp-content\/uploads\/Economics-3-Book-Cover.jpg","width":311,"height":466,"caption":"The \"Trilogy on Economics\" unveiling the biggest scam in history! A critical analysis to the deepest core of the established economic theories as preached by most business schools, colleges and universities around the globe. From the neo-classical economics to the underlying deeper dimensions of life and business realities, Dr. Schellhammer delves into the economic principles, formulas and scientific theories with Nano-precision and unbarred diagnosis. Whether you are a student, professor, business owner, unemployed or climbing the career ladder, a self made entrepeneur or corporate CEO of a multinational, the insights into the world of Economics in the \"Trilogy of Economics\" are priceless. This is a must read for any business school student, university professor, or global citizen that wants to understand the world we live in today and where our planet is heading tomorrow if a new understanding of economics is not urgently integrated into politics, education and ultimately the business of the world."},{"@type":"BreadcrumbList","@id":"https:\/\/www.schellhammerinstitute.com\/product\/economics-iii-macroeconomics-for-a-sustainable-roadmap\/#breadcrumb","itemListElement":[{"@type":"ListItem","position":1,"name":"Home","item":"https:\/\/www.schellhammerinstitute.com\/"},{"@type":"ListItem","position":2,"name":"Shop","item":"https:\/\/www.schellhammerinstitute.com\/shop\/"},{"@type":"ListItem","position":3,"name":"Economics III: Macroeconomics for a Sustainable Roadmap"}]},{"@type":"WebSite","@id":"https:\/\/www.schellhammerinstitute.com\/#website","url":"https:\/\/www.schellhammerinstitute.com\/","name":"Instituci\u00f3n Schellhammer","description":"Queremos cambiar el mundo a mejor","publisher":{"@id":"https:\/\/www.schellhammerinstitute.com\/#organization"},"alternateName":"The Schellhamer Institute","potentialAction":[{"@type":"SearchAction","target":{"@type":"EntryPoint","urlTemplate":"https:\/\/www.schellhammerinstitute.com\/?s={search_term_string}"},"query-input":{"@type":"PropertyValueSpecification","valueRequired":true,"valueName":"search_term_string"}}],"inLanguage":"es"},{"@type":"Organization","@id":"https:\/\/www.schellhammerinstitute.com\/#organization","name":"Instituci\u00f3n Schellhammer","alternateName":"Schellhammer Institute","url":"https:\/\/www.schellhammerinstitute.com\/","logo":{"@type":"ImageObject","inLanguage":"es","@id":"https:\/\/www.schellhammerinstitute.com\/#\/schema\/logo\/image\/","url":"https:\/\/www.schellhammerinstitute.com\/wp-content\/uploads\/cropped-4-Photoroom.png","contentUrl":"https:\/\/www.schellhammerinstitute.com\/wp-content\/uploads\/cropped-4-Photoroom.png","width":902,"height":901,"caption":"Schellhammer Institute"},"image":{"@id":"https:\/\/www.schellhammerinstitute.com\/#\/schema\/logo\/image\/"},"sameAs":["https:\/\/www.facebook.com\/schellhammerinstitute","https:\/\/www.instagram.com\/schellhammerinstitute","https:\/\/www.linkedin.com\/company\/schellhammerinstitute"]}]}},"jetpack_sharing_enabled":true,"_links":{"self":[{"href":"https:\/\/www.schellhammerinstitute.com\/es\/wp-json\/wp\/v2\/product\/13876","targetHints":{"allow":["GET"]}}],"collection":[{"href":"https:\/\/www.schellhammerinstitute.com\/es\/wp-json\/wp\/v2\/product"}],"about":[{"href":"https:\/\/www.schellhammerinstitute.com\/es\/wp-json\/wp\/v2\/types\/product"}],"replies":[{"embeddable":true,"href":"https:\/\/www.schellhammerinstitute.com\/es\/wp-json\/wp\/v2\/comments?post=13876"}],"version-history":[{"count":1,"href":"https:\/\/www.schellhammerinstitute.com\/es\/wp-json\/wp\/v2\/product\/13876\/revisions"}],"predecessor-version":[{"id":13878,"href":"https:\/\/www.schellhammerinstitute.com\/es\/wp-json\/wp\/v2\/product\/13876\/revisions\/13878"}],"wp:featuredmedia":[{"embeddable":true,"href":"https:\/\/www.schellhammerinstitute.com\/es\/wp-json\/wp\/v2\/media\/13704"}],"wp:attachment":[{"href":"https:\/\/www.schellhammerinstitute.com\/es\/wp-json\/wp\/v2\/media?parent=13876"}],"wp:term":[{"taxonomy":"product_brand","embeddable":true,"href":"https:\/\/www.schellhammerinstitute.com\/es\/wp-json\/wp\/v2\/product_brand?post=13876"},{"taxonomy":"product_cat","embeddable":true,"href":"https:\/\/www.schellhammerinstitute.com\/es\/wp-json\/wp\/v2\/product_cat?post=13876"},{"taxonomy":"product_tag","embeddable":true,"href":"https:\/\/www.schellhammerinstitute.com\/es\/wp-json\/wp\/v2\/product_tag?post=13876"}],"curies":[{"name":"wp","href":"https:\/\/api.w.org\/{rel}","templated":true}]}}