{"id":13862,"date":"2024-01-10T10:37:51","date_gmt":"2024-01-10T10:37:51","guid":{"rendered":"https:\/\/www.schellhammerinstitute.com\/?post_type=product&#038;p=13862"},"modified":"2024-01-10T11:00:52","modified_gmt":"2024-01-10T11:00:52","slug":"politica-un-analisis-sin-tapujos-de-la-locura-politica-2","status":"publish","type":"product","link":"https:\/\/www.schellhammerinstitute.com\/es\/producto\/politica-un-analisis-sin-tapujos-de-la-locura-politica-2\/","title":{"rendered":"Pol\u00edtica: Un an\u00e1lisis sin tapujos de la locura pol\u00edtica"},"content":{"rendered":"","protected":false},"excerpt":{"rendered":"<p>La mayor\u00eda de los pol\u00edticos son incompetentes, ignorantes y arrogantes. Los pol\u00edticos han fracasado en la consecuci\u00f3n de la paz, en la eliminaci\u00f3n de la causa fundamental de la guerra, en la creaci\u00f3n del equilibrio econ\u00f3mico y en la promoci\u00f3n de la evoluci\u00f3n humana. No han conseguido m\u00e1s que fracasar en democracia, reglamentos, constituciones, cultura, relaciones internacionales, educaci\u00f3n, nivel de vida, valores de derechos humanos y \u00e9tica. El potencial humano est\u00e1 siendo ignorado e incluso suprimido para que los pol\u00edticos puedan continuar en su psicosis y codicia. Este libro explica por qu\u00e9 se han producido estos fracasos y ofrece soluciones a estos problemas.<\/p>","protected":false},"featured_media":13710,"comment_status":"closed","ping_status":"closed","template":"","meta":{"saved_in_kubio":false},"product_brand":[],"product_cat":[292,291],"product_tag":[],"class_list":{"0":"post-13862","1":"product","2":"type-product","3":"status-publish","4":"has-post-thumbnail","6":"product_cat-english-books","7":"product_cat-politics","9":"first","10":"instock","11":"shipping-taxable","12":"purchasable","13":"product-type-simple"},"yoast_head":"<!-- This site is optimized with the Yoast SEO plugin v27.3 - https:\/\/yoast.com\/product\/yoast-seo-wordpress\/ -->\n<title>Politics: A No Holds-Bard Analysis of Political Madness | Schellhammer Institute<\/title>\n<meta name=\"description\" content=\"The majority of politicians are incompetent, ignorant, and arrogant. They have achieved nothing but failure in democracy, regulations, constitutions, culture, international relations, education, the standard of living, human rights values, and ethics. Human potential is being ignored and even suppressed so that politicians can continue in their greed. Discover why these failures have occurred and offers solutions to these problems.\" \/>\n<meta name=\"robots\" content=\"index, follow, max-snippet:-1, max-image-preview:large, max-video-preview:-1\" \/>\n<link rel=\"canonical\" href=\"https:\/\/www.schellhammerinstitute.com\/es\/producto\/politica-un-analisis-sin-tapujos-de-la-locura-politica-2\/\" \/>\n<meta property=\"og:locale\" content=\"es_ES\" \/>\n<meta property=\"og:type\" content=\"article\" \/>\n<meta property=\"og:title\" content=\"Politics: A No Holds-Bard Analysis of Political Madness | Schellhammer Institute\" \/>\n<meta property=\"og:description\" content=\"The majority of politicians are incompetent, ignorant, and arrogant. They have achieved nothing but failure in democracy, regulations, constitutions, culture, international relations, education, the standard of living, human rights values, and ethics. Human potential is being ignored and even suppressed so that politicians can continue in their greed. Discover why these failures have occurred and offers solutions to these problems.\" \/>\n<meta property=\"og:url\" content=\"https:\/\/www.schellhammerinstitute.com\/es\/producto\/politica-un-analisis-sin-tapujos-de-la-locura-politica-2\/\" \/>\n<meta property=\"og:site_name\" content=\"Schellhammer Institute\" \/>\n<meta property=\"article:publisher\" content=\"https:\/\/www.facebook.com\/schellhammerinstitute\" \/>\n<meta property=\"article:modified_time\" content=\"2024-01-10T11:00:52+00:00\" \/>\n<meta property=\"og:image\" content=\"https:\/\/www.schellhammerinstitute.com\/wp-content\/uploads\/Politics-Book-Cover.jpg\" \/>\n\t<meta property=\"og:image:width\" content=\"311\" \/>\n\t<meta property=\"og:image:height\" content=\"466\" \/>\n\t<meta property=\"og:image:type\" content=\"image\/jpeg\" \/>\n<meta name=\"twitter:card\" content=\"summary_large_image\" \/>\n<meta name=\"twitter:label1\" content=\"Tiempo de lectura\" \/>\n\t<meta name=\"twitter:data1\" content=\"1 minuto\" \/>\n<script type=\"application\/ld+json\" class=\"yoast-schema-graph\">{\"@context\":\"https:\\\/\\\/schema.org\",\"@graph\":[{\"@type\":\"WebPage\",\"@id\":\"https:\\\/\\\/www.schellhammerinstitute.com\\\/product\\\/politics-a-no-holds-bard-analysis-of-political-madness\\\/\",\"url\":\"https:\\\/\\\/www.schellhammerinstitute.com\\\/product\\\/politics-a-no-holds-bard-analysis-of-political-madness\\\/\",\"name\":\"Politics: A No Holds-Bard Analysis of Political Madness | Schellhammer Institute\",\"isPartOf\":{\"@id\":\"https:\\\/\\\/www.schellhammerinstitute.com\\\/#website\"},\"primaryImageOfPage\":{\"@id\":\"https:\\\/\\\/www.schellhammerinstitute.com\\\/product\\\/politics-a-no-holds-bard-analysis-of-political-madness\\\/#primaryimage\"},\"image\":{\"@id\":\"https:\\\/\\\/www.schellhammerinstitute.com\\\/product\\\/politics-a-no-holds-bard-analysis-of-political-madness\\\/#primaryimage\"},\"thumbnailUrl\":\"https:\\\/\\\/www.schellhammerinstitute.com\\\/wp-content\\\/uploads\\\/Politics-Book-Cover.jpg\",\"datePublished\":\"2024-01-10T10:37:51+00:00\",\"dateModified\":\"2024-01-10T11:00:52+00:00\",\"description\":\"The majority of politicians are incompetent, ignorant, and arrogant. They have achieved nothing but failure in democracy, regulations, constitutions, culture, international relations, education, the standard of living, human rights values, and ethics. Human potential is being ignored and even suppressed so that politicians can continue in their greed. Discover why these failures have occurred and offers solutions to these problems.\",\"breadcrumb\":{\"@id\":\"https:\\\/\\\/www.schellhammerinstitute.com\\\/product\\\/politics-a-no-holds-bard-analysis-of-political-madness\\\/#breadcrumb\"},\"inLanguage\":\"es\",\"potentialAction\":[{\"@type\":\"ReadAction\",\"target\":[\"https:\\\/\\\/www.schellhammerinstitute.com\\\/product\\\/politics-a-no-holds-bard-analysis-of-political-madness\\\/\"]}]},{\"@type\":\"ImageObject\",\"inLanguage\":\"es\",\"@id\":\"https:\\\/\\\/www.schellhammerinstitute.com\\\/product\\\/politics-a-no-holds-bard-analysis-of-political-madness\\\/#primaryimage\",\"url\":\"https:\\\/\\\/www.schellhammerinstitute.com\\\/wp-content\\\/uploads\\\/Politics-Book-Cover.jpg\",\"contentUrl\":\"https:\\\/\\\/www.schellhammerinstitute.com\\\/wp-content\\\/uploads\\\/Politics-Book-Cover.jpg\",\"width\":311,\"height\":466,\"caption\":\"The Majority of politicians are incompetent, ignorant, and arrogant. Politics has failed in achieving peace, eliminating the root cause of war, creating economic balance, and promoting human evolution. They have achieved nothing but failure in democracy, regulations, constitutions, culture, international relations, education, the standard of living, human rights values, and ethics. The human potential is being ignored and even suppressed so that politicians can continue in their psychosis and greed.\"},{\"@type\":\"BreadcrumbList\",\"@id\":\"https:\\\/\\\/www.schellhammerinstitute.com\\\/product\\\/politics-a-no-holds-bard-analysis-of-political-madness\\\/#breadcrumb\",\"itemListElement\":[{\"@type\":\"ListItem\",\"position\":1,\"name\":\"Home\",\"item\":\"https:\\\/\\\/www.schellhammerinstitute.com\\\/\"},{\"@type\":\"ListItem\",\"position\":2,\"name\":\"Shop\",\"item\":\"https:\\\/\\\/www.schellhammerinstitute.com\\\/shop\\\/\"},{\"@type\":\"ListItem\",\"position\":3,\"name\":\"Politics: A No Holds-Bard Analysis of Political Madness\"}]},{\"@type\":\"WebSite\",\"@id\":\"https:\\\/\\\/www.schellhammerinstitute.com\\\/#website\",\"url\":\"https:\\\/\\\/www.schellhammerinstitute.com\\\/\",\"name\":\"Schellhammer Institute\",\"description\":\"We want to change the world for the better\",\"publisher\":{\"@id\":\"https:\\\/\\\/www.schellhammerinstitute.com\\\/#organization\"},\"alternateName\":\"The Schellhamer Institute\",\"potentialAction\":[{\"@type\":\"SearchAction\",\"target\":{\"@type\":\"EntryPoint\",\"urlTemplate\":\"https:\\\/\\\/www.schellhammerinstitute.com\\\/?s={search_term_string}\"},\"query-input\":{\"@type\":\"PropertyValueSpecification\",\"valueRequired\":true,\"valueName\":\"search_term_string\"}}],\"inLanguage\":\"es\"},{\"@type\":\"Organization\",\"@id\":\"https:\\\/\\\/www.schellhammerinstitute.com\\\/#organization\",\"name\":\"Schellhammer Institute\",\"alternateName\":\"Schellhammer Institute\",\"url\":\"https:\\\/\\\/www.schellhammerinstitute.com\\\/\",\"logo\":{\"@type\":\"ImageObject\",\"inLanguage\":\"es\",\"@id\":\"https:\\\/\\\/www.schellhammerinstitute.com\\\/#\\\/schema\\\/logo\\\/image\\\/\",\"url\":\"https:\\\/\\\/www.schellhammerinstitute.com\\\/wp-content\\\/uploads\\\/cropped-4-Photoroom.png\",\"contentUrl\":\"https:\\\/\\\/www.schellhammerinstitute.com\\\/wp-content\\\/uploads\\\/cropped-4-Photoroom.png\",\"width\":902,\"height\":901,\"caption\":\"Schellhammer Institute\"},\"image\":{\"@id\":\"https:\\\/\\\/www.schellhammerinstitute.com\\\/#\\\/schema\\\/logo\\\/image\\\/\"},\"sameAs\":[\"https:\\\/\\\/www.facebook.com\\\/schellhammerinstitute\",\"https:\\\/\\\/www.instagram.com\\\/schellhammerinstitute\",\"https:\\\/\\\/www.linkedin.com\\\/company\\\/schellhammerinstitute\"]}]}<\/script>\n<!-- \/ Yoast SEO plugin. -->","yoast_head_json":{"title":"Politics: A No Holds-Bard Analysis of Political Madness | Schellhammer Institute","description":"La mayor\u00eda de los pol\u00edticos son incompetentes, ignorantes y arrogantes. No han conseguido m\u00e1s que fracasar en democracia, reglamentos, constituciones, cultura, relaciones internacionales, educaci\u00f3n, nivel de vida, valores de derechos humanos y \u00e9tica. El potencial humano est\u00e1 siendo ignorado e incluso suprimido para que los pol\u00edticos puedan continuar en su codicia. Descubre por qu\u00e9 se han producido estos fracasos y ofrece soluciones a estos problemas.","robots":{"index":"index","follow":"follow","max-snippet":"max-snippet:-1","max-image-preview":"max-image-preview:large","max-video-preview":"max-video-preview:-1"},"canonical":"https:\/\/www.schellhammerinstitute.com\/es\/producto\/politica-un-analisis-sin-tapujos-de-la-locura-politica-2\/","og_locale":"es_ES","og_type":"article","og_title":"Politics: A No Holds-Bard Analysis of Political Madness | Schellhammer Institute","og_description":"The majority of politicians are incompetent, ignorant, and arrogant. They have achieved nothing but failure in democracy, regulations, constitutions, culture, international relations, education, the standard of living, human rights values, and ethics. Human potential is being ignored and even suppressed so that politicians can continue in their greed. Discover why these failures have occurred and offers solutions to these problems.","og_url":"https:\/\/www.schellhammerinstitute.com\/es\/producto\/politica-un-analisis-sin-tapujos-de-la-locura-politica-2\/","og_site_name":"Schellhammer Institute","article_publisher":"https:\/\/www.facebook.com\/schellhammerinstitute","article_modified_time":"2024-01-10T11:00:52+00:00","og_image":[{"width":311,"height":466,"url":"https:\/\/www.schellhammerinstitute.com\/wp-content\/uploads\/Politics-Book-Cover.jpg","type":"image\/jpeg"}],"twitter_card":"summary_large_image","twitter_misc":{"Tiempo de lectura":"1 minuto"},"schema":{"@context":"https:\/\/schema.org","@graph":[{"@type":"WebPage","@id":"https:\/\/www.schellhammerinstitute.com\/product\/politics-a-no-holds-bard-analysis-of-political-madness\/","url":"https:\/\/www.schellhammerinstitute.com\/product\/politics-a-no-holds-bard-analysis-of-political-madness\/","name":"Politics: A No Holds-Bard Analysis of Political Madness | Schellhammer Institute","isPartOf":{"@id":"https:\/\/www.schellhammerinstitute.com\/#website"},"primaryImageOfPage":{"@id":"https:\/\/www.schellhammerinstitute.com\/product\/politics-a-no-holds-bard-analysis-of-political-madness\/#primaryimage"},"image":{"@id":"https:\/\/www.schellhammerinstitute.com\/product\/politics-a-no-holds-bard-analysis-of-political-madness\/#primaryimage"},"thumbnailUrl":"https:\/\/www.schellhammerinstitute.com\/wp-content\/uploads\/Politics-Book-Cover.jpg","datePublished":"2024-01-10T10:37:51+00:00","dateModified":"2024-01-10T11:00:52+00:00","description":"La mayor\u00eda de los pol\u00edticos son incompetentes, ignorantes y arrogantes. No han conseguido m\u00e1s que fracasar en democracia, reglamentos, constituciones, cultura, relaciones internacionales, educaci\u00f3n, nivel de vida, valores de derechos humanos y \u00e9tica. El potencial humano est\u00e1 siendo ignorado e incluso suprimido para que los pol\u00edticos puedan continuar en su codicia. Descubre por qu\u00e9 se han producido estos fracasos y ofrece soluciones a estos problemas.","breadcrumb":{"@id":"https:\/\/www.schellhammerinstitute.com\/product\/politics-a-no-holds-bard-analysis-of-political-madness\/#breadcrumb"},"inLanguage":"es","potentialAction":[{"@type":"ReadAction","target":["https:\/\/www.schellhammerinstitute.com\/product\/politics-a-no-holds-bard-analysis-of-political-madness\/"]}]},{"@type":"ImageObject","inLanguage":"es","@id":"https:\/\/www.schellhammerinstitute.com\/product\/politics-a-no-holds-bard-analysis-of-political-madness\/#primaryimage","url":"https:\/\/www.schellhammerinstitute.com\/wp-content\/uploads\/Politics-Book-Cover.jpg","contentUrl":"https:\/\/www.schellhammerinstitute.com\/wp-content\/uploads\/Politics-Book-Cover.jpg","width":311,"height":466,"caption":"The Majority of politicians are incompetent, ignorant, and arrogant. Politics has failed in achieving peace, eliminating the root cause of war, creating economic balance, and promoting human evolution. They have achieved nothing but failure in democracy, regulations, constitutions, culture, international relations, education, the standard of living, human rights values, and ethics. The human potential is being ignored and even suppressed so that politicians can continue in their psychosis and greed."},{"@type":"BreadcrumbList","@id":"https:\/\/www.schellhammerinstitute.com\/product\/politics-a-no-holds-bard-analysis-of-political-madness\/#breadcrumb","itemListElement":[{"@type":"ListItem","position":1,"name":"Home","item":"https:\/\/www.schellhammerinstitute.com\/"},{"@type":"ListItem","position":2,"name":"Shop","item":"https:\/\/www.schellhammerinstitute.com\/shop\/"},{"@type":"ListItem","position":3,"name":"Politics: A No Holds-Bard Analysis of Political Madness"}]},{"@type":"WebSite","@id":"https:\/\/www.schellhammerinstitute.com\/#website","url":"https:\/\/www.schellhammerinstitute.com\/","name":"Instituci\u00f3n Schellhammer","description":"Queremos cambiar el mundo a mejor","publisher":{"@id":"https:\/\/www.schellhammerinstitute.com\/#organization"},"alternateName":"The Schellhamer Institute","potentialAction":[{"@type":"SearchAction","target":{"@type":"EntryPoint","urlTemplate":"https:\/\/www.schellhammerinstitute.com\/?s={search_term_string}"},"query-input":{"@type":"PropertyValueSpecification","valueRequired":true,"valueName":"search_term_string"}}],"inLanguage":"es"},{"@type":"Organization","@id":"https:\/\/www.schellhammerinstitute.com\/#organization","name":"Instituci\u00f3n Schellhammer","alternateName":"Schellhammer Institute","url":"https:\/\/www.schellhammerinstitute.com\/","logo":{"@type":"ImageObject","inLanguage":"es","@id":"https:\/\/www.schellhammerinstitute.com\/#\/schema\/logo\/image\/","url":"https:\/\/www.schellhammerinstitute.com\/wp-content\/uploads\/cropped-4-Photoroom.png","contentUrl":"https:\/\/www.schellhammerinstitute.com\/wp-content\/uploads\/cropped-4-Photoroom.png","width":902,"height":901,"caption":"Schellhammer Institute"},"image":{"@id":"https:\/\/www.schellhammerinstitute.com\/#\/schema\/logo\/image\/"},"sameAs":["https:\/\/www.facebook.com\/schellhammerinstitute","https:\/\/www.instagram.com\/schellhammerinstitute","https:\/\/www.linkedin.com\/company\/schellhammerinstitute"]}]}},"jetpack_sharing_enabled":true,"_links":{"self":[{"href":"https:\/\/www.schellhammerinstitute.com\/es\/wp-json\/wp\/v2\/product\/13862","targetHints":{"allow":["GET"]}}],"collection":[{"href":"https:\/\/www.schellhammerinstitute.com\/es\/wp-json\/wp\/v2\/product"}],"about":[{"href":"https:\/\/www.schellhammerinstitute.com\/es\/wp-json\/wp\/v2\/types\/product"}],"replies":[{"embeddable":true,"href":"https:\/\/www.schellhammerinstitute.com\/es\/wp-json\/wp\/v2\/comments?post=13862"}],"version-history":[{"count":0,"href":"https:\/\/www.schellhammerinstitute.com\/es\/wp-json\/wp\/v2\/product\/13862\/revisions"}],"wp:featuredmedia":[{"embeddable":true,"href":"https:\/\/www.schellhammerinstitute.com\/es\/wp-json\/wp\/v2\/media\/13710"}],"wp:attachment":[{"href":"https:\/\/www.schellhammerinstitute.com\/es\/wp-json\/wp\/v2\/media?parent=13862"}],"wp:term":[{"taxonomy":"product_brand","embeddable":true,"href":"https:\/\/www.schellhammerinstitute.com\/es\/wp-json\/wp\/v2\/product_brand?post=13862"},{"taxonomy":"product_cat","embeddable":true,"href":"https:\/\/www.schellhammerinstitute.com\/es\/wp-json\/wp\/v2\/product_cat?post=13862"},{"taxonomy":"product_tag","embeddable":true,"href":"https:\/\/www.schellhammerinstitute.com\/es\/wp-json\/wp\/v2\/product_tag?post=13862"}],"curies":[{"name":"wp","href":"https:\/\/api.w.org\/{rel}","templated":true}]}}