{"id":13860,"date":"2024-01-10T10:26:29","date_gmt":"2024-01-10T10:26:29","guid":{"rendered":"https:\/\/www.schellhammerinstitute.com\/product\/concept-individuation\/"},"modified":"2024-01-10T10:26:29","modified_gmt":"2024-01-10T10:26:29","slug":"individuacion-de-conceptos","status":"publish","type":"product","link":"https:\/\/www.schellhammerinstitute.com\/es\/producto\/individuacion-de-conceptos\/","title":{"rendered":"Concepto Individuaci\u00f3n"},"content":{"rendered":"","protected":false},"excerpt":{"rendered":"<p>Los procesos de individuaci\u00f3n nunca antes se hab\u00edan documentado de forma tan exhaustiva y meticulosa. Este libro constituye una gu\u00eda indispensable para quienes ense\u00f1an la individuaci\u00f3n o acompa\u00f1an a otras personas en este proceso psicol\u00f3gico-espiritual. Tambi\u00e9n es un libro de estudio para todo aquel que quiera alcanzar la meta de la individuaci\u00f3n.<\/p>\n<p>El estudio de la individuaci\u00f3n<\/p>\n<p>\u25a0 Lo humano se analiza de forma diferenciada desde el punto de vista de la teor\u00eda de la acci\u00f3n, el psicoan\u00e1lisis, la psicolog\u00eda, la biograf\u00eda y los mundos de la vida.<br \/>\n\u25a0 Una nueva teor\u00eda de los sue\u00f1os estructurada, una Metodolog\u00eda de la Meditaci\u00f3n evaluada y una amplia comprensi\u00f3n del inconsciente son m\u00e1s bases para una concepci\u00f3n esc\u00e9nica del desarrollo de la personalidad y la individuaci\u00f3n.<br \/>\n\u25a0 Los procesos de individuaci\u00f3n tan exhaustiva y meticulosamente documentados como en ning\u00fan otro lugar. Un manual esencial para quienes ense\u00f1an individuaci\u00f3n y gu\u00edan a otros en este proceso psicoespiritual.<\/p>","protected":false},"featured_media":10033,"comment_status":"closed","ping_status":"closed","template":"","meta":{"saved_in_kubio":false},"product_brand":[],"product_cat":[297,292,296],"product_tag":[],"class_list":{"0":"post-13860","1":"product","2":"type-product","3":"status-publish","4":"has-post-thumbnail","6":"product_cat-education","7":"product_cat-english-books","8":"product_cat-philosophy","10":"first","11":"instock","12":"shipping-taxable","13":"purchasable","14":"product-type-simple"},"yoast_head":"<!-- This site is optimized with the Yoast SEO plugin v27.3 - https:\/\/yoast.com\/product\/yoast-seo-wordpress\/ -->\n<title>Concept Individuation | Schellhammer Institute<\/title>\n<meta name=\"description\" content=\"The processes of individuation has never before been documented so thoroughly and meticulously. This book provides an indispensable guide for those who teach individuation or accompany other people in this psychological-spiritual process. It is also a study book for everyone who wants to achieve the goal of individuation.\" \/>\n<meta name=\"robots\" content=\"index, follow, max-snippet:-1, max-image-preview:large, max-video-preview:-1\" \/>\n<link rel=\"canonical\" href=\"https:\/\/www.schellhammerinstitute.com\/es\/producto\/individuacion-de-conceptos\/\" \/>\n<meta property=\"og:locale\" content=\"es_ES\" \/>\n<meta property=\"og:type\" content=\"article\" \/>\n<meta property=\"og:title\" content=\"Concept Individuation | Schellhammer Institute\" \/>\n<meta property=\"og:description\" content=\"The processes of individuation has never before been documented so thoroughly and meticulously. This book provides an indispensable guide for those who teach individuation or accompany other people in this psychological-spiritual process. It is also a study book for everyone who wants to achieve the goal of individuation.\" \/>\n<meta property=\"og:url\" content=\"https:\/\/www.schellhammerinstitute.com\/es\/producto\/individuacion-de-conceptos\/\" \/>\n<meta property=\"og:site_name\" content=\"Schellhammer Institute\" \/>\n<meta property=\"article:publisher\" content=\"https:\/\/www.facebook.com\/schellhammerinstitute\" \/>\n<meta property=\"og:image\" content=\"https:\/\/www.schellhammerinstitute.com\/wp-content\/uploads\/concept-individuation.jpg\" \/>\n\t<meta property=\"og:image:width\" content=\"339\" \/>\n\t<meta property=\"og:image:height\" content=\"500\" \/>\n\t<meta property=\"og:image:type\" content=\"image\/jpeg\" \/>\n<meta name=\"twitter:card\" content=\"summary_large_image\" \/>\n<meta name=\"twitter:label1\" content=\"Tiempo de lectura\" \/>\n\t<meta name=\"twitter:data1\" content=\"1 minuto\" \/>\n<script type=\"application\/ld+json\" class=\"yoast-schema-graph\">{\"@context\":\"https:\\\/\\\/schema.org\",\"@graph\":[{\"@type\":\"WebPage\",\"@id\":\"https:\\\/\\\/www.schellhammerinstitute.com\\\/product\\\/concept-individuation\\\/\",\"url\":\"https:\\\/\\\/www.schellhammerinstitute.com\\\/product\\\/concept-individuation\\\/\",\"name\":\"Concept Individuation | Schellhammer Institute\",\"isPartOf\":{\"@id\":\"https:\\\/\\\/www.schellhammerinstitute.com\\\/#website\"},\"primaryImageOfPage\":{\"@id\":\"https:\\\/\\\/www.schellhammerinstitute.com\\\/product\\\/concept-individuation\\\/#primaryimage\"},\"image\":{\"@id\":\"https:\\\/\\\/www.schellhammerinstitute.com\\\/product\\\/concept-individuation\\\/#primaryimage\"},\"thumbnailUrl\":\"https:\\\/\\\/www.schellhammerinstitute.com\\\/wp-content\\\/uploads\\\/concept-individuation.jpg\",\"datePublished\":\"2024-01-10T10:26:29+00:00\",\"description\":\"The processes of individuation has never before been documented so thoroughly and meticulously. This book provides an indispensable guide for those who teach individuation or accompany other people in this psychological-spiritual process. It is also a study book for everyone who wants to achieve the goal of individuation.\",\"breadcrumb\":{\"@id\":\"https:\\\/\\\/www.schellhammerinstitute.com\\\/product\\\/concept-individuation\\\/#breadcrumb\"},\"inLanguage\":\"es\",\"potentialAction\":[{\"@type\":\"ReadAction\",\"target\":[\"https:\\\/\\\/www.schellhammerinstitute.com\\\/product\\\/concept-individuation\\\/\"]}]},{\"@type\":\"ImageObject\",\"inLanguage\":\"es\",\"@id\":\"https:\\\/\\\/www.schellhammerinstitute.com\\\/product\\\/concept-individuation\\\/#primaryimage\",\"url\":\"https:\\\/\\\/www.schellhammerinstitute.com\\\/wp-content\\\/uploads\\\/concept-individuation.jpg\",\"contentUrl\":\"https:\\\/\\\/www.schellhammerinstitute.com\\\/wp-content\\\/uploads\\\/concept-individuation.jpg\",\"width\":339,\"height\":500,\"caption\":\"The processes of individuation, documented so thoroughly and meticulously, like nowhere else. An indispensable guide for those who teach individuation and accompany other people in this psychological-spiritual process. A study book for everyone who wants to achieve the goal of individuation. To the Study of Individuation \u25a0 The human is analyzed in a differentiated manner from the point of view of action theory, psychoanalysis, psychology, biography and the worlds of life. \u25a0 A new structured dream theory, one evaluated Methodology of Meditation and an extensive understanding of the unconscious are more bases for a stage conception of personality development and individuation. \u25a0 The so thoroughly and meticulously documented processes of individuation than anywhere else. An essential manual for those who teach individuation and guide others in this psycho-spiritual process. A study book for anyone who wants to reach the goal of individuation.\"},{\"@type\":\"BreadcrumbList\",\"@id\":\"https:\\\/\\\/www.schellhammerinstitute.com\\\/product\\\/concept-individuation\\\/#breadcrumb\",\"itemListElement\":[{\"@type\":\"ListItem\",\"position\":1,\"name\":\"Home\",\"item\":\"https:\\\/\\\/www.schellhammerinstitute.com\\\/\"},{\"@type\":\"ListItem\",\"position\":2,\"name\":\"Shop\",\"item\":\"https:\\\/\\\/www.schellhammerinstitute.com\\\/shop\\\/\"},{\"@type\":\"ListItem\",\"position\":3,\"name\":\"Concept Individuation\"}]},{\"@type\":\"WebSite\",\"@id\":\"https:\\\/\\\/www.schellhammerinstitute.com\\\/#website\",\"url\":\"https:\\\/\\\/www.schellhammerinstitute.com\\\/\",\"name\":\"Schellhammer Institute\",\"description\":\"We want to change the world for the better\",\"publisher\":{\"@id\":\"https:\\\/\\\/www.schellhammerinstitute.com\\\/#organization\"},\"alternateName\":\"The Schellhamer Institute\",\"potentialAction\":[{\"@type\":\"SearchAction\",\"target\":{\"@type\":\"EntryPoint\",\"urlTemplate\":\"https:\\\/\\\/www.schellhammerinstitute.com\\\/?s={search_term_string}\"},\"query-input\":{\"@type\":\"PropertyValueSpecification\",\"valueRequired\":true,\"valueName\":\"search_term_string\"}}],\"inLanguage\":\"es\"},{\"@type\":\"Organization\",\"@id\":\"https:\\\/\\\/www.schellhammerinstitute.com\\\/#organization\",\"name\":\"Schellhammer Institute\",\"alternateName\":\"Schellhammer Institute\",\"url\":\"https:\\\/\\\/www.schellhammerinstitute.com\\\/\",\"logo\":{\"@type\":\"ImageObject\",\"inLanguage\":\"es\",\"@id\":\"https:\\\/\\\/www.schellhammerinstitute.com\\\/#\\\/schema\\\/logo\\\/image\\\/\",\"url\":\"https:\\\/\\\/www.schellhammerinstitute.com\\\/wp-content\\\/uploads\\\/cropped-4-Photoroom.png\",\"contentUrl\":\"https:\\\/\\\/www.schellhammerinstitute.com\\\/wp-content\\\/uploads\\\/cropped-4-Photoroom.png\",\"width\":902,\"height\":901,\"caption\":\"Schellhammer Institute\"},\"image\":{\"@id\":\"https:\\\/\\\/www.schellhammerinstitute.com\\\/#\\\/schema\\\/logo\\\/image\\\/\"},\"sameAs\":[\"https:\\\/\\\/www.facebook.com\\\/schellhammerinstitute\",\"https:\\\/\\\/www.instagram.com\\\/schellhammerinstitute\",\"https:\\\/\\\/www.linkedin.com\\\/company\\\/schellhammerinstitute\"]}]}<\/script>\n<!-- \/ Yoast SEO plugin. -->","yoast_head_json":{"title":"Concept Individuation | Schellhammer Institute","description":"Los procesos de individuaci\u00f3n nunca antes se hab\u00edan documentado de forma tan exhaustiva y meticulosa. Este libro constituye una gu\u00eda indispensable para quienes ense\u00f1an la individuaci\u00f3n o acompa\u00f1an a otras personas en este proceso psicol\u00f3gico-espiritual. Tambi\u00e9n es un libro de estudio para todo aquel que quiera alcanzar la meta de la individuaci\u00f3n.","robots":{"index":"index","follow":"follow","max-snippet":"max-snippet:-1","max-image-preview":"max-image-preview:large","max-video-preview":"max-video-preview:-1"},"canonical":"https:\/\/www.schellhammerinstitute.com\/es\/producto\/individuacion-de-conceptos\/","og_locale":"es_ES","og_type":"article","og_title":"Concept Individuation | Schellhammer Institute","og_description":"The processes of individuation has never before been documented so thoroughly and meticulously. This book provides an indispensable guide for those who teach individuation or accompany other people in this psychological-spiritual process. It is also a study book for everyone who wants to achieve the goal of individuation.","og_url":"https:\/\/www.schellhammerinstitute.com\/es\/producto\/individuacion-de-conceptos\/","og_site_name":"Schellhammer Institute","article_publisher":"https:\/\/www.facebook.com\/schellhammerinstitute","og_image":[{"width":339,"height":500,"url":"https:\/\/www.schellhammerinstitute.com\/wp-content\/uploads\/concept-individuation.jpg","type":"image\/jpeg"}],"twitter_card":"summary_large_image","twitter_misc":{"Tiempo de lectura":"1 minuto"},"schema":{"@context":"https:\/\/schema.org","@graph":[{"@type":"WebPage","@id":"https:\/\/www.schellhammerinstitute.com\/product\/concept-individuation\/","url":"https:\/\/www.schellhammerinstitute.com\/product\/concept-individuation\/","name":"Concept Individuation | Schellhammer Institute","isPartOf":{"@id":"https:\/\/www.schellhammerinstitute.com\/#website"},"primaryImageOfPage":{"@id":"https:\/\/www.schellhammerinstitute.com\/product\/concept-individuation\/#primaryimage"},"image":{"@id":"https:\/\/www.schellhammerinstitute.com\/product\/concept-individuation\/#primaryimage"},"thumbnailUrl":"https:\/\/www.schellhammerinstitute.com\/wp-content\/uploads\/concept-individuation.jpg","datePublished":"2024-01-10T10:26:29+00:00","description":"Los procesos de individuaci\u00f3n nunca antes se hab\u00edan documentado de forma tan exhaustiva y meticulosa. Este libro constituye una gu\u00eda indispensable para quienes ense\u00f1an la individuaci\u00f3n o acompa\u00f1an a otras personas en este proceso psicol\u00f3gico-espiritual. Tambi\u00e9n es un libro de estudio para todo aquel que quiera alcanzar la meta de la individuaci\u00f3n.","breadcrumb":{"@id":"https:\/\/www.schellhammerinstitute.com\/product\/concept-individuation\/#breadcrumb"},"inLanguage":"es","potentialAction":[{"@type":"ReadAction","target":["https:\/\/www.schellhammerinstitute.com\/product\/concept-individuation\/"]}]},{"@type":"ImageObject","inLanguage":"es","@id":"https:\/\/www.schellhammerinstitute.com\/product\/concept-individuation\/#primaryimage","url":"https:\/\/www.schellhammerinstitute.com\/wp-content\/uploads\/concept-individuation.jpg","contentUrl":"https:\/\/www.schellhammerinstitute.com\/wp-content\/uploads\/concept-individuation.jpg","width":339,"height":500,"caption":"The processes of individuation, documented so thoroughly and meticulously, like nowhere else. An indispensable guide for those who teach individuation and accompany other people in this psychological-spiritual process. A study book for everyone who wants to achieve the goal of individuation. To the Study of Individuation \u25a0 The human is analyzed in a differentiated manner from the point of view of action theory, psychoanalysis, psychology, biography and the worlds of life. \u25a0 A new structured dream theory, one evaluated Methodology of Meditation and an extensive understanding of the unconscious are more bases for a stage conception of personality development and individuation. \u25a0 The so thoroughly and meticulously documented processes of individuation than anywhere else. An essential manual for those who teach individuation and guide others in this psycho-spiritual process. A study book for anyone who wants to reach the goal of individuation."},{"@type":"BreadcrumbList","@id":"https:\/\/www.schellhammerinstitute.com\/product\/concept-individuation\/#breadcrumb","itemListElement":[{"@type":"ListItem","position":1,"name":"Home","item":"https:\/\/www.schellhammerinstitute.com\/"},{"@type":"ListItem","position":2,"name":"Shop","item":"https:\/\/www.schellhammerinstitute.com\/shop\/"},{"@type":"ListItem","position":3,"name":"Concept Individuation"}]},{"@type":"WebSite","@id":"https:\/\/www.schellhammerinstitute.com\/#website","url":"https:\/\/www.schellhammerinstitute.com\/","name":"Instituci\u00f3n Schellhammer","description":"Queremos cambiar el mundo a mejor","publisher":{"@id":"https:\/\/www.schellhammerinstitute.com\/#organization"},"alternateName":"The Schellhamer Institute","potentialAction":[{"@type":"SearchAction","target":{"@type":"EntryPoint","urlTemplate":"https:\/\/www.schellhammerinstitute.com\/?s={search_term_string}"},"query-input":{"@type":"PropertyValueSpecification","valueRequired":true,"valueName":"search_term_string"}}],"inLanguage":"es"},{"@type":"Organization","@id":"https:\/\/www.schellhammerinstitute.com\/#organization","name":"Instituci\u00f3n Schellhammer","alternateName":"Schellhammer Institute","url":"https:\/\/www.schellhammerinstitute.com\/","logo":{"@type":"ImageObject","inLanguage":"es","@id":"https:\/\/www.schellhammerinstitute.com\/#\/schema\/logo\/image\/","url":"https:\/\/www.schellhammerinstitute.com\/wp-content\/uploads\/cropped-4-Photoroom.png","contentUrl":"https:\/\/www.schellhammerinstitute.com\/wp-content\/uploads\/cropped-4-Photoroom.png","width":902,"height":901,"caption":"Schellhammer Institute"},"image":{"@id":"https:\/\/www.schellhammerinstitute.com\/#\/schema\/logo\/image\/"},"sameAs":["https:\/\/www.facebook.com\/schellhammerinstitute","https:\/\/www.instagram.com\/schellhammerinstitute","https:\/\/www.linkedin.com\/company\/schellhammerinstitute"]}]}},"jetpack_sharing_enabled":true,"_links":{"self":[{"href":"https:\/\/www.schellhammerinstitute.com\/es\/wp-json\/wp\/v2\/product\/13860","targetHints":{"allow":["GET"]}}],"collection":[{"href":"https:\/\/www.schellhammerinstitute.com\/es\/wp-json\/wp\/v2\/product"}],"about":[{"href":"https:\/\/www.schellhammerinstitute.com\/es\/wp-json\/wp\/v2\/types\/product"}],"replies":[{"embeddable":true,"href":"https:\/\/www.schellhammerinstitute.com\/es\/wp-json\/wp\/v2\/comments?post=13860"}],"version-history":[{"count":0,"href":"https:\/\/www.schellhammerinstitute.com\/es\/wp-json\/wp\/v2\/product\/13860\/revisions"}],"wp:featuredmedia":[{"embeddable":true,"href":"https:\/\/www.schellhammerinstitute.com\/es\/wp-json\/wp\/v2\/media\/10033"}],"wp:attachment":[{"href":"https:\/\/www.schellhammerinstitute.com\/es\/wp-json\/wp\/v2\/media?parent=13860"}],"wp:term":[{"taxonomy":"product_brand","embeddable":true,"href":"https:\/\/www.schellhammerinstitute.com\/es\/wp-json\/wp\/v2\/product_brand?post=13860"},{"taxonomy":"product_cat","embeddable":true,"href":"https:\/\/www.schellhammerinstitute.com\/es\/wp-json\/wp\/v2\/product_cat?post=13860"},{"taxonomy":"product_tag","embeddable":true,"href":"https:\/\/www.schellhammerinstitute.com\/es\/wp-json\/wp\/v2\/product_tag?post=13860"}],"curies":[{"name":"wp","href":"https:\/\/api.w.org\/{rel}","templated":true}]}}