{"id":13855,"date":"2024-01-10T10:18:47","date_gmt":"2024-01-10T10:18:47","guid":{"rendered":"https:\/\/www.schellhammerinstitute.com\/?post_type=product&#038;p=13855"},"modified":"2024-01-10T10:18:48","modified_gmt":"2024-01-10T10:18:48","slug":"los-procesos-arquetipicos-del-alma-la-esperanza-de-la-humanidad","status":"publish","type":"product","link":"https:\/\/www.schellhammerinstitute.com\/es\/producto\/los-procesos-arquetipicos-del-alma-la-esperanza-de-la-humanidad\/","title":{"rendered":"Los procesos arquet\u00edpicos del alma: la esperanza de la humanidad"},"content":{"rendered":"","protected":false},"excerpt":{"rendered":"<p>Nunca antes una persona hab\u00eda documentado los procesos arquet\u00edpicos del alma con tanta claridad y detalle. Todos los procesos arquet\u00edpicos revelan implacablemente la verdad sobre el ser humano, el camino interior, la consecuci\u00f3n de la plenitud total, la alianza con Dios y todos los poderes para establecer la paz, el amor y el esp\u00edritu en el mundo. Lo inimaginable se ha hecho realidad. No hay salvaci\u00f3n para la humanidad sin estar enraizada en estos arquetipos m\u00e1s elevados. Un reconocimiento impresionante y revolucionario.<\/p>","protected":false},"featured_media":10026,"comment_status":"closed","ping_status":"closed","template":"","meta":{"saved_in_kubio":false},"product_brand":[],"product_cat":[292,296],"product_tag":[],"class_list":{"0":"post-13855","1":"product","2":"type-product","3":"status-publish","4":"has-post-thumbnail","6":"product_cat-english-books","7":"product_cat-philosophy","9":"first","10":"instock","11":"shipping-taxable","12":"purchasable","13":"product-type-simple"},"yoast_head":"<!-- This site is optimized with the Yoast SEO plugin v27.3 - https:\/\/yoast.com\/product\/yoast-seo-wordpress\/ -->\n<title>The Archetypal Processes of the Soul: The Hope for Humanity | Schellhammer Institute<\/title>\n<meta name=\"description\" content=\"Never before has one person documented the archetypal processes of the soul so clearly and in such detail. All archetypal processes relentlessly reveal the truth about being human, the inner path, the attainment of complete fulfilment, the covenant with God, and all powers to establish peace, love and spirit in the world.\" \/>\n<meta name=\"robots\" content=\"index, follow, max-snippet:-1, max-image-preview:large, max-video-preview:-1\" \/>\n<link rel=\"canonical\" href=\"https:\/\/www.schellhammerinstitute.com\/es\/producto\/los-procesos-arquetipicos-del-alma-la-esperanza-de-la-humanidad\/\" \/>\n<meta property=\"og:locale\" content=\"es_ES\" \/>\n<meta property=\"og:type\" content=\"article\" \/>\n<meta property=\"og:title\" content=\"The Archetypal Processes of the Soul: The Hope for Humanity | Schellhammer Institute\" \/>\n<meta property=\"og:description\" content=\"Never before has one person documented the archetypal processes of the soul so clearly and in such detail. All archetypal processes relentlessly reveal the truth about being human, the inner path, the attainment of complete fulfilment, the covenant with God, and all powers to establish peace, love and spirit in the world.\" \/>\n<meta property=\"og:url\" content=\"https:\/\/www.schellhammerinstitute.com\/es\/producto\/los-procesos-arquetipicos-del-alma-la-esperanza-de-la-humanidad\/\" \/>\n<meta property=\"og:site_name\" content=\"Schellhammer Institute\" \/>\n<meta property=\"article:publisher\" content=\"https:\/\/www.facebook.com\/schellhammerinstitute\" \/>\n<meta property=\"article:modified_time\" content=\"2024-01-10T10:18:48+00:00\" \/>\n<meta property=\"og:image\" content=\"https:\/\/www.schellhammerinstitute.com\/wp-content\/uploads\/the-archetypal-processes-of-the-soul.jpg\" \/>\n\t<meta property=\"og:image:width\" content=\"632\" \/>\n\t<meta property=\"og:image:height\" content=\"1000\" \/>\n\t<meta property=\"og:image:type\" content=\"image\/jpeg\" \/>\n<meta name=\"twitter:card\" content=\"summary_large_image\" \/>\n<meta name=\"twitter:label1\" content=\"Tiempo de lectura\" \/>\n\t<meta name=\"twitter:data1\" content=\"1 minuto\" \/>\n<script type=\"application\/ld+json\" class=\"yoast-schema-graph\">{\"@context\":\"https:\\\/\\\/schema.org\",\"@graph\":[{\"@type\":\"WebPage\",\"@id\":\"https:\\\/\\\/www.schellhammerinstitute.com\\\/product\\\/the-archetypal-processes-of-the-soul-the-hope-for-humanity\\\/\",\"url\":\"https:\\\/\\\/www.schellhammerinstitute.com\\\/product\\\/the-archetypal-processes-of-the-soul-the-hope-for-humanity\\\/\",\"name\":\"The Archetypal Processes of the Soul: The Hope for Humanity | Schellhammer Institute\",\"isPartOf\":{\"@id\":\"https:\\\/\\\/www.schellhammerinstitute.com\\\/#website\"},\"primaryImageOfPage\":{\"@id\":\"https:\\\/\\\/www.schellhammerinstitute.com\\\/product\\\/the-archetypal-processes-of-the-soul-the-hope-for-humanity\\\/#primaryimage\"},\"image\":{\"@id\":\"https:\\\/\\\/www.schellhammerinstitute.com\\\/product\\\/the-archetypal-processes-of-the-soul-the-hope-for-humanity\\\/#primaryimage\"},\"thumbnailUrl\":\"https:\\\/\\\/www.schellhammerinstitute.com\\\/wp-content\\\/uploads\\\/the-archetypal-processes-of-the-soul.jpg\",\"datePublished\":\"2024-01-10T10:18:47+00:00\",\"dateModified\":\"2024-01-10T10:18:48+00:00\",\"description\":\"Never before has one person documented the archetypal processes of the soul so clearly and in such detail. All archetypal processes relentlessly reveal the truth about being human, the inner path, the attainment of complete fulfilment, the covenant with God, and all powers to establish peace, love and spirit in the world.\",\"breadcrumb\":{\"@id\":\"https:\\\/\\\/www.schellhammerinstitute.com\\\/product\\\/the-archetypal-processes-of-the-soul-the-hope-for-humanity\\\/#breadcrumb\"},\"inLanguage\":\"es\",\"potentialAction\":[{\"@type\":\"ReadAction\",\"target\":[\"https:\\\/\\\/www.schellhammerinstitute.com\\\/product\\\/the-archetypal-processes-of-the-soul-the-hope-for-humanity\\\/\"]}]},{\"@type\":\"ImageObject\",\"inLanguage\":\"es\",\"@id\":\"https:\\\/\\\/www.schellhammerinstitute.com\\\/product\\\/the-archetypal-processes-of-the-soul-the-hope-for-humanity\\\/#primaryimage\",\"url\":\"https:\\\/\\\/www.schellhammerinstitute.com\\\/wp-content\\\/uploads\\\/the-archetypal-processes-of-the-soul.jpg\",\"contentUrl\":\"https:\\\/\\\/www.schellhammerinstitute.com\\\/wp-content\\\/uploads\\\/the-archetypal-processes-of-the-soul.jpg\",\"width\":632,\"height\":1000,\"caption\":\"Never before has one of the founders of religion documented the archetypal processes of the soul so clearly and in such detail. All archetypal processes relentlessly reveal the truth about being human, the inner path, the completion of complete fulfilment, the highest procedures to become the King of the Holy Grail, the calling to be Christ and Messiah, the covenant with God and all powers to establish peace, love and spirit in the world. The incomprehensible has become a reality. There is no salvation for humanity without being rooted in these highest archetypes. Breathtaking and groundbreaking reconnaissance!\"},{\"@type\":\"BreadcrumbList\",\"@id\":\"https:\\\/\\\/www.schellhammerinstitute.com\\\/product\\\/the-archetypal-processes-of-the-soul-the-hope-for-humanity\\\/#breadcrumb\",\"itemListElement\":[{\"@type\":\"ListItem\",\"position\":1,\"name\":\"Home\",\"item\":\"https:\\\/\\\/www.schellhammerinstitute.com\\\/\"},{\"@type\":\"ListItem\",\"position\":2,\"name\":\"Shop\",\"item\":\"https:\\\/\\\/www.schellhammerinstitute.com\\\/shop\\\/\"},{\"@type\":\"ListItem\",\"position\":3,\"name\":\"The Archetypal Processes of the Soul: The Hope for Humanity\"}]},{\"@type\":\"WebSite\",\"@id\":\"https:\\\/\\\/www.schellhammerinstitute.com\\\/#website\",\"url\":\"https:\\\/\\\/www.schellhammerinstitute.com\\\/\",\"name\":\"Schellhammer Institute\",\"description\":\"We want to change the world for the better\",\"publisher\":{\"@id\":\"https:\\\/\\\/www.schellhammerinstitute.com\\\/#organization\"},\"alternateName\":\"The Schellhamer Institute\",\"potentialAction\":[{\"@type\":\"SearchAction\",\"target\":{\"@type\":\"EntryPoint\",\"urlTemplate\":\"https:\\\/\\\/www.schellhammerinstitute.com\\\/?s={search_term_string}\"},\"query-input\":{\"@type\":\"PropertyValueSpecification\",\"valueRequired\":true,\"valueName\":\"search_term_string\"}}],\"inLanguage\":\"es\"},{\"@type\":\"Organization\",\"@id\":\"https:\\\/\\\/www.schellhammerinstitute.com\\\/#organization\",\"name\":\"Schellhammer Institute\",\"alternateName\":\"Schellhammer Institute\",\"url\":\"https:\\\/\\\/www.schellhammerinstitute.com\\\/\",\"logo\":{\"@type\":\"ImageObject\",\"inLanguage\":\"es\",\"@id\":\"https:\\\/\\\/www.schellhammerinstitute.com\\\/#\\\/schema\\\/logo\\\/image\\\/\",\"url\":\"https:\\\/\\\/www.schellhammerinstitute.com\\\/wp-content\\\/uploads\\\/cropped-4-Photoroom.png\",\"contentUrl\":\"https:\\\/\\\/www.schellhammerinstitute.com\\\/wp-content\\\/uploads\\\/cropped-4-Photoroom.png\",\"width\":902,\"height\":901,\"caption\":\"Schellhammer Institute\"},\"image\":{\"@id\":\"https:\\\/\\\/www.schellhammerinstitute.com\\\/#\\\/schema\\\/logo\\\/image\\\/\"},\"sameAs\":[\"https:\\\/\\\/www.facebook.com\\\/schellhammerinstitute\",\"https:\\\/\\\/www.instagram.com\\\/schellhammerinstitute\",\"https:\\\/\\\/www.linkedin.com\\\/company\\\/schellhammerinstitute\"]}]}<\/script>\n<!-- \/ Yoast SEO plugin. -->","yoast_head_json":{"title":"The Archetypal Processes of the Soul: The Hope for Humanity | Schellhammer Institute","description":"Nunca antes una persona hab\u00eda documentado los procesos arquet\u00edpicos del alma con tanta claridad y detalle. Todos los procesos arquet\u00edpicos revelan implacablemente la verdad sobre el ser humano, el camino interior, la consecuci\u00f3n de la plenitud total, la alianza con Dios y todos los poderes para establecer la paz, el amor y el esp\u00edritu en el mundo.","robots":{"index":"index","follow":"follow","max-snippet":"max-snippet:-1","max-image-preview":"max-image-preview:large","max-video-preview":"max-video-preview:-1"},"canonical":"https:\/\/www.schellhammerinstitute.com\/es\/producto\/los-procesos-arquetipicos-del-alma-la-esperanza-de-la-humanidad\/","og_locale":"es_ES","og_type":"article","og_title":"The Archetypal Processes of the Soul: The Hope for Humanity | Schellhammer Institute","og_description":"Never before has one person documented the archetypal processes of the soul so clearly and in such detail. All archetypal processes relentlessly reveal the truth about being human, the inner path, the attainment of complete fulfilment, the covenant with God, and all powers to establish peace, love and spirit in the world.","og_url":"https:\/\/www.schellhammerinstitute.com\/es\/producto\/los-procesos-arquetipicos-del-alma-la-esperanza-de-la-humanidad\/","og_site_name":"Schellhammer Institute","article_publisher":"https:\/\/www.facebook.com\/schellhammerinstitute","article_modified_time":"2024-01-10T10:18:48+00:00","og_image":[{"width":632,"height":1000,"url":"https:\/\/www.schellhammerinstitute.com\/wp-content\/uploads\/the-archetypal-processes-of-the-soul.jpg","type":"image\/jpeg"}],"twitter_card":"summary_large_image","twitter_misc":{"Tiempo de lectura":"1 minuto"},"schema":{"@context":"https:\/\/schema.org","@graph":[{"@type":"WebPage","@id":"https:\/\/www.schellhammerinstitute.com\/product\/the-archetypal-processes-of-the-soul-the-hope-for-humanity\/","url":"https:\/\/www.schellhammerinstitute.com\/product\/the-archetypal-processes-of-the-soul-the-hope-for-humanity\/","name":"The Archetypal Processes of the Soul: The Hope for Humanity | Schellhammer Institute","isPartOf":{"@id":"https:\/\/www.schellhammerinstitute.com\/#website"},"primaryImageOfPage":{"@id":"https:\/\/www.schellhammerinstitute.com\/product\/the-archetypal-processes-of-the-soul-the-hope-for-humanity\/#primaryimage"},"image":{"@id":"https:\/\/www.schellhammerinstitute.com\/product\/the-archetypal-processes-of-the-soul-the-hope-for-humanity\/#primaryimage"},"thumbnailUrl":"https:\/\/www.schellhammerinstitute.com\/wp-content\/uploads\/the-archetypal-processes-of-the-soul.jpg","datePublished":"2024-01-10T10:18:47+00:00","dateModified":"2024-01-10T10:18:48+00:00","description":"Nunca antes una persona hab\u00eda documentado los procesos arquet\u00edpicos del alma con tanta claridad y detalle. Todos los procesos arquet\u00edpicos revelan implacablemente la verdad sobre el ser humano, el camino interior, la consecuci\u00f3n de la plenitud total, la alianza con Dios y todos los poderes para establecer la paz, el amor y el esp\u00edritu en el mundo.","breadcrumb":{"@id":"https:\/\/www.schellhammerinstitute.com\/product\/the-archetypal-processes-of-the-soul-the-hope-for-humanity\/#breadcrumb"},"inLanguage":"es","potentialAction":[{"@type":"ReadAction","target":["https:\/\/www.schellhammerinstitute.com\/product\/the-archetypal-processes-of-the-soul-the-hope-for-humanity\/"]}]},{"@type":"ImageObject","inLanguage":"es","@id":"https:\/\/www.schellhammerinstitute.com\/product\/the-archetypal-processes-of-the-soul-the-hope-for-humanity\/#primaryimage","url":"https:\/\/www.schellhammerinstitute.com\/wp-content\/uploads\/the-archetypal-processes-of-the-soul.jpg","contentUrl":"https:\/\/www.schellhammerinstitute.com\/wp-content\/uploads\/the-archetypal-processes-of-the-soul.jpg","width":632,"height":1000,"caption":"Never before has one of the founders of religion documented the archetypal processes of the soul so clearly and in such detail. All archetypal processes relentlessly reveal the truth about being human, the inner path, the completion of complete fulfilment, the highest procedures to become the King of the Holy Grail, the calling to be Christ and Messiah, the covenant with God and all powers to establish peace, love and spirit in the world. The incomprehensible has become a reality. There is no salvation for humanity without being rooted in these highest archetypes. Breathtaking and groundbreaking reconnaissance!"},{"@type":"BreadcrumbList","@id":"https:\/\/www.schellhammerinstitute.com\/product\/the-archetypal-processes-of-the-soul-the-hope-for-humanity\/#breadcrumb","itemListElement":[{"@type":"ListItem","position":1,"name":"Home","item":"https:\/\/www.schellhammerinstitute.com\/"},{"@type":"ListItem","position":2,"name":"Shop","item":"https:\/\/www.schellhammerinstitute.com\/shop\/"},{"@type":"ListItem","position":3,"name":"The Archetypal Processes of the Soul: The Hope for Humanity"}]},{"@type":"WebSite","@id":"https:\/\/www.schellhammerinstitute.com\/#website","url":"https:\/\/www.schellhammerinstitute.com\/","name":"Instituci\u00f3n Schellhammer","description":"Queremos cambiar el mundo a mejor","publisher":{"@id":"https:\/\/www.schellhammerinstitute.com\/#organization"},"alternateName":"The Schellhamer Institute","potentialAction":[{"@type":"SearchAction","target":{"@type":"EntryPoint","urlTemplate":"https:\/\/www.schellhammerinstitute.com\/?s={search_term_string}"},"query-input":{"@type":"PropertyValueSpecification","valueRequired":true,"valueName":"search_term_string"}}],"inLanguage":"es"},{"@type":"Organization","@id":"https:\/\/www.schellhammerinstitute.com\/#organization","name":"Instituci\u00f3n Schellhammer","alternateName":"Schellhammer Institute","url":"https:\/\/www.schellhammerinstitute.com\/","logo":{"@type":"ImageObject","inLanguage":"es","@id":"https:\/\/www.schellhammerinstitute.com\/#\/schema\/logo\/image\/","url":"https:\/\/www.schellhammerinstitute.com\/wp-content\/uploads\/cropped-4-Photoroom.png","contentUrl":"https:\/\/www.schellhammerinstitute.com\/wp-content\/uploads\/cropped-4-Photoroom.png","width":902,"height":901,"caption":"Schellhammer Institute"},"image":{"@id":"https:\/\/www.schellhammerinstitute.com\/#\/schema\/logo\/image\/"},"sameAs":["https:\/\/www.facebook.com\/schellhammerinstitute","https:\/\/www.instagram.com\/schellhammerinstitute","https:\/\/www.linkedin.com\/company\/schellhammerinstitute"]}]}},"jetpack_sharing_enabled":true,"_links":{"self":[{"href":"https:\/\/www.schellhammerinstitute.com\/es\/wp-json\/wp\/v2\/product\/13855","targetHints":{"allow":["GET"]}}],"collection":[{"href":"https:\/\/www.schellhammerinstitute.com\/es\/wp-json\/wp\/v2\/product"}],"about":[{"href":"https:\/\/www.schellhammerinstitute.com\/es\/wp-json\/wp\/v2\/types\/product"}],"replies":[{"embeddable":true,"href":"https:\/\/www.schellhammerinstitute.com\/es\/wp-json\/wp\/v2\/comments?post=13855"}],"version-history":[{"count":0,"href":"https:\/\/www.schellhammerinstitute.com\/es\/wp-json\/wp\/v2\/product\/13855\/revisions"}],"wp:featuredmedia":[{"embeddable":true,"href":"https:\/\/www.schellhammerinstitute.com\/es\/wp-json\/wp\/v2\/media\/10026"}],"wp:attachment":[{"href":"https:\/\/www.schellhammerinstitute.com\/es\/wp-json\/wp\/v2\/media?parent=13855"}],"wp:term":[{"taxonomy":"product_brand","embeddable":true,"href":"https:\/\/www.schellhammerinstitute.com\/es\/wp-json\/wp\/v2\/product_brand?post=13855"},{"taxonomy":"product_cat","embeddable":true,"href":"https:\/\/www.schellhammerinstitute.com\/es\/wp-json\/wp\/v2\/product_cat?post=13855"},{"taxonomy":"product_tag","embeddable":true,"href":"https:\/\/www.schellhammerinstitute.com\/es\/wp-json\/wp\/v2\/product_tag?post=13855"}],"curies":[{"name":"wp","href":"https:\/\/api.w.org\/{rel}","templated":true}]}}