{"id":13846,"date":"2024-01-10T09:54:07","date_gmt":"2024-01-10T09:54:07","guid":{"rendered":"https:\/\/www.schellhammerinstitute.com\/?post_type=product&#038;p=13846"},"modified":"2024-01-22T14:23:23","modified_gmt":"2024-01-22T14:23:23","slug":"las-22-funciones-mentales","status":"publish","type":"product","link":"https:\/\/www.schellhammerinstitute.com\/es\/producto\/las-22-funciones-mentales\/","title":{"rendered":"Las 22 funciones mentales"},"content":{"rendered":"","protected":false},"excerpt":{"rendered":"<p>Todos debemos aprender a explorar nuestro mundo mental interior, formar parte de \u00e9l y cultivar la paz interior que todos buscamos. Aunque la tecnolog\u00eda nos ofrece comodidad y amplitud de conocimientos, se basa en una comprensi\u00f3n superficial del mundo humano que, por un lado, proporciona un intercambio racionalista de informaci\u00f3n y, por otro, una satisfacci\u00f3n materialista, sin la profundidad necesaria para mejorar nuestro mundo interior. Numerosas enfermedades psicosom\u00e1ticas y problemas ps\u00edquicos tienen una relaci\u00f3n directa con el estado de nuestro mundo interior mental. Las causas suelen estar ah\u00ed. La realidad humana interior es intangible.<\/p>\n<p>este libro abre la puerta a este mundo interior mental y facilita su comprensi\u00f3n de c\u00f3mo funciona. En la sociedad actual, explorar y desarrollar sus propias 22 funciones mentales es m\u00e1s importante que nunca.<\/p>","protected":false},"featured_media":9999,"comment_status":"closed","ping_status":"closed","template":"","meta":{"saved_in_kubio":false},"product_brand":[],"product_cat":[292,296,290],"product_tag":[],"class_list":{"0":"post-13846","1":"product","2":"type-product","3":"status-publish","4":"has-post-thumbnail","6":"product_cat-english-books","7":"product_cat-philosophy","8":"product_cat-psychology","10":"first","11":"instock","12":"shipping-taxable","13":"purchasable","14":"product-type-simple"},"yoast_head":"<!-- This site is optimized with the Yoast SEO plugin v27.3 - https:\/\/yoast.com\/product\/yoast-seo-wordpress\/ -->\n<title>The 22 Mental Functions | Schellhammer Institute<\/title>\n<meta name=\"description\" content=\"Whilst technology offers us convenience and breadth of knowledge it is nevertheless based on a superficial understanding of the human world delivering a rationalistic exchange of information on the one hand materialistic fulfilment on the other, lacking the necessary depth that can enhance our inner world.\" \/>\n<meta name=\"robots\" content=\"index, follow, max-snippet:-1, max-image-preview:large, max-video-preview:-1\" \/>\n<link rel=\"canonical\" href=\"https:\/\/www.schellhammerinstitute.com\/es\/producto\/las-22-funciones-mentales\/\" \/>\n<meta property=\"og:locale\" content=\"es_ES\" \/>\n<meta property=\"og:type\" content=\"article\" \/>\n<meta property=\"og:title\" content=\"The 22 Mental Functions | Schellhammer Institute\" \/>\n<meta property=\"og:description\" content=\"Whilst technology offers us convenience and breadth of knowledge it is nevertheless based on a superficial understanding of the human world delivering a rationalistic exchange of information on the one hand materialistic fulfilment on the other, lacking the necessary depth that can enhance our inner world.\" \/>\n<meta property=\"og:url\" content=\"https:\/\/www.schellhammerinstitute.com\/es\/producto\/las-22-funciones-mentales\/\" \/>\n<meta property=\"og:site_name\" content=\"Schellhammer Institute\" \/>\n<meta property=\"article:publisher\" content=\"https:\/\/www.facebook.com\/schellhammerinstitute\" \/>\n<meta property=\"article:modified_time\" content=\"2024-01-22T14:23:23+00:00\" \/>\n<meta property=\"og:image\" content=\"https:\/\/www.schellhammerinstitute.com\/wp-content\/uploads\/the-22-mental-funtions.jpg\" \/>\n\t<meta property=\"og:image:width\" content=\"386\" \/>\n\t<meta property=\"og:image:height\" content=\"500\" \/>\n\t<meta property=\"og:image:type\" content=\"image\/jpeg\" \/>\n<meta name=\"twitter:card\" content=\"summary_large_image\" \/>\n<meta name=\"twitter:label1\" content=\"Tiempo de lectura\" \/>\n\t<meta name=\"twitter:data1\" content=\"1 minuto\" \/>\n<script type=\"application\/ld+json\" class=\"yoast-schema-graph\">{\"@context\":\"https:\\\/\\\/schema.org\",\"@graph\":[{\"@type\":\"WebPage\",\"@id\":\"https:\\\/\\\/www.schellhammerinstitute.com\\\/product\\\/the-22-mental-functions\\\/\",\"url\":\"https:\\\/\\\/www.schellhammerinstitute.com\\\/product\\\/the-22-mental-functions\\\/\",\"name\":\"The 22 Mental Functions | Schellhammer Institute\",\"isPartOf\":{\"@id\":\"https:\\\/\\\/www.schellhammerinstitute.com\\\/#website\"},\"primaryImageOfPage\":{\"@id\":\"https:\\\/\\\/www.schellhammerinstitute.com\\\/product\\\/the-22-mental-functions\\\/#primaryimage\"},\"image\":{\"@id\":\"https:\\\/\\\/www.schellhammerinstitute.com\\\/product\\\/the-22-mental-functions\\\/#primaryimage\"},\"thumbnailUrl\":\"https:\\\/\\\/www.schellhammerinstitute.com\\\/wp-content\\\/uploads\\\/the-22-mental-funtions.jpg\",\"datePublished\":\"2024-01-10T09:54:07+00:00\",\"dateModified\":\"2024-01-22T14:23:23+00:00\",\"description\":\"Whilst technology offers us convenience and breadth of knowledge it is nevertheless based on a superficial understanding of the human world delivering a rationalistic exchange of information on the one hand materialistic fulfilment on the other, lacking the necessary depth that can enhance our inner world.\",\"breadcrumb\":{\"@id\":\"https:\\\/\\\/www.schellhammerinstitute.com\\\/product\\\/the-22-mental-functions\\\/#breadcrumb\"},\"inLanguage\":\"es\",\"potentialAction\":[{\"@type\":\"ReadAction\",\"target\":[\"https:\\\/\\\/www.schellhammerinstitute.com\\\/product\\\/the-22-mental-functions\\\/\"]}]},{\"@type\":\"ImageObject\",\"inLanguage\":\"es\",\"@id\":\"https:\\\/\\\/www.schellhammerinstitute.com\\\/product\\\/the-22-mental-functions\\\/#primaryimage\",\"url\":\"https:\\\/\\\/www.schellhammerinstitute.com\\\/wp-content\\\/uploads\\\/the-22-mental-funtions.jpg\",\"contentUrl\":\"https:\\\/\\\/www.schellhammerinstitute.com\\\/wp-content\\\/uploads\\\/the-22-mental-funtions.jpg\",\"width\":386,\"height\":500,\"caption\":\"All of us must learn to explore our mental inner world, be part of it and cultivate the inner peace we all seek. Whilst technology offers us convenience and breadth of knowledge it is nevertheless based on a superficial understanding of the human world delivering a rationalistic exchange of information on the one hand materialistic fulfilment on the other, lacking the necessary depth that can enhance our inner world. Numerous psychosomatic illnesses and psychical problems have a direct relationship on the state of our mental inner world. The causes are often there. the inner human reality is intangible. this book opens the door to this mental inner world and facilitates its understanding of how it works. In today's society exploring and developing your own 22 mental functions is more important than ever before.\"},{\"@type\":\"BreadcrumbList\",\"@id\":\"https:\\\/\\\/www.schellhammerinstitute.com\\\/product\\\/the-22-mental-functions\\\/#breadcrumb\",\"itemListElement\":[{\"@type\":\"ListItem\",\"position\":1,\"name\":\"Home\",\"item\":\"https:\\\/\\\/www.schellhammerinstitute.com\\\/\"},{\"@type\":\"ListItem\",\"position\":2,\"name\":\"Shop\",\"item\":\"https:\\\/\\\/www.schellhammerinstitute.com\\\/shop\\\/\"},{\"@type\":\"ListItem\",\"position\":3,\"name\":\"The 22 Mental Functions\"}]},{\"@type\":\"WebSite\",\"@id\":\"https:\\\/\\\/www.schellhammerinstitute.com\\\/#website\",\"url\":\"https:\\\/\\\/www.schellhammerinstitute.com\\\/\",\"name\":\"Schellhammer Institute\",\"description\":\"We want to change the world for the better\",\"publisher\":{\"@id\":\"https:\\\/\\\/www.schellhammerinstitute.com\\\/#organization\"},\"alternateName\":\"The Schellhamer Institute\",\"potentialAction\":[{\"@type\":\"SearchAction\",\"target\":{\"@type\":\"EntryPoint\",\"urlTemplate\":\"https:\\\/\\\/www.schellhammerinstitute.com\\\/?s={search_term_string}\"},\"query-input\":{\"@type\":\"PropertyValueSpecification\",\"valueRequired\":true,\"valueName\":\"search_term_string\"}}],\"inLanguage\":\"es\"},{\"@type\":\"Organization\",\"@id\":\"https:\\\/\\\/www.schellhammerinstitute.com\\\/#organization\",\"name\":\"Schellhammer Institute\",\"alternateName\":\"Schellhammer Institute\",\"url\":\"https:\\\/\\\/www.schellhammerinstitute.com\\\/\",\"logo\":{\"@type\":\"ImageObject\",\"inLanguage\":\"es\",\"@id\":\"https:\\\/\\\/www.schellhammerinstitute.com\\\/#\\\/schema\\\/logo\\\/image\\\/\",\"url\":\"https:\\\/\\\/www.schellhammerinstitute.com\\\/wp-content\\\/uploads\\\/cropped-4-Photoroom.png\",\"contentUrl\":\"https:\\\/\\\/www.schellhammerinstitute.com\\\/wp-content\\\/uploads\\\/cropped-4-Photoroom.png\",\"width\":902,\"height\":901,\"caption\":\"Schellhammer Institute\"},\"image\":{\"@id\":\"https:\\\/\\\/www.schellhammerinstitute.com\\\/#\\\/schema\\\/logo\\\/image\\\/\"},\"sameAs\":[\"https:\\\/\\\/www.facebook.com\\\/schellhammerinstitute\",\"https:\\\/\\\/www.instagram.com\\\/schellhammerinstitute\",\"https:\\\/\\\/www.linkedin.com\\\/company\\\/schellhammerinstitute\"]}]}<\/script>\n<!-- \/ Yoast SEO plugin. -->","yoast_head_json":{"title":"The 22 Mental Functions | Schellhammer Institute","description":"Aunque la tecnolog\u00eda nos ofrece comodidad y amplitud de conocimientos, se basa en una comprensi\u00f3n superficial del mundo humano que, por un lado, proporciona un intercambio racionalista de informaci\u00f3n y, por otro, una satisfacci\u00f3n materialista, sin la profundidad necesaria para mejorar nuestro mundo interior.","robots":{"index":"index","follow":"follow","max-snippet":"max-snippet:-1","max-image-preview":"max-image-preview:large","max-video-preview":"max-video-preview:-1"},"canonical":"https:\/\/www.schellhammerinstitute.com\/es\/producto\/las-22-funciones-mentales\/","og_locale":"es_ES","og_type":"article","og_title":"The 22 Mental Functions | Schellhammer Institute","og_description":"Whilst technology offers us convenience and breadth of knowledge it is nevertheless based on a superficial understanding of the human world delivering a rationalistic exchange of information on the one hand materialistic fulfilment on the other, lacking the necessary depth that can enhance our inner world.","og_url":"https:\/\/www.schellhammerinstitute.com\/es\/producto\/las-22-funciones-mentales\/","og_site_name":"Schellhammer Institute","article_publisher":"https:\/\/www.facebook.com\/schellhammerinstitute","article_modified_time":"2024-01-22T14:23:23+00:00","og_image":[{"width":386,"height":500,"url":"https:\/\/www.schellhammerinstitute.com\/wp-content\/uploads\/the-22-mental-funtions.jpg","type":"image\/jpeg"}],"twitter_card":"summary_large_image","twitter_misc":{"Tiempo de lectura":"1 minuto"},"schema":{"@context":"https:\/\/schema.org","@graph":[{"@type":"WebPage","@id":"https:\/\/www.schellhammerinstitute.com\/product\/the-22-mental-functions\/","url":"https:\/\/www.schellhammerinstitute.com\/product\/the-22-mental-functions\/","name":"The 22 Mental Functions | Schellhammer Institute","isPartOf":{"@id":"https:\/\/www.schellhammerinstitute.com\/#website"},"primaryImageOfPage":{"@id":"https:\/\/www.schellhammerinstitute.com\/product\/the-22-mental-functions\/#primaryimage"},"image":{"@id":"https:\/\/www.schellhammerinstitute.com\/product\/the-22-mental-functions\/#primaryimage"},"thumbnailUrl":"https:\/\/www.schellhammerinstitute.com\/wp-content\/uploads\/the-22-mental-funtions.jpg","datePublished":"2024-01-10T09:54:07+00:00","dateModified":"2024-01-22T14:23:23+00:00","description":"Aunque la tecnolog\u00eda nos ofrece comodidad y amplitud de conocimientos, se basa en una comprensi\u00f3n superficial del mundo humano que, por un lado, proporciona un intercambio racionalista de informaci\u00f3n y, por otro, una satisfacci\u00f3n materialista, sin la profundidad necesaria para mejorar nuestro mundo interior.","breadcrumb":{"@id":"https:\/\/www.schellhammerinstitute.com\/product\/the-22-mental-functions\/#breadcrumb"},"inLanguage":"es","potentialAction":[{"@type":"ReadAction","target":["https:\/\/www.schellhammerinstitute.com\/product\/the-22-mental-functions\/"]}]},{"@type":"ImageObject","inLanguage":"es","@id":"https:\/\/www.schellhammerinstitute.com\/product\/the-22-mental-functions\/#primaryimage","url":"https:\/\/www.schellhammerinstitute.com\/wp-content\/uploads\/the-22-mental-funtions.jpg","contentUrl":"https:\/\/www.schellhammerinstitute.com\/wp-content\/uploads\/the-22-mental-funtions.jpg","width":386,"height":500,"caption":"All of us must learn to explore our mental inner world, be part of it and cultivate the inner peace we all seek. Whilst technology offers us convenience and breadth of knowledge it is nevertheless based on a superficial understanding of the human world delivering a rationalistic exchange of information on the one hand materialistic fulfilment on the other, lacking the necessary depth that can enhance our inner world. Numerous psychosomatic illnesses and psychical problems have a direct relationship on the state of our mental inner world. The causes are often there. the inner human reality is intangible. this book opens the door to this mental inner world and facilitates its understanding of how it works. In today's society exploring and developing your own 22 mental functions is more important than ever before."},{"@type":"BreadcrumbList","@id":"https:\/\/www.schellhammerinstitute.com\/product\/the-22-mental-functions\/#breadcrumb","itemListElement":[{"@type":"ListItem","position":1,"name":"Home","item":"https:\/\/www.schellhammerinstitute.com\/"},{"@type":"ListItem","position":2,"name":"Shop","item":"https:\/\/www.schellhammerinstitute.com\/shop\/"},{"@type":"ListItem","position":3,"name":"The 22 Mental Functions"}]},{"@type":"WebSite","@id":"https:\/\/www.schellhammerinstitute.com\/#website","url":"https:\/\/www.schellhammerinstitute.com\/","name":"Instituci\u00f3n Schellhammer","description":"Queremos cambiar el mundo a mejor","publisher":{"@id":"https:\/\/www.schellhammerinstitute.com\/#organization"},"alternateName":"The Schellhamer Institute","potentialAction":[{"@type":"SearchAction","target":{"@type":"EntryPoint","urlTemplate":"https:\/\/www.schellhammerinstitute.com\/?s={search_term_string}"},"query-input":{"@type":"PropertyValueSpecification","valueRequired":true,"valueName":"search_term_string"}}],"inLanguage":"es"},{"@type":"Organization","@id":"https:\/\/www.schellhammerinstitute.com\/#organization","name":"Instituci\u00f3n Schellhammer","alternateName":"Schellhammer Institute","url":"https:\/\/www.schellhammerinstitute.com\/","logo":{"@type":"ImageObject","inLanguage":"es","@id":"https:\/\/www.schellhammerinstitute.com\/#\/schema\/logo\/image\/","url":"https:\/\/www.schellhammerinstitute.com\/wp-content\/uploads\/cropped-4-Photoroom.png","contentUrl":"https:\/\/www.schellhammerinstitute.com\/wp-content\/uploads\/cropped-4-Photoroom.png","width":902,"height":901,"caption":"Schellhammer Institute"},"image":{"@id":"https:\/\/www.schellhammerinstitute.com\/#\/schema\/logo\/image\/"},"sameAs":["https:\/\/www.facebook.com\/schellhammerinstitute","https:\/\/www.instagram.com\/schellhammerinstitute","https:\/\/www.linkedin.com\/company\/schellhammerinstitute"]}]}},"jetpack_sharing_enabled":true,"_links":{"self":[{"href":"https:\/\/www.schellhammerinstitute.com\/es\/wp-json\/wp\/v2\/product\/13846","targetHints":{"allow":["GET"]}}],"collection":[{"href":"https:\/\/www.schellhammerinstitute.com\/es\/wp-json\/wp\/v2\/product"}],"about":[{"href":"https:\/\/www.schellhammerinstitute.com\/es\/wp-json\/wp\/v2\/types\/product"}],"replies":[{"embeddable":true,"href":"https:\/\/www.schellhammerinstitute.com\/es\/wp-json\/wp\/v2\/comments?post=13846"}],"version-history":[{"count":0,"href":"https:\/\/www.schellhammerinstitute.com\/es\/wp-json\/wp\/v2\/product\/13846\/revisions"}],"wp:featuredmedia":[{"embeddable":true,"href":"https:\/\/www.schellhammerinstitute.com\/es\/wp-json\/wp\/v2\/media\/9999"}],"wp:attachment":[{"href":"https:\/\/www.schellhammerinstitute.com\/es\/wp-json\/wp\/v2\/media?parent=13846"}],"wp:term":[{"taxonomy":"product_brand","embeddable":true,"href":"https:\/\/www.schellhammerinstitute.com\/es\/wp-json\/wp\/v2\/product_brand?post=13846"},{"taxonomy":"product_cat","embeddable":true,"href":"https:\/\/www.schellhammerinstitute.com\/es\/wp-json\/wp\/v2\/product_cat?post=13846"},{"taxonomy":"product_tag","embeddable":true,"href":"https:\/\/www.schellhammerinstitute.com\/es\/wp-json\/wp\/v2\/product_tag?post=13846"}],"curies":[{"name":"wp","href":"https:\/\/api.w.org\/{rel}","templated":true}]}}