{"id":13841,"date":"2024-01-10T09:47:35","date_gmt":"2024-01-10T09:47:35","guid":{"rendered":"https:\/\/www.schellhammerinstitute.com\/?post_type=product&#038;p=13841"},"modified":"2024-01-10T09:48:03","modified_gmt":"2024-01-10T09:48:03","slug":"arquitectura-de-la-mente","status":"publish","type":"product","link":"https:\/\/www.schellhammerinstitute.com\/es\/producto\/arquitectura-de-la-mente\/","title":{"rendered":"Arquitectura de la mente"},"content":{"rendered":"","protected":false},"excerpt":{"rendered":"<p>La mayor\u00eda de las funciones mentales del desarrollo prenatal est\u00e1n interrelacionadas, se influyen mutuamente y requieren un equilibrio m\u00faltiple. Incluso en las etapas prenatales de la vida, muchas funciones mentales en desarrollo se ven cada vez m\u00e1s sofocadas, atrofiadas o da\u00f1adas por factores como los padres, las personas en general y los entornos sociales, la ideocracia y la rigidez colectivas, la religi\u00f3n, la pol\u00edtica, la econom\u00eda, el marketing y el medio ambiente.<\/p>","protected":false},"featured_media":9747,"comment_status":"closed","ping_status":"closed","template":"","meta":{"saved_in_kubio":false},"product_brand":[],"product_cat":[297,292,296,290],"product_tag":[],"class_list":{"0":"post-13841","1":"product","2":"type-product","3":"status-publish","4":"has-post-thumbnail","6":"product_cat-education","7":"product_cat-english-books","8":"product_cat-philosophy","9":"product_cat-psychology","11":"first","12":"instock","13":"shipping-taxable","14":"purchasable","15":"product-type-simple"},"yoast_head":"<!-- This site is optimized with the Yoast SEO plugin v27.3 - https:\/\/yoast.com\/product\/yoast-seo-wordpress\/ -->\n<title>Architecture of the Mind | Schellhammer Institute<\/title>\n<meta name=\"description\" content=\"Mental functions in prenatal development are interrelated, influence each other, and require multiple balance. Even in the prenatal stages of life many developing mental functions are increasingly suffocated, stunted or damaged by factors such as, parents, people in general and social environments, collective ideocracy and rigidity, religion, politics, the economy, marketing, and the environment.\" \/>\n<meta name=\"robots\" content=\"index, follow, max-snippet:-1, max-image-preview:large, max-video-preview:-1\" \/>\n<link rel=\"canonical\" href=\"https:\/\/www.schellhammerinstitute.com\/es\/producto\/arquitectura-de-la-mente\/\" \/>\n<meta property=\"og:locale\" content=\"es_ES\" \/>\n<meta property=\"og:type\" content=\"article\" \/>\n<meta property=\"og:title\" content=\"Architecture of the Mind | Schellhammer Institute\" \/>\n<meta property=\"og:description\" content=\"Mental functions in prenatal development are interrelated, influence each other, and require multiple balance. Even in the prenatal stages of life many developing mental functions are increasingly suffocated, stunted or damaged by factors such as, parents, people in general and social environments, collective ideocracy and rigidity, religion, politics, the economy, marketing, and the environment.\" \/>\n<meta property=\"og:url\" content=\"https:\/\/www.schellhammerinstitute.com\/es\/producto\/arquitectura-de-la-mente\/\" \/>\n<meta property=\"og:site_name\" content=\"Schellhammer Institute\" \/>\n<meta property=\"article:publisher\" content=\"https:\/\/www.facebook.com\/schellhammerinstitute\" \/>\n<meta property=\"article:modified_time\" content=\"2024-01-10T09:48:03+00:00\" \/>\n<meta property=\"og:image\" content=\"https:\/\/www.schellhammerinstitute.com\/wp-content\/uploads\/architypes-of-the-mind.jpg\" \/>\n\t<meta property=\"og:image:width\" content=\"773\" \/>\n\t<meta property=\"og:image:height\" content=\"1000\" \/>\n\t<meta property=\"og:image:type\" content=\"image\/jpeg\" \/>\n<meta name=\"twitter:card\" content=\"summary_large_image\" \/>\n<meta name=\"twitter:label1\" content=\"Tiempo de lectura\" \/>\n\t<meta name=\"twitter:data1\" content=\"1 minuto\" \/>\n<script type=\"application\/ld+json\" class=\"yoast-schema-graph\">{\"@context\":\"https:\\\/\\\/schema.org\",\"@graph\":[{\"@type\":\"WebPage\",\"@id\":\"https:\\\/\\\/www.schellhammerinstitute.com\\\/product\\\/architecture-of-the-mind\\\/\",\"url\":\"https:\\\/\\\/www.schellhammerinstitute.com\\\/product\\\/architecture-of-the-mind\\\/\",\"name\":\"Architecture of the Mind | Schellhammer Institute\",\"isPartOf\":{\"@id\":\"https:\\\/\\\/www.schellhammerinstitute.com\\\/#website\"},\"primaryImageOfPage\":{\"@id\":\"https:\\\/\\\/www.schellhammerinstitute.com\\\/product\\\/architecture-of-the-mind\\\/#primaryimage\"},\"image\":{\"@id\":\"https:\\\/\\\/www.schellhammerinstitute.com\\\/product\\\/architecture-of-the-mind\\\/#primaryimage\"},\"thumbnailUrl\":\"https:\\\/\\\/www.schellhammerinstitute.com\\\/wp-content\\\/uploads\\\/architypes-of-the-mind.jpg\",\"datePublished\":\"2024-01-10T09:47:35+00:00\",\"dateModified\":\"2024-01-10T09:48:03+00:00\",\"description\":\"Mental functions in prenatal development are interrelated, influence each other, and require multiple balance. Even in the prenatal stages of life many developing mental functions are increasingly suffocated, stunted or damaged by factors such as, parents, people in general and social environments, collective ideocracy and rigidity, religion, politics, the economy, marketing, and the environment.\",\"breadcrumb\":{\"@id\":\"https:\\\/\\\/www.schellhammerinstitute.com\\\/product\\\/architecture-of-the-mind\\\/#breadcrumb\"},\"inLanguage\":\"es\",\"potentialAction\":[{\"@type\":\"ReadAction\",\"target\":[\"https:\\\/\\\/www.schellhammerinstitute.com\\\/product\\\/architecture-of-the-mind\\\/\"]}]},{\"@type\":\"ImageObject\",\"inLanguage\":\"es\",\"@id\":\"https:\\\/\\\/www.schellhammerinstitute.com\\\/product\\\/architecture-of-the-mind\\\/#primaryimage\",\"url\":\"https:\\\/\\\/www.schellhammerinstitute.com\\\/wp-content\\\/uploads\\\/architypes-of-the-mind.jpg\",\"contentUrl\":\"https:\\\/\\\/www.schellhammerinstitute.com\\\/wp-content\\\/uploads\\\/architypes-of-the-mind.jpg\",\"width\":773,\"height\":1000,\"caption\":\"Most mental functions in prenatal development are interrelated, influence each other, and require multiple balance. Even in the prenatal stages of life many developing mental functions are increasingly suffocated, stunted or damaged by factors such as, parents, people in general and social environments, collective ideocracy and rigidity, religion, politics, the economy, marketing, and the environment.\"},{\"@type\":\"BreadcrumbList\",\"@id\":\"https:\\\/\\\/www.schellhammerinstitute.com\\\/product\\\/architecture-of-the-mind\\\/#breadcrumb\",\"itemListElement\":[{\"@type\":\"ListItem\",\"position\":1,\"name\":\"Home\",\"item\":\"https:\\\/\\\/www.schellhammerinstitute.com\\\/\"},{\"@type\":\"ListItem\",\"position\":2,\"name\":\"Shop\",\"item\":\"https:\\\/\\\/www.schellhammerinstitute.com\\\/shop\\\/\"},{\"@type\":\"ListItem\",\"position\":3,\"name\":\"Architecture of the Mind\"}]},{\"@type\":\"WebSite\",\"@id\":\"https:\\\/\\\/www.schellhammerinstitute.com\\\/#website\",\"url\":\"https:\\\/\\\/www.schellhammerinstitute.com\\\/\",\"name\":\"Schellhammer Institute\",\"description\":\"We want to change the world for the better\",\"publisher\":{\"@id\":\"https:\\\/\\\/www.schellhammerinstitute.com\\\/#organization\"},\"alternateName\":\"The Schellhamer Institute\",\"potentialAction\":[{\"@type\":\"SearchAction\",\"target\":{\"@type\":\"EntryPoint\",\"urlTemplate\":\"https:\\\/\\\/www.schellhammerinstitute.com\\\/?s={search_term_string}\"},\"query-input\":{\"@type\":\"PropertyValueSpecification\",\"valueRequired\":true,\"valueName\":\"search_term_string\"}}],\"inLanguage\":\"es\"},{\"@type\":\"Organization\",\"@id\":\"https:\\\/\\\/www.schellhammerinstitute.com\\\/#organization\",\"name\":\"Schellhammer Institute\",\"alternateName\":\"Schellhammer Institute\",\"url\":\"https:\\\/\\\/www.schellhammerinstitute.com\\\/\",\"logo\":{\"@type\":\"ImageObject\",\"inLanguage\":\"es\",\"@id\":\"https:\\\/\\\/www.schellhammerinstitute.com\\\/#\\\/schema\\\/logo\\\/image\\\/\",\"url\":\"https:\\\/\\\/www.schellhammerinstitute.com\\\/wp-content\\\/uploads\\\/cropped-4-Photoroom.png\",\"contentUrl\":\"https:\\\/\\\/www.schellhammerinstitute.com\\\/wp-content\\\/uploads\\\/cropped-4-Photoroom.png\",\"width\":902,\"height\":901,\"caption\":\"Schellhammer Institute\"},\"image\":{\"@id\":\"https:\\\/\\\/www.schellhammerinstitute.com\\\/#\\\/schema\\\/logo\\\/image\\\/\"},\"sameAs\":[\"https:\\\/\\\/www.facebook.com\\\/schellhammerinstitute\",\"https:\\\/\\\/www.instagram.com\\\/schellhammerinstitute\",\"https:\\\/\\\/www.linkedin.com\\\/company\\\/schellhammerinstitute\"]}]}<\/script>\n<!-- \/ Yoast SEO plugin. -->","yoast_head_json":{"title":"Architecture of the Mind | Schellhammer Institute","description":"Las funciones mentales en el desarrollo prenatal est\u00e1n interrelacionadas, se influyen mutuamente y requieren un equilibrio m\u00faltiple. Incluso en las etapas prenatales de la vida, muchas funciones mentales en desarrollo se ven cada vez m\u00e1s sofocadas, atrofiadas o da\u00f1adas por factores como los padres, las personas en general y los entornos sociales, la ideocracia y la rigidez colectivas, la religi\u00f3n, la pol\u00edtica, la econom\u00eda, el marketing y el medio ambiente.","robots":{"index":"index","follow":"follow","max-snippet":"max-snippet:-1","max-image-preview":"max-image-preview:large","max-video-preview":"max-video-preview:-1"},"canonical":"https:\/\/www.schellhammerinstitute.com\/es\/producto\/arquitectura-de-la-mente\/","og_locale":"es_ES","og_type":"article","og_title":"Architecture of the Mind | Schellhammer Institute","og_description":"Mental functions in prenatal development are interrelated, influence each other, and require multiple balance. Even in the prenatal stages of life many developing mental functions are increasingly suffocated, stunted or damaged by factors such as, parents, people in general and social environments, collective ideocracy and rigidity, religion, politics, the economy, marketing, and the environment.","og_url":"https:\/\/www.schellhammerinstitute.com\/es\/producto\/arquitectura-de-la-mente\/","og_site_name":"Schellhammer Institute","article_publisher":"https:\/\/www.facebook.com\/schellhammerinstitute","article_modified_time":"2024-01-10T09:48:03+00:00","og_image":[{"width":773,"height":1000,"url":"https:\/\/www.schellhammerinstitute.com\/wp-content\/uploads\/architypes-of-the-mind.jpg","type":"image\/jpeg"}],"twitter_card":"summary_large_image","twitter_misc":{"Tiempo de lectura":"1 minuto"},"schema":{"@context":"https:\/\/schema.org","@graph":[{"@type":"WebPage","@id":"https:\/\/www.schellhammerinstitute.com\/product\/architecture-of-the-mind\/","url":"https:\/\/www.schellhammerinstitute.com\/product\/architecture-of-the-mind\/","name":"Architecture of the Mind | Schellhammer Institute","isPartOf":{"@id":"https:\/\/www.schellhammerinstitute.com\/#website"},"primaryImageOfPage":{"@id":"https:\/\/www.schellhammerinstitute.com\/product\/architecture-of-the-mind\/#primaryimage"},"image":{"@id":"https:\/\/www.schellhammerinstitute.com\/product\/architecture-of-the-mind\/#primaryimage"},"thumbnailUrl":"https:\/\/www.schellhammerinstitute.com\/wp-content\/uploads\/architypes-of-the-mind.jpg","datePublished":"2024-01-10T09:47:35+00:00","dateModified":"2024-01-10T09:48:03+00:00","description":"Las funciones mentales en el desarrollo prenatal est\u00e1n interrelacionadas, se influyen mutuamente y requieren un equilibrio m\u00faltiple. Incluso en las etapas prenatales de la vida, muchas funciones mentales en desarrollo se ven cada vez m\u00e1s sofocadas, atrofiadas o da\u00f1adas por factores como los padres, las personas en general y los entornos sociales, la ideocracia y la rigidez colectivas, la religi\u00f3n, la pol\u00edtica, la econom\u00eda, el marketing y el medio ambiente.","breadcrumb":{"@id":"https:\/\/www.schellhammerinstitute.com\/product\/architecture-of-the-mind\/#breadcrumb"},"inLanguage":"es","potentialAction":[{"@type":"ReadAction","target":["https:\/\/www.schellhammerinstitute.com\/product\/architecture-of-the-mind\/"]}]},{"@type":"ImageObject","inLanguage":"es","@id":"https:\/\/www.schellhammerinstitute.com\/product\/architecture-of-the-mind\/#primaryimage","url":"https:\/\/www.schellhammerinstitute.com\/wp-content\/uploads\/architypes-of-the-mind.jpg","contentUrl":"https:\/\/www.schellhammerinstitute.com\/wp-content\/uploads\/architypes-of-the-mind.jpg","width":773,"height":1000,"caption":"Most mental functions in prenatal development are interrelated, influence each other, and require multiple balance. Even in the prenatal stages of life many developing mental functions are increasingly suffocated, stunted or damaged by factors such as, parents, people in general and social environments, collective ideocracy and rigidity, religion, politics, the economy, marketing, and the environment."},{"@type":"BreadcrumbList","@id":"https:\/\/www.schellhammerinstitute.com\/product\/architecture-of-the-mind\/#breadcrumb","itemListElement":[{"@type":"ListItem","position":1,"name":"Home","item":"https:\/\/www.schellhammerinstitute.com\/"},{"@type":"ListItem","position":2,"name":"Shop","item":"https:\/\/www.schellhammerinstitute.com\/shop\/"},{"@type":"ListItem","position":3,"name":"Architecture of the Mind"}]},{"@type":"WebSite","@id":"https:\/\/www.schellhammerinstitute.com\/#website","url":"https:\/\/www.schellhammerinstitute.com\/","name":"Instituci\u00f3n Schellhammer","description":"Queremos cambiar el mundo a mejor","publisher":{"@id":"https:\/\/www.schellhammerinstitute.com\/#organization"},"alternateName":"The Schellhamer Institute","potentialAction":[{"@type":"SearchAction","target":{"@type":"EntryPoint","urlTemplate":"https:\/\/www.schellhammerinstitute.com\/?s={search_term_string}"},"query-input":{"@type":"PropertyValueSpecification","valueRequired":true,"valueName":"search_term_string"}}],"inLanguage":"es"},{"@type":"Organization","@id":"https:\/\/www.schellhammerinstitute.com\/#organization","name":"Instituci\u00f3n Schellhammer","alternateName":"Schellhammer Institute","url":"https:\/\/www.schellhammerinstitute.com\/","logo":{"@type":"ImageObject","inLanguage":"es","@id":"https:\/\/www.schellhammerinstitute.com\/#\/schema\/logo\/image\/","url":"https:\/\/www.schellhammerinstitute.com\/wp-content\/uploads\/cropped-4-Photoroom.png","contentUrl":"https:\/\/www.schellhammerinstitute.com\/wp-content\/uploads\/cropped-4-Photoroom.png","width":902,"height":901,"caption":"Schellhammer Institute"},"image":{"@id":"https:\/\/www.schellhammerinstitute.com\/#\/schema\/logo\/image\/"},"sameAs":["https:\/\/www.facebook.com\/schellhammerinstitute","https:\/\/www.instagram.com\/schellhammerinstitute","https:\/\/www.linkedin.com\/company\/schellhammerinstitute"]}]}},"jetpack_sharing_enabled":true,"_links":{"self":[{"href":"https:\/\/www.schellhammerinstitute.com\/es\/wp-json\/wp\/v2\/product\/13841","targetHints":{"allow":["GET"]}}],"collection":[{"href":"https:\/\/www.schellhammerinstitute.com\/es\/wp-json\/wp\/v2\/product"}],"about":[{"href":"https:\/\/www.schellhammerinstitute.com\/es\/wp-json\/wp\/v2\/types\/product"}],"replies":[{"embeddable":true,"href":"https:\/\/www.schellhammerinstitute.com\/es\/wp-json\/wp\/v2\/comments?post=13841"}],"version-history":[{"count":0,"href":"https:\/\/www.schellhammerinstitute.com\/es\/wp-json\/wp\/v2\/product\/13841\/revisions"}],"wp:featuredmedia":[{"embeddable":true,"href":"https:\/\/www.schellhammerinstitute.com\/es\/wp-json\/wp\/v2\/media\/9747"}],"wp:attachment":[{"href":"https:\/\/www.schellhammerinstitute.com\/es\/wp-json\/wp\/v2\/media?parent=13841"}],"wp:term":[{"taxonomy":"product_brand","embeddable":true,"href":"https:\/\/www.schellhammerinstitute.com\/es\/wp-json\/wp\/v2\/product_brand?post=13841"},{"taxonomy":"product_cat","embeddable":true,"href":"https:\/\/www.schellhammerinstitute.com\/es\/wp-json\/wp\/v2\/product_cat?post=13841"},{"taxonomy":"product_tag","embeddable":true,"href":"https:\/\/www.schellhammerinstitute.com\/es\/wp-json\/wp\/v2\/product_tag?post=13841"}],"curies":[{"name":"wp","href":"https:\/\/api.w.org\/{rel}","templated":true}]}}