{"id":13838,"date":"2024-01-10T09:35:04","date_gmt":"2024-01-10T09:35:04","guid":{"rendered":"https:\/\/www.schellhammerinstitute.com\/?post_type=product&#038;p=13838"},"modified":"2024-01-10T09:38:12","modified_gmt":"2024-01-10T09:38:12","slug":"el-reinicio-arquetipico-2","status":"publish","type":"product","link":"https:\/\/www.schellhammerinstitute.com\/es\/producto\/el-reinicio-arquetipico-2\/","title":{"rendered":"El reinicio arquet\u00edpico: Conceptos y estrategias para remodelar el mundo"},"content":{"rendered":"","protected":false},"excerpt":{"rendered":"<p>Nuestra comprensi\u00f3n de una \"Remodelaci\u00f3n del mundo\": Todo debe reconstruirse con el Esp\u00edritu de los \"Arquetipos del Alma\": Pol\u00edtica, econom\u00eda, banca, educaci\u00f3n, estilo de vida, justicia, seguridad, significado humano central, equilibrio y paz para el desarrollo humano. Se trata de un nuevo aprendizaje, una nueva comprensi\u00f3n, un nuevo significado, una nueva humanidad, una nueva comprensi\u00f3n del desarrollo humano, una nueva educaci\u00f3n, una nueva gobernanza, una nueva gesti\u00f3n de miles de millones de personas y nuevos conceptos para la paz. \"Remodelar\" tambi\u00e9n significa: limpiar el desorden de 500 a\u00f1os, en algunos casos el legado de problemas que se remontan a 5000 a\u00f1os atr\u00e1s.<\/p>","protected":false},"featured_media":9750,"comment_status":"closed","ping_status":"closed","template":"","meta":{"saved_in_kubio":false},"product_brand":[],"product_cat":[292,296],"product_tag":[],"class_list":{"0":"post-13838","1":"product","2":"type-product","3":"status-publish","4":"has-post-thumbnail","6":"product_cat-english-books","7":"product_cat-philosophy","9":"first","10":"instock","11":"shipping-taxable","12":"purchasable","13":"product-type-simple"},"yoast_head":"<!-- This site is optimized with the Yoast SEO plugin v27.4 - https:\/\/yoast.com\/product\/yoast-seo-wordpress\/ -->\n<title>The Archetypal Reset: Concepts and Strategies for Reshaping the World | Schellhammer Institute<\/title>\n<meta name=\"description\" content=\"Everything must be rebuilt with the Spirit of the \u2018Archetypes of the Soul\u2019: Politics, economics, banking, education, lifestyle, justice, security, core human meaning, balance, and peace for human development.\" \/>\n<meta name=\"robots\" content=\"index, follow, max-snippet:-1, max-image-preview:large, max-video-preview:-1\" \/>\n<link rel=\"canonical\" href=\"https:\/\/www.schellhammerinstitute.com\/es\/producto\/el-reinicio-arquetipico-2\/\" \/>\n<meta property=\"og:locale\" content=\"es_ES\" \/>\n<meta property=\"og:type\" content=\"article\" \/>\n<meta property=\"og:title\" content=\"The Archetypal Reset: Concepts and Strategies for Reshaping the World | Schellhammer Institute\" \/>\n<meta property=\"og:description\" content=\"Everything must be rebuilt with the Spirit of the \u2018Archetypes of the Soul\u2019: Politics, economics, banking, education, lifestyle, justice, security, core human meaning, balance, and peace for human development.\" \/>\n<meta property=\"og:url\" content=\"https:\/\/www.schellhammerinstitute.com\/es\/producto\/el-reinicio-arquetipico-2\/\" \/>\n<meta property=\"og:site_name\" content=\"Schellhammer Institute\" \/>\n<meta property=\"article:publisher\" content=\"https:\/\/www.facebook.com\/schellhammerinstitute\" \/>\n<meta property=\"article:modified_time\" content=\"2024-01-10T09:38:12+00:00\" \/>\n<meta property=\"og:image\" content=\"https:\/\/www.schellhammerinstitute.com\/wp-content\/uploads\/archetypal-reset.jpg\" \/>\n\t<meta property=\"og:image:width\" content=\"387\" \/>\n\t<meta property=\"og:image:height\" content=\"500\" \/>\n\t<meta property=\"og:image:type\" content=\"image\/jpeg\" \/>\n<meta name=\"twitter:card\" content=\"summary_large_image\" \/>\n<meta name=\"twitter:label1\" content=\"Tiempo de lectura\" \/>\n\t<meta name=\"twitter:data1\" content=\"1 minuto\" \/>\n<script type=\"application\/ld+json\" class=\"yoast-schema-graph\">{\"@context\":\"https:\\\/\\\/schema.org\",\"@graph\":[{\"@type\":\"WebPage\",\"@id\":\"https:\\\/\\\/www.schellhammerinstitute.com\\\/product\\\/the-archetypal-reset\\\/\",\"url\":\"https:\\\/\\\/www.schellhammerinstitute.com\\\/product\\\/the-archetypal-reset\\\/\",\"name\":\"The Archetypal Reset: Concepts and Strategies for Reshaping the World | Schellhammer Institute\",\"isPartOf\":{\"@id\":\"https:\\\/\\\/www.schellhammerinstitute.com\\\/#website\"},\"primaryImageOfPage\":{\"@id\":\"https:\\\/\\\/www.schellhammerinstitute.com\\\/product\\\/the-archetypal-reset\\\/#primaryimage\"},\"image\":{\"@id\":\"https:\\\/\\\/www.schellhammerinstitute.com\\\/product\\\/the-archetypal-reset\\\/#primaryimage\"},\"thumbnailUrl\":\"https:\\\/\\\/www.schellhammerinstitute.com\\\/wp-content\\\/uploads\\\/archetypal-reset.jpg\",\"datePublished\":\"2024-01-10T09:35:04+00:00\",\"dateModified\":\"2024-01-10T09:38:12+00:00\",\"description\":\"Everything must be rebuilt with the Spirit of the \u2018Archetypes of the Soul\u2019: Politics, economics, banking, education, lifestyle, justice, security, core human meaning, balance, and peace for human development.\",\"breadcrumb\":{\"@id\":\"https:\\\/\\\/www.schellhammerinstitute.com\\\/product\\\/the-archetypal-reset\\\/#breadcrumb\"},\"inLanguage\":\"es\",\"potentialAction\":[{\"@type\":\"ReadAction\",\"target\":[\"https:\\\/\\\/www.schellhammerinstitute.com\\\/product\\\/the-archetypal-reset\\\/\"]}]},{\"@type\":\"ImageObject\",\"inLanguage\":\"es\",\"@id\":\"https:\\\/\\\/www.schellhammerinstitute.com\\\/product\\\/the-archetypal-reset\\\/#primaryimage\",\"url\":\"https:\\\/\\\/www.schellhammerinstitute.com\\\/wp-content\\\/uploads\\\/archetypal-reset.jpg\",\"contentUrl\":\"https:\\\/\\\/www.schellhammerinstitute.com\\\/wp-content\\\/uploads\\\/archetypal-reset.jpg\",\"width\":387,\"height\":500,\"caption\":\"Our understanding of a \u201cReshaping the world\u201d: Everything must be rebuilt with the Spirit of the \u2018Archetypes of the Soul\u2019: Politics, economics, banking, education, lifestyle, justice, security, core human meaning, balance, and peace for human development. It is all about new learning, new understanding, new meaning, new humanity, new understanding of human development, new education, new governance, new management of billions of people, and new concepts for peace. \u201cReshaping\u201d also means: to clean up the 500-year-old mess, in some cases the legacy of problems dating back 5000 years.\"},{\"@type\":\"BreadcrumbList\",\"@id\":\"https:\\\/\\\/www.schellhammerinstitute.com\\\/product\\\/the-archetypal-reset\\\/#breadcrumb\",\"itemListElement\":[{\"@type\":\"ListItem\",\"position\":1,\"name\":\"Home\",\"item\":\"https:\\\/\\\/www.schellhammerinstitute.com\\\/\"},{\"@type\":\"ListItem\",\"position\":2,\"name\":\"Shop\",\"item\":\"https:\\\/\\\/www.schellhammerinstitute.com\\\/shop\\\/\"},{\"@type\":\"ListItem\",\"position\":3,\"name\":\"The Archetypal Reset: Concepts and Strategies for Reshaping the World\"}]},{\"@type\":\"WebSite\",\"@id\":\"https:\\\/\\\/www.schellhammerinstitute.com\\\/#website\",\"url\":\"https:\\\/\\\/www.schellhammerinstitute.com\\\/\",\"name\":\"Schellhammer Institute\",\"description\":\"We want to change the world for the better\",\"publisher\":{\"@id\":\"https:\\\/\\\/www.schellhammerinstitute.com\\\/#organization\"},\"alternateName\":\"The Schellhamer Institute\",\"potentialAction\":[{\"@type\":\"SearchAction\",\"target\":{\"@type\":\"EntryPoint\",\"urlTemplate\":\"https:\\\/\\\/www.schellhammerinstitute.com\\\/?s={search_term_string}\"},\"query-input\":{\"@type\":\"PropertyValueSpecification\",\"valueRequired\":true,\"valueName\":\"search_term_string\"}}],\"inLanguage\":\"es\"},{\"@type\":\"Organization\",\"@id\":\"https:\\\/\\\/www.schellhammerinstitute.com\\\/#organization\",\"name\":\"Schellhammer Institute\",\"alternateName\":\"Schellhammer Institute\",\"url\":\"https:\\\/\\\/www.schellhammerinstitute.com\\\/\",\"logo\":{\"@type\":\"ImageObject\",\"inLanguage\":\"es\",\"@id\":\"https:\\\/\\\/www.schellhammerinstitute.com\\\/#\\\/schema\\\/logo\\\/image\\\/\",\"url\":\"https:\\\/\\\/www.schellhammerinstitute.com\\\/wp-content\\\/uploads\\\/cropped-4-Photoroom.png\",\"contentUrl\":\"https:\\\/\\\/www.schellhammerinstitute.com\\\/wp-content\\\/uploads\\\/cropped-4-Photoroom.png\",\"width\":902,\"height\":901,\"caption\":\"Schellhammer Institute\"},\"image\":{\"@id\":\"https:\\\/\\\/www.schellhammerinstitute.com\\\/#\\\/schema\\\/logo\\\/image\\\/\"},\"sameAs\":[\"https:\\\/\\\/www.facebook.com\\\/schellhammerinstitute\",\"https:\\\/\\\/www.instagram.com\\\/schellhammerinstitute\",\"https:\\\/\\\/www.linkedin.com\\\/company\\\/schellhammerinstitute\"]}]}<\/script>\n<!-- \/ Yoast SEO plugin. -->","yoast_head_json":{"title":"The Archetypal Reset: Concepts and Strategies for Reshaping the World | Schellhammer Institute","description":"Todo debe reconstruirse con el Esp\u00edritu de los \"Arquetipos del Alma\": Pol\u00edtica, econom\u00eda, banca, educaci\u00f3n, estilo de vida, justicia, seguridad, significado humano central, equilibrio y paz para el desarrollo humano.","robots":{"index":"index","follow":"follow","max-snippet":"max-snippet:-1","max-image-preview":"max-image-preview:large","max-video-preview":"max-video-preview:-1"},"canonical":"https:\/\/www.schellhammerinstitute.com\/es\/producto\/el-reinicio-arquetipico-2\/","og_locale":"es_ES","og_type":"article","og_title":"The Archetypal Reset: Concepts and Strategies for Reshaping the World | Schellhammer Institute","og_description":"Everything must be rebuilt with the Spirit of the \u2018Archetypes of the Soul\u2019: Politics, economics, banking, education, lifestyle, justice, security, core human meaning, balance, and peace for human development.","og_url":"https:\/\/www.schellhammerinstitute.com\/es\/producto\/el-reinicio-arquetipico-2\/","og_site_name":"Schellhammer Institute","article_publisher":"https:\/\/www.facebook.com\/schellhammerinstitute","article_modified_time":"2024-01-10T09:38:12+00:00","og_image":[{"width":387,"height":500,"url":"https:\/\/www.schellhammerinstitute.com\/wp-content\/uploads\/archetypal-reset.jpg","type":"image\/jpeg"}],"twitter_card":"summary_large_image","twitter_misc":{"Tiempo de lectura":"1 minuto"},"schema":{"@context":"https:\/\/schema.org","@graph":[{"@type":"WebPage","@id":"https:\/\/www.schellhammerinstitute.com\/product\/the-archetypal-reset\/","url":"https:\/\/www.schellhammerinstitute.com\/product\/the-archetypal-reset\/","name":"The Archetypal Reset: Concepts and Strategies for Reshaping the World | Schellhammer Institute","isPartOf":{"@id":"https:\/\/www.schellhammerinstitute.com\/#website"},"primaryImageOfPage":{"@id":"https:\/\/www.schellhammerinstitute.com\/product\/the-archetypal-reset\/#primaryimage"},"image":{"@id":"https:\/\/www.schellhammerinstitute.com\/product\/the-archetypal-reset\/#primaryimage"},"thumbnailUrl":"https:\/\/www.schellhammerinstitute.com\/wp-content\/uploads\/archetypal-reset.jpg","datePublished":"2024-01-10T09:35:04+00:00","dateModified":"2024-01-10T09:38:12+00:00","description":"Todo debe reconstruirse con el Esp\u00edritu de los \"Arquetipos del Alma\": Pol\u00edtica, econom\u00eda, banca, educaci\u00f3n, estilo de vida, justicia, seguridad, significado humano central, equilibrio y paz para el desarrollo humano.","breadcrumb":{"@id":"https:\/\/www.schellhammerinstitute.com\/product\/the-archetypal-reset\/#breadcrumb"},"inLanguage":"es","potentialAction":[{"@type":"ReadAction","target":["https:\/\/www.schellhammerinstitute.com\/product\/the-archetypal-reset\/"]}]},{"@type":"ImageObject","inLanguage":"es","@id":"https:\/\/www.schellhammerinstitute.com\/product\/the-archetypal-reset\/#primaryimage","url":"https:\/\/www.schellhammerinstitute.com\/wp-content\/uploads\/archetypal-reset.jpg","contentUrl":"https:\/\/www.schellhammerinstitute.com\/wp-content\/uploads\/archetypal-reset.jpg","width":387,"height":500,"caption":"Our understanding of a \u201cReshaping the world\u201d: Everything must be rebuilt with the Spirit of the \u2018Archetypes of the Soul\u2019: Politics, economics, banking, education, lifestyle, justice, security, core human meaning, balance, and peace for human development. It is all about new learning, new understanding, new meaning, new humanity, new understanding of human development, new education, new governance, new management of billions of people, and new concepts for peace. \u201cReshaping\u201d also means: to clean up the 500-year-old mess, in some cases the legacy of problems dating back 5000 years."},{"@type":"BreadcrumbList","@id":"https:\/\/www.schellhammerinstitute.com\/product\/the-archetypal-reset\/#breadcrumb","itemListElement":[{"@type":"ListItem","position":1,"name":"Home","item":"https:\/\/www.schellhammerinstitute.com\/"},{"@type":"ListItem","position":2,"name":"Shop","item":"https:\/\/www.schellhammerinstitute.com\/shop\/"},{"@type":"ListItem","position":3,"name":"The Archetypal Reset: Concepts and Strategies for Reshaping the World"}]},{"@type":"WebSite","@id":"https:\/\/www.schellhammerinstitute.com\/#website","url":"https:\/\/www.schellhammerinstitute.com\/","name":"Instituci\u00f3n Schellhammer","description":"Queremos cambiar el mundo a mejor","publisher":{"@id":"https:\/\/www.schellhammerinstitute.com\/#organization"},"alternateName":"The Schellhamer Institute","potentialAction":[{"@type":"SearchAction","target":{"@type":"EntryPoint","urlTemplate":"https:\/\/www.schellhammerinstitute.com\/?s={search_term_string}"},"query-input":{"@type":"PropertyValueSpecification","valueRequired":true,"valueName":"search_term_string"}}],"inLanguage":"es"},{"@type":"Organization","@id":"https:\/\/www.schellhammerinstitute.com\/#organization","name":"Instituci\u00f3n Schellhammer","alternateName":"Schellhammer Institute","url":"https:\/\/www.schellhammerinstitute.com\/","logo":{"@type":"ImageObject","inLanguage":"es","@id":"https:\/\/www.schellhammerinstitute.com\/#\/schema\/logo\/image\/","url":"https:\/\/www.schellhammerinstitute.com\/wp-content\/uploads\/cropped-4-Photoroom.png","contentUrl":"https:\/\/www.schellhammerinstitute.com\/wp-content\/uploads\/cropped-4-Photoroom.png","width":902,"height":901,"caption":"Schellhammer Institute"},"image":{"@id":"https:\/\/www.schellhammerinstitute.com\/#\/schema\/logo\/image\/"},"sameAs":["https:\/\/www.facebook.com\/schellhammerinstitute","https:\/\/www.instagram.com\/schellhammerinstitute","https:\/\/www.linkedin.com\/company\/schellhammerinstitute"]}]}},"jetpack_sharing_enabled":true,"_links":{"self":[{"href":"https:\/\/www.schellhammerinstitute.com\/es\/wp-json\/wp\/v2\/product\/13838","targetHints":{"allow":["GET"]}}],"collection":[{"href":"https:\/\/www.schellhammerinstitute.com\/es\/wp-json\/wp\/v2\/product"}],"about":[{"href":"https:\/\/www.schellhammerinstitute.com\/es\/wp-json\/wp\/v2\/types\/product"}],"replies":[{"embeddable":true,"href":"https:\/\/www.schellhammerinstitute.com\/es\/wp-json\/wp\/v2\/comments?post=13838"}],"version-history":[{"count":0,"href":"https:\/\/www.schellhammerinstitute.com\/es\/wp-json\/wp\/v2\/product\/13838\/revisions"}],"wp:featuredmedia":[{"embeddable":true,"href":"https:\/\/www.schellhammerinstitute.com\/es\/wp-json\/wp\/v2\/media\/9750"}],"wp:attachment":[{"href":"https:\/\/www.schellhammerinstitute.com\/es\/wp-json\/wp\/v2\/media?parent=13838"}],"wp:term":[{"taxonomy":"product_brand","embeddable":true,"href":"https:\/\/www.schellhammerinstitute.com\/es\/wp-json\/wp\/v2\/product_brand?post=13838"},{"taxonomy":"product_cat","embeddable":true,"href":"https:\/\/www.schellhammerinstitute.com\/es\/wp-json\/wp\/v2\/product_cat?post=13838"},{"taxonomy":"product_tag","embeddable":true,"href":"https:\/\/www.schellhammerinstitute.com\/es\/wp-json\/wp\/v2\/product_tag?post=13838"}],"curies":[{"name":"wp","href":"https:\/\/api.w.org\/{rel}","templated":true}]}}