{"id":13837,"date":"2024-01-10T09:18:57","date_gmt":"2024-01-10T09:18:57","guid":{"rendered":"https:\/\/www.schellhammerinstitute.com\/product\/the-18-biggest-global-threats-to-humanity\/"},"modified":"2024-01-24T13:45:26","modified_gmt":"2024-01-24T13:45:26","slug":"las-18-mayores-amenazas-globales-para-la-humanidad","status":"publish","type":"product","link":"https:\/\/www.schellhammerinstitute.com\/es\/producto\/las-18-mayores-amenazas-globales-para-la-humanidad\/","title":{"rendered":"Las 18 mayores amenazas mundiales para la humanidad"},"content":{"rendered":"","protected":false},"excerpt":{"rendered":"<p>La humanidad, tal como se entiende a s\u00ed misma hasta hoy, es un modelo obsoleto. La humanidad debe por fin reconocerse a s\u00ed misma y desarrollarse realmente. Lo que hace valiosas a las personas es siempre su desarrollo interior; como tal, el capital humano debe desarrollarse y crecer \"arquet\u00edpicamente\" desde dentro. El ser humano debe entenderse siempre en conexi\u00f3n con la naturaleza y liberarse de las religiones sin un concepto arquet\u00edpico del desarrollo interior. Durante 3000 a\u00f1os la poblaci\u00f3n mundial repite los viejos conflictos y delirios por lo que la Gobernanza ha heredado m\u00e1s culpa que la poblaci\u00f3n mundial en 5000 a\u00f1os. Son los ciudadanos los que pagar\u00e1n por toda la destrucci\u00f3n de la naturaleza de la que dependemos y las generaciones futuras pagar\u00e1n por el desastre global con todo el sufrimiento y la miseria. Es necesaria una catarsis colectiva global para conseguir un futuro pr\u00f3spero. Sin reconciliaci\u00f3n sobre las atrocidades cometidas desde hace 5000 a\u00f1os, no hay futuro. Si esto no ocurre, el mundo experimentar\u00e1 un Armaged\u00f3n sin precedentes.<\/p>","protected":false},"featured_media":11091,"comment_status":"closed","ping_status":"closed","template":"","meta":{"saved_in_kubio":false},"product_brand":[],"product_cat":[292],"product_tag":[],"class_list":{"0":"post-13837","1":"product","2":"type-product","3":"status-publish","4":"has-post-thumbnail","6":"product_cat-english-books","8":"first","9":"instock","10":"shipping-taxable","11":"purchasable","12":"product-type-simple"},"yoast_head":"<!-- This site is optimized with the Yoast SEO plugin v27.4 - https:\/\/yoast.com\/product\/yoast-seo-wordpress\/ -->\n<title>The 18 Biggest Global Threats to Humanity | Schellhammer Institute<\/title>\n<meta name=\"description\" content=\"Humanity must finally recognize our potential and genuinely develop itself. What makes people valuable is always their inner development we must and grow &#039;archetypically&#039; from within. Humans must always understand themselves in connection with nature and free themselves from religion.\" \/>\n<meta name=\"robots\" content=\"index, follow, max-snippet:-1, max-image-preview:large, max-video-preview:-1\" \/>\n<link rel=\"canonical\" href=\"https:\/\/www.schellhammerinstitute.com\/es\/producto\/las-18-mayores-amenazas-globales-para-la-humanidad\/\" \/>\n<meta property=\"og:locale\" content=\"es_ES\" \/>\n<meta property=\"og:type\" content=\"article\" \/>\n<meta property=\"og:title\" content=\"The 18 Biggest Global Threats to Humanity | Schellhammer Institute\" \/>\n<meta property=\"og:description\" content=\"Humanity must finally recognize our potential and genuinely develop itself. What makes people valuable is always their inner development we must and grow &#039;archetypically&#039; from within. Humans must always understand themselves in connection with nature and free themselves from religion.\" \/>\n<meta property=\"og:url\" content=\"https:\/\/www.schellhammerinstitute.com\/es\/producto\/las-18-mayores-amenazas-globales-para-la-humanidad\/\" \/>\n<meta property=\"og:site_name\" content=\"Schellhammer Institute\" \/>\n<meta property=\"article:publisher\" content=\"https:\/\/www.facebook.com\/schellhammerinstitute\" \/>\n<meta property=\"article:modified_time\" content=\"2024-01-24T13:45:26+00:00\" \/>\n<meta property=\"og:image\" content=\"https:\/\/www.schellhammerinstitute.com\/wp-content\/uploads\/the-18-biggest-global-threats.jpg\" \/>\n\t<meta property=\"og:image:width\" content=\"773\" \/>\n\t<meta property=\"og:image:height\" content=\"1000\" \/>\n\t<meta property=\"og:image:type\" content=\"image\/jpeg\" \/>\n<meta name=\"twitter:card\" content=\"summary_large_image\" \/>\n<meta name=\"twitter:label1\" content=\"Tiempo de lectura\" \/>\n\t<meta name=\"twitter:data1\" content=\"1 minuto\" \/>\n<script type=\"application\/ld+json\" class=\"yoast-schema-graph\">{\"@context\":\"https:\\\/\\\/schema.org\",\"@graph\":[{\"@type\":\"WebPage\",\"@id\":\"https:\\\/\\\/www.schellhammerinstitute.com\\\/product\\\/the-18-biggest-global-threats-to-humanity\\\/\",\"url\":\"https:\\\/\\\/www.schellhammerinstitute.com\\\/product\\\/the-18-biggest-global-threats-to-humanity\\\/\",\"name\":\"The 18 Biggest Global Threats to Humanity | Schellhammer Institute\",\"isPartOf\":{\"@id\":\"https:\\\/\\\/www.schellhammerinstitute.com\\\/#website\"},\"primaryImageOfPage\":{\"@id\":\"https:\\\/\\\/www.schellhammerinstitute.com\\\/product\\\/the-18-biggest-global-threats-to-humanity\\\/#primaryimage\"},\"image\":{\"@id\":\"https:\\\/\\\/www.schellhammerinstitute.com\\\/product\\\/the-18-biggest-global-threats-to-humanity\\\/#primaryimage\"},\"thumbnailUrl\":\"https:\\\/\\\/www.schellhammerinstitute.com\\\/wp-content\\\/uploads\\\/the-18-biggest-global-threats.jpg\",\"datePublished\":\"2024-01-10T09:18:57+00:00\",\"dateModified\":\"2024-01-24T13:45:26+00:00\",\"description\":\"Humanity must finally recognize our potential and genuinely develop itself. What makes people valuable is always their inner development we must and grow 'archetypically' from within. Humans must always understand themselves in connection with nature and free themselves from religion.\",\"breadcrumb\":{\"@id\":\"https:\\\/\\\/www.schellhammerinstitute.com\\\/product\\\/the-18-biggest-global-threats-to-humanity\\\/#breadcrumb\"},\"inLanguage\":\"es\",\"potentialAction\":[{\"@type\":\"ReadAction\",\"target\":[\"https:\\\/\\\/www.schellhammerinstitute.com\\\/product\\\/the-18-biggest-global-threats-to-humanity\\\/\"]}]},{\"@type\":\"ImageObject\",\"inLanguage\":\"es\",\"@id\":\"https:\\\/\\\/www.schellhammerinstitute.com\\\/product\\\/the-18-biggest-global-threats-to-humanity\\\/#primaryimage\",\"url\":\"https:\\\/\\\/www.schellhammerinstitute.com\\\/wp-content\\\/uploads\\\/the-18-biggest-global-threats.jpg\",\"contentUrl\":\"https:\\\/\\\/www.schellhammerinstitute.com\\\/wp-content\\\/uploads\\\/the-18-biggest-global-threats.jpg\",\"width\":773,\"height\":1000,\"caption\":\"The 18 Biggest Global Threats to Humanity\"},{\"@type\":\"BreadcrumbList\",\"@id\":\"https:\\\/\\\/www.schellhammerinstitute.com\\\/product\\\/the-18-biggest-global-threats-to-humanity\\\/#breadcrumb\",\"itemListElement\":[{\"@type\":\"ListItem\",\"position\":1,\"name\":\"Home\",\"item\":\"https:\\\/\\\/www.schellhammerinstitute.com\\\/\"},{\"@type\":\"ListItem\",\"position\":2,\"name\":\"Shop\",\"item\":\"https:\\\/\\\/www.schellhammerinstitute.com\\\/shop\\\/\"},{\"@type\":\"ListItem\",\"position\":3,\"name\":\"The 18 Biggest Global Threats to Humanity\"}]},{\"@type\":\"WebSite\",\"@id\":\"https:\\\/\\\/www.schellhammerinstitute.com\\\/#website\",\"url\":\"https:\\\/\\\/www.schellhammerinstitute.com\\\/\",\"name\":\"Schellhammer Institute\",\"description\":\"We want to change the world for the better\",\"publisher\":{\"@id\":\"https:\\\/\\\/www.schellhammerinstitute.com\\\/#organization\"},\"alternateName\":\"The Schellhamer Institute\",\"potentialAction\":[{\"@type\":\"SearchAction\",\"target\":{\"@type\":\"EntryPoint\",\"urlTemplate\":\"https:\\\/\\\/www.schellhammerinstitute.com\\\/?s={search_term_string}\"},\"query-input\":{\"@type\":\"PropertyValueSpecification\",\"valueRequired\":true,\"valueName\":\"search_term_string\"}}],\"inLanguage\":\"es\"},{\"@type\":\"Organization\",\"@id\":\"https:\\\/\\\/www.schellhammerinstitute.com\\\/#organization\",\"name\":\"Schellhammer Institute\",\"alternateName\":\"Schellhammer Institute\",\"url\":\"https:\\\/\\\/www.schellhammerinstitute.com\\\/\",\"logo\":{\"@type\":\"ImageObject\",\"inLanguage\":\"es\",\"@id\":\"https:\\\/\\\/www.schellhammerinstitute.com\\\/#\\\/schema\\\/logo\\\/image\\\/\",\"url\":\"https:\\\/\\\/www.schellhammerinstitute.com\\\/wp-content\\\/uploads\\\/cropped-4-Photoroom.png\",\"contentUrl\":\"https:\\\/\\\/www.schellhammerinstitute.com\\\/wp-content\\\/uploads\\\/cropped-4-Photoroom.png\",\"width\":902,\"height\":901,\"caption\":\"Schellhammer Institute\"},\"image\":{\"@id\":\"https:\\\/\\\/www.schellhammerinstitute.com\\\/#\\\/schema\\\/logo\\\/image\\\/\"},\"sameAs\":[\"https:\\\/\\\/www.facebook.com\\\/schellhammerinstitute\",\"https:\\\/\\\/www.instagram.com\\\/schellhammerinstitute\",\"https:\\\/\\\/www.linkedin.com\\\/company\\\/schellhammerinstitute\"]}]}<\/script>\n<!-- \/ Yoast SEO plugin. -->","yoast_head_json":{"title":"The 18 Biggest Global Threats to Humanity | Schellhammer Institute","description":"La humanidad debe reconocer por fin nuestro potencial y desarrollarse realmente. Lo que hace valiosas a las personas es siempre su desarrollo interior debemos y crecer \"arquet\u00edpicamente\" desde dentro. El ser humano debe entenderse siempre en conexi\u00f3n con la naturaleza y liberarse de la religi\u00f3n.","robots":{"index":"index","follow":"follow","max-snippet":"max-snippet:-1","max-image-preview":"max-image-preview:large","max-video-preview":"max-video-preview:-1"},"canonical":"https:\/\/www.schellhammerinstitute.com\/es\/producto\/las-18-mayores-amenazas-globales-para-la-humanidad\/","og_locale":"es_ES","og_type":"article","og_title":"The 18 Biggest Global Threats to Humanity | Schellhammer Institute","og_description":"Humanity must finally recognize our potential and genuinely develop itself. What makes people valuable is always their inner development we must and grow 'archetypically' from within. Humans must always understand themselves in connection with nature and free themselves from religion.","og_url":"https:\/\/www.schellhammerinstitute.com\/es\/producto\/las-18-mayores-amenazas-globales-para-la-humanidad\/","og_site_name":"Schellhammer Institute","article_publisher":"https:\/\/www.facebook.com\/schellhammerinstitute","article_modified_time":"2024-01-24T13:45:26+00:00","og_image":[{"width":773,"height":1000,"url":"https:\/\/www.schellhammerinstitute.com\/wp-content\/uploads\/the-18-biggest-global-threats.jpg","type":"image\/jpeg"}],"twitter_card":"summary_large_image","twitter_misc":{"Tiempo de lectura":"1 minuto"},"schema":{"@context":"https:\/\/schema.org","@graph":[{"@type":"WebPage","@id":"https:\/\/www.schellhammerinstitute.com\/product\/the-18-biggest-global-threats-to-humanity\/","url":"https:\/\/www.schellhammerinstitute.com\/product\/the-18-biggest-global-threats-to-humanity\/","name":"The 18 Biggest Global Threats to Humanity | Schellhammer Institute","isPartOf":{"@id":"https:\/\/www.schellhammerinstitute.com\/#website"},"primaryImageOfPage":{"@id":"https:\/\/www.schellhammerinstitute.com\/product\/the-18-biggest-global-threats-to-humanity\/#primaryimage"},"image":{"@id":"https:\/\/www.schellhammerinstitute.com\/product\/the-18-biggest-global-threats-to-humanity\/#primaryimage"},"thumbnailUrl":"https:\/\/www.schellhammerinstitute.com\/wp-content\/uploads\/the-18-biggest-global-threats.jpg","datePublished":"2024-01-10T09:18:57+00:00","dateModified":"2024-01-24T13:45:26+00:00","description":"La humanidad debe reconocer por fin nuestro potencial y desarrollarse realmente. Lo que hace valiosas a las personas es siempre su desarrollo interior debemos y crecer \"arquet\u00edpicamente\" desde dentro. El ser humano debe entenderse siempre en conexi\u00f3n con la naturaleza y liberarse de la religi\u00f3n.","breadcrumb":{"@id":"https:\/\/www.schellhammerinstitute.com\/product\/the-18-biggest-global-threats-to-humanity\/#breadcrumb"},"inLanguage":"es","potentialAction":[{"@type":"ReadAction","target":["https:\/\/www.schellhammerinstitute.com\/product\/the-18-biggest-global-threats-to-humanity\/"]}]},{"@type":"ImageObject","inLanguage":"es","@id":"https:\/\/www.schellhammerinstitute.com\/product\/the-18-biggest-global-threats-to-humanity\/#primaryimage","url":"https:\/\/www.schellhammerinstitute.com\/wp-content\/uploads\/the-18-biggest-global-threats.jpg","contentUrl":"https:\/\/www.schellhammerinstitute.com\/wp-content\/uploads\/the-18-biggest-global-threats.jpg","width":773,"height":1000,"caption":"The 18 Biggest Global Threats to Humanity"},{"@type":"BreadcrumbList","@id":"https:\/\/www.schellhammerinstitute.com\/product\/the-18-biggest-global-threats-to-humanity\/#breadcrumb","itemListElement":[{"@type":"ListItem","position":1,"name":"Home","item":"https:\/\/www.schellhammerinstitute.com\/"},{"@type":"ListItem","position":2,"name":"Shop","item":"https:\/\/www.schellhammerinstitute.com\/shop\/"},{"@type":"ListItem","position":3,"name":"The 18 Biggest Global Threats to Humanity"}]},{"@type":"WebSite","@id":"https:\/\/www.schellhammerinstitute.com\/#website","url":"https:\/\/www.schellhammerinstitute.com\/","name":"Instituci\u00f3n Schellhammer","description":"Queremos cambiar el mundo a mejor","publisher":{"@id":"https:\/\/www.schellhammerinstitute.com\/#organization"},"alternateName":"The Schellhamer Institute","potentialAction":[{"@type":"SearchAction","target":{"@type":"EntryPoint","urlTemplate":"https:\/\/www.schellhammerinstitute.com\/?s={search_term_string}"},"query-input":{"@type":"PropertyValueSpecification","valueRequired":true,"valueName":"search_term_string"}}],"inLanguage":"es"},{"@type":"Organization","@id":"https:\/\/www.schellhammerinstitute.com\/#organization","name":"Instituci\u00f3n Schellhammer","alternateName":"Schellhammer Institute","url":"https:\/\/www.schellhammerinstitute.com\/","logo":{"@type":"ImageObject","inLanguage":"es","@id":"https:\/\/www.schellhammerinstitute.com\/#\/schema\/logo\/image\/","url":"https:\/\/www.schellhammerinstitute.com\/wp-content\/uploads\/cropped-4-Photoroom.png","contentUrl":"https:\/\/www.schellhammerinstitute.com\/wp-content\/uploads\/cropped-4-Photoroom.png","width":902,"height":901,"caption":"Schellhammer Institute"},"image":{"@id":"https:\/\/www.schellhammerinstitute.com\/#\/schema\/logo\/image\/"},"sameAs":["https:\/\/www.facebook.com\/schellhammerinstitute","https:\/\/www.instagram.com\/schellhammerinstitute","https:\/\/www.linkedin.com\/company\/schellhammerinstitute"]}]}},"jetpack_sharing_enabled":true,"_links":{"self":[{"href":"https:\/\/www.schellhammerinstitute.com\/es\/wp-json\/wp\/v2\/product\/13837","targetHints":{"allow":["GET"]}}],"collection":[{"href":"https:\/\/www.schellhammerinstitute.com\/es\/wp-json\/wp\/v2\/product"}],"about":[{"href":"https:\/\/www.schellhammerinstitute.com\/es\/wp-json\/wp\/v2\/types\/product"}],"replies":[{"embeddable":true,"href":"https:\/\/www.schellhammerinstitute.com\/es\/wp-json\/wp\/v2\/comments?post=13837"}],"version-history":[{"count":0,"href":"https:\/\/www.schellhammerinstitute.com\/es\/wp-json\/wp\/v2\/product\/13837\/revisions"}],"wp:featuredmedia":[{"embeddable":true,"href":"https:\/\/www.schellhammerinstitute.com\/es\/wp-json\/wp\/v2\/media\/11091"}],"wp:attachment":[{"href":"https:\/\/www.schellhammerinstitute.com\/es\/wp-json\/wp\/v2\/media?parent=13837"}],"wp:term":[{"taxonomy":"product_brand","embeddable":true,"href":"https:\/\/www.schellhammerinstitute.com\/es\/wp-json\/wp\/v2\/product_brand?post=13837"},{"taxonomy":"product_cat","embeddable":true,"href":"https:\/\/www.schellhammerinstitute.com\/es\/wp-json\/wp\/v2\/product_cat?post=13837"},{"taxonomy":"product_tag","embeddable":true,"href":"https:\/\/www.schellhammerinstitute.com\/es\/wp-json\/wp\/v2\/product_tag?post=13837"}],"curies":[{"name":"wp","href":"https:\/\/api.w.org\/{rel}","templated":true}]}}