{"id":13827,"date":"2024-01-10T08:58:16","date_gmt":"2024-01-10T08:58:16","guid":{"rendered":"https:\/\/www.schellhammerinstitute.com\/?post_type=product&#038;p=13827"},"modified":"2024-01-10T08:59:25","modified_gmt":"2024-01-10T08:59:25","slug":"psicologia-iii-2","status":"publish","type":"product","link":"https:\/\/www.schellhammerinstitute.com\/es\/producto\/psicologia-iii-2\/","title":{"rendered":"Psicolog\u00eda III"},"content":{"rendered":"","protected":false},"excerpt":{"rendered":"<p>Los programas de Psicolog\u00eda en las universidades no han cambiado significativamente desde 1970. Psicolog\u00eda III desarrolla los fundamentos del camino evolutivo del ser humano. La din\u00e1mica de la evoluci\u00f3n humana reside en la atenci\u00f3n a las aut\u00e9nticas necesidades interiores. Fortalecer y vivir las capacidades de amor crea progresiones evolutivas. Comprender la mente inconsciente, es vital psicolog\u00eda ignora los sue\u00f1os y elimina la fuente m\u00e1s valiosa de la vida. El potencial de la meditaci\u00f3n es fundamental para la vida y la evoluci\u00f3n humanas. el modelo de la evoluci\u00f3n individual colectiva est\u00e1 ampliamente elaborado. El desarrollo ps\u00edquico-espiritual hol\u00edstico y global es la clave decisiva. La paz, la justicia, la esperanza, la confianza, la fe y el amor son realidades psicol\u00f3gicas importantes. La psicolog\u00eda ha perdido el potencial ps\u00edquico-espiritual de la evoluci\u00f3n interior.<\/p>","protected":false},"featured_media":13719,"comment_status":"closed","ping_status":"closed","template":"","meta":{"saved_in_kubio":false},"product_brand":[],"product_cat":[292,290],"product_tag":[],"class_list":{"0":"post-13827","1":"product","2":"type-product","3":"status-publish","4":"has-post-thumbnail","6":"product_cat-english-books","7":"product_cat-psychology","9":"first","10":"instock","11":"shipping-taxable","12":"purchasable","13":"product-type-simple"},"yoast_head":"<!-- This site is optimized with the Yoast SEO plugin v27.4 - https:\/\/yoast.com\/product\/yoast-seo-wordpress\/ -->\n<title>Psychology III | Schellhammer Institute<\/title>\n<meta name=\"description\" content=\"Psychology programs at universities have not significantly changed since 1970. Psychology III develops the foundation of the evolutionary path for humans. The dynamics for human&#039;s evolution lies in the care for the genuine inner needs. To strengthen and to live the capacities of love creates evolutionary progressions. Understanding the unconscious mind, it&#039;s vital psychology ignores the dreams and eliminates the most valuable source of life. The potential of meditation is fundamental for human life and evolution. the model of the individual collective evolution is extensively elaborated. Holistic, all embracing psychical-spiritual development is the decisive key. Peace, justice, hope, trust, faith, and love are important psychological realities. Psychology has lost the psychical-spiritual potential of the inner evolution.\" \/>\n<meta name=\"robots\" content=\"index, follow, max-snippet:-1, max-image-preview:large, max-video-preview:-1\" \/>\n<link rel=\"canonical\" href=\"https:\/\/www.schellhammerinstitute.com\/es\/producto\/psicologia-iii-2\/\" \/>\n<meta property=\"og:locale\" content=\"es_ES\" \/>\n<meta property=\"og:type\" content=\"article\" \/>\n<meta property=\"og:title\" content=\"Psychology III | Schellhammer Institute\" \/>\n<meta property=\"og:description\" content=\"Psychology programs at universities have not significantly changed since 1970. Psychology III develops the foundation of the evolutionary path for humans. The dynamics for human&#039;s evolution lies in the care for the genuine inner needs. To strengthen and to live the capacities of love creates evolutionary progressions. Understanding the unconscious mind, it&#039;s vital psychology ignores the dreams and eliminates the most valuable source of life. The potential of meditation is fundamental for human life and evolution. the model of the individual collective evolution is extensively elaborated. Holistic, all embracing psychical-spiritual development is the decisive key. Peace, justice, hope, trust, faith, and love are important psychological realities. Psychology has lost the psychical-spiritual potential of the inner evolution.\" \/>\n<meta property=\"og:url\" content=\"https:\/\/www.schellhammerinstitute.com\/es\/producto\/psicologia-iii-2\/\" \/>\n<meta property=\"og:site_name\" content=\"Schellhammer Institute\" \/>\n<meta property=\"article:publisher\" content=\"https:\/\/www.facebook.com\/schellhammerinstitute\" \/>\n<meta property=\"article:modified_time\" content=\"2024-01-10T08:59:25+00:00\" \/>\n<meta property=\"og:image\" content=\"https:\/\/www.schellhammerinstitute.com\/wp-content\/uploads\/Psychology-3-Book-cover.jpg\" \/>\n\t<meta property=\"og:image:width\" content=\"311\" \/>\n\t<meta property=\"og:image:height\" content=\"466\" \/>\n\t<meta property=\"og:image:type\" content=\"image\/jpeg\" \/>\n<meta name=\"twitter:card\" content=\"summary_large_image\" \/>\n<meta name=\"twitter:label1\" content=\"Tiempo de lectura\" \/>\n\t<meta name=\"twitter:data1\" content=\"1 minuto\" \/>\n<script type=\"application\/ld+json\" class=\"yoast-schema-graph\">{\"@context\":\"https:\\\/\\\/schema.org\",\"@graph\":[{\"@type\":\"WebPage\",\"@id\":\"https:\\\/\\\/www.schellhammerinstitute.com\\\/product\\\/psychology-iii\\\/\",\"url\":\"https:\\\/\\\/www.schellhammerinstitute.com\\\/product\\\/psychology-iii\\\/\",\"name\":\"Psychology III | Schellhammer Institute\",\"isPartOf\":{\"@id\":\"https:\\\/\\\/www.schellhammerinstitute.com\\\/#website\"},\"primaryImageOfPage\":{\"@id\":\"https:\\\/\\\/www.schellhammerinstitute.com\\\/product\\\/psychology-iii\\\/#primaryimage\"},\"image\":{\"@id\":\"https:\\\/\\\/www.schellhammerinstitute.com\\\/product\\\/psychology-iii\\\/#primaryimage\"},\"thumbnailUrl\":\"https:\\\/\\\/www.schellhammerinstitute.com\\\/wp-content\\\/uploads\\\/Psychology-3-Book-cover.jpg\",\"datePublished\":\"2024-01-10T08:58:16+00:00\",\"dateModified\":\"2024-01-10T08:59:25+00:00\",\"description\":\"Psychology programs at universities have not significantly changed since 1970. Psychology III develops the foundation of the evolutionary path for humans. The dynamics for human's evolution lies in the care for the genuine inner needs. To strengthen and to live the capacities of love creates evolutionary progressions. Understanding the unconscious mind, it's vital psychology ignores the dreams and eliminates the most valuable source of life. The potential of meditation is fundamental for human life and evolution. the model of the individual collective evolution is extensively elaborated. Holistic, all embracing psychical-spiritual development is the decisive key. Peace, justice, hope, trust, faith, and love are important psychological realities. Psychology has lost the psychical-spiritual potential of the inner evolution.\",\"breadcrumb\":{\"@id\":\"https:\\\/\\\/www.schellhammerinstitute.com\\\/product\\\/psychology-iii\\\/#breadcrumb\"},\"inLanguage\":\"es\",\"potentialAction\":[{\"@type\":\"ReadAction\",\"target\":[\"https:\\\/\\\/www.schellhammerinstitute.com\\\/product\\\/psychology-iii\\\/\"]}]},{\"@type\":\"ImageObject\",\"inLanguage\":\"es\",\"@id\":\"https:\\\/\\\/www.schellhammerinstitute.com\\\/product\\\/psychology-iii\\\/#primaryimage\",\"url\":\"https:\\\/\\\/www.schellhammerinstitute.com\\\/wp-content\\\/uploads\\\/Psychology-3-Book-cover.jpg\",\"contentUrl\":\"https:\\\/\\\/www.schellhammerinstitute.com\\\/wp-content\\\/uploads\\\/Psychology-3-Book-cover.jpg\",\"width\":311,\"height\":466,\"caption\":\"Psychology programs at universities have not significantly changed since 1970. Psychology III develops the foundation of the evolutionary path for humans. The dynamics for human's evolution lies in the care for the genuine inner needs. To strengthen and to live the capacities of love creates evolutionary progressions. Understanding the unconscious mind, it's vital psychology ignores the dreams and eliminates the most valuable source of life. The potential of meditation is fundamental for human life and evolution. the model of the individual collective evolution is extensively elaborated. Holistic, all embracing psychical-spiritual development is the decisive key. Peace, justice, hope, trust, faith, and love are important psychological realities. Psychology has lost the psychical-spiritual potential of the inner evolution.\"},{\"@type\":\"BreadcrumbList\",\"@id\":\"https:\\\/\\\/www.schellhammerinstitute.com\\\/product\\\/psychology-iii\\\/#breadcrumb\",\"itemListElement\":[{\"@type\":\"ListItem\",\"position\":1,\"name\":\"Home\",\"item\":\"https:\\\/\\\/www.schellhammerinstitute.com\\\/\"},{\"@type\":\"ListItem\",\"position\":2,\"name\":\"Shop\",\"item\":\"https:\\\/\\\/www.schellhammerinstitute.com\\\/shop\\\/\"},{\"@type\":\"ListItem\",\"position\":3,\"name\":\"Psychology III\"}]},{\"@type\":\"WebSite\",\"@id\":\"https:\\\/\\\/www.schellhammerinstitute.com\\\/#website\",\"url\":\"https:\\\/\\\/www.schellhammerinstitute.com\\\/\",\"name\":\"Schellhammer Institute\",\"description\":\"We want to change the world for the better\",\"publisher\":{\"@id\":\"https:\\\/\\\/www.schellhammerinstitute.com\\\/#organization\"},\"alternateName\":\"The Schellhamer Institute\",\"potentialAction\":[{\"@type\":\"SearchAction\",\"target\":{\"@type\":\"EntryPoint\",\"urlTemplate\":\"https:\\\/\\\/www.schellhammerinstitute.com\\\/?s={search_term_string}\"},\"query-input\":{\"@type\":\"PropertyValueSpecification\",\"valueRequired\":true,\"valueName\":\"search_term_string\"}}],\"inLanguage\":\"es\"},{\"@type\":\"Organization\",\"@id\":\"https:\\\/\\\/www.schellhammerinstitute.com\\\/#organization\",\"name\":\"Schellhammer Institute\",\"alternateName\":\"Schellhammer Institute\",\"url\":\"https:\\\/\\\/www.schellhammerinstitute.com\\\/\",\"logo\":{\"@type\":\"ImageObject\",\"inLanguage\":\"es\",\"@id\":\"https:\\\/\\\/www.schellhammerinstitute.com\\\/#\\\/schema\\\/logo\\\/image\\\/\",\"url\":\"https:\\\/\\\/www.schellhammerinstitute.com\\\/wp-content\\\/uploads\\\/cropped-4-Photoroom.png\",\"contentUrl\":\"https:\\\/\\\/www.schellhammerinstitute.com\\\/wp-content\\\/uploads\\\/cropped-4-Photoroom.png\",\"width\":902,\"height\":901,\"caption\":\"Schellhammer Institute\"},\"image\":{\"@id\":\"https:\\\/\\\/www.schellhammerinstitute.com\\\/#\\\/schema\\\/logo\\\/image\\\/\"},\"sameAs\":[\"https:\\\/\\\/www.facebook.com\\\/schellhammerinstitute\",\"https:\\\/\\\/www.instagram.com\\\/schellhammerinstitute\",\"https:\\\/\\\/www.linkedin.com\\\/company\\\/schellhammerinstitute\"]}]}<\/script>\n<!-- \/ Yoast SEO plugin. -->","yoast_head_json":{"title":"Psychology III | Schellhammer Institute","description":"Los programas de Psicolog\u00eda en las universidades no han cambiado significativamente desde 1970. Psicolog\u00eda III desarrolla los fundamentos del camino evolutivo del ser humano. La din\u00e1mica de la evoluci\u00f3n humana reside en la atenci\u00f3n a las aut\u00e9nticas necesidades interiores. Fortalecer y vivir las capacidades de amor crea progresiones evolutivas. Comprender la mente inconsciente, es vital psicolog\u00eda ignora los sue\u00f1os y elimina la fuente m\u00e1s valiosa de la vida. El potencial de la meditaci\u00f3n es fundamental para la vida y la evoluci\u00f3n humanas. el modelo de la evoluci\u00f3n individual colectiva est\u00e1 ampliamente elaborado. El desarrollo ps\u00edquico-espiritual hol\u00edstico y global es la clave decisiva. La paz, la justicia, la esperanza, la confianza, la fe y el amor son realidades psicol\u00f3gicas importantes. La psicolog\u00eda ha perdido el potencial ps\u00edquico-espiritual de la evoluci\u00f3n interior.","robots":{"index":"index","follow":"follow","max-snippet":"max-snippet:-1","max-image-preview":"max-image-preview:large","max-video-preview":"max-video-preview:-1"},"canonical":"https:\/\/www.schellhammerinstitute.com\/es\/producto\/psicologia-iii-2\/","og_locale":"es_ES","og_type":"article","og_title":"Psychology III | Schellhammer Institute","og_description":"Psychology programs at universities have not significantly changed since 1970. Psychology III develops the foundation of the evolutionary path for humans. The dynamics for human's evolution lies in the care for the genuine inner needs. To strengthen and to live the capacities of love creates evolutionary progressions. Understanding the unconscious mind, it's vital psychology ignores the dreams and eliminates the most valuable source of life. The potential of meditation is fundamental for human life and evolution. the model of the individual collective evolution is extensively elaborated. Holistic, all embracing psychical-spiritual development is the decisive key. Peace, justice, hope, trust, faith, and love are important psychological realities. Psychology has lost the psychical-spiritual potential of the inner evolution.","og_url":"https:\/\/www.schellhammerinstitute.com\/es\/producto\/psicologia-iii-2\/","og_site_name":"Schellhammer Institute","article_publisher":"https:\/\/www.facebook.com\/schellhammerinstitute","article_modified_time":"2024-01-10T08:59:25+00:00","og_image":[{"width":311,"height":466,"url":"https:\/\/www.schellhammerinstitute.com\/wp-content\/uploads\/Psychology-3-Book-cover.jpg","type":"image\/jpeg"}],"twitter_card":"summary_large_image","twitter_misc":{"Tiempo de lectura":"1 minuto"},"schema":{"@context":"https:\/\/schema.org","@graph":[{"@type":"WebPage","@id":"https:\/\/www.schellhammerinstitute.com\/product\/psychology-iii\/","url":"https:\/\/www.schellhammerinstitute.com\/product\/psychology-iii\/","name":"Psychology III | Schellhammer Institute","isPartOf":{"@id":"https:\/\/www.schellhammerinstitute.com\/#website"},"primaryImageOfPage":{"@id":"https:\/\/www.schellhammerinstitute.com\/product\/psychology-iii\/#primaryimage"},"image":{"@id":"https:\/\/www.schellhammerinstitute.com\/product\/psychology-iii\/#primaryimage"},"thumbnailUrl":"https:\/\/www.schellhammerinstitute.com\/wp-content\/uploads\/Psychology-3-Book-cover.jpg","datePublished":"2024-01-10T08:58:16+00:00","dateModified":"2024-01-10T08:59:25+00:00","description":"Los programas de Psicolog\u00eda en las universidades no han cambiado significativamente desde 1970. Psicolog\u00eda III desarrolla los fundamentos del camino evolutivo del ser humano. La din\u00e1mica de la evoluci\u00f3n humana reside en la atenci\u00f3n a las aut\u00e9nticas necesidades interiores. Fortalecer y vivir las capacidades de amor crea progresiones evolutivas. Comprender la mente inconsciente, es vital psicolog\u00eda ignora los sue\u00f1os y elimina la fuente m\u00e1s valiosa de la vida. El potencial de la meditaci\u00f3n es fundamental para la vida y la evoluci\u00f3n humanas. el modelo de la evoluci\u00f3n individual colectiva est\u00e1 ampliamente elaborado. El desarrollo ps\u00edquico-espiritual hol\u00edstico y global es la clave decisiva. La paz, la justicia, la esperanza, la confianza, la fe y el amor son realidades psicol\u00f3gicas importantes. La psicolog\u00eda ha perdido el potencial ps\u00edquico-espiritual de la evoluci\u00f3n interior.","breadcrumb":{"@id":"https:\/\/www.schellhammerinstitute.com\/product\/psychology-iii\/#breadcrumb"},"inLanguage":"es","potentialAction":[{"@type":"ReadAction","target":["https:\/\/www.schellhammerinstitute.com\/product\/psychology-iii\/"]}]},{"@type":"ImageObject","inLanguage":"es","@id":"https:\/\/www.schellhammerinstitute.com\/product\/psychology-iii\/#primaryimage","url":"https:\/\/www.schellhammerinstitute.com\/wp-content\/uploads\/Psychology-3-Book-cover.jpg","contentUrl":"https:\/\/www.schellhammerinstitute.com\/wp-content\/uploads\/Psychology-3-Book-cover.jpg","width":311,"height":466,"caption":"Psychology programs at universities have not significantly changed since 1970. Psychology III develops the foundation of the evolutionary path for humans. The dynamics for human's evolution lies in the care for the genuine inner needs. To strengthen and to live the capacities of love creates evolutionary progressions. Understanding the unconscious mind, it's vital psychology ignores the dreams and eliminates the most valuable source of life. The potential of meditation is fundamental for human life and evolution. the model of the individual collective evolution is extensively elaborated. Holistic, all embracing psychical-spiritual development is the decisive key. Peace, justice, hope, trust, faith, and love are important psychological realities. Psychology has lost the psychical-spiritual potential of the inner evolution."},{"@type":"BreadcrumbList","@id":"https:\/\/www.schellhammerinstitute.com\/product\/psychology-iii\/#breadcrumb","itemListElement":[{"@type":"ListItem","position":1,"name":"Home","item":"https:\/\/www.schellhammerinstitute.com\/"},{"@type":"ListItem","position":2,"name":"Shop","item":"https:\/\/www.schellhammerinstitute.com\/shop\/"},{"@type":"ListItem","position":3,"name":"Psychology III"}]},{"@type":"WebSite","@id":"https:\/\/www.schellhammerinstitute.com\/#website","url":"https:\/\/www.schellhammerinstitute.com\/","name":"Instituci\u00f3n Schellhammer","description":"Queremos cambiar el mundo a mejor","publisher":{"@id":"https:\/\/www.schellhammerinstitute.com\/#organization"},"alternateName":"The Schellhamer Institute","potentialAction":[{"@type":"SearchAction","target":{"@type":"EntryPoint","urlTemplate":"https:\/\/www.schellhammerinstitute.com\/?s={search_term_string}"},"query-input":{"@type":"PropertyValueSpecification","valueRequired":true,"valueName":"search_term_string"}}],"inLanguage":"es"},{"@type":"Organization","@id":"https:\/\/www.schellhammerinstitute.com\/#organization","name":"Instituci\u00f3n Schellhammer","alternateName":"Schellhammer Institute","url":"https:\/\/www.schellhammerinstitute.com\/","logo":{"@type":"ImageObject","inLanguage":"es","@id":"https:\/\/www.schellhammerinstitute.com\/#\/schema\/logo\/image\/","url":"https:\/\/www.schellhammerinstitute.com\/wp-content\/uploads\/cropped-4-Photoroom.png","contentUrl":"https:\/\/www.schellhammerinstitute.com\/wp-content\/uploads\/cropped-4-Photoroom.png","width":902,"height":901,"caption":"Schellhammer Institute"},"image":{"@id":"https:\/\/www.schellhammerinstitute.com\/#\/schema\/logo\/image\/"},"sameAs":["https:\/\/www.facebook.com\/schellhammerinstitute","https:\/\/www.instagram.com\/schellhammerinstitute","https:\/\/www.linkedin.com\/company\/schellhammerinstitute"]}]}},"jetpack_sharing_enabled":true,"_links":{"self":[{"href":"https:\/\/www.schellhammerinstitute.com\/es\/wp-json\/wp\/v2\/product\/13827","targetHints":{"allow":["GET"]}}],"collection":[{"href":"https:\/\/www.schellhammerinstitute.com\/es\/wp-json\/wp\/v2\/product"}],"about":[{"href":"https:\/\/www.schellhammerinstitute.com\/es\/wp-json\/wp\/v2\/types\/product"}],"replies":[{"embeddable":true,"href":"https:\/\/www.schellhammerinstitute.com\/es\/wp-json\/wp\/v2\/comments?post=13827"}],"version-history":[{"count":1,"href":"https:\/\/www.schellhammerinstitute.com\/es\/wp-json\/wp\/v2\/product\/13827\/revisions"}],"predecessor-version":[{"id":13832,"href":"https:\/\/www.schellhammerinstitute.com\/es\/wp-json\/wp\/v2\/product\/13827\/revisions\/13832"}],"wp:featuredmedia":[{"embeddable":true,"href":"https:\/\/www.schellhammerinstitute.com\/es\/wp-json\/wp\/v2\/media\/13719"}],"wp:attachment":[{"href":"https:\/\/www.schellhammerinstitute.com\/es\/wp-json\/wp\/v2\/media?parent=13827"}],"wp:term":[{"taxonomy":"product_brand","embeddable":true,"href":"https:\/\/www.schellhammerinstitute.com\/es\/wp-json\/wp\/v2\/product_brand?post=13827"},{"taxonomy":"product_cat","embeddable":true,"href":"https:\/\/www.schellhammerinstitute.com\/es\/wp-json\/wp\/v2\/product_cat?post=13827"},{"taxonomy":"product_tag","embeddable":true,"href":"https:\/\/www.schellhammerinstitute.com\/es\/wp-json\/wp\/v2\/product_tag?post=13827"}],"curies":[{"name":"wp","href":"https:\/\/api.w.org\/{rel}","templated":true}]}}