{"id":13824,"date":"2024-01-10T08:50:52","date_gmt":"2024-01-10T08:50:52","guid":{"rendered":"https:\/\/www.schellhammerinstitute.com\/?post_type=product&#038;p=13824"},"modified":"2024-01-10T08:50:53","modified_gmt":"2024-01-10T08:50:53","slug":"psicologia-ii-2","status":"publish","type":"product","link":"https:\/\/www.schellhammerinstitute.com\/es\/producto\/psicologia-ii-2\/","title":{"rendered":"Psicolog\u00eda II"},"content":{"rendered":"","protected":false},"excerpt":{"rendered":"<p>El comportamiento humano es esencialmente el resultado de la forma en que operan las funciones mentales. La Psicolog\u00eda del Comportamiento ignora el mundo interior y distorsiona la totalidad del ser humano. Predomina la capacidad del \"yo\", el control y la gesti\u00f3n que tiene cada humano. Las emociones son de una enorme riqueza significativa, indispensables para la vida humana. Dejar que el mundo de las emociones act\u00fae sin control destruye la vida humana. Los humanos dan forma a la energ\u00eda ps\u00edquica con el pensamiento, las emociones y el inconsciente. La energ\u00eda ps\u00edquica infecta a los dem\u00e1s y al entorno y puede da\u00f1ar a cada uno de ellos. Las funciones cognitivas determinan el \u00e9xito de la vida y el crecimiento personal. La psicolog\u00eda cient\u00edfica cre\u00f3 una visi\u00f3n estrecha y una evoluci\u00f3n arcaico-regresiva. La psicolog\u00eda es importante en los negocios, la pol\u00edtica, la religi\u00f3n, la educaci\u00f3n y, en general, en la vida.<\/p>","protected":false},"featured_media":13716,"comment_status":"closed","ping_status":"closed","template":"","meta":{"saved_in_kubio":false},"product_brand":[],"product_cat":[292,290],"product_tag":[],"class_list":{"0":"post-13824","1":"product","2":"type-product","3":"status-publish","4":"has-post-thumbnail","6":"product_cat-english-books","7":"product_cat-psychology","9":"first","10":"instock","11":"shipping-taxable","12":"purchasable","13":"product-type-simple"},"yoast_head":"<!-- This site is optimized with the Yoast SEO plugin v27.3 - https:\/\/yoast.com\/product\/yoast-seo-wordpress\/ -->\n<title>Psychology II | Schellhammer Institute<\/title>\n<meta name=\"description\" content=\"Human&#039;s behaviour is essentially a result of the way mental functions operate. Behaviour Psychology ignores the inner world and distorts human&#039;s totality. The &quot;I&quot; capacity, the control and management each human has is predominant. Emotions are of enormous meaningful richness, indispensable for human life. Letting the world of emotions act beyond control destroys human life. Humans shape psychical energy with thinking emotions, and the unconscious. Psychical energy infects others and the environment and can damage each of them. Cognitive functions determine successful living and personal growth. Scientific psychology created a narrow view and archaic-regressive evolution. Psychology is important in business, politics, religion, education, and generally in life.\" \/>\n<meta name=\"robots\" content=\"index, follow, max-snippet:-1, max-image-preview:large, max-video-preview:-1\" \/>\n<link rel=\"canonical\" href=\"https:\/\/www.schellhammerinstitute.com\/es\/producto\/psicologia-ii-2\/\" \/>\n<meta property=\"og:locale\" content=\"es_ES\" \/>\n<meta property=\"og:type\" content=\"article\" \/>\n<meta property=\"og:title\" content=\"Psychology II | Schellhammer Institute\" \/>\n<meta property=\"og:description\" content=\"Human&#039;s behaviour is essentially a result of the way mental functions operate. Behaviour Psychology ignores the inner world and distorts human&#039;s totality. The &quot;I&quot; capacity, the control and management each human has is predominant. Emotions are of enormous meaningful richness, indispensable for human life. Letting the world of emotions act beyond control destroys human life. Humans shape psychical energy with thinking emotions, and the unconscious. Psychical energy infects others and the environment and can damage each of them. Cognitive functions determine successful living and personal growth. Scientific psychology created a narrow view and archaic-regressive evolution. Psychology is important in business, politics, religion, education, and generally in life.\" \/>\n<meta property=\"og:url\" content=\"https:\/\/www.schellhammerinstitute.com\/es\/producto\/psicologia-ii-2\/\" \/>\n<meta property=\"og:site_name\" content=\"Schellhammer Institute\" \/>\n<meta property=\"article:publisher\" content=\"https:\/\/www.facebook.com\/schellhammerinstitute\" \/>\n<meta property=\"article:modified_time\" content=\"2024-01-10T08:50:53+00:00\" \/>\n<meta property=\"og:image\" content=\"https:\/\/www.schellhammerinstitute.com\/wp-content\/uploads\/Psychology-2-Book-Cover.jpg\" \/>\n\t<meta property=\"og:image:width\" content=\"311\" \/>\n\t<meta property=\"og:image:height\" content=\"466\" \/>\n\t<meta property=\"og:image:type\" content=\"image\/jpeg\" \/>\n<meta name=\"twitter:card\" content=\"summary_large_image\" \/>\n<meta name=\"twitter:label1\" content=\"Tiempo de lectura\" \/>\n\t<meta name=\"twitter:data1\" content=\"1 minuto\" \/>\n<script type=\"application\/ld+json\" class=\"yoast-schema-graph\">{\"@context\":\"https:\\\/\\\/schema.org\",\"@graph\":[{\"@type\":\"WebPage\",\"@id\":\"https:\\\/\\\/www.schellhammerinstitute.com\\\/product\\\/psychology-ii\\\/\",\"url\":\"https:\\\/\\\/www.schellhammerinstitute.com\\\/product\\\/psychology-ii\\\/\",\"name\":\"Psychology II | Schellhammer Institute\",\"isPartOf\":{\"@id\":\"https:\\\/\\\/www.schellhammerinstitute.com\\\/#website\"},\"primaryImageOfPage\":{\"@id\":\"https:\\\/\\\/www.schellhammerinstitute.com\\\/product\\\/psychology-ii\\\/#primaryimage\"},\"image\":{\"@id\":\"https:\\\/\\\/www.schellhammerinstitute.com\\\/product\\\/psychology-ii\\\/#primaryimage\"},\"thumbnailUrl\":\"https:\\\/\\\/www.schellhammerinstitute.com\\\/wp-content\\\/uploads\\\/Psychology-2-Book-Cover.jpg\",\"datePublished\":\"2024-01-10T08:50:52+00:00\",\"dateModified\":\"2024-01-10T08:50:53+00:00\",\"description\":\"Human's behaviour is essentially a result of the way mental functions operate. Behaviour Psychology ignores the inner world and distorts human's totality. The \\\"I\\\" capacity, the control and management each human has is predominant. Emotions are of enormous meaningful richness, indispensable for human life. Letting the world of emotions act beyond control destroys human life. Humans shape psychical energy with thinking emotions, and the unconscious. Psychical energy infects others and the environment and can damage each of them. Cognitive functions determine successful living and personal growth. Scientific psychology created a narrow view and archaic-regressive evolution. Psychology is important in business, politics, religion, education, and generally in life.\",\"breadcrumb\":{\"@id\":\"https:\\\/\\\/www.schellhammerinstitute.com\\\/product\\\/psychology-ii\\\/#breadcrumb\"},\"inLanguage\":\"es\",\"potentialAction\":[{\"@type\":\"ReadAction\",\"target\":[\"https:\\\/\\\/www.schellhammerinstitute.com\\\/product\\\/psychology-ii\\\/\"]}]},{\"@type\":\"ImageObject\",\"inLanguage\":\"es\",\"@id\":\"https:\\\/\\\/www.schellhammerinstitute.com\\\/product\\\/psychology-ii\\\/#primaryimage\",\"url\":\"https:\\\/\\\/www.schellhammerinstitute.com\\\/wp-content\\\/uploads\\\/Psychology-2-Book-Cover.jpg\",\"contentUrl\":\"https:\\\/\\\/www.schellhammerinstitute.com\\\/wp-content\\\/uploads\\\/Psychology-2-Book-Cover.jpg\",\"width\":311,\"height\":466,\"caption\":\"Human's behaviour is essentially a result of the way mental functions operate. Behaviour Psychology ignores the inner world and distorts human's totality. The \\\"I\\\" capacity, the control and management each human has is predominant. Emotions are of enormous meaningful richness, indispensable for human life. Letting the world of emotions act beyond control destroys human life. Humans shape psychical energy with thinking emotions, and the unconscious. Psychical energy infects others and the environment and can damage each of them. Cognitive functions determine successful living and personal growth. Scientific psychology created a narrow view and archaic-regressive evolution. Psychology is important in business, politics, religion, education, and generally in life.\"},{\"@type\":\"BreadcrumbList\",\"@id\":\"https:\\\/\\\/www.schellhammerinstitute.com\\\/product\\\/psychology-ii\\\/#breadcrumb\",\"itemListElement\":[{\"@type\":\"ListItem\",\"position\":1,\"name\":\"Home\",\"item\":\"https:\\\/\\\/www.schellhammerinstitute.com\\\/\"},{\"@type\":\"ListItem\",\"position\":2,\"name\":\"Shop\",\"item\":\"https:\\\/\\\/www.schellhammerinstitute.com\\\/shop\\\/\"},{\"@type\":\"ListItem\",\"position\":3,\"name\":\"Psychology II\"}]},{\"@type\":\"WebSite\",\"@id\":\"https:\\\/\\\/www.schellhammerinstitute.com\\\/#website\",\"url\":\"https:\\\/\\\/www.schellhammerinstitute.com\\\/\",\"name\":\"Schellhammer Institute\",\"description\":\"We want to change the world for the better\",\"publisher\":{\"@id\":\"https:\\\/\\\/www.schellhammerinstitute.com\\\/#organization\"},\"alternateName\":\"The Schellhamer Institute\",\"potentialAction\":[{\"@type\":\"SearchAction\",\"target\":{\"@type\":\"EntryPoint\",\"urlTemplate\":\"https:\\\/\\\/www.schellhammerinstitute.com\\\/?s={search_term_string}\"},\"query-input\":{\"@type\":\"PropertyValueSpecification\",\"valueRequired\":true,\"valueName\":\"search_term_string\"}}],\"inLanguage\":\"es\"},{\"@type\":\"Organization\",\"@id\":\"https:\\\/\\\/www.schellhammerinstitute.com\\\/#organization\",\"name\":\"Schellhammer Institute\",\"alternateName\":\"Schellhammer Institute\",\"url\":\"https:\\\/\\\/www.schellhammerinstitute.com\\\/\",\"logo\":{\"@type\":\"ImageObject\",\"inLanguage\":\"es\",\"@id\":\"https:\\\/\\\/www.schellhammerinstitute.com\\\/#\\\/schema\\\/logo\\\/image\\\/\",\"url\":\"https:\\\/\\\/www.schellhammerinstitute.com\\\/wp-content\\\/uploads\\\/cropped-4-Photoroom.png\",\"contentUrl\":\"https:\\\/\\\/www.schellhammerinstitute.com\\\/wp-content\\\/uploads\\\/cropped-4-Photoroom.png\",\"width\":902,\"height\":901,\"caption\":\"Schellhammer Institute\"},\"image\":{\"@id\":\"https:\\\/\\\/www.schellhammerinstitute.com\\\/#\\\/schema\\\/logo\\\/image\\\/\"},\"sameAs\":[\"https:\\\/\\\/www.facebook.com\\\/schellhammerinstitute\",\"https:\\\/\\\/www.instagram.com\\\/schellhammerinstitute\",\"https:\\\/\\\/www.linkedin.com\\\/company\\\/schellhammerinstitute\"]}]}<\/script>\n<!-- \/ Yoast SEO plugin. -->","yoast_head_json":{"title":"Psychology II | Schellhammer Institute","description":"El comportamiento humano es esencialmente el resultado de la forma en que operan las funciones mentales. La Psicolog\u00eda del Comportamiento ignora el mundo interior y distorsiona la totalidad del ser humano. Predomina la capacidad del \"yo\", el control y la gesti\u00f3n que tiene cada humano. Las emociones son de una enorme riqueza significativa, indispensables para la vida humana. Dejar que el mundo de las emociones act\u00fae sin control destruye la vida humana. Los humanos dan forma a la energ\u00eda ps\u00edquica con el pensamiento, las emociones y el inconsciente. La energ\u00eda ps\u00edquica infecta a los dem\u00e1s y al entorno y puede da\u00f1ar a cada uno de ellos. Las funciones cognitivas determinan el \u00e9xito de la vida y el crecimiento personal. La psicolog\u00eda cient\u00edfica cre\u00f3 una visi\u00f3n estrecha y una evoluci\u00f3n arcaico-regresiva. La psicolog\u00eda es importante en los negocios, la pol\u00edtica, la religi\u00f3n, la educaci\u00f3n y, en general, en la vida.","robots":{"index":"index","follow":"follow","max-snippet":"max-snippet:-1","max-image-preview":"max-image-preview:large","max-video-preview":"max-video-preview:-1"},"canonical":"https:\/\/www.schellhammerinstitute.com\/es\/producto\/psicologia-ii-2\/","og_locale":"es_ES","og_type":"article","og_title":"Psychology II | Schellhammer Institute","og_description":"Human's behaviour is essentially a result of the way mental functions operate. Behaviour Psychology ignores the inner world and distorts human's totality. The \"I\" capacity, the control and management each human has is predominant. Emotions are of enormous meaningful richness, indispensable for human life. Letting the world of emotions act beyond control destroys human life. Humans shape psychical energy with thinking emotions, and the unconscious. Psychical energy infects others and the environment and can damage each of them. Cognitive functions determine successful living and personal growth. Scientific psychology created a narrow view and archaic-regressive evolution. Psychology is important in business, politics, religion, education, and generally in life.","og_url":"https:\/\/www.schellhammerinstitute.com\/es\/producto\/psicologia-ii-2\/","og_site_name":"Schellhammer Institute","article_publisher":"https:\/\/www.facebook.com\/schellhammerinstitute","article_modified_time":"2024-01-10T08:50:53+00:00","og_image":[{"width":311,"height":466,"url":"https:\/\/www.schellhammerinstitute.com\/wp-content\/uploads\/Psychology-2-Book-Cover.jpg","type":"image\/jpeg"}],"twitter_card":"summary_large_image","twitter_misc":{"Tiempo de lectura":"1 minuto"},"schema":{"@context":"https:\/\/schema.org","@graph":[{"@type":"WebPage","@id":"https:\/\/www.schellhammerinstitute.com\/product\/psychology-ii\/","url":"https:\/\/www.schellhammerinstitute.com\/product\/psychology-ii\/","name":"Psychology II | Schellhammer Institute","isPartOf":{"@id":"https:\/\/www.schellhammerinstitute.com\/#website"},"primaryImageOfPage":{"@id":"https:\/\/www.schellhammerinstitute.com\/product\/psychology-ii\/#primaryimage"},"image":{"@id":"https:\/\/www.schellhammerinstitute.com\/product\/psychology-ii\/#primaryimage"},"thumbnailUrl":"https:\/\/www.schellhammerinstitute.com\/wp-content\/uploads\/Psychology-2-Book-Cover.jpg","datePublished":"2024-01-10T08:50:52+00:00","dateModified":"2024-01-10T08:50:53+00:00","description":"El comportamiento humano es esencialmente el resultado de la forma en que operan las funciones mentales. La Psicolog\u00eda del Comportamiento ignora el mundo interior y distorsiona la totalidad del ser humano. Predomina la capacidad del \"yo\", el control y la gesti\u00f3n que tiene cada humano. Las emociones son de una enorme riqueza significativa, indispensables para la vida humana. Dejar que el mundo de las emociones act\u00fae sin control destruye la vida humana. Los humanos dan forma a la energ\u00eda ps\u00edquica con el pensamiento, las emociones y el inconsciente. La energ\u00eda ps\u00edquica infecta a los dem\u00e1s y al entorno y puede da\u00f1ar a cada uno de ellos. Las funciones cognitivas determinan el \u00e9xito de la vida y el crecimiento personal. La psicolog\u00eda cient\u00edfica cre\u00f3 una visi\u00f3n estrecha y una evoluci\u00f3n arcaico-regresiva. La psicolog\u00eda es importante en los negocios, la pol\u00edtica, la religi\u00f3n, la educaci\u00f3n y, en general, en la vida.","breadcrumb":{"@id":"https:\/\/www.schellhammerinstitute.com\/product\/psychology-ii\/#breadcrumb"},"inLanguage":"es","potentialAction":[{"@type":"ReadAction","target":["https:\/\/www.schellhammerinstitute.com\/product\/psychology-ii\/"]}]},{"@type":"ImageObject","inLanguage":"es","@id":"https:\/\/www.schellhammerinstitute.com\/product\/psychology-ii\/#primaryimage","url":"https:\/\/www.schellhammerinstitute.com\/wp-content\/uploads\/Psychology-2-Book-Cover.jpg","contentUrl":"https:\/\/www.schellhammerinstitute.com\/wp-content\/uploads\/Psychology-2-Book-Cover.jpg","width":311,"height":466,"caption":"Human's behaviour is essentially a result of the way mental functions operate. Behaviour Psychology ignores the inner world and distorts human's totality. The \"I\" capacity, the control and management each human has is predominant. Emotions are of enormous meaningful richness, indispensable for human life. Letting the world of emotions act beyond control destroys human life. Humans shape psychical energy with thinking emotions, and the unconscious. Psychical energy infects others and the environment and can damage each of them. Cognitive functions determine successful living and personal growth. Scientific psychology created a narrow view and archaic-regressive evolution. Psychology is important in business, politics, religion, education, and generally in life."},{"@type":"BreadcrumbList","@id":"https:\/\/www.schellhammerinstitute.com\/product\/psychology-ii\/#breadcrumb","itemListElement":[{"@type":"ListItem","position":1,"name":"Home","item":"https:\/\/www.schellhammerinstitute.com\/"},{"@type":"ListItem","position":2,"name":"Shop","item":"https:\/\/www.schellhammerinstitute.com\/shop\/"},{"@type":"ListItem","position":3,"name":"Psychology II"}]},{"@type":"WebSite","@id":"https:\/\/www.schellhammerinstitute.com\/#website","url":"https:\/\/www.schellhammerinstitute.com\/","name":"Instituci\u00f3n Schellhammer","description":"Queremos cambiar el mundo a mejor","publisher":{"@id":"https:\/\/www.schellhammerinstitute.com\/#organization"},"alternateName":"The Schellhamer Institute","potentialAction":[{"@type":"SearchAction","target":{"@type":"EntryPoint","urlTemplate":"https:\/\/www.schellhammerinstitute.com\/?s={search_term_string}"},"query-input":{"@type":"PropertyValueSpecification","valueRequired":true,"valueName":"search_term_string"}}],"inLanguage":"es"},{"@type":"Organization","@id":"https:\/\/www.schellhammerinstitute.com\/#organization","name":"Instituci\u00f3n Schellhammer","alternateName":"Schellhammer Institute","url":"https:\/\/www.schellhammerinstitute.com\/","logo":{"@type":"ImageObject","inLanguage":"es","@id":"https:\/\/www.schellhammerinstitute.com\/#\/schema\/logo\/image\/","url":"https:\/\/www.schellhammerinstitute.com\/wp-content\/uploads\/cropped-4-Photoroom.png","contentUrl":"https:\/\/www.schellhammerinstitute.com\/wp-content\/uploads\/cropped-4-Photoroom.png","width":902,"height":901,"caption":"Schellhammer Institute"},"image":{"@id":"https:\/\/www.schellhammerinstitute.com\/#\/schema\/logo\/image\/"},"sameAs":["https:\/\/www.facebook.com\/schellhammerinstitute","https:\/\/www.instagram.com\/schellhammerinstitute","https:\/\/www.linkedin.com\/company\/schellhammerinstitute"]}]}},"jetpack_sharing_enabled":true,"_links":{"self":[{"href":"https:\/\/www.schellhammerinstitute.com\/es\/wp-json\/wp\/v2\/product\/13824","targetHints":{"allow":["GET"]}}],"collection":[{"href":"https:\/\/www.schellhammerinstitute.com\/es\/wp-json\/wp\/v2\/product"}],"about":[{"href":"https:\/\/www.schellhammerinstitute.com\/es\/wp-json\/wp\/v2\/types\/product"}],"replies":[{"embeddable":true,"href":"https:\/\/www.schellhammerinstitute.com\/es\/wp-json\/wp\/v2\/comments?post=13824"}],"version-history":[{"count":0,"href":"https:\/\/www.schellhammerinstitute.com\/es\/wp-json\/wp\/v2\/product\/13824\/revisions"}],"wp:featuredmedia":[{"embeddable":true,"href":"https:\/\/www.schellhammerinstitute.com\/es\/wp-json\/wp\/v2\/media\/13716"}],"wp:attachment":[{"href":"https:\/\/www.schellhammerinstitute.com\/es\/wp-json\/wp\/v2\/media?parent=13824"}],"wp:term":[{"taxonomy":"product_brand","embeddable":true,"href":"https:\/\/www.schellhammerinstitute.com\/es\/wp-json\/wp\/v2\/product_brand?post=13824"},{"taxonomy":"product_cat","embeddable":true,"href":"https:\/\/www.schellhammerinstitute.com\/es\/wp-json\/wp\/v2\/product_cat?post=13824"},{"taxonomy":"product_tag","embeddable":true,"href":"https:\/\/www.schellhammerinstitute.com\/es\/wp-json\/wp\/v2\/product_tag?post=13824"}],"curies":[{"name":"wp","href":"https:\/\/api.w.org\/{rel}","templated":true}]}}