{"id":13820,"date":"2024-01-10T08:34:36","date_gmt":"2024-01-10T08:34:36","guid":{"rendered":"https:\/\/www.schellhammerinstitute.com\/?post_type=product&#038;p=13820"},"modified":"2024-01-10T08:45:05","modified_gmt":"2024-01-10T08:45:05","slug":"13820-2","status":"publish","type":"product","link":"https:\/\/www.schellhammerinstitute.com\/es\/producto\/13820-2\/","title":{"rendered":"Psicolog\u00eda I"},"content":{"rendered":"","protected":false},"excerpt":{"rendered":"<p>La psicolog\u00eda comienza con la exploraci\u00f3n de la psicolog\u00eda en la vida real. Descubrir el mundo psicol\u00f3gico significa buscar un sentido. 80% de la vida humana y los negocios est\u00e1 relacionado con la psicolog\u00eda. La psicolog\u00eda trata de los seres humanos y de la mente y el alma. La psicolog\u00eda es tambi\u00e9n siempre acerca de los valores humanos y nuestras vidas. La eficacia de las funciones ps\u00edquicas operativas es crucial. La ciencia de la psicolog\u00eda ignora las \u00e1reas m\u00e1s profundas de la psique. Este primer libro de una trilog\u00eda conduce al misterio humano perdido. El conocimiento psicol\u00f3gico se convierte en un reto personal para el lector.<\/p>","protected":false},"featured_media":13707,"comment_status":"closed","ping_status":"closed","template":"","meta":{"saved_in_kubio":false},"product_brand":[],"product_cat":[292,290],"product_tag":[],"class_list":{"0":"post-13820","1":"product","2":"type-product","3":"status-publish","4":"has-post-thumbnail","6":"product_cat-english-books","7":"product_cat-psychology","9":"first","10":"instock","11":"shipping-taxable","12":"purchasable","13":"product-type-simple"},"yoast_head":"<!-- This site is optimized with the Yoast SEO plugin v27.3 - https:\/\/yoast.com\/product\/yoast-seo-wordpress\/ -->\n<title>Psychology I | Schellhammer Institute<\/title>\n<meta name=\"description\" content=\"Psychology starts with exploring psychology in real life. Discovering the psychological world means searching for meaning. 80% of human life and business is connected to psychology. Psychology is about humans and the mind and soul. Psychology is also always about human values and our lives. The efficiency of the operating psychical functions is crucial. The science of psychology ignores the deepest areas of the psyche. This first book in a trilogy leads to the lost human mystery. Psychological knowledge becomes a personal challenge for the reader.\" \/>\n<meta name=\"robots\" content=\"index, follow, max-snippet:-1, max-image-preview:large, max-video-preview:-1\" \/>\n<link rel=\"canonical\" href=\"https:\/\/www.schellhammerinstitute.com\/es\/producto\/13820-2\/\" \/>\n<meta property=\"og:locale\" content=\"es_ES\" \/>\n<meta property=\"og:type\" content=\"article\" \/>\n<meta property=\"og:title\" content=\"Psychology I | Schellhammer Institute\" \/>\n<meta property=\"og:description\" content=\"Psychology starts with exploring psychology in real life. Discovering the psychological world means searching for meaning. 80% of human life and business is connected to psychology. Psychology is about humans and the mind and soul. Psychology is also always about human values and our lives. The efficiency of the operating psychical functions is crucial. The science of psychology ignores the deepest areas of the psyche. This first book in a trilogy leads to the lost human mystery. Psychological knowledge becomes a personal challenge for the reader.\" \/>\n<meta property=\"og:url\" content=\"https:\/\/www.schellhammerinstitute.com\/es\/producto\/13820-2\/\" \/>\n<meta property=\"og:site_name\" content=\"Schellhammer Institute\" \/>\n<meta property=\"article:publisher\" content=\"https:\/\/www.facebook.com\/schellhammerinstitute\" \/>\n<meta property=\"article:modified_time\" content=\"2024-01-10T08:45:05+00:00\" \/>\n<meta property=\"og:image\" content=\"https:\/\/www.schellhammerinstitute.com\/wp-content\/uploads\/physchology1-book-cover.jpg\" \/>\n\t<meta property=\"og:image:width\" content=\"667\" \/>\n\t<meta property=\"og:image:height\" content=\"1000\" \/>\n\t<meta property=\"og:image:type\" content=\"image\/jpeg\" \/>\n<meta name=\"twitter:card\" content=\"summary_large_image\" \/>\n<meta name=\"twitter:label1\" content=\"Tiempo de lectura\" \/>\n\t<meta name=\"twitter:data1\" content=\"1 minuto\" \/>\n<script type=\"application\/ld+json\" class=\"yoast-schema-graph\">{\"@context\":\"https:\\\/\\\/schema.org\",\"@graph\":[{\"@type\":\"WebPage\",\"@id\":\"https:\\\/\\\/www.schellhammerinstitute.com\\\/product\\\/13820\\\/\",\"url\":\"https:\\\/\\\/www.schellhammerinstitute.com\\\/product\\\/13820\\\/\",\"name\":\"Psychology I | Schellhammer Institute\",\"isPartOf\":{\"@id\":\"https:\\\/\\\/www.schellhammerinstitute.com\\\/#website\"},\"primaryImageOfPage\":{\"@id\":\"https:\\\/\\\/www.schellhammerinstitute.com\\\/product\\\/13820\\\/#primaryimage\"},\"image\":{\"@id\":\"https:\\\/\\\/www.schellhammerinstitute.com\\\/product\\\/13820\\\/#primaryimage\"},\"thumbnailUrl\":\"https:\\\/\\\/www.schellhammerinstitute.com\\\/wp-content\\\/uploads\\\/physchology1-book-cover.jpg\",\"datePublished\":\"2024-01-10T08:34:36+00:00\",\"dateModified\":\"2024-01-10T08:45:05+00:00\",\"description\":\"Psychology starts with exploring psychology in real life. Discovering the psychological world means searching for meaning. 80% of human life and business is connected to psychology. Psychology is about humans and the mind and soul. Psychology is also always about human values and our lives. The efficiency of the operating psychical functions is crucial. The science of psychology ignores the deepest areas of the psyche. This first book in a trilogy leads to the lost human mystery. Psychological knowledge becomes a personal challenge for the reader.\",\"breadcrumb\":{\"@id\":\"https:\\\/\\\/www.schellhammerinstitute.com\\\/product\\\/13820\\\/#breadcrumb\"},\"inLanguage\":\"es\",\"potentialAction\":[{\"@type\":\"ReadAction\",\"target\":[\"https:\\\/\\\/www.schellhammerinstitute.com\\\/product\\\/13820\\\/\"]}]},{\"@type\":\"ImageObject\",\"inLanguage\":\"es\",\"@id\":\"https:\\\/\\\/www.schellhammerinstitute.com\\\/product\\\/13820\\\/#primaryimage\",\"url\":\"https:\\\/\\\/www.schellhammerinstitute.com\\\/wp-content\\\/uploads\\\/physchology1-book-cover.jpg\",\"contentUrl\":\"https:\\\/\\\/www.schellhammerinstitute.com\\\/wp-content\\\/uploads\\\/physchology1-book-cover.jpg\",\"width\":667,\"height\":1000,\"caption\":\"Psychology starts with exploring psychology in real life. Discovering the psychological world means searching for meaning. 80% of human life and business is connected to psychology. Psychology is about humans and the mind and soul. Psychology is also always about human values and our lives. The efficiency of the operating psychical functions is crucial. The science of psychology ignores the deepest areas of the psyche. This first book in a trilogy leads to the lost human mystery. Psychological knowledge becomes a personal challenge for the reader.\"},{\"@type\":\"BreadcrumbList\",\"@id\":\"https:\\\/\\\/www.schellhammerinstitute.com\\\/product\\\/13820\\\/#breadcrumb\",\"itemListElement\":[{\"@type\":\"ListItem\",\"position\":1,\"name\":\"Home\",\"item\":\"https:\\\/\\\/www.schellhammerinstitute.com\\\/\"},{\"@type\":\"ListItem\",\"position\":2,\"name\":\"Shop\",\"item\":\"https:\\\/\\\/www.schellhammerinstitute.com\\\/shop\\\/\"},{\"@type\":\"ListItem\",\"position\":3,\"name\":\"Psychology I\"}]},{\"@type\":\"WebSite\",\"@id\":\"https:\\\/\\\/www.schellhammerinstitute.com\\\/#website\",\"url\":\"https:\\\/\\\/www.schellhammerinstitute.com\\\/\",\"name\":\"Schellhammer Institute\",\"description\":\"We want to change the world for the better\",\"publisher\":{\"@id\":\"https:\\\/\\\/www.schellhammerinstitute.com\\\/#organization\"},\"alternateName\":\"The Schellhamer Institute\",\"potentialAction\":[{\"@type\":\"SearchAction\",\"target\":{\"@type\":\"EntryPoint\",\"urlTemplate\":\"https:\\\/\\\/www.schellhammerinstitute.com\\\/?s={search_term_string}\"},\"query-input\":{\"@type\":\"PropertyValueSpecification\",\"valueRequired\":true,\"valueName\":\"search_term_string\"}}],\"inLanguage\":\"es\"},{\"@type\":\"Organization\",\"@id\":\"https:\\\/\\\/www.schellhammerinstitute.com\\\/#organization\",\"name\":\"Schellhammer Institute\",\"alternateName\":\"Schellhammer Institute\",\"url\":\"https:\\\/\\\/www.schellhammerinstitute.com\\\/\",\"logo\":{\"@type\":\"ImageObject\",\"inLanguage\":\"es\",\"@id\":\"https:\\\/\\\/www.schellhammerinstitute.com\\\/#\\\/schema\\\/logo\\\/image\\\/\",\"url\":\"https:\\\/\\\/www.schellhammerinstitute.com\\\/wp-content\\\/uploads\\\/cropped-4-Photoroom.png\",\"contentUrl\":\"https:\\\/\\\/www.schellhammerinstitute.com\\\/wp-content\\\/uploads\\\/cropped-4-Photoroom.png\",\"width\":902,\"height\":901,\"caption\":\"Schellhammer Institute\"},\"image\":{\"@id\":\"https:\\\/\\\/www.schellhammerinstitute.com\\\/#\\\/schema\\\/logo\\\/image\\\/\"},\"sameAs\":[\"https:\\\/\\\/www.facebook.com\\\/schellhammerinstitute\",\"https:\\\/\\\/www.instagram.com\\\/schellhammerinstitute\",\"https:\\\/\\\/www.linkedin.com\\\/company\\\/schellhammerinstitute\"]}]}<\/script>\n<!-- \/ Yoast SEO plugin. -->","yoast_head_json":{"title":"Psychology I | Schellhammer Institute","description":"La psicolog\u00eda comienza con la exploraci\u00f3n de la psicolog\u00eda en la vida real. Descubrir el mundo psicol\u00f3gico significa buscar un sentido. 80% de la vida humana y los negocios est\u00e1 relacionado con la psicolog\u00eda. La psicolog\u00eda trata de los seres humanos y de la mente y el alma. La psicolog\u00eda es tambi\u00e9n siempre acerca de los valores humanos y nuestras vidas. La eficacia de las funciones ps\u00edquicas operativas es crucial. La ciencia de la psicolog\u00eda ignora las \u00e1reas m\u00e1s profundas de la psique. Este primer libro de una trilog\u00eda conduce al misterio humano perdido. El conocimiento psicol\u00f3gico se convierte en un reto personal para el lector.","robots":{"index":"index","follow":"follow","max-snippet":"max-snippet:-1","max-image-preview":"max-image-preview:large","max-video-preview":"max-video-preview:-1"},"canonical":"https:\/\/www.schellhammerinstitute.com\/es\/producto\/13820-2\/","og_locale":"es_ES","og_type":"article","og_title":"Psychology I | Schellhammer Institute","og_description":"Psychology starts with exploring psychology in real life. Discovering the psychological world means searching for meaning. 80% of human life and business is connected to psychology. Psychology is about humans and the mind and soul. Psychology is also always about human values and our lives. The efficiency of the operating psychical functions is crucial. The science of psychology ignores the deepest areas of the psyche. This first book in a trilogy leads to the lost human mystery. Psychological knowledge becomes a personal challenge for the reader.","og_url":"https:\/\/www.schellhammerinstitute.com\/es\/producto\/13820-2\/","og_site_name":"Schellhammer Institute","article_publisher":"https:\/\/www.facebook.com\/schellhammerinstitute","article_modified_time":"2024-01-10T08:45:05+00:00","og_image":[{"width":667,"height":1000,"url":"https:\/\/www.schellhammerinstitute.com\/wp-content\/uploads\/physchology1-book-cover.jpg","type":"image\/jpeg"}],"twitter_card":"summary_large_image","twitter_misc":{"Tiempo de lectura":"1 minuto"},"schema":{"@context":"https:\/\/schema.org","@graph":[{"@type":"WebPage","@id":"https:\/\/www.schellhammerinstitute.com\/product\/13820\/","url":"https:\/\/www.schellhammerinstitute.com\/product\/13820\/","name":"Psychology I | Schellhammer Institute","isPartOf":{"@id":"https:\/\/www.schellhammerinstitute.com\/#website"},"primaryImageOfPage":{"@id":"https:\/\/www.schellhammerinstitute.com\/product\/13820\/#primaryimage"},"image":{"@id":"https:\/\/www.schellhammerinstitute.com\/product\/13820\/#primaryimage"},"thumbnailUrl":"https:\/\/www.schellhammerinstitute.com\/wp-content\/uploads\/physchology1-book-cover.jpg","datePublished":"2024-01-10T08:34:36+00:00","dateModified":"2024-01-10T08:45:05+00:00","description":"La psicolog\u00eda comienza con la exploraci\u00f3n de la psicolog\u00eda en la vida real. Descubrir el mundo psicol\u00f3gico significa buscar un sentido. 80% de la vida humana y los negocios est\u00e1 relacionado con la psicolog\u00eda. La psicolog\u00eda trata de los seres humanos y de la mente y el alma. La psicolog\u00eda es tambi\u00e9n siempre acerca de los valores humanos y nuestras vidas. La eficacia de las funciones ps\u00edquicas operativas es crucial. La ciencia de la psicolog\u00eda ignora las \u00e1reas m\u00e1s profundas de la psique. Este primer libro de una trilog\u00eda conduce al misterio humano perdido. El conocimiento psicol\u00f3gico se convierte en un reto personal para el lector.","breadcrumb":{"@id":"https:\/\/www.schellhammerinstitute.com\/product\/13820\/#breadcrumb"},"inLanguage":"es","potentialAction":[{"@type":"ReadAction","target":["https:\/\/www.schellhammerinstitute.com\/product\/13820\/"]}]},{"@type":"ImageObject","inLanguage":"es","@id":"https:\/\/www.schellhammerinstitute.com\/product\/13820\/#primaryimage","url":"https:\/\/www.schellhammerinstitute.com\/wp-content\/uploads\/physchology1-book-cover.jpg","contentUrl":"https:\/\/www.schellhammerinstitute.com\/wp-content\/uploads\/physchology1-book-cover.jpg","width":667,"height":1000,"caption":"Psychology starts with exploring psychology in real life. Discovering the psychological world means searching for meaning. 80% of human life and business is connected to psychology. Psychology is about humans and the mind and soul. Psychology is also always about human values and our lives. The efficiency of the operating psychical functions is crucial. The science of psychology ignores the deepest areas of the psyche. This first book in a trilogy leads to the lost human mystery. Psychological knowledge becomes a personal challenge for the reader."},{"@type":"BreadcrumbList","@id":"https:\/\/www.schellhammerinstitute.com\/product\/13820\/#breadcrumb","itemListElement":[{"@type":"ListItem","position":1,"name":"Home","item":"https:\/\/www.schellhammerinstitute.com\/"},{"@type":"ListItem","position":2,"name":"Shop","item":"https:\/\/www.schellhammerinstitute.com\/shop\/"},{"@type":"ListItem","position":3,"name":"Psychology I"}]},{"@type":"WebSite","@id":"https:\/\/www.schellhammerinstitute.com\/#website","url":"https:\/\/www.schellhammerinstitute.com\/","name":"Instituci\u00f3n Schellhammer","description":"Queremos cambiar el mundo a mejor","publisher":{"@id":"https:\/\/www.schellhammerinstitute.com\/#organization"},"alternateName":"The Schellhamer Institute","potentialAction":[{"@type":"SearchAction","target":{"@type":"EntryPoint","urlTemplate":"https:\/\/www.schellhammerinstitute.com\/?s={search_term_string}"},"query-input":{"@type":"PropertyValueSpecification","valueRequired":true,"valueName":"search_term_string"}}],"inLanguage":"es"},{"@type":"Organization","@id":"https:\/\/www.schellhammerinstitute.com\/#organization","name":"Instituci\u00f3n Schellhammer","alternateName":"Schellhammer Institute","url":"https:\/\/www.schellhammerinstitute.com\/","logo":{"@type":"ImageObject","inLanguage":"es","@id":"https:\/\/www.schellhammerinstitute.com\/#\/schema\/logo\/image\/","url":"https:\/\/www.schellhammerinstitute.com\/wp-content\/uploads\/cropped-4-Photoroom.png","contentUrl":"https:\/\/www.schellhammerinstitute.com\/wp-content\/uploads\/cropped-4-Photoroom.png","width":902,"height":901,"caption":"Schellhammer Institute"},"image":{"@id":"https:\/\/www.schellhammerinstitute.com\/#\/schema\/logo\/image\/"},"sameAs":["https:\/\/www.facebook.com\/schellhammerinstitute","https:\/\/www.instagram.com\/schellhammerinstitute","https:\/\/www.linkedin.com\/company\/schellhammerinstitute"]}]}},"jetpack_sharing_enabled":true,"_links":{"self":[{"href":"https:\/\/www.schellhammerinstitute.com\/es\/wp-json\/wp\/v2\/product\/13820","targetHints":{"allow":["GET"]}}],"collection":[{"href":"https:\/\/www.schellhammerinstitute.com\/es\/wp-json\/wp\/v2\/product"}],"about":[{"href":"https:\/\/www.schellhammerinstitute.com\/es\/wp-json\/wp\/v2\/types\/product"}],"replies":[{"embeddable":true,"href":"https:\/\/www.schellhammerinstitute.com\/es\/wp-json\/wp\/v2\/comments?post=13820"}],"version-history":[{"count":1,"href":"https:\/\/www.schellhammerinstitute.com\/es\/wp-json\/wp\/v2\/product\/13820\/revisions"}],"predecessor-version":[{"id":13823,"href":"https:\/\/www.schellhammerinstitute.com\/es\/wp-json\/wp\/v2\/product\/13820\/revisions\/13823"}],"wp:featuredmedia":[{"embeddable":true,"href":"https:\/\/www.schellhammerinstitute.com\/es\/wp-json\/wp\/v2\/media\/13707"}],"wp:attachment":[{"href":"https:\/\/www.schellhammerinstitute.com\/es\/wp-json\/wp\/v2\/media?parent=13820"}],"wp:term":[{"taxonomy":"product_brand","embeddable":true,"href":"https:\/\/www.schellhammerinstitute.com\/es\/wp-json\/wp\/v2\/product_brand?post=13820"},{"taxonomy":"product_cat","embeddable":true,"href":"https:\/\/www.schellhammerinstitute.com\/es\/wp-json\/wp\/v2\/product_cat?post=13820"},{"taxonomy":"product_tag","embeddable":true,"href":"https:\/\/www.schellhammerinstitute.com\/es\/wp-json\/wp\/v2\/product_tag?post=13820"}],"curies":[{"name":"wp","href":"https:\/\/api.w.org\/{rel}","templated":true}]}}