{"id":8582,"date":"2020-03-24T15:49:37","date_gmt":"2020-03-24T15:49:37","guid":{"rendered":"https:\/\/www.schellhammerinstitute.com\/?page_id=8582"},"modified":"2020-03-24T15:49:37","modified_gmt":"2020-03-24T15:49:37","slug":"baile-2","status":"publish","type":"page","link":"https:\/\/www.schellhammerinstitute.com\/es\/baile-2\/","title":{"rendered":"Danza"},"content":{"rendered":"<p style=\"text-align: center;\"><strong>Cada ser humano decide hoy sobre su futuro.<br \/>\nHay amenazas mundiales mucho m\u00e1s mort\u00edferas que el virus Corona.<br \/>\n<\/strong><br \/>\nLos llamados Reyes y Reinas de hoy con su corona son en el sentido espiritual una farsa.<br \/>\nNo ha habido ning\u00fan arquetipo de \"Rey del Santo Grial\" en la Tierra desde hace mucho tiempo.<br \/>\nLa gobernanza y el liderazgo han demostrado ser ineficaces, c\u00ednicos, hambrientos de poder, corruptos.<br \/>\nDesde hace milenios siempre un grupo muy peque\u00f1o de \u00e9lites juegan sus juegos malvados con la humanidad.<br \/>\n80% de la poblaci\u00f3n mundial vive en la pobreza, una mayor\u00eda nunca podr\u00e1 salir de su esclavitud.<br \/>\nLos pol\u00edticos son incapaces de satisfacer las necesidades de la gente; son incapaces de crear un equilibrio global.<br \/>\nLa mayor\u00eda de los l\u00edderes repiten la historia de m\u00e1s de 5000 a\u00f1os y son incapaces de afrontar los retos.<\/p>\n<p style=\"text-align: center;\">Las peores atrocidades de la historia y de la actualidad siempre las han cometido Reyes, Presidentes, Gobernantes.<br \/>\nLas guerras, la mentira, el enga\u00f1o, la falsedad, la codicia, el abuso, el odio a la creaci\u00f3n siguen conformando la Gobernanza en todo el mundo.<br \/>\nLos belicistas mataron a 3.500 millones de personas y caballos en los campos de batalla; as\u00ed hoy. La humanidad los adora.<br \/>\nDemasiada gente es perezosa, est\u00fapida, arrogante, rechaza el aprendizaje, ignora los valores humanos, es fanfarrona.<br \/>\nCasi todos llevan toda la vida atascados en la preadolescencia; rechazan totalmente el autoconocimiento sustancial.<br \/>\nLa mayor\u00eda de las personas han desarrollado sus 22 funciones mentales en un nivel de 5-7%.<br \/>\nEn todo el mundo, la mayor\u00eda se comporta como un h\u00e1mster en la rueda del h\u00e1mster.<br \/>\n65% de ecosistemas han sido destruidos, crear\u00e1n un sufrimiento inimaginable en el futuro.<\/p>\n<p style=\"text-align: center;\"><strong>Muchas personas mueren sin haber vivido y desarrollado su mente y espiritualmente.<br \/>\nLas armas biol\u00f3gicas son pat\u00f3genos diab\u00f3licos, horripilantes y demenciales, utilizados ya hace siglos.<br \/>\nLas bombas nucleares y las armas poderosas muestran el rostro de sus fabricantes: L\u00edderes.<\/strong><\/p>\n<p style=\"text-align: center;\">Todo comienza con el aprendizaje, la lectura, el estudio, la contemplaci\u00f3n, la meditaci\u00f3n, los sue\u00f1os, el an\u00e1lisis, la catarsis personal,<br \/>\nel pensamiento cr\u00edtico, la exploraci\u00f3n cr\u00edtica y la b\u00fasqueda de la verdad en la propia fuente espiritual interior de la vida.<br \/>\n<strong><br \/>\n\"Morir en la oscuridad y la verg\u00fcenza\"<br \/>\nO invol\u00facrese en la creaci\u00f3n de un nuevo mundo para la realizaci\u00f3n interior.<\/strong><\/p>","protected":false},"excerpt":{"rendered":"<p>Each human today decides about his future! There are global threats that are far more life threatening than the Corona Virus The so-called Kings and Queens today with their crown are in the spiritual sense a sham. There has been no archetypal \u201cKing of the Holy Grail\u201d on earth since a very long time. Governance [&hellip;]<\/p>\n","protected":false},"author":1,"featured_media":8584,"parent":0,"menu_order":0,"comment_status":"closed","ping_status":"closed","template":"","meta":{"saved_in_kubio":false,"footnotes":""},"class_list":["post-8582","page","type-page","status-publish","has-post-thumbnail","hentry"],"kubio_ai_page_context":{"short_desc":"","purpose":"general"},"yoast_head":"<!-- This site is optimized with the Yoast SEO plugin v27.5 - https:\/\/yoast.com\/product\/yoast-seo-wordpress\/ -->\n<title>Dance | Schellhammer Institute<\/title>\n<meta name=\"robots\" content=\"index, follow, max-snippet:-1, max-image-preview:large, max-video-preview:-1\" \/>\n<link rel=\"canonical\" href=\"https:\/\/www.schellhammerinstitute.com\/es\/baile-2\/\" \/>\n<meta property=\"og:locale\" content=\"es_ES\" \/>\n<meta property=\"og:type\" content=\"article\" \/>\n<meta property=\"og:title\" content=\"Dance | Schellhammer Institute\" \/>\n<meta property=\"og:description\" content=\"Each human today decides about his future! There are global threats that are far more life threatening than the Corona Virus The so-called Kings and Queens today with their crown are in the spiritual sense a sham. There has been no archetypal \u201cKing of the Holy Grail\u201d on earth since a very long time. Governance [&hellip;]\" \/>\n<meta property=\"og:url\" content=\"https:\/\/www.schellhammerinstitute.com\/es\/baile-2\/\" \/>\n<meta property=\"og:site_name\" content=\"Schellhammer Institute\" \/>\n<meta property=\"article:publisher\" content=\"https:\/\/www.facebook.com\/schellhammerinstitute\" \/>\n<meta property=\"og:image\" content=\"https:\/\/www.schellhammerinstitute.com\/wp-content\/uploads\/488.jpg\" \/>\n\t<meta property=\"og:image:width\" content=\"2000\" \/>\n\t<meta property=\"og:image:height\" content=\"1125\" \/>\n\t<meta property=\"og:image:type\" content=\"image\/jpeg\" \/>\n<meta name=\"twitter:card\" content=\"summary_large_image\" \/>\n<meta name=\"twitter:label1\" content=\"Tiempo de lectura\" \/>\n\t<meta name=\"twitter:data1\" content=\"2 minutos\" \/>\n<script type=\"application\/ld+json\" class=\"yoast-schema-graph\">{\"@context\":\"https:\\\/\\\/schema.org\",\"@graph\":[{\"@type\":\"WebPage\",\"@id\":\"https:\\\/\\\/www.schellhammerinstitute.com\\\/dance\\\/\",\"url\":\"https:\\\/\\\/www.schellhammerinstitute.com\\\/dance\\\/\",\"name\":\"Dance | Schellhammer Institute\",\"isPartOf\":{\"@id\":\"https:\\\/\\\/www.schellhammerinstitute.com\\\/#website\"},\"primaryImageOfPage\":{\"@id\":\"https:\\\/\\\/www.schellhammerinstitute.com\\\/dance\\\/#primaryimage\"},\"image\":{\"@id\":\"https:\\\/\\\/www.schellhammerinstitute.com\\\/dance\\\/#primaryimage\"},\"thumbnailUrl\":\"https:\\\/\\\/www.schellhammerinstitute.com\\\/wp-content\\\/uploads\\\/488.jpg\",\"datePublished\":\"2020-03-24T15:49:37+00:00\",\"breadcrumb\":{\"@id\":\"https:\\\/\\\/www.schellhammerinstitute.com\\\/dance\\\/#breadcrumb\"},\"inLanguage\":\"es\",\"potentialAction\":[{\"@type\":\"ReadAction\",\"target\":[\"https:\\\/\\\/www.schellhammerinstitute.com\\\/dance\\\/\"]}]},{\"@type\":\"ImageObject\",\"inLanguage\":\"es\",\"@id\":\"https:\\\/\\\/www.schellhammerinstitute.com\\\/dance\\\/#primaryimage\",\"url\":\"https:\\\/\\\/www.schellhammerinstitute.com\\\/wp-content\\\/uploads\\\/488.jpg\",\"contentUrl\":\"https:\\\/\\\/www.schellhammerinstitute.com\\\/wp-content\\\/uploads\\\/488.jpg\",\"width\":2000,\"height\":1125},{\"@type\":\"BreadcrumbList\",\"@id\":\"https:\\\/\\\/www.schellhammerinstitute.com\\\/dance\\\/#breadcrumb\",\"itemListElement\":[{\"@type\":\"ListItem\",\"position\":1,\"name\":\"Home\",\"item\":\"https:\\\/\\\/www.schellhammerinstitute.com\\\/\"},{\"@type\":\"ListItem\",\"position\":2,\"name\":\"Dance\"}]},{\"@type\":\"WebSite\",\"@id\":\"https:\\\/\\\/www.schellhammerinstitute.com\\\/#website\",\"url\":\"https:\\\/\\\/www.schellhammerinstitute.com\\\/\",\"name\":\"Schellhammer Institute\",\"description\":\"We want to change the world for the better\",\"publisher\":{\"@id\":\"https:\\\/\\\/www.schellhammerinstitute.com\\\/#organization\"},\"alternateName\":\"The Schellhamer Institute\",\"potentialAction\":[{\"@type\":\"SearchAction\",\"target\":{\"@type\":\"EntryPoint\",\"urlTemplate\":\"https:\\\/\\\/www.schellhammerinstitute.com\\\/?s={search_term_string}\"},\"query-input\":{\"@type\":\"PropertyValueSpecification\",\"valueRequired\":true,\"valueName\":\"search_term_string\"}}],\"inLanguage\":\"es\"},{\"@type\":\"Organization\",\"@id\":\"https:\\\/\\\/www.schellhammerinstitute.com\\\/#organization\",\"name\":\"Schellhammer Institute\",\"alternateName\":\"Schellhammer Institute\",\"url\":\"https:\\\/\\\/www.schellhammerinstitute.com\\\/\",\"logo\":{\"@type\":\"ImageObject\",\"inLanguage\":\"es\",\"@id\":\"https:\\\/\\\/www.schellhammerinstitute.com\\\/#\\\/schema\\\/logo\\\/image\\\/\",\"url\":\"https:\\\/\\\/www.schellhammerinstitute.com\\\/wp-content\\\/uploads\\\/cropped-4-Photoroom.png\",\"contentUrl\":\"https:\\\/\\\/www.schellhammerinstitute.com\\\/wp-content\\\/uploads\\\/cropped-4-Photoroom.png\",\"width\":902,\"height\":901,\"caption\":\"Schellhammer Institute\"},\"image\":{\"@id\":\"https:\\\/\\\/www.schellhammerinstitute.com\\\/#\\\/schema\\\/logo\\\/image\\\/\"},\"sameAs\":[\"https:\\\/\\\/www.facebook.com\\\/schellhammerinstitute\",\"https:\\\/\\\/www.instagram.com\\\/schellhammerinstitute\",\"https:\\\/\\\/www.linkedin.com\\\/company\\\/schellhammerinstitute\"]}]}<\/script>\n<!-- \/ Yoast SEO plugin. -->","yoast_head_json":{"title":"Dance | Schellhammer Institute","robots":{"index":"index","follow":"follow","max-snippet":"max-snippet:-1","max-image-preview":"max-image-preview:large","max-video-preview":"max-video-preview:-1"},"canonical":"https:\/\/www.schellhammerinstitute.com\/es\/baile-2\/","og_locale":"es_ES","og_type":"article","og_title":"Dance | Schellhammer Institute","og_description":"Each human today decides about his future! There are global threats that are far more life threatening than the Corona Virus The so-called Kings and Queens today with their crown are in the spiritual sense a sham. There has been no archetypal \u201cKing of the Holy Grail\u201d on earth since a very long time. Governance [&hellip;]","og_url":"https:\/\/www.schellhammerinstitute.com\/es\/baile-2\/","og_site_name":"Schellhammer Institute","article_publisher":"https:\/\/www.facebook.com\/schellhammerinstitute","og_image":[{"width":2000,"height":1125,"url":"https:\/\/www.schellhammerinstitute.com\/wp-content\/uploads\/488.jpg","type":"image\/jpeg"}],"twitter_card":"summary_large_image","twitter_misc":{"Tiempo de lectura":"2 minutos"},"schema":{"@context":"https:\/\/schema.org","@graph":[{"@type":"WebPage","@id":"https:\/\/www.schellhammerinstitute.com\/dance\/","url":"https:\/\/www.schellhammerinstitute.com\/dance\/","name":"Dance | Schellhammer Institute","isPartOf":{"@id":"https:\/\/www.schellhammerinstitute.com\/#website"},"primaryImageOfPage":{"@id":"https:\/\/www.schellhammerinstitute.com\/dance\/#primaryimage"},"image":{"@id":"https:\/\/www.schellhammerinstitute.com\/dance\/#primaryimage"},"thumbnailUrl":"https:\/\/www.schellhammerinstitute.com\/wp-content\/uploads\/488.jpg","datePublished":"2020-03-24T15:49:37+00:00","breadcrumb":{"@id":"https:\/\/www.schellhammerinstitute.com\/dance\/#breadcrumb"},"inLanguage":"es","potentialAction":[{"@type":"ReadAction","target":["https:\/\/www.schellhammerinstitute.com\/dance\/"]}]},{"@type":"ImageObject","inLanguage":"es","@id":"https:\/\/www.schellhammerinstitute.com\/dance\/#primaryimage","url":"https:\/\/www.schellhammerinstitute.com\/wp-content\/uploads\/488.jpg","contentUrl":"https:\/\/www.schellhammerinstitute.com\/wp-content\/uploads\/488.jpg","width":2000,"height":1125},{"@type":"BreadcrumbList","@id":"https:\/\/www.schellhammerinstitute.com\/dance\/#breadcrumb","itemListElement":[{"@type":"ListItem","position":1,"name":"Home","item":"https:\/\/www.schellhammerinstitute.com\/"},{"@type":"ListItem","position":2,"name":"Dance"}]},{"@type":"WebSite","@id":"https:\/\/www.schellhammerinstitute.com\/#website","url":"https:\/\/www.schellhammerinstitute.com\/","name":"Instituci\u00f3n Schellhammer","description":"Queremos cambiar el mundo a mejor","publisher":{"@id":"https:\/\/www.schellhammerinstitute.com\/#organization"},"alternateName":"The Schellhamer Institute","potentialAction":[{"@type":"SearchAction","target":{"@type":"EntryPoint","urlTemplate":"https:\/\/www.schellhammerinstitute.com\/?s={search_term_string}"},"query-input":{"@type":"PropertyValueSpecification","valueRequired":true,"valueName":"search_term_string"}}],"inLanguage":"es"},{"@type":"Organization","@id":"https:\/\/www.schellhammerinstitute.com\/#organization","name":"Instituci\u00f3n Schellhammer","alternateName":"Schellhammer Institute","url":"https:\/\/www.schellhammerinstitute.com\/","logo":{"@type":"ImageObject","inLanguage":"es","@id":"https:\/\/www.schellhammerinstitute.com\/#\/schema\/logo\/image\/","url":"https:\/\/www.schellhammerinstitute.com\/wp-content\/uploads\/cropped-4-Photoroom.png","contentUrl":"https:\/\/www.schellhammerinstitute.com\/wp-content\/uploads\/cropped-4-Photoroom.png","width":902,"height":901,"caption":"Schellhammer Institute"},"image":{"@id":"https:\/\/www.schellhammerinstitute.com\/#\/schema\/logo\/image\/"},"sameAs":["https:\/\/www.facebook.com\/schellhammerinstitute","https:\/\/www.instagram.com\/schellhammerinstitute","https:\/\/www.linkedin.com\/company\/schellhammerinstitute"]}]}},"jetpack_sharing_enabled":true,"_links":{"self":[{"href":"https:\/\/www.schellhammerinstitute.com\/es\/wp-json\/wp\/v2\/pages\/8582","targetHints":{"allow":["GET"]}}],"collection":[{"href":"https:\/\/www.schellhammerinstitute.com\/es\/wp-json\/wp\/v2\/pages"}],"about":[{"href":"https:\/\/www.schellhammerinstitute.com\/es\/wp-json\/wp\/v2\/types\/page"}],"author":[{"embeddable":true,"href":"https:\/\/www.schellhammerinstitute.com\/es\/wp-json\/wp\/v2\/users\/1"}],"replies":[{"embeddable":true,"href":"https:\/\/www.schellhammerinstitute.com\/es\/wp-json\/wp\/v2\/comments?post=8582"}],"version-history":[{"count":0,"href":"https:\/\/www.schellhammerinstitute.com\/es\/wp-json\/wp\/v2\/pages\/8582\/revisions"}],"wp:featuredmedia":[{"embeddable":true,"href":"https:\/\/www.schellhammerinstitute.com\/es\/wp-json\/wp\/v2\/media\/8584"}],"wp:attachment":[{"href":"https:\/\/www.schellhammerinstitute.com\/es\/wp-json\/wp\/v2\/media?parent=8582"}],"curies":[{"name":"wp","href":"https:\/\/api.w.org\/{rel}","templated":true}]}}