{"id":8579,"date":"2020-03-24T15:49:05","date_gmt":"2020-03-24T15:49:05","guid":{"rendered":"https:\/\/www.schellhammerinstitute.com\/?page_id=8579"},"modified":"2020-03-24T15:49:05","modified_gmt":"2020-03-24T15:49:05","slug":"tanz","status":"publish","type":"page","link":"https:\/\/www.schellhammerinstitute.com\/es\/tanz\/","title":{"rendered":"Tanz"},"content":{"rendered":"<p style=\"text-align: center;\"><strong>Cada persona se pregunta por su futuro.<\/strong><\/p>\n<p style=\"text-align: center;\"><strong>El virus Corona es una de las principales amenazas a nivel mundial.<\/strong><\/p>\n<p style=\"text-align: center;\">Los Reyes y las Reinas de hoy en d\u00eda con sus coronas constituyen una transformaci\u00f3n espiritual. Desde hace mucho tiempo, no existe ning\u00fan arquetipo de \"Rey de los Grales Sagrados\" en la Tierra. Governance and F\u00fchrung have sich as ineffektiv, zynisch, machthungrig and often rein korrupt erwiesen. Desde hace a\u00f1os, un grupo muy reducido de \u00e9lites juega a sus juegos sucios con los ciudadanos. 80% der Weltbev\u00f6lkerung leben in Armut, 20% davon in absoluter Armut; eine Mehrheit kann niemals aus diesem Sklaventum herauskommen. Los pol\u00edticos no est\u00e1n en condiciones de preocuparse por los derechos de las personas; no est\u00e1n en condiciones de hacer valer un derecho mundial. La mayor\u00eda de los dirigentes han olvidado la historia de m\u00e1s de 5.000 a\u00f1os y no est\u00e1n preparados para dar respuesta a las necesidades del futuro.<\/p>\n<p style=\"text-align: center;\">Los peores Gobiernos de la historia hasta la fecha han sido siempre los de los reyes, los presidentes y los gobernantes. Luchas, des\u00f3rdenes, traiciones, falsedades, guerras, errores y obst\u00e1culos en la lucha por el poder han marcado hasta hoy la historia de los gobiernos de todo el mundo. Los combatientes mataron a 3,5 millones de personas y prisioneros de guerra; mataron y mataron a todo el mundo hasta el d\u00eda de hoy. Las personas las odian. Muchas personas son tontas, tontas, arrogantes, ignoran el aprendizaje, ignoran los valores humanos, se burlan. Fast alle sind in der Voradoleszenz lebenslang stecken geblieben. Se olvidan de s\u00ed mismos. La mayor\u00eda de las personas han desarrollado sus 22 funciones mentales en un nivel de 5-7%. La mayor\u00eda de las personas se comportan como un h\u00e1mster. El 65% de los ecosistemas ha sido destruido por la gravedad y el cansancio, lo que en el futuro provocar\u00e1 una p\u00e9rdida irreversible.<\/p>\n<p style=\"text-align: center;\"><strong>Viele Menschen sterben, ohne gelebt und psychisch-geistig sich entwickelt zu haben.<br \/>\nLos biof\u00e1rmacos son un terrible factor de riesgo de enfermedades que se ha venido utilizando desde hace siglos.<br \/>\nAtombomben und m\u00e4chtige Waffen zeigen das Gesicht ihrer Hersteller: Staatsf\u00fchrer.<\/strong><\/p>\n<p style=\"text-align: center;\">El desarrollo humano comienza con el aprendizaje, la lectura, el estudio y la observaci\u00f3n; con la meditaci\u00f3n, la reflexi\u00f3n, el an\u00e1lisis y la observaci\u00f3n personal.<br \/>\nKatharsis, kritischem Denken, kritischer Erforschung und Suche nach der Wahrheit in der eigenen inneren geistigen Quelle des Lebens.<\/p>\n<p style=\"text-align: center;\"><strong>\"Stirb in Dunkelheit und Schande\"<br \/>\n<\/strong><strong>O comprom\u00e9tase a crear un nuevo mundo para la educaci\u00f3n y la formaci\u00f3n.<\/strong><\/p>","protected":false},"excerpt":{"rendered":"<p>Jeder Mensch entscheidet \u00fcber seine Zukunft! Es gibt globale Bedrohungen, die weitaus lebensbedrohlicher sind als das Corona-Virus Die K\u00f6nige und K\u00f6niginnen von heute mit ihrer Krone sind im spirituellen Sinne eine T\u00e4uschung. Es gibt seit langer Zeit keinen archetypischen \u201eK\u00f6nig des Heiligen Grals\u201c auf der Erde. Governance und F\u00fchrung haben sich als ineffektiv, zynisch, machthungrig [&hellip;]<\/p>\n","protected":false},"author":1,"featured_media":8583,"parent":0,"menu_order":0,"comment_status":"closed","ping_status":"closed","template":"","meta":{"saved_in_kubio":false,"footnotes":""},"class_list":["post-8579","page","type-page","status-publish","has-post-thumbnail","hentry"],"kubio_ai_page_context":{"short_desc":"","purpose":"general"},"yoast_head":"<!-- This site is optimized with the Yoast SEO plugin v27.5 - https:\/\/yoast.com\/product\/yoast-seo-wordpress\/ -->\n<title>Tanz | Schellhammer Institute<\/title>\n<meta name=\"robots\" content=\"index, follow, max-snippet:-1, max-image-preview:large, max-video-preview:-1\" \/>\n<link rel=\"canonical\" href=\"https:\/\/www.schellhammerinstitute.com\/es\/tanz\/\" \/>\n<meta property=\"og:locale\" content=\"es_ES\" \/>\n<meta property=\"og:type\" content=\"article\" \/>\n<meta property=\"og:title\" content=\"Tanz | Schellhammer Institute\" \/>\n<meta property=\"og:description\" content=\"Jeder Mensch entscheidet \u00fcber seine Zukunft! Es gibt globale Bedrohungen, die weitaus lebensbedrohlicher sind als das Corona-Virus Die K\u00f6nige und K\u00f6niginnen von heute mit ihrer Krone sind im spirituellen Sinne eine T\u00e4uschung. Es gibt seit langer Zeit keinen archetypischen \u201eK\u00f6nig des Heiligen Grals\u201c auf der Erde. Governance und F\u00fchrung haben sich als ineffektiv, zynisch, machthungrig [&hellip;]\" \/>\n<meta property=\"og:url\" content=\"https:\/\/www.schellhammerinstitute.com\/es\/tanz\/\" \/>\n<meta property=\"og:site_name\" content=\"Schellhammer Institute\" \/>\n<meta property=\"article:publisher\" content=\"https:\/\/www.facebook.com\/schellhammerinstitute\" \/>\n<meta property=\"og:image\" content=\"https:\/\/www.schellhammerinstitute.com\/wp-content\/uploads\/488.jpg\" \/>\n\t<meta property=\"og:image:width\" content=\"2000\" \/>\n\t<meta property=\"og:image:height\" content=\"1125\" \/>\n\t<meta property=\"og:image:type\" content=\"image\/jpeg\" \/>\n<meta name=\"twitter:card\" content=\"summary_large_image\" \/>\n<meta name=\"twitter:label1\" content=\"Tiempo de lectura\" \/>\n\t<meta name=\"twitter:data1\" content=\"2 minutos\" \/>\n<script type=\"application\/ld+json\" class=\"yoast-schema-graph\">{\"@context\":\"https:\\\/\\\/schema.org\",\"@graph\":[{\"@type\":\"WebPage\",\"@id\":\"https:\\\/\\\/www.schellhammerinstitute.com\\\/de\\\/tanz\\\/\",\"url\":\"https:\\\/\\\/www.schellhammerinstitute.com\\\/de\\\/tanz\\\/\",\"name\":\"Tanz | Schellhammer Institute\",\"isPartOf\":{\"@id\":\"https:\\\/\\\/www.schellhammerinstitute.com\\\/#website\"},\"primaryImageOfPage\":{\"@id\":\"https:\\\/\\\/www.schellhammerinstitute.com\\\/de\\\/tanz\\\/#primaryimage\"},\"image\":{\"@id\":\"https:\\\/\\\/www.schellhammerinstitute.com\\\/de\\\/tanz\\\/#primaryimage\"},\"thumbnailUrl\":\"https:\\\/\\\/www.schellhammerinstitute.com\\\/wp-content\\\/uploads\\\/488.jpg\",\"datePublished\":\"2020-03-24T15:49:05+00:00\",\"breadcrumb\":{\"@id\":\"https:\\\/\\\/www.schellhammerinstitute.com\\\/de\\\/tanz\\\/#breadcrumb\"},\"inLanguage\":\"es\",\"potentialAction\":[{\"@type\":\"ReadAction\",\"target\":[\"https:\\\/\\\/www.schellhammerinstitute.com\\\/de\\\/tanz\\\/\"]}]},{\"@type\":\"ImageObject\",\"inLanguage\":\"es\",\"@id\":\"https:\\\/\\\/www.schellhammerinstitute.com\\\/de\\\/tanz\\\/#primaryimage\",\"url\":\"https:\\\/\\\/www.schellhammerinstitute.com\\\/wp-content\\\/uploads\\\/488.jpg\",\"contentUrl\":\"https:\\\/\\\/www.schellhammerinstitute.com\\\/wp-content\\\/uploads\\\/488.jpg\",\"width\":2000,\"height\":1125},{\"@type\":\"BreadcrumbList\",\"@id\":\"https:\\\/\\\/www.schellhammerinstitute.com\\\/de\\\/tanz\\\/#breadcrumb\",\"itemListElement\":[{\"@type\":\"ListItem\",\"position\":1,\"name\":\"Home\",\"item\":\"https:\\\/\\\/www.schellhammerinstitute.com\\\/\"},{\"@type\":\"ListItem\",\"position\":2,\"name\":\"Tanz\"}]},{\"@type\":\"WebSite\",\"@id\":\"https:\\\/\\\/www.schellhammerinstitute.com\\\/#website\",\"url\":\"https:\\\/\\\/www.schellhammerinstitute.com\\\/\",\"name\":\"Schellhammer Institute\",\"description\":\"We want to change the world for the better\",\"publisher\":{\"@id\":\"https:\\\/\\\/www.schellhammerinstitute.com\\\/#organization\"},\"alternateName\":\"The Schellhamer Institute\",\"potentialAction\":[{\"@type\":\"SearchAction\",\"target\":{\"@type\":\"EntryPoint\",\"urlTemplate\":\"https:\\\/\\\/www.schellhammerinstitute.com\\\/?s={search_term_string}\"},\"query-input\":{\"@type\":\"PropertyValueSpecification\",\"valueRequired\":true,\"valueName\":\"search_term_string\"}}],\"inLanguage\":\"es\"},{\"@type\":\"Organization\",\"@id\":\"https:\\\/\\\/www.schellhammerinstitute.com\\\/#organization\",\"name\":\"Schellhammer Institute\",\"alternateName\":\"Schellhammer Institute\",\"url\":\"https:\\\/\\\/www.schellhammerinstitute.com\\\/\",\"logo\":{\"@type\":\"ImageObject\",\"inLanguage\":\"es\",\"@id\":\"https:\\\/\\\/www.schellhammerinstitute.com\\\/#\\\/schema\\\/logo\\\/image\\\/\",\"url\":\"https:\\\/\\\/www.schellhammerinstitute.com\\\/wp-content\\\/uploads\\\/cropped-4-Photoroom.png\",\"contentUrl\":\"https:\\\/\\\/www.schellhammerinstitute.com\\\/wp-content\\\/uploads\\\/cropped-4-Photoroom.png\",\"width\":902,\"height\":901,\"caption\":\"Schellhammer Institute\"},\"image\":{\"@id\":\"https:\\\/\\\/www.schellhammerinstitute.com\\\/#\\\/schema\\\/logo\\\/image\\\/\"},\"sameAs\":[\"https:\\\/\\\/www.facebook.com\\\/schellhammerinstitute\",\"https:\\\/\\\/www.instagram.com\\\/schellhammerinstitute\",\"https:\\\/\\\/www.linkedin.com\\\/company\\\/schellhammerinstitute\"]}]}<\/script>\n<!-- \/ Yoast SEO plugin. -->","yoast_head_json":{"title":"Tanz | Schellhammer Institute","robots":{"index":"index","follow":"follow","max-snippet":"max-snippet:-1","max-image-preview":"max-image-preview:large","max-video-preview":"max-video-preview:-1"},"canonical":"https:\/\/www.schellhammerinstitute.com\/es\/tanz\/","og_locale":"es_ES","og_type":"article","og_title":"Tanz | Schellhammer Institute","og_description":"Jeder Mensch entscheidet \u00fcber seine Zukunft! Es gibt globale Bedrohungen, die weitaus lebensbedrohlicher sind als das Corona-Virus Die K\u00f6nige und K\u00f6niginnen von heute mit ihrer Krone sind im spirituellen Sinne eine T\u00e4uschung. Es gibt seit langer Zeit keinen archetypischen \u201eK\u00f6nig des Heiligen Grals\u201c auf der Erde. Governance und F\u00fchrung haben sich als ineffektiv, zynisch, machthungrig [&hellip;]","og_url":"https:\/\/www.schellhammerinstitute.com\/es\/tanz\/","og_site_name":"Schellhammer Institute","article_publisher":"https:\/\/www.facebook.com\/schellhammerinstitute","og_image":[{"width":2000,"height":1125,"url":"https:\/\/www.schellhammerinstitute.com\/wp-content\/uploads\/488.jpg","type":"image\/jpeg"}],"twitter_card":"summary_large_image","twitter_misc":{"Tiempo de lectura":"2 minutos"},"schema":{"@context":"https:\/\/schema.org","@graph":[{"@type":"WebPage","@id":"https:\/\/www.schellhammerinstitute.com\/de\/tanz\/","url":"https:\/\/www.schellhammerinstitute.com\/de\/tanz\/","name":"Tanz | Schellhammer Institute","isPartOf":{"@id":"https:\/\/www.schellhammerinstitute.com\/#website"},"primaryImageOfPage":{"@id":"https:\/\/www.schellhammerinstitute.com\/de\/tanz\/#primaryimage"},"image":{"@id":"https:\/\/www.schellhammerinstitute.com\/de\/tanz\/#primaryimage"},"thumbnailUrl":"https:\/\/www.schellhammerinstitute.com\/wp-content\/uploads\/488.jpg","datePublished":"2020-03-24T15:49:05+00:00","breadcrumb":{"@id":"https:\/\/www.schellhammerinstitute.com\/de\/tanz\/#breadcrumb"},"inLanguage":"es","potentialAction":[{"@type":"ReadAction","target":["https:\/\/www.schellhammerinstitute.com\/de\/tanz\/"]}]},{"@type":"ImageObject","inLanguage":"es","@id":"https:\/\/www.schellhammerinstitute.com\/de\/tanz\/#primaryimage","url":"https:\/\/www.schellhammerinstitute.com\/wp-content\/uploads\/488.jpg","contentUrl":"https:\/\/www.schellhammerinstitute.com\/wp-content\/uploads\/488.jpg","width":2000,"height":1125},{"@type":"BreadcrumbList","@id":"https:\/\/www.schellhammerinstitute.com\/de\/tanz\/#breadcrumb","itemListElement":[{"@type":"ListItem","position":1,"name":"Home","item":"https:\/\/www.schellhammerinstitute.com\/"},{"@type":"ListItem","position":2,"name":"Tanz"}]},{"@type":"WebSite","@id":"https:\/\/www.schellhammerinstitute.com\/#website","url":"https:\/\/www.schellhammerinstitute.com\/","name":"Instituci\u00f3n Schellhammer","description":"Queremos cambiar el mundo a mejor","publisher":{"@id":"https:\/\/www.schellhammerinstitute.com\/#organization"},"alternateName":"The Schellhamer Institute","potentialAction":[{"@type":"SearchAction","target":{"@type":"EntryPoint","urlTemplate":"https:\/\/www.schellhammerinstitute.com\/?s={search_term_string}"},"query-input":{"@type":"PropertyValueSpecification","valueRequired":true,"valueName":"search_term_string"}}],"inLanguage":"es"},{"@type":"Organization","@id":"https:\/\/www.schellhammerinstitute.com\/#organization","name":"Instituci\u00f3n Schellhammer","alternateName":"Schellhammer Institute","url":"https:\/\/www.schellhammerinstitute.com\/","logo":{"@type":"ImageObject","inLanguage":"es","@id":"https:\/\/www.schellhammerinstitute.com\/#\/schema\/logo\/image\/","url":"https:\/\/www.schellhammerinstitute.com\/wp-content\/uploads\/cropped-4-Photoroom.png","contentUrl":"https:\/\/www.schellhammerinstitute.com\/wp-content\/uploads\/cropped-4-Photoroom.png","width":902,"height":901,"caption":"Schellhammer Institute"},"image":{"@id":"https:\/\/www.schellhammerinstitute.com\/#\/schema\/logo\/image\/"},"sameAs":["https:\/\/www.facebook.com\/schellhammerinstitute","https:\/\/www.instagram.com\/schellhammerinstitute","https:\/\/www.linkedin.com\/company\/schellhammerinstitute"]}]}},"jetpack_sharing_enabled":true,"_links":{"self":[{"href":"https:\/\/www.schellhammerinstitute.com\/es\/wp-json\/wp\/v2\/pages\/8579","targetHints":{"allow":["GET"]}}],"collection":[{"href":"https:\/\/www.schellhammerinstitute.com\/es\/wp-json\/wp\/v2\/pages"}],"about":[{"href":"https:\/\/www.schellhammerinstitute.com\/es\/wp-json\/wp\/v2\/types\/page"}],"author":[{"embeddable":true,"href":"https:\/\/www.schellhammerinstitute.com\/es\/wp-json\/wp\/v2\/users\/1"}],"replies":[{"embeddable":true,"href":"https:\/\/www.schellhammerinstitute.com\/es\/wp-json\/wp\/v2\/comments?post=8579"}],"version-history":[{"count":0,"href":"https:\/\/www.schellhammerinstitute.com\/es\/wp-json\/wp\/v2\/pages\/8579\/revisions"}],"wp:featuredmedia":[{"embeddable":true,"href":"https:\/\/www.schellhammerinstitute.com\/es\/wp-json\/wp\/v2\/media\/8583"}],"wp:attachment":[{"href":"https:\/\/www.schellhammerinstitute.com\/es\/wp-json\/wp\/v2\/media?parent=8579"}],"curies":[{"name":"wp","href":"https:\/\/api.w.org\/{rel}","templated":true}]}}