{"id":7693,"date":"2018-11-12T10:27:02","date_gmt":"2018-11-12T10:27:02","guid":{"rendered":"https:\/\/www.schellhammerinstitute.com\/dokumente\/"},"modified":"2018-11-12T10:27:02","modified_gmt":"2018-11-12T10:27:02","slug":"dokumente","status":"publish","type":"page","link":"https:\/\/www.schellhammerinstitute.com\/es\/dokumente\/","title":{"rendered":"Dokumente"},"content":{"rendered":"<p><strong>Datos hist\u00f3ricos<\/strong><\/p>\n<p style=\"text-align: center;\">En el Antiguo Testamento aparecen algunos profetas entre 200 y 800 d. C..<br \/>\nNo existen pruebas aut\u00e9nticas que demuestren su existencia.<br \/>\nNo existen pruebas aut\u00e9nticas que demuestren los procesos psicol\u00f3gicos de los profetas.<br \/>\nAdem\u00e1s, no existen documentos aut\u00e9nticos que demuestren sus conocimientos.<br \/>\nAlgunos rasgos arquet\u00edpicos del Antiguo Testamento son indicios de la existencia de \"profetas\".<br \/>\nVarios autores y editores han colaborado en el desarrollo de la \"Sagrada Escritura\".<br \/>\nHasta el a\u00f1o 1008 d.C. hubo una continua redacci\u00f3n de textos por parte de numerosos autores.<br \/>\nUnz\u00e4hlige unbekannte Kopien ver\u00e4nderten und kopierten immer wieder die Texte der 'Heiligen Bibel', f\u00fcgten hinzu, \u00e4nderten oder l\u00f6schten Teile.<br \/>\nHay muchos autores desconocidos y muchas versiones de los textos que datan de varios siglos, muchas de las cuales proceden de versiones antiguas.<br \/>\nLa Biblia fue escrita a lo largo de siglos por personas muy diversas, por lo general desconocidas, con opiniones y puntos de vista muy diferentes en distintas \u00e9pocas.<br \/>\nLos autores de los cuatro Evangelios son desconocidos. Los nombres son id\u00e9nticos.<br \/>\nDie Paulinenbriefe kamen um das Jahr 50-60 n. Chr. Aber Paulus kannte Jesus nicht.<\/p>\n<p style=\"text-align: center;\"><strong>Nada, absolutamente nada est\u00e1 documentado aut\u00e9nticamente sobre los Profetas, Abraham, Mois\u00e9s, Jes\u00fas, sobre los Ap\u00f3stoles, los Evangelios y todo lo que Dios y el Esp\u00edritu crearon o escribieron.<\/strong><\/p>\n<p style=\"text-align: center;\"><strong>Gesamtbild<\/strong><\/p>\n<p>Todas las historias del Antiguo Testamento y del Nuevo Testamento son leyendas, mitos, historias, hechos, puntos de referencia manipulados y errores. La Biblia es una colecci\u00f3n de textos ca\u00f3tica y desordenada. La Biblia contiene innumerables referencias. En la pr\u00e1ctica, carece de fundamento hist\u00f3rico. \u00a1Los cuatro Evangelios no son ni siquiera una biograf\u00eda de J.C.!<\/p>\n<p>Christliche Dogmen gab es bereits im Nahen und Mittleren Osten, zu Jesu Zeiten sowie Tausende von Jahren vor seiner Epoche. Nada es nuevo y en este sentido aut\u00e9nticamente \"cristiano\". Hubo 60 Evangelios en los primeros siglos. Los Reyes Magos publicaron 4 Evangelios entre los a\u00f1os 70 y 120. La mayor\u00eda de los Evangelios se publicaron entre los a\u00f1os 70 y 120. La mayor\u00eda de los Evangelios se publicaron entre los a\u00f1os 70 y 120.<\/p>\n<p>Ning\u00fan texto ha sido escrito por expertos. Es gibt kein urspr\u00fcngliches Evangelium, nicht einmal erste Transkripte. Die Autoren sind unbekannt. Ning\u00fan ap\u00f3stol ha escrito jam\u00e1s estos textos. Estos textos de referencia se centran exclusivamente en la revisi\u00f3n de los textos, en nuevas correcciones y supresiones, as\u00ed como en modificaciones menores y mayores. Todos los textos est\u00e1n formados por l\u00edneas, divisiones y versiones. Las impresiones adicionales son libres.<\/p>\n<p>El Evangelio se compone de un sinn\u00famero de frases que fueron recitadas por los disc\u00edpulos de la Iglesia durante millones de a\u00f1os: \"Y Jes\u00fas dijo...\"; o Jes\u00fas en el mundo: \"Yo soy...\". No existe ning\u00fan concepto que el hombre conozca sobre Jes\u00fas. Nadie sabe lo que Jes\u00fas dijo.<\/p>\n<p><strong>Una religi\u00f3n que no fomenta el desarrollo humano (arquet\u00edpico) es in\u00fatil.<\/strong><\/p>","protected":false},"excerpt":{"rendered":"<p>Historische Dokumente Im Alten Testament werden einige Propheten zwischen 200 und 800 v. Chr. erw\u00e4hnt. Es gibt keine authentischen Dokumente, die ihre Existenz belegen. Es gibt keine authentischen Dokumente, die die psychisch-geistigen Prozesse der Propheten belegen. Au\u00dferdem gibt es keine authentischen Dokumente, die ihre Lehren belegen. Einige archetypische Tr\u00e4ume im Alten Testament sind Anzeichen daf\u00fcr, [&hellip;]<\/p>\n","protected":false},"author":1,"featured_media":0,"parent":0,"menu_order":0,"comment_status":"closed","ping_status":"closed","template":"template-fullwidth.php","meta":{"saved_in_kubio":false,"footnotes":""},"class_list":["post-7693","page","type-page","status-publish","hentry"],"kubio_ai_page_context":{"short_desc":"","purpose":"general"},"yoast_head":"<!-- This site is optimized with the Yoast SEO plugin v27.5 - https:\/\/yoast.com\/product\/yoast-seo-wordpress\/ -->\n<title>Dokumente | Schellhammer Institute<\/title>\n<meta name=\"robots\" content=\"index, follow, max-snippet:-1, max-image-preview:large, max-video-preview:-1\" \/>\n<link rel=\"canonical\" href=\"https:\/\/www.schellhammerinstitute.com\/es\/dokumente\/\" \/>\n<meta property=\"og:locale\" content=\"es_ES\" \/>\n<meta property=\"og:type\" content=\"article\" \/>\n<meta property=\"og:title\" content=\"Dokumente | Schellhammer Institute\" \/>\n<meta property=\"og:description\" content=\"Historische Dokumente Im Alten Testament werden einige Propheten zwischen 200 und 800 v. Chr. erw\u00e4hnt. Es gibt keine authentischen Dokumente, die ihre Existenz belegen. Es gibt keine authentischen Dokumente, die die psychisch-geistigen Prozesse der Propheten belegen. Au\u00dferdem gibt es keine authentischen Dokumente, die ihre Lehren belegen. Einige archetypische Tr\u00e4ume im Alten Testament sind Anzeichen daf\u00fcr, [&hellip;]\" \/>\n<meta property=\"og:url\" content=\"https:\/\/www.schellhammerinstitute.com\/es\/dokumente\/\" \/>\n<meta property=\"og:site_name\" content=\"Schellhammer Institute\" \/>\n<meta property=\"article:publisher\" content=\"https:\/\/www.facebook.com\/schellhammerinstitute\" \/>\n<meta property=\"og:image\" content=\"https:\/\/www.schellhammerinstitute.com\/wp-content\/uploads\/Schellhammer-LOGO-FINAL-high-quality-FINAL.pdf-4.webp\" \/>\n\t<meta property=\"og:image:width\" content=\"1357\" \/>\n\t<meta property=\"og:image:height\" content=\"1920\" \/>\n\t<meta property=\"og:image:type\" content=\"image\/webp\" \/>\n<meta name=\"twitter:card\" content=\"summary_large_image\" \/>\n<meta name=\"twitter:label1\" content=\"Tiempo de lectura\" \/>\n\t<meta name=\"twitter:data1\" content=\"2 minutos\" \/>\n<script type=\"application\/ld+json\" class=\"yoast-schema-graph\">{\"@context\":\"https:\\\/\\\/schema.org\",\"@graph\":[{\"@type\":\"WebPage\",\"@id\":\"https:\\\/\\\/www.schellhammerinstitute.com\\\/de\\\/dokumente\\\/\",\"url\":\"https:\\\/\\\/www.schellhammerinstitute.com\\\/de\\\/dokumente\\\/\",\"name\":\"Dokumente | Schellhammer Institute\",\"isPartOf\":{\"@id\":\"https:\\\/\\\/www.schellhammerinstitute.com\\\/#website\"},\"datePublished\":\"2018-11-12T10:27:02+00:00\",\"breadcrumb\":{\"@id\":\"https:\\\/\\\/www.schellhammerinstitute.com\\\/de\\\/dokumente\\\/#breadcrumb\"},\"inLanguage\":\"es\",\"potentialAction\":[{\"@type\":\"ReadAction\",\"target\":[\"https:\\\/\\\/www.schellhammerinstitute.com\\\/de\\\/dokumente\\\/\"]}]},{\"@type\":\"BreadcrumbList\",\"@id\":\"https:\\\/\\\/www.schellhammerinstitute.com\\\/de\\\/dokumente\\\/#breadcrumb\",\"itemListElement\":[{\"@type\":\"ListItem\",\"position\":1,\"name\":\"Home\",\"item\":\"https:\\\/\\\/www.schellhammerinstitute.com\\\/\"},{\"@type\":\"ListItem\",\"position\":2,\"name\":\"Dokumente\"}]},{\"@type\":\"WebSite\",\"@id\":\"https:\\\/\\\/www.schellhammerinstitute.com\\\/#website\",\"url\":\"https:\\\/\\\/www.schellhammerinstitute.com\\\/\",\"name\":\"Schellhammer Institute\",\"description\":\"We want to change the world for the better\",\"publisher\":{\"@id\":\"https:\\\/\\\/www.schellhammerinstitute.com\\\/#organization\"},\"alternateName\":\"The Schellhamer Institute\",\"potentialAction\":[{\"@type\":\"SearchAction\",\"target\":{\"@type\":\"EntryPoint\",\"urlTemplate\":\"https:\\\/\\\/www.schellhammerinstitute.com\\\/?s={search_term_string}\"},\"query-input\":{\"@type\":\"PropertyValueSpecification\",\"valueRequired\":true,\"valueName\":\"search_term_string\"}}],\"inLanguage\":\"es\"},{\"@type\":\"Organization\",\"@id\":\"https:\\\/\\\/www.schellhammerinstitute.com\\\/#organization\",\"name\":\"Schellhammer Institute\",\"alternateName\":\"Schellhammer Institute\",\"url\":\"https:\\\/\\\/www.schellhammerinstitute.com\\\/\",\"logo\":{\"@type\":\"ImageObject\",\"inLanguage\":\"es\",\"@id\":\"https:\\\/\\\/www.schellhammerinstitute.com\\\/#\\\/schema\\\/logo\\\/image\\\/\",\"url\":\"https:\\\/\\\/www.schellhammerinstitute.com\\\/wp-content\\\/uploads\\\/cropped-4-Photoroom.png\",\"contentUrl\":\"https:\\\/\\\/www.schellhammerinstitute.com\\\/wp-content\\\/uploads\\\/cropped-4-Photoroom.png\",\"width\":902,\"height\":901,\"caption\":\"Schellhammer Institute\"},\"image\":{\"@id\":\"https:\\\/\\\/www.schellhammerinstitute.com\\\/#\\\/schema\\\/logo\\\/image\\\/\"},\"sameAs\":[\"https:\\\/\\\/www.facebook.com\\\/schellhammerinstitute\",\"https:\\\/\\\/www.instagram.com\\\/schellhammerinstitute\",\"https:\\\/\\\/www.linkedin.com\\\/company\\\/schellhammerinstitute\"]}]}<\/script>\n<!-- \/ Yoast SEO plugin. -->","yoast_head_json":{"title":"Dokumente | Schellhammer Institute","robots":{"index":"index","follow":"follow","max-snippet":"max-snippet:-1","max-image-preview":"max-image-preview:large","max-video-preview":"max-video-preview:-1"},"canonical":"https:\/\/www.schellhammerinstitute.com\/es\/dokumente\/","og_locale":"es_ES","og_type":"article","og_title":"Dokumente | Schellhammer Institute","og_description":"Historische Dokumente Im Alten Testament werden einige Propheten zwischen 200 und 800 v. Chr. erw\u00e4hnt. Es gibt keine authentischen Dokumente, die ihre Existenz belegen. Es gibt keine authentischen Dokumente, die die psychisch-geistigen Prozesse der Propheten belegen. Au\u00dferdem gibt es keine authentischen Dokumente, die ihre Lehren belegen. Einige archetypische Tr\u00e4ume im Alten Testament sind Anzeichen daf\u00fcr, [&hellip;]","og_url":"https:\/\/www.schellhammerinstitute.com\/es\/dokumente\/","og_site_name":"Schellhammer Institute","article_publisher":"https:\/\/www.facebook.com\/schellhammerinstitute","og_image":[{"width":1357,"height":1920,"url":"https:\/\/www.schellhammerinstitute.com\/wp-content\/uploads\/Schellhammer-LOGO-FINAL-high-quality-FINAL.pdf-4.webp","type":"image\/webp"}],"twitter_card":"summary_large_image","twitter_misc":{"Tiempo de lectura":"2 minutos"},"schema":{"@context":"https:\/\/schema.org","@graph":[{"@type":"WebPage","@id":"https:\/\/www.schellhammerinstitute.com\/de\/dokumente\/","url":"https:\/\/www.schellhammerinstitute.com\/de\/dokumente\/","name":"Dokumente | Schellhammer Institute","isPartOf":{"@id":"https:\/\/www.schellhammerinstitute.com\/#website"},"datePublished":"2018-11-12T10:27:02+00:00","breadcrumb":{"@id":"https:\/\/www.schellhammerinstitute.com\/de\/dokumente\/#breadcrumb"},"inLanguage":"es","potentialAction":[{"@type":"ReadAction","target":["https:\/\/www.schellhammerinstitute.com\/de\/dokumente\/"]}]},{"@type":"BreadcrumbList","@id":"https:\/\/www.schellhammerinstitute.com\/de\/dokumente\/#breadcrumb","itemListElement":[{"@type":"ListItem","position":1,"name":"Home","item":"https:\/\/www.schellhammerinstitute.com\/"},{"@type":"ListItem","position":2,"name":"Dokumente"}]},{"@type":"WebSite","@id":"https:\/\/www.schellhammerinstitute.com\/#website","url":"https:\/\/www.schellhammerinstitute.com\/","name":"Instituci\u00f3n Schellhammer","description":"Queremos cambiar el mundo a mejor","publisher":{"@id":"https:\/\/www.schellhammerinstitute.com\/#organization"},"alternateName":"The Schellhamer Institute","potentialAction":[{"@type":"SearchAction","target":{"@type":"EntryPoint","urlTemplate":"https:\/\/www.schellhammerinstitute.com\/?s={search_term_string}"},"query-input":{"@type":"PropertyValueSpecification","valueRequired":true,"valueName":"search_term_string"}}],"inLanguage":"es"},{"@type":"Organization","@id":"https:\/\/www.schellhammerinstitute.com\/#organization","name":"Instituci\u00f3n Schellhammer","alternateName":"Schellhammer Institute","url":"https:\/\/www.schellhammerinstitute.com\/","logo":{"@type":"ImageObject","inLanguage":"es","@id":"https:\/\/www.schellhammerinstitute.com\/#\/schema\/logo\/image\/","url":"https:\/\/www.schellhammerinstitute.com\/wp-content\/uploads\/cropped-4-Photoroom.png","contentUrl":"https:\/\/www.schellhammerinstitute.com\/wp-content\/uploads\/cropped-4-Photoroom.png","width":902,"height":901,"caption":"Schellhammer Institute"},"image":{"@id":"https:\/\/www.schellhammerinstitute.com\/#\/schema\/logo\/image\/"},"sameAs":["https:\/\/www.facebook.com\/schellhammerinstitute","https:\/\/www.instagram.com\/schellhammerinstitute","https:\/\/www.linkedin.com\/company\/schellhammerinstitute"]}]}},"jetpack_sharing_enabled":true,"_links":{"self":[{"href":"https:\/\/www.schellhammerinstitute.com\/es\/wp-json\/wp\/v2\/pages\/7693","targetHints":{"allow":["GET"]}}],"collection":[{"href":"https:\/\/www.schellhammerinstitute.com\/es\/wp-json\/wp\/v2\/pages"}],"about":[{"href":"https:\/\/www.schellhammerinstitute.com\/es\/wp-json\/wp\/v2\/types\/page"}],"author":[{"embeddable":true,"href":"https:\/\/www.schellhammerinstitute.com\/es\/wp-json\/wp\/v2\/users\/1"}],"replies":[{"embeddable":true,"href":"https:\/\/www.schellhammerinstitute.com\/es\/wp-json\/wp\/v2\/comments?post=7693"}],"version-history":[{"count":0,"href":"https:\/\/www.schellhammerinstitute.com\/es\/wp-json\/wp\/v2\/pages\/7693\/revisions"}],"wp:attachment":[{"href":"https:\/\/www.schellhammerinstitute.com\/es\/wp-json\/wp\/v2\/media?parent=7693"}],"curies":[{"name":"wp","href":"https:\/\/api.w.org\/{rel}","templated":true}]}}