{"id":7656,"date":"2018-11-01T09:24:46","date_gmt":"2018-11-01T09:24:46","guid":{"rendered":"https:\/\/www.schellhammerinstitute.com\/datenschutz\/"},"modified":"2018-11-01T09:24:46","modified_gmt":"2018-11-01T09:24:46","slug":"proteccion-de-datos","status":"publish","type":"page","link":"https:\/\/www.schellhammerinstitute.com\/es\/proteccion-de-datos\/","title":{"rendered":"Protecci\u00f3n de datos"},"content":{"rendered":"<p style = \"text-align: justify;\"> <strong> DATENSCHUTZPOLITIK <\/strong> <\/p><\/p>\n<p style = \"text-align: justify;\"> Para el INSTITUTO SCHELLHAMMER, la protecci\u00f3n de los datos personales y la privacidad de todos sus miembros es muy importante. Nuestra Directiva sobre protecci\u00f3n de datos y protecci\u00f3n de datos se adopt\u00f3 para cumplir los requisitos legales y reglamentarios de la Directiva europea sobre protecci\u00f3n de datos y de la legislaci\u00f3n nacional. La aplicaci\u00f3n de estas normas maximizar\u00e1 la protecci\u00f3n de los datos y de la intimidad en el tratamiento de los datos personales y de los datos comerciales espec\u00edficos de la persona afectada. <\/p><\/p>\n<p style = \"text-align: justify;\"> <strong> HAFTUNGSAUSSCHLUSS <\/strong> <\/p><\/p>\n<p style = \"text-align: justify;\"> En cumplimiento del \"Datenschutzgesetzes\" 15\/1999 vom 13. Dezember Dezember teilen we Ihnen mit, dat die pers\u00f6nlichen Daten, die uns in diesem Formular zur Verf\u00fcgung gestellt werden, ausschlie\u00dflich zu diesem Zweck behandelt werden des SCHELLHAMMER INSTITUTE, verantwortlich f\u00fcr die Akte, Zwecke, das Versenden von Werbung, auch von Dritten, die f\u00fcr den Inhaber der Informationen von Interesse sein k\u00f6nnen. Alle im Formular enthaltenen Felder sind Pflichtfelder. El acceso a la informaci\u00f3n hace que no sea posible establecer una relaci\u00f3n vinculante mediante el uso de estos Antragsformulars. Toda la informaci\u00f3n se incluir\u00e1 en un banco de datos automatizado del INSTITUTO SCHELLHAMMER, C.C. Vasari, 1, Urbanizaci\u00f3n Vasari-Alzambra, 29660 Nueva Andaluc\u00eda, Marbella, Espa\u00f1a. En caso de que no se indique lo contrario, el usuario podr\u00e1 solicitar la gesti\u00f3n autom\u00e1tica, completa o parcial, de la informaci\u00f3n arriba mencionada, siempre que \u00e9sta no sea necesaria para las zonas indicadas. En cualquier caso, el usuario de la informaci\u00f3n podr\u00e1 ejercer sus derechos de acceso, rectificaci\u00f3n, cancelaci\u00f3n y oposici\u00f3n de conformidad con las presentes Condiciones Generales, enviando una solicitud al INSTITUTO SCHELLHAMMER a la direcci\u00f3n anteriormente indicada con la menci\u00f3n \"Protecci\u00f3n de Datos\" y tomando una fotograf\u00eda de su DNI o de uno de sus documentos identificativos como prueba de su identidad, de forma que la persona que haya recabado los datos pueda llevar a cabo un tratamiento automatizado de los mismos. <\/p><\/p>\n<p style = \"text-align: justify;\"> <\/p><\/p>","protected":false},"excerpt":{"rendered":"<p>DATENSCHUTZPOLITIK Der Schutz der f\u00fcr SCHELLHAMMER INSTITUTE gesammelten personenbezogenen Daten und die Privatsph\u00e4re aller Teilnehmer ist f\u00fcr uns sehr wichtig. Unsere Datenschutz- und Datenschutzrichtlinie wurde erstellt, um die gesetzlichen und beh\u00f6rdlichen Anforderungen der europ\u00e4ischen Datenschutzrichtlinie und der nationalen Gesetzgebung zu erf\u00fcllen. Durch die Umsetzung dieser Ma\u00dfnahmen wird der Schutz der Daten und der Privatsph\u00e4re bei [&hellip;]<\/p>\n","protected":false},"author":1,"featured_media":0,"parent":0,"menu_order":0,"comment_status":"closed","ping_status":"closed","template":"template-fullwidth.php","meta":{"saved_in_kubio":false,"footnotes":""},"class_list":["post-7656","page","type-page","status-publish","hentry"],"kubio_ai_page_context":{"short_desc":"","purpose":"general"},"yoast_head":"<!-- This site is optimized with the Yoast SEO plugin v27.4 - https:\/\/yoast.com\/product\/yoast-seo-wordpress\/ -->\n<title>Datenschutz | Schellhammer Institute<\/title>\n<meta name=\"robots\" content=\"index, follow, max-snippet:-1, max-image-preview:large, max-video-preview:-1\" \/>\n<link rel=\"canonical\" href=\"https:\/\/www.schellhammerinstitute.com\/es\/proteccion-de-datos\/\" \/>\n<meta property=\"og:locale\" content=\"es_ES\" \/>\n<meta property=\"og:type\" content=\"article\" \/>\n<meta property=\"og:title\" content=\"Datenschutz | Schellhammer Institute\" \/>\n<meta property=\"og:description\" content=\"DATENSCHUTZPOLITIK Der Schutz der f\u00fcr SCHELLHAMMER INSTITUTE gesammelten personenbezogenen Daten und die Privatsph\u00e4re aller Teilnehmer ist f\u00fcr uns sehr wichtig. Unsere Datenschutz- und Datenschutzrichtlinie wurde erstellt, um die gesetzlichen und beh\u00f6rdlichen Anforderungen der europ\u00e4ischen Datenschutzrichtlinie und der nationalen Gesetzgebung zu erf\u00fcllen. Durch die Umsetzung dieser Ma\u00dfnahmen wird der Schutz der Daten und der Privatsph\u00e4re bei [&hellip;]\" \/>\n<meta property=\"og:url\" content=\"https:\/\/www.schellhammerinstitute.com\/es\/proteccion-de-datos\/\" \/>\n<meta property=\"og:site_name\" content=\"Schellhammer Institute\" \/>\n<meta property=\"article:publisher\" content=\"https:\/\/www.facebook.com\/schellhammerinstitute\" \/>\n<meta property=\"og:image\" content=\"https:\/\/www.schellhammerinstitute.com\/wp-content\/uploads\/Schellhammer-LOGO-FINAL-high-quality-FINAL.pdf-4.webp\" \/>\n\t<meta property=\"og:image:width\" content=\"1357\" \/>\n\t<meta property=\"og:image:height\" content=\"1920\" \/>\n\t<meta property=\"og:image:type\" content=\"image\/webp\" \/>\n<meta name=\"twitter:card\" content=\"summary_large_image\" \/>\n<meta name=\"twitter:label1\" content=\"Tiempo de lectura\" \/>\n\t<meta name=\"twitter:data1\" content=\"2 minutos\" \/>\n<script type=\"application\/ld+json\" class=\"yoast-schema-graph\">{\"@context\":\"https:\\\/\\\/schema.org\",\"@graph\":[{\"@type\":\"WebPage\",\"@id\":\"https:\\\/\\\/www.schellhammerinstitute.com\\\/de\\\/datenschutz\\\/\",\"url\":\"https:\\\/\\\/www.schellhammerinstitute.com\\\/de\\\/datenschutz\\\/\",\"name\":\"Datenschutz | Schellhammer Institute\",\"isPartOf\":{\"@id\":\"https:\\\/\\\/www.schellhammerinstitute.com\\\/#website\"},\"datePublished\":\"2018-11-01T09:24:46+00:00\",\"breadcrumb\":{\"@id\":\"https:\\\/\\\/www.schellhammerinstitute.com\\\/de\\\/datenschutz\\\/#breadcrumb\"},\"inLanguage\":\"es\",\"potentialAction\":[{\"@type\":\"ReadAction\",\"target\":[\"https:\\\/\\\/www.schellhammerinstitute.com\\\/de\\\/datenschutz\\\/\"]}]},{\"@type\":\"BreadcrumbList\",\"@id\":\"https:\\\/\\\/www.schellhammerinstitute.com\\\/de\\\/datenschutz\\\/#breadcrumb\",\"itemListElement\":[{\"@type\":\"ListItem\",\"position\":1,\"name\":\"Home\",\"item\":\"https:\\\/\\\/www.schellhammerinstitute.com\\\/\"},{\"@type\":\"ListItem\",\"position\":2,\"name\":\"Datenschutz\"}]},{\"@type\":\"WebSite\",\"@id\":\"https:\\\/\\\/www.schellhammerinstitute.com\\\/#website\",\"url\":\"https:\\\/\\\/www.schellhammerinstitute.com\\\/\",\"name\":\"Schellhammer Institute\",\"description\":\"We want to change the world for the better\",\"publisher\":{\"@id\":\"https:\\\/\\\/www.schellhammerinstitute.com\\\/#organization\"},\"alternateName\":\"The Schellhamer Institute\",\"potentialAction\":[{\"@type\":\"SearchAction\",\"target\":{\"@type\":\"EntryPoint\",\"urlTemplate\":\"https:\\\/\\\/www.schellhammerinstitute.com\\\/?s={search_term_string}\"},\"query-input\":{\"@type\":\"PropertyValueSpecification\",\"valueRequired\":true,\"valueName\":\"search_term_string\"}}],\"inLanguage\":\"es\"},{\"@type\":\"Organization\",\"@id\":\"https:\\\/\\\/www.schellhammerinstitute.com\\\/#organization\",\"name\":\"Schellhammer Institute\",\"alternateName\":\"Schellhammer Institute\",\"url\":\"https:\\\/\\\/www.schellhammerinstitute.com\\\/\",\"logo\":{\"@type\":\"ImageObject\",\"inLanguage\":\"es\",\"@id\":\"https:\\\/\\\/www.schellhammerinstitute.com\\\/#\\\/schema\\\/logo\\\/image\\\/\",\"url\":\"https:\\\/\\\/www.schellhammerinstitute.com\\\/wp-content\\\/uploads\\\/cropped-4-Photoroom.png\",\"contentUrl\":\"https:\\\/\\\/www.schellhammerinstitute.com\\\/wp-content\\\/uploads\\\/cropped-4-Photoroom.png\",\"width\":902,\"height\":901,\"caption\":\"Schellhammer Institute\"},\"image\":{\"@id\":\"https:\\\/\\\/www.schellhammerinstitute.com\\\/#\\\/schema\\\/logo\\\/image\\\/\"},\"sameAs\":[\"https:\\\/\\\/www.facebook.com\\\/schellhammerinstitute\",\"https:\\\/\\\/www.instagram.com\\\/schellhammerinstitute\",\"https:\\\/\\\/www.linkedin.com\\\/company\\\/schellhammerinstitute\"]}]}<\/script>\n<!-- \/ Yoast SEO plugin. -->","yoast_head_json":{"title":"Datenschutz | Schellhammer Institute","robots":{"index":"index","follow":"follow","max-snippet":"max-snippet:-1","max-image-preview":"max-image-preview:large","max-video-preview":"max-video-preview:-1"},"canonical":"https:\/\/www.schellhammerinstitute.com\/es\/proteccion-de-datos\/","og_locale":"es_ES","og_type":"article","og_title":"Datenschutz | Schellhammer Institute","og_description":"DATENSCHUTZPOLITIK Der Schutz der f\u00fcr SCHELLHAMMER INSTITUTE gesammelten personenbezogenen Daten und die Privatsph\u00e4re aller Teilnehmer ist f\u00fcr uns sehr wichtig. Unsere Datenschutz- und Datenschutzrichtlinie wurde erstellt, um die gesetzlichen und beh\u00f6rdlichen Anforderungen der europ\u00e4ischen Datenschutzrichtlinie und der nationalen Gesetzgebung zu erf\u00fcllen. Durch die Umsetzung dieser Ma\u00dfnahmen wird der Schutz der Daten und der Privatsph\u00e4re bei [&hellip;]","og_url":"https:\/\/www.schellhammerinstitute.com\/es\/proteccion-de-datos\/","og_site_name":"Schellhammer Institute","article_publisher":"https:\/\/www.facebook.com\/schellhammerinstitute","og_image":[{"width":1357,"height":1920,"url":"https:\/\/www.schellhammerinstitute.com\/wp-content\/uploads\/Schellhammer-LOGO-FINAL-high-quality-FINAL.pdf-4.webp","type":"image\/webp"}],"twitter_card":"summary_large_image","twitter_misc":{"Tiempo de lectura":"2 minutos"},"schema":{"@context":"https:\/\/schema.org","@graph":[{"@type":"WebPage","@id":"https:\/\/www.schellhammerinstitute.com\/de\/datenschutz\/","url":"https:\/\/www.schellhammerinstitute.com\/de\/datenschutz\/","name":"Datenschutz | Schellhammer Institute","isPartOf":{"@id":"https:\/\/www.schellhammerinstitute.com\/#website"},"datePublished":"2018-11-01T09:24:46+00:00","breadcrumb":{"@id":"https:\/\/www.schellhammerinstitute.com\/de\/datenschutz\/#breadcrumb"},"inLanguage":"es","potentialAction":[{"@type":"ReadAction","target":["https:\/\/www.schellhammerinstitute.com\/de\/datenschutz\/"]}]},{"@type":"BreadcrumbList","@id":"https:\/\/www.schellhammerinstitute.com\/de\/datenschutz\/#breadcrumb","itemListElement":[{"@type":"ListItem","position":1,"name":"Home","item":"https:\/\/www.schellhammerinstitute.com\/"},{"@type":"ListItem","position":2,"name":"Datenschutz"}]},{"@type":"WebSite","@id":"https:\/\/www.schellhammerinstitute.com\/#website","url":"https:\/\/www.schellhammerinstitute.com\/","name":"Instituci\u00f3n Schellhammer","description":"Queremos cambiar el mundo a mejor","publisher":{"@id":"https:\/\/www.schellhammerinstitute.com\/#organization"},"alternateName":"The Schellhamer Institute","potentialAction":[{"@type":"SearchAction","target":{"@type":"EntryPoint","urlTemplate":"https:\/\/www.schellhammerinstitute.com\/?s={search_term_string}"},"query-input":{"@type":"PropertyValueSpecification","valueRequired":true,"valueName":"search_term_string"}}],"inLanguage":"es"},{"@type":"Organization","@id":"https:\/\/www.schellhammerinstitute.com\/#organization","name":"Instituci\u00f3n Schellhammer","alternateName":"Schellhammer Institute","url":"https:\/\/www.schellhammerinstitute.com\/","logo":{"@type":"ImageObject","inLanguage":"es","@id":"https:\/\/www.schellhammerinstitute.com\/#\/schema\/logo\/image\/","url":"https:\/\/www.schellhammerinstitute.com\/wp-content\/uploads\/cropped-4-Photoroom.png","contentUrl":"https:\/\/www.schellhammerinstitute.com\/wp-content\/uploads\/cropped-4-Photoroom.png","width":902,"height":901,"caption":"Schellhammer Institute"},"image":{"@id":"https:\/\/www.schellhammerinstitute.com\/#\/schema\/logo\/image\/"},"sameAs":["https:\/\/www.facebook.com\/schellhammerinstitute","https:\/\/www.instagram.com\/schellhammerinstitute","https:\/\/www.linkedin.com\/company\/schellhammerinstitute"]}]}},"jetpack_sharing_enabled":true,"_links":{"self":[{"href":"https:\/\/www.schellhammerinstitute.com\/es\/wp-json\/wp\/v2\/pages\/7656","targetHints":{"allow":["GET"]}}],"collection":[{"href":"https:\/\/www.schellhammerinstitute.com\/es\/wp-json\/wp\/v2\/pages"}],"about":[{"href":"https:\/\/www.schellhammerinstitute.com\/es\/wp-json\/wp\/v2\/types\/page"}],"author":[{"embeddable":true,"href":"https:\/\/www.schellhammerinstitute.com\/es\/wp-json\/wp\/v2\/users\/1"}],"replies":[{"embeddable":true,"href":"https:\/\/www.schellhammerinstitute.com\/es\/wp-json\/wp\/v2\/comments?post=7656"}],"version-history":[{"count":0,"href":"https:\/\/www.schellhammerinstitute.com\/es\/wp-json\/wp\/v2\/pages\/7656\/revisions"}],"wp:attachment":[{"href":"https:\/\/www.schellhammerinstitute.com\/es\/wp-json\/wp\/v2\/media?parent=7656"}],"curies":[{"name":"wp","href":"https:\/\/api.w.org\/{rel}","templated":true}]}}