{"id":7650,"date":"2018-11-01T09:21:59","date_gmt":"2018-11-01T09:21:59","guid":{"rendered":"https:\/\/www.schellhammerinstitute.com\/herausforderungen\/"},"modified":"2024-01-16T14:00:49","modified_gmt":"2024-01-16T14:00:49","slug":"herausforderungen","status":"publish","type":"page","link":"https:\/\/www.schellhammerinstitute.com\/es\/herausforderungen\/","title":{"rendered":"Herausforderungen"},"content":{"rendered":"<ul id=\"menu-secondary-menu-1\">\n<li ><a title=\"INICIO\" href=\"https:\/\/www.schellhammerinstitute.com\/de\/zielseite\/\" data-text=\"HOME\">INICIO<\/a><\/li>\n<li ><a title=\"FUNDADOR\" href=\"https:\/\/www.schellhammerinstitute.com\/de\/grunder\/\" data-text=\"FOUNDER\">FUNDADOR<\/a><\/li>\n<li ><a title=\"PROGRAMAS Y CURSOS\" href=\"https:\/\/www.schellhammerinstitute.com\/de\/programsandcourses\/\" data-text=\"PROGRAMS AND COURSES\">PROGRAMAS Y CURSOS<\/a><\/li>\n<li ><a title=\"V\u00cdDEOS\" aria-haspopup=\"true\" data-text=\"VIDEOS\">V\u00cdDEOS<\/a>\n<ul role=\"menu\">\n<li ><a title=\"ARQUETIPOS DEL ALMA\" href=\"https:\/\/www.youtube.com\/channel\/UCl0xsks-JtVAnp45Jo2yxQA\/featured\" data-text=\"ARCHETYPES OF THE SOUL\">ARQUETIPOS DEL ALMA<\/a><\/li>\n<li ><a title=\"INSTITUTO SCHELLHAMMER\" href=\"https:\/\/www.youtube.com\/@TheSchellhammerInstitute\" data-text=\"SCHELLHAMMER INSTITUTE\">INSTITUTO SCHELLHAMMER<\/a><\/li>\n<li ><a title=\"SCHELLHAMMER TV\" href=\"https:\/\/www.youtube.com\/channel\/UCK_Jq4kqp0ILihqyc3CNKBQ\" data-text=\"SCHELLHAMMER TV\">SCHELLHAMMER TV<\/a><\/li>\n<\/ul>\n<\/li>\n<li ><a title=\"ART\u00cdCULOS\" href=\"https:\/\/www.schellhammerinstitute.com\/de\/herausforderungen\/\" data-text=\"ARTICLES\">ART\u00cdCULOS<\/a><\/li>\n<li ><a title=\"LIBROS\" href=\"#\" aria-haspopup=\"true\" data-text=\"BOOKS\">LIBROS<\/a>\n<ul role=\"menu\">\n<li ><a title=\"AMAZON.ES\" href=\"https:\/\/www.amazon.es\/stores\/Edward-Schellhammer\/author\/B00J41WM66?ref=ap_rdr&#038;isDramIntegrated=true&#038;shoppingPortalEnabled=true\" data-text=\"AMAZON.ES\">AMAZON.ES<\/a><\/li>\n<li ><a title=\"AMAZON.DE\" href=\"https:\/\/www.amazon.de\/stores\/Edward-Schellhammer\/author\/B00J41WM66?ref=ap_rdr&#038;isDramIntegrated=true&#038;shoppingPortalEnabled=true\" data-text=\"AMAZON.DE\">AMAZON.DE<\/a><\/li>\n<li ><a title=\"AMAZON.ES\" href=\"https:\/\/www.amazon.co.uk\/stores\/Edward-Schellhammer\/author\/B00J41WM66?ref=ap_rdr&#038;isDramIntegrated=true&#038;shoppingPortalEnabled=true\" data-text=\"AMAZON.UK\">AMAZON.ES<\/a><\/li>\n<li ><a title=\"AMAZON.COM\" href=\"https:\/\/www.amazon.com\/author\/schellhammer\" data-text=\"AMAZON.COM\">AMAZON.COM<\/a><\/li>\n<\/ul>\n<\/li>\n<li ><a title=\"CONTACTO\" href=\"https:\/\/www.schellhammerinstitute.com\/de\/contact\/\" data-text=\"CONTACT\">CONTACTO<\/a><\/li>\n<\/ul>\n<ul>\n<li><\/li>\n<li><\/li>\n<\/ul>\n<style>@media (min-width:992px){.plus-navigation-wrap.nav-menu65a68c11234cb #theplus-navigation-normal-menu{display: block!important;}.plus-navigation-wrap.nav-menu65a68c11234cb #plus-mobile-nav-toggle-nav-menu65a68c11234cb.collapse.in{display:none;}}@media (max-width:991px){.plus-navigation-wrap.nav-menu65a68c11234cb #theplus-navigation-normal-menu{display:none !important;}.plus-navigation-wrap.nav-menu65a68c11234cb .plus-mobile-nav-toggle.mobile-toggle{display: -webkit-flex;display: -moz-flex;display: -ms-flex;display: flex;-webkit-align-items: center;-moz-align-items: center;-ms-align-items: center;align-items: center;-webkit-justify-content: flex-end;-moz-justify-content: flex-end;-ms-justify-content: flex-end;justify-content: flex-end;}}<\/style>\n<h2>El nuevo Portal de la Salud para el Hombre<\/h2>\n<div class=\"pt-cv-wrapper\">Error: puede que no exista la vista de <strong>b716043n38<\/strong><\/div>\n<div class=\"pt-cv-wrapper\">Error: puede que no exista la vista de <strong>7dce406wmp<\/strong><\/div>","protected":false},"excerpt":{"rendered":"<p>HOME FOUNDER PROGRAMS AND COURSES VIDEOS ARCHETYPES OF THE SOUL SCHELLHAMMER INSTITUTE SCHELLHAMMER TV ARTICLES BOOKS AMAZON.ES AMAZON.DE AMAZON.UK AMAZON.COM CONTACT Der neue Heilige Gral f\u00fcr die Menschheit<\/p>","protected":false},"author":1,"featured_media":14096,"parent":0,"menu_order":0,"comment_status":"closed","ping_status":"closed","template":"","meta":{"saved_in_kubio":false,"footnotes":""},"class_list":["post-7650","page","type-page","status-publish","has-post-thumbnail","hentry"],"kubio_ai_page_context":{"short_desc":"","purpose":"general"},"yoast_head":"<!-- This site is optimized with the Yoast SEO plugin v27.5 - https:\/\/yoast.com\/product\/yoast-seo-wordpress\/ -->\n<title>Herausforderungen | Schellhammer Institute<\/title>\n<meta name=\"description\" content=\"Bereit f\u00fcr ein bisschen mentale Gymnastik? Dr. Eduards Vlog-Artikel und gesammelte Gedanken eines gro\u00dfen modernen Denkers. Erfahren Sie, wie Sie Ihren Geist \u00f6ffnen und kritisch denken k\u00f6nnen.\" \/>\n<meta name=\"robots\" content=\"index, follow, max-snippet:-1, max-image-preview:large, max-video-preview:-1\" \/>\n<link rel=\"canonical\" href=\"https:\/\/www.schellhammerinstitute.com\/es\/articulos-2\/\" \/>\n<meta property=\"og:locale\" content=\"es_ES\" \/>\n<meta property=\"og:type\" content=\"article\" \/>\n<meta property=\"og:title\" content=\"Herausforderungen | Schellhammer Institute\" \/>\n<meta property=\"og:description\" content=\"Bereit f\u00fcr ein bisschen mentale Gymnastik? Dr. Eduards Vlog-Artikel und gesammelte Gedanken eines gro\u00dfen modernen Denkers. Erfahren Sie, wie Sie Ihren Geist \u00f6ffnen und kritisch denken k\u00f6nnen.\" \/>\n<meta property=\"og:url\" content=\"https:\/\/www.schellhammerinstitute.com\/es\/articulos-2\/\" \/>\n<meta property=\"og:site_name\" content=\"Schellhammer Institute\" \/>\n<meta property=\"article:publisher\" content=\"https:\/\/www.facebook.com\/schellhammerinstitute\" \/>\n<meta property=\"article:modified_time\" content=\"2024-01-16T14:00:49+00:00\" \/>\n<meta property=\"og:image\" content=\"https:\/\/www.schellhammerinstitute.com\/wp-content\/uploads\/42.png\" \/>\n\t<meta property=\"og:image:width\" content=\"2000\" \/>\n\t<meta property=\"og:image:height\" content=\"800\" \/>\n\t<meta property=\"og:image:type\" content=\"image\/png\" \/>\n<meta name=\"twitter:card\" content=\"summary_large_image\" \/>\n<script type=\"application\/ld+json\" class=\"yoast-schema-graph\">{\"@context\":\"https:\\\/\\\/schema.org\",\"@graph\":[{\"@type\":\"WebPage\",\"@id\":\"https:\\\/\\\/www.schellhammerinstitute.com\\\/articles\\\/\",\"url\":\"https:\\\/\\\/www.schellhammerinstitute.com\\\/articles\\\/\",\"name\":\"Herausforderungen | Schellhammer Institute\",\"isPartOf\":{\"@id\":\"https:\\\/\\\/www.schellhammerinstitute.com\\\/#website\"},\"primaryImageOfPage\":{\"@id\":\"https:\\\/\\\/www.schellhammerinstitute.com\\\/articles\\\/#primaryimage\"},\"image\":{\"@id\":\"https:\\\/\\\/www.schellhammerinstitute.com\\\/articles\\\/#primaryimage\"},\"thumbnailUrl\":\"https:\\\/\\\/www.schellhammerinstitute.com\\\/wp-content\\\/uploads\\\/42.png\",\"datePublished\":\"2018-11-01T09:21:59+00:00\",\"dateModified\":\"2024-01-16T14:00:49+00:00\",\"description\":\"Bereit f\u00fcr ein bisschen mentale Gymnastik? Dr. Eduards Vlog-Artikel und gesammelte Gedanken eines gro\u00dfen modernen Denkers. Erfahren Sie, wie Sie Ihren Geist \u00f6ffnen und kritisch denken k\u00f6nnen.\",\"breadcrumb\":{\"@id\":\"https:\\\/\\\/www.schellhammerinstitute.com\\\/articles\\\/#breadcrumb\"},\"inLanguage\":\"es\",\"potentialAction\":[{\"@type\":\"ReadAction\",\"target\":[\"https:\\\/\\\/www.schellhammerinstitute.com\\\/articles\\\/\"]}]},{\"@type\":\"ImageObject\",\"inLanguage\":\"es\",\"@id\":\"https:\\\/\\\/www.schellhammerinstitute.com\\\/articles\\\/#primaryimage\",\"url\":\"https:\\\/\\\/www.schellhammerinstitute.com\\\/wp-content\\\/uploads\\\/42.png\",\"contentUrl\":\"https:\\\/\\\/www.schellhammerinstitute.com\\\/wp-content\\\/uploads\\\/42.png\",\"width\":2000,\"height\":800},{\"@type\":\"BreadcrumbList\",\"@id\":\"https:\\\/\\\/www.schellhammerinstitute.com\\\/articles\\\/#breadcrumb\",\"itemListElement\":[{\"@type\":\"ListItem\",\"position\":1,\"name\":\"Home\",\"item\":\"https:\\\/\\\/www.schellhammerinstitute.com\\\/\"},{\"@type\":\"ListItem\",\"position\":2,\"name\":\"Herausforderungen\"}]},{\"@type\":\"WebSite\",\"@id\":\"https:\\\/\\\/www.schellhammerinstitute.com\\\/#website\",\"url\":\"https:\\\/\\\/www.schellhammerinstitute.com\\\/\",\"name\":\"Schellhammer Institute\",\"description\":\"We want to change the world for the better\",\"publisher\":{\"@id\":\"https:\\\/\\\/www.schellhammerinstitute.com\\\/#organization\"},\"alternateName\":\"The Schellhamer Institute\",\"potentialAction\":[{\"@type\":\"SearchAction\",\"target\":{\"@type\":\"EntryPoint\",\"urlTemplate\":\"https:\\\/\\\/www.schellhammerinstitute.com\\\/?s={search_term_string}\"},\"query-input\":{\"@type\":\"PropertyValueSpecification\",\"valueRequired\":true,\"valueName\":\"search_term_string\"}}],\"inLanguage\":\"es\"},{\"@type\":\"Organization\",\"@id\":\"https:\\\/\\\/www.schellhammerinstitute.com\\\/#organization\",\"name\":\"Schellhammer Institute\",\"alternateName\":\"Schellhammer Institute\",\"url\":\"https:\\\/\\\/www.schellhammerinstitute.com\\\/\",\"logo\":{\"@type\":\"ImageObject\",\"inLanguage\":\"es\",\"@id\":\"https:\\\/\\\/www.schellhammerinstitute.com\\\/#\\\/schema\\\/logo\\\/image\\\/\",\"url\":\"https:\\\/\\\/www.schellhammerinstitute.com\\\/wp-content\\\/uploads\\\/cropped-4-Photoroom.png\",\"contentUrl\":\"https:\\\/\\\/www.schellhammerinstitute.com\\\/wp-content\\\/uploads\\\/cropped-4-Photoroom.png\",\"width\":902,\"height\":901,\"caption\":\"Schellhammer Institute\"},\"image\":{\"@id\":\"https:\\\/\\\/www.schellhammerinstitute.com\\\/#\\\/schema\\\/logo\\\/image\\\/\"},\"sameAs\":[\"https:\\\/\\\/www.facebook.com\\\/schellhammerinstitute\",\"https:\\\/\\\/www.instagram.com\\\/schellhammerinstitute\",\"https:\\\/\\\/www.linkedin.com\\\/company\\\/schellhammerinstitute\"]}]}<\/script>\n<!-- \/ Yoast SEO plugin. -->","yoast_head_json":{"title":"Herausforderungen | Schellhammer Institute","description":"\u00bfNecesita un poco de gimnasia mental? Dr. Eduards Vlog-Artikel und gesammelte Gedanken eines gro\u00dfen modernen Denkers. Descubra c\u00f3mo puede mejorar su estado de \u00e1nimo y aprender a ser cr\u00edtico.","robots":{"index":"index","follow":"follow","max-snippet":"max-snippet:-1","max-image-preview":"max-image-preview:large","max-video-preview":"max-video-preview:-1"},"canonical":"https:\/\/www.schellhammerinstitute.com\/es\/articulos-2\/","og_locale":"es_ES","og_type":"article","og_title":"Herausforderungen | Schellhammer Institute","og_description":"Bereit f\u00fcr ein bisschen mentale Gymnastik? Dr. Eduards Vlog-Artikel und gesammelte Gedanken eines gro\u00dfen modernen Denkers. Erfahren Sie, wie Sie Ihren Geist \u00f6ffnen und kritisch denken k\u00f6nnen.","og_url":"https:\/\/www.schellhammerinstitute.com\/es\/articulos-2\/","og_site_name":"Schellhammer Institute","article_publisher":"https:\/\/www.facebook.com\/schellhammerinstitute","article_modified_time":"2024-01-16T14:00:49+00:00","og_image":[{"width":2000,"height":800,"url":"https:\/\/www.schellhammerinstitute.com\/wp-content\/uploads\/42.png","type":"image\/png"}],"twitter_card":"summary_large_image","schema":{"@context":"https:\/\/schema.org","@graph":[{"@type":"WebPage","@id":"https:\/\/www.schellhammerinstitute.com\/articles\/","url":"https:\/\/www.schellhammerinstitute.com\/articles\/","name":"Herausforderungen | Schellhammer Institute","isPartOf":{"@id":"https:\/\/www.schellhammerinstitute.com\/#website"},"primaryImageOfPage":{"@id":"https:\/\/www.schellhammerinstitute.com\/articles\/#primaryimage"},"image":{"@id":"https:\/\/www.schellhammerinstitute.com\/articles\/#primaryimage"},"thumbnailUrl":"https:\/\/www.schellhammerinstitute.com\/wp-content\/uploads\/42.png","datePublished":"2018-11-01T09:21:59+00:00","dateModified":"2024-01-16T14:00:49+00:00","description":"\u00bfNecesita un poco de gimnasia mental? Dr. Eduards Vlog-Artikel und gesammelte Gedanken eines gro\u00dfen modernen Denkers. Descubra c\u00f3mo puede mejorar su estado de \u00e1nimo y aprender a ser cr\u00edtico.","breadcrumb":{"@id":"https:\/\/www.schellhammerinstitute.com\/articles\/#breadcrumb"},"inLanguage":"es","potentialAction":[{"@type":"ReadAction","target":["https:\/\/www.schellhammerinstitute.com\/articles\/"]}]},{"@type":"ImageObject","inLanguage":"es","@id":"https:\/\/www.schellhammerinstitute.com\/articles\/#primaryimage","url":"https:\/\/www.schellhammerinstitute.com\/wp-content\/uploads\/42.png","contentUrl":"https:\/\/www.schellhammerinstitute.com\/wp-content\/uploads\/42.png","width":2000,"height":800},{"@type":"BreadcrumbList","@id":"https:\/\/www.schellhammerinstitute.com\/articles\/#breadcrumb","itemListElement":[{"@type":"ListItem","position":1,"name":"Home","item":"https:\/\/www.schellhammerinstitute.com\/"},{"@type":"ListItem","position":2,"name":"Herausforderungen"}]},{"@type":"WebSite","@id":"https:\/\/www.schellhammerinstitute.com\/#website","url":"https:\/\/www.schellhammerinstitute.com\/","name":"Instituci\u00f3n Schellhammer","description":"Queremos cambiar el mundo a mejor","publisher":{"@id":"https:\/\/www.schellhammerinstitute.com\/#organization"},"alternateName":"The Schellhamer Institute","potentialAction":[{"@type":"SearchAction","target":{"@type":"EntryPoint","urlTemplate":"https:\/\/www.schellhammerinstitute.com\/?s={search_term_string}"},"query-input":{"@type":"PropertyValueSpecification","valueRequired":true,"valueName":"search_term_string"}}],"inLanguage":"es"},{"@type":"Organization","@id":"https:\/\/www.schellhammerinstitute.com\/#organization","name":"Instituci\u00f3n Schellhammer","alternateName":"Schellhammer Institute","url":"https:\/\/www.schellhammerinstitute.com\/","logo":{"@type":"ImageObject","inLanguage":"es","@id":"https:\/\/www.schellhammerinstitute.com\/#\/schema\/logo\/image\/","url":"https:\/\/www.schellhammerinstitute.com\/wp-content\/uploads\/cropped-4-Photoroom.png","contentUrl":"https:\/\/www.schellhammerinstitute.com\/wp-content\/uploads\/cropped-4-Photoroom.png","width":902,"height":901,"caption":"Schellhammer Institute"},"image":{"@id":"https:\/\/www.schellhammerinstitute.com\/#\/schema\/logo\/image\/"},"sameAs":["https:\/\/www.facebook.com\/schellhammerinstitute","https:\/\/www.instagram.com\/schellhammerinstitute","https:\/\/www.linkedin.com\/company\/schellhammerinstitute"]}]}},"jetpack_sharing_enabled":true,"_links":{"self":[{"href":"https:\/\/www.schellhammerinstitute.com\/es\/wp-json\/wp\/v2\/pages\/7650","targetHints":{"allow":["GET"]}}],"collection":[{"href":"https:\/\/www.schellhammerinstitute.com\/es\/wp-json\/wp\/v2\/pages"}],"about":[{"href":"https:\/\/www.schellhammerinstitute.com\/es\/wp-json\/wp\/v2\/types\/page"}],"author":[{"embeddable":true,"href":"https:\/\/www.schellhammerinstitute.com\/es\/wp-json\/wp\/v2\/users\/1"}],"replies":[{"embeddable":true,"href":"https:\/\/www.schellhammerinstitute.com\/es\/wp-json\/wp\/v2\/comments?post=7650"}],"version-history":[{"count":6,"href":"https:\/\/www.schellhammerinstitute.com\/es\/wp-json\/wp\/v2\/pages\/7650\/revisions"}],"predecessor-version":[{"id":14150,"href":"https:\/\/www.schellhammerinstitute.com\/es\/wp-json\/wp\/v2\/pages\/7650\/revisions\/14150"}],"wp:featuredmedia":[{"embeddable":true,"href":"https:\/\/www.schellhammerinstitute.com\/es\/wp-json\/wp\/v2\/media\/14096"}],"wp:attachment":[{"href":"https:\/\/www.schellhammerinstitute.com\/es\/wp-json\/wp\/v2\/media?parent=7650"}],"curies":[{"name":"wp","href":"https:\/\/api.w.org\/{rel}","templated":true}]}}