{"id":7134,"date":"2018-02-17T20:35:17","date_gmt":"2018-02-17T20:35:17","guid":{"rendered":"https:\/\/www.schellhammerinstitute.com\/?page_id=7134"},"modified":"2018-03-31T19:54:50","modified_gmt":"2018-03-31T19:54:50","slug":"ueber-uns","status":"publish","type":"page","link":"https:\/\/www.schellhammerinstitute.com\/es\/ueber-uns\/","title":{"rendered":"Sobre nosotros"},"content":{"rendered":"<p>El Instituto Schellhammer se fund\u00f3 en 1978 como \"Psychoanalyische Lebensschule\" en Suiza (Z\u00farich). El Instituto Schellhammer se ocupa de: Entendimiento, Espiritualidad, Autoinvestigaci\u00f3n y Superaci\u00f3n a trav\u00e9s del Proceso de Individuaci\u00f3n. El objetivo es que los participantes logren un cambio en su vida personal, el aprendizaje en el trabajo, una comprensi\u00f3n m\u00e1s profunda de los sentidos arquet\u00edpicos de la vida, una catarsis interior y la absoluci\u00f3n total.<\/p>\n<p>El Kursprogramm establece nuevas pautas para un desarrollo personal integral, para una experiencia de futuro y para la mejora de las oportunidades en todos los sistemas de la sociedad.<\/p>\n<p><strong>Gezeugt und geboren: wozu, wenn nicht f\u00fcr innere Ganzheit und Erf\u00fcllung zu erschaffen?<\/strong><\/p>\n<ul>\n<li>Se trata de una visi\u00f3n completa de las funciones mentales y de la vida interior.<\/li>\n<li>Ofrece una visi\u00f3n muy pr\u00e1ctica de la verdadera vida humana.<\/li>\n<li>Aprender\u00e1s el mejor m\u00e9todo de autoayuda para entenderte a ti mismo.<\/li>\n<li>Le ofrecemos el camino m\u00e1s eficaz y sencillo para su desarrollo.<\/li>\n<li>Mejorar\u00e1 sus posibilidades de conseguir una relaci\u00f3n que funcione correctamente.<\/li>\n<li>Aportan conocimientos psicol\u00f3gicos y pr\u00e1cticos sobre temas relacionados con el ser humano.<\/li>\n<li>Defiende su visi\u00f3n de una forma integral y global.<\/li>\n<li>Sie werden f\u00e4hig, Schw\u00e4chen, Probleme und Konflikte aller Art zu l\u00f6sen.<\/li>\n<li>Forman cualidades estables y comportamientos \u00fatiles para gestionar la vida.<\/li>\n<li>Como hombre, se enfrentar\u00e1 mucho mejor al mundo que se est\u00e1 desintegrando.<\/li>\n<li>Sie wachsen im Selbstvertrauen und werden auf echte Weise stark im sozialen Leben.<\/li>\n<li>Reduzca dr\u00e1sticamente todos los tipos de desviaciones cr\u00edticas en su vida pesquera.<\/li>\n<li>Comprender\u00e1 los graves problemas del mundo y sus consecuencias.<\/li>\n<li>Comprender la relaci\u00f3n entre las personas y los problemas del mundo.<\/li>\n<li>Sie werden nachvollziehbar verstehen, was die 'wahre Religion' wirklich ist.<\/li>\n<li>Tambi\u00e9n entender\u00e1n el significado de la religi\u00f3n cristiana y sus pr\u00e1cticas.<\/li>\n<li>Comprender\u00e1 los retos de la pol\u00edtica, la econom\u00eda y la formaci\u00f3n profesional.<\/li>\n<li>Le ayudar\u00e1 a encontrar la soluci\u00f3n a los problemas globales.<\/li>\n<li>Sie werden \u00fcber viele professionelle Verantwortlichkeiten sehr kompetent werden.<\/li>\n<li>Tendr\u00e1 una visi\u00f3n clara de los pr\u00f3ximos a\u00f1os: \u00a1su futuro!<\/li>\n<\/ul>\n<p><em>Dr. Eduard Schellhammer: \"40 Jahre Erforschungen und 80.000 Stunden Analysen, immer bearbeitet mit Kontemplationen, waren n\u00f6tig, um die Menschen, die psychisch-geistige Evolution, die l\u00fcgenhaften Ziele der Politik, der Wirtschaft, der \u00f6ffentlichen Bildung, der Religion, der Spiritualit\u00e4t und des Zustandes der Menschheit und der Welt zu erfassen und zu verstehen, um Ihnen heute unser aussergew\u00f6hnliches Bildungsprogramm zu offerieren.\"<\/em><\/p>\n<p style=\"text-align: center;\"><strong>La humanidad necesita un nuevo concepto para el hombre, una nueva espiritualidad y un nuevo \"arte\" evolutivo.<\/strong><\/p>\n<p style=\"text-align: center;\"><strong>\u00a1Die Menschheit braucht eine neue Generation rundum bestens vorbereiteter F\u00fchrer in allen Feldern menschlicher Bem\u00fchungen!<\/strong><\/p>\n<p style=\"text-align: center;\"><strong>La humanidad necesita un nuevo concepto para las escuelas de negocios, las universidades y la formaci\u00f3n.<\/strong><\/p>\n<p style=\"text-align: center;\"><strong>La humanidad debe abandonar su espiritualidad arquet\u00edpica (\"religi\u00f3n\"), que hasta ahora no hab\u00eda podido establecerse.<\/strong><\/p>\n<div style=\"width: 40%; padding: 0 10pt 0 0; float: left;\">\n<p><strong>Bahnbrechender \u00dcberblick<\/strong><\/p>\n<ul>\n<li>Fundamentos arquet\u00edpicos<\/li>\n<li>Nuevos m\u00e9todos de aprendizaje<\/li>\n<li>Nuevas v\u00edas de soluci\u00f3n<\/li>\n<li>Absolut bahnbrechend<\/li>\n<li>Global unerreicht<\/li>\n<li>Unvorstellbare Befreiung<\/li>\n<li>F\u00fcr Katharis und Erneuerung<\/li>\n<li>Por una nueva humanidad<\/li>\n<li>Echte g\u00f6ttliche Absolution<\/li>\n<\/ul>\n<\/div>\n<div style=\"width: 40%; padding: 0 10pt 0 0; float: right;\">\n<p><strong>Fakten kurz gefasst<\/strong><\/p>\n<ul>\n<li>Nachvollziehbar<\/li>\n<li>R\u00fcckverfolgbar<\/li>\n<li>Reproduzierbar<\/li>\n<li>Para todos los grupos de edad<\/li>\n<li>Frei von Dogma<\/li>\n<li>Libre de fundamentalismo<\/li>\n<li>Liberado de las tinieblas espirituales<\/li>\n<li>Liberarse del neurotizismo<\/li>\n<li>Frei von Narzissmus<\/li>\n<\/ul>\n<\/div>","protected":false},"excerpt":{"rendered":"<p>Das Schellhammer Institut wurde 1978 als \u201ePsychoanalyische Lebensschule\u201c in der Schweiz (Z\u00fcrich) gegr\u00fcndet. Das Schellhammer Institut ist \u00fcber: Entdecken, Spiritualit\u00e4t, Selbst-Erforschung und Erf\u00fcllung durch den Prozess der Individuation. Das Ziel ist, den Teilnehmern einen Durchbruch in ihrem pers\u00f6nlichen Leben, Erf\u00fcllung im Beruf, ein tieferes Verstehen des archetypischen Sinns des Lebens, innere Katharsis und die vollst\u00e4ndige [&hellip;]<\/p>\n","protected":false},"author":1,"featured_media":0,"parent":0,"menu_order":0,"comment_status":"closed","ping_status":"closed","template":"template-fullwidth.php","meta":{"saved_in_kubio":false,"footnotes":""},"class_list":["post-7134","page","type-page","status-publish","hentry"],"kubio_ai_page_context":{"short_desc":"","purpose":"general"},"yoast_head":"<!-- This site is optimized with the Yoast SEO plugin v27.6 - https:\/\/yoast.com\/product\/yoast-seo-wordpress\/ -->\n<title>\u00dcber uns | Schellhammer Institute<\/title>\n<meta name=\"robots\" content=\"index, follow, max-snippet:-1, max-image-preview:large, max-video-preview:-1\" \/>\n<link rel=\"canonical\" href=\"https:\/\/www.schellhammerinstitute.com\/es\/ueber-uns\/\" \/>\n<meta property=\"og:locale\" content=\"es_ES\" \/>\n<meta property=\"og:type\" content=\"article\" \/>\n<meta property=\"og:title\" content=\"\u00dcber uns | Schellhammer Institute\" \/>\n<meta property=\"og:description\" content=\"Das Schellhammer Institut wurde 1978 als \u201ePsychoanalyische Lebensschule\u201c in der Schweiz (Z\u00fcrich) gegr\u00fcndet. Das Schellhammer Institut ist \u00fcber: Entdecken, Spiritualit\u00e4t, Selbst-Erforschung und Erf\u00fcllung durch den Prozess der Individuation. Das Ziel ist, den Teilnehmern einen Durchbruch in ihrem pers\u00f6nlichen Leben, Erf\u00fcllung im Beruf, ein tieferes Verstehen des archetypischen Sinns des Lebens, innere Katharsis und die vollst\u00e4ndige [&hellip;]\" \/>\n<meta property=\"og:url\" content=\"https:\/\/www.schellhammerinstitute.com\/es\/ueber-uns\/\" \/>\n<meta property=\"og:site_name\" content=\"Schellhammer Institute\" \/>\n<meta property=\"article:publisher\" content=\"https:\/\/www.facebook.com\/schellhammerinstitute\" \/>\n<meta property=\"article:modified_time\" content=\"2018-03-31T19:54:50+00:00\" \/>\n<meta property=\"og:image\" content=\"https:\/\/www.schellhammerinstitute.com\/wp-content\/uploads\/Schellhammer-LOGO-FINAL-high-quality-FINAL.pdf-4.webp\" \/>\n\t<meta property=\"og:image:width\" content=\"1357\" \/>\n\t<meta property=\"og:image:height\" content=\"1920\" \/>\n\t<meta property=\"og:image:type\" content=\"image\/webp\" \/>\n<meta name=\"twitter:card\" content=\"summary_large_image\" \/>\n<meta name=\"twitter:label1\" content=\"Tiempo de lectura\" \/>\n\t<meta name=\"twitter:data1\" content=\"3 minutos\" \/>\n<script type=\"application\/ld+json\" class=\"yoast-schema-graph\">{\"@context\":\"https:\\\/\\\/schema.org\",\"@graph\":[{\"@type\":\"WebPage\",\"@id\":\"https:\\\/\\\/www.schellhammerinstitute.com\\\/de\\\/ueber-uns\\\/\",\"url\":\"https:\\\/\\\/www.schellhammerinstitute.com\\\/de\\\/ueber-uns\\\/\",\"name\":\"\u00dcber uns | Schellhammer Institute\",\"isPartOf\":{\"@id\":\"https:\\\/\\\/www.schellhammerinstitute.com\\\/#website\"},\"datePublished\":\"2018-02-17T20:35:17+00:00\",\"dateModified\":\"2018-03-31T19:54:50+00:00\",\"breadcrumb\":{\"@id\":\"https:\\\/\\\/www.schellhammerinstitute.com\\\/de\\\/ueber-uns\\\/#breadcrumb\"},\"inLanguage\":\"es\",\"potentialAction\":[{\"@type\":\"ReadAction\",\"target\":[\"https:\\\/\\\/www.schellhammerinstitute.com\\\/de\\\/ueber-uns\\\/\"]}]},{\"@type\":\"BreadcrumbList\",\"@id\":\"https:\\\/\\\/www.schellhammerinstitute.com\\\/de\\\/ueber-uns\\\/#breadcrumb\",\"itemListElement\":[{\"@type\":\"ListItem\",\"position\":1,\"name\":\"Home\",\"item\":\"https:\\\/\\\/www.schellhammerinstitute.com\\\/\"},{\"@type\":\"ListItem\",\"position\":2,\"name\":\"\u00dcber uns\"}]},{\"@type\":\"WebSite\",\"@id\":\"https:\\\/\\\/www.schellhammerinstitute.com\\\/#website\",\"url\":\"https:\\\/\\\/www.schellhammerinstitute.com\\\/\",\"name\":\"Schellhammer Institute\",\"description\":\"We want to change the world for the better\",\"publisher\":{\"@id\":\"https:\\\/\\\/www.schellhammerinstitute.com\\\/#organization\"},\"alternateName\":\"The Schellhamer Institute\",\"potentialAction\":[{\"@type\":\"SearchAction\",\"target\":{\"@type\":\"EntryPoint\",\"urlTemplate\":\"https:\\\/\\\/www.schellhammerinstitute.com\\\/?s={search_term_string}\"},\"query-input\":{\"@type\":\"PropertyValueSpecification\",\"valueRequired\":true,\"valueName\":\"search_term_string\"}}],\"inLanguage\":\"es\"},{\"@type\":\"Organization\",\"@id\":\"https:\\\/\\\/www.schellhammerinstitute.com\\\/#organization\",\"name\":\"Schellhammer Institute\",\"alternateName\":\"Schellhammer Institute\",\"url\":\"https:\\\/\\\/www.schellhammerinstitute.com\\\/\",\"logo\":{\"@type\":\"ImageObject\",\"inLanguage\":\"es\",\"@id\":\"https:\\\/\\\/www.schellhammerinstitute.com\\\/#\\\/schema\\\/logo\\\/image\\\/\",\"url\":\"https:\\\/\\\/www.schellhammerinstitute.com\\\/wp-content\\\/uploads\\\/cropped-4-Photoroom.png\",\"contentUrl\":\"https:\\\/\\\/www.schellhammerinstitute.com\\\/wp-content\\\/uploads\\\/cropped-4-Photoroom.png\",\"width\":902,\"height\":901,\"caption\":\"Schellhammer Institute\"},\"image\":{\"@id\":\"https:\\\/\\\/www.schellhammerinstitute.com\\\/#\\\/schema\\\/logo\\\/image\\\/\"},\"sameAs\":[\"https:\\\/\\\/www.facebook.com\\\/schellhammerinstitute\",\"https:\\\/\\\/www.instagram.com\\\/schellhammerinstitute\",\"https:\\\/\\\/www.linkedin.com\\\/company\\\/schellhammerinstitute\"]}]}<\/script>\n<!-- \/ Yoast SEO plugin. -->","yoast_head_json":{"title":"\u00dcber uns | Schellhammer Institute","robots":{"index":"index","follow":"follow","max-snippet":"max-snippet:-1","max-image-preview":"max-image-preview:large","max-video-preview":"max-video-preview:-1"},"canonical":"https:\/\/www.schellhammerinstitute.com\/es\/ueber-uns\/","og_locale":"es_ES","og_type":"article","og_title":"\u00dcber uns | Schellhammer Institute","og_description":"Das Schellhammer Institut wurde 1978 als \u201ePsychoanalyische Lebensschule\u201c in der Schweiz (Z\u00fcrich) gegr\u00fcndet. Das Schellhammer Institut ist \u00fcber: Entdecken, Spiritualit\u00e4t, Selbst-Erforschung und Erf\u00fcllung durch den Prozess der Individuation. Das Ziel ist, den Teilnehmern einen Durchbruch in ihrem pers\u00f6nlichen Leben, Erf\u00fcllung im Beruf, ein tieferes Verstehen des archetypischen Sinns des Lebens, innere Katharsis und die vollst\u00e4ndige [&hellip;]","og_url":"https:\/\/www.schellhammerinstitute.com\/es\/ueber-uns\/","og_site_name":"Schellhammer Institute","article_publisher":"https:\/\/www.facebook.com\/schellhammerinstitute","article_modified_time":"2018-03-31T19:54:50+00:00","og_image":[{"width":1357,"height":1920,"url":"https:\/\/www.schellhammerinstitute.com\/wp-content\/uploads\/Schellhammer-LOGO-FINAL-high-quality-FINAL.pdf-4.webp","type":"image\/webp"}],"twitter_card":"summary_large_image","twitter_misc":{"Tiempo de lectura":"3 minutos"},"schema":{"@context":"https:\/\/schema.org","@graph":[{"@type":"WebPage","@id":"https:\/\/www.schellhammerinstitute.com\/de\/ueber-uns\/","url":"https:\/\/www.schellhammerinstitute.com\/de\/ueber-uns\/","name":"\u00dcber uns | Schellhammer Institute","isPartOf":{"@id":"https:\/\/www.schellhammerinstitute.com\/#website"},"datePublished":"2018-02-17T20:35:17+00:00","dateModified":"2018-03-31T19:54:50+00:00","breadcrumb":{"@id":"https:\/\/www.schellhammerinstitute.com\/de\/ueber-uns\/#breadcrumb"},"inLanguage":"es","potentialAction":[{"@type":"ReadAction","target":["https:\/\/www.schellhammerinstitute.com\/de\/ueber-uns\/"]}]},{"@type":"BreadcrumbList","@id":"https:\/\/www.schellhammerinstitute.com\/de\/ueber-uns\/#breadcrumb","itemListElement":[{"@type":"ListItem","position":1,"name":"Home","item":"https:\/\/www.schellhammerinstitute.com\/"},{"@type":"ListItem","position":2,"name":"\u00dcber uns"}]},{"@type":"WebSite","@id":"https:\/\/www.schellhammerinstitute.com\/#website","url":"https:\/\/www.schellhammerinstitute.com\/","name":"Instituci\u00f3n Schellhammer","description":"Queremos cambiar el mundo a mejor","publisher":{"@id":"https:\/\/www.schellhammerinstitute.com\/#organization"},"alternateName":"The Schellhamer Institute","potentialAction":[{"@type":"SearchAction","target":{"@type":"EntryPoint","urlTemplate":"https:\/\/www.schellhammerinstitute.com\/?s={search_term_string}"},"query-input":{"@type":"PropertyValueSpecification","valueRequired":true,"valueName":"search_term_string"}}],"inLanguage":"es"},{"@type":"Organization","@id":"https:\/\/www.schellhammerinstitute.com\/#organization","name":"Instituci\u00f3n Schellhammer","alternateName":"Schellhammer Institute","url":"https:\/\/www.schellhammerinstitute.com\/","logo":{"@type":"ImageObject","inLanguage":"es","@id":"https:\/\/www.schellhammerinstitute.com\/#\/schema\/logo\/image\/","url":"https:\/\/www.schellhammerinstitute.com\/wp-content\/uploads\/cropped-4-Photoroom.png","contentUrl":"https:\/\/www.schellhammerinstitute.com\/wp-content\/uploads\/cropped-4-Photoroom.png","width":902,"height":901,"caption":"Schellhammer Institute"},"image":{"@id":"https:\/\/www.schellhammerinstitute.com\/#\/schema\/logo\/image\/"},"sameAs":["https:\/\/www.facebook.com\/schellhammerinstitute","https:\/\/www.instagram.com\/schellhammerinstitute","https:\/\/www.linkedin.com\/company\/schellhammerinstitute"]}]}},"jetpack_sharing_enabled":true,"_links":{"self":[{"href":"https:\/\/www.schellhammerinstitute.com\/es\/wp-json\/wp\/v2\/pages\/7134","targetHints":{"allow":["GET"]}}],"collection":[{"href":"https:\/\/www.schellhammerinstitute.com\/es\/wp-json\/wp\/v2\/pages"}],"about":[{"href":"https:\/\/www.schellhammerinstitute.com\/es\/wp-json\/wp\/v2\/types\/page"}],"author":[{"embeddable":true,"href":"https:\/\/www.schellhammerinstitute.com\/es\/wp-json\/wp\/v2\/users\/1"}],"replies":[{"embeddable":true,"href":"https:\/\/www.schellhammerinstitute.com\/es\/wp-json\/wp\/v2\/comments?post=7134"}],"version-history":[{"count":0,"href":"https:\/\/www.schellhammerinstitute.com\/es\/wp-json\/wp\/v2\/pages\/7134\/revisions"}],"wp:attachment":[{"href":"https:\/\/www.schellhammerinstitute.com\/es\/wp-json\/wp\/v2\/media?parent=7134"}],"curies":[{"name":"wp","href":"https:\/\/api.w.org\/{rel}","templated":true}]}}