{"id":14341,"date":"2024-03-08T11:26:58","date_gmt":"2024-03-08T11:26:58","guid":{"rendered":"https:\/\/www.schellhammerinstitute.com\/?page_id=14341"},"modified":"2024-03-08T11:30:18","modified_gmt":"2024-03-08T11:30:18","slug":"revivir-la-compasion-un-camino-hacia-la-unidad-y-el-entendimiento-en-nuestro-tiempo-2","status":"publish","type":"page","link":"https:\/\/www.schellhammerinstitute.com\/es\/revivir-la-compasion-un-camino-hacia-la-unidad-y-el-entendimiento-en-nuestro-tiempo-2\/","title":{"rendered":"Reavivar la compasi\u00f3n: Un camino hacia la unidad y la comprensi\u00f3n en nuestro tiempo."},"content":{"rendered":"<header>\n<h1 class=\"text-display-large-bold pt6\" dir=\"ltr\"><span data-scaffold-immersive-reader-title=\"\">Reavivar la compasi\u00f3n: Un camino hacia la unidad y la comprensi\u00f3n en nuestro tiempo.<\/span><\/h1>\n<\/header>\n<div class=\"relative reader__grid mt6\">\n<div data-scaffold-immersive-reader-content=\"\">\n<div>\n<div class=\"reader-article-content reader-article-content--content-blocks\" dir=\"ltr\">\n<h3 id=\"ember501\" class=\"ember-view\">Sabidur\u00eda de los siglos: Recuperar nuestros valores fundamentales de bondad<\/h3>\n<p id=\"ember502\" class=\"ember-view reader-content-blocks__paragraph\">Acabo de escuchar un interesante discurso de Simon Sinek. Al igual que el Instituto Schellhammer, insta a la gente a enfrentarse a la cruda realidad del alejamiento de nuestra sociedad moderna de valores humanos esenciales como la empat\u00eda, la comprensi\u00f3n y el cuidado genuino de los dem\u00e1s. Al igual que el Instituto Schellhamer, transmite una narrativa convincente que no s\u00f3lo identifica los s\u00edntomas de nuestra desafortunada condici\u00f3n colectiva, sino que tambi\u00e9n rastrea las ra\u00edces de estos problemas hasta cambios muy espec\u00edficos en la sociedad. Al igual que el Instituto Schellhammer, ofrece ideas tan esclarecedoras como inquietantes. Sus observaciones son un duro recordatorio de los valores promovidos por titanes filos\u00f3ficos como S\u00f3crates y Plat\u00f3n, valores que parecen cada vez m\u00e1s ajenos al mundo actual, centrado en el ego e hipercompetitivo. Un mundo en el que la gratificaci\u00f3n inmediata es la norma.<\/p>\n<p id=\"ember503\" class=\"ember-view reader-content-blocks__paragraph\">Podr\u00eda postularse que no s\u00f3lo las generaciones m\u00e1s j\u00f3venes sufren este problema No s\u00f3lo la Generaci\u00f3n Z... aquellos que han crecido sin saber lo que es esperar una semana la respuesta a una carta escrita a mano a un amigo por correspondencia, la emoci\u00f3n de esperar una semana entera para ver el pr\u00f3ximo cap\u00edtulo de nuestra serie favorita, y luego el disfrute de hablar realmente de ese cap\u00edtulo compartido visto al mismo tiempo aunque en diferentes casas con nuestros amigos \u00edntimos... Cara a cara... \u00a1no v\u00eda WhatsApp! \u00bfSer\u00e1 que todos formamos parte de la adici\u00f3n colectiva?<\/p>\n<p id=\"ember504\" class=\"ember-view reader-content-blocks__paragraph\">Es un hecho desafortunado que la b\u00fasqueda incesante del \u00e9xito individual haya eclipsado las virtudes del bienestar colectivo y el apoyo mutuo. Vivimos en un mundo obsesionado con el estatus y los logros; el liderazgo siempre ha sido un arte, no s\u00f3lo una descripci\u00f3n de un puesto de trabajo. Sin embargo, parece que tenemos que despertar al hecho de que este arte del liderazgo se ha reducido a un mero cargo en lugar de una responsabilidad para con aquellos a los que el l\u00edder dirige. Tenemos gestores y no l\u00edderes. \u00bfAcaso el verdadero liderazgo no consiste en preocuparse por los que dirigimos, fomentar la confianza y promover la cooperaci\u00f3n? Estos son principios que est\u00e1n profundamente ausentes en muchas estructuras organizativas y sociales b\u00e1sicas contempor\u00e1neas.<\/p>\n<h3 id=\"ember505\" class=\"ember-view\">El laberinto de las redes sociales: la identidad de los adolescentes en la era de los likes<\/h3>\n<p id=\"ember506\" class=\"ember-view reader-content-blocks__paragraph\">Entonces, \u00bfqu\u00e9 pasa con el impacto perjudicial de la tecnolog\u00eda moderna y las redes sociales en nuestra poblaci\u00f3n colectiva? Como no han experimentado ninguna alternativa, compadezcamos a los j\u00f3venes de hoy, a los adultos en que se convertir\u00e1n en el futuro y al mundo del que formar\u00e1n parte. \u00bfQu\u00e9 cambios crear\u00e1 en la sociedad esta b\u00fasqueda adictiva de validaci\u00f3n impulsada por la dopamina?<\/p>\n<p id=\"ember507\" class=\"ember-view reader-content-blocks__paragraph\">En la actualidad, podemos ver que esto ha dado lugar a una generaci\u00f3n que est\u00e1 m\u00e1s conectada que nunca pero profundamente aislada, carecen de autoestima y son incapaces de establecer conexiones humanas reales en mayor o menor medida. Dependiendo del uso que hagan de estas tecnolog\u00edas. Hay que destacar hasta qu\u00e9 punto estas interacciones digitales han suplantado a las interacciones significativas, cara a cara, que alimentan la empat\u00eda y la comprensi\u00f3n. Han sustituido las amistades profundas por likes superficiales. No han acercado a las personas, sino que han fomentado la ansiedad por la separaci\u00f3n. A este fen\u00f3meno se le ha dado incluso el nombre de \"FOMO\" (fear of missing out, miedo a perderse algo).<\/p>\n<p id=\"ember508\" class=\"ember-view reader-content-blocks__paragraph\">La superficialidad abunda y los usuarios en general, especialmente los adolescentes e incluso los ni\u00f1os m\u00e1s peque\u00f1os, no s\u00f3lo est\u00e1n preocupados por no ser aceptados por sus compa\u00f1eros, sino por no ser aceptados por el mundo. \u00bfA qu\u00e9 tipo de presi\u00f3n somete esto a la gente? \u00bfC\u00f3mo vamos a ser capaces de entender qui\u00e9nes somos por dentro si estamos constantemente obligados a ser lo que creemos que los dem\u00e1s quieren que seamos? Hemos perdido la conexi\u00f3n con qui\u00e9nes somos realmente y por qu\u00e9 estamos aqu\u00ed. Hemos perdido la conexi\u00f3n con nuestro verdadero prop\u00f3sito de existencia en este peque\u00f1o hogar temporal que llamamos Tierra.<\/p>\n<p id=\"ember509\" class=\"ember-view reader-content-blocks__paragraph\">Tal vez sea a\u00fan m\u00e1s preocupante la forma en que los algoritmos utilizados en Internet crean c\u00e1maras de eco en las que se ofrece al consumidor y al p\u00fablico una alimentaci\u00f3n cada vez m\u00e1s extremista que los atrinchera en una mentalidad r\u00edgida. Una mentalidad que hace a\u00fan m\u00e1s dif\u00edcil empatizar con personas de opiniones diferentes, creando as\u00ed un estado extremista de la sociedad. \u00bfQu\u00e9 ramificaciones podr\u00eda tener esto en el futuro? Uno de los mayores riesgos a los que se enfrenta la humanidad en la actualidad, y que seguir\u00e1 prevaleciendo a largo plazo, son los efectos de las noticias falsas, la desinformaci\u00f3n y una sociedad desinformada.<\/p>\n<h3 id=\"ember510\" class=\"ember-view\">Ense\u00f1anzas err\u00f3neas: La transformaci\u00f3n de las ideas religiosas en dogma<\/h3>\n<p id=\"ember511\" class=\"ember-view reader-content-blocks__paragraph\">Estas reflexiones pueden extenderse al \u00e1mbito del liderazgo religioso. Originalmente, las doctrinas de las principales religiones se han distorsionado hasta convertirse en dogmas r\u00edgidos. Estos dogmas sirven a menudo para controlar y manipular a los seguidores, infundiendo miedo en lugar de fomentar un aut\u00e9ntico sentido de comunidad y de cuidado mutuo.<\/p>\n<p id=\"ember512\" class=\"ember-view reader-content-blocks__paragraph\">Adem\u00e1s, existe un paralelismo convincente entre el \"juego eterno\" en los negocios y el juego de la vida misma. Deber\u00edamos abogar por pasar de una mentalidad finita -centrada en ganar y superar a los dem\u00e1s- a una mentalidad infinita que valore el crecimiento personal continuo, la colaboraci\u00f3n y la perpetuaci\u00f3n de los valores compartidos. La verdadera realizaci\u00f3n y la sabidur\u00eda no proceden de superar a los dem\u00e1s, sino de esforzarnos por convertirnos en la mejor versi\u00f3n de nosotros mismos, contribuyendo as\u00ed a un ciclo de aprendizaje y superaci\u00f3n perpetuos.<\/p>\n<h3 id=\"ember513\" class=\"ember-view\">El juego final de la vida: M\u00e1s all\u00e1 de la competici\u00f3n hacia la autosuperaci\u00f3n y la iluminaci\u00f3n<\/h3>\n<p id=\"ember514\" class=\"ember-view reader-content-blocks__paragraph\">En esencia, se trata de una llamada a la acci\u00f3n para redescubrir y abrazar los valores humanos fundamentales que han sostenido a las civilizaciones durante milenios. Nos desaf\u00eda a reflexionar sobre nuestras prioridades, reconsiderar nuestras definiciones de \u00e9xito y reavivar nuestra capacidad inherente de empat\u00eda, comprensi\u00f3n y cuidado genuino. Al hacerlo, no s\u00f3lo diagnostica las dificultades que afligen a la sociedad moderna, sino que tambi\u00e9n ofrece un faro de esperanza para recuperar el rico patrimonio filos\u00f3fico que una vez defini\u00f3 la excelencia humana.<\/p>\n<p id=\"ember515\" class=\"ember-view reader-content-blocks__paragraph\">No es un proceso f\u00e1cil, debemos reconocer que se ha intentado muchas veces en el pasado y la sociedad ha fracasado. Tenemos que cambiar la ra\u00edz de nuestro ser interior para lograr una verdadera soluci\u00f3n duradera. La verdadera empat\u00eda no es una habilidad sencilla. Es una semilla que hay que plantar en lo m\u00e1s profundo de cada uno de nosotros y que hay que alimentar hasta que estemos rodeados de un bosque milenario que ni el m\u00e1s feroz de los incendios forestales pueda destruir.<\/p>\n<\/div>\n<\/div>\n<\/div>\n<\/div>","protected":false},"excerpt":{"rendered":"<p>Reviving Compassion: A Path to Unity and Understanding in Our Time. Wisdom of the Ages: Reclaiming Our Fundamental Values of Kindness I have just finished listening to an interesting speech given by Simon Sinek. Just like Schellhammer Institute, he urges people to confront the stark reality of our modern society&#8217;s detachment from essential human values [&hellip;]<\/p>\n","protected":false},"author":5,"featured_media":11840,"parent":0,"menu_order":0,"comment_status":"closed","ping_status":"closed","template":"","meta":{"saved_in_kubio":false,"footnotes":""},"class_list":["post-14341","page","type-page","status-publish","has-post-thumbnail","hentry"],"kubio_ai_page_context":{"short_desc":"","purpose":"general"},"yoast_head":"<!-- This site is optimized with the Yoast SEO plugin v27.4 - https:\/\/yoast.com\/product\/yoast-seo-wordpress\/ -->\n<title>Reviving Compassion: A Path to Unity and Understanding in Our Time. | Schellhammer Institute<\/title>\n<meta name=\"description\" content=\"Explore the profound insights of the Schellhammer Institute&#039;s article on reviving compassion, unity, and understanding in modern times. Delve into the critical examination of our society&#039;s drift from essential human values, the impact of social media on genuine connections, and the transformative power of embracing fundamental kindness and empathy to foster a harmonious world.\" \/>\n<meta name=\"robots\" content=\"index, follow, max-snippet:-1, max-image-preview:large, max-video-preview:-1\" \/>\n<link rel=\"canonical\" href=\"https:\/\/www.schellhammerinstitute.com\/es\/revivir-la-compasion-un-camino-hacia-la-unidad-y-el-entendimiento-en-nuestro-tiempo-2\/\" \/>\n<meta property=\"og:locale\" content=\"es_ES\" \/>\n<meta property=\"og:type\" content=\"article\" \/>\n<meta property=\"og:title\" content=\"Reviving Compassion: A Path to Unity and Understanding in Our Time. | Schellhammer Institute\" \/>\n<meta property=\"og:description\" content=\"Explore the profound insights of the Schellhammer Institute&#039;s article on reviving compassion, unity, and understanding in modern times. Delve into the critical examination of our society&#039;s drift from essential human values, the impact of social media on genuine connections, and the transformative power of embracing fundamental kindness and empathy to foster a harmonious world.\" \/>\n<meta property=\"og:url\" content=\"https:\/\/www.schellhammerinstitute.com\/es\/revivir-la-compasion-un-camino-hacia-la-unidad-y-el-entendimiento-en-nuestro-tiempo-2\/\" \/>\n<meta property=\"og:site_name\" content=\"Schellhammer Institute\" \/>\n<meta property=\"article:publisher\" content=\"https:\/\/www.facebook.com\/schellhammerinstitute\" \/>\n<meta property=\"article:modified_time\" content=\"2024-03-08T11:30:18+00:00\" \/>\n<meta property=\"og:image\" content=\"https:\/\/www.schellhammerinstitute.com\/wp-content\/uploads\/iStock-599772226.jpg\" \/>\n\t<meta property=\"og:image:width\" content=\"1254\" \/>\n\t<meta property=\"og:image:height\" content=\"836\" \/>\n\t<meta property=\"og:image:type\" content=\"image\/jpeg\" \/>\n<meta name=\"twitter:card\" content=\"summary_large_image\" \/>\n<meta name=\"twitter:label1\" content=\"Tiempo de lectura\" \/>\n\t<meta name=\"twitter:data1\" content=\"5 minutos\" \/>\n<script type=\"application\/ld+json\" class=\"yoast-schema-graph\">{\"@context\":\"https:\\\/\\\/schema.org\",\"@graph\":[{\"@type\":\"WebPage\",\"@id\":\"https:\\\/\\\/www.schellhammerinstitute.com\\\/reviving-compassion-a-path-to-unity-and-understanding-in-our-time\\\/\",\"url\":\"https:\\\/\\\/www.schellhammerinstitute.com\\\/reviving-compassion-a-path-to-unity-and-understanding-in-our-time\\\/\",\"name\":\"Reviving Compassion: A Path to Unity and Understanding in Our Time. | Schellhammer Institute\",\"isPartOf\":{\"@id\":\"https:\\\/\\\/www.schellhammerinstitute.com\\\/#website\"},\"primaryImageOfPage\":{\"@id\":\"https:\\\/\\\/www.schellhammerinstitute.com\\\/reviving-compassion-a-path-to-unity-and-understanding-in-our-time\\\/#primaryimage\"},\"image\":{\"@id\":\"https:\\\/\\\/www.schellhammerinstitute.com\\\/reviving-compassion-a-path-to-unity-and-understanding-in-our-time\\\/#primaryimage\"},\"thumbnailUrl\":\"https:\\\/\\\/www.schellhammerinstitute.com\\\/wp-content\\\/uploads\\\/iStock-599772226-e1709898014550.jpg\",\"datePublished\":\"2024-03-08T11:26:58+00:00\",\"dateModified\":\"2024-03-08T11:30:18+00:00\",\"description\":\"Explore the profound insights of the Schellhammer Institute's article on reviving compassion, unity, and understanding in modern times. Delve into the critical examination of our society's drift from essential human values, the impact of social media on genuine connections, and the transformative power of embracing fundamental kindness and empathy to foster a harmonious world.\",\"breadcrumb\":{\"@id\":\"https:\\\/\\\/www.schellhammerinstitute.com\\\/reviving-compassion-a-path-to-unity-and-understanding-in-our-time\\\/#breadcrumb\"},\"inLanguage\":\"es\",\"potentialAction\":[{\"@type\":\"ReadAction\",\"target\":[\"https:\\\/\\\/www.schellhammerinstitute.com\\\/reviving-compassion-a-path-to-unity-and-understanding-in-our-time\\\/\"]}]},{\"@type\":\"ImageObject\",\"inLanguage\":\"es\",\"@id\":\"https:\\\/\\\/www.schellhammerinstitute.com\\\/reviving-compassion-a-path-to-unity-and-understanding-in-our-time\\\/#primaryimage\",\"url\":\"https:\\\/\\\/www.schellhammerinstitute.com\\\/wp-content\\\/uploads\\\/iStock-599772226-e1709898014550.jpg\",\"contentUrl\":\"https:\\\/\\\/www.schellhammerinstitute.com\\\/wp-content\\\/uploads\\\/iStock-599772226-e1709898014550.jpg\",\"width\":1254,\"height\":662,\"caption\":\"Holding hands open with glowing lights on dark background\"},{\"@type\":\"BreadcrumbList\",\"@id\":\"https:\\\/\\\/www.schellhammerinstitute.com\\\/reviving-compassion-a-path-to-unity-and-understanding-in-our-time\\\/#breadcrumb\",\"itemListElement\":[{\"@type\":\"ListItem\",\"position\":1,\"name\":\"Home\",\"item\":\"https:\\\/\\\/www.schellhammerinstitute.com\\\/\"},{\"@type\":\"ListItem\",\"position\":2,\"name\":\"Reviving Compassion: A Path to Unity and Understanding in Our Time.\"}]},{\"@type\":\"WebSite\",\"@id\":\"https:\\\/\\\/www.schellhammerinstitute.com\\\/#website\",\"url\":\"https:\\\/\\\/www.schellhammerinstitute.com\\\/\",\"name\":\"Schellhammer Institute\",\"description\":\"We want to change the world for the better\",\"publisher\":{\"@id\":\"https:\\\/\\\/www.schellhammerinstitute.com\\\/#organization\"},\"alternateName\":\"The Schellhamer Institute\",\"potentialAction\":[{\"@type\":\"SearchAction\",\"target\":{\"@type\":\"EntryPoint\",\"urlTemplate\":\"https:\\\/\\\/www.schellhammerinstitute.com\\\/?s={search_term_string}\"},\"query-input\":{\"@type\":\"PropertyValueSpecification\",\"valueRequired\":true,\"valueName\":\"search_term_string\"}}],\"inLanguage\":\"es\"},{\"@type\":\"Organization\",\"@id\":\"https:\\\/\\\/www.schellhammerinstitute.com\\\/#organization\",\"name\":\"Schellhammer Institute\",\"alternateName\":\"Schellhammer Institute\",\"url\":\"https:\\\/\\\/www.schellhammerinstitute.com\\\/\",\"logo\":{\"@type\":\"ImageObject\",\"inLanguage\":\"es\",\"@id\":\"https:\\\/\\\/www.schellhammerinstitute.com\\\/#\\\/schema\\\/logo\\\/image\\\/\",\"url\":\"https:\\\/\\\/www.schellhammerinstitute.com\\\/wp-content\\\/uploads\\\/cropped-4-Photoroom.png\",\"contentUrl\":\"https:\\\/\\\/www.schellhammerinstitute.com\\\/wp-content\\\/uploads\\\/cropped-4-Photoroom.png\",\"width\":902,\"height\":901,\"caption\":\"Schellhammer Institute\"},\"image\":{\"@id\":\"https:\\\/\\\/www.schellhammerinstitute.com\\\/#\\\/schema\\\/logo\\\/image\\\/\"},\"sameAs\":[\"https:\\\/\\\/www.facebook.com\\\/schellhammerinstitute\",\"https:\\\/\\\/www.instagram.com\\\/schellhammerinstitute\",\"https:\\\/\\\/www.linkedin.com\\\/company\\\/schellhammerinstitute\"]}]}<\/script>\n<!-- \/ Yoast SEO plugin. -->","yoast_head_json":{"title":"Reviving Compassion: A Path to Unity and Understanding in Our Time. | Schellhammer Institute","description":"Explore las profundas ideas del art\u00edculo del Instituto Schellhammer sobre la recuperaci\u00f3n de la compasi\u00f3n, la unidad y la comprensi\u00f3n en los tiempos modernos. Profundice en el examen cr\u00edtico del alejamiento de nuestra sociedad de los valores humanos esenciales, el impacto de las redes sociales en las conexiones genuinas y el poder transformador de abrazar la bondad y la empat\u00eda fundamentales para fomentar un mundo armonioso.","robots":{"index":"index","follow":"follow","max-snippet":"max-snippet:-1","max-image-preview":"max-image-preview:large","max-video-preview":"max-video-preview:-1"},"canonical":"https:\/\/www.schellhammerinstitute.com\/es\/revivir-la-compasion-un-camino-hacia-la-unidad-y-el-entendimiento-en-nuestro-tiempo-2\/","og_locale":"es_ES","og_type":"article","og_title":"Reviving Compassion: A Path to Unity and Understanding in Our Time. | Schellhammer Institute","og_description":"Explore the profound insights of the Schellhammer Institute's article on reviving compassion, unity, and understanding in modern times. Delve into the critical examination of our society's drift from essential human values, the impact of social media on genuine connections, and the transformative power of embracing fundamental kindness and empathy to foster a harmonious world.","og_url":"https:\/\/www.schellhammerinstitute.com\/es\/revivir-la-compasion-un-camino-hacia-la-unidad-y-el-entendimiento-en-nuestro-tiempo-2\/","og_site_name":"Schellhammer Institute","article_publisher":"https:\/\/www.facebook.com\/schellhammerinstitute","article_modified_time":"2024-03-08T11:30:18+00:00","og_image":[{"width":1254,"height":836,"url":"https:\/\/www.schellhammerinstitute.com\/wp-content\/uploads\/iStock-599772226.jpg","type":"image\/jpeg"}],"twitter_card":"summary_large_image","twitter_misc":{"Tiempo de lectura":"5 minutos"},"schema":{"@context":"https:\/\/schema.org","@graph":[{"@type":"WebPage","@id":"https:\/\/www.schellhammerinstitute.com\/reviving-compassion-a-path-to-unity-and-understanding-in-our-time\/","url":"https:\/\/www.schellhammerinstitute.com\/reviving-compassion-a-path-to-unity-and-understanding-in-our-time\/","name":"Reviving Compassion: A Path to Unity and Understanding in Our Time. | Schellhammer Institute","isPartOf":{"@id":"https:\/\/www.schellhammerinstitute.com\/#website"},"primaryImageOfPage":{"@id":"https:\/\/www.schellhammerinstitute.com\/reviving-compassion-a-path-to-unity-and-understanding-in-our-time\/#primaryimage"},"image":{"@id":"https:\/\/www.schellhammerinstitute.com\/reviving-compassion-a-path-to-unity-and-understanding-in-our-time\/#primaryimage"},"thumbnailUrl":"https:\/\/www.schellhammerinstitute.com\/wp-content\/uploads\/iStock-599772226-e1709898014550.jpg","datePublished":"2024-03-08T11:26:58+00:00","dateModified":"2024-03-08T11:30:18+00:00","description":"Explore las profundas ideas del art\u00edculo del Instituto Schellhammer sobre la recuperaci\u00f3n de la compasi\u00f3n, la unidad y la comprensi\u00f3n en los tiempos modernos. Profundice en el examen cr\u00edtico del alejamiento de nuestra sociedad de los valores humanos esenciales, el impacto de las redes sociales en las conexiones genuinas y el poder transformador de abrazar la bondad y la empat\u00eda fundamentales para fomentar un mundo armonioso.","breadcrumb":{"@id":"https:\/\/www.schellhammerinstitute.com\/reviving-compassion-a-path-to-unity-and-understanding-in-our-time\/#breadcrumb"},"inLanguage":"es","potentialAction":[{"@type":"ReadAction","target":["https:\/\/www.schellhammerinstitute.com\/reviving-compassion-a-path-to-unity-and-understanding-in-our-time\/"]}]},{"@type":"ImageObject","inLanguage":"es","@id":"https:\/\/www.schellhammerinstitute.com\/reviving-compassion-a-path-to-unity-and-understanding-in-our-time\/#primaryimage","url":"https:\/\/www.schellhammerinstitute.com\/wp-content\/uploads\/iStock-599772226-e1709898014550.jpg","contentUrl":"https:\/\/www.schellhammerinstitute.com\/wp-content\/uploads\/iStock-599772226-e1709898014550.jpg","width":1254,"height":662,"caption":"Holding hands open with glowing lights on dark background"},{"@type":"BreadcrumbList","@id":"https:\/\/www.schellhammerinstitute.com\/reviving-compassion-a-path-to-unity-and-understanding-in-our-time\/#breadcrumb","itemListElement":[{"@type":"ListItem","position":1,"name":"Home","item":"https:\/\/www.schellhammerinstitute.com\/"},{"@type":"ListItem","position":2,"name":"Reviving Compassion: A Path to Unity and Understanding in Our Time."}]},{"@type":"WebSite","@id":"https:\/\/www.schellhammerinstitute.com\/#website","url":"https:\/\/www.schellhammerinstitute.com\/","name":"Instituci\u00f3n Schellhammer","description":"Queremos cambiar el mundo a mejor","publisher":{"@id":"https:\/\/www.schellhammerinstitute.com\/#organization"},"alternateName":"The Schellhamer Institute","potentialAction":[{"@type":"SearchAction","target":{"@type":"EntryPoint","urlTemplate":"https:\/\/www.schellhammerinstitute.com\/?s={search_term_string}"},"query-input":{"@type":"PropertyValueSpecification","valueRequired":true,"valueName":"search_term_string"}}],"inLanguage":"es"},{"@type":"Organization","@id":"https:\/\/www.schellhammerinstitute.com\/#organization","name":"Instituci\u00f3n Schellhammer","alternateName":"Schellhammer Institute","url":"https:\/\/www.schellhammerinstitute.com\/","logo":{"@type":"ImageObject","inLanguage":"es","@id":"https:\/\/www.schellhammerinstitute.com\/#\/schema\/logo\/image\/","url":"https:\/\/www.schellhammerinstitute.com\/wp-content\/uploads\/cropped-4-Photoroom.png","contentUrl":"https:\/\/www.schellhammerinstitute.com\/wp-content\/uploads\/cropped-4-Photoroom.png","width":902,"height":901,"caption":"Schellhammer Institute"},"image":{"@id":"https:\/\/www.schellhammerinstitute.com\/#\/schema\/logo\/image\/"},"sameAs":["https:\/\/www.facebook.com\/schellhammerinstitute","https:\/\/www.instagram.com\/schellhammerinstitute","https:\/\/www.linkedin.com\/company\/schellhammerinstitute"]}]}},"jetpack_sharing_enabled":true,"_links":{"self":[{"href":"https:\/\/www.schellhammerinstitute.com\/es\/wp-json\/wp\/v2\/pages\/14341","targetHints":{"allow":["GET"]}}],"collection":[{"href":"https:\/\/www.schellhammerinstitute.com\/es\/wp-json\/wp\/v2\/pages"}],"about":[{"href":"https:\/\/www.schellhammerinstitute.com\/es\/wp-json\/wp\/v2\/types\/page"}],"author":[{"embeddable":true,"href":"https:\/\/www.schellhammerinstitute.com\/es\/wp-json\/wp\/v2\/users\/5"}],"replies":[{"embeddable":true,"href":"https:\/\/www.schellhammerinstitute.com\/es\/wp-json\/wp\/v2\/comments?post=14341"}],"version-history":[{"count":3,"href":"https:\/\/www.schellhammerinstitute.com\/es\/wp-json\/wp\/v2\/pages\/14341\/revisions"}],"predecessor-version":[{"id":14345,"href":"https:\/\/www.schellhammerinstitute.com\/es\/wp-json\/wp\/v2\/pages\/14341\/revisions\/14345"}],"wp:featuredmedia":[{"embeddable":true,"href":"https:\/\/www.schellhammerinstitute.com\/es\/wp-json\/wp\/v2\/media\/11840"}],"wp:attachment":[{"href":"https:\/\/www.schellhammerinstitute.com\/es\/wp-json\/wp\/v2\/media?parent=14341"}],"curies":[{"name":"wp","href":"https:\/\/api.w.org\/{rel}","templated":true}]}}