{"id":14155,"date":"2024-01-16T15:02:08","date_gmt":"2024-01-16T15:02:08","guid":{"rendered":"https:\/\/www.schellhammerinstitute.com\/politica-de-privacidad\/"},"modified":"2024-01-16T15:02:08","modified_gmt":"2024-01-16T15:02:08","slug":"privacy-policy-2","status":"publish","type":"page","link":"https:\/\/www.schellhammerinstitute.com\/es\/privacy-policy-2\/","title":{"rendered":"pol\u00edtica de privacidad"},"content":{"rendered":"<p style=\"text-align: justify;\"><strong>POL\u00cdTICA DE PROTECCI\u00d3N DE DATOS<\/strong><\/p>\n<p style=\"text-align: justify;\">Para nosotros es muy importante proteger los datos personales recopilados para SCHELLHAMMER INSTITUTE y la privacidad de todos los participantes. Nuestra Pol\u00edtica de Protecci\u00f3n de Datos y Privacidad se crea para cumplir con los requisitos legales y reglamentarios establecidos en la Directiva Europea de Protecci\u00f3n de Datos y las legislaciones nacionales. La implementaci\u00f3n de esas medidas maximizar\u00e1 la protecci\u00f3n de los datos y la privacidad al procesar datos personales y datos comerciales espec\u00edficos relacionados con el individuo.<\/p>\n<p style=\"text-align: justify;\"><strong>DESCARGO DE RESPONSABILIDAD<\/strong><\/p>\n<p style=\"text-align: justify;\">En cumplimiento de la Ley Org\u00e1nica 15\/1999, de 13 de diciembre, de \"Protecci\u00f3n de Datos\", le informamos que los datos personales que nos facilitan en este formulario ser\u00e1n tratados con la exclusiva finalidad de INSTITUTO SCHELLHAMMER, responsable del fichero, finalidades, env\u00edo de publicidad, incluso de terceros, que puedan ser del inter\u00e9s del titular de la informaci\u00f3n. Todos los campos incluidos en el formulario son obligatorios. La negativa a facilitar la informaci\u00f3n supondr\u00e1 la imposibilidad de la relaci\u00f3n vinculante que se pretende con la cumplimentaci\u00f3n de este formulario de solicitud. Toda la informaci\u00f3n ser\u00e1 incluida en un fichero de base de datos automatizado propiedad de SCHELLHAMMER INSTITUTE, C.C. Vasari, 1, Urbanizaci\u00f3n Vasari-Alzambra, 29660 Nueva Andaluc\u00eda, Marbella, Espa\u00f1a. Asimismo, salvo notificaci\u00f3n en contrario, el titular consiente expresamente el tratamiento automatizado, total o parcial, de dicha informaci\u00f3n durante el tiempo que se considere necesario para las finalidades indicadas. En todo caso, el titular de la informaci\u00f3n podr\u00e1 ejercitar su derecho de acceso, oposici\u00f3n, rectificaci\u00f3n y cancelaci\u00f3n, de conformidad con la Legislaci\u00f3n vigente, dirigiendo un escrito a SCHELLHAMMER INSTITUTE a la direcci\u00f3n antes indicada, con la referencia \"Protecci\u00f3n de Datos\". \" y aportando fotocopia de su DNI o equivalente como prueba de su identidad y para que se considere v\u00e1lido, a fin de que el responsable del fichero pueda realizar la debida comprobaci\u00f3n.<\/p>\n<p style=\"text-align: justify;\">","protected":false},"excerpt":{"rendered":"<p>POL\u00cdTICA DE PROTECCI\u00d3N DE DATOS Para nosotros es muy importante proteger los datos personales recopilados para SCHELLHAMMER INSTITUTE y la privacidad de todos los participantes. Our Data Protection and Privacy Policy is created to comply with legal and regulatory requirements established in the European Data Protection Directive and the national legislations. La implementaci\u00f3n de esas [&hellip;]<\/p>\n","protected":false},"author":1,"featured_media":0,"parent":0,"menu_order":0,"comment_status":"closed","ping_status":"closed","template":"template-fullwidth.php","meta":{"saved_in_kubio":false,"footnotes":""},"class_list":["post-14155","page","type-page","status-publish","hentry"],"kubio_ai_page_context":{"short_desc":"","purpose":"general"},"yoast_head":"<!-- This site is optimized with the Yoast SEO plugin v27.3 - https:\/\/yoast.com\/product\/yoast-seo-wordpress\/ -->\n<title>pol\u00edtica de privacidad | Schellhammer Institute<\/title>\n<meta name=\"robots\" content=\"index, follow, max-snippet:-1, max-image-preview:large, max-video-preview:-1\" \/>\n<link rel=\"canonical\" href=\"https:\/\/www.schellhammerinstitute.com\/es\/privacy-policy-2\/\" \/>\n<meta property=\"og:locale\" content=\"es_ES\" \/>\n<meta property=\"og:type\" content=\"article\" \/>\n<meta property=\"og:title\" content=\"pol\u00edtica de privacidad | Schellhammer Institute\" \/>\n<meta property=\"og:description\" content=\"POL\u00cdTICA DE PROTECCI\u00d3N DE DATOS Para nosotros es muy importante proteger los datos personales recopilados para SCHELLHAMMER INSTITUTE y la privacidad de todos los participantes. Our Data Protection and Privacy Policy is created to comply with legal and regulatory requirements established in the European Data Protection Directive and the national legislations. La implementaci\u00f3n de esas [&hellip;]\" \/>\n<meta property=\"og:url\" content=\"https:\/\/www.schellhammerinstitute.com\/es\/privacy-policy-2\/\" \/>\n<meta property=\"og:site_name\" content=\"Schellhammer Institute\" \/>\n<meta property=\"article:publisher\" content=\"https:\/\/www.facebook.com\/schellhammerinstitute\" \/>\n<meta property=\"og:image\" content=\"https:\/\/www.schellhammerinstitute.com\/wp-content\/uploads\/Schellhammer-LOGO-FINAL-high-quality-FINAL.pdf-4.webp\" \/>\n\t<meta property=\"og:image:width\" content=\"1357\" \/>\n\t<meta property=\"og:image:height\" content=\"1920\" \/>\n\t<meta property=\"og:image:type\" content=\"image\/webp\" \/>\n<meta name=\"twitter:card\" content=\"summary_large_image\" \/>\n<meta name=\"twitter:label1\" content=\"Tiempo de lectura\" \/>\n\t<meta name=\"twitter:data1\" content=\"2 minutos\" \/>\n<script type=\"application\/ld+json\" class=\"yoast-schema-graph\">{\"@context\":\"https:\\\/\\\/schema.org\",\"@graph\":[{\"@type\":\"WebPage\",\"@id\":\"https:\\\/\\\/www.schellhammerinstitute.com\\\/politica-de-privacidad\\\/\",\"url\":\"https:\\\/\\\/www.schellhammerinstitute.com\\\/politica-de-privacidad\\\/\",\"name\":\"pol\u00edtica de privacidad | Schellhammer Institute\",\"isPartOf\":{\"@id\":\"https:\\\/\\\/www.schellhammerinstitute.com\\\/#website\"},\"datePublished\":\"2024-01-16T15:02:08+00:00\",\"breadcrumb\":{\"@id\":\"https:\\\/\\\/www.schellhammerinstitute.com\\\/politica-de-privacidad\\\/#breadcrumb\"},\"inLanguage\":\"es\",\"potentialAction\":[{\"@type\":\"ReadAction\",\"target\":[\"https:\\\/\\\/www.schellhammerinstitute.com\\\/politica-de-privacidad\\\/\"]}]},{\"@type\":\"BreadcrumbList\",\"@id\":\"https:\\\/\\\/www.schellhammerinstitute.com\\\/politica-de-privacidad\\\/#breadcrumb\",\"itemListElement\":[{\"@type\":\"ListItem\",\"position\":1,\"name\":\"Home\",\"item\":\"https:\\\/\\\/www.schellhammerinstitute.com\\\/\"},{\"@type\":\"ListItem\",\"position\":2,\"name\":\"pol\u00edtica de privacidad\"}]},{\"@type\":\"WebSite\",\"@id\":\"https:\\\/\\\/www.schellhammerinstitute.com\\\/#website\",\"url\":\"https:\\\/\\\/www.schellhammerinstitute.com\\\/\",\"name\":\"Schellhammer Institute\",\"description\":\"We want to change the world for the better\",\"publisher\":{\"@id\":\"https:\\\/\\\/www.schellhammerinstitute.com\\\/#organization\"},\"alternateName\":\"The Schellhamer Institute\",\"potentialAction\":[{\"@type\":\"SearchAction\",\"target\":{\"@type\":\"EntryPoint\",\"urlTemplate\":\"https:\\\/\\\/www.schellhammerinstitute.com\\\/?s={search_term_string}\"},\"query-input\":{\"@type\":\"PropertyValueSpecification\",\"valueRequired\":true,\"valueName\":\"search_term_string\"}}],\"inLanguage\":\"es\"},{\"@type\":\"Organization\",\"@id\":\"https:\\\/\\\/www.schellhammerinstitute.com\\\/#organization\",\"name\":\"Schellhammer Institute\",\"alternateName\":\"Schellhammer Institute\",\"url\":\"https:\\\/\\\/www.schellhammerinstitute.com\\\/\",\"logo\":{\"@type\":\"ImageObject\",\"inLanguage\":\"es\",\"@id\":\"https:\\\/\\\/www.schellhammerinstitute.com\\\/#\\\/schema\\\/logo\\\/image\\\/\",\"url\":\"https:\\\/\\\/www.schellhammerinstitute.com\\\/wp-content\\\/uploads\\\/cropped-4-Photoroom.png\",\"contentUrl\":\"https:\\\/\\\/www.schellhammerinstitute.com\\\/wp-content\\\/uploads\\\/cropped-4-Photoroom.png\",\"width\":902,\"height\":901,\"caption\":\"Schellhammer Institute\"},\"image\":{\"@id\":\"https:\\\/\\\/www.schellhammerinstitute.com\\\/#\\\/schema\\\/logo\\\/image\\\/\"},\"sameAs\":[\"https:\\\/\\\/www.facebook.com\\\/schellhammerinstitute\",\"https:\\\/\\\/www.instagram.com\\\/schellhammerinstitute\",\"https:\\\/\\\/www.linkedin.com\\\/company\\\/schellhammerinstitute\"]}]}<\/script>\n<!-- \/ Yoast SEO plugin. -->","yoast_head_json":{"title":"pol\u00edtica de privacidad | Schellhammer Institute","robots":{"index":"index","follow":"follow","max-snippet":"max-snippet:-1","max-image-preview":"max-image-preview:large","max-video-preview":"max-video-preview:-1"},"canonical":"https:\/\/www.schellhammerinstitute.com\/es\/privacy-policy-2\/","og_locale":"es_ES","og_type":"article","og_title":"pol\u00edtica de privacidad | Schellhammer Institute","og_description":"POL\u00cdTICA DE PROTECCI\u00d3N DE DATOS Para nosotros es muy importante proteger los datos personales recopilados para SCHELLHAMMER INSTITUTE y la privacidad de todos los participantes. Our Data Protection and Privacy Policy is created to comply with legal and regulatory requirements established in the European Data Protection Directive and the national legislations. La implementaci\u00f3n de esas [&hellip;]","og_url":"https:\/\/www.schellhammerinstitute.com\/es\/privacy-policy-2\/","og_site_name":"Schellhammer Institute","article_publisher":"https:\/\/www.facebook.com\/schellhammerinstitute","og_image":[{"width":1357,"height":1920,"url":"https:\/\/www.schellhammerinstitute.com\/wp-content\/uploads\/Schellhammer-LOGO-FINAL-high-quality-FINAL.pdf-4.webp","type":"image\/webp"}],"twitter_card":"summary_large_image","twitter_misc":{"Tiempo de lectura":"2 minutos"},"schema":{"@context":"https:\/\/schema.org","@graph":[{"@type":"WebPage","@id":"https:\/\/www.schellhammerinstitute.com\/politica-de-privacidad\/","url":"https:\/\/www.schellhammerinstitute.com\/politica-de-privacidad\/","name":"pol\u00edtica de privacidad | Schellhammer Institute","isPartOf":{"@id":"https:\/\/www.schellhammerinstitute.com\/#website"},"datePublished":"2024-01-16T15:02:08+00:00","breadcrumb":{"@id":"https:\/\/www.schellhammerinstitute.com\/politica-de-privacidad\/#breadcrumb"},"inLanguage":"es","potentialAction":[{"@type":"ReadAction","target":["https:\/\/www.schellhammerinstitute.com\/politica-de-privacidad\/"]}]},{"@type":"BreadcrumbList","@id":"https:\/\/www.schellhammerinstitute.com\/politica-de-privacidad\/#breadcrumb","itemListElement":[{"@type":"ListItem","position":1,"name":"Home","item":"https:\/\/www.schellhammerinstitute.com\/"},{"@type":"ListItem","position":2,"name":"pol\u00edtica de privacidad"}]},{"@type":"WebSite","@id":"https:\/\/www.schellhammerinstitute.com\/#website","url":"https:\/\/www.schellhammerinstitute.com\/","name":"Instituci\u00f3n Schellhammer","description":"Queremos cambiar el mundo a mejor","publisher":{"@id":"https:\/\/www.schellhammerinstitute.com\/#organization"},"alternateName":"The Schellhamer Institute","potentialAction":[{"@type":"SearchAction","target":{"@type":"EntryPoint","urlTemplate":"https:\/\/www.schellhammerinstitute.com\/?s={search_term_string}"},"query-input":{"@type":"PropertyValueSpecification","valueRequired":true,"valueName":"search_term_string"}}],"inLanguage":"es"},{"@type":"Organization","@id":"https:\/\/www.schellhammerinstitute.com\/#organization","name":"Instituci\u00f3n Schellhammer","alternateName":"Schellhammer Institute","url":"https:\/\/www.schellhammerinstitute.com\/","logo":{"@type":"ImageObject","inLanguage":"es","@id":"https:\/\/www.schellhammerinstitute.com\/#\/schema\/logo\/image\/","url":"https:\/\/www.schellhammerinstitute.com\/wp-content\/uploads\/cropped-4-Photoroom.png","contentUrl":"https:\/\/www.schellhammerinstitute.com\/wp-content\/uploads\/cropped-4-Photoroom.png","width":902,"height":901,"caption":"Schellhammer Institute"},"image":{"@id":"https:\/\/www.schellhammerinstitute.com\/#\/schema\/logo\/image\/"},"sameAs":["https:\/\/www.facebook.com\/schellhammerinstitute","https:\/\/www.instagram.com\/schellhammerinstitute","https:\/\/www.linkedin.com\/company\/schellhammerinstitute"]}]}},"jetpack_sharing_enabled":true,"_links":{"self":[{"href":"https:\/\/www.schellhammerinstitute.com\/es\/wp-json\/wp\/v2\/pages\/14155","targetHints":{"allow":["GET"]}}],"collection":[{"href":"https:\/\/www.schellhammerinstitute.com\/es\/wp-json\/wp\/v2\/pages"}],"about":[{"href":"https:\/\/www.schellhammerinstitute.com\/es\/wp-json\/wp\/v2\/types\/page"}],"author":[{"embeddable":true,"href":"https:\/\/www.schellhammerinstitute.com\/es\/wp-json\/wp\/v2\/users\/1"}],"replies":[{"embeddable":true,"href":"https:\/\/www.schellhammerinstitute.com\/es\/wp-json\/wp\/v2\/comments?post=14155"}],"version-history":[{"count":0,"href":"https:\/\/www.schellhammerinstitute.com\/es\/wp-json\/wp\/v2\/pages\/14155\/revisions"}],"wp:attachment":[{"href":"https:\/\/www.schellhammerinstitute.com\/es\/wp-json\/wp\/v2\/media?parent=14155"}],"curies":[{"name":"wp","href":"https:\/\/api.w.org\/{rel}","templated":true}]}}