{"id":14104,"date":"2024-01-15T15:10:30","date_gmt":"2024-01-15T15:10:30","guid":{"rendered":"https:\/\/www.schellhammerinstitute.com\/?page_id=14104"},"modified":"2024-01-17T15:40:30","modified_gmt":"2024-01-17T15:40:30","slug":"perfil-personal-2","status":"publish","type":"page","link":"https:\/\/www.schellhammerinstitute.com\/es\/perfil-personal-2\/","title":{"rendered":"PERFIL PERSONAL"},"content":{"rendered":"<h1>CUALIFICACIONES<\/h1>\n<ul>\n<li>Lic. Psicolog\u00eda, Antropolog\u00eda Filos\u00f3fica, Pedagog\u00eda Te\u00f3rica y Estad\u00edstica: 1970-1973 (Universidades de Friburgo y Kiel)<\/li>\n<\/ul>\n<ul>\n<li>Doctorado en Pedagog\u00eda, Psicolog\u00eda y Filosof\u00eda: -1975 (Universidad de Z\u00farich)<\/li>\n<\/ul>\n<h2>OTRAS CUALIFICACIONES<\/h2>\n<p>Particip\u00e9 en varios programas internacionales sobre diferentes temas y fui un practicante reconocido en las \u00e1reas de medicina natural, psiconatolog\u00eda, medicina natural, meditaci\u00f3n, traumatolog\u00eda, energ\u00eda ps\u00edquica e insomnio.<\/p>\n<ul>\n<li>Bioinformaci\u00f3n: Enero 1992 (Europ\u00e4ische Akademie f\u00fcr Naturheilkunde)<\/li>\n<\/ul>\n<ul>\n<li>Master en Psiconaturolog\u00eda: Abril 1992 (Sociedad Espa\u00f1ola de Medicina Holistica)<\/li>\n<\/ul>\n<ul>\n<li>Diplomado en Psiconaturolog\u00eda: Mai 1992 (F.E.D.I.N.E)<\/li>\n<\/ul>\n<ul>\n<li>Parapsychologie und mentale Techniken: Oktober 1992 (Instituto Hispanoamericano de Parapsicolog\u00eda de Barcelona)<\/li>\n<\/ul>\n<ul>\n<li>Traditionelle Medizin und alternative Hygienetechniken, noviembre 1992 (Universidad Nacional del Amazonas - Madrid)<\/li>\n<\/ul>\n<ul>\n<li>Lizenz Naturheilkunde: Juni 1993 (La Universidad de las Am\u00e9ricas)<\/li>\n<\/ul>\n<h1>BERUFSERFAHRUNG<\/h1>\n<h2>Director y Presidente de la Escuela de Negocios Schellhammer (SBS) y del Instituto Schellhammer (SI) (fundado en 2009)<\/h2>\n<p>SBS es un grupo internacional de formaci\u00f3n, financiado de forma privada y sin l\u00edmite de cr\u00e9ditos, con sede en Espa\u00f1a, que ofrece una amplia variedad de programas de grado, estudios y m\u00e1steres que se basan en conceptos evolutivos para la creaci\u00f3n de empresas sostenibles, una nueva generaci\u00f3n de directivos basada en el desarrollo arquet\u00edpico y una nueva perspectiva de la vida humana.<\/p>\n<p>SI ofrece un Programa Global para el Nuevo Liderazgo, as\u00ed como una gran variedad de cursos y talleres locales, con el fin de abordar las cuestiones fundamentales de la humanidad, todo ello con un objetivo claro: \"Fortalecer la humanidad, fomentar el desarrollo humano y reducir el cambio clim\u00e1tico\".<\/p>\n<h2>Life- und Business-Coaching-Praxis, Espa\u00f1a (1988-2011)<\/h2>\n<p>Con 80 % de los \u00e9xitos o fracasos de la mayor\u00eda de las empresas en factores psicol\u00f3gicos, he ofrecido a m\u00e1s de 1.000 clientes satisfechos coaching empresarial y personal, y a mis hijos la presentaci\u00f3n de estrategias de gesti\u00f3n y el desarrollo de sus propias empresas.<\/p>\n<h2>Psychotherapeutische Praxis, Z\u00fcrich, Schweiz (1978-1988)<\/h2>\n<p>Dirigi\u00f3 y dirigi\u00f3 una pr\u00f3spera cl\u00ednica psicoterap\u00e9utica y una escuela de desarrollo personal (en colaboraci\u00f3n con una cl\u00ednica psiqui\u00e1trica), con m\u00e1s de 1.500 clientes y estudiantes.<\/p>\n<h2>Profesor asistente en la Universidad de Z\u00farich (1973-1978)<\/h2>\n<p>He cursado en la Universidad de Z\u00farich \"Metodolog\u00eda de las Ciencias Sociales\" (incluyendo Estad\u00edstica y Programaci\u00f3n) e \"Innovaci\u00f3n en la Educaci\u00f3n\"; Psicopatolog\u00eda y Pedagog\u00eda en varias universidades, entre ellas la Roten Kreuz, la Krankenhausschule f\u00fcr Krankenhausmanager y la Schule f\u00fcr Heilp\u00e4dagogik.<\/p>\n<h2>Mi visi\u00f3n y mi misi\u00f3n<\/h2>\n<p>Mi trauma es el resultado de m\u00e1s de 50 a\u00f1os de experiencia y estudios acad\u00e9micos. Esto me llev\u00f3 a la conclusi\u00f3n personal de que hoy en d\u00eda todo el mundo debe tener un gran sentido de la responsabilidad, para que la sociedad, con la ayuda adecuada, pueda desarrollarse, para fomentar una humanidad m\u00e1s fuerte, en la que el ser humano se sienta atra\u00eddo por sus m\u00faltiples mundos interiores y su existencia en este planeta, de modo que la creaci\u00f3n de un mundo m\u00e1s justo, con una naturaleza completa, con lo que somos y lo que nos rodea, sea posible. Por otra parte, deseo un futuro en el que aprendamos a respetarnos a nosotros mismos y conozcamos los secretos que la naturaleza nos ha dado para aprender y desarrollar nuestros propios grandes valores interiores.<\/p>\n<p>Dar\u00fcber hinaus ist es meine Vision, dass, wenn sich die Welt t\u00e4glich, und sei es auch nur f\u00fcr einen Moment, in einem vereinten mentalen Ruf nach Frieden und Harmonie vereint, dieser Tsunami mentaler Kraft die Welt in ihren Grundfesten ersch\u00fcttert und ein systemischen Wandel bewirken w\u00fcrde, der nicht politisch ist Macht h\u00e4tte die F\u00e4higkeit, festzuhalten. Este es mi sue\u00f1o y mi visi\u00f3n para la creaci\u00f3n del Instituto Schellahmmer.<\/p>\n<h2>Mis experiencias y logros personales<\/h2>\n<p>Ich glaube, dass wir alle auf diese Welt gekommen sind, um unser Inneres zu entdecken, die riesige Welt, die uns umgibt und uns n\u00e4hrt. Esto significa que tenemos que esforzarnos para manejarnos con precisi\u00f3n y cumplir con nuestro deber personal en nuestra mente, nuestro cuerpo y nuestra vida. Wir haben die Wahl, zu handeln und uns weiterzuentwickeln oder unsere Berufung zu ignorieren und zu stagnieren. Ich bin pers\u00f6nlich davon \u00fcberzeugt, dass dieser Entdeckungsweg ein kontinuierlicher lebenslanger Prozess ist. El objetivo \u00faltimo de esta evoluci\u00f3n es ampliar nuestra existencia en el mundo, que es el mundo en el que vivimos.<\/p>\n<p>En primer lugar, me interesa la importancia de la b\u00fasqueda de uno mismo, de la autogesti\u00f3n y del aprendizaje permanente. Esta es la raz\u00f3n por la que cada experiencia es una oportunidad para aprender, conocer a la persona y aprender de los errores posibles y equivocados que he cometido en mi viaje. La reflexi\u00f3n personal constante es indispensable para convertirse en una persona mejor y para comprender a los dem\u00e1s en su conjunto.<\/p>\n<h2>Methodik<\/h2>\n<p>Me baso en esta visi\u00f3n y en estas aspiraciones para intentar compartir mis conocimientos adquiridos sobre una forma de comunicaci\u00f3n abierta con un gran n\u00famero de personas. La educaci\u00f3n es la base de todo lo que yo, como ser humano din\u00e1mico, quiero hacer. Por lo tanto, se trata de un proceso en cuyo transcurso se produce un cambio, que yo percibo como un impacto en el conjunto de la humanidad y, por lo tanto, como un punto de referencia decisivo en la sociedad para este cambio evolutivo positivo.<\/p>","protected":false},"excerpt":{"rendered":"<p>QUALIFIKATIONEN Lic. Psychologie, Philosophische Anthropologie, Theoretische P\u00e4dagogik und Statistik: 1970-1973 (Universit\u00e4t Freiburg und Kiel) Ph.D. P\u00e4dagogik, Psychologie und Philosophie: -1975 (Universit\u00e4t Z\u00fcrich) WEITERE QUALIFIKATIONEN Ich nahm an zahlreichen weltweiten Programmen zu verschiedenen Themen teil und wurde ein anerkannter Praktiker in den Bereichen Naturmedizin, Psychonaturologie, Naturheilkunde, Meditation, Traumdeutung, psychische Energie und Unbewusstes. Bioinformation: Januar 1992 (Europ\u00e4ische [&hellip;]<\/p>\n","protected":false},"author":5,"featured_media":14116,"parent":0,"menu_order":0,"comment_status":"closed","ping_status":"closed","template":"","meta":{"saved_in_kubio":false,"footnotes":""},"class_list":["post-14104","page","type-page","status-publish","has-post-thumbnail","hentry"],"kubio_ai_page_context":{"short_desc":"","purpose":"general"},"yoast_head":"<!-- This site is optimized with the Yoast SEO plugin v27.5 - https:\/\/yoast.com\/product\/yoast-seo-wordpress\/ -->\n<title>PERS\u00d6NLICHES PROFIL | Schellhammer Institute<\/title>\n<meta name=\"description\" content=\"Dr. Schellhammers Akkreditierung, umfangreiche Berufserfahrung im Bereich Psychologie, Philosophie und anderen Bereichen sowie seine \u00dcberzeugungen.\" \/>\n<meta name=\"robots\" content=\"index, follow, max-snippet:-1, max-image-preview:large, max-video-preview:-1\" \/>\n<link rel=\"canonical\" href=\"https:\/\/www.schellhammerinstitute.com\/es\/perfil-personal-2\/\" \/>\n<meta property=\"og:locale\" content=\"es_ES\" \/>\n<meta property=\"og:type\" content=\"article\" \/>\n<meta property=\"og:title\" content=\"PERS\u00d6NLICHES PROFIL | Schellhammer Institute\" \/>\n<meta property=\"og:description\" content=\"Dr. Schellhammers Akkreditierung, umfangreiche Berufserfahrung im Bereich Psychologie, Philosophie und anderen Bereichen sowie seine \u00dcberzeugungen.\" \/>\n<meta property=\"og:url\" content=\"https:\/\/www.schellhammerinstitute.com\/es\/perfil-personal-2\/\" \/>\n<meta property=\"og:site_name\" content=\"Schellhammer Institute\" \/>\n<meta property=\"article:publisher\" content=\"https:\/\/www.facebook.com\/schellhammerinstitute\" \/>\n<meta property=\"article:modified_time\" content=\"2024-01-17T15:40:30+00:00\" \/>\n<meta property=\"og:image\" content=\"https:\/\/www.schellhammerinstitute.com\/wp-content\/uploads\/DEDICATED-TO-FREEING-HUMANITY.-2.png\" \/>\n\t<meta property=\"og:image:width\" content=\"2000\" \/>\n\t<meta property=\"og:image:height\" content=\"800\" \/>\n\t<meta property=\"og:image:type\" content=\"image\/png\" \/>\n<meta name=\"twitter:card\" content=\"summary_large_image\" \/>\n<meta name=\"twitter:label1\" content=\"Tiempo de lectura\" \/>\n\t<meta name=\"twitter:data1\" content=\"4 minutos\" \/>\n<script type=\"application\/ld+json\" class=\"yoast-schema-graph\">{\"@context\":\"https:\\\/\\\/schema.org\",\"@graph\":[{\"@type\":\"WebPage\",\"@id\":\"https:\\\/\\\/www.schellhammerinstitute.com\\\/de\\\/personal-profile\\\/\",\"url\":\"https:\\\/\\\/www.schellhammerinstitute.com\\\/de\\\/personal-profile\\\/\",\"name\":\"PERS\u00d6NLICHES PROFIL | Schellhammer Institute\",\"isPartOf\":{\"@id\":\"https:\\\/\\\/www.schellhammerinstitute.com\\\/#website\"},\"primaryImageOfPage\":{\"@id\":\"https:\\\/\\\/www.schellhammerinstitute.com\\\/de\\\/personal-profile\\\/#primaryimage\"},\"image\":{\"@id\":\"https:\\\/\\\/www.schellhammerinstitute.com\\\/de\\\/personal-profile\\\/#primaryimage\"},\"thumbnailUrl\":\"https:\\\/\\\/www.schellhammerinstitute.com\\\/wp-content\\\/uploads\\\/DEDICATED-TO-FREEING-HUMANITY.-2.png\",\"datePublished\":\"2024-01-15T15:10:30+00:00\",\"dateModified\":\"2024-01-17T15:40:30+00:00\",\"description\":\"Dr. Schellhammers Akkreditierung, umfangreiche Berufserfahrung im Bereich Psychologie, Philosophie und anderen Bereichen sowie seine \u00dcberzeugungen.\",\"breadcrumb\":{\"@id\":\"https:\\\/\\\/www.schellhammerinstitute.com\\\/de\\\/personal-profile\\\/#breadcrumb\"},\"inLanguage\":\"es\",\"potentialAction\":[{\"@type\":\"ReadAction\",\"target\":[\"https:\\\/\\\/www.schellhammerinstitute.com\\\/de\\\/personal-profile\\\/\"]}]},{\"@type\":\"ImageObject\",\"inLanguage\":\"es\",\"@id\":\"https:\\\/\\\/www.schellhammerinstitute.com\\\/de\\\/personal-profile\\\/#primaryimage\",\"url\":\"https:\\\/\\\/www.schellhammerinstitute.com\\\/wp-content\\\/uploads\\\/DEDICATED-TO-FREEING-HUMANITY.-2.png\",\"contentUrl\":\"https:\\\/\\\/www.schellhammerinstitute.com\\\/wp-content\\\/uploads\\\/DEDICATED-TO-FREEING-HUMANITY.-2.png\",\"width\":2000,\"height\":800},{\"@type\":\"BreadcrumbList\",\"@id\":\"https:\\\/\\\/www.schellhammerinstitute.com\\\/de\\\/personal-profile\\\/#breadcrumb\",\"itemListElement\":[{\"@type\":\"ListItem\",\"position\":1,\"name\":\"Home\",\"item\":\"https:\\\/\\\/www.schellhammerinstitute.com\\\/\"},{\"@type\":\"ListItem\",\"position\":2,\"name\":\"PERS\u00d6NLICHES PROFIL\"}]},{\"@type\":\"WebSite\",\"@id\":\"https:\\\/\\\/www.schellhammerinstitute.com\\\/#website\",\"url\":\"https:\\\/\\\/www.schellhammerinstitute.com\\\/\",\"name\":\"Schellhammer Institute\",\"description\":\"We want to change the world for the better\",\"publisher\":{\"@id\":\"https:\\\/\\\/www.schellhammerinstitute.com\\\/#organization\"},\"alternateName\":\"The Schellhamer Institute\",\"potentialAction\":[{\"@type\":\"SearchAction\",\"target\":{\"@type\":\"EntryPoint\",\"urlTemplate\":\"https:\\\/\\\/www.schellhammerinstitute.com\\\/?s={search_term_string}\"},\"query-input\":{\"@type\":\"PropertyValueSpecification\",\"valueRequired\":true,\"valueName\":\"search_term_string\"}}],\"inLanguage\":\"es\"},{\"@type\":\"Organization\",\"@id\":\"https:\\\/\\\/www.schellhammerinstitute.com\\\/#organization\",\"name\":\"Schellhammer Institute\",\"alternateName\":\"Schellhammer Institute\",\"url\":\"https:\\\/\\\/www.schellhammerinstitute.com\\\/\",\"logo\":{\"@type\":\"ImageObject\",\"inLanguage\":\"es\",\"@id\":\"https:\\\/\\\/www.schellhammerinstitute.com\\\/#\\\/schema\\\/logo\\\/image\\\/\",\"url\":\"https:\\\/\\\/www.schellhammerinstitute.com\\\/wp-content\\\/uploads\\\/cropped-4-Photoroom.png\",\"contentUrl\":\"https:\\\/\\\/www.schellhammerinstitute.com\\\/wp-content\\\/uploads\\\/cropped-4-Photoroom.png\",\"width\":902,\"height\":901,\"caption\":\"Schellhammer Institute\"},\"image\":{\"@id\":\"https:\\\/\\\/www.schellhammerinstitute.com\\\/#\\\/schema\\\/logo\\\/image\\\/\"},\"sameAs\":[\"https:\\\/\\\/www.facebook.com\\\/schellhammerinstitute\",\"https:\\\/\\\/www.instagram.com\\\/schellhammerinstitute\",\"https:\\\/\\\/www.linkedin.com\\\/company\\\/schellhammerinstitute\"]}]}<\/script>\n<!-- \/ Yoast SEO plugin. -->","yoast_head_json":{"title":"PERS\u00d6NLICHES PROFIL | Schellhammer Institute","description":"Acreditaci\u00f3n del Dr. Schellhammer, amplia experiencia profesional en los campos de la psicolog\u00eda, la filosof\u00eda y otros \u00e1mbitos, as\u00ed como sus logros.","robots":{"index":"index","follow":"follow","max-snippet":"max-snippet:-1","max-image-preview":"max-image-preview:large","max-video-preview":"max-video-preview:-1"},"canonical":"https:\/\/www.schellhammerinstitute.com\/es\/perfil-personal-2\/","og_locale":"es_ES","og_type":"article","og_title":"PERS\u00d6NLICHES PROFIL | Schellhammer Institute","og_description":"Dr. Schellhammers Akkreditierung, umfangreiche Berufserfahrung im Bereich Psychologie, Philosophie und anderen Bereichen sowie seine \u00dcberzeugungen.","og_url":"https:\/\/www.schellhammerinstitute.com\/es\/perfil-personal-2\/","og_site_name":"Schellhammer Institute","article_publisher":"https:\/\/www.facebook.com\/schellhammerinstitute","article_modified_time":"2024-01-17T15:40:30+00:00","og_image":[{"width":2000,"height":800,"url":"https:\/\/www.schellhammerinstitute.com\/wp-content\/uploads\/DEDICATED-TO-FREEING-HUMANITY.-2.png","type":"image\/png"}],"twitter_card":"summary_large_image","twitter_misc":{"Tiempo de lectura":"4 minutos"},"schema":{"@context":"https:\/\/schema.org","@graph":[{"@type":"WebPage","@id":"https:\/\/www.schellhammerinstitute.com\/de\/personal-profile\/","url":"https:\/\/www.schellhammerinstitute.com\/de\/personal-profile\/","name":"PERS\u00d6NLICHES PROFIL | Schellhammer Institute","isPartOf":{"@id":"https:\/\/www.schellhammerinstitute.com\/#website"},"primaryImageOfPage":{"@id":"https:\/\/www.schellhammerinstitute.com\/de\/personal-profile\/#primaryimage"},"image":{"@id":"https:\/\/www.schellhammerinstitute.com\/de\/personal-profile\/#primaryimage"},"thumbnailUrl":"https:\/\/www.schellhammerinstitute.com\/wp-content\/uploads\/DEDICATED-TO-FREEING-HUMANITY.-2.png","datePublished":"2024-01-15T15:10:30+00:00","dateModified":"2024-01-17T15:40:30+00:00","description":"Acreditaci\u00f3n del Dr. Schellhammer, amplia experiencia profesional en los campos de la psicolog\u00eda, la filosof\u00eda y otros \u00e1mbitos, as\u00ed como sus logros.","breadcrumb":{"@id":"https:\/\/www.schellhammerinstitute.com\/de\/personal-profile\/#breadcrumb"},"inLanguage":"es","potentialAction":[{"@type":"ReadAction","target":["https:\/\/www.schellhammerinstitute.com\/de\/personal-profile\/"]}]},{"@type":"ImageObject","inLanguage":"es","@id":"https:\/\/www.schellhammerinstitute.com\/de\/personal-profile\/#primaryimage","url":"https:\/\/www.schellhammerinstitute.com\/wp-content\/uploads\/DEDICATED-TO-FREEING-HUMANITY.-2.png","contentUrl":"https:\/\/www.schellhammerinstitute.com\/wp-content\/uploads\/DEDICATED-TO-FREEING-HUMANITY.-2.png","width":2000,"height":800},{"@type":"BreadcrumbList","@id":"https:\/\/www.schellhammerinstitute.com\/de\/personal-profile\/#breadcrumb","itemListElement":[{"@type":"ListItem","position":1,"name":"Home","item":"https:\/\/www.schellhammerinstitute.com\/"},{"@type":"ListItem","position":2,"name":"PERS\u00d6NLICHES PROFIL"}]},{"@type":"WebSite","@id":"https:\/\/www.schellhammerinstitute.com\/#website","url":"https:\/\/www.schellhammerinstitute.com\/","name":"Instituci\u00f3n Schellhammer","description":"Queremos cambiar el mundo a mejor","publisher":{"@id":"https:\/\/www.schellhammerinstitute.com\/#organization"},"alternateName":"The Schellhamer Institute","potentialAction":[{"@type":"SearchAction","target":{"@type":"EntryPoint","urlTemplate":"https:\/\/www.schellhammerinstitute.com\/?s={search_term_string}"},"query-input":{"@type":"PropertyValueSpecification","valueRequired":true,"valueName":"search_term_string"}}],"inLanguage":"es"},{"@type":"Organization","@id":"https:\/\/www.schellhammerinstitute.com\/#organization","name":"Instituci\u00f3n Schellhammer","alternateName":"Schellhammer Institute","url":"https:\/\/www.schellhammerinstitute.com\/","logo":{"@type":"ImageObject","inLanguage":"es","@id":"https:\/\/www.schellhammerinstitute.com\/#\/schema\/logo\/image\/","url":"https:\/\/www.schellhammerinstitute.com\/wp-content\/uploads\/cropped-4-Photoroom.png","contentUrl":"https:\/\/www.schellhammerinstitute.com\/wp-content\/uploads\/cropped-4-Photoroom.png","width":902,"height":901,"caption":"Schellhammer Institute"},"image":{"@id":"https:\/\/www.schellhammerinstitute.com\/#\/schema\/logo\/image\/"},"sameAs":["https:\/\/www.facebook.com\/schellhammerinstitute","https:\/\/www.instagram.com\/schellhammerinstitute","https:\/\/www.linkedin.com\/company\/schellhammerinstitute"]}]}},"jetpack_sharing_enabled":true,"_links":{"self":[{"href":"https:\/\/www.schellhammerinstitute.com\/es\/wp-json\/wp\/v2\/pages\/14104","targetHints":{"allow":["GET"]}}],"collection":[{"href":"https:\/\/www.schellhammerinstitute.com\/es\/wp-json\/wp\/v2\/pages"}],"about":[{"href":"https:\/\/www.schellhammerinstitute.com\/es\/wp-json\/wp\/v2\/types\/page"}],"author":[{"embeddable":true,"href":"https:\/\/www.schellhammerinstitute.com\/es\/wp-json\/wp\/v2\/users\/5"}],"replies":[{"embeddable":true,"href":"https:\/\/www.schellhammerinstitute.com\/es\/wp-json\/wp\/v2\/comments?post=14104"}],"version-history":[{"count":5,"href":"https:\/\/www.schellhammerinstitute.com\/es\/wp-json\/wp\/v2\/pages\/14104\/revisions"}],"predecessor-version":[{"id":14195,"href":"https:\/\/www.schellhammerinstitute.com\/es\/wp-json\/wp\/v2\/pages\/14104\/revisions\/14195"}],"wp:featuredmedia":[{"embeddable":true,"href":"https:\/\/www.schellhammerinstitute.com\/es\/wp-json\/wp\/v2\/media\/14116"}],"wp:attachment":[{"href":"https:\/\/www.schellhammerinstitute.com\/es\/wp-json\/wp\/v2\/media?parent=14104"}],"curies":[{"name":"wp","href":"https:\/\/api.w.org\/{rel}","templated":true}]}}