{"id":13751,"date":"2024-01-09T09:05:28","date_gmt":"2024-01-09T09:05:28","guid":{"rendered":"https:\/\/www.schellhammerinstitute.com\/more-recent-publications\/"},"modified":"2024-01-09T09:14:11","modified_gmt":"2024-01-09T09:14:11","slug":"publicaciones-mas-recientes","status":"publish","type":"page","link":"https:\/\/www.schellhammerinstitute.com\/es\/publicaciones-mas-recientes\/","title":{"rendered":"PUBLICACIONES M\u00c1S RECIENTES"},"content":{"rendered":"<p><img decoding=\"async\" class=\"wp-image-11716 alignleft\" src=\"https:\/\/www.schellhammerinstitute.com\/wp-content\/uploads\/cropped-logo.png\" alt=\"Instituci\u00f3n Schellhammer\" width=\"107\" height=\"115\" \/>Los libros del Dr. Schellahmmer ofrecen contenidos pioneros y nuevas formas de pensar que abarcan temas como la formaci\u00f3n de la mente, el desarrollo personal, los valores humanos, la evoluci\u00f3n humana, la vida, los negocios, la pol\u00edtica, la econom\u00eda, la sociedad, la educaci\u00f3n y la religi\u00f3n. Constituyen un valioso complemento para la colecci\u00f3n de la biblioteca personal de todo aquel que busque la verdad y la realizaci\u00f3n personal. Leer sus libros es una aventura para la mente y un ejercicio de gimnasia mental.<\/p>\n<div class=\"pt-cv-wrapper\">Error: puede que no exista la vista de <strong>ee8077eghd<\/strong><\/div>","protected":false},"excerpt":{"rendered":"<p>Dr. Schellahmmer&#8217;s books provide pioneering content and new ways of thinking that cover topics such as the shaping of the mind, personal development, human values, human evolution, life, business, politics, economy, society, education, and religion. They provide a valuable addition to everyone&#8217;s personal library collection who is searching for truth and personal fulfilment. Reading his [&hellip;]<\/p>\n","protected":false},"author":5,"featured_media":0,"parent":0,"menu_order":0,"comment_status":"closed","ping_status":"closed","template":"","meta":{"saved_in_kubio":false,"footnotes":""},"class_list":["post-13751","page","type-page","status-publish","hentry"],"kubio_ai_page_context":{"short_desc":"","purpose":"general"},"yoast_head":"<!-- This site is optimized with the Yoast SEO plugin v27.4 - https:\/\/yoast.com\/product\/yoast-seo-wordpress\/ -->\n<title>MORE RECENT PUBLICATIONS | Schellhammer Institute<\/title>\n<meta name=\"description\" content=\"Discover Dr. Schellhammer&#039;s groundbreaking books, offering fresh perspectives on the mind, personal development, human values, and more. A valuable addition to your library, these works provide an adventurous journey for the mind and mental gymnastics for those seeking truth and personal fulfillment.\" \/>\n<meta name=\"robots\" content=\"index, follow, max-snippet:-1, max-image-preview:large, max-video-preview:-1\" \/>\n<link rel=\"canonical\" href=\"https:\/\/www.schellhammerinstitute.com\/es\/publicaciones-mas-recientes\/\" \/>\n<meta property=\"og:locale\" content=\"es_ES\" \/>\n<meta property=\"og:type\" content=\"article\" \/>\n<meta property=\"og:title\" content=\"MORE RECENT PUBLICATIONS | Schellhammer Institute\" \/>\n<meta property=\"og:description\" content=\"Discover Dr. Schellhammer&#039;s groundbreaking books, offering fresh perspectives on the mind, personal development, human values, and more. A valuable addition to your library, these works provide an adventurous journey for the mind and mental gymnastics for those seeking truth and personal fulfillment.\" \/>\n<meta property=\"og:url\" content=\"https:\/\/www.schellhammerinstitute.com\/es\/publicaciones-mas-recientes\/\" \/>\n<meta property=\"og:site_name\" content=\"Schellhammer Institute\" \/>\n<meta property=\"article:publisher\" content=\"https:\/\/www.facebook.com\/schellhammerinstitute\" \/>\n<meta property=\"article:modified_time\" content=\"2024-01-09T09:14:11+00:00\" \/>\n<meta property=\"og:image\" content=\"https:\/\/www.schellhammerinstitute.com\/wp-content\/uploads\/cropped-logo.png\" \/>\n<meta name=\"twitter:card\" content=\"summary_large_image\" \/>\n<meta name=\"twitter:label1\" content=\"Tiempo de lectura\" \/>\n\t<meta name=\"twitter:data1\" content=\"1 minuto\" \/>\n<script type=\"application\/ld+json\" class=\"yoast-schema-graph\">{\"@context\":\"https:\\\/\\\/schema.org\",\"@graph\":[{\"@type\":\"WebPage\",\"@id\":\"https:\\\/\\\/www.schellhammerinstitute.com\\\/es\\\/more-recent-publications\\\/\",\"url\":\"https:\\\/\\\/www.schellhammerinstitute.com\\\/es\\\/more-recent-publications\\\/\",\"name\":\"MORE RECENT PUBLICATIONS | Schellhammer Institute\",\"isPartOf\":{\"@id\":\"https:\\\/\\\/www.schellhammerinstitute.com\\\/#website\"},\"primaryImageOfPage\":{\"@id\":\"https:\\\/\\\/www.schellhammerinstitute.com\\\/es\\\/more-recent-publications\\\/#primaryimage\"},\"image\":{\"@id\":\"https:\\\/\\\/www.schellhammerinstitute.com\\\/es\\\/more-recent-publications\\\/#primaryimage\"},\"thumbnailUrl\":\"https:\\\/\\\/www.schellhammerinstitute.com\\\/wp-content\\\/uploads\\\/cropped-logo.png\",\"datePublished\":\"2024-01-09T09:05:28+00:00\",\"dateModified\":\"2024-01-09T09:14:11+00:00\",\"description\":\"Discover Dr. Schellhammer's groundbreaking books, offering fresh perspectives on the mind, personal development, human values, and more. A valuable addition to your library, these works provide an adventurous journey for the mind and mental gymnastics for those seeking truth and personal fulfillment.\",\"breadcrumb\":{\"@id\":\"https:\\\/\\\/www.schellhammerinstitute.com\\\/es\\\/more-recent-publications\\\/#breadcrumb\"},\"inLanguage\":\"es\",\"potentialAction\":[{\"@type\":\"ReadAction\",\"target\":[\"https:\\\/\\\/www.schellhammerinstitute.com\\\/es\\\/more-recent-publications\\\/\"]}]},{\"@type\":\"ImageObject\",\"inLanguage\":\"es\",\"@id\":\"https:\\\/\\\/www.schellhammerinstitute.com\\\/es\\\/more-recent-publications\\\/#primaryimage\",\"url\":\"https:\\\/\\\/www.schellhammerinstitute.com\\\/wp-content\\\/uploads\\\/cropped-logo.png\",\"contentUrl\":\"https:\\\/\\\/www.schellhammerinstitute.com\\\/wp-content\\\/uploads\\\/cropped-logo.png\"},{\"@type\":\"BreadcrumbList\",\"@id\":\"https:\\\/\\\/www.schellhammerinstitute.com\\\/es\\\/more-recent-publications\\\/#breadcrumb\",\"itemListElement\":[{\"@type\":\"ListItem\",\"position\":1,\"name\":\"Home\",\"item\":\"https:\\\/\\\/www.schellhammerinstitute.com\\\/\"},{\"@type\":\"ListItem\",\"position\":2,\"name\":\"MORE RECENT PUBLICATIONS\"}]},{\"@type\":\"WebSite\",\"@id\":\"https:\\\/\\\/www.schellhammerinstitute.com\\\/#website\",\"url\":\"https:\\\/\\\/www.schellhammerinstitute.com\\\/\",\"name\":\"Schellhammer Institute\",\"description\":\"We want to change the world for the better\",\"publisher\":{\"@id\":\"https:\\\/\\\/www.schellhammerinstitute.com\\\/#organization\"},\"alternateName\":\"The Schellhamer Institute\",\"potentialAction\":[{\"@type\":\"SearchAction\",\"target\":{\"@type\":\"EntryPoint\",\"urlTemplate\":\"https:\\\/\\\/www.schellhammerinstitute.com\\\/?s={search_term_string}\"},\"query-input\":{\"@type\":\"PropertyValueSpecification\",\"valueRequired\":true,\"valueName\":\"search_term_string\"}}],\"inLanguage\":\"es\"},{\"@type\":\"Organization\",\"@id\":\"https:\\\/\\\/www.schellhammerinstitute.com\\\/#organization\",\"name\":\"Schellhammer Institute\",\"alternateName\":\"Schellhammer Institute\",\"url\":\"https:\\\/\\\/www.schellhammerinstitute.com\\\/\",\"logo\":{\"@type\":\"ImageObject\",\"inLanguage\":\"es\",\"@id\":\"https:\\\/\\\/www.schellhammerinstitute.com\\\/#\\\/schema\\\/logo\\\/image\\\/\",\"url\":\"https:\\\/\\\/www.schellhammerinstitute.com\\\/wp-content\\\/uploads\\\/cropped-4-Photoroom.png\",\"contentUrl\":\"https:\\\/\\\/www.schellhammerinstitute.com\\\/wp-content\\\/uploads\\\/cropped-4-Photoroom.png\",\"width\":902,\"height\":901,\"caption\":\"Schellhammer Institute\"},\"image\":{\"@id\":\"https:\\\/\\\/www.schellhammerinstitute.com\\\/#\\\/schema\\\/logo\\\/image\\\/\"},\"sameAs\":[\"https:\\\/\\\/www.facebook.com\\\/schellhammerinstitute\",\"https:\\\/\\\/www.instagram.com\\\/schellhammerinstitute\",\"https:\\\/\\\/www.linkedin.com\\\/company\\\/schellhammerinstitute\"]}]}<\/script>\n<!-- \/ Yoast SEO plugin. -->","yoast_head_json":{"title":"MORE RECENT PUBLICATIONS | Schellhammer Institute","description":"Descubra los innovadores libros del Dr. Schellhammer, que ofrecen nuevas perspectivas sobre la mente, el desarrollo personal, los valores humanos y mucho m\u00e1s. Una valiosa adici\u00f3n a su biblioteca, estas obras proporcionan un viaje aventurero para la mente y gimnasia mental para aquellos que buscan la verdad y la realizaci\u00f3n personal.","robots":{"index":"index","follow":"follow","max-snippet":"max-snippet:-1","max-image-preview":"max-image-preview:large","max-video-preview":"max-video-preview:-1"},"canonical":"https:\/\/www.schellhammerinstitute.com\/es\/publicaciones-mas-recientes\/","og_locale":"es_ES","og_type":"article","og_title":"MORE RECENT PUBLICATIONS | Schellhammer Institute","og_description":"Discover Dr. Schellhammer's groundbreaking books, offering fresh perspectives on the mind, personal development, human values, and more. A valuable addition to your library, these works provide an adventurous journey for the mind and mental gymnastics for those seeking truth and personal fulfillment.","og_url":"https:\/\/www.schellhammerinstitute.com\/es\/publicaciones-mas-recientes\/","og_site_name":"Schellhammer Institute","article_publisher":"https:\/\/www.facebook.com\/schellhammerinstitute","article_modified_time":"2024-01-09T09:14:11+00:00","og_image":[{"url":"https:\/\/www.schellhammerinstitute.com\/wp-content\/uploads\/cropped-logo.png","type":"","width":"","height":""}],"twitter_card":"summary_large_image","twitter_misc":{"Tiempo de lectura":"1 minuto"},"schema":{"@context":"https:\/\/schema.org","@graph":[{"@type":"WebPage","@id":"https:\/\/www.schellhammerinstitute.com\/es\/more-recent-publications\/","url":"https:\/\/www.schellhammerinstitute.com\/es\/more-recent-publications\/","name":"MORE RECENT PUBLICATIONS | Schellhammer Institute","isPartOf":{"@id":"https:\/\/www.schellhammerinstitute.com\/#website"},"primaryImageOfPage":{"@id":"https:\/\/www.schellhammerinstitute.com\/es\/more-recent-publications\/#primaryimage"},"image":{"@id":"https:\/\/www.schellhammerinstitute.com\/es\/more-recent-publications\/#primaryimage"},"thumbnailUrl":"https:\/\/www.schellhammerinstitute.com\/wp-content\/uploads\/cropped-logo.png","datePublished":"2024-01-09T09:05:28+00:00","dateModified":"2024-01-09T09:14:11+00:00","description":"Descubra los innovadores libros del Dr. Schellhammer, que ofrecen nuevas perspectivas sobre la mente, el desarrollo personal, los valores humanos y mucho m\u00e1s. Una valiosa adici\u00f3n a su biblioteca, estas obras proporcionan un viaje aventurero para la mente y gimnasia mental para aquellos que buscan la verdad y la realizaci\u00f3n personal.","breadcrumb":{"@id":"https:\/\/www.schellhammerinstitute.com\/es\/more-recent-publications\/#breadcrumb"},"inLanguage":"es","potentialAction":[{"@type":"ReadAction","target":["https:\/\/www.schellhammerinstitute.com\/es\/more-recent-publications\/"]}]},{"@type":"ImageObject","inLanguage":"es","@id":"https:\/\/www.schellhammerinstitute.com\/es\/more-recent-publications\/#primaryimage","url":"https:\/\/www.schellhammerinstitute.com\/wp-content\/uploads\/cropped-logo.png","contentUrl":"https:\/\/www.schellhammerinstitute.com\/wp-content\/uploads\/cropped-logo.png"},{"@type":"BreadcrumbList","@id":"https:\/\/www.schellhammerinstitute.com\/es\/more-recent-publications\/#breadcrumb","itemListElement":[{"@type":"ListItem","position":1,"name":"Home","item":"https:\/\/www.schellhammerinstitute.com\/"},{"@type":"ListItem","position":2,"name":"MORE RECENT PUBLICATIONS"}]},{"@type":"WebSite","@id":"https:\/\/www.schellhammerinstitute.com\/#website","url":"https:\/\/www.schellhammerinstitute.com\/","name":"Instituci\u00f3n Schellhammer","description":"Queremos cambiar el mundo a mejor","publisher":{"@id":"https:\/\/www.schellhammerinstitute.com\/#organization"},"alternateName":"The Schellhamer Institute","potentialAction":[{"@type":"SearchAction","target":{"@type":"EntryPoint","urlTemplate":"https:\/\/www.schellhammerinstitute.com\/?s={search_term_string}"},"query-input":{"@type":"PropertyValueSpecification","valueRequired":true,"valueName":"search_term_string"}}],"inLanguage":"es"},{"@type":"Organization","@id":"https:\/\/www.schellhammerinstitute.com\/#organization","name":"Instituci\u00f3n Schellhammer","alternateName":"Schellhammer Institute","url":"https:\/\/www.schellhammerinstitute.com\/","logo":{"@type":"ImageObject","inLanguage":"es","@id":"https:\/\/www.schellhammerinstitute.com\/#\/schema\/logo\/image\/","url":"https:\/\/www.schellhammerinstitute.com\/wp-content\/uploads\/cropped-4-Photoroom.png","contentUrl":"https:\/\/www.schellhammerinstitute.com\/wp-content\/uploads\/cropped-4-Photoroom.png","width":902,"height":901,"caption":"Schellhammer Institute"},"image":{"@id":"https:\/\/www.schellhammerinstitute.com\/#\/schema\/logo\/image\/"},"sameAs":["https:\/\/www.facebook.com\/schellhammerinstitute","https:\/\/www.instagram.com\/schellhammerinstitute","https:\/\/www.linkedin.com\/company\/schellhammerinstitute"]}]}},"jetpack_sharing_enabled":true,"_links":{"self":[{"href":"https:\/\/www.schellhammerinstitute.com\/es\/wp-json\/wp\/v2\/pages\/13751","targetHints":{"allow":["GET"]}}],"collection":[{"href":"https:\/\/www.schellhammerinstitute.com\/es\/wp-json\/wp\/v2\/pages"}],"about":[{"href":"https:\/\/www.schellhammerinstitute.com\/es\/wp-json\/wp\/v2\/types\/page"}],"author":[{"embeddable":true,"href":"https:\/\/www.schellhammerinstitute.com\/es\/wp-json\/wp\/v2\/users\/5"}],"replies":[{"embeddable":true,"href":"https:\/\/www.schellhammerinstitute.com\/es\/wp-json\/wp\/v2\/comments?post=13751"}],"version-history":[{"count":3,"href":"https:\/\/www.schellhammerinstitute.com\/es\/wp-json\/wp\/v2\/pages\/13751\/revisions"}],"predecessor-version":[{"id":13759,"href":"https:\/\/www.schellhammerinstitute.com\/es\/wp-json\/wp\/v2\/pages\/13751\/revisions\/13759"}],"wp:attachment":[{"href":"https:\/\/www.schellhammerinstitute.com\/es\/wp-json\/wp\/v2\/media?parent=13751"}],"curies":[{"name":"wp","href":"https:\/\/api.w.org\/{rel}","templated":true}]}}