{"id":13385,"date":"2024-01-04T11:05:39","date_gmt":"2024-01-04T11:05:39","guid":{"rendered":"https:\/\/www.schellhammerinstitute.com\/home-2\/"},"modified":"2024-01-24T10:34:32","modified_gmt":"2024-01-24T10:34:32","slug":"inicio-2-3","status":"publish","type":"page","link":"https:\/\/www.schellhammerinstitute.com\/es\/inicio-2-3\/","title":{"rendered":"INICIO DE"},"content":{"rendered":"<p style=\"text-align: center;\">\u00a1Sei ein besseres Ich, schaffe eine bessere Welt!<\/p>\n<p style=\"text-align: center;\">Ofrecemos un centro \u00fanico para los expertos, para que puedan debatir y debatir sobre temas que afectan al mundo desde la base. Ofrecemos seminarios y talleres sobre distintos temas.<\/p>\n<h3 style=\"text-align: center;\">LA INSPIRACI\u00d3N<\/h3>\n<p style=\"text-align: center;\">Sabemos que el mundo se encuentra en una encrucijada. O bien nos esforzamos por poner fin al curso de la humanidad y encontrar soluciones a los problemas m\u00e1s reales, para que todos sepamos que el mundo se enfrentar\u00e1 en el futuro pr\u00f3ximo, o bien la \u00fanica alternativa es que el fin de la sociedad, tal y como la conocemos hoy en d\u00eda, se haga realidad. El estilo de vida actual no es sano, y las medidas que se han tomado para superar las dificultades no funcionan.<\/p>\n<p style=\"text-align: center;\">Nuestro fundador, el Dr. Eduard Schellhammer, ha dedicado su vida a la investigaci\u00f3n de estos problemas. Er ist vieles: Menschenfreund, P\u00e4dagoge, Psychologe, Anthropologe, Mentor, spiritueller F\u00fchrer und Computeringenieur.<\/p>\n<p style=\"text-align: center;\">El Dr. Eduard Schellhammer es el fundador de la Escuela de Negocios Schellhammer y del Instituto Schellhammer, un think tank \u00fanico en su g\u00e9nero. Obtenga m\u00e1s informaci\u00f3n sobre su extraordinaria vida y la creaci\u00f3n del Instituto Schellhammer.<\/p>","protected":false},"excerpt":{"rendered":"<p>Sei ein besseres Ich, schaffe eine bessere Welt! Wir bieten ein einzigartiges Zentrum f\u00fcr Gleichgesinnte, um sich zu treffen und Themen zu diskutieren, die die Welt von der Basis aus ver\u00e4ndern werden. Wir bieten Seminare und Workshops zu verschiedenen Themen an. THE INSPIRATION Wir glauben, dass die Welt an einem Scheideweg steht. Entweder entscheiden wir [&hellip;]<\/p>\n","protected":false},"author":1,"featured_media":14223,"parent":0,"menu_order":0,"comment_status":"closed","ping_status":"closed","template":"","meta":{"saved_in_kubio":false,"footnotes":""},"class_list":["post-13385","page","type-page","status-publish","has-post-thumbnail","hentry"],"kubio_ai_page_context":{"short_desc":"","purpose":"general"},"yoast_head":"<!-- This site is optimized with the Yoast SEO plugin v27.4 - https:\/\/yoast.com\/product\/yoast-seo-wordpress\/ -->\n<title>HOME DE | Schellhammer Institute<\/title>\n<meta name=\"robots\" content=\"index, follow, max-snippet:-1, max-image-preview:large, max-video-preview:-1\" \/>\n<link rel=\"canonical\" href=\"https:\/\/www.schellhammerinstitute.com\/es\/inicio-2-3\/\" \/>\n<meta property=\"og:locale\" content=\"es_ES\" \/>\n<meta property=\"og:type\" content=\"article\" \/>\n<meta property=\"og:title\" content=\"HOME DE | Schellhammer Institute\" \/>\n<meta property=\"og:description\" content=\"Sei ein besseres Ich, schaffe eine bessere Welt! Wir bieten ein einzigartiges Zentrum f\u00fcr Gleichgesinnte, um sich zu treffen und Themen zu diskutieren, die die Welt von der Basis aus ver\u00e4ndern werden. Wir bieten Seminare und Workshops zu verschiedenen Themen an. THE INSPIRATION Wir glauben, dass die Welt an einem Scheideweg steht. Entweder entscheiden wir [&hellip;]\" \/>\n<meta property=\"og:url\" content=\"https:\/\/www.schellhammerinstitute.com\/es\/inicio-2-3\/\" \/>\n<meta property=\"og:site_name\" content=\"Schellhammer Institute\" \/>\n<meta property=\"article:publisher\" content=\"https:\/\/www.facebook.com\/schellhammerinstitute\" \/>\n<meta property=\"article:modified_time\" content=\"2024-01-24T10:34:32+00:00\" \/>\n<meta property=\"og:image\" content=\"https:\/\/www.schellhammerinstitute.com\/wp-content\/uploads\/81-1.png\" \/>\n\t<meta property=\"og:image:width\" content=\"2000\" \/>\n\t<meta property=\"og:image:height\" content=\"800\" \/>\n\t<meta property=\"og:image:type\" content=\"image\/png\" \/>\n<meta name=\"twitter:card\" content=\"summary_large_image\" \/>\n<meta name=\"twitter:label1\" content=\"Tiempo de lectura\" \/>\n\t<meta name=\"twitter:data1\" content=\"1 minuto\" \/>\n<script type=\"application\/ld+json\" class=\"yoast-schema-graph\">{\"@context\":\"https:\\\/\\\/schema.org\",\"@graph\":[{\"@type\":\"WebPage\",\"@id\":\"https:\\\/\\\/www.schellhammerinstitute.com\\\/home-2-3\\\/\",\"url\":\"https:\\\/\\\/www.schellhammerinstitute.com\\\/home-2-3\\\/\",\"name\":\"HOME DE | Schellhammer Institute\",\"isPartOf\":{\"@id\":\"https:\\\/\\\/www.schellhammerinstitute.com\\\/#website\"},\"primaryImageOfPage\":{\"@id\":\"https:\\\/\\\/www.schellhammerinstitute.com\\\/home-2-3\\\/#primaryimage\"},\"image\":{\"@id\":\"https:\\\/\\\/www.schellhammerinstitute.com\\\/home-2-3\\\/#primaryimage\"},\"thumbnailUrl\":\"https:\\\/\\\/www.schellhammerinstitute.com\\\/wp-content\\\/uploads\\\/81-1.png\",\"datePublished\":\"2024-01-04T11:05:39+00:00\",\"dateModified\":\"2024-01-24T10:34:32+00:00\",\"breadcrumb\":{\"@id\":\"https:\\\/\\\/www.schellhammerinstitute.com\\\/home-2-3\\\/#breadcrumb\"},\"inLanguage\":\"es\",\"potentialAction\":[{\"@type\":\"ReadAction\",\"target\":[\"https:\\\/\\\/www.schellhammerinstitute.com\\\/home-2-3\\\/\"]}]},{\"@type\":\"ImageObject\",\"inLanguage\":\"es\",\"@id\":\"https:\\\/\\\/www.schellhammerinstitute.com\\\/home-2-3\\\/#primaryimage\",\"url\":\"https:\\\/\\\/www.schellhammerinstitute.com\\\/wp-content\\\/uploads\\\/81-1.png\",\"contentUrl\":\"https:\\\/\\\/www.schellhammerinstitute.com\\\/wp-content\\\/uploads\\\/81-1.png\",\"width\":2000,\"height\":800},{\"@type\":\"BreadcrumbList\",\"@id\":\"https:\\\/\\\/www.schellhammerinstitute.com\\\/home-2-3\\\/#breadcrumb\",\"itemListElement\":[{\"@type\":\"ListItem\",\"position\":1,\"name\":\"Home\",\"item\":\"https:\\\/\\\/www.schellhammerinstitute.com\\\/\"},{\"@type\":\"ListItem\",\"position\":2,\"name\":\"HOME DE\"}]},{\"@type\":\"WebSite\",\"@id\":\"https:\\\/\\\/www.schellhammerinstitute.com\\\/#website\",\"url\":\"https:\\\/\\\/www.schellhammerinstitute.com\\\/\",\"name\":\"Schellhammer Institute\",\"description\":\"We want to change the world for the better\",\"publisher\":{\"@id\":\"https:\\\/\\\/www.schellhammerinstitute.com\\\/#organization\"},\"alternateName\":\"The Schellhamer Institute\",\"potentialAction\":[{\"@type\":\"SearchAction\",\"target\":{\"@type\":\"EntryPoint\",\"urlTemplate\":\"https:\\\/\\\/www.schellhammerinstitute.com\\\/?s={search_term_string}\"},\"query-input\":{\"@type\":\"PropertyValueSpecification\",\"valueRequired\":true,\"valueName\":\"search_term_string\"}}],\"inLanguage\":\"es\"},{\"@type\":\"Organization\",\"@id\":\"https:\\\/\\\/www.schellhammerinstitute.com\\\/#organization\",\"name\":\"Schellhammer Institute\",\"alternateName\":\"Schellhammer Institute\",\"url\":\"https:\\\/\\\/www.schellhammerinstitute.com\\\/\",\"logo\":{\"@type\":\"ImageObject\",\"inLanguage\":\"es\",\"@id\":\"https:\\\/\\\/www.schellhammerinstitute.com\\\/#\\\/schema\\\/logo\\\/image\\\/\",\"url\":\"https:\\\/\\\/www.schellhammerinstitute.com\\\/wp-content\\\/uploads\\\/cropped-4-Photoroom.png\",\"contentUrl\":\"https:\\\/\\\/www.schellhammerinstitute.com\\\/wp-content\\\/uploads\\\/cropped-4-Photoroom.png\",\"width\":902,\"height\":901,\"caption\":\"Schellhammer Institute\"},\"image\":{\"@id\":\"https:\\\/\\\/www.schellhammerinstitute.com\\\/#\\\/schema\\\/logo\\\/image\\\/\"},\"sameAs\":[\"https:\\\/\\\/www.facebook.com\\\/schellhammerinstitute\",\"https:\\\/\\\/www.instagram.com\\\/schellhammerinstitute\",\"https:\\\/\\\/www.linkedin.com\\\/company\\\/schellhammerinstitute\"]}]}<\/script>\n<!-- \/ Yoast SEO plugin. -->","yoast_head_json":{"title":"HOME DE | Schellhammer Institute","robots":{"index":"index","follow":"follow","max-snippet":"max-snippet:-1","max-image-preview":"max-image-preview:large","max-video-preview":"max-video-preview:-1"},"canonical":"https:\/\/www.schellhammerinstitute.com\/es\/inicio-2-3\/","og_locale":"es_ES","og_type":"article","og_title":"HOME DE | Schellhammer Institute","og_description":"Sei ein besseres Ich, schaffe eine bessere Welt! Wir bieten ein einzigartiges Zentrum f\u00fcr Gleichgesinnte, um sich zu treffen und Themen zu diskutieren, die die Welt von der Basis aus ver\u00e4ndern werden. Wir bieten Seminare und Workshops zu verschiedenen Themen an. THE INSPIRATION Wir glauben, dass die Welt an einem Scheideweg steht. Entweder entscheiden wir [&hellip;]","og_url":"https:\/\/www.schellhammerinstitute.com\/es\/inicio-2-3\/","og_site_name":"Schellhammer Institute","article_publisher":"https:\/\/www.facebook.com\/schellhammerinstitute","article_modified_time":"2024-01-24T10:34:32+00:00","og_image":[{"width":2000,"height":800,"url":"https:\/\/www.schellhammerinstitute.com\/wp-content\/uploads\/81-1.png","type":"image\/png"}],"twitter_card":"summary_large_image","twitter_misc":{"Tiempo de lectura":"1 minuto"},"schema":{"@context":"https:\/\/schema.org","@graph":[{"@type":"WebPage","@id":"https:\/\/www.schellhammerinstitute.com\/home-2-3\/","url":"https:\/\/www.schellhammerinstitute.com\/home-2-3\/","name":"HOME DE | Schellhammer Institute","isPartOf":{"@id":"https:\/\/www.schellhammerinstitute.com\/#website"},"primaryImageOfPage":{"@id":"https:\/\/www.schellhammerinstitute.com\/home-2-3\/#primaryimage"},"image":{"@id":"https:\/\/www.schellhammerinstitute.com\/home-2-3\/#primaryimage"},"thumbnailUrl":"https:\/\/www.schellhammerinstitute.com\/wp-content\/uploads\/81-1.png","datePublished":"2024-01-04T11:05:39+00:00","dateModified":"2024-01-24T10:34:32+00:00","breadcrumb":{"@id":"https:\/\/www.schellhammerinstitute.com\/home-2-3\/#breadcrumb"},"inLanguage":"es","potentialAction":[{"@type":"ReadAction","target":["https:\/\/www.schellhammerinstitute.com\/home-2-3\/"]}]},{"@type":"ImageObject","inLanguage":"es","@id":"https:\/\/www.schellhammerinstitute.com\/home-2-3\/#primaryimage","url":"https:\/\/www.schellhammerinstitute.com\/wp-content\/uploads\/81-1.png","contentUrl":"https:\/\/www.schellhammerinstitute.com\/wp-content\/uploads\/81-1.png","width":2000,"height":800},{"@type":"BreadcrumbList","@id":"https:\/\/www.schellhammerinstitute.com\/home-2-3\/#breadcrumb","itemListElement":[{"@type":"ListItem","position":1,"name":"Home","item":"https:\/\/www.schellhammerinstitute.com\/"},{"@type":"ListItem","position":2,"name":"HOME DE"}]},{"@type":"WebSite","@id":"https:\/\/www.schellhammerinstitute.com\/#website","url":"https:\/\/www.schellhammerinstitute.com\/","name":"Instituci\u00f3n Schellhammer","description":"Queremos cambiar el mundo a mejor","publisher":{"@id":"https:\/\/www.schellhammerinstitute.com\/#organization"},"alternateName":"The Schellhamer Institute","potentialAction":[{"@type":"SearchAction","target":{"@type":"EntryPoint","urlTemplate":"https:\/\/www.schellhammerinstitute.com\/?s={search_term_string}"},"query-input":{"@type":"PropertyValueSpecification","valueRequired":true,"valueName":"search_term_string"}}],"inLanguage":"es"},{"@type":"Organization","@id":"https:\/\/www.schellhammerinstitute.com\/#organization","name":"Instituci\u00f3n Schellhammer","alternateName":"Schellhammer Institute","url":"https:\/\/www.schellhammerinstitute.com\/","logo":{"@type":"ImageObject","inLanguage":"es","@id":"https:\/\/www.schellhammerinstitute.com\/#\/schema\/logo\/image\/","url":"https:\/\/www.schellhammerinstitute.com\/wp-content\/uploads\/cropped-4-Photoroom.png","contentUrl":"https:\/\/www.schellhammerinstitute.com\/wp-content\/uploads\/cropped-4-Photoroom.png","width":902,"height":901,"caption":"Schellhammer Institute"},"image":{"@id":"https:\/\/www.schellhammerinstitute.com\/#\/schema\/logo\/image\/"},"sameAs":["https:\/\/www.facebook.com\/schellhammerinstitute","https:\/\/www.instagram.com\/schellhammerinstitute","https:\/\/www.linkedin.com\/company\/schellhammerinstitute"]}]}},"jetpack_sharing_enabled":true,"_links":{"self":[{"href":"https:\/\/www.schellhammerinstitute.com\/es\/wp-json\/wp\/v2\/pages\/13385","targetHints":{"allow":["GET"]}}],"collection":[{"href":"https:\/\/www.schellhammerinstitute.com\/es\/wp-json\/wp\/v2\/pages"}],"about":[{"href":"https:\/\/www.schellhammerinstitute.com\/es\/wp-json\/wp\/v2\/types\/page"}],"author":[{"embeddable":true,"href":"https:\/\/www.schellhammerinstitute.com\/es\/wp-json\/wp\/v2\/users\/1"}],"replies":[{"embeddable":true,"href":"https:\/\/www.schellhammerinstitute.com\/es\/wp-json\/wp\/v2\/comments?post=13385"}],"version-history":[{"count":8,"href":"https:\/\/www.schellhammerinstitute.com\/es\/wp-json\/wp\/v2\/pages\/13385\/revisions"}],"predecessor-version":[{"id":14255,"href":"https:\/\/www.schellhammerinstitute.com\/es\/wp-json\/wp\/v2\/pages\/13385\/revisions\/14255"}],"wp:featuredmedia":[{"embeddable":true,"href":"https:\/\/www.schellhammerinstitute.com\/es\/wp-json\/wp\/v2\/media\/14223"}],"wp:attachment":[{"href":"https:\/\/www.schellhammerinstitute.com\/es\/wp-json\/wp\/v2\/media?parent=13385"}],"curies":[{"name":"wp","href":"https:\/\/api.w.org\/{rel}","templated":true}]}}