{"id":13376,"date":"2024-01-04T11:54:26","date_gmt":"2024-01-04T11:54:26","guid":{"rendered":"https:\/\/www.schellhammerinstitute.com\/?page_id=13376"},"modified":"2024-05-08T09:59:17","modified_gmt":"2024-05-08T09:59:17","slug":"liderazgo","status":"publish","type":"page","link":"https:\/\/www.schellhammerinstitute.com\/es\/liderazgo\/","title":{"rendered":"NUEVO LIDERAZGO"},"content":{"rendered":"<h1 style=\"text-align: center;\">NEW LEADERSHIP PROGRAM<\/h1>\n<h1 style=\"text-align: center;\">NEW DIRECTION, NEW EDUCATION, NEW HUMANITY<\/h1>\n<p style=\"text-align: center;\">This exclusive program personally designed by Dr Eduard Schellhammer aims to challenge conventional wisdom, and explore profound questions to stimulate and ignite systemic changes in society, education, and business.<\/p>\n<p style=\"text-align: center;\">We propose the creation of a new breed of leaders that will bring about the required changes with the wisdom that is urgently needed by generating stimulating discussion toward providing actionable solutions and emphasizing the need for the rediscovery of authentic human values.<\/p>\n<p style=\"text-align: center;\"><strong>The program consists of 4 distinct Units.<\/strong><\/p>\n<p style=\"text-align: center;\"><strong>We recommend starting with Unit 1 which is made up of 5 sessions, Monday to Friday, 11.00h to 13.30.h, including a break.<\/strong><\/p>\n<p style=\"text-align: center;\">Attendance is to be arranged by prior appointment. Note that whilst sessions will be individually focussed others will consist of group workshops and seminars.<\/p>\n<p style=\"text-align: center;\">Ideal candidates are Executives, Industry Leaders, Politicians, Government Officials, and all those seeking a new Age for Humanity.<\/p>\n<hr \/>\n<h2>UNIT 1. INNER RENEWAL<\/h2>\n<h3><span style=\"color: #993300;\">A BETTER YOU FOR A BETTER WORLD<\/span><\/h3>\n<ul>\n<li>Explore the practical human mind by understanding the 22 mental functions.<\/li>\n<li>Explore why most people only use a very limited number of these mental functions.<\/li>\n<li>Understand how the past is shaping our present actions, including epigenetics.<\/li>\n<li>Strengthen your perception, your self-reflection that helps to reset our thinking.<\/li>\n<li>Earn to nurture yourself, mentally, by reading, and socially by spiritual thinking.<\/li>\n<li>Learn to guide yourself through critical situations towards a new challenge in life.<\/li>\n<li>Understand yourself better by understanding people in your worlds.<\/li>\n<li>Learn how to understand and to deal constructively with human emotions.<\/li>\n<li>Adapt better your capacities to professionally deal with people under stress.<\/li>\n<li>Adapt flexibility to balancing your Inner Renewal, which strengthens you.<\/li>\n<\/ul>\n<hr \/>\n<h2>UNIT 2. YOUR EXTERNAL IMPACT<\/h2>\n<h3><span style=\"color: #993300;\">BECOME A QUALIFIED, HUMAN ORIENTED LEADER<\/span><\/h3>\n<ul>\n<li>Learn to understand the roots of the global systemic degeneration.<\/li>\n<li>Explore human behaviour from a historic perspectives up to today.<\/li>\n<li>Identify the effects of current dogmas and possible future changes.<\/li>\n<li>Strengthen inner roots and balance, and deal with real responsibility.<\/li>\n<li>Deal with people to understand the mental issues of 8bn people.<\/li>\n<li>Learn to understand and unveil the tunnel of collective despair.<\/li>\n<li>Build up fundamental leadership skills and strategies for changes.<\/li>\n<li>Learn to manage complexities and capacities in a professional way.<\/li>\n<li>Question the roots and effects of global systemic degeneration.<\/li>\n<li>Redefine dogmas and experiences from historic perspectives.<\/li>\n<\/ul>\n<hr \/>\n<h2>UNIT 3. IMPACT OF GLOBAL EDUCATION<\/h2>\n<h3><span style=\"color: #993300;\">BECOME A QUALIFIED HUMAN-ORIENTED EDUCATOR<\/span><\/h3>\n<ul>\n<li>Lifelong learning Is crucial as the educational paradigm has failed.<\/li>\n<li>People live in brainless delusional worlds and ignorance dominates.<\/li>\n<li>Failed and archaic dogmas have suffocated education systems.<\/li>\n<li>Learn what it means to be a human on this planet.<\/li>\n<li>Understand why most people lost human values, care, peace, and all love.<\/li>\n<li>Is there a way that humanity can rediscover these lost human values?<\/li>\n<li>How can we challenge the current educational paradigm and its failures?<\/li>\n<li>How can people learn to find inner balance, justice, and inner evolution?<\/li>\n<li>How can New Leaders learn to find and get back inner balance and justice?<\/li>\n<li>Can people rediscover lost understanding of dreams and meditation?<\/li>\n<\/ul>\n<hr \/>\n<h2>UNIT\u00a04. A NEW HUMANITY<\/h2>\n<h3><span style=\"color: #993300;\">A MESSAGE FOR ALL THE WORLD<\/span><\/h3>\n<ul>\n<li>Learn to know how guilt, fear, anxiety, and psychosis is shaping our world.<\/li>\n<li>Learn how humanity\u2019s past and present actions have led to big suffering.<\/li>\n<li>Question the corroded and decomposed values nobody wants to repair.<\/li>\n<li>Learn how Epigenetics can influence people inheriting mental weaknesses.<\/li>\n<li>Create a new breed of elite leaders who urge the rediscovery of human values.<\/li>\n<li>Learn to understand why 8bn people suffocate all inner and outer values.<\/li>\n<li>Learn to Identify professional qualities and strategies for human change.<\/li>\n<li>Learn to deal with the 18 massive and most critical threats facing humanity.<\/li>\n<li>Can we build up a new breed of Leaders with a healthy mind and thinking?<\/li>\n<li>Can we create a new breed of elites and leaders who rediscover human values?<\/li>\n<\/ul>\n<hr \/>\n<h2><u>A NEW HUMANITY<\/u><\/h2>\n<h3><span style=\"color: #993300;\">PLAN YOUR PROGRAM ACCOLADE<\/span><\/h3>\n<ol>\n<li><em><b>\u201cThe Schellhammer Institute Certificate of New Leadership\u201d <\/b><\/em>upon completion of Units 1 &amp; 2.<\/li>\n<li><em><strong>&#8220;The Schellhammer Institute Right to Lead Diploma&#8221;<\/strong> <\/em>upon completion of all 4 Units.<\/li>\n<li><strong><em>\u201cThe Schellhammer Institute Continuous Leadership Development Club\u201d<\/em><\/strong> automatic membership to this exclusive club for periodic meetings, workshops, seminars, and conferences for all diploma holders.<\/li>\n<li style=\"text-align: left;\"><strong><em>\u201cMaster of Superior Leadership\u201d <\/em><\/strong>annually awarded to a select number of club members who have accomplished part of the New Leadership agenda.<\/li>\n<\/ol>\n<p style=\"text-align: center;\">\n<div class=\"wpcf7 no-js\" id=\"wpcf7-f70-o1\" lang=\"en-US\" dir=\"ltr\" data-wpcf7-id=\"70\">\n<div class=\"screen-reader-response\"><p role=\"status\" aria-live=\"polite\" aria-atomic=\"true\"><\/p> <ul><\/ul><\/div>\n<form action=\"\/es\/wp-json\/wp\/v2\/pages\/13376#wpcf7-f70-o1\" method=\"post\" class=\"wpcf7-form init\" aria-label=\"Contact form\" novalidate=\"novalidate\" data-status=\"init\">\n<fieldset class=\"hidden-fields-container\"><input type=\"hidden\" name=\"_wpcf7\" value=\"70\" \/><input type=\"hidden\" name=\"_wpcf7_version\" value=\"6.1.5\" \/><input type=\"hidden\" name=\"_wpcf7_locale\" value=\"en_US\" \/><input type=\"hidden\" name=\"_wpcf7_unit_tag\" value=\"wpcf7-f70-o1\" \/><input type=\"hidden\" name=\"_wpcf7_container_post\" value=\"0\" \/><input type=\"hidden\" name=\"_wpcf7_posted_data_hash\" value=\"\" \/><input type=\"hidden\" name=\"_wpcf7_recaptcha_response\" value=\"\" \/>\n<\/fieldset>\n<p>&nbsp;\n<\/p>\n<div align=\"center\">\n\t<h4><strong>For any questions please don't hesitate to contact us<\/strong>\n\t<\/h4>\n\t<div>\n\t\t<p>&nbsp;\n\t\t<\/p>\n\t\t<div id=\"responsive-form\" class=\"clearfix\">\n\t\t\t<div>\n\t\t\t\t<div class=\"form-row\">\n\t\t\t\t\t<div class=\"column-half\">\n\t\t\t\t\t\t<p><span class=\"wpcf7-form-control-wrap\" data-name=\"your-name\"><input size=\"40\" maxlength=\"400\" class=\"wpcf7-form-control wpcf7-text wpcf7-validates-as-required cf7r-fb-first-name\" aria-required=\"true\" aria-invalid=\"false\" placeholder=\"First Name\" value=\"\" type=\"text\" name=\"your-name\" \/><\/span>\n\t\t\t\t\t\t<\/p>\n\t\t\t\t\t<\/div>\n\t\t\t\t\t<div class=\"column-half\">\n\t\t\t\t\t\t<p><span class=\"wpcf7-form-control-wrap\" data-name=\"your-surname\"><input size=\"40\" maxlength=\"400\" class=\"wpcf7-form-control wpcf7-text wpcf7-validates-as-required cf7r-fb-last-name\" aria-required=\"true\" aria-invalid=\"false\" placeholder=\"Surname\" value=\"\" type=\"text\" name=\"your-surname\" \/><\/span>\n\t\t\t\t\t\t<\/p>\n\t\t\t\t\t<\/div>\n\t\t\t\t\t<div>\n\t\t\t\t\t\t<div class=\"form-row\">\n\t\t\t\t\t\t\t<div class=\"column-half\">\n\t\t\t\t\t\t\t\t<p><span class=\"wpcf7-form-control-wrap\" data-name=\"your-email\"><input size=\"40\" maxlength=\"400\" class=\"wpcf7-form-control wpcf7-email wpcf7-validates-as-required wpcf7-text wpcf7-validates-as-email cf7r-fb-email\" aria-required=\"true\" aria-invalid=\"false\" placeholder=\"Your Email\" value=\"\" type=\"email\" name=\"your-email\" \/><\/span>\n\t\t\t\t\t\t\t\t<\/p>\n\t\t\t\t\t\t\t<\/div>\n\t\t\t\t\t\t\t<div class=\"column-half\">\n\t\t\t\t\t\t\t\t<p>[intl_tel* your-tel placeholder size:40 \"Your Telephone\"]\n\t\t\t\t\t\t\t\t<\/p>\n\t\t\t\t\t\t\t<\/div>\n\t\t\t\t\t\t\t<div>\n\t\t\t\t\t\t\t\t<div class=\"form-row\">\n\t\t\t\t\t\t\t\t\t<div class=\"column-full\">\n\t\t\t\t\t\t\t\t\t\t<p><span class=\"wpcf7-form-control-wrap\" data-name=\"your-message\"><textarea cols=\"10\" rows=\"10\" maxlength=\"2000\" class=\"wpcf7-form-control wpcf7-textarea\" aria-invalid=\"false\" placeholder=\"Any questions or specific requirements? Mention them...\" name=\"your-message\"><\/textarea><\/span>\n\t\t\t\t\t\t\t\t\t\t<\/p>\n\t\t\t\t\t\t\t\t\t<\/div>\n\t\t\t\t\t\t\t\t\t<div>\n\t\t\t\t\t\t\t\t\t\t<div class=\"form-row\">\n\t\t\t\t\t\t\t\t\t\t\t<div class=\"column-full\">\n\t\t\t\t\t\t\t\t\t\t\t\t<p><input class=\"wpcf7-form-control wpcf7-submit has-spinner\" type=\"submit\" value=\"Contact Now\" \/>\n\t\t\t\t\t\t\t\t\t\t\t\t<\/p>\n\t\t\t\t\t\t\t\t\t\t\t<\/div>\n\t\t\t\t\t\t\t\t\t\t\t<div>\n\t\t\t\t\t\t\t\t\t\t\t<\/div><!--end responsive-form-->\n\t\t\t\t\t\t\t\t\t\t\t<p style=\"text-align: center;\"><small>This site is protected by reCAPTCHA and the Google <a href=\"https:\/\/policies.google.com\/privacy\">Privacy Policy<\/a> and <a href=\"https:\/\/policies.google.com\/terms\">Terms of Service<\/a> apply.<\/small>\n\t\t\t\t\t\t\t\t\t\t\t<\/p>\n\t\t\t\t\t\t\t\t\t\t\t<p>&nbsp;\n\t\t\t\t\t\t\t\t\t\t\t<\/p>\n\t\t\t\t\t\t\t\t\t\t<\/div>\n\t\t\t\t\t\t\t\t\t<\/div>\n\t\t\t\t\t\t\t\t<\/div>\n\t\t\t\t\t\t\t<\/div>\n\t\t\t\t\t\t<\/div>\n\t\t\t\t\t<\/div>\n\t\t\t\t<\/div>\n\t\t\t<\/div>\n\t\t<\/div>\n\t<\/div>\n<\/div><div class=\"wpcf7-response-output\" aria-hidden=\"true\"><\/div>\n<\/form>\n<\/div>\n<\/p>\n","protected":false},"excerpt":{"rendered":"<p>NEW LEADERSHIP PROGRAM NEW DIRECTION, NEW EDUCATION, NEW HUMANITY This exclusive program personally designed by Dr Eduard Schellhammer aims to challenge conventional wisdom, and explore profound questions to stimulate and ignite systemic changes in society, education, and business. We propose the creation of a new breed of leaders that will bring about the required changes [&hellip;]<\/p>\n","protected":false},"author":1,"featured_media":14289,"parent":0,"menu_order":0,"comment_status":"closed","ping_status":"closed","template":"","meta":{"saved_in_kubio":false,"footnotes":""},"class_list":["post-13376","page","type-page","status-publish","has-post-thumbnail","hentry"],"kubio_ai_page_context":{"short_desc":"","purpose":"general"},"yoast_head":"<!-- This site is optimized with the Yoast SEO plugin v27.4 - https:\/\/yoast.com\/product\/yoast-seo-wordpress\/ -->\n<title>NEW LEADERSHIP | Schellhammer Institute<\/title>\n<meta name=\"description\" content=\"Explore a transformative journey towards a new humanity at Schellhammer Institute. Driven by Dr. Schellhammer&#039;s 50 years of academic dedication, this ambitious project aims to revolutionize human development. Join us in challenging conventional wisdom, addressing systemic failures, and nurturing a new breed of leaders with a holistic approach to inner and outer systems. Uncover the secrets of meditation, navigate global challenges, and contribute to shaping the future of humanity. Be part of a movement that advocates personal development, questions dogmas, redefines education, and calls for a profound shift in societal values. Embark on a journey with Dr. Schellhammer, where wisdom, inner strength, and collective responsibility pave the way to a better world.\" \/>\n<meta name=\"robots\" content=\"index, follow, max-snippet:-1, max-image-preview:large, max-video-preview:-1\" \/>\n<link rel=\"canonical\" href=\"https:\/\/www.schellhammerinstitute.com\/es\/liderazgo\/\" \/>\n<meta property=\"og:locale\" content=\"es_ES\" \/>\n<meta property=\"og:type\" content=\"article\" \/>\n<meta property=\"og:title\" content=\"NEW LEADERSHIP | Schellhammer Institute\" \/>\n<meta property=\"og:description\" content=\"Explore a transformative journey towards a new humanity at Schellhammer Institute. Driven by Dr. Schellhammer&#039;s 50 years of academic dedication, this ambitious project aims to revolutionize human development. Join us in challenging conventional wisdom, addressing systemic failures, and nurturing a new breed of leaders with a holistic approach to inner and outer systems. Uncover the secrets of meditation, navigate global challenges, and contribute to shaping the future of humanity. Be part of a movement that advocates personal development, questions dogmas, redefines education, and calls for a profound shift in societal values. Embark on a journey with Dr. Schellhammer, where wisdom, inner strength, and collective responsibility pave the way to a better world.\" \/>\n<meta property=\"og:url\" content=\"https:\/\/www.schellhammerinstitute.com\/es\/liderazgo\/\" \/>\n<meta property=\"og:site_name\" content=\"Schellhammer Institute\" \/>\n<meta property=\"article:publisher\" content=\"https:\/\/www.facebook.com\/schellhammerinstitute\" \/>\n<meta property=\"article:modified_time\" content=\"2024-05-08T09:59:17+00:00\" \/>\n<meta property=\"og:image\" content=\"https:\/\/www.schellhammerinstitute.com\/wp-content\/uploads\/41-3.png\" \/>\n\t<meta property=\"og:image:width\" content=\"2000\" \/>\n\t<meta property=\"og:image:height\" content=\"800\" \/>\n\t<meta property=\"og:image:type\" content=\"image\/png\" \/>\n<meta name=\"twitter:card\" content=\"summary_large_image\" \/>\n<meta name=\"twitter:label1\" content=\"Tiempo de lectura\" \/>\n\t<meta name=\"twitter:data1\" content=\"4 minutos\" \/>\n<script type=\"application\/ld+json\" class=\"yoast-schema-graph\">{\"@context\":\"https:\\\/\\\/schema.org\",\"@graph\":[{\"@type\":\"WebPage\",\"@id\":\"https:\\\/\\\/www.schellhammerinstitute.com\\\/leadership-2\\\/\",\"url\":\"https:\\\/\\\/www.schellhammerinstitute.com\\\/leadership-2\\\/\",\"name\":\"NEW LEADERSHIP | Schellhammer Institute\",\"isPartOf\":{\"@id\":\"https:\\\/\\\/www.schellhammerinstitute.com\\\/#website\"},\"primaryImageOfPage\":{\"@id\":\"https:\\\/\\\/www.schellhammerinstitute.com\\\/leadership-2\\\/#primaryimage\"},\"image\":{\"@id\":\"https:\\\/\\\/www.schellhammerinstitute.com\\\/leadership-2\\\/#primaryimage\"},\"thumbnailUrl\":\"https:\\\/\\\/www.schellhammerinstitute.com\\\/wp-content\\\/uploads\\\/41-3.png\",\"datePublished\":\"2024-01-04T11:54:26+00:00\",\"dateModified\":\"2024-05-08T09:59:17+00:00\",\"description\":\"Explore a transformative journey towards a new humanity at Schellhammer Institute. Driven by Dr. Schellhammer's 50 years of academic dedication, this ambitious project aims to revolutionize human development. Join us in challenging conventional wisdom, addressing systemic failures, and nurturing a new breed of leaders with a holistic approach to inner and outer systems. Uncover the secrets of meditation, navigate global challenges, and contribute to shaping the future of humanity. Be part of a movement that advocates personal development, questions dogmas, redefines education, and calls for a profound shift in societal values. Embark on a journey with Dr. Schellhammer, where wisdom, inner strength, and collective responsibility pave the way to a better world.\",\"breadcrumb\":{\"@id\":\"https:\\\/\\\/www.schellhammerinstitute.com\\\/leadership-2\\\/#breadcrumb\"},\"inLanguage\":\"es\",\"potentialAction\":[{\"@type\":\"ReadAction\",\"target\":[\"https:\\\/\\\/www.schellhammerinstitute.com\\\/leadership-2\\\/\"]}]},{\"@type\":\"ImageObject\",\"inLanguage\":\"es\",\"@id\":\"https:\\\/\\\/www.schellhammerinstitute.com\\\/leadership-2\\\/#primaryimage\",\"url\":\"https:\\\/\\\/www.schellhammerinstitute.com\\\/wp-content\\\/uploads\\\/41-3.png\",\"contentUrl\":\"https:\\\/\\\/www.schellhammerinstitute.com\\\/wp-content\\\/uploads\\\/41-3.png\",\"width\":2000,\"height\":800},{\"@type\":\"BreadcrumbList\",\"@id\":\"https:\\\/\\\/www.schellhammerinstitute.com\\\/leadership-2\\\/#breadcrumb\",\"itemListElement\":[{\"@type\":\"ListItem\",\"position\":1,\"name\":\"Home\",\"item\":\"https:\\\/\\\/www.schellhammerinstitute.com\\\/\"},{\"@type\":\"ListItem\",\"position\":2,\"name\":\"NEW LEADERSHIP\"}]},{\"@type\":\"WebSite\",\"@id\":\"https:\\\/\\\/www.schellhammerinstitute.com\\\/#website\",\"url\":\"https:\\\/\\\/www.schellhammerinstitute.com\\\/\",\"name\":\"Schellhammer Institute\",\"description\":\"We want to change the world for the better\",\"publisher\":{\"@id\":\"https:\\\/\\\/www.schellhammerinstitute.com\\\/#organization\"},\"alternateName\":\"The Schellhamer Institute\",\"potentialAction\":[{\"@type\":\"SearchAction\",\"target\":{\"@type\":\"EntryPoint\",\"urlTemplate\":\"https:\\\/\\\/www.schellhammerinstitute.com\\\/?s={search_term_string}\"},\"query-input\":{\"@type\":\"PropertyValueSpecification\",\"valueRequired\":true,\"valueName\":\"search_term_string\"}}],\"inLanguage\":\"es\"},{\"@type\":\"Organization\",\"@id\":\"https:\\\/\\\/www.schellhammerinstitute.com\\\/#organization\",\"name\":\"Schellhammer Institute\",\"alternateName\":\"Schellhammer Institute\",\"url\":\"https:\\\/\\\/www.schellhammerinstitute.com\\\/\",\"logo\":{\"@type\":\"ImageObject\",\"inLanguage\":\"es\",\"@id\":\"https:\\\/\\\/www.schellhammerinstitute.com\\\/#\\\/schema\\\/logo\\\/image\\\/\",\"url\":\"https:\\\/\\\/www.schellhammerinstitute.com\\\/wp-content\\\/uploads\\\/cropped-4-Photoroom.png\",\"contentUrl\":\"https:\\\/\\\/www.schellhammerinstitute.com\\\/wp-content\\\/uploads\\\/cropped-4-Photoroom.png\",\"width\":902,\"height\":901,\"caption\":\"Schellhammer Institute\"},\"image\":{\"@id\":\"https:\\\/\\\/www.schellhammerinstitute.com\\\/#\\\/schema\\\/logo\\\/image\\\/\"},\"sameAs\":[\"https:\\\/\\\/www.facebook.com\\\/schellhammerinstitute\",\"https:\\\/\\\/www.instagram.com\\\/schellhammerinstitute\",\"https:\\\/\\\/www.linkedin.com\\\/company\\\/schellhammerinstitute\"]}]}<\/script>\n<!-- \/ Yoast SEO plugin. -->","yoast_head_json":{"title":"NEW LEADERSHIP | Schellhammer Institute","description":"Explore un viaje transformador hacia una nueva humanidad en el Instituto Schellhammer. Impulsado por los 50 a\u00f1os de dedicaci\u00f3n acad\u00e9mica del Dr. Schellhammer, este ambicioso proyecto pretende revolucionar el desarrollo humano. \u00danase a nosotros para desafiar la sabidur\u00eda convencional, abordar los fallos sist\u00e9micos y nutrir una nueva raza de l\u00edderes con un enfoque hol\u00edstico de los sistemas internos y externos. Descubra los secretos de la meditaci\u00f3n, enfr\u00e9ntese a los retos mundiales y contribuya a forjar el futuro de la humanidad. Forme parte de un movimiento que aboga por el desarrollo personal, cuestiona los dogmas, redefine la educaci\u00f3n y reclama un cambio profundo en los valores de la sociedad. Emb\u00e1rquese en un viaje con el Dr. Schellhammer, en el que la sabidur\u00eda, la fuerza interior y la responsabilidad colectiva allanan el camino hacia un mundo mejor.","robots":{"index":"index","follow":"follow","max-snippet":"max-snippet:-1","max-image-preview":"max-image-preview:large","max-video-preview":"max-video-preview:-1"},"canonical":"https:\/\/www.schellhammerinstitute.com\/es\/liderazgo\/","og_locale":"es_ES","og_type":"article","og_title":"NEW LEADERSHIP | Schellhammer Institute","og_description":"Explore a transformative journey towards a new humanity at Schellhammer Institute. Driven by Dr. Schellhammer's 50 years of academic dedication, this ambitious project aims to revolutionize human development. Join us in challenging conventional wisdom, addressing systemic failures, and nurturing a new breed of leaders with a holistic approach to inner and outer systems. Uncover the secrets of meditation, navigate global challenges, and contribute to shaping the future of humanity. Be part of a movement that advocates personal development, questions dogmas, redefines education, and calls for a profound shift in societal values. Embark on a journey with Dr. Schellhammer, where wisdom, inner strength, and collective responsibility pave the way to a better world.","og_url":"https:\/\/www.schellhammerinstitute.com\/es\/liderazgo\/","og_site_name":"Schellhammer Institute","article_publisher":"https:\/\/www.facebook.com\/schellhammerinstitute","article_modified_time":"2024-05-08T09:59:17+00:00","og_image":[{"width":2000,"height":800,"url":"https:\/\/www.schellhammerinstitute.com\/wp-content\/uploads\/41-3.png","type":"image\/png"}],"twitter_card":"summary_large_image","twitter_misc":{"Tiempo de lectura":"4 minutos"},"schema":{"@context":"https:\/\/schema.org","@graph":[{"@type":"WebPage","@id":"https:\/\/www.schellhammerinstitute.com\/leadership-2\/","url":"https:\/\/www.schellhammerinstitute.com\/leadership-2\/","name":"NEW LEADERSHIP | Schellhammer Institute","isPartOf":{"@id":"https:\/\/www.schellhammerinstitute.com\/#website"},"primaryImageOfPage":{"@id":"https:\/\/www.schellhammerinstitute.com\/leadership-2\/#primaryimage"},"image":{"@id":"https:\/\/www.schellhammerinstitute.com\/leadership-2\/#primaryimage"},"thumbnailUrl":"https:\/\/www.schellhammerinstitute.com\/wp-content\/uploads\/41-3.png","datePublished":"2024-01-04T11:54:26+00:00","dateModified":"2024-05-08T09:59:17+00:00","description":"Explore un viaje transformador hacia una nueva humanidad en el Instituto Schellhammer. Impulsado por los 50 a\u00f1os de dedicaci\u00f3n acad\u00e9mica del Dr. Schellhammer, este ambicioso proyecto pretende revolucionar el desarrollo humano. \u00danase a nosotros para desafiar la sabidur\u00eda convencional, abordar los fallos sist\u00e9micos y nutrir una nueva raza de l\u00edderes con un enfoque hol\u00edstico de los sistemas internos y externos. Descubra los secretos de la meditaci\u00f3n, enfr\u00e9ntese a los retos mundiales y contribuya a forjar el futuro de la humanidad. Forme parte de un movimiento que aboga por el desarrollo personal, cuestiona los dogmas, redefine la educaci\u00f3n y reclama un cambio profundo en los valores de la sociedad. Emb\u00e1rquese en un viaje con el Dr. Schellhammer, en el que la sabidur\u00eda, la fuerza interior y la responsabilidad colectiva allanan el camino hacia un mundo mejor.","breadcrumb":{"@id":"https:\/\/www.schellhammerinstitute.com\/leadership-2\/#breadcrumb"},"inLanguage":"es","potentialAction":[{"@type":"ReadAction","target":["https:\/\/www.schellhammerinstitute.com\/leadership-2\/"]}]},{"@type":"ImageObject","inLanguage":"es","@id":"https:\/\/www.schellhammerinstitute.com\/leadership-2\/#primaryimage","url":"https:\/\/www.schellhammerinstitute.com\/wp-content\/uploads\/41-3.png","contentUrl":"https:\/\/www.schellhammerinstitute.com\/wp-content\/uploads\/41-3.png","width":2000,"height":800},{"@type":"BreadcrumbList","@id":"https:\/\/www.schellhammerinstitute.com\/leadership-2\/#breadcrumb","itemListElement":[{"@type":"ListItem","position":1,"name":"Home","item":"https:\/\/www.schellhammerinstitute.com\/"},{"@type":"ListItem","position":2,"name":"NEW LEADERSHIP"}]},{"@type":"WebSite","@id":"https:\/\/www.schellhammerinstitute.com\/#website","url":"https:\/\/www.schellhammerinstitute.com\/","name":"Instituci\u00f3n Schellhammer","description":"Queremos cambiar el mundo a mejor","publisher":{"@id":"https:\/\/www.schellhammerinstitute.com\/#organization"},"alternateName":"The Schellhamer Institute","potentialAction":[{"@type":"SearchAction","target":{"@type":"EntryPoint","urlTemplate":"https:\/\/www.schellhammerinstitute.com\/?s={search_term_string}"},"query-input":{"@type":"PropertyValueSpecification","valueRequired":true,"valueName":"search_term_string"}}],"inLanguage":"es"},{"@type":"Organization","@id":"https:\/\/www.schellhammerinstitute.com\/#organization","name":"Instituci\u00f3n Schellhammer","alternateName":"Schellhammer Institute","url":"https:\/\/www.schellhammerinstitute.com\/","logo":{"@type":"ImageObject","inLanguage":"es","@id":"https:\/\/www.schellhammerinstitute.com\/#\/schema\/logo\/image\/","url":"https:\/\/www.schellhammerinstitute.com\/wp-content\/uploads\/cropped-4-Photoroom.png","contentUrl":"https:\/\/www.schellhammerinstitute.com\/wp-content\/uploads\/cropped-4-Photoroom.png","width":902,"height":901,"caption":"Schellhammer Institute"},"image":{"@id":"https:\/\/www.schellhammerinstitute.com\/#\/schema\/logo\/image\/"},"sameAs":["https:\/\/www.facebook.com\/schellhammerinstitute","https:\/\/www.instagram.com\/schellhammerinstitute","https:\/\/www.linkedin.com\/company\/schellhammerinstitute"]}]}},"jetpack_sharing_enabled":true,"_links":{"self":[{"href":"https:\/\/www.schellhammerinstitute.com\/es\/wp-json\/wp\/v2\/pages\/13376","targetHints":{"allow":["GET"]}}],"collection":[{"href":"https:\/\/www.schellhammerinstitute.com\/es\/wp-json\/wp\/v2\/pages"}],"about":[{"href":"https:\/\/www.schellhammerinstitute.com\/es\/wp-json\/wp\/v2\/types\/page"}],"author":[{"embeddable":true,"href":"https:\/\/www.schellhammerinstitute.com\/es\/wp-json\/wp\/v2\/users\/1"}],"replies":[{"embeddable":true,"href":"https:\/\/www.schellhammerinstitute.com\/es\/wp-json\/wp\/v2\/comments?post=13376"}],"version-history":[{"count":31,"href":"https:\/\/www.schellhammerinstitute.com\/es\/wp-json\/wp\/v2\/pages\/13376\/revisions"}],"predecessor-version":[{"id":14472,"href":"https:\/\/www.schellhammerinstitute.com\/es\/wp-json\/wp\/v2\/pages\/13376\/revisions\/14472"}],"wp:featuredmedia":[{"embeddable":true,"href":"https:\/\/www.schellhammerinstitute.com\/es\/wp-json\/wp\/v2\/media\/14289"}],"wp:attachment":[{"href":"https:\/\/www.schellhammerinstitute.com\/es\/wp-json\/wp\/v2\/media?parent=13376"}],"curies":[{"name":"wp","href":"https:\/\/api.w.org\/{rel}","templated":true}]}}