{"id":7698,"date":"2018-11-12T10:39:21","date_gmt":"2018-11-12T10:39:21","guid":{"rendered":"https:\/\/www.schellhammerinstitute.com\/entscheidung\/"},"modified":"2018-11-12T12:19:19","modified_gmt":"2018-11-12T12:19:19","slug":"entscheidung","status":"publish","type":"page","link":"https:\/\/www.schellhammerinstitute.com\/en\/entscheidung\/","title":{"rendered":"Entscheidung"},"content":{"rendered":"<p style=\"text-align: center;\"><strong>Das Kruzifix: Abwesenheit von Gott und Leben<\/strong><\/p>\n<p style=\"text-align: center;\"><img fetchpriority=\"high\" decoding=\"async\" class=\"aligncenter size-full wp-image-7678\" src=\"https:\/\/www.schellhammerinstitute.com\/wp-content\/uploads\/cross-jesus-bible-god-161034.jpeg\" alt=\"Crucifix\" width=\"1280\" height=\"959\" srcset=\"https:\/\/www.schellhammerinstitute.com\/wp-content\/uploads\/\/cross-jesus-bible-god-161034.jpeg 1280w, https:\/\/www.schellhammerinstitute.com\/wp-content\/uploads\/\/cross-jesus-bible-god-161034-300x225.jpeg 300w, https:\/\/www.schellhammerinstitute.com\/wp-content\/uploads\/\/cross-jesus-bible-god-161034-600x450.jpeg 600w, https:\/\/www.schellhammerinstitute.com\/wp-content\/uploads\/\/cross-jesus-bible-god-161034-1024x767.jpeg 1024w, https:\/\/www.schellhammerinstitute.com\/wp-content\/uploads\/\/cross-jesus-bible-god-161034-768x575.jpeg 768w\" sizes=\"(max-width: 1280px) 100vw, 1280px\" \/><\/p>\n<p style=\"text-align: center;\">Todesstrafe wie der elektrische Stuhl oder die t\u00f6dliche Injektion heute!<br \/>\nLeiche: Tod, Ende, Trauer, Leid, Hoffnungslosigkeit, Dunkelheit, Verlassenheit und Abwesenheit Gottes!<br \/>\nKeine Hoffnung, keine Liebe, keine Sorge, keine Eifer, keine Gerechtigkeit und keine Kraft des inneren Geistes!<br \/>\nKein Leben, keine Lebensfreude, kein Gl\u00fcck, keine Zufriedenheit, keine Lust und keine Erf\u00fcllung!<br \/>\nSchwere Last, Anklagen, Erhitzung von Hass, Depression, Angst, Schuld, Wut und Rache!<\/p>\n<p style=\"text-align: center;\"><strong>Das Lebenssymbol: Urspr\u00fcngliche Quelle Gottes<\/strong><\/p>\n<p style=\"text-align: center;\"><img decoding=\"async\" class=\"aligncenter wp-image-6510\" src=\"https:\/\/www.schellhammerinstitute.com\/wp-content\/uploads\/mandala.png\" alt=\"Life Symbol\" width=\"383\" height=\"389\" srcset=\"https:\/\/www.schellhammerinstitute.com\/wp-content\/uploads\/\/mandala.png 557w, https:\/\/www.schellhammerinstitute.com\/wp-content\/uploads\/\/mandala-300x304.png 300w, https:\/\/www.schellhammerinstitute.com\/wp-content\/uploads\/\/mandala-296x300.png 296w\" sizes=\"(max-width: 383px) 100vw, 383px\" \/><\/p>\n<p style=\"text-align: center;\">Mensch, Leben, Liebe, Freude, Lebensfreude, Lust, voller Leben, Zufriedenheit, Gl\u00fcck, Hoffnung, Gerechtigkeit, Frieden, Kraft des inneren Geistes, zentriert im inneren Geist, allumfassendes Leben, Totalit\u00e4t, Vollst\u00e4ndigkeit, Gleichgewicht, Offenheit, Licht, Zuversicht, Ziel, psychisch-spirituelle Entwicklung, Erf\u00fcllung, Verbindung der realen und spirituellen Welt, Erf\u00fcllung der Archetypen der Seele, Quelle des Lebens, Katharsis, Erneuerung, Vers\u00f6hnung, Vergebung, Erl\u00f6sung, Erl\u00f6sung und Gegenwart Gottes!<\/p>\n<p style=\"text-align: center;\"><strong>Das \u201aSchellhammer Institute\u2018 \u00f6ffnet neue Wege f\u00fcr die Menschheit\u00a0<\/strong><strong>mit verschiedenen Bildungsprogrammen!<\/strong><\/p>\n","protected":false},"excerpt":{"rendered":"<p>Das Kruzifix: Abwesenheit von Gott und Leben Todesstrafe wie der elektrische Stuhl oder die t\u00f6dliche Injektion heute! Leiche: Tod, Ende, Trauer, Leid, Hoffnungslosigkeit, Dunkelheit, Verlassenheit und Abwesenheit Gottes! Keine Hoffnung, keine Liebe, keine Sorge, keine Eifer, keine Gerechtigkeit und keine Kraft des inneren Geistes! Kein Leben, keine Lebensfreude, kein Gl\u00fcck, keine Zufriedenheit, keine Lust und [&hellip;]<\/p>\n","protected":false},"author":1,"featured_media":0,"parent":0,"menu_order":0,"comment_status":"closed","ping_status":"closed","template":"template-fullwidth.php","meta":{"saved_in_kubio":false,"footnotes":""},"class_list":["post-7698","page","type-page","status-publish","hentry"],"kubio_ai_page_context":{"short_desc":"","purpose":"general"},"yoast_head":"<!-- This site is optimized with the Yoast SEO plugin v27.3 - https:\/\/yoast.com\/product\/yoast-seo-wordpress\/ -->\n<title>Entscheidung | Schellhammer Institute<\/title>\n<meta name=\"robots\" content=\"index, follow, max-snippet:-1, max-image-preview:large, max-video-preview:-1\" \/>\n<link rel=\"canonical\" href=\"https:\/\/www.schellhammerinstitute.com\/en\/entscheidung\/\" \/>\n<meta property=\"og:locale\" content=\"en_GB\" \/>\n<meta property=\"og:type\" content=\"article\" \/>\n<meta property=\"og:title\" content=\"Entscheidung | Schellhammer Institute\" \/>\n<meta property=\"og:description\" content=\"Das Kruzifix: Abwesenheit von Gott und Leben Todesstrafe wie der elektrische Stuhl oder die t\u00f6dliche Injektion heute! Leiche: Tod, Ende, Trauer, Leid, Hoffnungslosigkeit, Dunkelheit, Verlassenheit und Abwesenheit Gottes! Keine Hoffnung, keine Liebe, keine Sorge, keine Eifer, keine Gerechtigkeit und keine Kraft des inneren Geistes! Kein Leben, keine Lebensfreude, kein Gl\u00fcck, keine Zufriedenheit, keine Lust und [&hellip;]\" \/>\n<meta property=\"og:url\" content=\"https:\/\/www.schellhammerinstitute.com\/en\/entscheidung\/\" \/>\n<meta property=\"og:site_name\" content=\"Schellhammer Institute\" \/>\n<meta property=\"article:publisher\" content=\"https:\/\/www.facebook.com\/schellhammerinstitute\" \/>\n<meta property=\"article:modified_time\" content=\"2018-11-12T12:19:19+00:00\" \/>\n<meta property=\"og:image\" content=\"https:\/\/www.schellhammerinstitute.com\/wp-content\/uploads\/cross-jesus-bible-god-161034.jpeg\" \/>\n<meta name=\"twitter:card\" content=\"summary_large_image\" \/>\n<meta name=\"twitter:label1\" content=\"Estimated reading time\" \/>\n\t<meta name=\"twitter:data1\" content=\"1 minute\" \/>\n<script type=\"application\/ld+json\" class=\"yoast-schema-graph\">{\"@context\":\"https:\\\/\\\/schema.org\",\"@graph\":[{\"@type\":\"WebPage\",\"@id\":\"https:\\\/\\\/www.schellhammerinstitute.com\\\/de\\\/entscheidung\\\/\",\"url\":\"https:\\\/\\\/www.schellhammerinstitute.com\\\/de\\\/entscheidung\\\/\",\"name\":\"Entscheidung | Schellhammer Institute\",\"isPartOf\":{\"@id\":\"https:\\\/\\\/www.schellhammerinstitute.com\\\/#website\"},\"primaryImageOfPage\":{\"@id\":\"https:\\\/\\\/www.schellhammerinstitute.com\\\/de\\\/entscheidung\\\/#primaryimage\"},\"image\":{\"@id\":\"https:\\\/\\\/www.schellhammerinstitute.com\\\/de\\\/entscheidung\\\/#primaryimage\"},\"thumbnailUrl\":\"https:\\\/\\\/www.schellhammerinstitute.com\\\/wp-content\\\/uploads\\\/cross-jesus-bible-god-161034.jpeg\",\"datePublished\":\"2018-11-12T10:39:21+00:00\",\"dateModified\":\"2018-11-12T12:19:19+00:00\",\"breadcrumb\":{\"@id\":\"https:\\\/\\\/www.schellhammerinstitute.com\\\/de\\\/entscheidung\\\/#breadcrumb\"},\"inLanguage\":\"en-GB\",\"potentialAction\":[{\"@type\":\"ReadAction\",\"target\":[\"https:\\\/\\\/www.schellhammerinstitute.com\\\/de\\\/entscheidung\\\/\"]}]},{\"@type\":\"ImageObject\",\"inLanguage\":\"en-GB\",\"@id\":\"https:\\\/\\\/www.schellhammerinstitute.com\\\/de\\\/entscheidung\\\/#primaryimage\",\"url\":\"https:\\\/\\\/www.schellhammerinstitute.com\\\/wp-content\\\/uploads\\\/cross-jesus-bible-god-161034.jpeg\",\"contentUrl\":\"https:\\\/\\\/www.schellhammerinstitute.com\\\/wp-content\\\/uploads\\\/cross-jesus-bible-god-161034.jpeg\"},{\"@type\":\"BreadcrumbList\",\"@id\":\"https:\\\/\\\/www.schellhammerinstitute.com\\\/de\\\/entscheidung\\\/#breadcrumb\",\"itemListElement\":[{\"@type\":\"ListItem\",\"position\":1,\"name\":\"Home\",\"item\":\"https:\\\/\\\/www.schellhammerinstitute.com\\\/\"},{\"@type\":\"ListItem\",\"position\":2,\"name\":\"Entscheidung\"}]},{\"@type\":\"WebSite\",\"@id\":\"https:\\\/\\\/www.schellhammerinstitute.com\\\/#website\",\"url\":\"https:\\\/\\\/www.schellhammerinstitute.com\\\/\",\"name\":\"Schellhammer Institute\",\"description\":\"We want to change the world for the better\",\"publisher\":{\"@id\":\"https:\\\/\\\/www.schellhammerinstitute.com\\\/#organization\"},\"alternateName\":\"The Schellhamer Institute\",\"potentialAction\":[{\"@type\":\"SearchAction\",\"target\":{\"@type\":\"EntryPoint\",\"urlTemplate\":\"https:\\\/\\\/www.schellhammerinstitute.com\\\/?s={search_term_string}\"},\"query-input\":{\"@type\":\"PropertyValueSpecification\",\"valueRequired\":true,\"valueName\":\"search_term_string\"}}],\"inLanguage\":\"en-GB\"},{\"@type\":\"Organization\",\"@id\":\"https:\\\/\\\/www.schellhammerinstitute.com\\\/#organization\",\"name\":\"Schellhammer Institute\",\"alternateName\":\"Schellhammer Institute\",\"url\":\"https:\\\/\\\/www.schellhammerinstitute.com\\\/\",\"logo\":{\"@type\":\"ImageObject\",\"inLanguage\":\"en-GB\",\"@id\":\"https:\\\/\\\/www.schellhammerinstitute.com\\\/#\\\/schema\\\/logo\\\/image\\\/\",\"url\":\"https:\\\/\\\/www.schellhammerinstitute.com\\\/wp-content\\\/uploads\\\/cropped-4-Photoroom.png\",\"contentUrl\":\"https:\\\/\\\/www.schellhammerinstitute.com\\\/wp-content\\\/uploads\\\/cropped-4-Photoroom.png\",\"width\":902,\"height\":901,\"caption\":\"Schellhammer Institute\"},\"image\":{\"@id\":\"https:\\\/\\\/www.schellhammerinstitute.com\\\/#\\\/schema\\\/logo\\\/image\\\/\"},\"sameAs\":[\"https:\\\/\\\/www.facebook.com\\\/schellhammerinstitute\",\"https:\\\/\\\/www.instagram.com\\\/schellhammerinstitute\",\"https:\\\/\\\/www.linkedin.com\\\/company\\\/schellhammerinstitute\"]}]}<\/script>\n<!-- \/ Yoast SEO plugin. -->","yoast_head_json":{"title":"Entscheidung | Schellhammer Institute","robots":{"index":"index","follow":"follow","max-snippet":"max-snippet:-1","max-image-preview":"max-image-preview:large","max-video-preview":"max-video-preview:-1"},"canonical":"https:\/\/www.schellhammerinstitute.com\/en\/entscheidung\/","og_locale":"en_GB","og_type":"article","og_title":"Entscheidung | Schellhammer Institute","og_description":"Das Kruzifix: Abwesenheit von Gott und Leben Todesstrafe wie der elektrische Stuhl oder die t\u00f6dliche Injektion heute! Leiche: Tod, Ende, Trauer, Leid, Hoffnungslosigkeit, Dunkelheit, Verlassenheit und Abwesenheit Gottes! Keine Hoffnung, keine Liebe, keine Sorge, keine Eifer, keine Gerechtigkeit und keine Kraft des inneren Geistes! Kein Leben, keine Lebensfreude, kein Gl\u00fcck, keine Zufriedenheit, keine Lust und [&hellip;]","og_url":"https:\/\/www.schellhammerinstitute.com\/en\/entscheidung\/","og_site_name":"Schellhammer Institute","article_publisher":"https:\/\/www.facebook.com\/schellhammerinstitute","article_modified_time":"2018-11-12T12:19:19+00:00","og_image":[{"url":"https:\/\/www.schellhammerinstitute.com\/wp-content\/uploads\/cross-jesus-bible-god-161034.jpeg","type":"","width":"","height":""}],"twitter_card":"summary_large_image","twitter_misc":{"Estimated reading time":"1 minute"},"schema":{"@context":"https:\/\/schema.org","@graph":[{"@type":"WebPage","@id":"https:\/\/www.schellhammerinstitute.com\/de\/entscheidung\/","url":"https:\/\/www.schellhammerinstitute.com\/de\/entscheidung\/","name":"Entscheidung | Schellhammer Institute","isPartOf":{"@id":"https:\/\/www.schellhammerinstitute.com\/#website"},"primaryImageOfPage":{"@id":"https:\/\/www.schellhammerinstitute.com\/de\/entscheidung\/#primaryimage"},"image":{"@id":"https:\/\/www.schellhammerinstitute.com\/de\/entscheidung\/#primaryimage"},"thumbnailUrl":"https:\/\/www.schellhammerinstitute.com\/wp-content\/uploads\/cross-jesus-bible-god-161034.jpeg","datePublished":"2018-11-12T10:39:21+00:00","dateModified":"2018-11-12T12:19:19+00:00","breadcrumb":{"@id":"https:\/\/www.schellhammerinstitute.com\/de\/entscheidung\/#breadcrumb"},"inLanguage":"en-GB","potentialAction":[{"@type":"ReadAction","target":["https:\/\/www.schellhammerinstitute.com\/de\/entscheidung\/"]}]},{"@type":"ImageObject","inLanguage":"en-GB","@id":"https:\/\/www.schellhammerinstitute.com\/de\/entscheidung\/#primaryimage","url":"https:\/\/www.schellhammerinstitute.com\/wp-content\/uploads\/cross-jesus-bible-god-161034.jpeg","contentUrl":"https:\/\/www.schellhammerinstitute.com\/wp-content\/uploads\/cross-jesus-bible-god-161034.jpeg"},{"@type":"BreadcrumbList","@id":"https:\/\/www.schellhammerinstitute.com\/de\/entscheidung\/#breadcrumb","itemListElement":[{"@type":"ListItem","position":1,"name":"Home","item":"https:\/\/www.schellhammerinstitute.com\/"},{"@type":"ListItem","position":2,"name":"Entscheidung"}]},{"@type":"WebSite","@id":"https:\/\/www.schellhammerinstitute.com\/#website","url":"https:\/\/www.schellhammerinstitute.com\/","name":"Schellhammer Institute","description":"We want to change the world for the better","publisher":{"@id":"https:\/\/www.schellhammerinstitute.com\/#organization"},"alternateName":"The Schellhamer Institute","potentialAction":[{"@type":"SearchAction","target":{"@type":"EntryPoint","urlTemplate":"https:\/\/www.schellhammerinstitute.com\/?s={search_term_string}"},"query-input":{"@type":"PropertyValueSpecification","valueRequired":true,"valueName":"search_term_string"}}],"inLanguage":"en-GB"},{"@type":"Organization","@id":"https:\/\/www.schellhammerinstitute.com\/#organization","name":"Schellhammer Institute","alternateName":"Schellhammer Institute","url":"https:\/\/www.schellhammerinstitute.com\/","logo":{"@type":"ImageObject","inLanguage":"en-GB","@id":"https:\/\/www.schellhammerinstitute.com\/#\/schema\/logo\/image\/","url":"https:\/\/www.schellhammerinstitute.com\/wp-content\/uploads\/cropped-4-Photoroom.png","contentUrl":"https:\/\/www.schellhammerinstitute.com\/wp-content\/uploads\/cropped-4-Photoroom.png","width":902,"height":901,"caption":"Schellhammer Institute"},"image":{"@id":"https:\/\/www.schellhammerinstitute.com\/#\/schema\/logo\/image\/"},"sameAs":["https:\/\/www.facebook.com\/schellhammerinstitute","https:\/\/www.instagram.com\/schellhammerinstitute","https:\/\/www.linkedin.com\/company\/schellhammerinstitute"]}]}},"jetpack_sharing_enabled":true,"_links":{"self":[{"href":"https:\/\/www.schellhammerinstitute.com\/en\/wp-json\/wp\/v2\/pages\/7698","targetHints":{"allow":["GET"]}}],"collection":[{"href":"https:\/\/www.schellhammerinstitute.com\/en\/wp-json\/wp\/v2\/pages"}],"about":[{"href":"https:\/\/www.schellhammerinstitute.com\/en\/wp-json\/wp\/v2\/types\/page"}],"author":[{"embeddable":true,"href":"https:\/\/www.schellhammerinstitute.com\/en\/wp-json\/wp\/v2\/users\/1"}],"replies":[{"embeddable":true,"href":"https:\/\/www.schellhammerinstitute.com\/en\/wp-json\/wp\/v2\/comments?post=7698"}],"version-history":[{"count":0,"href":"https:\/\/www.schellhammerinstitute.com\/en\/wp-json\/wp\/v2\/pages\/7698\/revisions"}],"wp:attachment":[{"href":"https:\/\/www.schellhammerinstitute.com\/en\/wp-json\/wp\/v2\/media?parent=7698"}],"curies":[{"name":"wp","href":"https:\/\/api.w.org\/{rel}","templated":true}]}}