{"id":7134,"date":"2018-02-17T20:35:17","date_gmt":"2018-02-17T20:35:17","guid":{"rendered":"https:\/\/www.schellhammerinstitute.com\/?page_id=7134"},"modified":"2018-03-31T19:54:50","modified_gmt":"2018-03-31T19:54:50","slug":"ueber-uns","status":"publish","type":"page","link":"https:\/\/www.schellhammerinstitute.com\/en\/ueber-uns\/","title":{"rendered":"\u00dcber uns"},"content":{"rendered":"<p>Das Schellhammer Institut wurde 1978 als \u201ePsychoanalyische Lebensschule\u201c in der Schweiz (Z\u00fcrich) gegr\u00fcndet. Das Schellhammer Institut ist \u00fcber: Entdecken, Spiritualit\u00e4t, Selbst-Erforschung und Erf\u00fcllung durch den Prozess der Individuation. Das Ziel ist, den Teilnehmern einen Durchbruch in ihrem pers\u00f6nlichen Leben, Erf\u00fcllung im Beruf, ein tieferes Verstehen des archetypischen Sinns des Lebens, innere Katharsis und die vollst\u00e4ndige Absolution zu vermitteln.<\/p>\n<p>Das Kursprogramm setzt neue Massst\u00e4be f\u00fcr eine all-umfassende pers\u00f6nliche Entwicklung, f\u00fcr zukunftsgerichtete Expertise und F\u00fchrungsverantwortung in allen Systemen der Gesellschaft.<\/p>\n<p><strong>Gezeugt und geboren: wozu, wenn nicht f\u00fcr innere Ganzheit und Erf\u00fcllung zu erschaffen?<\/strong><\/p>\n<ul>\n<li>Sie erhalten ein tiefes Verst\u00e4ndnis \u00fcber die mentalen Funktionen und das innere Leben.<\/li>\n<li>Sie erhalten ein sehr pr\u00e4zises Verst\u00e4ndnis \u00fcber das reale menschliche Leben.<\/li>\n<li>Sie erhalten das bestm\u00f6gliche Konzept der Selbsterkenntnis, um sich selbst zu verstehen.<\/li>\n<li>Sie erhalten den effizientesten und sehr tragf\u00e4higen Weg f\u00fcr Ihre Entwicklung.<\/li>\n<li>Sie werden Ihre F\u00e4higkeiten f\u00fcr eine gut funktionierende Beziehung verbessern.<\/li>\n<li>Sie erhalten das psychologische und praktische Wissen \u00fcber menschliche Themen.<\/li>\n<li>Sie st\u00e4rken Ihre Pers\u00f6nlichkeit auf eine all-umfassende, ganzheitliche Weise.<\/li>\n<li>Sie werden f\u00e4hig, Schw\u00e4chen, Probleme und Konflikte aller Art zu l\u00f6sen.<\/li>\n<li>Sie formen stabile Qualit\u00e4ten und wirkungsvolle F\u00e4higkeiten, um das Leben zu managen.<\/li>\n<li>Sie werden sich als Mensch gegen\u00fcber der sich ver\u00e4ndernden Welt viel st\u00e4rker erleben.<\/li>\n<li>Sie wachsen im Selbstvertrauen und werden auf echte Weise stark im sozialen Leben.<\/li>\n<li>Sie reduzieren deutlich alle Arten von kritischen Vorf\u00e4llen in Ihrem pes\u00f6nlichen Leben.<\/li>\n<li>Sie werden die schlimmen Probleme der Welt und ihre Ursachen verstehen.<\/li>\n<li>Sie werden den Zusammenhang zwischen Menschen und Problemen der Welt verstehen.<\/li>\n<li>Sie werden nachvollziehbar verstehen, was die \u201awahre Religion\u2018 wirklich ist.<\/li>\n<li>Sie werden auch den Betrug der christlichen Religion und ihre Praktiken verstehen.<\/li>\n<li>Sie werden den Betrug in Politik, Wirtschaft und \u00f6ffentlicher Bildung verstehen.<\/li>\n<li>Sie werden einen konzeptuellen Zugang finden, wie die globalen Probleme zu l\u00f6sen sind.<\/li>\n<li>Sie werden \u00fcber viele professionelle Verantwortlichkeiten sehr kompetent werden.<\/li>\n<li>Sie werden eine klare Perspektive \u00fcber die kommenden Jahrzehnte haben: Ihre Zukunft!<\/li>\n<\/ul>\n<p><em>Dr. Eduard Schellhammer: \u201e40 Jahre Erforschungen und 80.000 Stunden Analysen, immer bearbeitet mit Kontemplationen, waren n\u00f6tig, um die Menschen, die psychisch-geistige Evolution, die l\u00fcgenhaften Ziele der Politik, der Wirtschaft, der \u00f6ffentlichen Bildung, der Religion, der Spiritualit\u00e4t und des Zustandes der Menschheit und der Welt zu erfassen und zu verstehen, um Ihnen heute unser aussergew\u00f6hnliches Bildungsprogramm zu offerieren.\u201c<\/em><\/p>\n<p style=\"text-align: center;\"><strong>Die Menschheit braucht ein neues Konzept f\u00fcr das Menschsein, eine neue Spiritualit\u00e4t und eine neue \u201aArt\u2018 evolution\u00e4rer Menschen!<\/strong><\/p>\n<p style=\"text-align: center;\"><strong>Die Menschheit braucht eine neue Generation rundum bestens vorbereiteter F\u00fchrer in allen Feldern menschlicher Bem\u00fchungen!<\/strong><\/p>\n<p style=\"text-align: center;\"><strong>Die Menschheit braucht ein neues Konpzept f\u00fcr Business Schools, Universit\u00e4ten und Bildung!<\/strong><\/p>\n<p style=\"text-align: center;\"><strong>Die Menschheit muss die wahre archetypische Spiritualit\u00e4t (\u201aReligion\u2018) zur\u00fcckfordern, die bis heute nie etabliert werden konnte!<\/strong><\/p>\n<div style=\"width: 40%; padding: 0 10pt 0 0; float: left;\">\n<p><strong>Bahnbrechender \u00dcberblick<\/strong><\/p>\n<ul>\n<li>Archetypische Fundierung<\/li>\n<li>Neue Arten zu denken<\/li>\n<li>Neue Wege zu L\u00f6sungen<\/li>\n<li>Absolut bahnbrechend<\/li>\n<li>Global unerreicht<\/li>\n<li>Unvorstellbare Befreiung<\/li>\n<li>F\u00fcr Katharis und Erneuerung<\/li>\n<li>F\u00fcr eine neue Menschheit<\/li>\n<li>Echte g\u00f6ttliche Absolution<\/li>\n<\/ul>\n<\/div>\n<div style=\"width: 40%; padding: 0 10pt 0 0; float: right;\">\n<p><strong>Fakten kurz gefasst<\/strong><\/p>\n<ul>\n<li>Nachvollziehbar<\/li>\n<li>R\u00fcckverfolgbar<\/li>\n<li>Reproduzierbar<\/li>\n<li>F\u00fcr alle Altersgruppen<\/li>\n<li>Frei von Dogma<\/li>\n<li>Frei von Fundamentalismus<\/li>\n<li>Frei von spirituellen Luftblasen<\/li>\n<li>Frei von Neurotizismus<\/li>\n<li>Frei von Narzissmus<\/li>\n<\/ul>\n<\/div>\n","protected":false},"excerpt":{"rendered":"<p>Das Schellhammer Institut wurde 1978 als \u201ePsychoanalyische Lebensschule\u201c in der Schweiz (Z\u00fcrich) gegr\u00fcndet. Das Schellhammer Institut ist \u00fcber: Entdecken, Spiritualit\u00e4t, Selbst-Erforschung und Erf\u00fcllung durch den Prozess der Individuation. Das Ziel ist, den Teilnehmern einen Durchbruch in ihrem pers\u00f6nlichen Leben, Erf\u00fcllung im Beruf, ein tieferes Verstehen des archetypischen Sinns des Lebens, innere Katharsis und die vollst\u00e4ndige [&hellip;]<\/p>\n","protected":false},"author":1,"featured_media":0,"parent":0,"menu_order":0,"comment_status":"closed","ping_status":"closed","template":"template-fullwidth.php","meta":{"saved_in_kubio":false,"footnotes":""},"class_list":["post-7134","page","type-page","status-publish","hentry"],"kubio_ai_page_context":{"short_desc":"","purpose":"general"},"yoast_head":"<!-- This site is optimized with the Yoast SEO plugin v27.6 - https:\/\/yoast.com\/product\/yoast-seo-wordpress\/ -->\n<title>\u00dcber uns | Schellhammer Institute<\/title>\n<meta name=\"robots\" content=\"index, follow, max-snippet:-1, max-image-preview:large, max-video-preview:-1\" \/>\n<link rel=\"canonical\" href=\"https:\/\/www.schellhammerinstitute.com\/en\/ueber-uns\/\" \/>\n<meta property=\"og:locale\" content=\"en_GB\" \/>\n<meta property=\"og:type\" content=\"article\" \/>\n<meta property=\"og:title\" content=\"\u00dcber uns | Schellhammer Institute\" \/>\n<meta property=\"og:description\" content=\"Das Schellhammer Institut wurde 1978 als \u201ePsychoanalyische Lebensschule\u201c in der Schweiz (Z\u00fcrich) gegr\u00fcndet. Das Schellhammer Institut ist \u00fcber: Entdecken, Spiritualit\u00e4t, Selbst-Erforschung und Erf\u00fcllung durch den Prozess der Individuation. Das Ziel ist, den Teilnehmern einen Durchbruch in ihrem pers\u00f6nlichen Leben, Erf\u00fcllung im Beruf, ein tieferes Verstehen des archetypischen Sinns des Lebens, innere Katharsis und die vollst\u00e4ndige [&hellip;]\" \/>\n<meta property=\"og:url\" content=\"https:\/\/www.schellhammerinstitute.com\/en\/ueber-uns\/\" \/>\n<meta property=\"og:site_name\" content=\"Schellhammer Institute\" \/>\n<meta property=\"article:publisher\" content=\"https:\/\/www.facebook.com\/schellhammerinstitute\" \/>\n<meta property=\"article:modified_time\" content=\"2018-03-31T19:54:50+00:00\" \/>\n<meta property=\"og:image\" content=\"https:\/\/www.schellhammerinstitute.com\/wp-content\/uploads\/Schellhammer-LOGO-FINAL-high-quality-FINAL.pdf-4.webp\" \/>\n\t<meta property=\"og:image:width\" content=\"1357\" \/>\n\t<meta property=\"og:image:height\" content=\"1920\" \/>\n\t<meta property=\"og:image:type\" content=\"image\/webp\" \/>\n<meta name=\"twitter:card\" content=\"summary_large_image\" \/>\n<meta name=\"twitter:label1\" content=\"Estimated reading time\" \/>\n\t<meta name=\"twitter:data1\" content=\"3 minutes\" \/>\n<script type=\"application\/ld+json\" class=\"yoast-schema-graph\">{\"@context\":\"https:\\\/\\\/schema.org\",\"@graph\":[{\"@type\":\"WebPage\",\"@id\":\"https:\\\/\\\/www.schellhammerinstitute.com\\\/de\\\/ueber-uns\\\/\",\"url\":\"https:\\\/\\\/www.schellhammerinstitute.com\\\/de\\\/ueber-uns\\\/\",\"name\":\"\u00dcber uns | Schellhammer Institute\",\"isPartOf\":{\"@id\":\"https:\\\/\\\/www.schellhammerinstitute.com\\\/#website\"},\"datePublished\":\"2018-02-17T20:35:17+00:00\",\"dateModified\":\"2018-03-31T19:54:50+00:00\",\"breadcrumb\":{\"@id\":\"https:\\\/\\\/www.schellhammerinstitute.com\\\/de\\\/ueber-uns\\\/#breadcrumb\"},\"inLanguage\":\"en-GB\",\"potentialAction\":[{\"@type\":\"ReadAction\",\"target\":[\"https:\\\/\\\/www.schellhammerinstitute.com\\\/de\\\/ueber-uns\\\/\"]}]},{\"@type\":\"BreadcrumbList\",\"@id\":\"https:\\\/\\\/www.schellhammerinstitute.com\\\/de\\\/ueber-uns\\\/#breadcrumb\",\"itemListElement\":[{\"@type\":\"ListItem\",\"position\":1,\"name\":\"Home\",\"item\":\"https:\\\/\\\/www.schellhammerinstitute.com\\\/\"},{\"@type\":\"ListItem\",\"position\":2,\"name\":\"\u00dcber uns\"}]},{\"@type\":\"WebSite\",\"@id\":\"https:\\\/\\\/www.schellhammerinstitute.com\\\/#website\",\"url\":\"https:\\\/\\\/www.schellhammerinstitute.com\\\/\",\"name\":\"Schellhammer Institute\",\"description\":\"We want to change the world for the better\",\"publisher\":{\"@id\":\"https:\\\/\\\/www.schellhammerinstitute.com\\\/#organization\"},\"alternateName\":\"The Schellhamer Institute\",\"potentialAction\":[{\"@type\":\"SearchAction\",\"target\":{\"@type\":\"EntryPoint\",\"urlTemplate\":\"https:\\\/\\\/www.schellhammerinstitute.com\\\/?s={search_term_string}\"},\"query-input\":{\"@type\":\"PropertyValueSpecification\",\"valueRequired\":true,\"valueName\":\"search_term_string\"}}],\"inLanguage\":\"en-GB\"},{\"@type\":\"Organization\",\"@id\":\"https:\\\/\\\/www.schellhammerinstitute.com\\\/#organization\",\"name\":\"Schellhammer Institute\",\"alternateName\":\"Schellhammer Institute\",\"url\":\"https:\\\/\\\/www.schellhammerinstitute.com\\\/\",\"logo\":{\"@type\":\"ImageObject\",\"inLanguage\":\"en-GB\",\"@id\":\"https:\\\/\\\/www.schellhammerinstitute.com\\\/#\\\/schema\\\/logo\\\/image\\\/\",\"url\":\"https:\\\/\\\/www.schellhammerinstitute.com\\\/wp-content\\\/uploads\\\/cropped-4-Photoroom.png\",\"contentUrl\":\"https:\\\/\\\/www.schellhammerinstitute.com\\\/wp-content\\\/uploads\\\/cropped-4-Photoroom.png\",\"width\":902,\"height\":901,\"caption\":\"Schellhammer Institute\"},\"image\":{\"@id\":\"https:\\\/\\\/www.schellhammerinstitute.com\\\/#\\\/schema\\\/logo\\\/image\\\/\"},\"sameAs\":[\"https:\\\/\\\/www.facebook.com\\\/schellhammerinstitute\",\"https:\\\/\\\/www.instagram.com\\\/schellhammerinstitute\",\"https:\\\/\\\/www.linkedin.com\\\/company\\\/schellhammerinstitute\"]}]}<\/script>\n<!-- \/ Yoast SEO plugin. -->","yoast_head_json":{"title":"\u00dcber uns | Schellhammer Institute","robots":{"index":"index","follow":"follow","max-snippet":"max-snippet:-1","max-image-preview":"max-image-preview:large","max-video-preview":"max-video-preview:-1"},"canonical":"https:\/\/www.schellhammerinstitute.com\/en\/ueber-uns\/","og_locale":"en_GB","og_type":"article","og_title":"\u00dcber uns | Schellhammer Institute","og_description":"Das Schellhammer Institut wurde 1978 als \u201ePsychoanalyische Lebensschule\u201c in der Schweiz (Z\u00fcrich) gegr\u00fcndet. Das Schellhammer Institut ist \u00fcber: Entdecken, Spiritualit\u00e4t, Selbst-Erforschung und Erf\u00fcllung durch den Prozess der Individuation. Das Ziel ist, den Teilnehmern einen Durchbruch in ihrem pers\u00f6nlichen Leben, Erf\u00fcllung im Beruf, ein tieferes Verstehen des archetypischen Sinns des Lebens, innere Katharsis und die vollst\u00e4ndige [&hellip;]","og_url":"https:\/\/www.schellhammerinstitute.com\/en\/ueber-uns\/","og_site_name":"Schellhammer Institute","article_publisher":"https:\/\/www.facebook.com\/schellhammerinstitute","article_modified_time":"2018-03-31T19:54:50+00:00","og_image":[{"width":1357,"height":1920,"url":"https:\/\/www.schellhammerinstitute.com\/wp-content\/uploads\/Schellhammer-LOGO-FINAL-high-quality-FINAL.pdf-4.webp","type":"image\/webp"}],"twitter_card":"summary_large_image","twitter_misc":{"Estimated reading time":"3 minutes"},"schema":{"@context":"https:\/\/schema.org","@graph":[{"@type":"WebPage","@id":"https:\/\/www.schellhammerinstitute.com\/de\/ueber-uns\/","url":"https:\/\/www.schellhammerinstitute.com\/de\/ueber-uns\/","name":"\u00dcber uns | Schellhammer Institute","isPartOf":{"@id":"https:\/\/www.schellhammerinstitute.com\/#website"},"datePublished":"2018-02-17T20:35:17+00:00","dateModified":"2018-03-31T19:54:50+00:00","breadcrumb":{"@id":"https:\/\/www.schellhammerinstitute.com\/de\/ueber-uns\/#breadcrumb"},"inLanguage":"en-GB","potentialAction":[{"@type":"ReadAction","target":["https:\/\/www.schellhammerinstitute.com\/de\/ueber-uns\/"]}]},{"@type":"BreadcrumbList","@id":"https:\/\/www.schellhammerinstitute.com\/de\/ueber-uns\/#breadcrumb","itemListElement":[{"@type":"ListItem","position":1,"name":"Home","item":"https:\/\/www.schellhammerinstitute.com\/"},{"@type":"ListItem","position":2,"name":"\u00dcber uns"}]},{"@type":"WebSite","@id":"https:\/\/www.schellhammerinstitute.com\/#website","url":"https:\/\/www.schellhammerinstitute.com\/","name":"Schellhammer Institute","description":"We want to change the world for the better","publisher":{"@id":"https:\/\/www.schellhammerinstitute.com\/#organization"},"alternateName":"The Schellhamer Institute","potentialAction":[{"@type":"SearchAction","target":{"@type":"EntryPoint","urlTemplate":"https:\/\/www.schellhammerinstitute.com\/?s={search_term_string}"},"query-input":{"@type":"PropertyValueSpecification","valueRequired":true,"valueName":"search_term_string"}}],"inLanguage":"en-GB"},{"@type":"Organization","@id":"https:\/\/www.schellhammerinstitute.com\/#organization","name":"Schellhammer Institute","alternateName":"Schellhammer Institute","url":"https:\/\/www.schellhammerinstitute.com\/","logo":{"@type":"ImageObject","inLanguage":"en-GB","@id":"https:\/\/www.schellhammerinstitute.com\/#\/schema\/logo\/image\/","url":"https:\/\/www.schellhammerinstitute.com\/wp-content\/uploads\/cropped-4-Photoroom.png","contentUrl":"https:\/\/www.schellhammerinstitute.com\/wp-content\/uploads\/cropped-4-Photoroom.png","width":902,"height":901,"caption":"Schellhammer Institute"},"image":{"@id":"https:\/\/www.schellhammerinstitute.com\/#\/schema\/logo\/image\/"},"sameAs":["https:\/\/www.facebook.com\/schellhammerinstitute","https:\/\/www.instagram.com\/schellhammerinstitute","https:\/\/www.linkedin.com\/company\/schellhammerinstitute"]}]}},"jetpack_sharing_enabled":true,"_links":{"self":[{"href":"https:\/\/www.schellhammerinstitute.com\/en\/wp-json\/wp\/v2\/pages\/7134","targetHints":{"allow":["GET"]}}],"collection":[{"href":"https:\/\/www.schellhammerinstitute.com\/en\/wp-json\/wp\/v2\/pages"}],"about":[{"href":"https:\/\/www.schellhammerinstitute.com\/en\/wp-json\/wp\/v2\/types\/page"}],"author":[{"embeddable":true,"href":"https:\/\/www.schellhammerinstitute.com\/en\/wp-json\/wp\/v2\/users\/1"}],"replies":[{"embeddable":true,"href":"https:\/\/www.schellhammerinstitute.com\/en\/wp-json\/wp\/v2\/comments?post=7134"}],"version-history":[{"count":0,"href":"https:\/\/www.schellhammerinstitute.com\/en\/wp-json\/wp\/v2\/pages\/7134\/revisions"}],"wp:attachment":[{"href":"https:\/\/www.schellhammerinstitute.com\/en\/wp-json\/wp\/v2\/media?parent=7134"}],"curies":[{"name":"wp","href":"https:\/\/api.w.org\/{rel}","templated":true}]}}