{"id":14104,"date":"2024-01-15T15:10:30","date_gmt":"2024-01-15T15:10:30","guid":{"rendered":"https:\/\/www.schellhammerinstitute.com\/?page_id=14104"},"modified":"2024-01-17T15:40:30","modified_gmt":"2024-01-17T15:40:30","slug":"personal-profile","status":"publish","type":"page","link":"https:\/\/www.schellhammerinstitute.com\/en\/personal-profile\/","title":{"rendered":"PERS\u00d6NLICHES PROFIL"},"content":{"rendered":"<h1>QUALIFIKATIONEN<\/h1>\n<ul>\n<li>Lic. Psychologie, Philosophische Anthropologie, Theoretische P\u00e4dagogik und Statistik: 1970-1973 (Universit\u00e4t Freiburg und Kiel)<\/li>\n<\/ul>\n<ul>\n<li>Ph.D. P\u00e4dagogik, Psychologie und Philosophie: -1975 (Universit\u00e4t Z\u00fcrich)<\/li>\n<\/ul>\n<h2>WEITERE QUALIFIKATIONEN<\/h2>\n<p>Ich nahm an zahlreichen weltweiten Programmen zu verschiedenen Themen teil und wurde ein anerkannter Praktiker in den Bereichen Naturmedizin, Psychonaturologie, Naturheilkunde, Meditation, Traumdeutung, psychische Energie und Unbewusstes.<\/p>\n<ul>\n<li>Bioinformation: Januar 1992 (Europ\u00e4ische Akademie f\u00fcr Naturheilkunde)<\/li>\n<\/ul>\n<ul>\n<li>Master in Psychonaturologie: April 1992 (Sociedad Espa\u00f1ola de Medicina Holistica)<\/li>\n<\/ul>\n<ul>\n<li>Diplom in Psychonaturologie: Mai 1992 (F.E.D.I.N.E)<\/li>\n<\/ul>\n<ul>\n<li>Parapsychologie und mentale Techniken: Oktober 1992 (Hispanoamerikanisches Institut f\u00fcr Parapsychologie in Barcelona)<\/li>\n<\/ul>\n<ul>\n<li>Traditionelle Medizin und alternative Hygienetechniken, November 1992 (Nationale Universit\u00e4t des Amazonas \u2013 Madrid)<\/li>\n<\/ul>\n<ul>\n<li>Lizenz Naturheilkunde: Juni 1993 (The University of the Americas)<\/li>\n<\/ul>\n<h1>BERUFSERFAHRUNG<\/h1>\n<h2>Gr\u00fcnder und Pr\u00e4sident der Schellhammer Business School (SBS) und des Schellhammer Institute (SI) (gegr\u00fcndet 2009 bis heute)<\/h2>\n<p>Eine privat finanzierte, unabh\u00e4ngig akkreditierte internationale Bildungsgruppe mit Sitz in S\u00fcdspanien SBS bietet eine Vielzahl von Grund-, Studien- und Masterprogrammen an, die sich auf evolution\u00e4re Konzepte zur Schaffung nachhaltiger Unternehmen, eine neue Generation von F\u00fchrungskr\u00e4ften auf der Grundlage archetypischer Entwicklung und ein neues Verst\u00e4ndnis des menschlichen Lebens konzentrieren. und der Sinn und die mentalen Funktionen des Lebens.<\/p>\n<p>SI bietet ein globales Programm f\u00fcr New Leadership sowie eine Vielzahl lokaler Kurse und Workshops an, um die grundlegenden Fragen der Menschheit zu beantworten, alles mit dem klaren Ziel: \u201eDie Menschheit zu st\u00e4rken, echte menschliche Entwicklung zu f\u00f6rdern und den Planeten zu retten.\u201c<\/p>\n<h2>Life- und Business-Coaching-Praxis, Spanien (1988-2011)<\/h2>\n<p>Da 80 % des Erfolgs oder Misserfolgs der meisten Unternehmen von psychologischen Faktoren abh\u00e4ngt, habe ich \u00fcber 1000 zufriedenen Kunden Lebens- und Gesch\u00e4ftscoaching angeboten und meinen Kindern bei der Pr\u00e4sentation von Verhandlungsstrategien und der Gr\u00fcndung ihres eigenen Maklerunternehmens geholfen.<\/p>\n<h2>Psychotherapeutische Praxis, Z\u00fcrich, Schweiz (1978-1988)<\/h2>\n<p>Besitzte und leitete eine erfolgreiche psychotherapeutische Praxis und Schule f\u00fcr pers\u00f6nliche Entwicklung (in Zusammenarbeit mit einer psychiatrischen Klinik), die \u00fcber 1500 Klienten und Studenten betreute.<\/p>\n<h2>Assistenzprofessor an der Universit\u00e4t Z\u00fcrich (1973-1978)<\/h2>\n<p>Ich habe an der Universit\u00e4t Z\u00fcrich \u201eMethodologie der Sozialwissenschaften\u201c (einschlie\u00dflich Statistik und Programmierung) und \u201eInnovation in der Bildung\u201c gelehrt; Psychopathologie und P\u00e4dagogik an verschiedenen Berufsschulen, darunter dem Roten Kreuz, der Krankenhausschule f\u00fcr Krankenhausmanager und der Schule f\u00fcr Heilp\u00e4dagogik.<\/p>\n<h2>Meine Vision und Mission<\/h2>\n<p>Mein Traum ist das Produkt von \u00fcber 50 Jahren Reisen und akademischen Erkundungen. Dies f\u00fchrte mich zu meiner pers\u00f6nlichen Schlussfolgerung, dass heute jeder \u00fcber gen\u00fcgend innere Kraft verf\u00fcgt, um mit der richtigen F\u00fchrung die Gesellschaft leicht ver\u00e4ndern zu k\u00f6nnen, um eine weiterentwickelte Menschheit zu f\u00f6rdern, in der sich der Einzelne seiner vielen inneren Welten bewusst wird und diese wirklich entdeckt Wert ihrer Existenz auf diesem Planeten, so dass die Schaffung einer erm\u00e4chtigten Welt mit einem vollst\u00e4ndigen Verst\u00e4ndnis der Natur, mit der wir sind und die uns umgibt, eins sein wird. Vor allem stelle ich mir eine Zukunft vor, in der wir lernen, uns selbst zu respektieren und welche Gaben die Natur uns gegeben hat, um unsere eigenen gro\u00dfen inneren Werte zu lernen und weiterzuentwickeln.<\/p>\n<p>Dar\u00fcber hinaus ist es meine Vision, dass, wenn sich die Welt t\u00e4glich, und sei es auch nur f\u00fcr einen Moment, in einem vereinten mentalen Ruf nach Frieden und Harmonie vereint, dieser Tsunami mentaler Kraft die Welt in ihren Grundfesten ersch\u00fcttern und einen systemischen Wandel bewirken w\u00fcrde, der nicht politisch ist Macht h\u00e4tte die F\u00e4higkeit, festzuhalten. Das ist mein Traum und meine Vision f\u00fcr die Gr\u00fcndung des Schellahmmer-Instituts.<\/p>\n<h2>Meine pers\u00f6nlichen Werte und \u00dcberzeugungen<\/h2>\n<p>Ich glaube, dass wir alle auf diese Welt gekommen sind, um unser Inneres zu entdecken, die riesige Welt, die uns umgibt und uns n\u00e4hrt. Das bedeutet, dass wir aufgefordert sind, entsprechend zu handeln und diese pers\u00f6nliche Pflicht in unserem Geist, K\u00f6rper und unserer Seele zu erf\u00fcllen. Wir haben die Wahl, zu handeln und uns weiterzuentwickeln oder unsere Berufung zu ignorieren und zu stagnieren. Ich pers\u00f6nlich bin davon \u00fcberzeugt, dass dieser Entdeckungsweg ein kontinuierlicher lebenslanger Prozess ist. Das ultimative Ziel dieser Entdeckung ist es, unsere Existenz in den Welten zu verbessern, die dieser gegenw\u00e4rtigen Welt folgen, in der wir jetzt leben.<\/p>\n<p>Vor allem sch\u00e4tze ich die Bedeutung der Selbstfindung, des Selbstmanagements und des st\u00e4ndigen Lernens. Dies ist eine Voraussetzung daf\u00fcr, jede Erfahrung als Chance zu akzeptieren und anzuerkennen, als Person zu wachsen und aus m\u00f6glichen und wahrscheinlichen Fehlern zu lernen, die ich auf meiner Reise machen werde. Regelm\u00e4\u00dfige Selbstreflexion ist unerl\u00e4sslich, um ein besserer Mensch zu werden und andere im Allgemeinen zu verstehen.<\/p>\n<h2>Methodik<\/h2>\n<p>Ich halte diese Vision und diesen Glauben aufrecht, indem ich versuche, mein erworbenes Wissen \u00fcber jede verf\u00fcgbare Kommunikationsform mit m\u00f6glichst vielen Menschen zu teilen. Denn Bildung ist die Grundlage f\u00fcr alles, was ich als dynamischen Menschen erziehen m\u00f6chte. Dadurch entsteht eine Kettenreaktion, in deren Verlauf die Botschaft, die ich verbreite, wie ein Fluss durch die gesamte Menschheit flie\u00dft und so einen kritischen Wendepunkt in der Gesellschaft f\u00fcr diesen positiven evolution\u00e4ren Wandel herbeif\u00fchrt.<\/p>\n","protected":false},"excerpt":{"rendered":"<p>QUALIFIKATIONEN Lic. Psychologie, Philosophische Anthropologie, Theoretische P\u00e4dagogik und Statistik: 1970-1973 (Universit\u00e4t Freiburg und Kiel) Ph.D. P\u00e4dagogik, Psychologie und Philosophie: -1975 (Universit\u00e4t Z\u00fcrich) WEITERE QUALIFIKATIONEN Ich nahm an zahlreichen weltweiten Programmen zu verschiedenen Themen teil und wurde ein anerkannter Praktiker in den Bereichen Naturmedizin, Psychonaturologie, Naturheilkunde, Meditation, Traumdeutung, psychische Energie und Unbewusstes. Bioinformation: Januar 1992 (Europ\u00e4ische [&hellip;]<\/p>\n","protected":false},"author":5,"featured_media":14116,"parent":0,"menu_order":0,"comment_status":"closed","ping_status":"closed","template":"","meta":{"saved_in_kubio":false,"footnotes":""},"class_list":["post-14104","page","type-page","status-publish","has-post-thumbnail","hentry"],"kubio_ai_page_context":{"short_desc":"","purpose":"general"},"yoast_head":"<!-- This site is optimized with the Yoast SEO plugin v27.5 - https:\/\/yoast.com\/product\/yoast-seo-wordpress\/ -->\n<title>PERS\u00d6NLICHES PROFIL | Schellhammer Institute<\/title>\n<meta name=\"description\" content=\"Dr. Schellhammers Akkreditierung, umfangreiche Berufserfahrung im Bereich Psychologie, Philosophie und anderen Bereichen sowie seine \u00dcberzeugungen.\" \/>\n<meta name=\"robots\" content=\"index, follow, max-snippet:-1, max-image-preview:large, max-video-preview:-1\" \/>\n<link rel=\"canonical\" href=\"https:\/\/www.schellhammerinstitute.com\/en\/personal-profile\/\" \/>\n<meta property=\"og:locale\" content=\"en_GB\" \/>\n<meta property=\"og:type\" content=\"article\" \/>\n<meta property=\"og:title\" content=\"PERS\u00d6NLICHES PROFIL | Schellhammer Institute\" \/>\n<meta property=\"og:description\" content=\"Dr. Schellhammers Akkreditierung, umfangreiche Berufserfahrung im Bereich Psychologie, Philosophie und anderen Bereichen sowie seine \u00dcberzeugungen.\" \/>\n<meta property=\"og:url\" content=\"https:\/\/www.schellhammerinstitute.com\/en\/personal-profile\/\" \/>\n<meta property=\"og:site_name\" content=\"Schellhammer Institute\" \/>\n<meta property=\"article:publisher\" content=\"https:\/\/www.facebook.com\/schellhammerinstitute\" \/>\n<meta property=\"article:modified_time\" content=\"2024-01-17T15:40:30+00:00\" \/>\n<meta property=\"og:image\" content=\"https:\/\/www.schellhammerinstitute.com\/wp-content\/uploads\/DEDICATED-TO-FREEING-HUMANITY.-2.png\" \/>\n\t<meta property=\"og:image:width\" content=\"2000\" \/>\n\t<meta property=\"og:image:height\" content=\"800\" \/>\n\t<meta property=\"og:image:type\" content=\"image\/png\" \/>\n<meta name=\"twitter:card\" content=\"summary_large_image\" \/>\n<meta name=\"twitter:label1\" content=\"Estimated reading time\" \/>\n\t<meta name=\"twitter:data1\" content=\"4 minutes\" \/>\n<script type=\"application\/ld+json\" class=\"yoast-schema-graph\">{\"@context\":\"https:\\\/\\\/schema.org\",\"@graph\":[{\"@type\":\"WebPage\",\"@id\":\"https:\\\/\\\/www.schellhammerinstitute.com\\\/de\\\/personal-profile\\\/\",\"url\":\"https:\\\/\\\/www.schellhammerinstitute.com\\\/de\\\/personal-profile\\\/\",\"name\":\"PERS\u00d6NLICHES PROFIL | Schellhammer Institute\",\"isPartOf\":{\"@id\":\"https:\\\/\\\/www.schellhammerinstitute.com\\\/#website\"},\"primaryImageOfPage\":{\"@id\":\"https:\\\/\\\/www.schellhammerinstitute.com\\\/de\\\/personal-profile\\\/#primaryimage\"},\"image\":{\"@id\":\"https:\\\/\\\/www.schellhammerinstitute.com\\\/de\\\/personal-profile\\\/#primaryimage\"},\"thumbnailUrl\":\"https:\\\/\\\/www.schellhammerinstitute.com\\\/wp-content\\\/uploads\\\/DEDICATED-TO-FREEING-HUMANITY.-2.png\",\"datePublished\":\"2024-01-15T15:10:30+00:00\",\"dateModified\":\"2024-01-17T15:40:30+00:00\",\"description\":\"Dr. Schellhammers Akkreditierung, umfangreiche Berufserfahrung im Bereich Psychologie, Philosophie und anderen Bereichen sowie seine \u00dcberzeugungen.\",\"breadcrumb\":{\"@id\":\"https:\\\/\\\/www.schellhammerinstitute.com\\\/de\\\/personal-profile\\\/#breadcrumb\"},\"inLanguage\":\"en-GB\",\"potentialAction\":[{\"@type\":\"ReadAction\",\"target\":[\"https:\\\/\\\/www.schellhammerinstitute.com\\\/de\\\/personal-profile\\\/\"]}]},{\"@type\":\"ImageObject\",\"inLanguage\":\"en-GB\",\"@id\":\"https:\\\/\\\/www.schellhammerinstitute.com\\\/de\\\/personal-profile\\\/#primaryimage\",\"url\":\"https:\\\/\\\/www.schellhammerinstitute.com\\\/wp-content\\\/uploads\\\/DEDICATED-TO-FREEING-HUMANITY.-2.png\",\"contentUrl\":\"https:\\\/\\\/www.schellhammerinstitute.com\\\/wp-content\\\/uploads\\\/DEDICATED-TO-FREEING-HUMANITY.-2.png\",\"width\":2000,\"height\":800},{\"@type\":\"BreadcrumbList\",\"@id\":\"https:\\\/\\\/www.schellhammerinstitute.com\\\/de\\\/personal-profile\\\/#breadcrumb\",\"itemListElement\":[{\"@type\":\"ListItem\",\"position\":1,\"name\":\"Home\",\"item\":\"https:\\\/\\\/www.schellhammerinstitute.com\\\/\"},{\"@type\":\"ListItem\",\"position\":2,\"name\":\"PERS\u00d6NLICHES PROFIL\"}]},{\"@type\":\"WebSite\",\"@id\":\"https:\\\/\\\/www.schellhammerinstitute.com\\\/#website\",\"url\":\"https:\\\/\\\/www.schellhammerinstitute.com\\\/\",\"name\":\"Schellhammer Institute\",\"description\":\"We want to change the world for the better\",\"publisher\":{\"@id\":\"https:\\\/\\\/www.schellhammerinstitute.com\\\/#organization\"},\"alternateName\":\"The Schellhamer Institute\",\"potentialAction\":[{\"@type\":\"SearchAction\",\"target\":{\"@type\":\"EntryPoint\",\"urlTemplate\":\"https:\\\/\\\/www.schellhammerinstitute.com\\\/?s={search_term_string}\"},\"query-input\":{\"@type\":\"PropertyValueSpecification\",\"valueRequired\":true,\"valueName\":\"search_term_string\"}}],\"inLanguage\":\"en-GB\"},{\"@type\":\"Organization\",\"@id\":\"https:\\\/\\\/www.schellhammerinstitute.com\\\/#organization\",\"name\":\"Schellhammer Institute\",\"alternateName\":\"Schellhammer Institute\",\"url\":\"https:\\\/\\\/www.schellhammerinstitute.com\\\/\",\"logo\":{\"@type\":\"ImageObject\",\"inLanguage\":\"en-GB\",\"@id\":\"https:\\\/\\\/www.schellhammerinstitute.com\\\/#\\\/schema\\\/logo\\\/image\\\/\",\"url\":\"https:\\\/\\\/www.schellhammerinstitute.com\\\/wp-content\\\/uploads\\\/cropped-4-Photoroom.png\",\"contentUrl\":\"https:\\\/\\\/www.schellhammerinstitute.com\\\/wp-content\\\/uploads\\\/cropped-4-Photoroom.png\",\"width\":902,\"height\":901,\"caption\":\"Schellhammer Institute\"},\"image\":{\"@id\":\"https:\\\/\\\/www.schellhammerinstitute.com\\\/#\\\/schema\\\/logo\\\/image\\\/\"},\"sameAs\":[\"https:\\\/\\\/www.facebook.com\\\/schellhammerinstitute\",\"https:\\\/\\\/www.instagram.com\\\/schellhammerinstitute\",\"https:\\\/\\\/www.linkedin.com\\\/company\\\/schellhammerinstitute\"]}]}<\/script>\n<!-- \/ Yoast SEO plugin. -->","yoast_head_json":{"title":"PERS\u00d6NLICHES PROFIL | Schellhammer Institute","description":"Dr. Schellhammers Akkreditierung, umfangreiche Berufserfahrung im Bereich Psychologie, Philosophie und anderen Bereichen sowie seine \u00dcberzeugungen.","robots":{"index":"index","follow":"follow","max-snippet":"max-snippet:-1","max-image-preview":"max-image-preview:large","max-video-preview":"max-video-preview:-1"},"canonical":"https:\/\/www.schellhammerinstitute.com\/en\/personal-profile\/","og_locale":"en_GB","og_type":"article","og_title":"PERS\u00d6NLICHES PROFIL | Schellhammer Institute","og_description":"Dr. Schellhammers Akkreditierung, umfangreiche Berufserfahrung im Bereich Psychologie, Philosophie und anderen Bereichen sowie seine \u00dcberzeugungen.","og_url":"https:\/\/www.schellhammerinstitute.com\/en\/personal-profile\/","og_site_name":"Schellhammer Institute","article_publisher":"https:\/\/www.facebook.com\/schellhammerinstitute","article_modified_time":"2024-01-17T15:40:30+00:00","og_image":[{"width":2000,"height":800,"url":"https:\/\/www.schellhammerinstitute.com\/wp-content\/uploads\/DEDICATED-TO-FREEING-HUMANITY.-2.png","type":"image\/png"}],"twitter_card":"summary_large_image","twitter_misc":{"Estimated reading time":"4 minutes"},"schema":{"@context":"https:\/\/schema.org","@graph":[{"@type":"WebPage","@id":"https:\/\/www.schellhammerinstitute.com\/de\/personal-profile\/","url":"https:\/\/www.schellhammerinstitute.com\/de\/personal-profile\/","name":"PERS\u00d6NLICHES PROFIL | Schellhammer Institute","isPartOf":{"@id":"https:\/\/www.schellhammerinstitute.com\/#website"},"primaryImageOfPage":{"@id":"https:\/\/www.schellhammerinstitute.com\/de\/personal-profile\/#primaryimage"},"image":{"@id":"https:\/\/www.schellhammerinstitute.com\/de\/personal-profile\/#primaryimage"},"thumbnailUrl":"https:\/\/www.schellhammerinstitute.com\/wp-content\/uploads\/DEDICATED-TO-FREEING-HUMANITY.-2.png","datePublished":"2024-01-15T15:10:30+00:00","dateModified":"2024-01-17T15:40:30+00:00","description":"Dr. Schellhammers Akkreditierung, umfangreiche Berufserfahrung im Bereich Psychologie, Philosophie und anderen Bereichen sowie seine \u00dcberzeugungen.","breadcrumb":{"@id":"https:\/\/www.schellhammerinstitute.com\/de\/personal-profile\/#breadcrumb"},"inLanguage":"en-GB","potentialAction":[{"@type":"ReadAction","target":["https:\/\/www.schellhammerinstitute.com\/de\/personal-profile\/"]}]},{"@type":"ImageObject","inLanguage":"en-GB","@id":"https:\/\/www.schellhammerinstitute.com\/de\/personal-profile\/#primaryimage","url":"https:\/\/www.schellhammerinstitute.com\/wp-content\/uploads\/DEDICATED-TO-FREEING-HUMANITY.-2.png","contentUrl":"https:\/\/www.schellhammerinstitute.com\/wp-content\/uploads\/DEDICATED-TO-FREEING-HUMANITY.-2.png","width":2000,"height":800},{"@type":"BreadcrumbList","@id":"https:\/\/www.schellhammerinstitute.com\/de\/personal-profile\/#breadcrumb","itemListElement":[{"@type":"ListItem","position":1,"name":"Home","item":"https:\/\/www.schellhammerinstitute.com\/"},{"@type":"ListItem","position":2,"name":"PERS\u00d6NLICHES PROFIL"}]},{"@type":"WebSite","@id":"https:\/\/www.schellhammerinstitute.com\/#website","url":"https:\/\/www.schellhammerinstitute.com\/","name":"Schellhammer Institute","description":"We want to change the world for the better","publisher":{"@id":"https:\/\/www.schellhammerinstitute.com\/#organization"},"alternateName":"The Schellhamer Institute","potentialAction":[{"@type":"SearchAction","target":{"@type":"EntryPoint","urlTemplate":"https:\/\/www.schellhammerinstitute.com\/?s={search_term_string}"},"query-input":{"@type":"PropertyValueSpecification","valueRequired":true,"valueName":"search_term_string"}}],"inLanguage":"en-GB"},{"@type":"Organization","@id":"https:\/\/www.schellhammerinstitute.com\/#organization","name":"Schellhammer Institute","alternateName":"Schellhammer Institute","url":"https:\/\/www.schellhammerinstitute.com\/","logo":{"@type":"ImageObject","inLanguage":"en-GB","@id":"https:\/\/www.schellhammerinstitute.com\/#\/schema\/logo\/image\/","url":"https:\/\/www.schellhammerinstitute.com\/wp-content\/uploads\/cropped-4-Photoroom.png","contentUrl":"https:\/\/www.schellhammerinstitute.com\/wp-content\/uploads\/cropped-4-Photoroom.png","width":902,"height":901,"caption":"Schellhammer Institute"},"image":{"@id":"https:\/\/www.schellhammerinstitute.com\/#\/schema\/logo\/image\/"},"sameAs":["https:\/\/www.facebook.com\/schellhammerinstitute","https:\/\/www.instagram.com\/schellhammerinstitute","https:\/\/www.linkedin.com\/company\/schellhammerinstitute"]}]}},"jetpack_sharing_enabled":true,"_links":{"self":[{"href":"https:\/\/www.schellhammerinstitute.com\/en\/wp-json\/wp\/v2\/pages\/14104","targetHints":{"allow":["GET"]}}],"collection":[{"href":"https:\/\/www.schellhammerinstitute.com\/en\/wp-json\/wp\/v2\/pages"}],"about":[{"href":"https:\/\/www.schellhammerinstitute.com\/en\/wp-json\/wp\/v2\/types\/page"}],"author":[{"embeddable":true,"href":"https:\/\/www.schellhammerinstitute.com\/en\/wp-json\/wp\/v2\/users\/5"}],"replies":[{"embeddable":true,"href":"https:\/\/www.schellhammerinstitute.com\/en\/wp-json\/wp\/v2\/comments?post=14104"}],"version-history":[{"count":5,"href":"https:\/\/www.schellhammerinstitute.com\/en\/wp-json\/wp\/v2\/pages\/14104\/revisions"}],"predecessor-version":[{"id":14195,"href":"https:\/\/www.schellhammerinstitute.com\/en\/wp-json\/wp\/v2\/pages\/14104\/revisions\/14195"}],"wp:featuredmedia":[{"embeddable":true,"href":"https:\/\/www.schellhammerinstitute.com\/en\/wp-json\/wp\/v2\/media\/14116"}],"wp:attachment":[{"href":"https:\/\/www.schellhammerinstitute.com\/en\/wp-json\/wp\/v2\/media?parent=14104"}],"curies":[{"name":"wp","href":"https:\/\/api.w.org\/{rel}","templated":true}]}}