{"id":13386,"date":"2024-01-04T11:05:39","date_gmt":"2024-01-04T11:05:39","guid":{"rendered":"https:\/\/www.schellhammerinstitute.com\/home-2\/"},"modified":"2024-01-24T10:35:19","modified_gmt":"2024-01-24T10:35:19","slug":"home-2","status":"publish","type":"page","link":"https:\/\/www.schellhammerinstitute.com\/en\/home-2\/","title":{"rendered":"HOME ES"},"content":{"rendered":"<p style=\"text-align: center;\">S\u00e9 mejor t\u00fa, crea un mundo mejor!<\/p>\n<p style=\"text-align: center;\">Ofrecemos un centro \u00fanico en su tipo para que personas con ideas afines se re\u00fanan y discutan temas que cambiar\u00e1n el mundo desde la base. Ofrecemos seminarios y talleres sobre una variedad de temas.<\/p>\n<h3 style=\"text-align: center;\">LA INSPIRACI\u00d3N<\/h3>\n<p style=\"text-align: center;\">Creemos que el mundo est\u00e1 en una encrucijada. O elegimos cambiar el curso de la humanidad y encontrar soluciones a los problemas muy reales que todos sabemos que el mundo enfrentar\u00e1 en el futuro cercano, o la \u00fanica otra alternativa es enfrentar el fin de la sociedad tal como la conocemos ahora. Los estilos de vida actuales son insostenibles y las acciones que est\u00e1n tomando los l\u00edderes no son suficientes.<\/p>\n<p style=\"text-align: center;\">Nuestro fundador, el Dr. Eduard Schellhammer, ha dedicado su vida al estudio de estos problemas. Es muchas cosas, humanitario, educador, psic\u00f3logo, antrop\u00f3logo, mentor, gu\u00eda espiritual e ingeniero inform\u00e1tico.<\/p>\n<p style=\"text-align: center;\">El Dr. Eduard Schellhammer es el fundador de la Escuela de Negocios Schellhammer y del think tank independiente Schellhammer Institute. Descubra m\u00e1s sobre su extraordinaria vida y c\u00f3mo naci\u00f3 el Instituto Schellhammer.<\/p>\n","protected":false},"excerpt":{"rendered":"<p>S\u00e9 mejor t\u00fa, crea un mundo mejor! Ofrecemos un centro \u00fanico en su tipo para que personas con ideas afines se re\u00fanan y discutan temas que cambiar\u00e1n el mundo desde la base. Ofrecemos seminarios y talleres sobre una variedad de temas. LA INSPIRACI\u00d3N Creemos que el mundo est\u00e1 en una encrucijada. O elegimos cambiar el [&hellip;]<\/p>\n","protected":false},"author":1,"featured_media":14224,"parent":0,"menu_order":0,"comment_status":"closed","ping_status":"closed","template":"","meta":{"saved_in_kubio":false,"footnotes":""},"class_list":["post-13386","page","type-page","status-publish","has-post-thumbnail","hentry"],"kubio_ai_page_context":{"short_desc":"","purpose":"general"},"yoast_head":"<!-- This site is optimized with the Yoast SEO plugin v27.4 - https:\/\/yoast.com\/product\/yoast-seo-wordpress\/ -->\n<title>HOME ES | Schellhammer Institute<\/title>\n<meta name=\"robots\" content=\"index, follow, max-snippet:-1, max-image-preview:large, max-video-preview:-1\" \/>\n<link rel=\"canonical\" href=\"https:\/\/www.schellhammerinstitute.com\/en\/home-2\/\" \/>\n<meta property=\"og:locale\" content=\"en_GB\" \/>\n<meta property=\"og:type\" content=\"article\" \/>\n<meta property=\"og:title\" content=\"HOME ES | Schellhammer Institute\" \/>\n<meta property=\"og:description\" content=\"S\u00e9 mejor t\u00fa, crea un mundo mejor! Ofrecemos un centro \u00fanico en su tipo para que personas con ideas afines se re\u00fanan y discutan temas que cambiar\u00e1n el mundo desde la base. Ofrecemos seminarios y talleres sobre una variedad de temas. LA INSPIRACI\u00d3N Creemos que el mundo est\u00e1 en una encrucijada. O elegimos cambiar el [&hellip;]\" \/>\n<meta property=\"og:url\" content=\"https:\/\/www.schellhammerinstitute.com\/en\/home-2\/\" \/>\n<meta property=\"og:site_name\" content=\"Schellhammer Institute\" \/>\n<meta property=\"article:publisher\" content=\"https:\/\/www.facebook.com\/schellhammerinstitute\" \/>\n<meta property=\"article:modified_time\" content=\"2024-01-24T10:35:19+00:00\" \/>\n<meta property=\"og:image\" content=\"https:\/\/www.schellhammerinstitute.com\/wp-content\/uploads\/81-1.png\" \/>\n\t<meta property=\"og:image:width\" content=\"2000\" \/>\n\t<meta property=\"og:image:height\" content=\"800\" \/>\n\t<meta property=\"og:image:type\" content=\"image\/png\" \/>\n<meta name=\"twitter:card\" content=\"summary_large_image\" \/>\n<meta name=\"twitter:label1\" content=\"Estimated reading time\" \/>\n\t<meta name=\"twitter:data1\" content=\"1 minute\" \/>\n<script type=\"application\/ld+json\" class=\"yoast-schema-graph\">{\"@context\":\"https:\\\/\\\/schema.org\",\"@graph\":[{\"@type\":\"WebPage\",\"@id\":\"https:\\\/\\\/www.schellhammerinstitute.com\\\/home-2\\\/\",\"url\":\"https:\\\/\\\/www.schellhammerinstitute.com\\\/home-2\\\/\",\"name\":\"HOME ES | Schellhammer Institute\",\"isPartOf\":{\"@id\":\"https:\\\/\\\/www.schellhammerinstitute.com\\\/#website\"},\"primaryImageOfPage\":{\"@id\":\"https:\\\/\\\/www.schellhammerinstitute.com\\\/home-2\\\/#primaryimage\"},\"image\":{\"@id\":\"https:\\\/\\\/www.schellhammerinstitute.com\\\/home-2\\\/#primaryimage\"},\"thumbnailUrl\":\"https:\\\/\\\/www.schellhammerinstitute.com\\\/wp-content\\\/uploads\\\/81-1.png\",\"datePublished\":\"2024-01-04T11:05:39+00:00\",\"dateModified\":\"2024-01-24T10:35:19+00:00\",\"breadcrumb\":{\"@id\":\"https:\\\/\\\/www.schellhammerinstitute.com\\\/home-2\\\/#breadcrumb\"},\"inLanguage\":\"en-GB\",\"potentialAction\":[{\"@type\":\"ReadAction\",\"target\":[\"https:\\\/\\\/www.schellhammerinstitute.com\\\/home-2\\\/\"]}]},{\"@type\":\"ImageObject\",\"inLanguage\":\"en-GB\",\"@id\":\"https:\\\/\\\/www.schellhammerinstitute.com\\\/home-2\\\/#primaryimage\",\"url\":\"https:\\\/\\\/www.schellhammerinstitute.com\\\/wp-content\\\/uploads\\\/81-1.png\",\"contentUrl\":\"https:\\\/\\\/www.schellhammerinstitute.com\\\/wp-content\\\/uploads\\\/81-1.png\",\"width\":2000,\"height\":800},{\"@type\":\"BreadcrumbList\",\"@id\":\"https:\\\/\\\/www.schellhammerinstitute.com\\\/home-2\\\/#breadcrumb\",\"itemListElement\":[{\"@type\":\"ListItem\",\"position\":1,\"name\":\"Home\",\"item\":\"https:\\\/\\\/www.schellhammerinstitute.com\\\/\"},{\"@type\":\"ListItem\",\"position\":2,\"name\":\"HOME ES\"}]},{\"@type\":\"WebSite\",\"@id\":\"https:\\\/\\\/www.schellhammerinstitute.com\\\/#website\",\"url\":\"https:\\\/\\\/www.schellhammerinstitute.com\\\/\",\"name\":\"Schellhammer Institute\",\"description\":\"We want to change the world for the better\",\"publisher\":{\"@id\":\"https:\\\/\\\/www.schellhammerinstitute.com\\\/#organization\"},\"alternateName\":\"The Schellhamer Institute\",\"potentialAction\":[{\"@type\":\"SearchAction\",\"target\":{\"@type\":\"EntryPoint\",\"urlTemplate\":\"https:\\\/\\\/www.schellhammerinstitute.com\\\/?s={search_term_string}\"},\"query-input\":{\"@type\":\"PropertyValueSpecification\",\"valueRequired\":true,\"valueName\":\"search_term_string\"}}],\"inLanguage\":\"en-GB\"},{\"@type\":\"Organization\",\"@id\":\"https:\\\/\\\/www.schellhammerinstitute.com\\\/#organization\",\"name\":\"Schellhammer Institute\",\"alternateName\":\"Schellhammer Institute\",\"url\":\"https:\\\/\\\/www.schellhammerinstitute.com\\\/\",\"logo\":{\"@type\":\"ImageObject\",\"inLanguage\":\"en-GB\",\"@id\":\"https:\\\/\\\/www.schellhammerinstitute.com\\\/#\\\/schema\\\/logo\\\/image\\\/\",\"url\":\"https:\\\/\\\/www.schellhammerinstitute.com\\\/wp-content\\\/uploads\\\/cropped-4-Photoroom.png\",\"contentUrl\":\"https:\\\/\\\/www.schellhammerinstitute.com\\\/wp-content\\\/uploads\\\/cropped-4-Photoroom.png\",\"width\":902,\"height\":901,\"caption\":\"Schellhammer Institute\"},\"image\":{\"@id\":\"https:\\\/\\\/www.schellhammerinstitute.com\\\/#\\\/schema\\\/logo\\\/image\\\/\"},\"sameAs\":[\"https:\\\/\\\/www.facebook.com\\\/schellhammerinstitute\",\"https:\\\/\\\/www.instagram.com\\\/schellhammerinstitute\",\"https:\\\/\\\/www.linkedin.com\\\/company\\\/schellhammerinstitute\"]}]}<\/script>\n<!-- \/ Yoast SEO plugin. -->","yoast_head_json":{"title":"HOME ES | Schellhammer Institute","robots":{"index":"index","follow":"follow","max-snippet":"max-snippet:-1","max-image-preview":"max-image-preview:large","max-video-preview":"max-video-preview:-1"},"canonical":"https:\/\/www.schellhammerinstitute.com\/en\/home-2\/","og_locale":"en_GB","og_type":"article","og_title":"HOME ES | Schellhammer Institute","og_description":"S\u00e9 mejor t\u00fa, crea un mundo mejor! Ofrecemos un centro \u00fanico en su tipo para que personas con ideas afines se re\u00fanan y discutan temas que cambiar\u00e1n el mundo desde la base. Ofrecemos seminarios y talleres sobre una variedad de temas. LA INSPIRACI\u00d3N Creemos que el mundo est\u00e1 en una encrucijada. O elegimos cambiar el [&hellip;]","og_url":"https:\/\/www.schellhammerinstitute.com\/en\/home-2\/","og_site_name":"Schellhammer Institute","article_publisher":"https:\/\/www.facebook.com\/schellhammerinstitute","article_modified_time":"2024-01-24T10:35:19+00:00","og_image":[{"width":2000,"height":800,"url":"https:\/\/www.schellhammerinstitute.com\/wp-content\/uploads\/81-1.png","type":"image\/png"}],"twitter_card":"summary_large_image","twitter_misc":{"Estimated reading time":"1 minute"},"schema":{"@context":"https:\/\/schema.org","@graph":[{"@type":"WebPage","@id":"https:\/\/www.schellhammerinstitute.com\/home-2\/","url":"https:\/\/www.schellhammerinstitute.com\/home-2\/","name":"HOME ES | Schellhammer Institute","isPartOf":{"@id":"https:\/\/www.schellhammerinstitute.com\/#website"},"primaryImageOfPage":{"@id":"https:\/\/www.schellhammerinstitute.com\/home-2\/#primaryimage"},"image":{"@id":"https:\/\/www.schellhammerinstitute.com\/home-2\/#primaryimage"},"thumbnailUrl":"https:\/\/www.schellhammerinstitute.com\/wp-content\/uploads\/81-1.png","datePublished":"2024-01-04T11:05:39+00:00","dateModified":"2024-01-24T10:35:19+00:00","breadcrumb":{"@id":"https:\/\/www.schellhammerinstitute.com\/home-2\/#breadcrumb"},"inLanguage":"en-GB","potentialAction":[{"@type":"ReadAction","target":["https:\/\/www.schellhammerinstitute.com\/home-2\/"]}]},{"@type":"ImageObject","inLanguage":"en-GB","@id":"https:\/\/www.schellhammerinstitute.com\/home-2\/#primaryimage","url":"https:\/\/www.schellhammerinstitute.com\/wp-content\/uploads\/81-1.png","contentUrl":"https:\/\/www.schellhammerinstitute.com\/wp-content\/uploads\/81-1.png","width":2000,"height":800},{"@type":"BreadcrumbList","@id":"https:\/\/www.schellhammerinstitute.com\/home-2\/#breadcrumb","itemListElement":[{"@type":"ListItem","position":1,"name":"Home","item":"https:\/\/www.schellhammerinstitute.com\/"},{"@type":"ListItem","position":2,"name":"HOME ES"}]},{"@type":"WebSite","@id":"https:\/\/www.schellhammerinstitute.com\/#website","url":"https:\/\/www.schellhammerinstitute.com\/","name":"Schellhammer Institute","description":"We want to change the world for the better","publisher":{"@id":"https:\/\/www.schellhammerinstitute.com\/#organization"},"alternateName":"The Schellhamer Institute","potentialAction":[{"@type":"SearchAction","target":{"@type":"EntryPoint","urlTemplate":"https:\/\/www.schellhammerinstitute.com\/?s={search_term_string}"},"query-input":{"@type":"PropertyValueSpecification","valueRequired":true,"valueName":"search_term_string"}}],"inLanguage":"en-GB"},{"@type":"Organization","@id":"https:\/\/www.schellhammerinstitute.com\/#organization","name":"Schellhammer Institute","alternateName":"Schellhammer Institute","url":"https:\/\/www.schellhammerinstitute.com\/","logo":{"@type":"ImageObject","inLanguage":"en-GB","@id":"https:\/\/www.schellhammerinstitute.com\/#\/schema\/logo\/image\/","url":"https:\/\/www.schellhammerinstitute.com\/wp-content\/uploads\/cropped-4-Photoroom.png","contentUrl":"https:\/\/www.schellhammerinstitute.com\/wp-content\/uploads\/cropped-4-Photoroom.png","width":902,"height":901,"caption":"Schellhammer Institute"},"image":{"@id":"https:\/\/www.schellhammerinstitute.com\/#\/schema\/logo\/image\/"},"sameAs":["https:\/\/www.facebook.com\/schellhammerinstitute","https:\/\/www.instagram.com\/schellhammerinstitute","https:\/\/www.linkedin.com\/company\/schellhammerinstitute"]}]}},"jetpack_sharing_enabled":true,"_links":{"self":[{"href":"https:\/\/www.schellhammerinstitute.com\/en\/wp-json\/wp\/v2\/pages\/13386","targetHints":{"allow":["GET"]}}],"collection":[{"href":"https:\/\/www.schellhammerinstitute.com\/en\/wp-json\/wp\/v2\/pages"}],"about":[{"href":"https:\/\/www.schellhammerinstitute.com\/en\/wp-json\/wp\/v2\/types\/page"}],"author":[{"embeddable":true,"href":"https:\/\/www.schellhammerinstitute.com\/en\/wp-json\/wp\/v2\/users\/1"}],"replies":[{"embeddable":true,"href":"https:\/\/www.schellhammerinstitute.com\/en\/wp-json\/wp\/v2\/comments?post=13386"}],"version-history":[{"count":6,"href":"https:\/\/www.schellhammerinstitute.com\/en\/wp-json\/wp\/v2\/pages\/13386\/revisions"}],"predecessor-version":[{"id":14256,"href":"https:\/\/www.schellhammerinstitute.com\/en\/wp-json\/wp\/v2\/pages\/13386\/revisions\/14256"}],"wp:featuredmedia":[{"embeddable":true,"href":"https:\/\/www.schellhammerinstitute.com\/en\/wp-json\/wp\/v2\/media\/14224"}],"wp:attachment":[{"href":"https:\/\/www.schellhammerinstitute.com\/en\/wp-json\/wp\/v2\/media?parent=13386"}],"curies":[{"name":"wp","href":"https:\/\/api.w.org\/{rel}","templated":true}]}}