{"id":14236,"date":"2024-01-22T13:19:57","date_gmt":"2024-01-22T13:19:57","guid":{"rendered":"https:\/\/www.schellhammerinstitute.com\/?post_type=product&#038;p=14236"},"modified":"2024-01-24T13:39:38","modified_gmt":"2024-01-24T13:39:38","slug":"die_zukunft_in_ihren_handen","status":"publish","type":"product","link":"https:\/\/www.schellhammerinstitute.com\/de\/produkt\/die_zukunft_in_ihren_handen\/","title":{"rendered":"Die Zukunft in Ihren H\u00e4nden"},"content":{"rendered":"<div id=\"bookDescription_feature_div\" class=\"celwidget\" data-feature-name=\"bookDescription\" data-csa-c-type=\"widget\" data-csa-c-content-id=\"bookDescription\" data-csa-c-slot-id=\"bookDescription_feature_div\" data-csa-c-asin=\"1478377917\" data-csa-c-is-in-initial-active-row=\"false\" data-csa-c-id=\"gkjgdv-uhtkxi-y45pw8-2xvwor\" data-cel-widget=\"bookDescription_feature_div\">\n<div class=\"a-expander-collapsed-height a-row a-expander-container a-spacing-base a-expander-partial-collapse-container\" data-a-expander-name=\"book_description_expander\" data-a-expander-collapsed-height=\"280\">\n<div class=\"a-expander-content a-expander-partial-collapse-content\" aria-expanded=\"false\">Die aufgedeckten Wahrheiten und Fakten sind ungeheuerlich und \u00fcbersteigen jede Vorstellungskraft. Die gesammelten Statistiken sind in ihrer Gesamtheit mehr als entmutigend, sie sind hochbrisant und doch v\u00f6llig real. M\u00f6chten Sie die wahre Ursache und den wahren Grund f\u00fcr den Klimawandel, die zahllosen Todesf\u00e4lle und Opfer von Verkehrsunf\u00e4llen, Kriegen, Terrorismus, Armut, Elend, Leid und Verbrechen auf der ganzen Welt erfahren? Dieses Buch wird Ihr Leben f\u00fcr immer ver\u00e4ndern. Sind Sie bereit, die verborgene Wahrheit hinter der Gesellschaft und der Menschheit zu enth\u00fcllen? Sind Sie bereit, die wahre Wahrheit \u00fcber alles auf dieser Erde auszupacken?<\/div>\n<\/div>\n<\/div>\n<div id=\"globalStoreInfoBullets_feature_div\" class=\"celwidget\" data-feature-name=\"globalStoreInfoBullets\" data-csa-c-type=\"widget\" data-csa-c-content-id=\"globalStoreInfoBullets\" data-csa-c-slot-id=\"globalStoreInfoBullets_feature_div\" data-csa-c-asin=\"1478377917\" data-csa-c-is-in-initial-active-row=\"false\" data-csa-c-id=\"38wrg7-8201mi-c8cm8c-l3iewp\" data-cel-widget=\"globalStoreInfoBullets_feature_div\"><\/div>\n<div id=\"buyingOptionNostosBadge_feature_div\" class=\"celwidget\" data-feature-name=\"buyingOptionNostosBadge\" data-csa-c-type=\"widget\" data-csa-c-content-id=\"buyingOptionNostosBadge\" data-csa-c-slot-id=\"buyingOptionNostosBadge_feature_div\" data-csa-c-asin=\"1478377917\" data-csa-c-is-in-initial-active-row=\"false\" data-csa-c-id=\"nwd191-ihv5kf-hvcdfo-6y6b7d\" data-cel-widget=\"buyingOptionNostosBadge_feature_div\"><\/div>\n<div id=\"tellAmazon_feature_div\" class=\"celwidget\" data-feature-name=\"tellAmazon\" data-csa-c-type=\"widget\" data-csa-c-content-id=\"tellAmazon\" data-csa-c-slot-id=\"tellAmazon_feature_div\" data-csa-c-asin=\"1478377917\" data-csa-c-is-in-initial-active-row=\"false\" data-csa-c-id=\"nwjboh-wqgyo9-xfowqe-ll1zsz\" data-cel-widget=\"tellAmazon_feature_div\">\n<div class=\"celwidget c-f\" data-csa-op-log-render=\"\" data-csa-c-content-id=\"DsUnknown\" data-csa-c-slot-id=\"DsUnknown-1\" data-csa-c-type=\"widget\" data-csa-c-painter=\"tell-amazon-desktop-cards\" data-csa-c-id=\"3kwex8-lo3jkz-pu3kcf-ni1egi\" data-cel-widget=\"tell-amazon-desktop_DetailPage_0\">\n<div id=\"CardInstance2xQn4BEP5kWcb5OWN2bk4w\" data-card-metrics-id=\"tell-amazon-desktop_DetailPage_0\" data-acp-tracking=\"{}\" data-mix-claimed=\"true\"><\/div>\n<\/div>\n<\/div>\n<div id=\"richProductInformation_feature_div\" class=\"celwidget\" data-feature-name=\"richProductInformation\" data-csa-c-type=\"widget\" data-csa-c-content-id=\"richProductInformation\" data-csa-c-slot-id=\"richProductInformation_feature_div\" data-csa-c-asin=\"1478377917\" data-csa-c-is-in-initial-active-row=\"false\" data-csa-c-id=\"l0jvct-yg41xh-qugkeo-ht2xtl\" data-cel-widget=\"richProductInformation_feature_div\">\n<div id=\"rich_product_information\" class=\"a-section a-spacing-none celwidget\" data-csa-c-id=\"io7bnt-2begp-ryt8du-gli535\" data-cel-widget=\"rich_product_information\"><\/div>\n<\/div>","protected":false},"excerpt":{"rendered":"<p>Die aufgedeckten Wahrheiten und Fakten sind ungeheuerlich und \u00fcbersteigen jede Vorstellungskraft. Die gesammelten Statistiken sind in ihrer Gesamtheit mehr als entmutigend, sie sind hochbrisant und doch v\u00f6llig real. M\u00f6chten Sie die wahre Ursache und den wahren Grund f\u00fcr den Klimawandel, die zahllosen Todesf\u00e4lle und Opfer von Verkehrsunf\u00e4llen, Kriegen, Terrorismus, Armut, Elend, Leid und Verbrechen auf der ganzen Welt erfahren? Dieses Buch wird Ihr Leben f\u00fcr immer ver\u00e4ndern. Sind Sie bereit, die verborgene Wahrheit hinter der Gesellschaft und der Menschheit zu enth\u00fcllen? Sind Sie bereit, die wahre Wahrheit \u00fcber alles auf dieser Erde auszupacken?<\/p>","protected":false},"featured_media":9783,"comment_status":"closed","ping_status":"closed","template":"","meta":{"saved_in_kubio":false},"product_brand":[],"product_cat":[295,292,296],"product_tag":[],"class_list":{"0":"post-14236","1":"product","2":"type-product","3":"status-publish","4":"has-post-thumbnail","6":"product_cat-economics","7":"product_cat-english-books","8":"product_cat-philosophy","10":"first","11":"instock","12":"sold-individually","13":"shipping-taxable","14":"purchasable","15":"product-type-simple"},"yoast_head":"<!-- This site is optimized with the Yoast SEO plugin v27.4 - https:\/\/yoast.com\/product\/yoast-seo-wordpress\/ -->\n<title>The Future in your Hands | Schellhammer Institute<\/title>\n<meta name=\"description\" content=\"The truths and facts revealed are outrageous and beyond all imagination. The collected statistics as a whole are beyond daunting, they are highly explosive and yet completely real.Would you want to know the true source and reason of climate change, countless deaths and victims of road traffic accidents, wars, terrorism, poverty, misery, suffering and crime around the globe? This book will change your life forever. Are you ready to unveil the hidden truth behind society and humanity? Are you ready to unwrap the real truth to everything on this earth?\" \/>\n<meta name=\"robots\" content=\"index, follow, max-snippet:-1, max-image-preview:large, max-video-preview:-1\" \/>\n<link rel=\"canonical\" href=\"https:\/\/www.schellhammerinstitute.com\/de\/produkt\/die_zukunft_in_ihren_handen\/\" \/>\n<meta property=\"og:locale\" content=\"de_DE\" \/>\n<meta property=\"og:type\" content=\"article\" \/>\n<meta property=\"og:title\" content=\"The Future in your Hands | Schellhammer Institute\" \/>\n<meta property=\"og:description\" content=\"The truths and facts revealed are outrageous and beyond all imagination. The collected statistics as a whole are beyond daunting, they are highly explosive and yet completely real.Would you want to know the true source and reason of climate change, countless deaths and victims of road traffic accidents, wars, terrorism, poverty, misery, suffering and crime around the globe? This book will change your life forever. Are you ready to unveil the hidden truth behind society and humanity? Are you ready to unwrap the real truth to everything on this earth?\" \/>\n<meta property=\"og:url\" content=\"https:\/\/www.schellhammerinstitute.com\/de\/produkt\/die_zukunft_in_ihren_handen\/\" \/>\n<meta property=\"og:site_name\" content=\"Schellhammer Institute\" \/>\n<meta property=\"article:publisher\" content=\"https:\/\/www.facebook.com\/schellhammerinstitute\" \/>\n<meta property=\"article:modified_time\" content=\"2024-01-24T13:39:38+00:00\" \/>\n<meta property=\"og:image\" content=\"https:\/\/www.schellhammerinstitute.com\/wp-content\/uploads\/THE-FUTURE-IN-YOUR-HANDS.jpg\" \/>\n\t<meta property=\"og:image:width\" content=\"667\" \/>\n\t<meta property=\"og:image:height\" content=\"1000\" \/>\n\t<meta property=\"og:image:type\" content=\"image\/jpeg\" \/>\n<meta name=\"twitter:card\" content=\"summary_large_image\" \/>\n<meta name=\"twitter:label1\" content=\"Gesch\u00e4tzte Lesezeit\" \/>\n\t<meta name=\"twitter:data1\" content=\"1\u00a0Minute\" \/>\n<script type=\"application\/ld+json\" class=\"yoast-schema-graph\">{\"@context\":\"https:\\\/\\\/schema.org\",\"@graph\":[{\"@type\":\"WebPage\",\"@id\":\"https:\\\/\\\/www.schellhammerinstitute.com\\\/en\\\/product\\\/the_future_in_your_hands\\\/\",\"url\":\"https:\\\/\\\/www.schellhammerinstitute.com\\\/en\\\/product\\\/the_future_in_your_hands\\\/\",\"name\":\"The Future in your Hands | Schellhammer Institute\",\"isPartOf\":{\"@id\":\"https:\\\/\\\/www.schellhammerinstitute.com\\\/#website\"},\"primaryImageOfPage\":{\"@id\":\"https:\\\/\\\/www.schellhammerinstitute.com\\\/en\\\/product\\\/the_future_in_your_hands\\\/#primaryimage\"},\"image\":{\"@id\":\"https:\\\/\\\/www.schellhammerinstitute.com\\\/en\\\/product\\\/the_future_in_your_hands\\\/#primaryimage\"},\"thumbnailUrl\":\"https:\\\/\\\/www.schellhammerinstitute.com\\\/wp-content\\\/uploads\\\/THE-FUTURE-IN-YOUR-HANDS.jpg\",\"datePublished\":\"2024-01-22T13:19:57+00:00\",\"dateModified\":\"2024-01-24T13:39:38+00:00\",\"description\":\"The truths and facts revealed are outrageous and beyond all imagination. The collected statistics as a whole are beyond daunting, they are highly explosive and yet completely real.Would you want to know the true source and reason of climate change, countless deaths and victims of road traffic accidents, wars, terrorism, poverty, misery, suffering and crime around the globe? This book will change your life forever. Are you ready to unveil the hidden truth behind society and humanity? Are you ready to unwrap the real truth to everything on this earth?\",\"breadcrumb\":{\"@id\":\"https:\\\/\\\/www.schellhammerinstitute.com\\\/en\\\/product\\\/the_future_in_your_hands\\\/#breadcrumb\"},\"inLanguage\":\"de\",\"potentialAction\":[{\"@type\":\"ReadAction\",\"target\":[\"https:\\\/\\\/www.schellhammerinstitute.com\\\/en\\\/product\\\/the_future_in_your_hands\\\/\"]}]},{\"@type\":\"ImageObject\",\"inLanguage\":\"de\",\"@id\":\"https:\\\/\\\/www.schellhammerinstitute.com\\\/en\\\/product\\\/the_future_in_your_hands\\\/#primaryimage\",\"url\":\"https:\\\/\\\/www.schellhammerinstitute.com\\\/wp-content\\\/uploads\\\/THE-FUTURE-IN-YOUR-HANDS.jpg\",\"contentUrl\":\"https:\\\/\\\/www.schellhammerinstitute.com\\\/wp-content\\\/uploads\\\/THE-FUTURE-IN-YOUR-HANDS.jpg\",\"width\":667,\"height\":1000,\"caption\":\"The truths and facts revealed are outrageous and beyond all imagination. The collected statistics as a whole are beyond daunting, they are highly explosive and yet completely real. Would you want to know the true source and reason of climate change, countless deaths and victims of road traffic accidents, wars, terrorism, poverty, misery, suffering and crime around the globe? This book will change your life forever. Are you ready to unveil the hidden truth behind society and humanity? Are you ready to unwrap the real truth to everything on this earth?\"},{\"@type\":\"BreadcrumbList\",\"@id\":\"https:\\\/\\\/www.schellhammerinstitute.com\\\/en\\\/product\\\/the_future_in_your_hands\\\/#breadcrumb\",\"itemListElement\":[{\"@type\":\"ListItem\",\"position\":1,\"name\":\"Home\",\"item\":\"https:\\\/\\\/www.schellhammerinstitute.com\\\/\"},{\"@type\":\"ListItem\",\"position\":2,\"name\":\"Shop\",\"item\":\"https:\\\/\\\/www.schellhammerinstitute.com\\\/shop\\\/\"},{\"@type\":\"ListItem\",\"position\":3,\"name\":\"The Future in your Hands\"}]},{\"@type\":\"WebSite\",\"@id\":\"https:\\\/\\\/www.schellhammerinstitute.com\\\/#website\",\"url\":\"https:\\\/\\\/www.schellhammerinstitute.com\\\/\",\"name\":\"Schellhammer Institute\",\"description\":\"We want to change the world for the better\",\"publisher\":{\"@id\":\"https:\\\/\\\/www.schellhammerinstitute.com\\\/#organization\"},\"alternateName\":\"The Schellhamer Institute\",\"potentialAction\":[{\"@type\":\"SearchAction\",\"target\":{\"@type\":\"EntryPoint\",\"urlTemplate\":\"https:\\\/\\\/www.schellhammerinstitute.com\\\/?s={search_term_string}\"},\"query-input\":{\"@type\":\"PropertyValueSpecification\",\"valueRequired\":true,\"valueName\":\"search_term_string\"}}],\"inLanguage\":\"de\"},{\"@type\":\"Organization\",\"@id\":\"https:\\\/\\\/www.schellhammerinstitute.com\\\/#organization\",\"name\":\"Schellhammer Institute\",\"alternateName\":\"Schellhammer Institute\",\"url\":\"https:\\\/\\\/www.schellhammerinstitute.com\\\/\",\"logo\":{\"@type\":\"ImageObject\",\"inLanguage\":\"de\",\"@id\":\"https:\\\/\\\/www.schellhammerinstitute.com\\\/#\\\/schema\\\/logo\\\/image\\\/\",\"url\":\"https:\\\/\\\/www.schellhammerinstitute.com\\\/wp-content\\\/uploads\\\/cropped-4-Photoroom.png\",\"contentUrl\":\"https:\\\/\\\/www.schellhammerinstitute.com\\\/wp-content\\\/uploads\\\/cropped-4-Photoroom.png\",\"width\":902,\"height\":901,\"caption\":\"Schellhammer Institute\"},\"image\":{\"@id\":\"https:\\\/\\\/www.schellhammerinstitute.com\\\/#\\\/schema\\\/logo\\\/image\\\/\"},\"sameAs\":[\"https:\\\/\\\/www.facebook.com\\\/schellhammerinstitute\",\"https:\\\/\\\/www.instagram.com\\\/schellhammerinstitute\",\"https:\\\/\\\/www.linkedin.com\\\/company\\\/schellhammerinstitute\"]}]}<\/script>\n<!-- \/ Yoast SEO plugin. -->","yoast_head_json":{"title":"The Future in your Hands | Schellhammer Institute","description":"Die aufgedeckten Wahrheiten und Fakten sind ungeheuerlich und \u00fcbersteigen jede Vorstellungskraft. Die gesammelten Statistiken in ihrer Gesamtheit sind mehr als entmutigend, sie sind hochbrisant und doch v\u00f6llig real: M\u00f6chten Sie die wahre Ursache und den Grund f\u00fcr den Klimawandel, die unz\u00e4hligen Toten und Opfer von Verkehrsunf\u00e4llen, Kriegen, Terrorismus, Armut, Elend, Leid und Verbrechen auf der ganzen Welt kennen? Dieses Buch wird Ihr Leben f\u00fcr immer ver\u00e4ndern. Sind Sie bereit, die verborgene Wahrheit hinter der Gesellschaft und der Menschheit zu enth\u00fcllen? Sind Sie bereit, die wahre Wahrheit \u00fcber alles auf dieser Erde auszupacken?","robots":{"index":"index","follow":"follow","max-snippet":"max-snippet:-1","max-image-preview":"max-image-preview:large","max-video-preview":"max-video-preview:-1"},"canonical":"https:\/\/www.schellhammerinstitute.com\/de\/produkt\/die_zukunft_in_ihren_handen\/","og_locale":"de_DE","og_type":"article","og_title":"The Future in your Hands | Schellhammer Institute","og_description":"The truths and facts revealed are outrageous and beyond all imagination. The collected statistics as a whole are beyond daunting, they are highly explosive and yet completely real.Would you want to know the true source and reason of climate change, countless deaths and victims of road traffic accidents, wars, terrorism, poverty, misery, suffering and crime around the globe? This book will change your life forever. Are you ready to unveil the hidden truth behind society and humanity? Are you ready to unwrap the real truth to everything on this earth?","og_url":"https:\/\/www.schellhammerinstitute.com\/de\/produkt\/die_zukunft_in_ihren_handen\/","og_site_name":"Schellhammer Institute","article_publisher":"https:\/\/www.facebook.com\/schellhammerinstitute","article_modified_time":"2024-01-24T13:39:38+00:00","og_image":[{"width":667,"height":1000,"url":"https:\/\/www.schellhammerinstitute.com\/wp-content\/uploads\/THE-FUTURE-IN-YOUR-HANDS.jpg","type":"image\/jpeg"}],"twitter_card":"summary_large_image","twitter_misc":{"Gesch\u00e4tzte Lesezeit":"1\u00a0Minute"},"schema":{"@context":"https:\/\/schema.org","@graph":[{"@type":"WebPage","@id":"https:\/\/www.schellhammerinstitute.com\/en\/product\/the_future_in_your_hands\/","url":"https:\/\/www.schellhammerinstitute.com\/en\/product\/the_future_in_your_hands\/","name":"The Future in your Hands | Schellhammer Institute","isPartOf":{"@id":"https:\/\/www.schellhammerinstitute.com\/#website"},"primaryImageOfPage":{"@id":"https:\/\/www.schellhammerinstitute.com\/en\/product\/the_future_in_your_hands\/#primaryimage"},"image":{"@id":"https:\/\/www.schellhammerinstitute.com\/en\/product\/the_future_in_your_hands\/#primaryimage"},"thumbnailUrl":"https:\/\/www.schellhammerinstitute.com\/wp-content\/uploads\/THE-FUTURE-IN-YOUR-HANDS.jpg","datePublished":"2024-01-22T13:19:57+00:00","dateModified":"2024-01-24T13:39:38+00:00","description":"Die aufgedeckten Wahrheiten und Fakten sind ungeheuerlich und \u00fcbersteigen jede Vorstellungskraft. Die gesammelten Statistiken in ihrer Gesamtheit sind mehr als entmutigend, sie sind hochbrisant und doch v\u00f6llig real: M\u00f6chten Sie die wahre Ursache und den Grund f\u00fcr den Klimawandel, die unz\u00e4hligen Toten und Opfer von Verkehrsunf\u00e4llen, Kriegen, Terrorismus, Armut, Elend, Leid und Verbrechen auf der ganzen Welt kennen? Dieses Buch wird Ihr Leben f\u00fcr immer ver\u00e4ndern. Sind Sie bereit, die verborgene Wahrheit hinter der Gesellschaft und der Menschheit zu enth\u00fcllen? Sind Sie bereit, die wahre Wahrheit \u00fcber alles auf dieser Erde auszupacken?","breadcrumb":{"@id":"https:\/\/www.schellhammerinstitute.com\/en\/product\/the_future_in_your_hands\/#breadcrumb"},"inLanguage":"de","potentialAction":[{"@type":"ReadAction","target":["https:\/\/www.schellhammerinstitute.com\/en\/product\/the_future_in_your_hands\/"]}]},{"@type":"ImageObject","inLanguage":"de","@id":"https:\/\/www.schellhammerinstitute.com\/en\/product\/the_future_in_your_hands\/#primaryimage","url":"https:\/\/www.schellhammerinstitute.com\/wp-content\/uploads\/THE-FUTURE-IN-YOUR-HANDS.jpg","contentUrl":"https:\/\/www.schellhammerinstitute.com\/wp-content\/uploads\/THE-FUTURE-IN-YOUR-HANDS.jpg","width":667,"height":1000,"caption":"The truths and facts revealed are outrageous and beyond all imagination. The collected statistics as a whole are beyond daunting, they are highly explosive and yet completely real. Would you want to know the true source and reason of climate change, countless deaths and victims of road traffic accidents, wars, terrorism, poverty, misery, suffering and crime around the globe? This book will change your life forever. Are you ready to unveil the hidden truth behind society and humanity? Are you ready to unwrap the real truth to everything on this earth?"},{"@type":"BreadcrumbList","@id":"https:\/\/www.schellhammerinstitute.com\/en\/product\/the_future_in_your_hands\/#breadcrumb","itemListElement":[{"@type":"ListItem","position":1,"name":"Home","item":"https:\/\/www.schellhammerinstitute.com\/"},{"@type":"ListItem","position":2,"name":"Shop","item":"https:\/\/www.schellhammerinstitute.com\/shop\/"},{"@type":"ListItem","position":3,"name":"The Future in your Hands"}]},{"@type":"WebSite","@id":"https:\/\/www.schellhammerinstitute.com\/#website","url":"https:\/\/www.schellhammerinstitute.com\/","name":"Schellhammer-Institut","description":"Wir wollen die Welt zum Besseren ver\u00e4ndern","publisher":{"@id":"https:\/\/www.schellhammerinstitute.com\/#organization"},"alternateName":"The Schellhamer Institute","potentialAction":[{"@type":"SearchAction","target":{"@type":"EntryPoint","urlTemplate":"https:\/\/www.schellhammerinstitute.com\/?s={search_term_string}"},"query-input":{"@type":"PropertyValueSpecification","valueRequired":true,"valueName":"search_term_string"}}],"inLanguage":"de"},{"@type":"Organization","@id":"https:\/\/www.schellhammerinstitute.com\/#organization","name":"Schellhammer-Institut","alternateName":"Schellhammer Institute","url":"https:\/\/www.schellhammerinstitute.com\/","logo":{"@type":"ImageObject","inLanguage":"de","@id":"https:\/\/www.schellhammerinstitute.com\/#\/schema\/logo\/image\/","url":"https:\/\/www.schellhammerinstitute.com\/wp-content\/uploads\/cropped-4-Photoroom.png","contentUrl":"https:\/\/www.schellhammerinstitute.com\/wp-content\/uploads\/cropped-4-Photoroom.png","width":902,"height":901,"caption":"Schellhammer Institute"},"image":{"@id":"https:\/\/www.schellhammerinstitute.com\/#\/schema\/logo\/image\/"},"sameAs":["https:\/\/www.facebook.com\/schellhammerinstitute","https:\/\/www.instagram.com\/schellhammerinstitute","https:\/\/www.linkedin.com\/company\/schellhammerinstitute"]}]}},"jetpack_sharing_enabled":true,"_links":{"self":[{"href":"https:\/\/www.schellhammerinstitute.com\/de\/wp-json\/wp\/v2\/product\/14236","targetHints":{"allow":["GET"]}}],"collection":[{"href":"https:\/\/www.schellhammerinstitute.com\/de\/wp-json\/wp\/v2\/product"}],"about":[{"href":"https:\/\/www.schellhammerinstitute.com\/de\/wp-json\/wp\/v2\/types\/product"}],"replies":[{"embeddable":true,"href":"https:\/\/www.schellhammerinstitute.com\/de\/wp-json\/wp\/v2\/comments?post=14236"}],"version-history":[{"count":0,"href":"https:\/\/www.schellhammerinstitute.com\/de\/wp-json\/wp\/v2\/product\/14236\/revisions"}],"wp:featuredmedia":[{"embeddable":true,"href":"https:\/\/www.schellhammerinstitute.com\/de\/wp-json\/wp\/v2\/media\/9783"}],"wp:attachment":[{"href":"https:\/\/www.schellhammerinstitute.com\/de\/wp-json\/wp\/v2\/media?parent=14236"}],"wp:term":[{"taxonomy":"product_brand","embeddable":true,"href":"https:\/\/www.schellhammerinstitute.com\/de\/wp-json\/wp\/v2\/product_brand?post=14236"},{"taxonomy":"product_cat","embeddable":true,"href":"https:\/\/www.schellhammerinstitute.com\/de\/wp-json\/wp\/v2\/product_cat?post=14236"},{"taxonomy":"product_tag","embeddable":true,"href":"https:\/\/www.schellhammerinstitute.com\/de\/wp-json\/wp\/v2\/product_tag?post=14236"}],"curies":[{"name":"wp","href":"https:\/\/api.w.org\/{rel}","templated":true}]}}