{"id":13884,"date":"2024-01-10T12:50:17","date_gmt":"2024-01-10T12:50:17","guid":{"rendered":"https:\/\/www.schellhammerinstitute.com\/?post_type=product&#038;p=13884"},"modified":"2024-01-24T13:43:47","modified_gmt":"2024-01-24T13:43:47","slug":"modernes-traum-worterbuch-2","status":"publish","type":"product","link":"https:\/\/www.schellhammerinstitute.com\/de\/produkt\/modernes-traum-worterbuch-2\/","title":{"rendered":"Modernes Traumlexikon"},"content":{"rendered":"","protected":false},"excerpt":{"rendered":"<p>Dieses Buch ist eine Fundgrube f\u00fcr Bilder, Symbole, Archetypen, symbolische Handlungen und Ereignisse, Orte, einzelne Themen, Elemente und Szenen, Besonderheiten der Darstellung, Mit 3000 symbolischen Bildern, Handlungen, Orten und Ereignissen. Es bietet Beispiele f\u00fcr Tr\u00e4ume und deren Deutung. Besonderheiten der Darstellung, Traumbeispiele und Deutung. 8.000 Deutungen mit Bedeutung: lexikalisch, psychologisch, spirituell, lebenspraktisch. Einfach und klar erkl\u00e4rt. Genaue Anweisungen und viele Tipps. Klare, detaillierte Schritte. Leicht zu verstehen. Psychologisch breit beleuchtet. Mehrdimensionale Sinnfelder. Gezielt n\u00fctzlich f\u00fcr den Alltag. Zur Kl\u00e4rung, L\u00f6sung und Heilung. Zur Selbsterziehung und Individuation Gegr\u00fcndet mit 250.000 Tr\u00e4umen von Klienten. Erforscht mit 40 Jahren Berufserfahrung.<\/p>","protected":false},"featured_media":13885,"comment_status":"closed","ping_status":"closed","template":"","meta":{"saved_in_kubio":false},"product_brand":[],"product_cat":[299,292,290],"product_tag":[],"class_list":{"0":"post-13884","1":"product","2":"type-product","3":"status-publish","4":"has-post-thumbnail","6":"product_cat-dreams","7":"product_cat-english-books","8":"product_cat-psychology","10":"first","11":"instock","12":"shipping-taxable","13":"purchasable","14":"product-type-simple"},"yoast_head":"<!-- This site is optimized with the Yoast SEO plugin v27.4 - https:\/\/yoast.com\/product\/yoast-seo-wordpress\/ -->\n<title>Modern Dream Dictionary | Schellhammer Institute<\/title>\n<meta name=\"description\" content=\"Modern Dream Dictionary provides a treasure trove of images, symbols, archetypes, symbolic acts and events, locations, individual themes, elements and scenes, peculiarities of representation, With 3000 symbolic images, acts, locations and events. It provides examples of dreams and their interpretation. Peculiarities of presentation, dream examples and interpretation. 8,000 interpretations with meaning: lexical, psychological, spiritual, practical life. Simple and clearly explained. Precise instructions and many tips. Clear, detailed steps. Easy to understand. Psychologically broadly lit.\" \/>\n<meta name=\"robots\" content=\"index, follow, max-snippet:-1, max-image-preview:large, max-video-preview:-1\" \/>\n<link rel=\"canonical\" href=\"https:\/\/www.schellhammerinstitute.com\/de\/produkt\/modernes-traum-worterbuch-2\/\" \/>\n<meta property=\"og:locale\" content=\"de_DE\" \/>\n<meta property=\"og:type\" content=\"article\" \/>\n<meta property=\"og:title\" content=\"Modern Dream Dictionary | Schellhammer Institute\" \/>\n<meta property=\"og:description\" content=\"Modern Dream Dictionary provides a treasure trove of images, symbols, archetypes, symbolic acts and events, locations, individual themes, elements and scenes, peculiarities of representation, With 3000 symbolic images, acts, locations and events. It provides examples of dreams and their interpretation. Peculiarities of presentation, dream examples and interpretation. 8,000 interpretations with meaning: lexical, psychological, spiritual, practical life. Simple and clearly explained. Precise instructions and many tips. Clear, detailed steps. Easy to understand. Psychologically broadly lit.\" \/>\n<meta property=\"og:url\" content=\"https:\/\/www.schellhammerinstitute.com\/de\/produkt\/modernes-traum-worterbuch-2\/\" \/>\n<meta property=\"og:site_name\" content=\"Schellhammer Institute\" \/>\n<meta property=\"article:publisher\" content=\"https:\/\/www.facebook.com\/schellhammerinstitute\" \/>\n<meta property=\"article:modified_time\" content=\"2024-01-24T13:43:47+00:00\" \/>\n<meta property=\"og:image\" content=\"https:\/\/www.schellhammerinstitute.com\/wp-content\/uploads\/Modern-Dream-Dictionary.jpg\" \/>\n\t<meta property=\"og:image:width\" content=\"994\" \/>\n\t<meta property=\"og:image:height\" content=\"1500\" \/>\n\t<meta property=\"og:image:type\" content=\"image\/jpeg\" \/>\n<meta name=\"twitter:card\" content=\"summary_large_image\" \/>\n<meta name=\"twitter:label1\" content=\"Gesch\u00e4tzte Lesezeit\" \/>\n\t<meta name=\"twitter:data1\" content=\"1\u00a0Minute\" \/>\n<script type=\"application\/ld+json\" class=\"yoast-schema-graph\">{\"@context\":\"https:\\\/\\\/schema.org\",\"@graph\":[{\"@type\":\"WebPage\",\"@id\":\"https:\\\/\\\/www.schellhammerinstitute.com\\\/product\\\/modern-dream-dictionary\\\/\",\"url\":\"https:\\\/\\\/www.schellhammerinstitute.com\\\/product\\\/modern-dream-dictionary\\\/\",\"name\":\"Modern Dream Dictionary | Schellhammer Institute\",\"isPartOf\":{\"@id\":\"https:\\\/\\\/www.schellhammerinstitute.com\\\/#website\"},\"primaryImageOfPage\":{\"@id\":\"https:\\\/\\\/www.schellhammerinstitute.com\\\/product\\\/modern-dream-dictionary\\\/#primaryimage\"},\"image\":{\"@id\":\"https:\\\/\\\/www.schellhammerinstitute.com\\\/product\\\/modern-dream-dictionary\\\/#primaryimage\"},\"thumbnailUrl\":\"https:\\\/\\\/www.schellhammerinstitute.com\\\/wp-content\\\/uploads\\\/Modern-Dream-Dictionary.jpg\",\"datePublished\":\"2024-01-10T12:50:17+00:00\",\"dateModified\":\"2024-01-24T13:43:47+00:00\",\"description\":\"Modern Dream Dictionary provides a treasure trove of images, symbols, archetypes, symbolic acts and events, locations, individual themes, elements and scenes, peculiarities of representation, With 3000 symbolic images, acts, locations and events. It provides examples of dreams and their interpretation. Peculiarities of presentation, dream examples and interpretation. 8,000 interpretations with meaning: lexical, psychological, spiritual, practical life. Simple and clearly explained. Precise instructions and many tips. Clear, detailed steps. Easy to understand. Psychologically broadly lit.\",\"breadcrumb\":{\"@id\":\"https:\\\/\\\/www.schellhammerinstitute.com\\\/product\\\/modern-dream-dictionary\\\/#breadcrumb\"},\"inLanguage\":\"de\",\"potentialAction\":[{\"@type\":\"ReadAction\",\"target\":[\"https:\\\/\\\/www.schellhammerinstitute.com\\\/product\\\/modern-dream-dictionary\\\/\"]}]},{\"@type\":\"ImageObject\",\"inLanguage\":\"de\",\"@id\":\"https:\\\/\\\/www.schellhammerinstitute.com\\\/product\\\/modern-dream-dictionary\\\/#primaryimage\",\"url\":\"https:\\\/\\\/www.schellhammerinstitute.com\\\/wp-content\\\/uploads\\\/Modern-Dream-Dictionary.jpg\",\"contentUrl\":\"https:\\\/\\\/www.schellhammerinstitute.com\\\/wp-content\\\/uploads\\\/Modern-Dream-Dictionary.jpg\",\"width\":994,\"height\":1500},{\"@type\":\"BreadcrumbList\",\"@id\":\"https:\\\/\\\/www.schellhammerinstitute.com\\\/product\\\/modern-dream-dictionary\\\/#breadcrumb\",\"itemListElement\":[{\"@type\":\"ListItem\",\"position\":1,\"name\":\"Home\",\"item\":\"https:\\\/\\\/www.schellhammerinstitute.com\\\/\"},{\"@type\":\"ListItem\",\"position\":2,\"name\":\"Shop\",\"item\":\"https:\\\/\\\/www.schellhammerinstitute.com\\\/shop\\\/\"},{\"@type\":\"ListItem\",\"position\":3,\"name\":\"Modern Dream Dictionary\"}]},{\"@type\":\"WebSite\",\"@id\":\"https:\\\/\\\/www.schellhammerinstitute.com\\\/#website\",\"url\":\"https:\\\/\\\/www.schellhammerinstitute.com\\\/\",\"name\":\"Schellhammer Institute\",\"description\":\"We want to change the world for the better\",\"publisher\":{\"@id\":\"https:\\\/\\\/www.schellhammerinstitute.com\\\/#organization\"},\"alternateName\":\"The Schellhamer Institute\",\"potentialAction\":[{\"@type\":\"SearchAction\",\"target\":{\"@type\":\"EntryPoint\",\"urlTemplate\":\"https:\\\/\\\/www.schellhammerinstitute.com\\\/?s={search_term_string}\"},\"query-input\":{\"@type\":\"PropertyValueSpecification\",\"valueRequired\":true,\"valueName\":\"search_term_string\"}}],\"inLanguage\":\"de\"},{\"@type\":\"Organization\",\"@id\":\"https:\\\/\\\/www.schellhammerinstitute.com\\\/#organization\",\"name\":\"Schellhammer Institute\",\"alternateName\":\"Schellhammer Institute\",\"url\":\"https:\\\/\\\/www.schellhammerinstitute.com\\\/\",\"logo\":{\"@type\":\"ImageObject\",\"inLanguage\":\"de\",\"@id\":\"https:\\\/\\\/www.schellhammerinstitute.com\\\/#\\\/schema\\\/logo\\\/image\\\/\",\"url\":\"https:\\\/\\\/www.schellhammerinstitute.com\\\/wp-content\\\/uploads\\\/cropped-4-Photoroom.png\",\"contentUrl\":\"https:\\\/\\\/www.schellhammerinstitute.com\\\/wp-content\\\/uploads\\\/cropped-4-Photoroom.png\",\"width\":902,\"height\":901,\"caption\":\"Schellhammer Institute\"},\"image\":{\"@id\":\"https:\\\/\\\/www.schellhammerinstitute.com\\\/#\\\/schema\\\/logo\\\/image\\\/\"},\"sameAs\":[\"https:\\\/\\\/www.facebook.com\\\/schellhammerinstitute\",\"https:\\\/\\\/www.instagram.com\\\/schellhammerinstitute\",\"https:\\\/\\\/www.linkedin.com\\\/company\\\/schellhammerinstitute\"]}]}<\/script>\n<!-- \/ Yoast SEO plugin. -->","yoast_head_json":{"title":"Modern Dream Dictionary | Schellhammer Institute","description":"Modern Dream Dictionary bietet eine Fundgrube f\u00fcr Bilder, Symbole, Archetypen, symbolische Handlungen und Ereignisse, Orte, einzelne Themen, Elemente und Szenen, Besonderheiten der Darstellung, Mit 3000 symbolischen Bildern, Handlungen, Orten und Ereignissen. Es bietet Beispiele f\u00fcr Tr\u00e4ume und deren Deutung. Besonderheiten der Darstellung, Traumbeispiele und Deutung. 8.000 Deutungen mit Bedeutung: lexikalisch, psychologisch, spirituell, lebenspraktisch. Einfach und klar erkl\u00e4rt. Genaue Anweisungen und viele Tipps. Klare, detaillierte Schritte. Leicht zu verstehen. Psychologisch breit beleuchtet.","robots":{"index":"index","follow":"follow","max-snippet":"max-snippet:-1","max-image-preview":"max-image-preview:large","max-video-preview":"max-video-preview:-1"},"canonical":"https:\/\/www.schellhammerinstitute.com\/de\/produkt\/modernes-traum-worterbuch-2\/","og_locale":"de_DE","og_type":"article","og_title":"Modern Dream Dictionary | Schellhammer Institute","og_description":"Modern Dream Dictionary provides a treasure trove of images, symbols, archetypes, symbolic acts and events, locations, individual themes, elements and scenes, peculiarities of representation, With 3000 symbolic images, acts, locations and events. It provides examples of dreams and their interpretation. Peculiarities of presentation, dream examples and interpretation. 8,000 interpretations with meaning: lexical, psychological, spiritual, practical life. Simple and clearly explained. Precise instructions and many tips. Clear, detailed steps. Easy to understand. Psychologically broadly lit.","og_url":"https:\/\/www.schellhammerinstitute.com\/de\/produkt\/modernes-traum-worterbuch-2\/","og_site_name":"Schellhammer Institute","article_publisher":"https:\/\/www.facebook.com\/schellhammerinstitute","article_modified_time":"2024-01-24T13:43:47+00:00","og_image":[{"width":994,"height":1500,"url":"https:\/\/www.schellhammerinstitute.com\/wp-content\/uploads\/Modern-Dream-Dictionary.jpg","type":"image\/jpeg"}],"twitter_card":"summary_large_image","twitter_misc":{"Gesch\u00e4tzte Lesezeit":"1\u00a0Minute"},"schema":{"@context":"https:\/\/schema.org","@graph":[{"@type":"WebPage","@id":"https:\/\/www.schellhammerinstitute.com\/product\/modern-dream-dictionary\/","url":"https:\/\/www.schellhammerinstitute.com\/product\/modern-dream-dictionary\/","name":"Modern Dream Dictionary | Schellhammer Institute","isPartOf":{"@id":"https:\/\/www.schellhammerinstitute.com\/#website"},"primaryImageOfPage":{"@id":"https:\/\/www.schellhammerinstitute.com\/product\/modern-dream-dictionary\/#primaryimage"},"image":{"@id":"https:\/\/www.schellhammerinstitute.com\/product\/modern-dream-dictionary\/#primaryimage"},"thumbnailUrl":"https:\/\/www.schellhammerinstitute.com\/wp-content\/uploads\/Modern-Dream-Dictionary.jpg","datePublished":"2024-01-10T12:50:17+00:00","dateModified":"2024-01-24T13:43:47+00:00","description":"Modern Dream Dictionary bietet eine Fundgrube f\u00fcr Bilder, Symbole, Archetypen, symbolische Handlungen und Ereignisse, Orte, einzelne Themen, Elemente und Szenen, Besonderheiten der Darstellung, Mit 3000 symbolischen Bildern, Handlungen, Orten und Ereignissen. Es bietet Beispiele f\u00fcr Tr\u00e4ume und deren Deutung. Besonderheiten der Darstellung, Traumbeispiele und Deutung. 8.000 Deutungen mit Bedeutung: lexikalisch, psychologisch, spirituell, lebenspraktisch. Einfach und klar erkl\u00e4rt. Genaue Anweisungen und viele Tipps. Klare, detaillierte Schritte. Leicht zu verstehen. Psychologisch breit beleuchtet.","breadcrumb":{"@id":"https:\/\/www.schellhammerinstitute.com\/product\/modern-dream-dictionary\/#breadcrumb"},"inLanguage":"de","potentialAction":[{"@type":"ReadAction","target":["https:\/\/www.schellhammerinstitute.com\/product\/modern-dream-dictionary\/"]}]},{"@type":"ImageObject","inLanguage":"de","@id":"https:\/\/www.schellhammerinstitute.com\/product\/modern-dream-dictionary\/#primaryimage","url":"https:\/\/www.schellhammerinstitute.com\/wp-content\/uploads\/Modern-Dream-Dictionary.jpg","contentUrl":"https:\/\/www.schellhammerinstitute.com\/wp-content\/uploads\/Modern-Dream-Dictionary.jpg","width":994,"height":1500},{"@type":"BreadcrumbList","@id":"https:\/\/www.schellhammerinstitute.com\/product\/modern-dream-dictionary\/#breadcrumb","itemListElement":[{"@type":"ListItem","position":1,"name":"Home","item":"https:\/\/www.schellhammerinstitute.com\/"},{"@type":"ListItem","position":2,"name":"Shop","item":"https:\/\/www.schellhammerinstitute.com\/shop\/"},{"@type":"ListItem","position":3,"name":"Modern Dream Dictionary"}]},{"@type":"WebSite","@id":"https:\/\/www.schellhammerinstitute.com\/#website","url":"https:\/\/www.schellhammerinstitute.com\/","name":"Schellhammer-Institut","description":"Wir wollen die Welt zum Besseren ver\u00e4ndern","publisher":{"@id":"https:\/\/www.schellhammerinstitute.com\/#organization"},"alternateName":"The Schellhamer Institute","potentialAction":[{"@type":"SearchAction","target":{"@type":"EntryPoint","urlTemplate":"https:\/\/www.schellhammerinstitute.com\/?s={search_term_string}"},"query-input":{"@type":"PropertyValueSpecification","valueRequired":true,"valueName":"search_term_string"}}],"inLanguage":"de"},{"@type":"Organization","@id":"https:\/\/www.schellhammerinstitute.com\/#organization","name":"Schellhammer-Institut","alternateName":"Schellhammer Institute","url":"https:\/\/www.schellhammerinstitute.com\/","logo":{"@type":"ImageObject","inLanguage":"de","@id":"https:\/\/www.schellhammerinstitute.com\/#\/schema\/logo\/image\/","url":"https:\/\/www.schellhammerinstitute.com\/wp-content\/uploads\/cropped-4-Photoroom.png","contentUrl":"https:\/\/www.schellhammerinstitute.com\/wp-content\/uploads\/cropped-4-Photoroom.png","width":902,"height":901,"caption":"Schellhammer Institute"},"image":{"@id":"https:\/\/www.schellhammerinstitute.com\/#\/schema\/logo\/image\/"},"sameAs":["https:\/\/www.facebook.com\/schellhammerinstitute","https:\/\/www.instagram.com\/schellhammerinstitute","https:\/\/www.linkedin.com\/company\/schellhammerinstitute"]}]}},"jetpack_sharing_enabled":true,"_links":{"self":[{"href":"https:\/\/www.schellhammerinstitute.com\/de\/wp-json\/wp\/v2\/product\/13884","targetHints":{"allow":["GET"]}}],"collection":[{"href":"https:\/\/www.schellhammerinstitute.com\/de\/wp-json\/wp\/v2\/product"}],"about":[{"href":"https:\/\/www.schellhammerinstitute.com\/de\/wp-json\/wp\/v2\/types\/product"}],"replies":[{"embeddable":true,"href":"https:\/\/www.schellhammerinstitute.com\/de\/wp-json\/wp\/v2\/comments?post=13884"}],"version-history":[{"count":0,"href":"https:\/\/www.schellhammerinstitute.com\/de\/wp-json\/wp\/v2\/product\/13884\/revisions"}],"wp:featuredmedia":[{"embeddable":true,"href":"https:\/\/www.schellhammerinstitute.com\/de\/wp-json\/wp\/v2\/media\/13885"}],"wp:attachment":[{"href":"https:\/\/www.schellhammerinstitute.com\/de\/wp-json\/wp\/v2\/media?parent=13884"}],"wp:term":[{"taxonomy":"product_brand","embeddable":true,"href":"https:\/\/www.schellhammerinstitute.com\/de\/wp-json\/wp\/v2\/product_brand?post=13884"},{"taxonomy":"product_cat","embeddable":true,"href":"https:\/\/www.schellhammerinstitute.com\/de\/wp-json\/wp\/v2\/product_cat?post=13884"},{"taxonomy":"product_tag","embeddable":true,"href":"https:\/\/www.schellhammerinstitute.com\/de\/wp-json\/wp\/v2\/product_tag?post=13884"}],"curies":[{"name":"wp","href":"https:\/\/api.w.org\/{rel}","templated":true}]}}