{"id":13879,"date":"2024-01-10T12:33:04","date_gmt":"2024-01-10T12:33:04","guid":{"rendered":"https:\/\/www.schellhammerinstitute.com\/?post_type=product&#038;p=13879"},"modified":"2024-01-10T12:34:54","modified_gmt":"2024-01-10T12:34:54","slug":"moderne-traumtheorie","status":"publish","type":"product","link":"https:\/\/www.schellhammerinstitute.com\/de\/produkt\/moderne-traumtheorie\/","title":{"rendered":"Moderne Traumtheorie"},"content":{"rendered":"","protected":false},"excerpt":{"rendered":"<p>Tr\u00e4ume sind der Weg zur Wahrheit und weisen auf die Ursache von Problemen hin. Sie erkl\u00e4ren Schwierigkeiten im Leben und in Beziehungen und k\u00f6nnen Ihnen sagen, ob Sie den richtigen Partner gew\u00e4hlt haben, sie raten, wann es Zeit ist, sich zu trennen, und k\u00f6nnen sogar die unbewusste Ursache sexueller Probleme aufdecken.<\/p>\n<p>Tr\u00e4ume offenbaren Ihre Talente und Potenziale, vor allem, wie Sie sie verwirklichen k\u00f6nnen. Tr\u00e4ume sagen Ihnen, was Sie wissen m\u00fcssen, wenn Sie etwas Neues ausprobieren wollen, und sie zeigen die wahre Natur der Menschen und enth\u00fcllen einen L\u00fcgner, und wie Sie Ihr Gesch\u00e4ft verbessern k\u00f6nnen.<\/p>\n<p>Tr\u00e4ume warnen Sie, wenn Sie ungesunde Lebensgewohnheiten nicht korrigieren. Sie warnen Sie, wenn etwas gef\u00e4hrlich ist, und erkl\u00e4ren, was Sie krank macht, und sie weisen auf die verdr\u00e4ngten Ursachen von psychischen oder psychosomatischen St\u00f6rungen hin.<\/p>\n<p>Tr\u00e4ume helfen Ihnen, sich selbst zu leben und zu entwickeln. Tr\u00e4ume f\u00fchren den Menschen durch die inneren Prozesse des psycho-spirituellen Wachstums bis hin zur h\u00f6chstm\u00f6glichen Leistung. Tr\u00e4ume f\u00fchren zur Wahrheit, zur Lebensquelle f\u00fcr die Kraft des inneren Geistes im Traum.<\/p>\n<p>Diese Traumtheorie ist die ethische, psychologische, spirituelle und religi\u00f6se Grundlage des Lebens. Die moderne Traumtheorie beleuchtet alle Prinzipien des psychologischen und spirituellen Wachstums f\u00fcr alle.<\/p>","protected":false},"featured_media":13881,"comment_status":"closed","ping_status":"closed","template":"","meta":{"saved_in_kubio":false},"product_brand":[],"product_cat":[299,292,290],"product_tag":[],"class_list":{"0":"post-13879","1":"product","2":"type-product","3":"status-publish","4":"has-post-thumbnail","6":"product_cat-dreams","7":"product_cat-english-books","8":"product_cat-psychology","10":"first","11":"instock","12":"shipping-taxable","13":"purchasable","14":"product-type-simple"},"yoast_head":"<!-- This site is optimized with the Yoast SEO plugin v27.4 - https:\/\/yoast.com\/product\/yoast-seo-wordpress\/ -->\n<title>Modern Dream Theory | Schellhammer Institute<\/title>\n<meta name=\"description\" content=\"Unlock the transformative power of dreams with our modern dream theory. Discover truths about relationships, health, business, and life. Unravel your hidden talents, navigate life changes, and explore the depths of your psyche. Dreams serve as a guiding force, revealing the root causes of problems, warning against dangers, and offering insights into personal and professional realms. This groundbreaking theory provides an ethical, psychological, spiritual, and religious foundation for life, illuminating principles of growth for all seekers. Embark on a journey of self-discovery and enlightenment through the profound wisdom of dreams.\" \/>\n<meta name=\"robots\" content=\"index, follow, max-snippet:-1, max-image-preview:large, max-video-preview:-1\" \/>\n<link rel=\"canonical\" href=\"https:\/\/www.schellhammerinstitute.com\/de\/produkt\/moderne-traumtheorie\/\" \/>\n<meta property=\"og:locale\" content=\"de_DE\" \/>\n<meta property=\"og:type\" content=\"article\" \/>\n<meta property=\"og:title\" content=\"Modern Dream Theory | Schellhammer Institute\" \/>\n<meta property=\"og:description\" content=\"Unlock the transformative power of dreams with our modern dream theory. Discover truths about relationships, health, business, and life. Unravel your hidden talents, navigate life changes, and explore the depths of your psyche. Dreams serve as a guiding force, revealing the root causes of problems, warning against dangers, and offering insights into personal and professional realms. This groundbreaking theory provides an ethical, psychological, spiritual, and religious foundation for life, illuminating principles of growth for all seekers. Embark on a journey of self-discovery and enlightenment through the profound wisdom of dreams.\" \/>\n<meta property=\"og:url\" content=\"https:\/\/www.schellhammerinstitute.com\/de\/produkt\/moderne-traumtheorie\/\" \/>\n<meta property=\"og:site_name\" content=\"Schellhammer Institute\" \/>\n<meta property=\"article:publisher\" content=\"https:\/\/www.facebook.com\/schellhammerinstitute\" \/>\n<meta property=\"article:modified_time\" content=\"2024-01-10T12:34:54+00:00\" \/>\n<meta property=\"og:image\" content=\"https:\/\/www.schellhammerinstitute.com\/wp-content\/uploads\/Modern-Dream-Theory.jpg\" \/>\n\t<meta property=\"og:image:width\" content=\"1000\" \/>\n\t<meta property=\"og:image:height\" content=\"1500\" \/>\n\t<meta property=\"og:image:type\" content=\"image\/jpeg\" \/>\n<meta name=\"twitter:card\" content=\"summary_large_image\" \/>\n<meta name=\"twitter:label1\" content=\"Gesch\u00e4tzte Lesezeit\" \/>\n\t<meta name=\"twitter:data1\" content=\"1\u00a0Minute\" \/>\n<script type=\"application\/ld+json\" class=\"yoast-schema-graph\">{\"@context\":\"https:\\\/\\\/schema.org\",\"@graph\":[{\"@type\":\"WebPage\",\"@id\":\"https:\\\/\\\/www.schellhammerinstitute.com\\\/product\\\/modern-dream-theory\\\/\",\"url\":\"https:\\\/\\\/www.schellhammerinstitute.com\\\/product\\\/modern-dream-theory\\\/\",\"name\":\"Modern Dream Theory | Schellhammer Institute\",\"isPartOf\":{\"@id\":\"https:\\\/\\\/www.schellhammerinstitute.com\\\/#website\"},\"primaryImageOfPage\":{\"@id\":\"https:\\\/\\\/www.schellhammerinstitute.com\\\/product\\\/modern-dream-theory\\\/#primaryimage\"},\"image\":{\"@id\":\"https:\\\/\\\/www.schellhammerinstitute.com\\\/product\\\/modern-dream-theory\\\/#primaryimage\"},\"thumbnailUrl\":\"https:\\\/\\\/www.schellhammerinstitute.com\\\/wp-content\\\/uploads\\\/Modern-Dream-Theory.jpg\",\"datePublished\":\"2024-01-10T12:33:04+00:00\",\"dateModified\":\"2024-01-10T12:34:54+00:00\",\"description\":\"Unlock the transformative power of dreams with our modern dream theory. Discover truths about relationships, health, business, and life. Unravel your hidden talents, navigate life changes, and explore the depths of your psyche. Dreams serve as a guiding force, revealing the root causes of problems, warning against dangers, and offering insights into personal and professional realms. This groundbreaking theory provides an ethical, psychological, spiritual, and religious foundation for life, illuminating principles of growth for all seekers. Embark on a journey of self-discovery and enlightenment through the profound wisdom of dreams.\",\"breadcrumb\":{\"@id\":\"https:\\\/\\\/www.schellhammerinstitute.com\\\/product\\\/modern-dream-theory\\\/#breadcrumb\"},\"inLanguage\":\"de\",\"potentialAction\":[{\"@type\":\"ReadAction\",\"target\":[\"https:\\\/\\\/www.schellhammerinstitute.com\\\/product\\\/modern-dream-theory\\\/\"]}]},{\"@type\":\"ImageObject\",\"inLanguage\":\"de\",\"@id\":\"https:\\\/\\\/www.schellhammerinstitute.com\\\/product\\\/modern-dream-theory\\\/#primaryimage\",\"url\":\"https:\\\/\\\/www.schellhammerinstitute.com\\\/wp-content\\\/uploads\\\/Modern-Dream-Theory.jpg\",\"contentUrl\":\"https:\\\/\\\/www.schellhammerinstitute.com\\\/wp-content\\\/uploads\\\/Modern-Dream-Theory.jpg\",\"width\":1000,\"height\":1500},{\"@type\":\"BreadcrumbList\",\"@id\":\"https:\\\/\\\/www.schellhammerinstitute.com\\\/product\\\/modern-dream-theory\\\/#breadcrumb\",\"itemListElement\":[{\"@type\":\"ListItem\",\"position\":1,\"name\":\"Home\",\"item\":\"https:\\\/\\\/www.schellhammerinstitute.com\\\/\"},{\"@type\":\"ListItem\",\"position\":2,\"name\":\"Shop\",\"item\":\"https:\\\/\\\/www.schellhammerinstitute.com\\\/shop\\\/\"},{\"@type\":\"ListItem\",\"position\":3,\"name\":\"Modern Dream Theory\"}]},{\"@type\":\"WebSite\",\"@id\":\"https:\\\/\\\/www.schellhammerinstitute.com\\\/#website\",\"url\":\"https:\\\/\\\/www.schellhammerinstitute.com\\\/\",\"name\":\"Schellhammer Institute\",\"description\":\"We want to change the world for the better\",\"publisher\":{\"@id\":\"https:\\\/\\\/www.schellhammerinstitute.com\\\/#organization\"},\"alternateName\":\"The Schellhamer Institute\",\"potentialAction\":[{\"@type\":\"SearchAction\",\"target\":{\"@type\":\"EntryPoint\",\"urlTemplate\":\"https:\\\/\\\/www.schellhammerinstitute.com\\\/?s={search_term_string}\"},\"query-input\":{\"@type\":\"PropertyValueSpecification\",\"valueRequired\":true,\"valueName\":\"search_term_string\"}}],\"inLanguage\":\"de\"},{\"@type\":\"Organization\",\"@id\":\"https:\\\/\\\/www.schellhammerinstitute.com\\\/#organization\",\"name\":\"Schellhammer Institute\",\"alternateName\":\"Schellhammer Institute\",\"url\":\"https:\\\/\\\/www.schellhammerinstitute.com\\\/\",\"logo\":{\"@type\":\"ImageObject\",\"inLanguage\":\"de\",\"@id\":\"https:\\\/\\\/www.schellhammerinstitute.com\\\/#\\\/schema\\\/logo\\\/image\\\/\",\"url\":\"https:\\\/\\\/www.schellhammerinstitute.com\\\/wp-content\\\/uploads\\\/cropped-4-Photoroom.png\",\"contentUrl\":\"https:\\\/\\\/www.schellhammerinstitute.com\\\/wp-content\\\/uploads\\\/cropped-4-Photoroom.png\",\"width\":902,\"height\":901,\"caption\":\"Schellhammer Institute\"},\"image\":{\"@id\":\"https:\\\/\\\/www.schellhammerinstitute.com\\\/#\\\/schema\\\/logo\\\/image\\\/\"},\"sameAs\":[\"https:\\\/\\\/www.facebook.com\\\/schellhammerinstitute\",\"https:\\\/\\\/www.instagram.com\\\/schellhammerinstitute\",\"https:\\\/\\\/www.linkedin.com\\\/company\\\/schellhammerinstitute\"]}]}<\/script>\n<!-- \/ Yoast SEO plugin. -->","yoast_head_json":{"title":"Modern Dream Theory | Schellhammer Institute","description":"Erschlie\u00dfen Sie die transformative Kraft der Tr\u00e4ume mit unserer modernen Traumtheorie. Entdecken Sie Wahrheiten \u00fcber Beziehungen, Gesundheit, Gesch\u00e4ft und Leben. Entschl\u00fcsseln Sie Ihre verborgenen Talente, navigieren Sie durch Lebensver\u00e4nderungen und erforschen Sie die Tiefen Ihrer Psyche. Tr\u00e4ume dienen als Wegweiser, zeigen die Ursachen von Problemen auf, warnen vor Gefahren und bieten Einblicke in pers\u00f6nliche und berufliche Bereiche. Diese bahnbrechende Theorie bietet ein ethisches, psychologisches, spirituelles und religi\u00f6ses Fundament f\u00fcr das Leben und beleuchtet die Prinzipien des Wachstums f\u00fcr alle Suchenden. Begeben Sie sich auf eine Reise der Selbstentdeckung und Erleuchtung durch die tiefe Weisheit der Tr\u00e4ume.","robots":{"index":"index","follow":"follow","max-snippet":"max-snippet:-1","max-image-preview":"max-image-preview:large","max-video-preview":"max-video-preview:-1"},"canonical":"https:\/\/www.schellhammerinstitute.com\/de\/produkt\/moderne-traumtheorie\/","og_locale":"de_DE","og_type":"article","og_title":"Modern Dream Theory | Schellhammer Institute","og_description":"Unlock the transformative power of dreams with our modern dream theory. Discover truths about relationships, health, business, and life. Unravel your hidden talents, navigate life changes, and explore the depths of your psyche. Dreams serve as a guiding force, revealing the root causes of problems, warning against dangers, and offering insights into personal and professional realms. This groundbreaking theory provides an ethical, psychological, spiritual, and religious foundation for life, illuminating principles of growth for all seekers. Embark on a journey of self-discovery and enlightenment through the profound wisdom of dreams.","og_url":"https:\/\/www.schellhammerinstitute.com\/de\/produkt\/moderne-traumtheorie\/","og_site_name":"Schellhammer Institute","article_publisher":"https:\/\/www.facebook.com\/schellhammerinstitute","article_modified_time":"2024-01-10T12:34:54+00:00","og_image":[{"width":1000,"height":1500,"url":"https:\/\/www.schellhammerinstitute.com\/wp-content\/uploads\/Modern-Dream-Theory.jpg","type":"image\/jpeg"}],"twitter_card":"summary_large_image","twitter_misc":{"Gesch\u00e4tzte Lesezeit":"1\u00a0Minute"},"schema":{"@context":"https:\/\/schema.org","@graph":[{"@type":"WebPage","@id":"https:\/\/www.schellhammerinstitute.com\/product\/modern-dream-theory\/","url":"https:\/\/www.schellhammerinstitute.com\/product\/modern-dream-theory\/","name":"Modern Dream Theory | Schellhammer Institute","isPartOf":{"@id":"https:\/\/www.schellhammerinstitute.com\/#website"},"primaryImageOfPage":{"@id":"https:\/\/www.schellhammerinstitute.com\/product\/modern-dream-theory\/#primaryimage"},"image":{"@id":"https:\/\/www.schellhammerinstitute.com\/product\/modern-dream-theory\/#primaryimage"},"thumbnailUrl":"https:\/\/www.schellhammerinstitute.com\/wp-content\/uploads\/Modern-Dream-Theory.jpg","datePublished":"2024-01-10T12:33:04+00:00","dateModified":"2024-01-10T12:34:54+00:00","description":"Erschlie\u00dfen Sie die transformative Kraft der Tr\u00e4ume mit unserer modernen Traumtheorie. Entdecken Sie Wahrheiten \u00fcber Beziehungen, Gesundheit, Gesch\u00e4ft und Leben. Entschl\u00fcsseln Sie Ihre verborgenen Talente, navigieren Sie durch Lebensver\u00e4nderungen und erforschen Sie die Tiefen Ihrer Psyche. Tr\u00e4ume dienen als Wegweiser, zeigen die Ursachen von Problemen auf, warnen vor Gefahren und bieten Einblicke in pers\u00f6nliche und berufliche Bereiche. Diese bahnbrechende Theorie bietet ein ethisches, psychologisches, spirituelles und religi\u00f6ses Fundament f\u00fcr das Leben und beleuchtet die Prinzipien des Wachstums f\u00fcr alle Suchenden. Begeben Sie sich auf eine Reise der Selbstentdeckung und Erleuchtung durch die tiefe Weisheit der Tr\u00e4ume.","breadcrumb":{"@id":"https:\/\/www.schellhammerinstitute.com\/product\/modern-dream-theory\/#breadcrumb"},"inLanguage":"de","potentialAction":[{"@type":"ReadAction","target":["https:\/\/www.schellhammerinstitute.com\/product\/modern-dream-theory\/"]}]},{"@type":"ImageObject","inLanguage":"de","@id":"https:\/\/www.schellhammerinstitute.com\/product\/modern-dream-theory\/#primaryimage","url":"https:\/\/www.schellhammerinstitute.com\/wp-content\/uploads\/Modern-Dream-Theory.jpg","contentUrl":"https:\/\/www.schellhammerinstitute.com\/wp-content\/uploads\/Modern-Dream-Theory.jpg","width":1000,"height":1500},{"@type":"BreadcrumbList","@id":"https:\/\/www.schellhammerinstitute.com\/product\/modern-dream-theory\/#breadcrumb","itemListElement":[{"@type":"ListItem","position":1,"name":"Home","item":"https:\/\/www.schellhammerinstitute.com\/"},{"@type":"ListItem","position":2,"name":"Shop","item":"https:\/\/www.schellhammerinstitute.com\/shop\/"},{"@type":"ListItem","position":3,"name":"Modern Dream Theory"}]},{"@type":"WebSite","@id":"https:\/\/www.schellhammerinstitute.com\/#website","url":"https:\/\/www.schellhammerinstitute.com\/","name":"Schellhammer-Institut","description":"Wir wollen die Welt zum Besseren ver\u00e4ndern","publisher":{"@id":"https:\/\/www.schellhammerinstitute.com\/#organization"},"alternateName":"The Schellhamer Institute","potentialAction":[{"@type":"SearchAction","target":{"@type":"EntryPoint","urlTemplate":"https:\/\/www.schellhammerinstitute.com\/?s={search_term_string}"},"query-input":{"@type":"PropertyValueSpecification","valueRequired":true,"valueName":"search_term_string"}}],"inLanguage":"de"},{"@type":"Organization","@id":"https:\/\/www.schellhammerinstitute.com\/#organization","name":"Schellhammer-Institut","alternateName":"Schellhammer Institute","url":"https:\/\/www.schellhammerinstitute.com\/","logo":{"@type":"ImageObject","inLanguage":"de","@id":"https:\/\/www.schellhammerinstitute.com\/#\/schema\/logo\/image\/","url":"https:\/\/www.schellhammerinstitute.com\/wp-content\/uploads\/cropped-4-Photoroom.png","contentUrl":"https:\/\/www.schellhammerinstitute.com\/wp-content\/uploads\/cropped-4-Photoroom.png","width":902,"height":901,"caption":"Schellhammer Institute"},"image":{"@id":"https:\/\/www.schellhammerinstitute.com\/#\/schema\/logo\/image\/"},"sameAs":["https:\/\/www.facebook.com\/schellhammerinstitute","https:\/\/www.instagram.com\/schellhammerinstitute","https:\/\/www.linkedin.com\/company\/schellhammerinstitute"]}]}},"jetpack_sharing_enabled":true,"_links":{"self":[{"href":"https:\/\/www.schellhammerinstitute.com\/de\/wp-json\/wp\/v2\/product\/13879","targetHints":{"allow":["GET"]}}],"collection":[{"href":"https:\/\/www.schellhammerinstitute.com\/de\/wp-json\/wp\/v2\/product"}],"about":[{"href":"https:\/\/www.schellhammerinstitute.com\/de\/wp-json\/wp\/v2\/types\/product"}],"replies":[{"embeddable":true,"href":"https:\/\/www.schellhammerinstitute.com\/de\/wp-json\/wp\/v2\/comments?post=13879"}],"version-history":[{"count":0,"href":"https:\/\/www.schellhammerinstitute.com\/de\/wp-json\/wp\/v2\/product\/13879\/revisions"}],"wp:featuredmedia":[{"embeddable":true,"href":"https:\/\/www.schellhammerinstitute.com\/de\/wp-json\/wp\/v2\/media\/13881"}],"wp:attachment":[{"href":"https:\/\/www.schellhammerinstitute.com\/de\/wp-json\/wp\/v2\/media?parent=13879"}],"wp:term":[{"taxonomy":"product_brand","embeddable":true,"href":"https:\/\/www.schellhammerinstitute.com\/de\/wp-json\/wp\/v2\/product_brand?post=13879"},{"taxonomy":"product_cat","embeddable":true,"href":"https:\/\/www.schellhammerinstitute.com\/de\/wp-json\/wp\/v2\/product_cat?post=13879"},{"taxonomy":"product_tag","embeddable":true,"href":"https:\/\/www.schellhammerinstitute.com\/de\/wp-json\/wp\/v2\/product_tag?post=13879"}],"curies":[{"name":"wp","href":"https:\/\/api.w.org\/{rel}","templated":true}]}}