{"id":13870,"date":"2024-01-10T11:27:08","date_gmt":"2024-01-10T11:27:08","guid":{"rendered":"https:\/\/www.schellhammerinstitute.com\/?post_type=product&#038;p=13870"},"modified":"2024-01-10T11:27:09","modified_gmt":"2024-01-10T11:27:09","slug":"wirtschaftliche-grundsatze-fur-eine-nachhaltige-entwicklung","status":"publish","type":"product","link":"https:\/\/www.schellhammerinstitute.com\/de\/produkt\/wirtschaftliche-grundsatze-fur-eine-nachhaltige-entwicklung\/","title":{"rendered":"Wirtschaft I: \u00d6konomische Grunds\u00e4tze f\u00fcr eine nachhaltige Entwicklung"},"content":{"rendered":"","protected":false},"excerpt":{"rendered":"<p>Die \"Trilogie \u00fcber die Wirtschaft\" deckt den gr\u00f6\u00dften Betrug der Geschichte auf!<br \/>\nEine kritische Analyse der etablierten Wirtschaftstheorien, wie sie an den meisten Business Schools, Hochschulen und Universit\u00e4ten rund um den Globus gepredigt werden, bis in den tiefsten Kern.<\/p>\n<p>Von der neoklassischen \u00d6konomie bis hin zu den tieferen Dimensionen der Lebens- und Wirtschaftswirklichkeit taucht Dr. Schellhammer mit Nano-Pr\u00e4zision und unverbl\u00fcmter Diagnose in die \u00f6konomischen Prinzipien, Formeln und wissenschaftlichen Theorien ein.<\/p>\n<p>Egal, ob Sie Student, Professor, Unternehmer, Arbeitsloser oder Aufsteiger sind, ob Sie sich selbst\u00e4ndig gemacht haben oder CEO eines multinationalen Unternehmens sind, die Einblicke in die Welt der Wirtschaft in der \"Trilogie der Wirtschaft\" sind unbezahlbar.<\/p>\n<p>Dieses Buch ist ein Muss f\u00fcr jeden Wirtschaftsstudenten, Universit\u00e4tsprofessor oder Weltb\u00fcrger, der verstehen will, in welcher Welt wir heute leben und wohin sich unser Planet morgen entwickelt, wenn nicht dringend ein neues Wirtschaftsverst\u00e4ndnis in die Politik, die Bildung und letztlich die Wirtschaft der Welt integriert wird.<\/p>","protected":false},"featured_media":13698,"comment_status":"closed","ping_status":"closed","template":"","meta":{"saved_in_kubio":false},"product_brand":[],"product_cat":[295,292],"product_tag":[],"class_list":{"0":"post-13870","1":"product","2":"type-product","3":"status-publish","4":"has-post-thumbnail","6":"product_cat-economics","7":"product_cat-english-books","9":"first","10":"instock","11":"shipping-taxable","12":"purchasable","13":"product-type-simple"},"yoast_head":"<!-- This site is optimized with the Yoast SEO plugin v27.3 - https:\/\/yoast.com\/product\/yoast-seo-wordpress\/ -->\n<title>Economics I: Principles of Economics for Sustainable Development | Schellhammer Institute<\/title>\n<meta name=\"description\" content=\"Uncover the biggest scam in history with Dr. Schellhammer&#039;s &quot;Trilogy on Economics.&quot; A critical analysis of established economic theories, offering invaluable insights for students, professors, business owners, and global citizens seeking to understand and shape the future of our world.\" \/>\n<meta name=\"robots\" content=\"index, follow, max-snippet:-1, max-image-preview:large, max-video-preview:-1\" \/>\n<link rel=\"canonical\" href=\"https:\/\/www.schellhammerinstitute.com\/de\/produkt\/wirtschaftliche-grundsatze-fur-eine-nachhaltige-entwicklung\/\" \/>\n<meta property=\"og:locale\" content=\"de_DE\" \/>\n<meta property=\"og:type\" content=\"article\" \/>\n<meta property=\"og:title\" content=\"Economics I: Principles of Economics for Sustainable Development | Schellhammer Institute\" \/>\n<meta property=\"og:description\" content=\"Uncover the biggest scam in history with Dr. Schellhammer&#039;s &quot;Trilogy on Economics.&quot; A critical analysis of established economic theories, offering invaluable insights for students, professors, business owners, and global citizens seeking to understand and shape the future of our world.\" \/>\n<meta property=\"og:url\" content=\"https:\/\/www.schellhammerinstitute.com\/de\/produkt\/wirtschaftliche-grundsatze-fur-eine-nachhaltige-entwicklung\/\" \/>\n<meta property=\"og:site_name\" content=\"Schellhammer Institute\" \/>\n<meta property=\"article:publisher\" content=\"https:\/\/www.facebook.com\/schellhammerinstitute\" \/>\n<meta property=\"article:modified_time\" content=\"2024-01-10T11:27:09+00:00\" \/>\n<meta property=\"og:image\" content=\"https:\/\/www.schellhammerinstitute.com\/wp-content\/uploads\/Economics-1-Book-cover.jpg\" \/>\n\t<meta property=\"og:image:width\" content=\"311\" \/>\n\t<meta property=\"og:image:height\" content=\"466\" \/>\n\t<meta property=\"og:image:type\" content=\"image\/jpeg\" \/>\n<meta name=\"twitter:card\" content=\"summary_large_image\" \/>\n<meta name=\"twitter:label1\" content=\"Gesch\u00e4tzte Lesezeit\" \/>\n\t<meta name=\"twitter:data1\" content=\"1\u00a0Minute\" \/>\n<script type=\"application\/ld+json\" class=\"yoast-schema-graph\">{\"@context\":\"https:\\\/\\\/schema.org\",\"@graph\":[{\"@type\":\"WebPage\",\"@id\":\"https:\\\/\\\/www.schellhammerinstitute.com\\\/product\\\/economics-principles-for-sustainable-development\\\/\",\"url\":\"https:\\\/\\\/www.schellhammerinstitute.com\\\/product\\\/economics-principles-for-sustainable-development\\\/\",\"name\":\"Economics I: Principles of Economics for Sustainable Development | Schellhammer Institute\",\"isPartOf\":{\"@id\":\"https:\\\/\\\/www.schellhammerinstitute.com\\\/#website\"},\"primaryImageOfPage\":{\"@id\":\"https:\\\/\\\/www.schellhammerinstitute.com\\\/product\\\/economics-principles-for-sustainable-development\\\/#primaryimage\"},\"image\":{\"@id\":\"https:\\\/\\\/www.schellhammerinstitute.com\\\/product\\\/economics-principles-for-sustainable-development\\\/#primaryimage\"},\"thumbnailUrl\":\"https:\\\/\\\/www.schellhammerinstitute.com\\\/wp-content\\\/uploads\\\/Economics-1-Book-cover.jpg\",\"datePublished\":\"2024-01-10T11:27:08+00:00\",\"dateModified\":\"2024-01-10T11:27:09+00:00\",\"description\":\"Uncover the biggest scam in history with Dr. Schellhammer's \\\"Trilogy on Economics.\\\" A critical analysis of established economic theories, offering invaluable insights for students, professors, business owners, and global citizens seeking to understand and shape the future of our world.\",\"breadcrumb\":{\"@id\":\"https:\\\/\\\/www.schellhammerinstitute.com\\\/product\\\/economics-principles-for-sustainable-development\\\/#breadcrumb\"},\"inLanguage\":\"de\",\"potentialAction\":[{\"@type\":\"ReadAction\",\"target\":[\"https:\\\/\\\/www.schellhammerinstitute.com\\\/product\\\/economics-principles-for-sustainable-development\\\/\"]}]},{\"@type\":\"ImageObject\",\"inLanguage\":\"de\",\"@id\":\"https:\\\/\\\/www.schellhammerinstitute.com\\\/product\\\/economics-principles-for-sustainable-development\\\/#primaryimage\",\"url\":\"https:\\\/\\\/www.schellhammerinstitute.com\\\/wp-content\\\/uploads\\\/Economics-1-Book-cover.jpg\",\"contentUrl\":\"https:\\\/\\\/www.schellhammerinstitute.com\\\/wp-content\\\/uploads\\\/Economics-1-Book-cover.jpg\",\"width\":311,\"height\":466,\"caption\":\"The \\\"Trilogy on Economics\\\" unveiling the biggest scam in history! A critical analysis to the deepest core of the established economic theories as preached by most business schools, colleges and universities around the globe. From the neo-classical economics to the underlying deeper dimensions of life and business realities, Dr. Schellhammer delves into the economic principles, formulas and scientific theories with Nano-precision and unbarred diagnosis. Whether you are a student, professor, business owner, unemployed or climbing the career ladder, a self made entrepeneur or corporate CEO of a multinational, the insights into the world of Economics in the \\\"Trilogy of Economics\\\" are priceless. This is a must read for any business school student, university professor, or global citizen that wants to understand the world we live in today and where our planet is heading tomorow if a new understanding of economics is not urgently integrated into politics, education and ultimately the business of the world.\"},{\"@type\":\"BreadcrumbList\",\"@id\":\"https:\\\/\\\/www.schellhammerinstitute.com\\\/product\\\/economics-principles-for-sustainable-development\\\/#breadcrumb\",\"itemListElement\":[{\"@type\":\"ListItem\",\"position\":1,\"name\":\"Home\",\"item\":\"https:\\\/\\\/www.schellhammerinstitute.com\\\/\"},{\"@type\":\"ListItem\",\"position\":2,\"name\":\"Shop\",\"item\":\"https:\\\/\\\/www.schellhammerinstitute.com\\\/shop\\\/\"},{\"@type\":\"ListItem\",\"position\":3,\"name\":\"Economics I: Principles of Economics for Sustainable Development\"}]},{\"@type\":\"WebSite\",\"@id\":\"https:\\\/\\\/www.schellhammerinstitute.com\\\/#website\",\"url\":\"https:\\\/\\\/www.schellhammerinstitute.com\\\/\",\"name\":\"Schellhammer Institute\",\"description\":\"We want to change the world for the better\",\"publisher\":{\"@id\":\"https:\\\/\\\/www.schellhammerinstitute.com\\\/#organization\"},\"alternateName\":\"The Schellhamer Institute\",\"potentialAction\":[{\"@type\":\"SearchAction\",\"target\":{\"@type\":\"EntryPoint\",\"urlTemplate\":\"https:\\\/\\\/www.schellhammerinstitute.com\\\/?s={search_term_string}\"},\"query-input\":{\"@type\":\"PropertyValueSpecification\",\"valueRequired\":true,\"valueName\":\"search_term_string\"}}],\"inLanguage\":\"de\"},{\"@type\":\"Organization\",\"@id\":\"https:\\\/\\\/www.schellhammerinstitute.com\\\/#organization\",\"name\":\"Schellhammer Institute\",\"alternateName\":\"Schellhammer Institute\",\"url\":\"https:\\\/\\\/www.schellhammerinstitute.com\\\/\",\"logo\":{\"@type\":\"ImageObject\",\"inLanguage\":\"de\",\"@id\":\"https:\\\/\\\/www.schellhammerinstitute.com\\\/#\\\/schema\\\/logo\\\/image\\\/\",\"url\":\"https:\\\/\\\/www.schellhammerinstitute.com\\\/wp-content\\\/uploads\\\/cropped-4-Photoroom.png\",\"contentUrl\":\"https:\\\/\\\/www.schellhammerinstitute.com\\\/wp-content\\\/uploads\\\/cropped-4-Photoroom.png\",\"width\":902,\"height\":901,\"caption\":\"Schellhammer Institute\"},\"image\":{\"@id\":\"https:\\\/\\\/www.schellhammerinstitute.com\\\/#\\\/schema\\\/logo\\\/image\\\/\"},\"sameAs\":[\"https:\\\/\\\/www.facebook.com\\\/schellhammerinstitute\",\"https:\\\/\\\/www.instagram.com\\\/schellhammerinstitute\",\"https:\\\/\\\/www.linkedin.com\\\/company\\\/schellhammerinstitute\"]}]}<\/script>\n<!-- \/ Yoast SEO plugin. -->","yoast_head_json":{"title":"Economics I: Principles of Economics for Sustainable Development | Schellhammer Institute","description":"Decken Sie den gr\u00f6\u00dften Betrug der Geschichte mit Dr. Schellhammers \"Trilogie \u00fcber die Wirtschaft\" auf. Eine kritische Analyse etablierter Wirtschaftstheorien mit unsch\u00e4tzbaren Erkenntnissen f\u00fcr Studenten, Professoren, Unternehmer und Weltb\u00fcrger, die die Zukunft unserer Welt verstehen und gestalten wollen.","robots":{"index":"index","follow":"follow","max-snippet":"max-snippet:-1","max-image-preview":"max-image-preview:large","max-video-preview":"max-video-preview:-1"},"canonical":"https:\/\/www.schellhammerinstitute.com\/de\/produkt\/wirtschaftliche-grundsatze-fur-eine-nachhaltige-entwicklung\/","og_locale":"de_DE","og_type":"article","og_title":"Economics I: Principles of Economics for Sustainable Development | Schellhammer Institute","og_description":"Uncover the biggest scam in history with Dr. Schellhammer's \"Trilogy on Economics.\" A critical analysis of established economic theories, offering invaluable insights for students, professors, business owners, and global citizens seeking to understand and shape the future of our world.","og_url":"https:\/\/www.schellhammerinstitute.com\/de\/produkt\/wirtschaftliche-grundsatze-fur-eine-nachhaltige-entwicklung\/","og_site_name":"Schellhammer Institute","article_publisher":"https:\/\/www.facebook.com\/schellhammerinstitute","article_modified_time":"2024-01-10T11:27:09+00:00","og_image":[{"width":311,"height":466,"url":"https:\/\/www.schellhammerinstitute.com\/wp-content\/uploads\/Economics-1-Book-cover.jpg","type":"image\/jpeg"}],"twitter_card":"summary_large_image","twitter_misc":{"Gesch\u00e4tzte Lesezeit":"1\u00a0Minute"},"schema":{"@context":"https:\/\/schema.org","@graph":[{"@type":"WebPage","@id":"https:\/\/www.schellhammerinstitute.com\/product\/economics-principles-for-sustainable-development\/","url":"https:\/\/www.schellhammerinstitute.com\/product\/economics-principles-for-sustainable-development\/","name":"Economics I: Principles of Economics for Sustainable Development | Schellhammer Institute","isPartOf":{"@id":"https:\/\/www.schellhammerinstitute.com\/#website"},"primaryImageOfPage":{"@id":"https:\/\/www.schellhammerinstitute.com\/product\/economics-principles-for-sustainable-development\/#primaryimage"},"image":{"@id":"https:\/\/www.schellhammerinstitute.com\/product\/economics-principles-for-sustainable-development\/#primaryimage"},"thumbnailUrl":"https:\/\/www.schellhammerinstitute.com\/wp-content\/uploads\/Economics-1-Book-cover.jpg","datePublished":"2024-01-10T11:27:08+00:00","dateModified":"2024-01-10T11:27:09+00:00","description":"Decken Sie den gr\u00f6\u00dften Betrug der Geschichte mit Dr. Schellhammers \"Trilogie \u00fcber die Wirtschaft\" auf. Eine kritische Analyse etablierter Wirtschaftstheorien mit unsch\u00e4tzbaren Erkenntnissen f\u00fcr Studenten, Professoren, Unternehmer und Weltb\u00fcrger, die die Zukunft unserer Welt verstehen und gestalten wollen.","breadcrumb":{"@id":"https:\/\/www.schellhammerinstitute.com\/product\/economics-principles-for-sustainable-development\/#breadcrumb"},"inLanguage":"de","potentialAction":[{"@type":"ReadAction","target":["https:\/\/www.schellhammerinstitute.com\/product\/economics-principles-for-sustainable-development\/"]}]},{"@type":"ImageObject","inLanguage":"de","@id":"https:\/\/www.schellhammerinstitute.com\/product\/economics-principles-for-sustainable-development\/#primaryimage","url":"https:\/\/www.schellhammerinstitute.com\/wp-content\/uploads\/Economics-1-Book-cover.jpg","contentUrl":"https:\/\/www.schellhammerinstitute.com\/wp-content\/uploads\/Economics-1-Book-cover.jpg","width":311,"height":466,"caption":"The \"Trilogy on Economics\" unveiling the biggest scam in history! A critical analysis to the deepest core of the established economic theories as preached by most business schools, colleges and universities around the globe. From the neo-classical economics to the underlying deeper dimensions of life and business realities, Dr. Schellhammer delves into the economic principles, formulas and scientific theories with Nano-precision and unbarred diagnosis. Whether you are a student, professor, business owner, unemployed or climbing the career ladder, a self made entrepeneur or corporate CEO of a multinational, the insights into the world of Economics in the \"Trilogy of Economics\" are priceless. This is a must read for any business school student, university professor, or global citizen that wants to understand the world we live in today and where our planet is heading tomorow if a new understanding of economics is not urgently integrated into politics, education and ultimately the business of the world."},{"@type":"BreadcrumbList","@id":"https:\/\/www.schellhammerinstitute.com\/product\/economics-principles-for-sustainable-development\/#breadcrumb","itemListElement":[{"@type":"ListItem","position":1,"name":"Home","item":"https:\/\/www.schellhammerinstitute.com\/"},{"@type":"ListItem","position":2,"name":"Shop","item":"https:\/\/www.schellhammerinstitute.com\/shop\/"},{"@type":"ListItem","position":3,"name":"Economics I: Principles of Economics for Sustainable Development"}]},{"@type":"WebSite","@id":"https:\/\/www.schellhammerinstitute.com\/#website","url":"https:\/\/www.schellhammerinstitute.com\/","name":"Schellhammer-Institut","description":"Wir wollen die Welt zum Besseren ver\u00e4ndern","publisher":{"@id":"https:\/\/www.schellhammerinstitute.com\/#organization"},"alternateName":"The Schellhamer Institute","potentialAction":[{"@type":"SearchAction","target":{"@type":"EntryPoint","urlTemplate":"https:\/\/www.schellhammerinstitute.com\/?s={search_term_string}"},"query-input":{"@type":"PropertyValueSpecification","valueRequired":true,"valueName":"search_term_string"}}],"inLanguage":"de"},{"@type":"Organization","@id":"https:\/\/www.schellhammerinstitute.com\/#organization","name":"Schellhammer-Institut","alternateName":"Schellhammer Institute","url":"https:\/\/www.schellhammerinstitute.com\/","logo":{"@type":"ImageObject","inLanguage":"de","@id":"https:\/\/www.schellhammerinstitute.com\/#\/schema\/logo\/image\/","url":"https:\/\/www.schellhammerinstitute.com\/wp-content\/uploads\/cropped-4-Photoroom.png","contentUrl":"https:\/\/www.schellhammerinstitute.com\/wp-content\/uploads\/cropped-4-Photoroom.png","width":902,"height":901,"caption":"Schellhammer Institute"},"image":{"@id":"https:\/\/www.schellhammerinstitute.com\/#\/schema\/logo\/image\/"},"sameAs":["https:\/\/www.facebook.com\/schellhammerinstitute","https:\/\/www.instagram.com\/schellhammerinstitute","https:\/\/www.linkedin.com\/company\/schellhammerinstitute"]}]}},"jetpack_sharing_enabled":true,"_links":{"self":[{"href":"https:\/\/www.schellhammerinstitute.com\/de\/wp-json\/wp\/v2\/product\/13870","targetHints":{"allow":["GET"]}}],"collection":[{"href":"https:\/\/www.schellhammerinstitute.com\/de\/wp-json\/wp\/v2\/product"}],"about":[{"href":"https:\/\/www.schellhammerinstitute.com\/de\/wp-json\/wp\/v2\/types\/product"}],"replies":[{"embeddable":true,"href":"https:\/\/www.schellhammerinstitute.com\/de\/wp-json\/wp\/v2\/comments?post=13870"}],"version-history":[{"count":0,"href":"https:\/\/www.schellhammerinstitute.com\/de\/wp-json\/wp\/v2\/product\/13870\/revisions"}],"wp:featuredmedia":[{"embeddable":true,"href":"https:\/\/www.schellhammerinstitute.com\/de\/wp-json\/wp\/v2\/media\/13698"}],"wp:attachment":[{"href":"https:\/\/www.schellhammerinstitute.com\/de\/wp-json\/wp\/v2\/media?parent=13870"}],"wp:term":[{"taxonomy":"product_brand","embeddable":true,"href":"https:\/\/www.schellhammerinstitute.com\/de\/wp-json\/wp\/v2\/product_brand?post=13870"},{"taxonomy":"product_cat","embeddable":true,"href":"https:\/\/www.schellhammerinstitute.com\/de\/wp-json\/wp\/v2\/product_cat?post=13870"},{"taxonomy":"product_tag","embeddable":true,"href":"https:\/\/www.schellhammerinstitute.com\/de\/wp-json\/wp\/v2\/product_tag?post=13870"}],"curies":[{"name":"wp","href":"https:\/\/api.w.org\/{rel}","templated":true}]}}