{"id":13860,"date":"2024-01-10T10:26:29","date_gmt":"2024-01-10T10:26:29","guid":{"rendered":"https:\/\/www.schellhammerinstitute.com\/product\/concept-individuation\/"},"modified":"2024-01-10T10:26:29","modified_gmt":"2024-01-10T10:26:29","slug":"begriffsindividuation","status":"publish","type":"product","link":"https:\/\/www.schellhammerinstitute.com\/de\/produkt\/begriffsindividuation\/","title":{"rendered":"Konzept Individuation"},"content":{"rendered":"","protected":false},"excerpt":{"rendered":"<p>Noch nie wurde der Prozess der Individuation so gr\u00fcndlich und akribisch dokumentiert. Dieses Buch ist ein unverzichtbarer Leitfaden f\u00fcr alle, die Individuation lehren oder andere Menschen in diesem psychisch-spirituellen Prozess begleiten. Es ist auch ein Studienbuch f\u00fcr alle, die das Ziel der Individuation erreichen wollen.<\/p>\n<p>Das Studium der Individuation<\/p>\n<p>\u25a0 Der Mensch wird aus handlungstheoretischer, psychoanalytischer, psychologischer, biographischer und lebensweltlicher Sicht differenziert analysiert.<br \/>\nEine neu strukturierte Traumtheorie, eine ausgewertete Meditationsmethodik und ein umfassendes Verst\u00e4ndnis des Unbewussten sind weitere Grundlagen f\u00fcr eine Stufenkonzeption der Pers\u00f6nlichkeitsentwicklung und Individuation.<br \/>\n\u25a0 Der so gr\u00fcndlich und sorgf\u00e4ltig dokumentierte Individuationsprozess wie nirgendwo sonst. Ein unverzichtbares Handbuch f\u00fcr alle, die Individuation lehren und andere in diesem psycho-spirituellen Prozess anleiten.<\/p>","protected":false},"featured_media":10033,"comment_status":"closed","ping_status":"closed","template":"","meta":{"saved_in_kubio":false},"product_brand":[],"product_cat":[297,292,296],"product_tag":[],"class_list":{"0":"post-13860","1":"product","2":"type-product","3":"status-publish","4":"has-post-thumbnail","6":"product_cat-education","7":"product_cat-english-books","8":"product_cat-philosophy","10":"first","11":"instock","12":"shipping-taxable","13":"purchasable","14":"product-type-simple"},"yoast_head":"<!-- This site is optimized with the Yoast SEO plugin v27.5 - https:\/\/yoast.com\/product\/yoast-seo-wordpress\/ -->\n<title>Concept Individuation | Schellhammer Institute<\/title>\n<meta name=\"description\" content=\"The processes of individuation has never before been documented so thoroughly and meticulously. This book provides an indispensable guide for those who teach individuation or accompany other people in this psychological-spiritual process. It is also a study book for everyone who wants to achieve the goal of individuation.\" \/>\n<meta name=\"robots\" content=\"index, follow, max-snippet:-1, max-image-preview:large, max-video-preview:-1\" \/>\n<link rel=\"canonical\" href=\"https:\/\/www.schellhammerinstitute.com\/de\/produkt\/begriffsindividuation\/\" \/>\n<meta property=\"og:locale\" content=\"de_DE\" \/>\n<meta property=\"og:type\" content=\"article\" \/>\n<meta property=\"og:title\" content=\"Concept Individuation | Schellhammer Institute\" \/>\n<meta property=\"og:description\" content=\"The processes of individuation has never before been documented so thoroughly and meticulously. This book provides an indispensable guide for those who teach individuation or accompany other people in this psychological-spiritual process. It is also a study book for everyone who wants to achieve the goal of individuation.\" \/>\n<meta property=\"og:url\" content=\"https:\/\/www.schellhammerinstitute.com\/de\/produkt\/begriffsindividuation\/\" \/>\n<meta property=\"og:site_name\" content=\"Schellhammer Institute\" \/>\n<meta property=\"article:publisher\" content=\"https:\/\/www.facebook.com\/schellhammerinstitute\" \/>\n<meta property=\"og:image\" content=\"https:\/\/www.schellhammerinstitute.com\/wp-content\/uploads\/concept-individuation.jpg\" \/>\n\t<meta property=\"og:image:width\" content=\"339\" \/>\n\t<meta property=\"og:image:height\" content=\"500\" \/>\n\t<meta property=\"og:image:type\" content=\"image\/jpeg\" \/>\n<meta name=\"twitter:card\" content=\"summary_large_image\" \/>\n<meta name=\"twitter:label1\" content=\"Gesch\u00e4tzte Lesezeit\" \/>\n\t<meta name=\"twitter:data1\" content=\"1\u00a0Minute\" \/>\n<script type=\"application\/ld+json\" class=\"yoast-schema-graph\">{\"@context\":\"https:\\\/\\\/schema.org\",\"@graph\":[{\"@type\":\"WebPage\",\"@id\":\"https:\\\/\\\/www.schellhammerinstitute.com\\\/product\\\/concept-individuation\\\/\",\"url\":\"https:\\\/\\\/www.schellhammerinstitute.com\\\/product\\\/concept-individuation\\\/\",\"name\":\"Concept Individuation | Schellhammer Institute\",\"isPartOf\":{\"@id\":\"https:\\\/\\\/www.schellhammerinstitute.com\\\/#website\"},\"primaryImageOfPage\":{\"@id\":\"https:\\\/\\\/www.schellhammerinstitute.com\\\/product\\\/concept-individuation\\\/#primaryimage\"},\"image\":{\"@id\":\"https:\\\/\\\/www.schellhammerinstitute.com\\\/product\\\/concept-individuation\\\/#primaryimage\"},\"thumbnailUrl\":\"https:\\\/\\\/www.schellhammerinstitute.com\\\/wp-content\\\/uploads\\\/concept-individuation.jpg\",\"datePublished\":\"2024-01-10T10:26:29+00:00\",\"description\":\"The processes of individuation has never before been documented so thoroughly and meticulously. This book provides an indispensable guide for those who teach individuation or accompany other people in this psychological-spiritual process. It is also a study book for everyone who wants to achieve the goal of individuation.\",\"breadcrumb\":{\"@id\":\"https:\\\/\\\/www.schellhammerinstitute.com\\\/product\\\/concept-individuation\\\/#breadcrumb\"},\"inLanguage\":\"de\",\"potentialAction\":[{\"@type\":\"ReadAction\",\"target\":[\"https:\\\/\\\/www.schellhammerinstitute.com\\\/product\\\/concept-individuation\\\/\"]}]},{\"@type\":\"ImageObject\",\"inLanguage\":\"de\",\"@id\":\"https:\\\/\\\/www.schellhammerinstitute.com\\\/product\\\/concept-individuation\\\/#primaryimage\",\"url\":\"https:\\\/\\\/www.schellhammerinstitute.com\\\/wp-content\\\/uploads\\\/concept-individuation.jpg\",\"contentUrl\":\"https:\\\/\\\/www.schellhammerinstitute.com\\\/wp-content\\\/uploads\\\/concept-individuation.jpg\",\"width\":339,\"height\":500,\"caption\":\"The processes of individuation, documented so thoroughly and meticulously, like nowhere else. An indispensable guide for those who teach individuation and accompany other people in this psychological-spiritual process. A study book for everyone who wants to achieve the goal of individuation. To the Study of Individuation \u25a0 The human is analyzed in a differentiated manner from the point of view of action theory, psychoanalysis, psychology, biography and the worlds of life. \u25a0 A new structured dream theory, one evaluated Methodology of Meditation and an extensive understanding of the unconscious are more bases for a stage conception of personality development and individuation. \u25a0 The so thoroughly and meticulously documented processes of individuation than anywhere else. An essential manual for those who teach individuation and guide others in this psycho-spiritual process. A study book for anyone who wants to reach the goal of individuation.\"},{\"@type\":\"BreadcrumbList\",\"@id\":\"https:\\\/\\\/www.schellhammerinstitute.com\\\/product\\\/concept-individuation\\\/#breadcrumb\",\"itemListElement\":[{\"@type\":\"ListItem\",\"position\":1,\"name\":\"Home\",\"item\":\"https:\\\/\\\/www.schellhammerinstitute.com\\\/\"},{\"@type\":\"ListItem\",\"position\":2,\"name\":\"Shop\",\"item\":\"https:\\\/\\\/www.schellhammerinstitute.com\\\/shop\\\/\"},{\"@type\":\"ListItem\",\"position\":3,\"name\":\"Concept Individuation\"}]},{\"@type\":\"WebSite\",\"@id\":\"https:\\\/\\\/www.schellhammerinstitute.com\\\/#website\",\"url\":\"https:\\\/\\\/www.schellhammerinstitute.com\\\/\",\"name\":\"Schellhammer Institute\",\"description\":\"We want to change the world for the better\",\"publisher\":{\"@id\":\"https:\\\/\\\/www.schellhammerinstitute.com\\\/#organization\"},\"alternateName\":\"The Schellhamer Institute\",\"potentialAction\":[{\"@type\":\"SearchAction\",\"target\":{\"@type\":\"EntryPoint\",\"urlTemplate\":\"https:\\\/\\\/www.schellhammerinstitute.com\\\/?s={search_term_string}\"},\"query-input\":{\"@type\":\"PropertyValueSpecification\",\"valueRequired\":true,\"valueName\":\"search_term_string\"}}],\"inLanguage\":\"de\"},{\"@type\":\"Organization\",\"@id\":\"https:\\\/\\\/www.schellhammerinstitute.com\\\/#organization\",\"name\":\"Schellhammer Institute\",\"alternateName\":\"Schellhammer Institute\",\"url\":\"https:\\\/\\\/www.schellhammerinstitute.com\\\/\",\"logo\":{\"@type\":\"ImageObject\",\"inLanguage\":\"de\",\"@id\":\"https:\\\/\\\/www.schellhammerinstitute.com\\\/#\\\/schema\\\/logo\\\/image\\\/\",\"url\":\"https:\\\/\\\/www.schellhammerinstitute.com\\\/wp-content\\\/uploads\\\/cropped-4-Photoroom.png\",\"contentUrl\":\"https:\\\/\\\/www.schellhammerinstitute.com\\\/wp-content\\\/uploads\\\/cropped-4-Photoroom.png\",\"width\":902,\"height\":901,\"caption\":\"Schellhammer Institute\"},\"image\":{\"@id\":\"https:\\\/\\\/www.schellhammerinstitute.com\\\/#\\\/schema\\\/logo\\\/image\\\/\"},\"sameAs\":[\"https:\\\/\\\/www.facebook.com\\\/schellhammerinstitute\",\"https:\\\/\\\/www.instagram.com\\\/schellhammerinstitute\",\"https:\\\/\\\/www.linkedin.com\\\/company\\\/schellhammerinstitute\"]}]}<\/script>\n<!-- \/ Yoast SEO plugin. -->","yoast_head_json":{"title":"Concept Individuation | Schellhammer Institute","description":"Noch nie wurde der Prozess der Individuation so gr\u00fcndlich und akribisch dokumentiert. Dieses Buch ist ein unverzichtbarer Leitfaden f\u00fcr alle, die Individuation lehren oder andere Menschen in diesem psychisch-spirituellen Prozess begleiten. Es ist auch ein Studienbuch f\u00fcr alle, die das Ziel der Individuation erreichen wollen.","robots":{"index":"index","follow":"follow","max-snippet":"max-snippet:-1","max-image-preview":"max-image-preview:large","max-video-preview":"max-video-preview:-1"},"canonical":"https:\/\/www.schellhammerinstitute.com\/de\/produkt\/begriffsindividuation\/","og_locale":"de_DE","og_type":"article","og_title":"Concept Individuation | Schellhammer Institute","og_description":"The processes of individuation has never before been documented so thoroughly and meticulously. This book provides an indispensable guide for those who teach individuation or accompany other people in this psychological-spiritual process. It is also a study book for everyone who wants to achieve the goal of individuation.","og_url":"https:\/\/www.schellhammerinstitute.com\/de\/produkt\/begriffsindividuation\/","og_site_name":"Schellhammer Institute","article_publisher":"https:\/\/www.facebook.com\/schellhammerinstitute","og_image":[{"width":339,"height":500,"url":"https:\/\/www.schellhammerinstitute.com\/wp-content\/uploads\/concept-individuation.jpg","type":"image\/jpeg"}],"twitter_card":"summary_large_image","twitter_misc":{"Gesch\u00e4tzte Lesezeit":"1\u00a0Minute"},"schema":{"@context":"https:\/\/schema.org","@graph":[{"@type":"WebPage","@id":"https:\/\/www.schellhammerinstitute.com\/product\/concept-individuation\/","url":"https:\/\/www.schellhammerinstitute.com\/product\/concept-individuation\/","name":"Concept Individuation | Schellhammer Institute","isPartOf":{"@id":"https:\/\/www.schellhammerinstitute.com\/#website"},"primaryImageOfPage":{"@id":"https:\/\/www.schellhammerinstitute.com\/product\/concept-individuation\/#primaryimage"},"image":{"@id":"https:\/\/www.schellhammerinstitute.com\/product\/concept-individuation\/#primaryimage"},"thumbnailUrl":"https:\/\/www.schellhammerinstitute.com\/wp-content\/uploads\/concept-individuation.jpg","datePublished":"2024-01-10T10:26:29+00:00","description":"Noch nie wurde der Prozess der Individuation so gr\u00fcndlich und akribisch dokumentiert. Dieses Buch ist ein unverzichtbarer Leitfaden f\u00fcr alle, die Individuation lehren oder andere Menschen in diesem psychisch-spirituellen Prozess begleiten. Es ist auch ein Studienbuch f\u00fcr alle, die das Ziel der Individuation erreichen wollen.","breadcrumb":{"@id":"https:\/\/www.schellhammerinstitute.com\/product\/concept-individuation\/#breadcrumb"},"inLanguage":"de","potentialAction":[{"@type":"ReadAction","target":["https:\/\/www.schellhammerinstitute.com\/product\/concept-individuation\/"]}]},{"@type":"ImageObject","inLanguage":"de","@id":"https:\/\/www.schellhammerinstitute.com\/product\/concept-individuation\/#primaryimage","url":"https:\/\/www.schellhammerinstitute.com\/wp-content\/uploads\/concept-individuation.jpg","contentUrl":"https:\/\/www.schellhammerinstitute.com\/wp-content\/uploads\/concept-individuation.jpg","width":339,"height":500,"caption":"The processes of individuation, documented so thoroughly and meticulously, like nowhere else. An indispensable guide for those who teach individuation and accompany other people in this psychological-spiritual process. A study book for everyone who wants to achieve the goal of individuation. To the Study of Individuation \u25a0 The human is analyzed in a differentiated manner from the point of view of action theory, psychoanalysis, psychology, biography and the worlds of life. \u25a0 A new structured dream theory, one evaluated Methodology of Meditation and an extensive understanding of the unconscious are more bases for a stage conception of personality development and individuation. \u25a0 The so thoroughly and meticulously documented processes of individuation than anywhere else. An essential manual for those who teach individuation and guide others in this psycho-spiritual process. A study book for anyone who wants to reach the goal of individuation."},{"@type":"BreadcrumbList","@id":"https:\/\/www.schellhammerinstitute.com\/product\/concept-individuation\/#breadcrumb","itemListElement":[{"@type":"ListItem","position":1,"name":"Home","item":"https:\/\/www.schellhammerinstitute.com\/"},{"@type":"ListItem","position":2,"name":"Shop","item":"https:\/\/www.schellhammerinstitute.com\/shop\/"},{"@type":"ListItem","position":3,"name":"Concept Individuation"}]},{"@type":"WebSite","@id":"https:\/\/www.schellhammerinstitute.com\/#website","url":"https:\/\/www.schellhammerinstitute.com\/","name":"Schellhammer-Institut","description":"Wir wollen die Welt zum Besseren ver\u00e4ndern","publisher":{"@id":"https:\/\/www.schellhammerinstitute.com\/#organization"},"alternateName":"The Schellhamer Institute","potentialAction":[{"@type":"SearchAction","target":{"@type":"EntryPoint","urlTemplate":"https:\/\/www.schellhammerinstitute.com\/?s={search_term_string}"},"query-input":{"@type":"PropertyValueSpecification","valueRequired":true,"valueName":"search_term_string"}}],"inLanguage":"de"},{"@type":"Organization","@id":"https:\/\/www.schellhammerinstitute.com\/#organization","name":"Schellhammer-Institut","alternateName":"Schellhammer Institute","url":"https:\/\/www.schellhammerinstitute.com\/","logo":{"@type":"ImageObject","inLanguage":"de","@id":"https:\/\/www.schellhammerinstitute.com\/#\/schema\/logo\/image\/","url":"https:\/\/www.schellhammerinstitute.com\/wp-content\/uploads\/cropped-4-Photoroom.png","contentUrl":"https:\/\/www.schellhammerinstitute.com\/wp-content\/uploads\/cropped-4-Photoroom.png","width":902,"height":901,"caption":"Schellhammer Institute"},"image":{"@id":"https:\/\/www.schellhammerinstitute.com\/#\/schema\/logo\/image\/"},"sameAs":["https:\/\/www.facebook.com\/schellhammerinstitute","https:\/\/www.instagram.com\/schellhammerinstitute","https:\/\/www.linkedin.com\/company\/schellhammerinstitute"]}]}},"jetpack_sharing_enabled":true,"_links":{"self":[{"href":"https:\/\/www.schellhammerinstitute.com\/de\/wp-json\/wp\/v2\/product\/13860","targetHints":{"allow":["GET"]}}],"collection":[{"href":"https:\/\/www.schellhammerinstitute.com\/de\/wp-json\/wp\/v2\/product"}],"about":[{"href":"https:\/\/www.schellhammerinstitute.com\/de\/wp-json\/wp\/v2\/types\/product"}],"replies":[{"embeddable":true,"href":"https:\/\/www.schellhammerinstitute.com\/de\/wp-json\/wp\/v2\/comments?post=13860"}],"version-history":[{"count":0,"href":"https:\/\/www.schellhammerinstitute.com\/de\/wp-json\/wp\/v2\/product\/13860\/revisions"}],"wp:featuredmedia":[{"embeddable":true,"href":"https:\/\/www.schellhammerinstitute.com\/de\/wp-json\/wp\/v2\/media\/10033"}],"wp:attachment":[{"href":"https:\/\/www.schellhammerinstitute.com\/de\/wp-json\/wp\/v2\/media?parent=13860"}],"wp:term":[{"taxonomy":"product_brand","embeddable":true,"href":"https:\/\/www.schellhammerinstitute.com\/de\/wp-json\/wp\/v2\/product_brand?post=13860"},{"taxonomy":"product_cat","embeddable":true,"href":"https:\/\/www.schellhammerinstitute.com\/de\/wp-json\/wp\/v2\/product_cat?post=13860"},{"taxonomy":"product_tag","embeddable":true,"href":"https:\/\/www.schellhammerinstitute.com\/de\/wp-json\/wp\/v2\/product_tag?post=13860"}],"curies":[{"name":"wp","href":"https:\/\/api.w.org\/{rel}","templated":true}]}}