{"id":13850,"date":"2024-01-10T10:07:29","date_gmt":"2024-01-10T10:07:29","guid":{"rendered":"https:\/\/www.schellhammerinstitute.com\/?post_type=product&#038;p=13850"},"modified":"2024-01-10T10:09:21","modified_gmt":"2024-01-10T10:09:21","slug":"evolutionare-menschenbildung-2","status":"publish","type":"product","link":"https:\/\/www.schellhammerinstitute.com\/de\/produkt\/evolutionare-menschenbildung-2\/","title":{"rendered":"Evolution\u00e4re Menschenbildung: Philosophie, Psychologie und Menschsein"},"content":{"rendered":"","protected":false},"excerpt":{"rendered":"<p>Das Hauptprogramm der Menschenbildung basiert auf einer zukunftsorientierten Bildungstheorie und einer erweiterten philosophischen Anthropologie. Der hohe Stellenwert von Pers\u00f6nlichkeitsentwicklung und Individuation wird von der Antike bis zur Gegenwart aufgerollt und f\u00fcr die moderne Menschenbildung weiterentwickelt. Die daf\u00fcr ma\u00dfgeschneiderte Didaktik konstruiert die Lernschritte und alle Phasen der Individuation. Es wird ein neues Paradigma f\u00fcr die P\u00e4dagogik und Andragogik des 21. Jahrhunderts entworfen: Menschenbildung durch die Gestaltung eines umfassenden psycho-spirituellen Lebens. Ein Studienbuch f\u00fcr alle, die das wertvollste Gut der Menschenbildung fachkundig nutzen wollen.<\/p>","protected":false},"featured_media":10002,"comment_status":"closed","ping_status":"closed","template":"","meta":{"saved_in_kubio":false},"product_brand":[],"product_cat":[297,292,296,290],"product_tag":[],"class_list":{"0":"post-13850","1":"product","2":"type-product","3":"status-publish","4":"has-post-thumbnail","6":"product_cat-education","7":"product_cat-english-books","8":"product_cat-philosophy","9":"product_cat-psychology","11":"first","12":"instock","13":"shipping-taxable","14":"purchasable","15":"product-type-simple"},"yoast_head":"<!-- This site is optimized with the Yoast SEO plugin v27.3 - https:\/\/yoast.com\/product\/yoast-seo-wordpress\/ -->\n<title>Evolutionary Human Education: Philosophy, Psychology, and Being Human | Schellhammer Institute<\/title>\n<meta name=\"description\" content=\"Revolutionary human education program: Future-oriented theory, expanded anthropology, and tailored didactics. A paradigm shift for the 21st-century pedagogy.\" \/>\n<meta name=\"robots\" content=\"index, follow, max-snippet:-1, max-image-preview:large, max-video-preview:-1\" \/>\n<link rel=\"canonical\" href=\"https:\/\/www.schellhammerinstitute.com\/de\/produkt\/evolutionare-menschenbildung-2\/\" \/>\n<meta property=\"og:locale\" content=\"de_DE\" \/>\n<meta property=\"og:type\" content=\"article\" \/>\n<meta property=\"og:title\" content=\"Evolutionary Human Education: Philosophy, Psychology, and Being Human | Schellhammer Institute\" \/>\n<meta property=\"og:description\" content=\"Revolutionary human education program: Future-oriented theory, expanded anthropology, and tailored didactics. A paradigm shift for the 21st-century pedagogy.\" \/>\n<meta property=\"og:url\" content=\"https:\/\/www.schellhammerinstitute.com\/de\/produkt\/evolutionare-menschenbildung-2\/\" \/>\n<meta property=\"og:site_name\" content=\"Schellhammer Institute\" \/>\n<meta property=\"article:publisher\" content=\"https:\/\/www.facebook.com\/schellhammerinstitute\" \/>\n<meta property=\"article:modified_time\" content=\"2024-01-10T10:09:21+00:00\" \/>\n<meta property=\"og:image\" content=\"https:\/\/www.schellhammerinstitute.com\/wp-content\/uploads\/Evolutionary-human-education.jpg\" \/>\n\t<meta property=\"og:image:width\" content=\"667\" \/>\n\t<meta property=\"og:image:height\" content=\"1000\" \/>\n\t<meta property=\"og:image:type\" content=\"image\/jpeg\" \/>\n<meta name=\"twitter:card\" content=\"summary_large_image\" \/>\n<meta name=\"twitter:label1\" content=\"Gesch\u00e4tzte Lesezeit\" \/>\n\t<meta name=\"twitter:data1\" content=\"1\u00a0Minute\" \/>\n<script type=\"application\/ld+json\" class=\"yoast-schema-graph\">{\"@context\":\"https:\\\/\\\/schema.org\",\"@graph\":[{\"@type\":\"WebPage\",\"@id\":\"https:\\\/\\\/www.schellhammerinstitute.com\\\/product\\\/evolutionary-human-education\\\/\",\"url\":\"https:\\\/\\\/www.schellhammerinstitute.com\\\/product\\\/evolutionary-human-education\\\/\",\"name\":\"Evolutionary Human Education: Philosophy, Psychology, and Being Human | Schellhammer Institute\",\"isPartOf\":{\"@id\":\"https:\\\/\\\/www.schellhammerinstitute.com\\\/#website\"},\"primaryImageOfPage\":{\"@id\":\"https:\\\/\\\/www.schellhammerinstitute.com\\\/product\\\/evolutionary-human-education\\\/#primaryimage\"},\"image\":{\"@id\":\"https:\\\/\\\/www.schellhammerinstitute.com\\\/product\\\/evolutionary-human-education\\\/#primaryimage\"},\"thumbnailUrl\":\"https:\\\/\\\/www.schellhammerinstitute.com\\\/wp-content\\\/uploads\\\/Evolutionary-human-education.jpg\",\"datePublished\":\"2024-01-10T10:07:29+00:00\",\"dateModified\":\"2024-01-10T10:09:21+00:00\",\"description\":\"Revolutionary human education program: Future-oriented theory, expanded anthropology, and tailored didactics. A paradigm shift for the 21st-century pedagogy.\",\"breadcrumb\":{\"@id\":\"https:\\\/\\\/www.schellhammerinstitute.com\\\/product\\\/evolutionary-human-education\\\/#breadcrumb\"},\"inLanguage\":\"de\",\"potentialAction\":[{\"@type\":\"ReadAction\",\"target\":[\"https:\\\/\\\/www.schellhammerinstitute.com\\\/product\\\/evolutionary-human-education\\\/\"]}]},{\"@type\":\"ImageObject\",\"inLanguage\":\"de\",\"@id\":\"https:\\\/\\\/www.schellhammerinstitute.com\\\/product\\\/evolutionary-human-education\\\/#primaryimage\",\"url\":\"https:\\\/\\\/www.schellhammerinstitute.com\\\/wp-content\\\/uploads\\\/Evolutionary-human-education.jpg\",\"contentUrl\":\"https:\\\/\\\/www.schellhammerinstitute.com\\\/wp-content\\\/uploads\\\/Evolutionary-human-education.jpg\",\"width\":667,\"height\":1000,\"caption\":\"The main program of human education is based on a future-oriented educational theory and an expanded philosophical anthropology. The high value of personality development and Individuation is rolled up from antiquity to the present day and further developed for modern human education. The tailor-made didactics for this constructs the learning steps and all phases of Individuation. A new paradigm for pedagogy and andragogy of the 21st century is designed: Human education through the formation of a comprehensive psycho-spiritual life. A study book for those who want to use the most valuable good of human education in an expert manner.\"},{\"@type\":\"BreadcrumbList\",\"@id\":\"https:\\\/\\\/www.schellhammerinstitute.com\\\/product\\\/evolutionary-human-education\\\/#breadcrumb\",\"itemListElement\":[{\"@type\":\"ListItem\",\"position\":1,\"name\":\"Home\",\"item\":\"https:\\\/\\\/www.schellhammerinstitute.com\\\/\"},{\"@type\":\"ListItem\",\"position\":2,\"name\":\"Shop\",\"item\":\"https:\\\/\\\/www.schellhammerinstitute.com\\\/shop\\\/\"},{\"@type\":\"ListItem\",\"position\":3,\"name\":\"Evolutionary Human Education: Philosophy, Psychology, and Being Human\"}]},{\"@type\":\"WebSite\",\"@id\":\"https:\\\/\\\/www.schellhammerinstitute.com\\\/#website\",\"url\":\"https:\\\/\\\/www.schellhammerinstitute.com\\\/\",\"name\":\"Schellhammer Institute\",\"description\":\"We want to change the world for the better\",\"publisher\":{\"@id\":\"https:\\\/\\\/www.schellhammerinstitute.com\\\/#organization\"},\"alternateName\":\"The Schellhamer Institute\",\"potentialAction\":[{\"@type\":\"SearchAction\",\"target\":{\"@type\":\"EntryPoint\",\"urlTemplate\":\"https:\\\/\\\/www.schellhammerinstitute.com\\\/?s={search_term_string}\"},\"query-input\":{\"@type\":\"PropertyValueSpecification\",\"valueRequired\":true,\"valueName\":\"search_term_string\"}}],\"inLanguage\":\"de\"},{\"@type\":\"Organization\",\"@id\":\"https:\\\/\\\/www.schellhammerinstitute.com\\\/#organization\",\"name\":\"Schellhammer Institute\",\"alternateName\":\"Schellhammer Institute\",\"url\":\"https:\\\/\\\/www.schellhammerinstitute.com\\\/\",\"logo\":{\"@type\":\"ImageObject\",\"inLanguage\":\"de\",\"@id\":\"https:\\\/\\\/www.schellhammerinstitute.com\\\/#\\\/schema\\\/logo\\\/image\\\/\",\"url\":\"https:\\\/\\\/www.schellhammerinstitute.com\\\/wp-content\\\/uploads\\\/cropped-4-Photoroom.png\",\"contentUrl\":\"https:\\\/\\\/www.schellhammerinstitute.com\\\/wp-content\\\/uploads\\\/cropped-4-Photoroom.png\",\"width\":902,\"height\":901,\"caption\":\"Schellhammer Institute\"},\"image\":{\"@id\":\"https:\\\/\\\/www.schellhammerinstitute.com\\\/#\\\/schema\\\/logo\\\/image\\\/\"},\"sameAs\":[\"https:\\\/\\\/www.facebook.com\\\/schellhammerinstitute\",\"https:\\\/\\\/www.instagram.com\\\/schellhammerinstitute\",\"https:\\\/\\\/www.linkedin.com\\\/company\\\/schellhammerinstitute\"]}]}<\/script>\n<!-- \/ Yoast SEO plugin. -->","yoast_head_json":{"title":"Evolutionary Human Education: Philosophy, Psychology, and Being Human | Schellhammer Institute","description":"Revolution\u00e4res Programm zur Menschenbildung: Zukunftsorientierte Theorie, erweiterte Anthropologie und ma\u00dfgeschneiderte Didaktik. Ein Paradigmenwechsel f\u00fcr die P\u00e4dagogik des 21. Jahrhunderts.","robots":{"index":"index","follow":"follow","max-snippet":"max-snippet:-1","max-image-preview":"max-image-preview:large","max-video-preview":"max-video-preview:-1"},"canonical":"https:\/\/www.schellhammerinstitute.com\/de\/produkt\/evolutionare-menschenbildung-2\/","og_locale":"de_DE","og_type":"article","og_title":"Evolutionary Human Education: Philosophy, Psychology, and Being Human | Schellhammer Institute","og_description":"Revolutionary human education program: Future-oriented theory, expanded anthropology, and tailored didactics. A paradigm shift for the 21st-century pedagogy.","og_url":"https:\/\/www.schellhammerinstitute.com\/de\/produkt\/evolutionare-menschenbildung-2\/","og_site_name":"Schellhammer Institute","article_publisher":"https:\/\/www.facebook.com\/schellhammerinstitute","article_modified_time":"2024-01-10T10:09:21+00:00","og_image":[{"width":667,"height":1000,"url":"https:\/\/www.schellhammerinstitute.com\/wp-content\/uploads\/Evolutionary-human-education.jpg","type":"image\/jpeg"}],"twitter_card":"summary_large_image","twitter_misc":{"Gesch\u00e4tzte Lesezeit":"1\u00a0Minute"},"schema":{"@context":"https:\/\/schema.org","@graph":[{"@type":"WebPage","@id":"https:\/\/www.schellhammerinstitute.com\/product\/evolutionary-human-education\/","url":"https:\/\/www.schellhammerinstitute.com\/product\/evolutionary-human-education\/","name":"Evolutionary Human Education: Philosophy, Psychology, and Being Human | Schellhammer Institute","isPartOf":{"@id":"https:\/\/www.schellhammerinstitute.com\/#website"},"primaryImageOfPage":{"@id":"https:\/\/www.schellhammerinstitute.com\/product\/evolutionary-human-education\/#primaryimage"},"image":{"@id":"https:\/\/www.schellhammerinstitute.com\/product\/evolutionary-human-education\/#primaryimage"},"thumbnailUrl":"https:\/\/www.schellhammerinstitute.com\/wp-content\/uploads\/Evolutionary-human-education.jpg","datePublished":"2024-01-10T10:07:29+00:00","dateModified":"2024-01-10T10:09:21+00:00","description":"Revolution\u00e4res Programm zur Menschenbildung: Zukunftsorientierte Theorie, erweiterte Anthropologie und ma\u00dfgeschneiderte Didaktik. Ein Paradigmenwechsel f\u00fcr die P\u00e4dagogik des 21. Jahrhunderts.","breadcrumb":{"@id":"https:\/\/www.schellhammerinstitute.com\/product\/evolutionary-human-education\/#breadcrumb"},"inLanguage":"de","potentialAction":[{"@type":"ReadAction","target":["https:\/\/www.schellhammerinstitute.com\/product\/evolutionary-human-education\/"]}]},{"@type":"ImageObject","inLanguage":"de","@id":"https:\/\/www.schellhammerinstitute.com\/product\/evolutionary-human-education\/#primaryimage","url":"https:\/\/www.schellhammerinstitute.com\/wp-content\/uploads\/Evolutionary-human-education.jpg","contentUrl":"https:\/\/www.schellhammerinstitute.com\/wp-content\/uploads\/Evolutionary-human-education.jpg","width":667,"height":1000,"caption":"The main program of human education is based on a future-oriented educational theory and an expanded philosophical anthropology. The high value of personality development and Individuation is rolled up from antiquity to the present day and further developed for modern human education. The tailor-made didactics for this constructs the learning steps and all phases of Individuation. A new paradigm for pedagogy and andragogy of the 21st century is designed: Human education through the formation of a comprehensive psycho-spiritual life. A study book for those who want to use the most valuable good of human education in an expert manner."},{"@type":"BreadcrumbList","@id":"https:\/\/www.schellhammerinstitute.com\/product\/evolutionary-human-education\/#breadcrumb","itemListElement":[{"@type":"ListItem","position":1,"name":"Home","item":"https:\/\/www.schellhammerinstitute.com\/"},{"@type":"ListItem","position":2,"name":"Shop","item":"https:\/\/www.schellhammerinstitute.com\/shop\/"},{"@type":"ListItem","position":3,"name":"Evolutionary Human Education: Philosophy, Psychology, and Being Human"}]},{"@type":"WebSite","@id":"https:\/\/www.schellhammerinstitute.com\/#website","url":"https:\/\/www.schellhammerinstitute.com\/","name":"Schellhammer-Institut","description":"Wir wollen die Welt zum Besseren ver\u00e4ndern","publisher":{"@id":"https:\/\/www.schellhammerinstitute.com\/#organization"},"alternateName":"The Schellhamer Institute","potentialAction":[{"@type":"SearchAction","target":{"@type":"EntryPoint","urlTemplate":"https:\/\/www.schellhammerinstitute.com\/?s={search_term_string}"},"query-input":{"@type":"PropertyValueSpecification","valueRequired":true,"valueName":"search_term_string"}}],"inLanguage":"de"},{"@type":"Organization","@id":"https:\/\/www.schellhammerinstitute.com\/#organization","name":"Schellhammer-Institut","alternateName":"Schellhammer Institute","url":"https:\/\/www.schellhammerinstitute.com\/","logo":{"@type":"ImageObject","inLanguage":"de","@id":"https:\/\/www.schellhammerinstitute.com\/#\/schema\/logo\/image\/","url":"https:\/\/www.schellhammerinstitute.com\/wp-content\/uploads\/cropped-4-Photoroom.png","contentUrl":"https:\/\/www.schellhammerinstitute.com\/wp-content\/uploads\/cropped-4-Photoroom.png","width":902,"height":901,"caption":"Schellhammer Institute"},"image":{"@id":"https:\/\/www.schellhammerinstitute.com\/#\/schema\/logo\/image\/"},"sameAs":["https:\/\/www.facebook.com\/schellhammerinstitute","https:\/\/www.instagram.com\/schellhammerinstitute","https:\/\/www.linkedin.com\/company\/schellhammerinstitute"]}]}},"jetpack_sharing_enabled":true,"_links":{"self":[{"href":"https:\/\/www.schellhammerinstitute.com\/de\/wp-json\/wp\/v2\/product\/13850","targetHints":{"allow":["GET"]}}],"collection":[{"href":"https:\/\/www.schellhammerinstitute.com\/de\/wp-json\/wp\/v2\/product"}],"about":[{"href":"https:\/\/www.schellhammerinstitute.com\/de\/wp-json\/wp\/v2\/types\/product"}],"replies":[{"embeddable":true,"href":"https:\/\/www.schellhammerinstitute.com\/de\/wp-json\/wp\/v2\/comments?post=13850"}],"version-history":[{"count":1,"href":"https:\/\/www.schellhammerinstitute.com\/de\/wp-json\/wp\/v2\/product\/13850\/revisions"}],"predecessor-version":[{"id":13854,"href":"https:\/\/www.schellhammerinstitute.com\/de\/wp-json\/wp\/v2\/product\/13850\/revisions\/13854"}],"wp:featuredmedia":[{"embeddable":true,"href":"https:\/\/www.schellhammerinstitute.com\/de\/wp-json\/wp\/v2\/media\/10002"}],"wp:attachment":[{"href":"https:\/\/www.schellhammerinstitute.com\/de\/wp-json\/wp\/v2\/media?parent=13850"}],"wp:term":[{"taxonomy":"product_brand","embeddable":true,"href":"https:\/\/www.schellhammerinstitute.com\/de\/wp-json\/wp\/v2\/product_brand?post=13850"},{"taxonomy":"product_cat","embeddable":true,"href":"https:\/\/www.schellhammerinstitute.com\/de\/wp-json\/wp\/v2\/product_cat?post=13850"},{"taxonomy":"product_tag","embeddable":true,"href":"https:\/\/www.schellhammerinstitute.com\/de\/wp-json\/wp\/v2\/product_tag?post=13850"}],"curies":[{"name":"wp","href":"https:\/\/api.w.org\/{rel}","templated":true}]}}