{"id":13846,"date":"2024-01-10T09:54:07","date_gmt":"2024-01-10T09:54:07","guid":{"rendered":"https:\/\/www.schellhammerinstitute.com\/?post_type=product&#038;p=13846"},"modified":"2024-01-22T14:23:23","modified_gmt":"2024-01-22T14:23:23","slug":"die-22-psychischen-funktionen","status":"publish","type":"product","link":"https:\/\/www.schellhammerinstitute.com\/de\/produkt\/die-22-psychischen-funktionen\/","title":{"rendered":"Die 22 mentalen Funktionen"},"content":{"rendered":"","protected":false},"excerpt":{"rendered":"<p>Wir alle m\u00fcssen lernen, unsere geistige Innenwelt zu erforschen, Teil von ihr zu sein und den inneren Frieden zu kultivieren, den wir alle suchen. Die Technologie bietet uns zwar Bequemlichkeit und ein breites Spektrum an Wissen, basiert jedoch auf einem oberfl\u00e4chlichen Verst\u00e4ndnis der menschlichen Welt, das einerseits einen rationalistischen Informationsaustausch und andererseits materialistische Erf\u00fcllung bietet, ohne die notwendige Tiefe, die unsere innere Welt verbessern kann. Zahlreiche psychosomatische Erkrankungen und psychische Probleme haben einen direkten Bezug zum Zustand unserer seelischen Innenwelt. Die Ursachen sind oft vorhanden. Die innere menschliche Realit\u00e4t ist nicht greifbar.<\/p>\n<p>Dieses Buch \u00f6ffnet die T\u00fcr zu dieser mentalen Innenwelt und erleichtert das Verst\u00e4ndnis f\u00fcr ihre Funktionsweise. In der heutigen Gesellschaft ist das Erforschen und Entwickeln der eigenen 22 mentalen Funktionen wichtiger denn je.<\/p>","protected":false},"featured_media":9999,"comment_status":"closed","ping_status":"closed","template":"","meta":{"saved_in_kubio":false},"product_brand":[],"product_cat":[292,296,290],"product_tag":[],"class_list":{"0":"post-13846","1":"product","2":"type-product","3":"status-publish","4":"has-post-thumbnail","6":"product_cat-english-books","7":"product_cat-philosophy","8":"product_cat-psychology","10":"first","11":"instock","12":"shipping-taxable","13":"purchasable","14":"product-type-simple"},"yoast_head":"<!-- This site is optimized with the Yoast SEO plugin v27.5 - https:\/\/yoast.com\/product\/yoast-seo-wordpress\/ -->\n<title>The 22 Mental Functions | Schellhammer Institute<\/title>\n<meta name=\"description\" content=\"Whilst technology offers us convenience and breadth of knowledge it is nevertheless based on a superficial understanding of the human world delivering a rationalistic exchange of information on the one hand materialistic fulfilment on the other, lacking the necessary depth that can enhance our inner world.\" \/>\n<meta name=\"robots\" content=\"index, follow, max-snippet:-1, max-image-preview:large, max-video-preview:-1\" \/>\n<link rel=\"canonical\" href=\"https:\/\/www.schellhammerinstitute.com\/de\/produkt\/die-22-psychischen-funktionen\/\" \/>\n<meta property=\"og:locale\" content=\"de_DE\" \/>\n<meta property=\"og:type\" content=\"article\" \/>\n<meta property=\"og:title\" content=\"The 22 Mental Functions | Schellhammer Institute\" \/>\n<meta property=\"og:description\" content=\"Whilst technology offers us convenience and breadth of knowledge it is nevertheless based on a superficial understanding of the human world delivering a rationalistic exchange of information on the one hand materialistic fulfilment on the other, lacking the necessary depth that can enhance our inner world.\" \/>\n<meta property=\"og:url\" content=\"https:\/\/www.schellhammerinstitute.com\/de\/produkt\/die-22-psychischen-funktionen\/\" \/>\n<meta property=\"og:site_name\" content=\"Schellhammer Institute\" \/>\n<meta property=\"article:publisher\" content=\"https:\/\/www.facebook.com\/schellhammerinstitute\" \/>\n<meta property=\"article:modified_time\" content=\"2024-01-22T14:23:23+00:00\" \/>\n<meta property=\"og:image\" content=\"https:\/\/www.schellhammerinstitute.com\/wp-content\/uploads\/the-22-mental-funtions.jpg\" \/>\n\t<meta property=\"og:image:width\" content=\"386\" \/>\n\t<meta property=\"og:image:height\" content=\"500\" \/>\n\t<meta property=\"og:image:type\" content=\"image\/jpeg\" \/>\n<meta name=\"twitter:card\" content=\"summary_large_image\" \/>\n<meta name=\"twitter:label1\" content=\"Gesch\u00e4tzte Lesezeit\" \/>\n\t<meta name=\"twitter:data1\" content=\"1\u00a0Minute\" \/>\n<script type=\"application\/ld+json\" class=\"yoast-schema-graph\">{\"@context\":\"https:\\\/\\\/schema.org\",\"@graph\":[{\"@type\":\"WebPage\",\"@id\":\"https:\\\/\\\/www.schellhammerinstitute.com\\\/product\\\/the-22-mental-functions\\\/\",\"url\":\"https:\\\/\\\/www.schellhammerinstitute.com\\\/product\\\/the-22-mental-functions\\\/\",\"name\":\"The 22 Mental Functions | Schellhammer Institute\",\"isPartOf\":{\"@id\":\"https:\\\/\\\/www.schellhammerinstitute.com\\\/#website\"},\"primaryImageOfPage\":{\"@id\":\"https:\\\/\\\/www.schellhammerinstitute.com\\\/product\\\/the-22-mental-functions\\\/#primaryimage\"},\"image\":{\"@id\":\"https:\\\/\\\/www.schellhammerinstitute.com\\\/product\\\/the-22-mental-functions\\\/#primaryimage\"},\"thumbnailUrl\":\"https:\\\/\\\/www.schellhammerinstitute.com\\\/wp-content\\\/uploads\\\/the-22-mental-funtions.jpg\",\"datePublished\":\"2024-01-10T09:54:07+00:00\",\"dateModified\":\"2024-01-22T14:23:23+00:00\",\"description\":\"Whilst technology offers us convenience and breadth of knowledge it is nevertheless based on a superficial understanding of the human world delivering a rationalistic exchange of information on the one hand materialistic fulfilment on the other, lacking the necessary depth that can enhance our inner world.\",\"breadcrumb\":{\"@id\":\"https:\\\/\\\/www.schellhammerinstitute.com\\\/product\\\/the-22-mental-functions\\\/#breadcrumb\"},\"inLanguage\":\"de\",\"potentialAction\":[{\"@type\":\"ReadAction\",\"target\":[\"https:\\\/\\\/www.schellhammerinstitute.com\\\/product\\\/the-22-mental-functions\\\/\"]}]},{\"@type\":\"ImageObject\",\"inLanguage\":\"de\",\"@id\":\"https:\\\/\\\/www.schellhammerinstitute.com\\\/product\\\/the-22-mental-functions\\\/#primaryimage\",\"url\":\"https:\\\/\\\/www.schellhammerinstitute.com\\\/wp-content\\\/uploads\\\/the-22-mental-funtions.jpg\",\"contentUrl\":\"https:\\\/\\\/www.schellhammerinstitute.com\\\/wp-content\\\/uploads\\\/the-22-mental-funtions.jpg\",\"width\":386,\"height\":500,\"caption\":\"All of us must learn to explore our mental inner world, be part of it and cultivate the inner peace we all seek. Whilst technology offers us convenience and breadth of knowledge it is nevertheless based on a superficial understanding of the human world delivering a rationalistic exchange of information on the one hand materialistic fulfilment on the other, lacking the necessary depth that can enhance our inner world. Numerous psychosomatic illnesses and psychical problems have a direct relationship on the state of our mental inner world. The causes are often there. the inner human reality is intangible. this book opens the door to this mental inner world and facilitates its understanding of how it works. In today's society exploring and developing your own 22 mental functions is more important than ever before.\"},{\"@type\":\"BreadcrumbList\",\"@id\":\"https:\\\/\\\/www.schellhammerinstitute.com\\\/product\\\/the-22-mental-functions\\\/#breadcrumb\",\"itemListElement\":[{\"@type\":\"ListItem\",\"position\":1,\"name\":\"Home\",\"item\":\"https:\\\/\\\/www.schellhammerinstitute.com\\\/\"},{\"@type\":\"ListItem\",\"position\":2,\"name\":\"Shop\",\"item\":\"https:\\\/\\\/www.schellhammerinstitute.com\\\/shop\\\/\"},{\"@type\":\"ListItem\",\"position\":3,\"name\":\"The 22 Mental Functions\"}]},{\"@type\":\"WebSite\",\"@id\":\"https:\\\/\\\/www.schellhammerinstitute.com\\\/#website\",\"url\":\"https:\\\/\\\/www.schellhammerinstitute.com\\\/\",\"name\":\"Schellhammer Institute\",\"description\":\"We want to change the world for the better\",\"publisher\":{\"@id\":\"https:\\\/\\\/www.schellhammerinstitute.com\\\/#organization\"},\"alternateName\":\"The Schellhamer Institute\",\"potentialAction\":[{\"@type\":\"SearchAction\",\"target\":{\"@type\":\"EntryPoint\",\"urlTemplate\":\"https:\\\/\\\/www.schellhammerinstitute.com\\\/?s={search_term_string}\"},\"query-input\":{\"@type\":\"PropertyValueSpecification\",\"valueRequired\":true,\"valueName\":\"search_term_string\"}}],\"inLanguage\":\"de\"},{\"@type\":\"Organization\",\"@id\":\"https:\\\/\\\/www.schellhammerinstitute.com\\\/#organization\",\"name\":\"Schellhammer Institute\",\"alternateName\":\"Schellhammer Institute\",\"url\":\"https:\\\/\\\/www.schellhammerinstitute.com\\\/\",\"logo\":{\"@type\":\"ImageObject\",\"inLanguage\":\"de\",\"@id\":\"https:\\\/\\\/www.schellhammerinstitute.com\\\/#\\\/schema\\\/logo\\\/image\\\/\",\"url\":\"https:\\\/\\\/www.schellhammerinstitute.com\\\/wp-content\\\/uploads\\\/cropped-4-Photoroom.png\",\"contentUrl\":\"https:\\\/\\\/www.schellhammerinstitute.com\\\/wp-content\\\/uploads\\\/cropped-4-Photoroom.png\",\"width\":902,\"height\":901,\"caption\":\"Schellhammer Institute\"},\"image\":{\"@id\":\"https:\\\/\\\/www.schellhammerinstitute.com\\\/#\\\/schema\\\/logo\\\/image\\\/\"},\"sameAs\":[\"https:\\\/\\\/www.facebook.com\\\/schellhammerinstitute\",\"https:\\\/\\\/www.instagram.com\\\/schellhammerinstitute\",\"https:\\\/\\\/www.linkedin.com\\\/company\\\/schellhammerinstitute\"]}]}<\/script>\n<!-- \/ Yoast SEO plugin. -->","yoast_head_json":{"title":"The 22 Mental Functions | Schellhammer Institute","description":"Die Technologie bietet uns zwar Bequemlichkeit und ein breites Spektrum an Wissen, basiert jedoch auf einem oberfl\u00e4chlichen Verst\u00e4ndnis der menschlichen Welt, das einerseits einen rationalistischen Informationsaustausch und andererseits materialistische Erf\u00fcllung bietet, ohne die notwendige Tiefe, die unsere innere Welt verbessern kann.","robots":{"index":"index","follow":"follow","max-snippet":"max-snippet:-1","max-image-preview":"max-image-preview:large","max-video-preview":"max-video-preview:-1"},"canonical":"https:\/\/www.schellhammerinstitute.com\/de\/produkt\/die-22-psychischen-funktionen\/","og_locale":"de_DE","og_type":"article","og_title":"The 22 Mental Functions | Schellhammer Institute","og_description":"Whilst technology offers us convenience and breadth of knowledge it is nevertheless based on a superficial understanding of the human world delivering a rationalistic exchange of information on the one hand materialistic fulfilment on the other, lacking the necessary depth that can enhance our inner world.","og_url":"https:\/\/www.schellhammerinstitute.com\/de\/produkt\/die-22-psychischen-funktionen\/","og_site_name":"Schellhammer Institute","article_publisher":"https:\/\/www.facebook.com\/schellhammerinstitute","article_modified_time":"2024-01-22T14:23:23+00:00","og_image":[{"width":386,"height":500,"url":"https:\/\/www.schellhammerinstitute.com\/wp-content\/uploads\/the-22-mental-funtions.jpg","type":"image\/jpeg"}],"twitter_card":"summary_large_image","twitter_misc":{"Gesch\u00e4tzte Lesezeit":"1\u00a0Minute"},"schema":{"@context":"https:\/\/schema.org","@graph":[{"@type":"WebPage","@id":"https:\/\/www.schellhammerinstitute.com\/product\/the-22-mental-functions\/","url":"https:\/\/www.schellhammerinstitute.com\/product\/the-22-mental-functions\/","name":"The 22 Mental Functions | Schellhammer Institute","isPartOf":{"@id":"https:\/\/www.schellhammerinstitute.com\/#website"},"primaryImageOfPage":{"@id":"https:\/\/www.schellhammerinstitute.com\/product\/the-22-mental-functions\/#primaryimage"},"image":{"@id":"https:\/\/www.schellhammerinstitute.com\/product\/the-22-mental-functions\/#primaryimage"},"thumbnailUrl":"https:\/\/www.schellhammerinstitute.com\/wp-content\/uploads\/the-22-mental-funtions.jpg","datePublished":"2024-01-10T09:54:07+00:00","dateModified":"2024-01-22T14:23:23+00:00","description":"Die Technologie bietet uns zwar Bequemlichkeit und ein breites Spektrum an Wissen, basiert jedoch auf einem oberfl\u00e4chlichen Verst\u00e4ndnis der menschlichen Welt, das einerseits einen rationalistischen Informationsaustausch und andererseits materialistische Erf\u00fcllung bietet, ohne die notwendige Tiefe, die unsere innere Welt verbessern kann.","breadcrumb":{"@id":"https:\/\/www.schellhammerinstitute.com\/product\/the-22-mental-functions\/#breadcrumb"},"inLanguage":"de","potentialAction":[{"@type":"ReadAction","target":["https:\/\/www.schellhammerinstitute.com\/product\/the-22-mental-functions\/"]}]},{"@type":"ImageObject","inLanguage":"de","@id":"https:\/\/www.schellhammerinstitute.com\/product\/the-22-mental-functions\/#primaryimage","url":"https:\/\/www.schellhammerinstitute.com\/wp-content\/uploads\/the-22-mental-funtions.jpg","contentUrl":"https:\/\/www.schellhammerinstitute.com\/wp-content\/uploads\/the-22-mental-funtions.jpg","width":386,"height":500,"caption":"All of us must learn to explore our mental inner world, be part of it and cultivate the inner peace we all seek. Whilst technology offers us convenience and breadth of knowledge it is nevertheless based on a superficial understanding of the human world delivering a rationalistic exchange of information on the one hand materialistic fulfilment on the other, lacking the necessary depth that can enhance our inner world. Numerous psychosomatic illnesses and psychical problems have a direct relationship on the state of our mental inner world. The causes are often there. the inner human reality is intangible. this book opens the door to this mental inner world and facilitates its understanding of how it works. In today's society exploring and developing your own 22 mental functions is more important than ever before."},{"@type":"BreadcrumbList","@id":"https:\/\/www.schellhammerinstitute.com\/product\/the-22-mental-functions\/#breadcrumb","itemListElement":[{"@type":"ListItem","position":1,"name":"Home","item":"https:\/\/www.schellhammerinstitute.com\/"},{"@type":"ListItem","position":2,"name":"Shop","item":"https:\/\/www.schellhammerinstitute.com\/shop\/"},{"@type":"ListItem","position":3,"name":"The 22 Mental Functions"}]},{"@type":"WebSite","@id":"https:\/\/www.schellhammerinstitute.com\/#website","url":"https:\/\/www.schellhammerinstitute.com\/","name":"Schellhammer-Institut","description":"Wir wollen die Welt zum Besseren ver\u00e4ndern","publisher":{"@id":"https:\/\/www.schellhammerinstitute.com\/#organization"},"alternateName":"The Schellhamer Institute","potentialAction":[{"@type":"SearchAction","target":{"@type":"EntryPoint","urlTemplate":"https:\/\/www.schellhammerinstitute.com\/?s={search_term_string}"},"query-input":{"@type":"PropertyValueSpecification","valueRequired":true,"valueName":"search_term_string"}}],"inLanguage":"de"},{"@type":"Organization","@id":"https:\/\/www.schellhammerinstitute.com\/#organization","name":"Schellhammer-Institut","alternateName":"Schellhammer Institute","url":"https:\/\/www.schellhammerinstitute.com\/","logo":{"@type":"ImageObject","inLanguage":"de","@id":"https:\/\/www.schellhammerinstitute.com\/#\/schema\/logo\/image\/","url":"https:\/\/www.schellhammerinstitute.com\/wp-content\/uploads\/cropped-4-Photoroom.png","contentUrl":"https:\/\/www.schellhammerinstitute.com\/wp-content\/uploads\/cropped-4-Photoroom.png","width":902,"height":901,"caption":"Schellhammer Institute"},"image":{"@id":"https:\/\/www.schellhammerinstitute.com\/#\/schema\/logo\/image\/"},"sameAs":["https:\/\/www.facebook.com\/schellhammerinstitute","https:\/\/www.instagram.com\/schellhammerinstitute","https:\/\/www.linkedin.com\/company\/schellhammerinstitute"]}]}},"jetpack_sharing_enabled":true,"_links":{"self":[{"href":"https:\/\/www.schellhammerinstitute.com\/de\/wp-json\/wp\/v2\/product\/13846","targetHints":{"allow":["GET"]}}],"collection":[{"href":"https:\/\/www.schellhammerinstitute.com\/de\/wp-json\/wp\/v2\/product"}],"about":[{"href":"https:\/\/www.schellhammerinstitute.com\/de\/wp-json\/wp\/v2\/types\/product"}],"replies":[{"embeddable":true,"href":"https:\/\/www.schellhammerinstitute.com\/de\/wp-json\/wp\/v2\/comments?post=13846"}],"version-history":[{"count":0,"href":"https:\/\/www.schellhammerinstitute.com\/de\/wp-json\/wp\/v2\/product\/13846\/revisions"}],"wp:featuredmedia":[{"embeddable":true,"href":"https:\/\/www.schellhammerinstitute.com\/de\/wp-json\/wp\/v2\/media\/9999"}],"wp:attachment":[{"href":"https:\/\/www.schellhammerinstitute.com\/de\/wp-json\/wp\/v2\/media?parent=13846"}],"wp:term":[{"taxonomy":"product_brand","embeddable":true,"href":"https:\/\/www.schellhammerinstitute.com\/de\/wp-json\/wp\/v2\/product_brand?post=13846"},{"taxonomy":"product_cat","embeddable":true,"href":"https:\/\/www.schellhammerinstitute.com\/de\/wp-json\/wp\/v2\/product_cat?post=13846"},{"taxonomy":"product_tag","embeddable":true,"href":"https:\/\/www.schellhammerinstitute.com\/de\/wp-json\/wp\/v2\/product_tag?post=13846"}],"curies":[{"name":"wp","href":"https:\/\/api.w.org\/{rel}","templated":true}]}}