{"id":13837,"date":"2024-01-10T09:18:57","date_gmt":"2024-01-10T09:18:57","guid":{"rendered":"https:\/\/www.schellhammerinstitute.com\/product\/the-18-biggest-global-threats-to-humanity\/"},"modified":"2024-01-24T13:45:26","modified_gmt":"2024-01-24T13:45:26","slug":"die-18-grosten-globalen-bedrohungen-fur-die-menschheit","status":"publish","type":"product","link":"https:\/\/www.schellhammerinstitute.com\/de\/produkt\/die-18-grosten-globalen-bedrohungen-fur-die-menschheit\/","title":{"rendered":"Die 18 gr\u00f6\u00dften globalen Bedrohungen f\u00fcr die Menschheit"},"content":{"rendered":"","protected":false},"excerpt":{"rendered":"<p>Die Menschheit, wie sie sich bis heute versteht, ist ein Auslaufmodell. Die Menschheit muss sich endlich selbst erkennen und wahrhaftig entwickeln. Was den Menschen wertvoll macht, ist immer seine innere Entwicklung; das Humankapital muss sich also \"archetypisch\" von innen heraus entwickeln und wachsen. Der Mensch muss sich immer in Verbindung mit der Natur verstehen und sich von Religionen ohne archetypisches Konzept der inneren Entwicklung befreien. Seit 3000 Jahren wiederholt die Weltbev\u00f6lkerung die alten Konflikte und Wahnvorstellungen, so dass das Regieren mehr Schuld auf sich geladen hat als die Weltbev\u00f6lkerung in 5000 Jahren. Es sind die B\u00fcrger, die f\u00fcr all die Zerst\u00f6rung der Natur, von der wir abh\u00e4ngig sind, bezahlen werden, und die zuk\u00fcnftigen Generationen werden f\u00fcr das globale Chaos mit all dem Leid und Elend bezahlen. Eine allumfassende kollektive Katharsis ist erforderlich, um eine gedeihliche Zukunft zu erreichen. Ohne Vers\u00f6hnung \u00fcber die Gr\u00e4ueltaten seit 5000 Jahren gibt es keine Zukunft. Wenn dies nicht geschieht, wird die Welt ein noch nie dagewesenes Armageddon erleben.<\/p>","protected":false},"featured_media":11091,"comment_status":"closed","ping_status":"closed","template":"","meta":{"saved_in_kubio":false},"product_brand":[],"product_cat":[292],"product_tag":[],"class_list":{"0":"post-13837","1":"product","2":"type-product","3":"status-publish","4":"has-post-thumbnail","6":"product_cat-english-books","8":"first","9":"instock","10":"shipping-taxable","11":"purchasable","12":"product-type-simple"},"yoast_head":"<!-- This site is optimized with the Yoast SEO plugin v27.3 - https:\/\/yoast.com\/product\/yoast-seo-wordpress\/ -->\n<title>The 18 Biggest Global Threats to Humanity | Schellhammer Institute<\/title>\n<meta name=\"description\" content=\"Humanity must finally recognize our potential and genuinely develop itself. What makes people valuable is always their inner development we must and grow &#039;archetypically&#039; from within. Humans must always understand themselves in connection with nature and free themselves from religion.\" \/>\n<meta name=\"robots\" content=\"index, follow, max-snippet:-1, max-image-preview:large, max-video-preview:-1\" \/>\n<link rel=\"canonical\" href=\"https:\/\/www.schellhammerinstitute.com\/de\/produkt\/die-18-grosten-globalen-bedrohungen-fur-die-menschheit\/\" \/>\n<meta property=\"og:locale\" content=\"de_DE\" \/>\n<meta property=\"og:type\" content=\"article\" \/>\n<meta property=\"og:title\" content=\"The 18 Biggest Global Threats to Humanity | Schellhammer Institute\" \/>\n<meta property=\"og:description\" content=\"Humanity must finally recognize our potential and genuinely develop itself. What makes people valuable is always their inner development we must and grow &#039;archetypically&#039; from within. Humans must always understand themselves in connection with nature and free themselves from religion.\" \/>\n<meta property=\"og:url\" content=\"https:\/\/www.schellhammerinstitute.com\/de\/produkt\/die-18-grosten-globalen-bedrohungen-fur-die-menschheit\/\" \/>\n<meta property=\"og:site_name\" content=\"Schellhammer Institute\" \/>\n<meta property=\"article:publisher\" content=\"https:\/\/www.facebook.com\/schellhammerinstitute\" \/>\n<meta property=\"article:modified_time\" content=\"2024-01-24T13:45:26+00:00\" \/>\n<meta property=\"og:image\" content=\"https:\/\/www.schellhammerinstitute.com\/wp-content\/uploads\/the-18-biggest-global-threats.jpg\" \/>\n\t<meta property=\"og:image:width\" content=\"773\" \/>\n\t<meta property=\"og:image:height\" content=\"1000\" \/>\n\t<meta property=\"og:image:type\" content=\"image\/jpeg\" \/>\n<meta name=\"twitter:card\" content=\"summary_large_image\" \/>\n<meta name=\"twitter:label1\" content=\"Gesch\u00e4tzte Lesezeit\" \/>\n\t<meta name=\"twitter:data1\" content=\"1\u00a0Minute\" \/>\n<script type=\"application\/ld+json\" class=\"yoast-schema-graph\">{\"@context\":\"https:\\\/\\\/schema.org\",\"@graph\":[{\"@type\":\"WebPage\",\"@id\":\"https:\\\/\\\/www.schellhammerinstitute.com\\\/product\\\/the-18-biggest-global-threats-to-humanity\\\/\",\"url\":\"https:\\\/\\\/www.schellhammerinstitute.com\\\/product\\\/the-18-biggest-global-threats-to-humanity\\\/\",\"name\":\"The 18 Biggest Global Threats to Humanity | Schellhammer Institute\",\"isPartOf\":{\"@id\":\"https:\\\/\\\/www.schellhammerinstitute.com\\\/#website\"},\"primaryImageOfPage\":{\"@id\":\"https:\\\/\\\/www.schellhammerinstitute.com\\\/product\\\/the-18-biggest-global-threats-to-humanity\\\/#primaryimage\"},\"image\":{\"@id\":\"https:\\\/\\\/www.schellhammerinstitute.com\\\/product\\\/the-18-biggest-global-threats-to-humanity\\\/#primaryimage\"},\"thumbnailUrl\":\"https:\\\/\\\/www.schellhammerinstitute.com\\\/wp-content\\\/uploads\\\/the-18-biggest-global-threats.jpg\",\"datePublished\":\"2024-01-10T09:18:57+00:00\",\"dateModified\":\"2024-01-24T13:45:26+00:00\",\"description\":\"Humanity must finally recognize our potential and genuinely develop itself. What makes people valuable is always their inner development we must and grow 'archetypically' from within. Humans must always understand themselves in connection with nature and free themselves from religion.\",\"breadcrumb\":{\"@id\":\"https:\\\/\\\/www.schellhammerinstitute.com\\\/product\\\/the-18-biggest-global-threats-to-humanity\\\/#breadcrumb\"},\"inLanguage\":\"de\",\"potentialAction\":[{\"@type\":\"ReadAction\",\"target\":[\"https:\\\/\\\/www.schellhammerinstitute.com\\\/product\\\/the-18-biggest-global-threats-to-humanity\\\/\"]}]},{\"@type\":\"ImageObject\",\"inLanguage\":\"de\",\"@id\":\"https:\\\/\\\/www.schellhammerinstitute.com\\\/product\\\/the-18-biggest-global-threats-to-humanity\\\/#primaryimage\",\"url\":\"https:\\\/\\\/www.schellhammerinstitute.com\\\/wp-content\\\/uploads\\\/the-18-biggest-global-threats.jpg\",\"contentUrl\":\"https:\\\/\\\/www.schellhammerinstitute.com\\\/wp-content\\\/uploads\\\/the-18-biggest-global-threats.jpg\",\"width\":773,\"height\":1000,\"caption\":\"The 18 Biggest Global Threats to Humanity\"},{\"@type\":\"BreadcrumbList\",\"@id\":\"https:\\\/\\\/www.schellhammerinstitute.com\\\/product\\\/the-18-biggest-global-threats-to-humanity\\\/#breadcrumb\",\"itemListElement\":[{\"@type\":\"ListItem\",\"position\":1,\"name\":\"Home\",\"item\":\"https:\\\/\\\/www.schellhammerinstitute.com\\\/\"},{\"@type\":\"ListItem\",\"position\":2,\"name\":\"Shop\",\"item\":\"https:\\\/\\\/www.schellhammerinstitute.com\\\/shop\\\/\"},{\"@type\":\"ListItem\",\"position\":3,\"name\":\"The 18 Biggest Global Threats to Humanity\"}]},{\"@type\":\"WebSite\",\"@id\":\"https:\\\/\\\/www.schellhammerinstitute.com\\\/#website\",\"url\":\"https:\\\/\\\/www.schellhammerinstitute.com\\\/\",\"name\":\"Schellhammer Institute\",\"description\":\"We want to change the world for the better\",\"publisher\":{\"@id\":\"https:\\\/\\\/www.schellhammerinstitute.com\\\/#organization\"},\"alternateName\":\"The Schellhamer Institute\",\"potentialAction\":[{\"@type\":\"SearchAction\",\"target\":{\"@type\":\"EntryPoint\",\"urlTemplate\":\"https:\\\/\\\/www.schellhammerinstitute.com\\\/?s={search_term_string}\"},\"query-input\":{\"@type\":\"PropertyValueSpecification\",\"valueRequired\":true,\"valueName\":\"search_term_string\"}}],\"inLanguage\":\"de\"},{\"@type\":\"Organization\",\"@id\":\"https:\\\/\\\/www.schellhammerinstitute.com\\\/#organization\",\"name\":\"Schellhammer Institute\",\"alternateName\":\"Schellhammer Institute\",\"url\":\"https:\\\/\\\/www.schellhammerinstitute.com\\\/\",\"logo\":{\"@type\":\"ImageObject\",\"inLanguage\":\"de\",\"@id\":\"https:\\\/\\\/www.schellhammerinstitute.com\\\/#\\\/schema\\\/logo\\\/image\\\/\",\"url\":\"https:\\\/\\\/www.schellhammerinstitute.com\\\/wp-content\\\/uploads\\\/cropped-4-Photoroom.png\",\"contentUrl\":\"https:\\\/\\\/www.schellhammerinstitute.com\\\/wp-content\\\/uploads\\\/cropped-4-Photoroom.png\",\"width\":902,\"height\":901,\"caption\":\"Schellhammer Institute\"},\"image\":{\"@id\":\"https:\\\/\\\/www.schellhammerinstitute.com\\\/#\\\/schema\\\/logo\\\/image\\\/\"},\"sameAs\":[\"https:\\\/\\\/www.facebook.com\\\/schellhammerinstitute\",\"https:\\\/\\\/www.instagram.com\\\/schellhammerinstitute\",\"https:\\\/\\\/www.linkedin.com\\\/company\\\/schellhammerinstitute\"]}]}<\/script>\n<!-- \/ Yoast SEO plugin. -->","yoast_head_json":{"title":"The 18 Biggest Global Threats to Humanity | Schellhammer Institute","description":"Die Menschheit muss endlich unser Potenzial erkennen und sich wirklich entwickeln. Was den Menschen wertvoll macht, ist immer seine innere Entwicklung, wir m\u00fcssen und wachsen \"archetypisch\" von innen heraus. Der Mensch muss sich immer in Verbindung mit der Natur verstehen und sich von der Religion befreien.","robots":{"index":"index","follow":"follow","max-snippet":"max-snippet:-1","max-image-preview":"max-image-preview:large","max-video-preview":"max-video-preview:-1"},"canonical":"https:\/\/www.schellhammerinstitute.com\/de\/produkt\/die-18-grosten-globalen-bedrohungen-fur-die-menschheit\/","og_locale":"de_DE","og_type":"article","og_title":"The 18 Biggest Global Threats to Humanity | Schellhammer Institute","og_description":"Humanity must finally recognize our potential and genuinely develop itself. What makes people valuable is always their inner development we must and grow 'archetypically' from within. Humans must always understand themselves in connection with nature and free themselves from religion.","og_url":"https:\/\/www.schellhammerinstitute.com\/de\/produkt\/die-18-grosten-globalen-bedrohungen-fur-die-menschheit\/","og_site_name":"Schellhammer Institute","article_publisher":"https:\/\/www.facebook.com\/schellhammerinstitute","article_modified_time":"2024-01-24T13:45:26+00:00","og_image":[{"width":773,"height":1000,"url":"https:\/\/www.schellhammerinstitute.com\/wp-content\/uploads\/the-18-biggest-global-threats.jpg","type":"image\/jpeg"}],"twitter_card":"summary_large_image","twitter_misc":{"Gesch\u00e4tzte Lesezeit":"1\u00a0Minute"},"schema":{"@context":"https:\/\/schema.org","@graph":[{"@type":"WebPage","@id":"https:\/\/www.schellhammerinstitute.com\/product\/the-18-biggest-global-threats-to-humanity\/","url":"https:\/\/www.schellhammerinstitute.com\/product\/the-18-biggest-global-threats-to-humanity\/","name":"The 18 Biggest Global Threats to Humanity | Schellhammer Institute","isPartOf":{"@id":"https:\/\/www.schellhammerinstitute.com\/#website"},"primaryImageOfPage":{"@id":"https:\/\/www.schellhammerinstitute.com\/product\/the-18-biggest-global-threats-to-humanity\/#primaryimage"},"image":{"@id":"https:\/\/www.schellhammerinstitute.com\/product\/the-18-biggest-global-threats-to-humanity\/#primaryimage"},"thumbnailUrl":"https:\/\/www.schellhammerinstitute.com\/wp-content\/uploads\/the-18-biggest-global-threats.jpg","datePublished":"2024-01-10T09:18:57+00:00","dateModified":"2024-01-24T13:45:26+00:00","description":"Die Menschheit muss endlich unser Potenzial erkennen und sich wirklich entwickeln. Was den Menschen wertvoll macht, ist immer seine innere Entwicklung, wir m\u00fcssen und wachsen \"archetypisch\" von innen heraus. Der Mensch muss sich immer in Verbindung mit der Natur verstehen und sich von der Religion befreien.","breadcrumb":{"@id":"https:\/\/www.schellhammerinstitute.com\/product\/the-18-biggest-global-threats-to-humanity\/#breadcrumb"},"inLanguage":"de","potentialAction":[{"@type":"ReadAction","target":["https:\/\/www.schellhammerinstitute.com\/product\/the-18-biggest-global-threats-to-humanity\/"]}]},{"@type":"ImageObject","inLanguage":"de","@id":"https:\/\/www.schellhammerinstitute.com\/product\/the-18-biggest-global-threats-to-humanity\/#primaryimage","url":"https:\/\/www.schellhammerinstitute.com\/wp-content\/uploads\/the-18-biggest-global-threats.jpg","contentUrl":"https:\/\/www.schellhammerinstitute.com\/wp-content\/uploads\/the-18-biggest-global-threats.jpg","width":773,"height":1000,"caption":"The 18 Biggest Global Threats to Humanity"},{"@type":"BreadcrumbList","@id":"https:\/\/www.schellhammerinstitute.com\/product\/the-18-biggest-global-threats-to-humanity\/#breadcrumb","itemListElement":[{"@type":"ListItem","position":1,"name":"Home","item":"https:\/\/www.schellhammerinstitute.com\/"},{"@type":"ListItem","position":2,"name":"Shop","item":"https:\/\/www.schellhammerinstitute.com\/shop\/"},{"@type":"ListItem","position":3,"name":"The 18 Biggest Global Threats to Humanity"}]},{"@type":"WebSite","@id":"https:\/\/www.schellhammerinstitute.com\/#website","url":"https:\/\/www.schellhammerinstitute.com\/","name":"Schellhammer-Institut","description":"Wir wollen die Welt zum Besseren ver\u00e4ndern","publisher":{"@id":"https:\/\/www.schellhammerinstitute.com\/#organization"},"alternateName":"The Schellhamer Institute","potentialAction":[{"@type":"SearchAction","target":{"@type":"EntryPoint","urlTemplate":"https:\/\/www.schellhammerinstitute.com\/?s={search_term_string}"},"query-input":{"@type":"PropertyValueSpecification","valueRequired":true,"valueName":"search_term_string"}}],"inLanguage":"de"},{"@type":"Organization","@id":"https:\/\/www.schellhammerinstitute.com\/#organization","name":"Schellhammer-Institut","alternateName":"Schellhammer Institute","url":"https:\/\/www.schellhammerinstitute.com\/","logo":{"@type":"ImageObject","inLanguage":"de","@id":"https:\/\/www.schellhammerinstitute.com\/#\/schema\/logo\/image\/","url":"https:\/\/www.schellhammerinstitute.com\/wp-content\/uploads\/cropped-4-Photoroom.png","contentUrl":"https:\/\/www.schellhammerinstitute.com\/wp-content\/uploads\/cropped-4-Photoroom.png","width":902,"height":901,"caption":"Schellhammer Institute"},"image":{"@id":"https:\/\/www.schellhammerinstitute.com\/#\/schema\/logo\/image\/"},"sameAs":["https:\/\/www.facebook.com\/schellhammerinstitute","https:\/\/www.instagram.com\/schellhammerinstitute","https:\/\/www.linkedin.com\/company\/schellhammerinstitute"]}]}},"jetpack_sharing_enabled":true,"_links":{"self":[{"href":"https:\/\/www.schellhammerinstitute.com\/de\/wp-json\/wp\/v2\/product\/13837","targetHints":{"allow":["GET"]}}],"collection":[{"href":"https:\/\/www.schellhammerinstitute.com\/de\/wp-json\/wp\/v2\/product"}],"about":[{"href":"https:\/\/www.schellhammerinstitute.com\/de\/wp-json\/wp\/v2\/types\/product"}],"replies":[{"embeddable":true,"href":"https:\/\/www.schellhammerinstitute.com\/de\/wp-json\/wp\/v2\/comments?post=13837"}],"version-history":[{"count":0,"href":"https:\/\/www.schellhammerinstitute.com\/de\/wp-json\/wp\/v2\/product\/13837\/revisions"}],"wp:featuredmedia":[{"embeddable":true,"href":"https:\/\/www.schellhammerinstitute.com\/de\/wp-json\/wp\/v2\/media\/11091"}],"wp:attachment":[{"href":"https:\/\/www.schellhammerinstitute.com\/de\/wp-json\/wp\/v2\/media?parent=13837"}],"wp:term":[{"taxonomy":"product_brand","embeddable":true,"href":"https:\/\/www.schellhammerinstitute.com\/de\/wp-json\/wp\/v2\/product_brand?post=13837"},{"taxonomy":"product_cat","embeddable":true,"href":"https:\/\/www.schellhammerinstitute.com\/de\/wp-json\/wp\/v2\/product_cat?post=13837"},{"taxonomy":"product_tag","embeddable":true,"href":"https:\/\/www.schellhammerinstitute.com\/de\/wp-json\/wp\/v2\/product_tag?post=13837"}],"curies":[{"name":"wp","href":"https:\/\/api.w.org\/{rel}","templated":true}]}}