{"id":13827,"date":"2024-01-10T08:58:16","date_gmt":"2024-01-10T08:58:16","guid":{"rendered":"https:\/\/www.schellhammerinstitute.com\/?post_type=product&#038;p=13827"},"modified":"2024-01-10T08:59:25","modified_gmt":"2024-01-10T08:59:25","slug":"psychologie-iii","status":"publish","type":"product","link":"https:\/\/www.schellhammerinstitute.com\/de\/produkt\/psychologie-iii\/","title":{"rendered":"Psychologie III"},"content":{"rendered":"","protected":false},"excerpt":{"rendered":"<p>Die Psychologieprogramme an den Universit\u00e4ten haben sich seit 1970 nicht wesentlich ver\u00e4ndert. Psychologie III entwickelt die Grundlage f\u00fcr den evolution\u00e4ren Weg des Menschen. Die Dynamik f\u00fcr die Evolution des Menschen liegt in der Pflege der echten inneren Bed\u00fcrfnisse. Die F\u00e4higkeiten der Liebe zu st\u00e4rken und zu leben, schafft evolution\u00e4re Fortschritte. Das Verst\u00e4ndnis des Unterbewusstseins, seine lebenswichtige Psychologie ignoriert die Tr\u00e4ume und eliminiert die wertvollste Quelle des Lebens. Das Potential der Meditation ist grundlegend f\u00fcr das menschliche Leben und die Evolution. Das Modell der individuellen kollektiven Evolution wird ausf\u00fchrlich dargestellt. Ganzheitliche, allumfassende psychisch-spirituelle Entwicklung ist der entscheidende Schl\u00fcssel. Frieden, Gerechtigkeit, Hoffnung, Vertrauen, Glaube und Liebe sind wichtige psychische Realit\u00e4ten. Die Psychologie hat das seelisch-geistige Potential der inneren Evolution verloren.<\/p>","protected":false},"featured_media":13719,"comment_status":"closed","ping_status":"closed","template":"","meta":{"saved_in_kubio":false},"product_brand":[],"product_cat":[292,290],"product_tag":[],"class_list":{"0":"post-13827","1":"product","2":"type-product","3":"status-publish","4":"has-post-thumbnail","6":"product_cat-english-books","7":"product_cat-psychology","9":"first","10":"instock","11":"shipping-taxable","12":"purchasable","13":"product-type-simple"},"yoast_head":"<!-- This site is optimized with the Yoast SEO plugin v27.3 - https:\/\/yoast.com\/product\/yoast-seo-wordpress\/ -->\n<title>Psychology III | Schellhammer Institute<\/title>\n<meta name=\"description\" content=\"Psychology programs at universities have not significantly changed since 1970. Psychology III develops the foundation of the evolutionary path for humans. The dynamics for human&#039;s evolution lies in the care for the genuine inner needs. To strengthen and to live the capacities of love creates evolutionary progressions. Understanding the unconscious mind, it&#039;s vital psychology ignores the dreams and eliminates the most valuable source of life. The potential of meditation is fundamental for human life and evolution. the model of the individual collective evolution is extensively elaborated. Holistic, all embracing psychical-spiritual development is the decisive key. Peace, justice, hope, trust, faith, and love are important psychological realities. Psychology has lost the psychical-spiritual potential of the inner evolution.\" \/>\n<meta name=\"robots\" content=\"index, follow, max-snippet:-1, max-image-preview:large, max-video-preview:-1\" \/>\n<link rel=\"canonical\" href=\"https:\/\/www.schellhammerinstitute.com\/de\/produkt\/psychologie-iii\/\" \/>\n<meta property=\"og:locale\" content=\"de_DE\" \/>\n<meta property=\"og:type\" content=\"article\" \/>\n<meta property=\"og:title\" content=\"Psychology III | Schellhammer Institute\" \/>\n<meta property=\"og:description\" content=\"Psychology programs at universities have not significantly changed since 1970. Psychology III develops the foundation of the evolutionary path for humans. The dynamics for human&#039;s evolution lies in the care for the genuine inner needs. To strengthen and to live the capacities of love creates evolutionary progressions. Understanding the unconscious mind, it&#039;s vital psychology ignores the dreams and eliminates the most valuable source of life. The potential of meditation is fundamental for human life and evolution. the model of the individual collective evolution is extensively elaborated. Holistic, all embracing psychical-spiritual development is the decisive key. Peace, justice, hope, trust, faith, and love are important psychological realities. Psychology has lost the psychical-spiritual potential of the inner evolution.\" \/>\n<meta property=\"og:url\" content=\"https:\/\/www.schellhammerinstitute.com\/de\/produkt\/psychologie-iii\/\" \/>\n<meta property=\"og:site_name\" content=\"Schellhammer Institute\" \/>\n<meta property=\"article:publisher\" content=\"https:\/\/www.facebook.com\/schellhammerinstitute\" \/>\n<meta property=\"article:modified_time\" content=\"2024-01-10T08:59:25+00:00\" \/>\n<meta property=\"og:image\" content=\"https:\/\/www.schellhammerinstitute.com\/wp-content\/uploads\/Psychology-3-Book-cover.jpg\" \/>\n\t<meta property=\"og:image:width\" content=\"311\" \/>\n\t<meta property=\"og:image:height\" content=\"466\" \/>\n\t<meta property=\"og:image:type\" content=\"image\/jpeg\" \/>\n<meta name=\"twitter:card\" content=\"summary_large_image\" \/>\n<meta name=\"twitter:label1\" content=\"Gesch\u00e4tzte Lesezeit\" \/>\n\t<meta name=\"twitter:data1\" content=\"1\u00a0Minute\" \/>\n<script type=\"application\/ld+json\" class=\"yoast-schema-graph\">{\"@context\":\"https:\\\/\\\/schema.org\",\"@graph\":[{\"@type\":\"WebPage\",\"@id\":\"https:\\\/\\\/www.schellhammerinstitute.com\\\/product\\\/psychology-iii\\\/\",\"url\":\"https:\\\/\\\/www.schellhammerinstitute.com\\\/product\\\/psychology-iii\\\/\",\"name\":\"Psychology III | Schellhammer Institute\",\"isPartOf\":{\"@id\":\"https:\\\/\\\/www.schellhammerinstitute.com\\\/#website\"},\"primaryImageOfPage\":{\"@id\":\"https:\\\/\\\/www.schellhammerinstitute.com\\\/product\\\/psychology-iii\\\/#primaryimage\"},\"image\":{\"@id\":\"https:\\\/\\\/www.schellhammerinstitute.com\\\/product\\\/psychology-iii\\\/#primaryimage\"},\"thumbnailUrl\":\"https:\\\/\\\/www.schellhammerinstitute.com\\\/wp-content\\\/uploads\\\/Psychology-3-Book-cover.jpg\",\"datePublished\":\"2024-01-10T08:58:16+00:00\",\"dateModified\":\"2024-01-10T08:59:25+00:00\",\"description\":\"Psychology programs at universities have not significantly changed since 1970. Psychology III develops the foundation of the evolutionary path for humans. The dynamics for human's evolution lies in the care for the genuine inner needs. To strengthen and to live the capacities of love creates evolutionary progressions. Understanding the unconscious mind, it's vital psychology ignores the dreams and eliminates the most valuable source of life. The potential of meditation is fundamental for human life and evolution. the model of the individual collective evolution is extensively elaborated. Holistic, all embracing psychical-spiritual development is the decisive key. Peace, justice, hope, trust, faith, and love are important psychological realities. Psychology has lost the psychical-spiritual potential of the inner evolution.\",\"breadcrumb\":{\"@id\":\"https:\\\/\\\/www.schellhammerinstitute.com\\\/product\\\/psychology-iii\\\/#breadcrumb\"},\"inLanguage\":\"de\",\"potentialAction\":[{\"@type\":\"ReadAction\",\"target\":[\"https:\\\/\\\/www.schellhammerinstitute.com\\\/product\\\/psychology-iii\\\/\"]}]},{\"@type\":\"ImageObject\",\"inLanguage\":\"de\",\"@id\":\"https:\\\/\\\/www.schellhammerinstitute.com\\\/product\\\/psychology-iii\\\/#primaryimage\",\"url\":\"https:\\\/\\\/www.schellhammerinstitute.com\\\/wp-content\\\/uploads\\\/Psychology-3-Book-cover.jpg\",\"contentUrl\":\"https:\\\/\\\/www.schellhammerinstitute.com\\\/wp-content\\\/uploads\\\/Psychology-3-Book-cover.jpg\",\"width\":311,\"height\":466,\"caption\":\"Psychology programs at universities have not significantly changed since 1970. Psychology III develops the foundation of the evolutionary path for humans. The dynamics for human's evolution lies in the care for the genuine inner needs. To strengthen and to live the capacities of love creates evolutionary progressions. Understanding the unconscious mind, it's vital psychology ignores the dreams and eliminates the most valuable source of life. The potential of meditation is fundamental for human life and evolution. the model of the individual collective evolution is extensively elaborated. Holistic, all embracing psychical-spiritual development is the decisive key. Peace, justice, hope, trust, faith, and love are important psychological realities. Psychology has lost the psychical-spiritual potential of the inner evolution.\"},{\"@type\":\"BreadcrumbList\",\"@id\":\"https:\\\/\\\/www.schellhammerinstitute.com\\\/product\\\/psychology-iii\\\/#breadcrumb\",\"itemListElement\":[{\"@type\":\"ListItem\",\"position\":1,\"name\":\"Home\",\"item\":\"https:\\\/\\\/www.schellhammerinstitute.com\\\/\"},{\"@type\":\"ListItem\",\"position\":2,\"name\":\"Shop\",\"item\":\"https:\\\/\\\/www.schellhammerinstitute.com\\\/shop\\\/\"},{\"@type\":\"ListItem\",\"position\":3,\"name\":\"Psychology III\"}]},{\"@type\":\"WebSite\",\"@id\":\"https:\\\/\\\/www.schellhammerinstitute.com\\\/#website\",\"url\":\"https:\\\/\\\/www.schellhammerinstitute.com\\\/\",\"name\":\"Schellhammer Institute\",\"description\":\"We want to change the world for the better\",\"publisher\":{\"@id\":\"https:\\\/\\\/www.schellhammerinstitute.com\\\/#organization\"},\"alternateName\":\"The Schellhamer Institute\",\"potentialAction\":[{\"@type\":\"SearchAction\",\"target\":{\"@type\":\"EntryPoint\",\"urlTemplate\":\"https:\\\/\\\/www.schellhammerinstitute.com\\\/?s={search_term_string}\"},\"query-input\":{\"@type\":\"PropertyValueSpecification\",\"valueRequired\":true,\"valueName\":\"search_term_string\"}}],\"inLanguage\":\"de\"},{\"@type\":\"Organization\",\"@id\":\"https:\\\/\\\/www.schellhammerinstitute.com\\\/#organization\",\"name\":\"Schellhammer Institute\",\"alternateName\":\"Schellhammer Institute\",\"url\":\"https:\\\/\\\/www.schellhammerinstitute.com\\\/\",\"logo\":{\"@type\":\"ImageObject\",\"inLanguage\":\"de\",\"@id\":\"https:\\\/\\\/www.schellhammerinstitute.com\\\/#\\\/schema\\\/logo\\\/image\\\/\",\"url\":\"https:\\\/\\\/www.schellhammerinstitute.com\\\/wp-content\\\/uploads\\\/cropped-4-Photoroom.png\",\"contentUrl\":\"https:\\\/\\\/www.schellhammerinstitute.com\\\/wp-content\\\/uploads\\\/cropped-4-Photoroom.png\",\"width\":902,\"height\":901,\"caption\":\"Schellhammer Institute\"},\"image\":{\"@id\":\"https:\\\/\\\/www.schellhammerinstitute.com\\\/#\\\/schema\\\/logo\\\/image\\\/\"},\"sameAs\":[\"https:\\\/\\\/www.facebook.com\\\/schellhammerinstitute\",\"https:\\\/\\\/www.instagram.com\\\/schellhammerinstitute\",\"https:\\\/\\\/www.linkedin.com\\\/company\\\/schellhammerinstitute\"]}]}<\/script>\n<!-- \/ Yoast SEO plugin. -->","yoast_head_json":{"title":"Psychology III | Schellhammer Institute","description":"Die Psychologieprogramme an den Universit\u00e4ten haben sich seit 1970 nicht wesentlich ver\u00e4ndert. Psychologie III entwickelt die Grundlage f\u00fcr den evolution\u00e4ren Weg des Menschen. Die Dynamik f\u00fcr die Evolution des Menschen liegt in der Pflege der echten inneren Bed\u00fcrfnisse. Die F\u00e4higkeiten der Liebe zu st\u00e4rken und zu leben, schafft evolution\u00e4re Fortschritte. Das Verst\u00e4ndnis des Unterbewusstseins, seine lebenswichtige Psychologie ignoriert die Tr\u00e4ume und eliminiert die wertvollste Quelle des Lebens. Das Potential der Meditation ist grundlegend f\u00fcr das menschliche Leben und die Evolution. Das Modell der individuellen kollektiven Evolution wird ausf\u00fchrlich dargestellt. Ganzheitliche, allumfassende psychisch-spirituelle Entwicklung ist der entscheidende Schl\u00fcssel. Frieden, Gerechtigkeit, Hoffnung, Vertrauen, Glaube und Liebe sind wichtige psychische Realit\u00e4ten. Die Psychologie hat das seelisch-geistige Potential der inneren Evolution verloren.","robots":{"index":"index","follow":"follow","max-snippet":"max-snippet:-1","max-image-preview":"max-image-preview:large","max-video-preview":"max-video-preview:-1"},"canonical":"https:\/\/www.schellhammerinstitute.com\/de\/produkt\/psychologie-iii\/","og_locale":"de_DE","og_type":"article","og_title":"Psychology III | Schellhammer Institute","og_description":"Psychology programs at universities have not significantly changed since 1970. Psychology III develops the foundation of the evolutionary path for humans. The dynamics for human's evolution lies in the care for the genuine inner needs. To strengthen and to live the capacities of love creates evolutionary progressions. Understanding the unconscious mind, it's vital psychology ignores the dreams and eliminates the most valuable source of life. The potential of meditation is fundamental for human life and evolution. the model of the individual collective evolution is extensively elaborated. Holistic, all embracing psychical-spiritual development is the decisive key. Peace, justice, hope, trust, faith, and love are important psychological realities. Psychology has lost the psychical-spiritual potential of the inner evolution.","og_url":"https:\/\/www.schellhammerinstitute.com\/de\/produkt\/psychologie-iii\/","og_site_name":"Schellhammer Institute","article_publisher":"https:\/\/www.facebook.com\/schellhammerinstitute","article_modified_time":"2024-01-10T08:59:25+00:00","og_image":[{"width":311,"height":466,"url":"https:\/\/www.schellhammerinstitute.com\/wp-content\/uploads\/Psychology-3-Book-cover.jpg","type":"image\/jpeg"}],"twitter_card":"summary_large_image","twitter_misc":{"Gesch\u00e4tzte Lesezeit":"1\u00a0Minute"},"schema":{"@context":"https:\/\/schema.org","@graph":[{"@type":"WebPage","@id":"https:\/\/www.schellhammerinstitute.com\/product\/psychology-iii\/","url":"https:\/\/www.schellhammerinstitute.com\/product\/psychology-iii\/","name":"Psychology III | Schellhammer Institute","isPartOf":{"@id":"https:\/\/www.schellhammerinstitute.com\/#website"},"primaryImageOfPage":{"@id":"https:\/\/www.schellhammerinstitute.com\/product\/psychology-iii\/#primaryimage"},"image":{"@id":"https:\/\/www.schellhammerinstitute.com\/product\/psychology-iii\/#primaryimage"},"thumbnailUrl":"https:\/\/www.schellhammerinstitute.com\/wp-content\/uploads\/Psychology-3-Book-cover.jpg","datePublished":"2024-01-10T08:58:16+00:00","dateModified":"2024-01-10T08:59:25+00:00","description":"Die Psychologieprogramme an den Universit\u00e4ten haben sich seit 1970 nicht wesentlich ver\u00e4ndert. Psychologie III entwickelt die Grundlage f\u00fcr den evolution\u00e4ren Weg des Menschen. Die Dynamik f\u00fcr die Evolution des Menschen liegt in der Pflege der echten inneren Bed\u00fcrfnisse. Die F\u00e4higkeiten der Liebe zu st\u00e4rken und zu leben, schafft evolution\u00e4re Fortschritte. Das Verst\u00e4ndnis des Unterbewusstseins, seine lebenswichtige Psychologie ignoriert die Tr\u00e4ume und eliminiert die wertvollste Quelle des Lebens. Das Potential der Meditation ist grundlegend f\u00fcr das menschliche Leben und die Evolution. Das Modell der individuellen kollektiven Evolution wird ausf\u00fchrlich dargestellt. Ganzheitliche, allumfassende psychisch-spirituelle Entwicklung ist der entscheidende Schl\u00fcssel. Frieden, Gerechtigkeit, Hoffnung, Vertrauen, Glaube und Liebe sind wichtige psychische Realit\u00e4ten. Die Psychologie hat das seelisch-geistige Potential der inneren Evolution verloren.","breadcrumb":{"@id":"https:\/\/www.schellhammerinstitute.com\/product\/psychology-iii\/#breadcrumb"},"inLanguage":"de","potentialAction":[{"@type":"ReadAction","target":["https:\/\/www.schellhammerinstitute.com\/product\/psychology-iii\/"]}]},{"@type":"ImageObject","inLanguage":"de","@id":"https:\/\/www.schellhammerinstitute.com\/product\/psychology-iii\/#primaryimage","url":"https:\/\/www.schellhammerinstitute.com\/wp-content\/uploads\/Psychology-3-Book-cover.jpg","contentUrl":"https:\/\/www.schellhammerinstitute.com\/wp-content\/uploads\/Psychology-3-Book-cover.jpg","width":311,"height":466,"caption":"Psychology programs at universities have not significantly changed since 1970. Psychology III develops the foundation of the evolutionary path for humans. The dynamics for human's evolution lies in the care for the genuine inner needs. To strengthen and to live the capacities of love creates evolutionary progressions. Understanding the unconscious mind, it's vital psychology ignores the dreams and eliminates the most valuable source of life. The potential of meditation is fundamental for human life and evolution. the model of the individual collective evolution is extensively elaborated. Holistic, all embracing psychical-spiritual development is the decisive key. Peace, justice, hope, trust, faith, and love are important psychological realities. Psychology has lost the psychical-spiritual potential of the inner evolution."},{"@type":"BreadcrumbList","@id":"https:\/\/www.schellhammerinstitute.com\/product\/psychology-iii\/#breadcrumb","itemListElement":[{"@type":"ListItem","position":1,"name":"Home","item":"https:\/\/www.schellhammerinstitute.com\/"},{"@type":"ListItem","position":2,"name":"Shop","item":"https:\/\/www.schellhammerinstitute.com\/shop\/"},{"@type":"ListItem","position":3,"name":"Psychology III"}]},{"@type":"WebSite","@id":"https:\/\/www.schellhammerinstitute.com\/#website","url":"https:\/\/www.schellhammerinstitute.com\/","name":"Schellhammer-Institut","description":"Wir wollen die Welt zum Besseren ver\u00e4ndern","publisher":{"@id":"https:\/\/www.schellhammerinstitute.com\/#organization"},"alternateName":"The Schellhamer Institute","potentialAction":[{"@type":"SearchAction","target":{"@type":"EntryPoint","urlTemplate":"https:\/\/www.schellhammerinstitute.com\/?s={search_term_string}"},"query-input":{"@type":"PropertyValueSpecification","valueRequired":true,"valueName":"search_term_string"}}],"inLanguage":"de"},{"@type":"Organization","@id":"https:\/\/www.schellhammerinstitute.com\/#organization","name":"Schellhammer-Institut","alternateName":"Schellhammer Institute","url":"https:\/\/www.schellhammerinstitute.com\/","logo":{"@type":"ImageObject","inLanguage":"de","@id":"https:\/\/www.schellhammerinstitute.com\/#\/schema\/logo\/image\/","url":"https:\/\/www.schellhammerinstitute.com\/wp-content\/uploads\/cropped-4-Photoroom.png","contentUrl":"https:\/\/www.schellhammerinstitute.com\/wp-content\/uploads\/cropped-4-Photoroom.png","width":902,"height":901,"caption":"Schellhammer Institute"},"image":{"@id":"https:\/\/www.schellhammerinstitute.com\/#\/schema\/logo\/image\/"},"sameAs":["https:\/\/www.facebook.com\/schellhammerinstitute","https:\/\/www.instagram.com\/schellhammerinstitute","https:\/\/www.linkedin.com\/company\/schellhammerinstitute"]}]}},"jetpack_sharing_enabled":true,"_links":{"self":[{"href":"https:\/\/www.schellhammerinstitute.com\/de\/wp-json\/wp\/v2\/product\/13827","targetHints":{"allow":["GET"]}}],"collection":[{"href":"https:\/\/www.schellhammerinstitute.com\/de\/wp-json\/wp\/v2\/product"}],"about":[{"href":"https:\/\/www.schellhammerinstitute.com\/de\/wp-json\/wp\/v2\/types\/product"}],"replies":[{"embeddable":true,"href":"https:\/\/www.schellhammerinstitute.com\/de\/wp-json\/wp\/v2\/comments?post=13827"}],"version-history":[{"count":1,"href":"https:\/\/www.schellhammerinstitute.com\/de\/wp-json\/wp\/v2\/product\/13827\/revisions"}],"predecessor-version":[{"id":13832,"href":"https:\/\/www.schellhammerinstitute.com\/de\/wp-json\/wp\/v2\/product\/13827\/revisions\/13832"}],"wp:featuredmedia":[{"embeddable":true,"href":"https:\/\/www.schellhammerinstitute.com\/de\/wp-json\/wp\/v2\/media\/13719"}],"wp:attachment":[{"href":"https:\/\/www.schellhammerinstitute.com\/de\/wp-json\/wp\/v2\/media?parent=13827"}],"wp:term":[{"taxonomy":"product_brand","embeddable":true,"href":"https:\/\/www.schellhammerinstitute.com\/de\/wp-json\/wp\/v2\/product_brand?post=13827"},{"taxonomy":"product_cat","embeddable":true,"href":"https:\/\/www.schellhammerinstitute.com\/de\/wp-json\/wp\/v2\/product_cat?post=13827"},{"taxonomy":"product_tag","embeddable":true,"href":"https:\/\/www.schellhammerinstitute.com\/de\/wp-json\/wp\/v2\/product_tag?post=13827"}],"curies":[{"name":"wp","href":"https:\/\/api.w.org\/{rel}","templated":true}]}}