{"id":13814,"date":"2024-01-10T08:19:48","date_gmt":"2024-01-10T08:19:48","guid":{"rendered":"https:\/\/www.schellhammerinstitute.com\/?post_type=product&#038;p=13814"},"modified":"2024-01-10T08:21:20","modified_gmt":"2024-01-10T08:21:20","slug":"praktische-psychologie-2","status":"publish","type":"product","link":"https:\/\/www.schellhammerinstitute.com\/de\/produkt\/praktische-psychologie-2\/","title":{"rendered":"Praktische Psychologie"},"content":{"rendered":"","protected":false},"excerpt":{"rendered":"<p>\u00dcbernehmen Sie die volle Verantwortung f\u00fcr sich selbst! \u00dcberall auf der Welt haben die Menschen das Vertrauen in das politische, wirtschaftliche, Bildungs- und Justizsystem verloren. Sie misstrauen den Medien, der Religion und sogar den menschlichen Werten. Globale Manipulation und Gehirnw\u00e4sche haben die Menschheit gezwungen, Vertrauen, Hoffnung und Liebe zu verlieren und die Verbindung zu ihrem wahren inneren Selbst zu verlieren. Wir brauchen eine neue Generation verantwortungsbewusster Menschen mit einer vertrauensw\u00fcrdigen Lebensweise. Wir brauchen vor allem F\u00fchrungskr\u00e4fte und Gesch\u00e4ftsleute mit felsenfester Integrit\u00e4t. \"Praktische Psychologie\" ist der ma\u00dfgebliche Leitfaden f\u00fcr diese neue Generation.<\/p>","protected":false},"featured_media":13713,"comment_status":"closed","ping_status":"closed","template":"","meta":{"saved_in_kubio":false},"product_brand":[],"product_cat":[292,290],"product_tag":[],"class_list":{"0":"post-13814","1":"product","2":"type-product","3":"status-publish","4":"has-post-thumbnail","6":"product_cat-english-books","7":"product_cat-psychology","9":"first","10":"instock","11":"shipping-taxable","12":"purchasable","13":"product-type-simple"},"yoast_head":"<!-- This site is optimized with the Yoast SEO plugin v27.3 - https:\/\/yoast.com\/product\/yoast-seo-wordpress\/ -->\n<title>Practical Psychology | Schellhammer Institute<\/title>\n<meta name=\"description\" content=\"Become fully responsible for yourself! People all over the world have lost trust in the political, economic, education, and justice system. they mistrust the media, religion, and even in human values. Global manipulation and brainwashing has forced humanity to lose trust, hope and love, and to lose their connection with their genuine inner self. We need a new generation of responsible people with a trustworthy way of living. We especially need leaders and business people with rock solid integrity. &quot;Practical Psychology&quot; is the definitive guide for this new generation.\" \/>\n<meta name=\"robots\" content=\"index, follow, max-snippet:-1, max-image-preview:large, max-video-preview:-1\" \/>\n<link rel=\"canonical\" href=\"https:\/\/www.schellhammerinstitute.com\/de\/produkt\/praktische-psychologie-2\/\" \/>\n<meta property=\"og:locale\" content=\"de_DE\" \/>\n<meta property=\"og:type\" content=\"article\" \/>\n<meta property=\"og:title\" content=\"Practical Psychology | Schellhammer Institute\" \/>\n<meta property=\"og:description\" content=\"Become fully responsible for yourself! People all over the world have lost trust in the political, economic, education, and justice system. they mistrust the media, religion, and even in human values. Global manipulation and brainwashing has forced humanity to lose trust, hope and love, and to lose their connection with their genuine inner self. We need a new generation of responsible people with a trustworthy way of living. We especially need leaders and business people with rock solid integrity. &quot;Practical Psychology&quot; is the definitive guide for this new generation.\" \/>\n<meta property=\"og:url\" content=\"https:\/\/www.schellhammerinstitute.com\/de\/produkt\/praktische-psychologie-2\/\" \/>\n<meta property=\"og:site_name\" content=\"Schellhammer Institute\" \/>\n<meta property=\"article:publisher\" content=\"https:\/\/www.facebook.com\/schellhammerinstitute\" \/>\n<meta property=\"article:modified_time\" content=\"2024-01-10T08:21:20+00:00\" \/>\n<meta property=\"og:image\" content=\"https:\/\/www.schellhammerinstitute.com\/wp-content\/uploads\/Practical-Psychology-book-cover.jpg\" \/>\n\t<meta property=\"og:image:width\" content=\"311\" \/>\n\t<meta property=\"og:image:height\" content=\"466\" \/>\n\t<meta property=\"og:image:type\" content=\"image\/jpeg\" \/>\n<meta name=\"twitter:card\" content=\"summary_large_image\" \/>\n<meta name=\"twitter:label1\" content=\"Gesch\u00e4tzte Lesezeit\" \/>\n\t<meta name=\"twitter:data1\" content=\"1\u00a0Minute\" \/>\n<script type=\"application\/ld+json\" class=\"yoast-schema-graph\">{\"@context\":\"https:\\\/\\\/schema.org\",\"@graph\":[{\"@type\":\"WebPage\",\"@id\":\"https:\\\/\\\/www.schellhammerinstitute.com\\\/product\\\/practical-psychology\\\/\",\"url\":\"https:\\\/\\\/www.schellhammerinstitute.com\\\/product\\\/practical-psychology\\\/\",\"name\":\"Practical Psychology | Schellhammer Institute\",\"isPartOf\":{\"@id\":\"https:\\\/\\\/www.schellhammerinstitute.com\\\/#website\"},\"primaryImageOfPage\":{\"@id\":\"https:\\\/\\\/www.schellhammerinstitute.com\\\/product\\\/practical-psychology\\\/#primaryimage\"},\"image\":{\"@id\":\"https:\\\/\\\/www.schellhammerinstitute.com\\\/product\\\/practical-psychology\\\/#primaryimage\"},\"thumbnailUrl\":\"https:\\\/\\\/www.schellhammerinstitute.com\\\/wp-content\\\/uploads\\\/Practical-Psychology-book-cover.jpg\",\"datePublished\":\"2024-01-10T08:19:48+00:00\",\"dateModified\":\"2024-01-10T08:21:20+00:00\",\"description\":\"Become fully responsible for yourself! People all over the world have lost trust in the political, economic, education, and justice system. they mistrust the media, religion, and even in human values. Global manipulation and brainwashing has forced humanity to lose trust, hope and love, and to lose their connection with their genuine inner self. We need a new generation of responsible people with a trustworthy way of living. We especially need leaders and business people with rock solid integrity. \\\"Practical Psychology\\\" is the definitive guide for this new generation.\",\"breadcrumb\":{\"@id\":\"https:\\\/\\\/www.schellhammerinstitute.com\\\/product\\\/practical-psychology\\\/#breadcrumb\"},\"inLanguage\":\"de\",\"potentialAction\":[{\"@type\":\"ReadAction\",\"target\":[\"https:\\\/\\\/www.schellhammerinstitute.com\\\/product\\\/practical-psychology\\\/\"]}]},{\"@type\":\"ImageObject\",\"inLanguage\":\"de\",\"@id\":\"https:\\\/\\\/www.schellhammerinstitute.com\\\/product\\\/practical-psychology\\\/#primaryimage\",\"url\":\"https:\\\/\\\/www.schellhammerinstitute.com\\\/wp-content\\\/uploads\\\/Practical-Psychology-book-cover.jpg\",\"contentUrl\":\"https:\\\/\\\/www.schellhammerinstitute.com\\\/wp-content\\\/uploads\\\/Practical-Psychology-book-cover.jpg\",\"width\":311,\"height\":466,\"caption\":\"Become fully responsible for yourself! People all over the world have lost trust in the political, economic, education, and justice system. they mistrust the media, religion, and even in human values. Global manipulation and brainwashing has forced humanity to lose trust, hope and love, and to lose their connection with their genuine inner self. We need a new generation of responsible people with a trustworthy way of living. We especially need leaders and business people with rock solid integrity. \\\"Practical Psychology\\\" is the definitive guide for this new generation.\"},{\"@type\":\"BreadcrumbList\",\"@id\":\"https:\\\/\\\/www.schellhammerinstitute.com\\\/product\\\/practical-psychology\\\/#breadcrumb\",\"itemListElement\":[{\"@type\":\"ListItem\",\"position\":1,\"name\":\"Home\",\"item\":\"https:\\\/\\\/www.schellhammerinstitute.com\\\/\"},{\"@type\":\"ListItem\",\"position\":2,\"name\":\"Shop\",\"item\":\"https:\\\/\\\/www.schellhammerinstitute.com\\\/shop\\\/\"},{\"@type\":\"ListItem\",\"position\":3,\"name\":\"Practical Psychology\"}]},{\"@type\":\"WebSite\",\"@id\":\"https:\\\/\\\/www.schellhammerinstitute.com\\\/#website\",\"url\":\"https:\\\/\\\/www.schellhammerinstitute.com\\\/\",\"name\":\"Schellhammer Institute\",\"description\":\"We want to change the world for the better\",\"publisher\":{\"@id\":\"https:\\\/\\\/www.schellhammerinstitute.com\\\/#organization\"},\"alternateName\":\"The Schellhamer Institute\",\"potentialAction\":[{\"@type\":\"SearchAction\",\"target\":{\"@type\":\"EntryPoint\",\"urlTemplate\":\"https:\\\/\\\/www.schellhammerinstitute.com\\\/?s={search_term_string}\"},\"query-input\":{\"@type\":\"PropertyValueSpecification\",\"valueRequired\":true,\"valueName\":\"search_term_string\"}}],\"inLanguage\":\"de\"},{\"@type\":\"Organization\",\"@id\":\"https:\\\/\\\/www.schellhammerinstitute.com\\\/#organization\",\"name\":\"Schellhammer Institute\",\"alternateName\":\"Schellhammer Institute\",\"url\":\"https:\\\/\\\/www.schellhammerinstitute.com\\\/\",\"logo\":{\"@type\":\"ImageObject\",\"inLanguage\":\"de\",\"@id\":\"https:\\\/\\\/www.schellhammerinstitute.com\\\/#\\\/schema\\\/logo\\\/image\\\/\",\"url\":\"https:\\\/\\\/www.schellhammerinstitute.com\\\/wp-content\\\/uploads\\\/cropped-4-Photoroom.png\",\"contentUrl\":\"https:\\\/\\\/www.schellhammerinstitute.com\\\/wp-content\\\/uploads\\\/cropped-4-Photoroom.png\",\"width\":902,\"height\":901,\"caption\":\"Schellhammer Institute\"},\"image\":{\"@id\":\"https:\\\/\\\/www.schellhammerinstitute.com\\\/#\\\/schema\\\/logo\\\/image\\\/\"},\"sameAs\":[\"https:\\\/\\\/www.facebook.com\\\/schellhammerinstitute\",\"https:\\\/\\\/www.instagram.com\\\/schellhammerinstitute\",\"https:\\\/\\\/www.linkedin.com\\\/company\\\/schellhammerinstitute\"]}]}<\/script>\n<!-- \/ Yoast SEO plugin. -->","yoast_head_json":{"title":"Practical Psychology | Schellhammer Institute","description":"\u00dcbernehmen Sie die volle Verantwortung f\u00fcr sich selbst! \u00dcberall auf der Welt haben die Menschen das Vertrauen in das politische, wirtschaftliche, Bildungs- und Justizsystem verloren. Sie misstrauen den Medien, der Religion und sogar den menschlichen Werten. Globale Manipulation und Gehirnw\u00e4sche haben die Menschheit gezwungen, Vertrauen, Hoffnung und Liebe zu verlieren und die Verbindung zu ihrem wahren inneren Selbst zu verlieren. Wir brauchen eine neue Generation verantwortungsbewusster Menschen mit einer vertrauensw\u00fcrdigen Lebensweise. Wir brauchen vor allem F\u00fchrungskr\u00e4fte und Gesch\u00e4ftsleute mit felsenfester Integrit\u00e4t. \"Praktische Psychologie\" ist der ma\u00dfgebliche Leitfaden f\u00fcr diese neue Generation.","robots":{"index":"index","follow":"follow","max-snippet":"max-snippet:-1","max-image-preview":"max-image-preview:large","max-video-preview":"max-video-preview:-1"},"canonical":"https:\/\/www.schellhammerinstitute.com\/de\/produkt\/praktische-psychologie-2\/","og_locale":"de_DE","og_type":"article","og_title":"Practical Psychology | Schellhammer Institute","og_description":"Become fully responsible for yourself! People all over the world have lost trust in the political, economic, education, and justice system. they mistrust the media, religion, and even in human values. Global manipulation and brainwashing has forced humanity to lose trust, hope and love, and to lose their connection with their genuine inner self. We need a new generation of responsible people with a trustworthy way of living. We especially need leaders and business people with rock solid integrity. \"Practical Psychology\" is the definitive guide for this new generation.","og_url":"https:\/\/www.schellhammerinstitute.com\/de\/produkt\/praktische-psychologie-2\/","og_site_name":"Schellhammer Institute","article_publisher":"https:\/\/www.facebook.com\/schellhammerinstitute","article_modified_time":"2024-01-10T08:21:20+00:00","og_image":[{"width":311,"height":466,"url":"https:\/\/www.schellhammerinstitute.com\/wp-content\/uploads\/Practical-Psychology-book-cover.jpg","type":"image\/jpeg"}],"twitter_card":"summary_large_image","twitter_misc":{"Gesch\u00e4tzte Lesezeit":"1\u00a0Minute"},"schema":{"@context":"https:\/\/schema.org","@graph":[{"@type":"WebPage","@id":"https:\/\/www.schellhammerinstitute.com\/product\/practical-psychology\/","url":"https:\/\/www.schellhammerinstitute.com\/product\/practical-psychology\/","name":"Practical Psychology | Schellhammer Institute","isPartOf":{"@id":"https:\/\/www.schellhammerinstitute.com\/#website"},"primaryImageOfPage":{"@id":"https:\/\/www.schellhammerinstitute.com\/product\/practical-psychology\/#primaryimage"},"image":{"@id":"https:\/\/www.schellhammerinstitute.com\/product\/practical-psychology\/#primaryimage"},"thumbnailUrl":"https:\/\/www.schellhammerinstitute.com\/wp-content\/uploads\/Practical-Psychology-book-cover.jpg","datePublished":"2024-01-10T08:19:48+00:00","dateModified":"2024-01-10T08:21:20+00:00","description":"\u00dcbernehmen Sie die volle Verantwortung f\u00fcr sich selbst! \u00dcberall auf der Welt haben die Menschen das Vertrauen in das politische, wirtschaftliche, Bildungs- und Justizsystem verloren. Sie misstrauen den Medien, der Religion und sogar den menschlichen Werten. Globale Manipulation und Gehirnw\u00e4sche haben die Menschheit gezwungen, Vertrauen, Hoffnung und Liebe zu verlieren und die Verbindung zu ihrem wahren inneren Selbst zu verlieren. Wir brauchen eine neue Generation verantwortungsbewusster Menschen mit einer vertrauensw\u00fcrdigen Lebensweise. Wir brauchen vor allem F\u00fchrungskr\u00e4fte und Gesch\u00e4ftsleute mit felsenfester Integrit\u00e4t. \"Praktische Psychologie\" ist der ma\u00dfgebliche Leitfaden f\u00fcr diese neue Generation.","breadcrumb":{"@id":"https:\/\/www.schellhammerinstitute.com\/product\/practical-psychology\/#breadcrumb"},"inLanguage":"de","potentialAction":[{"@type":"ReadAction","target":["https:\/\/www.schellhammerinstitute.com\/product\/practical-psychology\/"]}]},{"@type":"ImageObject","inLanguage":"de","@id":"https:\/\/www.schellhammerinstitute.com\/product\/practical-psychology\/#primaryimage","url":"https:\/\/www.schellhammerinstitute.com\/wp-content\/uploads\/Practical-Psychology-book-cover.jpg","contentUrl":"https:\/\/www.schellhammerinstitute.com\/wp-content\/uploads\/Practical-Psychology-book-cover.jpg","width":311,"height":466,"caption":"Become fully responsible for yourself! People all over the world have lost trust in the political, economic, education, and justice system. they mistrust the media, religion, and even in human values. Global manipulation and brainwashing has forced humanity to lose trust, hope and love, and to lose their connection with their genuine inner self. We need a new generation of responsible people with a trustworthy way of living. We especially need leaders and business people with rock solid integrity. \"Practical Psychology\" is the definitive guide for this new generation."},{"@type":"BreadcrumbList","@id":"https:\/\/www.schellhammerinstitute.com\/product\/practical-psychology\/#breadcrumb","itemListElement":[{"@type":"ListItem","position":1,"name":"Home","item":"https:\/\/www.schellhammerinstitute.com\/"},{"@type":"ListItem","position":2,"name":"Shop","item":"https:\/\/www.schellhammerinstitute.com\/shop\/"},{"@type":"ListItem","position":3,"name":"Practical Psychology"}]},{"@type":"WebSite","@id":"https:\/\/www.schellhammerinstitute.com\/#website","url":"https:\/\/www.schellhammerinstitute.com\/","name":"Schellhammer-Institut","description":"Wir wollen die Welt zum Besseren ver\u00e4ndern","publisher":{"@id":"https:\/\/www.schellhammerinstitute.com\/#organization"},"alternateName":"The Schellhamer Institute","potentialAction":[{"@type":"SearchAction","target":{"@type":"EntryPoint","urlTemplate":"https:\/\/www.schellhammerinstitute.com\/?s={search_term_string}"},"query-input":{"@type":"PropertyValueSpecification","valueRequired":true,"valueName":"search_term_string"}}],"inLanguage":"de"},{"@type":"Organization","@id":"https:\/\/www.schellhammerinstitute.com\/#organization","name":"Schellhammer-Institut","alternateName":"Schellhammer Institute","url":"https:\/\/www.schellhammerinstitute.com\/","logo":{"@type":"ImageObject","inLanguage":"de","@id":"https:\/\/www.schellhammerinstitute.com\/#\/schema\/logo\/image\/","url":"https:\/\/www.schellhammerinstitute.com\/wp-content\/uploads\/cropped-4-Photoroom.png","contentUrl":"https:\/\/www.schellhammerinstitute.com\/wp-content\/uploads\/cropped-4-Photoroom.png","width":902,"height":901,"caption":"Schellhammer Institute"},"image":{"@id":"https:\/\/www.schellhammerinstitute.com\/#\/schema\/logo\/image\/"},"sameAs":["https:\/\/www.facebook.com\/schellhammerinstitute","https:\/\/www.instagram.com\/schellhammerinstitute","https:\/\/www.linkedin.com\/company\/schellhammerinstitute"]}]}},"jetpack_sharing_enabled":true,"_links":{"self":[{"href":"https:\/\/www.schellhammerinstitute.com\/de\/wp-json\/wp\/v2\/product\/13814","targetHints":{"allow":["GET"]}}],"collection":[{"href":"https:\/\/www.schellhammerinstitute.com\/de\/wp-json\/wp\/v2\/product"}],"about":[{"href":"https:\/\/www.schellhammerinstitute.com\/de\/wp-json\/wp\/v2\/types\/product"}],"replies":[{"embeddable":true,"href":"https:\/\/www.schellhammerinstitute.com\/de\/wp-json\/wp\/v2\/comments?post=13814"}],"version-history":[{"count":0,"href":"https:\/\/www.schellhammerinstitute.com\/de\/wp-json\/wp\/v2\/product\/13814\/revisions"}],"wp:featuredmedia":[{"embeddable":true,"href":"https:\/\/www.schellhammerinstitute.com\/de\/wp-json\/wp\/v2\/media\/13713"}],"wp:attachment":[{"href":"https:\/\/www.schellhammerinstitute.com\/de\/wp-json\/wp\/v2\/media?parent=13814"}],"wp:term":[{"taxonomy":"product_brand","embeddable":true,"href":"https:\/\/www.schellhammerinstitute.com\/de\/wp-json\/wp\/v2\/product_brand?post=13814"},{"taxonomy":"product_cat","embeddable":true,"href":"https:\/\/www.schellhammerinstitute.com\/de\/wp-json\/wp\/v2\/product_cat?post=13814"},{"taxonomy":"product_tag","embeddable":true,"href":"https:\/\/www.schellhammerinstitute.com\/de\/wp-json\/wp\/v2\/product_tag?post=13814"}],"curies":[{"name":"wp","href":"https:\/\/api.w.org\/{rel}","templated":true}]}}