{"id":8582,"date":"2020-03-24T15:49:37","date_gmt":"2020-03-24T15:49:37","guid":{"rendered":"https:\/\/www.schellhammerinstitute.com\/?page_id=8582"},"modified":"2020-03-24T15:49:37","modified_gmt":"2020-03-24T15:49:37","slug":"tanzen","status":"publish","type":"page","link":"https:\/\/www.schellhammerinstitute.com\/de\/tanzen\/","title":{"rendered":"Tanz"},"content":{"rendered":"<p style=\"text-align: center;\"><strong>Jeder Mensch entscheidet heute \u00fcber seine Zukunft!<br \/>\nEs gibt globale Bedrohungen, die weitaus lebensbedrohlicher sind als das Corona-Virus<br \/>\n<\/strong><br \/>\nDie sogenannten K\u00f6nige und K\u00f6niginnen von heute mit ihren Kronen sind im geistigen Sinne eine T\u00e4uschung.<br \/>\nEinen archetypischen \"Gralsk\u00f6nig\" gibt es auf der Erde schon lange nicht mehr.<br \/>\nRegierung und F\u00fchrung haben sich als ineffektiv, zynisch, machthungrig und korrupt erwiesen.<br \/>\nSeit Jahrtausenden treibt eine sehr kleine Gruppe von Eliten ihr b\u00f6ses Spiel mit der Menschheit.<br \/>\n80% der Weltbev\u00f6lkerung leben in Armut, die Mehrheit kann sich nie aus ihrer Sklaverei befreien.<br \/>\nDie Politiker sind nicht in der Lage, den Bed\u00fcrfnissen der Menschen gerecht zu werden, sie sind nicht in der Lage, ein globales Gleichgewicht zu schaffen.<br \/>\nDie meisten F\u00fchrungspers\u00f6nlichkeiten wiederholen die Geschichte von mehr als 5000 Jahren und sind unf\u00e4hig, mit Herausforderungen umzugehen.<\/p>\n<p style=\"text-align: center;\">Die schlimmsten Gr\u00e4ueltaten in der Geschichte und in der Gegenwart wurden immer von K\u00f6nigen, Pr\u00e4sidenten, Herrschern begangen.<br \/>\nKriege, L\u00fcgen, Betrug, Falschheit, Gier, Missbrauch, Hass auf die Sch\u00f6pfung pr\u00e4gen noch immer das weltweite Regieren.<br \/>\nKriegstreiber t\u00f6teten 3,5 Milliarden Menschen und Pferde auf Schlachtfeldern; so auch heute. Die Menschheit verehrt sie.<br \/>\nZu viele Menschen sind faul, dumm, arrogant, lehnen Lernen ab, ignorieren menschliche Werte, sind Angeber.<br \/>\nFast alle stecken ein Leben lang in der Vorpubert\u00e4t fest und lehnen eine substantielle Selbsterkenntnis v\u00f6llig ab.<br \/>\nDie meisten Menschen haben ihre 22 geistigen Funktionen auf einem Niveau von 5-7% entwickelt.<br \/>\nRund um den Globus verhalten sich die meisten wie Hamster im Hamsterrad.<br \/>\n65% der \u00d6kosysteme zerst\u00f6rt wurden, werden in Zukunft unvorstellbares Leid verursachen.<\/p>\n<p style=\"text-align: center;\"><strong>Viele Menschen sterben, ohne jemals gelebt und sich geistig und spirituell entwickelt zu haben.<br \/>\nBiowaffen sind teuflische Krankheitserreger, schrecklich und wahnsinnig; sie wurden schon vor Jahrhunderten eingesetzt.<br \/>\nAtombomben und m\u00e4chtige Waffen zeigen das Gesicht ihrer Hersteller: Die Anf\u00fchrer.<\/strong><\/p>\n<p style=\"text-align: center;\">Alles beginnt mit Lernen, Lesen, Studieren, Kontemplation, Meditation, Tr\u00e4umen, Analysieren, pers\u00f6nlicher Katharsis,<br \/>\nkritisches Denken, kritisches Erforschen und Suchen nach der Wahrheit in der eigenen inneren geistigen Lebensquelle.<br \/>\n<strong><br \/>\n\"Stirb in Dunkelheit und Scham\"<br \/>\nOder beteiligen Sie sich an der Schaffung einer neuen Welt zur inneren Erf\u00fcllung!<\/strong><\/p>","protected":false},"excerpt":{"rendered":"<p>Each human today decides about his future! There are global threats that are far more life threatening than the Corona Virus The so-called Kings and Queens today with their crown are in the spiritual sense a sham. There has been no archetypal \u201cKing of the Holy Grail\u201d on earth since a very long time. Governance [&hellip;]<\/p>\n","protected":false},"author":1,"featured_media":8584,"parent":0,"menu_order":0,"comment_status":"closed","ping_status":"closed","template":"","meta":{"saved_in_kubio":false,"footnotes":""},"class_list":["post-8582","page","type-page","status-publish","has-post-thumbnail","hentry"],"kubio_ai_page_context":{"short_desc":"","purpose":"general"},"yoast_head":"<!-- This site is optimized with the Yoast SEO plugin v27.5 - https:\/\/yoast.com\/product\/yoast-seo-wordpress\/ -->\n<title>Dance | Schellhammer Institute<\/title>\n<meta name=\"robots\" content=\"index, follow, max-snippet:-1, max-image-preview:large, max-video-preview:-1\" \/>\n<link rel=\"canonical\" href=\"https:\/\/www.schellhammerinstitute.com\/de\/tanzen\/\" \/>\n<meta property=\"og:locale\" content=\"de_DE\" \/>\n<meta property=\"og:type\" content=\"article\" \/>\n<meta property=\"og:title\" content=\"Dance | Schellhammer Institute\" \/>\n<meta property=\"og:description\" content=\"Each human today decides about his future! There are global threats that are far more life threatening than the Corona Virus The so-called Kings and Queens today with their crown are in the spiritual sense a sham. There has been no archetypal \u201cKing of the Holy Grail\u201d on earth since a very long time. Governance [&hellip;]\" \/>\n<meta property=\"og:url\" content=\"https:\/\/www.schellhammerinstitute.com\/de\/tanzen\/\" \/>\n<meta property=\"og:site_name\" content=\"Schellhammer Institute\" \/>\n<meta property=\"article:publisher\" content=\"https:\/\/www.facebook.com\/schellhammerinstitute\" \/>\n<meta property=\"og:image\" content=\"https:\/\/www.schellhammerinstitute.com\/wp-content\/uploads\/488.jpg\" \/>\n\t<meta property=\"og:image:width\" content=\"2000\" \/>\n\t<meta property=\"og:image:height\" content=\"1125\" \/>\n\t<meta property=\"og:image:type\" content=\"image\/jpeg\" \/>\n<meta name=\"twitter:card\" content=\"summary_large_image\" \/>\n<meta name=\"twitter:label1\" content=\"Gesch\u00e4tzte Lesezeit\" \/>\n\t<meta name=\"twitter:data1\" content=\"2\u00a0Minuten\" \/>\n<script type=\"application\/ld+json\" class=\"yoast-schema-graph\">{\"@context\":\"https:\\\/\\\/schema.org\",\"@graph\":[{\"@type\":\"WebPage\",\"@id\":\"https:\\\/\\\/www.schellhammerinstitute.com\\\/dance\\\/\",\"url\":\"https:\\\/\\\/www.schellhammerinstitute.com\\\/dance\\\/\",\"name\":\"Dance | Schellhammer Institute\",\"isPartOf\":{\"@id\":\"https:\\\/\\\/www.schellhammerinstitute.com\\\/#website\"},\"primaryImageOfPage\":{\"@id\":\"https:\\\/\\\/www.schellhammerinstitute.com\\\/dance\\\/#primaryimage\"},\"image\":{\"@id\":\"https:\\\/\\\/www.schellhammerinstitute.com\\\/dance\\\/#primaryimage\"},\"thumbnailUrl\":\"https:\\\/\\\/www.schellhammerinstitute.com\\\/wp-content\\\/uploads\\\/488.jpg\",\"datePublished\":\"2020-03-24T15:49:37+00:00\",\"breadcrumb\":{\"@id\":\"https:\\\/\\\/www.schellhammerinstitute.com\\\/dance\\\/#breadcrumb\"},\"inLanguage\":\"de\",\"potentialAction\":[{\"@type\":\"ReadAction\",\"target\":[\"https:\\\/\\\/www.schellhammerinstitute.com\\\/dance\\\/\"]}]},{\"@type\":\"ImageObject\",\"inLanguage\":\"de\",\"@id\":\"https:\\\/\\\/www.schellhammerinstitute.com\\\/dance\\\/#primaryimage\",\"url\":\"https:\\\/\\\/www.schellhammerinstitute.com\\\/wp-content\\\/uploads\\\/488.jpg\",\"contentUrl\":\"https:\\\/\\\/www.schellhammerinstitute.com\\\/wp-content\\\/uploads\\\/488.jpg\",\"width\":2000,\"height\":1125},{\"@type\":\"BreadcrumbList\",\"@id\":\"https:\\\/\\\/www.schellhammerinstitute.com\\\/dance\\\/#breadcrumb\",\"itemListElement\":[{\"@type\":\"ListItem\",\"position\":1,\"name\":\"Home\",\"item\":\"https:\\\/\\\/www.schellhammerinstitute.com\\\/\"},{\"@type\":\"ListItem\",\"position\":2,\"name\":\"Dance\"}]},{\"@type\":\"WebSite\",\"@id\":\"https:\\\/\\\/www.schellhammerinstitute.com\\\/#website\",\"url\":\"https:\\\/\\\/www.schellhammerinstitute.com\\\/\",\"name\":\"Schellhammer Institute\",\"description\":\"We want to change the world for the better\",\"publisher\":{\"@id\":\"https:\\\/\\\/www.schellhammerinstitute.com\\\/#organization\"},\"alternateName\":\"The Schellhamer Institute\",\"potentialAction\":[{\"@type\":\"SearchAction\",\"target\":{\"@type\":\"EntryPoint\",\"urlTemplate\":\"https:\\\/\\\/www.schellhammerinstitute.com\\\/?s={search_term_string}\"},\"query-input\":{\"@type\":\"PropertyValueSpecification\",\"valueRequired\":true,\"valueName\":\"search_term_string\"}}],\"inLanguage\":\"de\"},{\"@type\":\"Organization\",\"@id\":\"https:\\\/\\\/www.schellhammerinstitute.com\\\/#organization\",\"name\":\"Schellhammer Institute\",\"alternateName\":\"Schellhammer Institute\",\"url\":\"https:\\\/\\\/www.schellhammerinstitute.com\\\/\",\"logo\":{\"@type\":\"ImageObject\",\"inLanguage\":\"de\",\"@id\":\"https:\\\/\\\/www.schellhammerinstitute.com\\\/#\\\/schema\\\/logo\\\/image\\\/\",\"url\":\"https:\\\/\\\/www.schellhammerinstitute.com\\\/wp-content\\\/uploads\\\/cropped-4-Photoroom.png\",\"contentUrl\":\"https:\\\/\\\/www.schellhammerinstitute.com\\\/wp-content\\\/uploads\\\/cropped-4-Photoroom.png\",\"width\":902,\"height\":901,\"caption\":\"Schellhammer Institute\"},\"image\":{\"@id\":\"https:\\\/\\\/www.schellhammerinstitute.com\\\/#\\\/schema\\\/logo\\\/image\\\/\"},\"sameAs\":[\"https:\\\/\\\/www.facebook.com\\\/schellhammerinstitute\",\"https:\\\/\\\/www.instagram.com\\\/schellhammerinstitute\",\"https:\\\/\\\/www.linkedin.com\\\/company\\\/schellhammerinstitute\"]}]}<\/script>\n<!-- \/ Yoast SEO plugin. -->","yoast_head_json":{"title":"Dance | Schellhammer Institute","robots":{"index":"index","follow":"follow","max-snippet":"max-snippet:-1","max-image-preview":"max-image-preview:large","max-video-preview":"max-video-preview:-1"},"canonical":"https:\/\/www.schellhammerinstitute.com\/de\/tanzen\/","og_locale":"de_DE","og_type":"article","og_title":"Dance | Schellhammer Institute","og_description":"Each human today decides about his future! There are global threats that are far more life threatening than the Corona Virus The so-called Kings and Queens today with their crown are in the spiritual sense a sham. There has been no archetypal \u201cKing of the Holy Grail\u201d on earth since a very long time. Governance [&hellip;]","og_url":"https:\/\/www.schellhammerinstitute.com\/de\/tanzen\/","og_site_name":"Schellhammer Institute","article_publisher":"https:\/\/www.facebook.com\/schellhammerinstitute","og_image":[{"width":2000,"height":1125,"url":"https:\/\/www.schellhammerinstitute.com\/wp-content\/uploads\/488.jpg","type":"image\/jpeg"}],"twitter_card":"summary_large_image","twitter_misc":{"Gesch\u00e4tzte Lesezeit":"2\u00a0Minuten"},"schema":{"@context":"https:\/\/schema.org","@graph":[{"@type":"WebPage","@id":"https:\/\/www.schellhammerinstitute.com\/dance\/","url":"https:\/\/www.schellhammerinstitute.com\/dance\/","name":"Dance | Schellhammer Institute","isPartOf":{"@id":"https:\/\/www.schellhammerinstitute.com\/#website"},"primaryImageOfPage":{"@id":"https:\/\/www.schellhammerinstitute.com\/dance\/#primaryimage"},"image":{"@id":"https:\/\/www.schellhammerinstitute.com\/dance\/#primaryimage"},"thumbnailUrl":"https:\/\/www.schellhammerinstitute.com\/wp-content\/uploads\/488.jpg","datePublished":"2020-03-24T15:49:37+00:00","breadcrumb":{"@id":"https:\/\/www.schellhammerinstitute.com\/dance\/#breadcrumb"},"inLanguage":"de","potentialAction":[{"@type":"ReadAction","target":["https:\/\/www.schellhammerinstitute.com\/dance\/"]}]},{"@type":"ImageObject","inLanguage":"de","@id":"https:\/\/www.schellhammerinstitute.com\/dance\/#primaryimage","url":"https:\/\/www.schellhammerinstitute.com\/wp-content\/uploads\/488.jpg","contentUrl":"https:\/\/www.schellhammerinstitute.com\/wp-content\/uploads\/488.jpg","width":2000,"height":1125},{"@type":"BreadcrumbList","@id":"https:\/\/www.schellhammerinstitute.com\/dance\/#breadcrumb","itemListElement":[{"@type":"ListItem","position":1,"name":"Home","item":"https:\/\/www.schellhammerinstitute.com\/"},{"@type":"ListItem","position":2,"name":"Dance"}]},{"@type":"WebSite","@id":"https:\/\/www.schellhammerinstitute.com\/#website","url":"https:\/\/www.schellhammerinstitute.com\/","name":"Schellhammer-Institut","description":"Wir wollen die Welt zum Besseren ver\u00e4ndern","publisher":{"@id":"https:\/\/www.schellhammerinstitute.com\/#organization"},"alternateName":"The Schellhamer Institute","potentialAction":[{"@type":"SearchAction","target":{"@type":"EntryPoint","urlTemplate":"https:\/\/www.schellhammerinstitute.com\/?s={search_term_string}"},"query-input":{"@type":"PropertyValueSpecification","valueRequired":true,"valueName":"search_term_string"}}],"inLanguage":"de"},{"@type":"Organization","@id":"https:\/\/www.schellhammerinstitute.com\/#organization","name":"Schellhammer-Institut","alternateName":"Schellhammer Institute","url":"https:\/\/www.schellhammerinstitute.com\/","logo":{"@type":"ImageObject","inLanguage":"de","@id":"https:\/\/www.schellhammerinstitute.com\/#\/schema\/logo\/image\/","url":"https:\/\/www.schellhammerinstitute.com\/wp-content\/uploads\/cropped-4-Photoroom.png","contentUrl":"https:\/\/www.schellhammerinstitute.com\/wp-content\/uploads\/cropped-4-Photoroom.png","width":902,"height":901,"caption":"Schellhammer Institute"},"image":{"@id":"https:\/\/www.schellhammerinstitute.com\/#\/schema\/logo\/image\/"},"sameAs":["https:\/\/www.facebook.com\/schellhammerinstitute","https:\/\/www.instagram.com\/schellhammerinstitute","https:\/\/www.linkedin.com\/company\/schellhammerinstitute"]}]}},"jetpack_sharing_enabled":true,"_links":{"self":[{"href":"https:\/\/www.schellhammerinstitute.com\/de\/wp-json\/wp\/v2\/pages\/8582","targetHints":{"allow":["GET"]}}],"collection":[{"href":"https:\/\/www.schellhammerinstitute.com\/de\/wp-json\/wp\/v2\/pages"}],"about":[{"href":"https:\/\/www.schellhammerinstitute.com\/de\/wp-json\/wp\/v2\/types\/page"}],"author":[{"embeddable":true,"href":"https:\/\/www.schellhammerinstitute.com\/de\/wp-json\/wp\/v2\/users\/1"}],"replies":[{"embeddable":true,"href":"https:\/\/www.schellhammerinstitute.com\/de\/wp-json\/wp\/v2\/comments?post=8582"}],"version-history":[{"count":0,"href":"https:\/\/www.schellhammerinstitute.com\/de\/wp-json\/wp\/v2\/pages\/8582\/revisions"}],"wp:featuredmedia":[{"embeddable":true,"href":"https:\/\/www.schellhammerinstitute.com\/de\/wp-json\/wp\/v2\/media\/8584"}],"wp:attachment":[{"href":"https:\/\/www.schellhammerinstitute.com\/de\/wp-json\/wp\/v2\/media?parent=8582"}],"curies":[{"name":"wp","href":"https:\/\/api.w.org\/{rel}","templated":true}]}}