{"id":8581,"date":"2020-03-24T15:49:38","date_gmt":"2020-03-24T15:49:38","guid":{"rendered":"https:\/\/www.schellhammerinstitute.com\/?page_id=8581"},"modified":"2020-03-24T15:49:38","modified_gmt":"2020-03-24T15:49:38","slug":"baile","status":"publish","type":"page","link":"https:\/\/www.schellhammerinstitute.com\/de\/baile\/","title":{"rendered":"Baile"},"content":{"rendered":"<p style=\"text-align: center;\"><strong>\u00a1Cada ser humano hoy decide sobre su futuro!<br \/>\n<\/strong><strong>Es gibt globale Bedrohungen, die weitaus t\u00f6dlicher sind als der Virus Corona<br \/>\n<\/strong><br \/>\nLos llamados Reyes y Reinas de hoy con su corona son en el sentido espiritual una farsa. No ha habido un arquet\u00edpico \"Rey del Santo Grial\" en la tierra desde hace mucho tiempo. La gobernanza y el liderazgo han demostrado ser ineficaces, c\u00ednicos, hambriento de poder y, a menudo, puramente corruptos. Desde milenios siempre un grupo muy peque\u00f1o de \u00e9lites juega sus juegos malvados con la humanidad. El 80% de la poblaci\u00f3n mundial vive en la pobreza, 20% en pobreza absoluta; la mayor\u00eda nunca puede salir de su esclavitud. Los pol\u00edticos no sabenacer las necesidades de la gente; no pueden crear un equilibrio global. La mayor\u00eda de los l\u00edderes repiten la historia m\u00e1s de 5000 a\u00f1os y son incapaces de enfrentar los desaf\u00edos del futuro.<\/p>\n<p style=\"text-align: center;\">Las peores atrocidades de la historia y hoy siempre han cometido reyes, presidentes, gobernantes. Las guerras, las mentiras, los enga\u00f1os, la falsedad, la codicia, el abuso y el odio por la creaci\u00f3n a\u00fan dan forma a la gobernanza, globalmente. Los belicistas mataron a 3,5 bill\u00f3n de personas y caballos en los campos de batalla; as\u00ed matan y destruyen alrededor del planeta tambi\u00e9n hoy. La gente los adora. Demasiadas personas son vagas, est\u00fapidas, arrogantes, rechazan el aprendizaje, ignoran los valores humanos, son fanfarrones. Casi todos est\u00e1n apilados durante toda la vida en la preadolescencia y rechazan totalmente el autoconocimiento. La mayor\u00eda de las personas han desarrollado sus 22 funciones mentales en un nivel de 5-7% y se comportan como h\u00e1mster en la rueda del h\u00e1mster. El 65% de los ecosistemas han sido destruidos, lo que crear\u00e1 un sufrimiento inimaginable en el futuro.<\/p>\n<p style=\"text-align: center;\"><strong>Viele Menschen sterben, ohne dass sie gelebt und ihr inneres Wesen entwickelt haben.<br \/>\nLas armas biol\u00f3gicas son pat\u00f3genos horrendos e insanos; se usaron ya hace siglos.<br \/>\nLas bombas nucleares y armas poderosas muestran la cara de sus fabricantes: L\u00edderes.<\/strong><\/p>\n<p style=\"text-align: center;\">Alles beginnt mit dem Lernen, der Lekt\u00fcre, dem Studium, der Kontemplation, der Meditation, den Sue\u00f1os, der Analyse, der pers\u00f6nlichen Katalyse, dem kryptischen Denken, der kryptischen Erforschung und der Suche nach der Wahrheit in der eigenen spirituellen Lebensquelle.<\/p>\n<p style=\"text-align: center;\"><strong>\"Muere en la oscuridad y la verg\u00fcenza\"<br \/>\n<\/strong><strong>\u00a1O participa en la creaci\u00f3n de un nuevo mundo para la realizaci\u00f3n interior!<\/strong><\/p>","protected":false},"excerpt":{"rendered":"<p>\u00a1Cada ser humano hoy decide sobre su futuro! Existen amenazas globales que son mucho m\u00e1s mortales que el virus Corona Los llamados Reyes y Reinas de hoy con su corona son en el sentido espiritual una farsa. No ha habido un arquet\u00edpico &#8220;Rey del Santo Grial&#8221; en la tierra desde hace mucho tiempo. La gobernanza [&hellip;]<\/p>\n","protected":false},"author":1,"featured_media":8585,"parent":0,"menu_order":0,"comment_status":"closed","ping_status":"closed","template":"","meta":{"saved_in_kubio":false,"footnotes":""},"class_list":["post-8581","page","type-page","status-publish","has-post-thumbnail","hentry"],"kubio_ai_page_context":{"short_desc":"","purpose":"general"},"yoast_head":"<!-- This site is optimized with the Yoast SEO plugin v27.3 - https:\/\/yoast.com\/product\/yoast-seo-wordpress\/ -->\n<title>Baile | Schellhammer Institute<\/title>\n<meta name=\"robots\" content=\"index, follow, max-snippet:-1, max-image-preview:large, max-video-preview:-1\" \/>\n<link rel=\"canonical\" href=\"https:\/\/www.schellhammerinstitute.com\/de\/baile\/\" \/>\n<meta property=\"og:locale\" content=\"de_DE\" \/>\n<meta property=\"og:type\" content=\"article\" \/>\n<meta property=\"og:title\" content=\"Baile | Schellhammer Institute\" \/>\n<meta property=\"og:description\" content=\"\u00a1Cada ser humano hoy decide sobre su futuro! Existen amenazas globales que son mucho m\u00e1s mortales que el virus Corona Los llamados Reyes y Reinas de hoy con su corona son en el sentido espiritual una farsa. No ha habido un arquet\u00edpico &#8220;Rey del Santo Grial&#8221; en la tierra desde hace mucho tiempo. La gobernanza [&hellip;]\" \/>\n<meta property=\"og:url\" content=\"https:\/\/www.schellhammerinstitute.com\/de\/baile\/\" \/>\n<meta property=\"og:site_name\" content=\"Schellhammer Institute\" \/>\n<meta property=\"article:publisher\" content=\"https:\/\/www.facebook.com\/schellhammerinstitute\" \/>\n<meta property=\"og:image\" content=\"https:\/\/www.schellhammerinstitute.com\/wp-content\/uploads\/488.jpg\" \/>\n\t<meta property=\"og:image:width\" content=\"2000\" \/>\n\t<meta property=\"og:image:height\" content=\"1125\" \/>\n\t<meta property=\"og:image:type\" content=\"image\/jpeg\" \/>\n<meta name=\"twitter:card\" content=\"summary_large_image\" \/>\n<meta name=\"twitter:label1\" content=\"Gesch\u00e4tzte Lesezeit\" \/>\n\t<meta name=\"twitter:data1\" content=\"2\u00a0Minuten\" \/>\n<script type=\"application\/ld+json\" class=\"yoast-schema-graph\">{\"@context\":\"https:\\\/\\\/schema.org\",\"@graph\":[{\"@type\":\"WebPage\",\"@id\":\"https:\\\/\\\/www.schellhammerinstitute.com\\\/es\\\/baile\\\/\",\"url\":\"https:\\\/\\\/www.schellhammerinstitute.com\\\/es\\\/baile\\\/\",\"name\":\"Baile | Schellhammer Institute\",\"isPartOf\":{\"@id\":\"https:\\\/\\\/www.schellhammerinstitute.com\\\/#website\"},\"primaryImageOfPage\":{\"@id\":\"https:\\\/\\\/www.schellhammerinstitute.com\\\/es\\\/baile\\\/#primaryimage\"},\"image\":{\"@id\":\"https:\\\/\\\/www.schellhammerinstitute.com\\\/es\\\/baile\\\/#primaryimage\"},\"thumbnailUrl\":\"https:\\\/\\\/www.schellhammerinstitute.com\\\/wp-content\\\/uploads\\\/488.jpg\",\"datePublished\":\"2020-03-24T15:49:38+00:00\",\"breadcrumb\":{\"@id\":\"https:\\\/\\\/www.schellhammerinstitute.com\\\/es\\\/baile\\\/#breadcrumb\"},\"inLanguage\":\"de\",\"potentialAction\":[{\"@type\":\"ReadAction\",\"target\":[\"https:\\\/\\\/www.schellhammerinstitute.com\\\/es\\\/baile\\\/\"]}]},{\"@type\":\"ImageObject\",\"inLanguage\":\"de\",\"@id\":\"https:\\\/\\\/www.schellhammerinstitute.com\\\/es\\\/baile\\\/#primaryimage\",\"url\":\"https:\\\/\\\/www.schellhammerinstitute.com\\\/wp-content\\\/uploads\\\/488.jpg\",\"contentUrl\":\"https:\\\/\\\/www.schellhammerinstitute.com\\\/wp-content\\\/uploads\\\/488.jpg\",\"width\":2000,\"height\":1125},{\"@type\":\"BreadcrumbList\",\"@id\":\"https:\\\/\\\/www.schellhammerinstitute.com\\\/es\\\/baile\\\/#breadcrumb\",\"itemListElement\":[{\"@type\":\"ListItem\",\"position\":1,\"name\":\"Home\",\"item\":\"https:\\\/\\\/www.schellhammerinstitute.com\\\/\"},{\"@type\":\"ListItem\",\"position\":2,\"name\":\"Baile\"}]},{\"@type\":\"WebSite\",\"@id\":\"https:\\\/\\\/www.schellhammerinstitute.com\\\/#website\",\"url\":\"https:\\\/\\\/www.schellhammerinstitute.com\\\/\",\"name\":\"Schellhammer Institute\",\"description\":\"We want to change the world for the better\",\"publisher\":{\"@id\":\"https:\\\/\\\/www.schellhammerinstitute.com\\\/#organization\"},\"alternateName\":\"The Schellhamer Institute\",\"potentialAction\":[{\"@type\":\"SearchAction\",\"target\":{\"@type\":\"EntryPoint\",\"urlTemplate\":\"https:\\\/\\\/www.schellhammerinstitute.com\\\/?s={search_term_string}\"},\"query-input\":{\"@type\":\"PropertyValueSpecification\",\"valueRequired\":true,\"valueName\":\"search_term_string\"}}],\"inLanguage\":\"de\"},{\"@type\":\"Organization\",\"@id\":\"https:\\\/\\\/www.schellhammerinstitute.com\\\/#organization\",\"name\":\"Schellhammer Institute\",\"alternateName\":\"Schellhammer Institute\",\"url\":\"https:\\\/\\\/www.schellhammerinstitute.com\\\/\",\"logo\":{\"@type\":\"ImageObject\",\"inLanguage\":\"de\",\"@id\":\"https:\\\/\\\/www.schellhammerinstitute.com\\\/#\\\/schema\\\/logo\\\/image\\\/\",\"url\":\"https:\\\/\\\/www.schellhammerinstitute.com\\\/wp-content\\\/uploads\\\/cropped-4-Photoroom.png\",\"contentUrl\":\"https:\\\/\\\/www.schellhammerinstitute.com\\\/wp-content\\\/uploads\\\/cropped-4-Photoroom.png\",\"width\":902,\"height\":901,\"caption\":\"Schellhammer Institute\"},\"image\":{\"@id\":\"https:\\\/\\\/www.schellhammerinstitute.com\\\/#\\\/schema\\\/logo\\\/image\\\/\"},\"sameAs\":[\"https:\\\/\\\/www.facebook.com\\\/schellhammerinstitute\",\"https:\\\/\\\/www.instagram.com\\\/schellhammerinstitute\",\"https:\\\/\\\/www.linkedin.com\\\/company\\\/schellhammerinstitute\"]}]}<\/script>\n<!-- \/ Yoast SEO plugin. -->","yoast_head_json":{"title":"Baile | Schellhammer Institute","robots":{"index":"index","follow":"follow","max-snippet":"max-snippet:-1","max-image-preview":"max-image-preview:large","max-video-preview":"max-video-preview:-1"},"canonical":"https:\/\/www.schellhammerinstitute.com\/de\/baile\/","og_locale":"de_DE","og_type":"article","og_title":"Baile | Schellhammer Institute","og_description":"\u00a1Cada ser humano hoy decide sobre su futuro! Existen amenazas globales que son mucho m\u00e1s mortales que el virus Corona Los llamados Reyes y Reinas de hoy con su corona son en el sentido espiritual una farsa. No ha habido un arquet\u00edpico &#8220;Rey del Santo Grial&#8221; en la tierra desde hace mucho tiempo. La gobernanza [&hellip;]","og_url":"https:\/\/www.schellhammerinstitute.com\/de\/baile\/","og_site_name":"Schellhammer Institute","article_publisher":"https:\/\/www.facebook.com\/schellhammerinstitute","og_image":[{"width":2000,"height":1125,"url":"https:\/\/www.schellhammerinstitute.com\/wp-content\/uploads\/488.jpg","type":"image\/jpeg"}],"twitter_card":"summary_large_image","twitter_misc":{"Gesch\u00e4tzte Lesezeit":"2\u00a0Minuten"},"schema":{"@context":"https:\/\/schema.org","@graph":[{"@type":"WebPage","@id":"https:\/\/www.schellhammerinstitute.com\/es\/baile\/","url":"https:\/\/www.schellhammerinstitute.com\/es\/baile\/","name":"Baile | Schellhammer Institute","isPartOf":{"@id":"https:\/\/www.schellhammerinstitute.com\/#website"},"primaryImageOfPage":{"@id":"https:\/\/www.schellhammerinstitute.com\/es\/baile\/#primaryimage"},"image":{"@id":"https:\/\/www.schellhammerinstitute.com\/es\/baile\/#primaryimage"},"thumbnailUrl":"https:\/\/www.schellhammerinstitute.com\/wp-content\/uploads\/488.jpg","datePublished":"2020-03-24T15:49:38+00:00","breadcrumb":{"@id":"https:\/\/www.schellhammerinstitute.com\/es\/baile\/#breadcrumb"},"inLanguage":"de","potentialAction":[{"@type":"ReadAction","target":["https:\/\/www.schellhammerinstitute.com\/es\/baile\/"]}]},{"@type":"ImageObject","inLanguage":"de","@id":"https:\/\/www.schellhammerinstitute.com\/es\/baile\/#primaryimage","url":"https:\/\/www.schellhammerinstitute.com\/wp-content\/uploads\/488.jpg","contentUrl":"https:\/\/www.schellhammerinstitute.com\/wp-content\/uploads\/488.jpg","width":2000,"height":1125},{"@type":"BreadcrumbList","@id":"https:\/\/www.schellhammerinstitute.com\/es\/baile\/#breadcrumb","itemListElement":[{"@type":"ListItem","position":1,"name":"Home","item":"https:\/\/www.schellhammerinstitute.com\/"},{"@type":"ListItem","position":2,"name":"Baile"}]},{"@type":"WebSite","@id":"https:\/\/www.schellhammerinstitute.com\/#website","url":"https:\/\/www.schellhammerinstitute.com\/","name":"Schellhammer-Institut","description":"Wir wollen die Welt zum Besseren ver\u00e4ndern","publisher":{"@id":"https:\/\/www.schellhammerinstitute.com\/#organization"},"alternateName":"The Schellhamer Institute","potentialAction":[{"@type":"SearchAction","target":{"@type":"EntryPoint","urlTemplate":"https:\/\/www.schellhammerinstitute.com\/?s={search_term_string}"},"query-input":{"@type":"PropertyValueSpecification","valueRequired":true,"valueName":"search_term_string"}}],"inLanguage":"de"},{"@type":"Organization","@id":"https:\/\/www.schellhammerinstitute.com\/#organization","name":"Schellhammer-Institut","alternateName":"Schellhammer Institute","url":"https:\/\/www.schellhammerinstitute.com\/","logo":{"@type":"ImageObject","inLanguage":"de","@id":"https:\/\/www.schellhammerinstitute.com\/#\/schema\/logo\/image\/","url":"https:\/\/www.schellhammerinstitute.com\/wp-content\/uploads\/cropped-4-Photoroom.png","contentUrl":"https:\/\/www.schellhammerinstitute.com\/wp-content\/uploads\/cropped-4-Photoroom.png","width":902,"height":901,"caption":"Schellhammer Institute"},"image":{"@id":"https:\/\/www.schellhammerinstitute.com\/#\/schema\/logo\/image\/"},"sameAs":["https:\/\/www.facebook.com\/schellhammerinstitute","https:\/\/www.instagram.com\/schellhammerinstitute","https:\/\/www.linkedin.com\/company\/schellhammerinstitute"]}]}},"jetpack_sharing_enabled":true,"_links":{"self":[{"href":"https:\/\/www.schellhammerinstitute.com\/de\/wp-json\/wp\/v2\/pages\/8581","targetHints":{"allow":["GET"]}}],"collection":[{"href":"https:\/\/www.schellhammerinstitute.com\/de\/wp-json\/wp\/v2\/pages"}],"about":[{"href":"https:\/\/www.schellhammerinstitute.com\/de\/wp-json\/wp\/v2\/types\/page"}],"author":[{"embeddable":true,"href":"https:\/\/www.schellhammerinstitute.com\/de\/wp-json\/wp\/v2\/users\/1"}],"replies":[{"embeddable":true,"href":"https:\/\/www.schellhammerinstitute.com\/de\/wp-json\/wp\/v2\/comments?post=8581"}],"version-history":[{"count":0,"href":"https:\/\/www.schellhammerinstitute.com\/de\/wp-json\/wp\/v2\/pages\/8581\/revisions"}],"wp:featuredmedia":[{"embeddable":true,"href":"https:\/\/www.schellhammerinstitute.com\/de\/wp-json\/wp\/v2\/media\/8585"}],"wp:attachment":[{"href":"https:\/\/www.schellhammerinstitute.com\/de\/wp-json\/wp\/v2\/media?parent=8581"}],"curies":[{"name":"wp","href":"https:\/\/api.w.org\/{rel}","templated":true}]}}