{"id":8579,"date":"2020-03-24T15:49:05","date_gmt":"2020-03-24T15:49:05","guid":{"rendered":"https:\/\/www.schellhammerinstitute.com\/?page_id=8579"},"modified":"2020-03-24T15:49:05","modified_gmt":"2020-03-24T15:49:05","slug":"tanz","status":"publish","type":"page","link":"https:\/\/www.schellhammerinstitute.com\/de\/tanz\/","title":{"rendered":"Tanz"},"content":{"rendered":"<p style=\"text-align: center;\"><strong>Jeder Mensch entscheidet \u00fcber seine Zukunft!<\/strong><\/p>\n<p style=\"text-align: center;\"><strong>Es gibt globale Bedrohungen, die weitaus lebensbedrohlicher sind als das Corona-Virus<\/strong><\/p>\n<p style=\"text-align: center;\">Die K\u00f6nige und K\u00f6niginnen von heute mit ihrer Krone sind im spirituellen Sinne eine T\u00e4uschung. Es gibt seit langer Zeit keinen archetypischen \"K\u00f6nig des Heiligen Grals\" auf der Erde. Governance und F\u00fchrung haben sich als ineffektiv, zynisch, machthungrig und oft rein korrupt erwiesen. Seit Jahrtausenden spielt immer eine sehr kleine Gruppe von Eliten ihre teuflischen Spiele mit der Menschheit. 80% der Weltbev\u00f6lkerung leben in Armut, 20% davon in absoluter Armut; eine Mehrheit kann niemals aus diesem Sklaventum herauskommen. Politiker sind nicht in der Lage, die Bed\u00fcrfnisse der Menschen zu befriedigen; sind nicht in der Lage, ein globales Gleichgewicht herzustellen. Die meisten F\u00fchrungskr\u00e4fte wiederholen die Geschichte von \u00fcber 5000 Jahren und sind nicht in der Lage, Herausforderungen f\u00fcr die Zukunft zu bew\u00e4ltigen.<\/p>\n<p style=\"text-align: center;\">Die schlimmsten Gr\u00e4ueltaten in der Geschichte bis heute haben immer K\u00f6nige, Pr\u00e4sidenten, und Herrscher begangen. Kriege, L\u00fcgen, Betrug, Falschheit, Gier, Missbrauch und Hass auf die Sch\u00f6pfung pr\u00e4gen noch heute die Regierungsf\u00fchrungen weltweit. Kriegstreiber t\u00f6teten auf Schlachtfeldern 3,5 Milliarden Menschen und Pferde; t\u00f6ten und zerst\u00f6ren weltweit auch heute noch. Die Menschen verehren sie. Zu viele Menschen sind faul, dumm, arrogant, lehnen das Lernen ab, ignorieren menschliche Werte, prahlen. Fast alle sind in der Voradoleszenz lebenslang stecken geblieben. Sie lehnen Selbsterkenntnis ab. Die meisten Menschen haben ihre 22 mentalen Funktionen auf einem Niveau von 5-7% entwickelt. Die meisten Menschen verhalten sich wie Hamster im Hamsterrad. 65% der \u00d6kosysteme sind durch Gier und Dummheit bereits zerst\u00f6rt, was in Zukunft zu unvorstellbarem Leid f\u00fchren wird.<\/p>\n<p style=\"text-align: center;\"><strong>Viele Menschen sterben, ohne gelebt und psychisch-geistig sich entwickelt zu haben.<br \/>\nBiowaffen sind horrende Krankheitserreger, die bereits vor Jahrhunderten genutzt wurden.<br \/>\nAtombomben und m\u00e4chtige Waffen zeigen das Gesicht ihres Herstellers: Staatsf\u00fchrer.<\/strong><\/p>\n<p style=\"text-align: center;\">Menschliche Entwicklung beginnt mit Lernen, Lesen, Studieren, Nachdenken; mit Meditation, Tr\u00e4umen, Analysieren, pers\u00f6nlicher<br \/>\nKatharsis, kritisches Denken, kritische Erforschung und Suche nach der Wahrheit in der eigenen inneren geistigen Quelle des Lebens.<\/p>\n<p style=\"text-align: center;\"><strong>\"Stirb in Dunkelheit und Schande\"<br \/>\n<\/strong><strong>Oder engagieren Sie sich, eine neue Welt f\u00fcr die innere Erf\u00fcllung zu erschaffen!<\/strong><\/p>","protected":false},"excerpt":{"rendered":"<p>Jeder Mensch entscheidet \u00fcber seine Zukunft! Es gibt globale Bedrohungen, die weitaus lebensbedrohlicher sind als das Corona-Virus Die K\u00f6nige und K\u00f6niginnen von heute mit ihrer Krone sind im spirituellen Sinne eine T\u00e4uschung. Es gibt seit langer Zeit keinen archetypischen \u201eK\u00f6nig des Heiligen Grals\u201c auf der Erde. Governance und F\u00fchrung haben sich als ineffektiv, zynisch, machthungrig [&hellip;]<\/p>\n","protected":false},"author":1,"featured_media":8583,"parent":0,"menu_order":0,"comment_status":"closed","ping_status":"closed","template":"","meta":{"saved_in_kubio":false,"footnotes":""},"class_list":["post-8579","page","type-page","status-publish","has-post-thumbnail","hentry"],"kubio_ai_page_context":{"short_desc":"","purpose":"general"},"yoast_head":"<!-- This site is optimized with the Yoast SEO plugin v27.5 - https:\/\/yoast.com\/product\/yoast-seo-wordpress\/ -->\n<title>Tanz | Schellhammer Institute<\/title>\n<meta name=\"robots\" content=\"index, follow, max-snippet:-1, max-image-preview:large, max-video-preview:-1\" \/>\n<link rel=\"canonical\" href=\"https:\/\/www.schellhammerinstitute.com\/de\/tanz\/\" \/>\n<meta property=\"og:locale\" content=\"de_DE\" \/>\n<meta property=\"og:type\" content=\"article\" \/>\n<meta property=\"og:title\" content=\"Tanz | Schellhammer Institute\" \/>\n<meta property=\"og:description\" content=\"Jeder Mensch entscheidet \u00fcber seine Zukunft! Es gibt globale Bedrohungen, die weitaus lebensbedrohlicher sind als das Corona-Virus Die K\u00f6nige und K\u00f6niginnen von heute mit ihrer Krone sind im spirituellen Sinne eine T\u00e4uschung. Es gibt seit langer Zeit keinen archetypischen \u201eK\u00f6nig des Heiligen Grals\u201c auf der Erde. Governance und F\u00fchrung haben sich als ineffektiv, zynisch, machthungrig [&hellip;]\" \/>\n<meta property=\"og:url\" content=\"https:\/\/www.schellhammerinstitute.com\/de\/tanz\/\" \/>\n<meta property=\"og:site_name\" content=\"Schellhammer Institute\" \/>\n<meta property=\"article:publisher\" content=\"https:\/\/www.facebook.com\/schellhammerinstitute\" \/>\n<meta property=\"og:image\" content=\"https:\/\/www.schellhammerinstitute.com\/wp-content\/uploads\/488.jpg\" \/>\n\t<meta property=\"og:image:width\" content=\"2000\" \/>\n\t<meta property=\"og:image:height\" content=\"1125\" \/>\n\t<meta property=\"og:image:type\" content=\"image\/jpeg\" \/>\n<meta name=\"twitter:card\" content=\"summary_large_image\" \/>\n<meta name=\"twitter:label1\" content=\"Gesch\u00e4tzte Lesezeit\" \/>\n\t<meta name=\"twitter:data1\" content=\"2\u00a0Minuten\" \/>\n<script type=\"application\/ld+json\" class=\"yoast-schema-graph\">{\"@context\":\"https:\\\/\\\/schema.org\",\"@graph\":[{\"@type\":\"WebPage\",\"@id\":\"https:\\\/\\\/www.schellhammerinstitute.com\\\/de\\\/tanz\\\/\",\"url\":\"https:\\\/\\\/www.schellhammerinstitute.com\\\/de\\\/tanz\\\/\",\"name\":\"Tanz | Schellhammer Institute\",\"isPartOf\":{\"@id\":\"https:\\\/\\\/www.schellhammerinstitute.com\\\/#website\"},\"primaryImageOfPage\":{\"@id\":\"https:\\\/\\\/www.schellhammerinstitute.com\\\/de\\\/tanz\\\/#primaryimage\"},\"image\":{\"@id\":\"https:\\\/\\\/www.schellhammerinstitute.com\\\/de\\\/tanz\\\/#primaryimage\"},\"thumbnailUrl\":\"https:\\\/\\\/www.schellhammerinstitute.com\\\/wp-content\\\/uploads\\\/488.jpg\",\"datePublished\":\"2020-03-24T15:49:05+00:00\",\"breadcrumb\":{\"@id\":\"https:\\\/\\\/www.schellhammerinstitute.com\\\/de\\\/tanz\\\/#breadcrumb\"},\"inLanguage\":\"de\",\"potentialAction\":[{\"@type\":\"ReadAction\",\"target\":[\"https:\\\/\\\/www.schellhammerinstitute.com\\\/de\\\/tanz\\\/\"]}]},{\"@type\":\"ImageObject\",\"inLanguage\":\"de\",\"@id\":\"https:\\\/\\\/www.schellhammerinstitute.com\\\/de\\\/tanz\\\/#primaryimage\",\"url\":\"https:\\\/\\\/www.schellhammerinstitute.com\\\/wp-content\\\/uploads\\\/488.jpg\",\"contentUrl\":\"https:\\\/\\\/www.schellhammerinstitute.com\\\/wp-content\\\/uploads\\\/488.jpg\",\"width\":2000,\"height\":1125},{\"@type\":\"BreadcrumbList\",\"@id\":\"https:\\\/\\\/www.schellhammerinstitute.com\\\/de\\\/tanz\\\/#breadcrumb\",\"itemListElement\":[{\"@type\":\"ListItem\",\"position\":1,\"name\":\"Home\",\"item\":\"https:\\\/\\\/www.schellhammerinstitute.com\\\/\"},{\"@type\":\"ListItem\",\"position\":2,\"name\":\"Tanz\"}]},{\"@type\":\"WebSite\",\"@id\":\"https:\\\/\\\/www.schellhammerinstitute.com\\\/#website\",\"url\":\"https:\\\/\\\/www.schellhammerinstitute.com\\\/\",\"name\":\"Schellhammer Institute\",\"description\":\"We want to change the world for the better\",\"publisher\":{\"@id\":\"https:\\\/\\\/www.schellhammerinstitute.com\\\/#organization\"},\"alternateName\":\"The Schellhamer Institute\",\"potentialAction\":[{\"@type\":\"SearchAction\",\"target\":{\"@type\":\"EntryPoint\",\"urlTemplate\":\"https:\\\/\\\/www.schellhammerinstitute.com\\\/?s={search_term_string}\"},\"query-input\":{\"@type\":\"PropertyValueSpecification\",\"valueRequired\":true,\"valueName\":\"search_term_string\"}}],\"inLanguage\":\"de\"},{\"@type\":\"Organization\",\"@id\":\"https:\\\/\\\/www.schellhammerinstitute.com\\\/#organization\",\"name\":\"Schellhammer Institute\",\"alternateName\":\"Schellhammer Institute\",\"url\":\"https:\\\/\\\/www.schellhammerinstitute.com\\\/\",\"logo\":{\"@type\":\"ImageObject\",\"inLanguage\":\"de\",\"@id\":\"https:\\\/\\\/www.schellhammerinstitute.com\\\/#\\\/schema\\\/logo\\\/image\\\/\",\"url\":\"https:\\\/\\\/www.schellhammerinstitute.com\\\/wp-content\\\/uploads\\\/cropped-4-Photoroom.png\",\"contentUrl\":\"https:\\\/\\\/www.schellhammerinstitute.com\\\/wp-content\\\/uploads\\\/cropped-4-Photoroom.png\",\"width\":902,\"height\":901,\"caption\":\"Schellhammer Institute\"},\"image\":{\"@id\":\"https:\\\/\\\/www.schellhammerinstitute.com\\\/#\\\/schema\\\/logo\\\/image\\\/\"},\"sameAs\":[\"https:\\\/\\\/www.facebook.com\\\/schellhammerinstitute\",\"https:\\\/\\\/www.instagram.com\\\/schellhammerinstitute\",\"https:\\\/\\\/www.linkedin.com\\\/company\\\/schellhammerinstitute\"]}]}<\/script>\n<!-- \/ Yoast SEO plugin. -->","yoast_head_json":{"title":"Tanz | Schellhammer Institute","robots":{"index":"index","follow":"follow","max-snippet":"max-snippet:-1","max-image-preview":"max-image-preview:large","max-video-preview":"max-video-preview:-1"},"canonical":"https:\/\/www.schellhammerinstitute.com\/de\/tanz\/","og_locale":"de_DE","og_type":"article","og_title":"Tanz | Schellhammer Institute","og_description":"Jeder Mensch entscheidet \u00fcber seine Zukunft! Es gibt globale Bedrohungen, die weitaus lebensbedrohlicher sind als das Corona-Virus Die K\u00f6nige und K\u00f6niginnen von heute mit ihrer Krone sind im spirituellen Sinne eine T\u00e4uschung. Es gibt seit langer Zeit keinen archetypischen \u201eK\u00f6nig des Heiligen Grals\u201c auf der Erde. Governance und F\u00fchrung haben sich als ineffektiv, zynisch, machthungrig [&hellip;]","og_url":"https:\/\/www.schellhammerinstitute.com\/de\/tanz\/","og_site_name":"Schellhammer Institute","article_publisher":"https:\/\/www.facebook.com\/schellhammerinstitute","og_image":[{"width":2000,"height":1125,"url":"https:\/\/www.schellhammerinstitute.com\/wp-content\/uploads\/488.jpg","type":"image\/jpeg"}],"twitter_card":"summary_large_image","twitter_misc":{"Gesch\u00e4tzte Lesezeit":"2\u00a0Minuten"},"schema":{"@context":"https:\/\/schema.org","@graph":[{"@type":"WebPage","@id":"https:\/\/www.schellhammerinstitute.com\/de\/tanz\/","url":"https:\/\/www.schellhammerinstitute.com\/de\/tanz\/","name":"Tanz | Schellhammer Institute","isPartOf":{"@id":"https:\/\/www.schellhammerinstitute.com\/#website"},"primaryImageOfPage":{"@id":"https:\/\/www.schellhammerinstitute.com\/de\/tanz\/#primaryimage"},"image":{"@id":"https:\/\/www.schellhammerinstitute.com\/de\/tanz\/#primaryimage"},"thumbnailUrl":"https:\/\/www.schellhammerinstitute.com\/wp-content\/uploads\/488.jpg","datePublished":"2020-03-24T15:49:05+00:00","breadcrumb":{"@id":"https:\/\/www.schellhammerinstitute.com\/de\/tanz\/#breadcrumb"},"inLanguage":"de","potentialAction":[{"@type":"ReadAction","target":["https:\/\/www.schellhammerinstitute.com\/de\/tanz\/"]}]},{"@type":"ImageObject","inLanguage":"de","@id":"https:\/\/www.schellhammerinstitute.com\/de\/tanz\/#primaryimage","url":"https:\/\/www.schellhammerinstitute.com\/wp-content\/uploads\/488.jpg","contentUrl":"https:\/\/www.schellhammerinstitute.com\/wp-content\/uploads\/488.jpg","width":2000,"height":1125},{"@type":"BreadcrumbList","@id":"https:\/\/www.schellhammerinstitute.com\/de\/tanz\/#breadcrumb","itemListElement":[{"@type":"ListItem","position":1,"name":"Home","item":"https:\/\/www.schellhammerinstitute.com\/"},{"@type":"ListItem","position":2,"name":"Tanz"}]},{"@type":"WebSite","@id":"https:\/\/www.schellhammerinstitute.com\/#website","url":"https:\/\/www.schellhammerinstitute.com\/","name":"Schellhammer-Institut","description":"Wir wollen die Welt zum Besseren ver\u00e4ndern","publisher":{"@id":"https:\/\/www.schellhammerinstitute.com\/#organization"},"alternateName":"The Schellhamer Institute","potentialAction":[{"@type":"SearchAction","target":{"@type":"EntryPoint","urlTemplate":"https:\/\/www.schellhammerinstitute.com\/?s={search_term_string}"},"query-input":{"@type":"PropertyValueSpecification","valueRequired":true,"valueName":"search_term_string"}}],"inLanguage":"de"},{"@type":"Organization","@id":"https:\/\/www.schellhammerinstitute.com\/#organization","name":"Schellhammer-Institut","alternateName":"Schellhammer Institute","url":"https:\/\/www.schellhammerinstitute.com\/","logo":{"@type":"ImageObject","inLanguage":"de","@id":"https:\/\/www.schellhammerinstitute.com\/#\/schema\/logo\/image\/","url":"https:\/\/www.schellhammerinstitute.com\/wp-content\/uploads\/cropped-4-Photoroom.png","contentUrl":"https:\/\/www.schellhammerinstitute.com\/wp-content\/uploads\/cropped-4-Photoroom.png","width":902,"height":901,"caption":"Schellhammer Institute"},"image":{"@id":"https:\/\/www.schellhammerinstitute.com\/#\/schema\/logo\/image\/"},"sameAs":["https:\/\/www.facebook.com\/schellhammerinstitute","https:\/\/www.instagram.com\/schellhammerinstitute","https:\/\/www.linkedin.com\/company\/schellhammerinstitute"]}]}},"jetpack_sharing_enabled":true,"_links":{"self":[{"href":"https:\/\/www.schellhammerinstitute.com\/de\/wp-json\/wp\/v2\/pages\/8579","targetHints":{"allow":["GET"]}}],"collection":[{"href":"https:\/\/www.schellhammerinstitute.com\/de\/wp-json\/wp\/v2\/pages"}],"about":[{"href":"https:\/\/www.schellhammerinstitute.com\/de\/wp-json\/wp\/v2\/types\/page"}],"author":[{"embeddable":true,"href":"https:\/\/www.schellhammerinstitute.com\/de\/wp-json\/wp\/v2\/users\/1"}],"replies":[{"embeddable":true,"href":"https:\/\/www.schellhammerinstitute.com\/de\/wp-json\/wp\/v2\/comments?post=8579"}],"version-history":[{"count":0,"href":"https:\/\/www.schellhammerinstitute.com\/de\/wp-json\/wp\/v2\/pages\/8579\/revisions"}],"wp:featuredmedia":[{"embeddable":true,"href":"https:\/\/www.schellhammerinstitute.com\/de\/wp-json\/wp\/v2\/media\/8583"}],"wp:attachment":[{"href":"https:\/\/www.schellhammerinstitute.com\/de\/wp-json\/wp\/v2\/media?parent=8579"}],"curies":[{"name":"wp","href":"https:\/\/api.w.org\/{rel}","templated":true}]}}