{"id":7693,"date":"2018-11-12T10:27:02","date_gmt":"2018-11-12T10:27:02","guid":{"rendered":"https:\/\/www.schellhammerinstitute.com\/dokumente\/"},"modified":"2018-11-12T10:27:02","modified_gmt":"2018-11-12T10:27:02","slug":"dokumente","status":"publish","type":"page","link":"https:\/\/www.schellhammerinstitute.com\/de\/dokumente\/","title":{"rendered":"Dokumente"},"content":{"rendered":"<p><strong>Historische Dokumente<\/strong><\/p>\n<p style=\"text-align: center;\">Im Alten Testament werden einige Propheten zwischen 200 und 800 v. Chr. erw\u00e4hnt.<br \/>\nEs gibt keine authentischen Dokumente, die ihre Existenz belegen.<br \/>\nEs gibt keine authentischen Dokumente, die die psychisch-geistigen Prozesse der Propheten belegen.<br \/>\nAu\u00dferdem gibt es keine authentischen Dokumente, die ihre Lehren belegen.<br \/>\nEinige archetypische Tr\u00e4ume im Alten Testament sind Anzeichen daf\u00fcr, dass \"wahre Propheten\" existierten.\u00ba<br \/>\nViele Autoren und Herausgeber haben an der Entwicklung der \"Heiligen Schrift\" gearbeitet.<br \/>\nBis zum Jahr 1008 n. Chr. gab es eine kontinuierliche Textbearbeitung von vielen Autoren.<br \/>\nUnz\u00e4hlige unbekannte Kopien ver\u00e4nderten und kopierten immer wieder die Texte der 'Heiligen Bibel', f\u00fcgten hinzu, \u00e4nderten oder l\u00f6schten Teile.<br \/>\nEs gibt viele unbekannte Autoren und tausendfache Bearbeitung der Texte \u00fcber viele Jahrhunderte hinweg; viel davon aus m\u00fcndlichen \u00dcberlieferungen.<br \/>\nDie Bibel wurde von v\u00f6llig unterschiedlichen, meist unbekannten Personen mit unterschiedlichen Vorstellungen und Ansichten zu verschiedenen Zeiten \u00fcber Jahrhunderte geschrieben.<br \/>\nDie Autoren der vier Evangelien sind unbekannt. Die Namen sind zusammengesetzt.<br \/>\nDie Paulinenbriefe kamen um das Jahr 50-60 n. Chr. Aber Paulus kannte Jesus nicht.<\/p>\n<p style=\"text-align: center;\"><strong>Nichts, absolut nichts ist authentisch dokumentiert \u00fcber die Propheten, Abraham, Moses, Jesus, \u00fcber die Apostel, die Evangelien und alles, was von Gott und Geist gesprochen oder geschrieben wurde.<\/strong><\/p>\n<p style=\"text-align: center;\"><strong>Gesamtbild<\/strong><\/p>\n<p>Alle Geschichten im Alten Testament und im Neuen Testament sind Legenden, Mythen, Sagen, Fiktionen, Anekdoten voller Manipulation und Betrug. Die Bibel ist eine chaotische und korrumpierte Textsammlung. Es gibt unz\u00e4hlige Widerspr\u00fcche in der Bibel. Es gibt praktisch keine wirkliche historische Substanz. Die vier Evangelien sind niemals eine Biographie von J.C.!<\/p>\n<p>Christliche Dogmen gab es bereits im Nahen und Mittleren Osten, zu Jesu Zeiten sowie Tausende von Jahren vor seiner Epoche. Nichts ist neu und in diesem Sinne authentisch \"christlich\"! 60 Evangelien gab es in den ersten Jahrhunderten. Die kirchlichen Beh\u00f6rden haben 4 Ausgaben ausgew\u00e4hlt, die zwischen den Jahren 70 und 120 verfasst wurden.<\/p>\n<p>Kein Text wurde von Augenzeugen geschrieben! Es gibt kein urspr\u00fcngliches Evangelium, nicht einmal erste Transkripte. Die Autoren sind unbekannt. Kein Apostel hat jemals solche Texte geschrieben! Bei diesen vielf\u00e4ltigen Texten handelt es sich einfach um das Verfassen von Texten, um neue Erg\u00e4nzungen und Eliminierungen sowie um kleinere und gr\u00f6\u00dfere \u00c4nderungen. Alle Texte stammen aus L\u00fcgen, F\u00e4lschungen und Verschiebungen. Die Widerspr\u00fcche sind zahllos.<\/p>\n<p>Das Evangelium besteht aus unz\u00e4hligen Aussagen, die von Kirchenbesuchern Milliarden Mal zitiert werden: \"Und Jesus sagte ...\"; oder Jesus in den Mund geschoben: \"Ich bin ...\". Es gibt nichts Konkretes, was man \u00fcber Jesus wei\u00df. Niemand wei\u00df, was Jesus gesagt hat!<\/p>\n<p><strong>Eine Religion, die keine echte (archetypische) menschliche Entwicklung f\u00f6rdert, ist nutzlos.<\/strong><\/p>","protected":false},"excerpt":{"rendered":"<p>Historische Dokumente Im Alten Testament werden einige Propheten zwischen 200 und 800 v. Chr. erw\u00e4hnt. Es gibt keine authentischen Dokumente, die ihre Existenz belegen. Es gibt keine authentischen Dokumente, die die psychisch-geistigen Prozesse der Propheten belegen. Au\u00dferdem gibt es keine authentischen Dokumente, die ihre Lehren belegen. Einige archetypische Tr\u00e4ume im Alten Testament sind Anzeichen daf\u00fcr, [&hellip;]<\/p>\n","protected":false},"author":1,"featured_media":0,"parent":0,"menu_order":0,"comment_status":"closed","ping_status":"closed","template":"template-fullwidth.php","meta":{"saved_in_kubio":false,"footnotes":""},"class_list":["post-7693","page","type-page","status-publish","hentry"],"kubio_ai_page_context":{"short_desc":"","purpose":"general"},"yoast_head":"<!-- This site is optimized with the Yoast SEO plugin v27.5 - https:\/\/yoast.com\/product\/yoast-seo-wordpress\/ -->\n<title>Dokumente | Schellhammer Institute<\/title>\n<meta name=\"robots\" content=\"index, follow, max-snippet:-1, max-image-preview:large, max-video-preview:-1\" \/>\n<link rel=\"canonical\" href=\"https:\/\/www.schellhammerinstitute.com\/de\/dokumente\/\" \/>\n<meta property=\"og:locale\" content=\"de_DE\" \/>\n<meta property=\"og:type\" content=\"article\" \/>\n<meta property=\"og:title\" content=\"Dokumente | Schellhammer Institute\" \/>\n<meta property=\"og:description\" content=\"Historische Dokumente Im Alten Testament werden einige Propheten zwischen 200 und 800 v. Chr. erw\u00e4hnt. Es gibt keine authentischen Dokumente, die ihre Existenz belegen. Es gibt keine authentischen Dokumente, die die psychisch-geistigen Prozesse der Propheten belegen. Au\u00dferdem gibt es keine authentischen Dokumente, die ihre Lehren belegen. Einige archetypische Tr\u00e4ume im Alten Testament sind Anzeichen daf\u00fcr, [&hellip;]\" \/>\n<meta property=\"og:url\" content=\"https:\/\/www.schellhammerinstitute.com\/de\/dokumente\/\" \/>\n<meta property=\"og:site_name\" content=\"Schellhammer Institute\" \/>\n<meta property=\"article:publisher\" content=\"https:\/\/www.facebook.com\/schellhammerinstitute\" \/>\n<meta property=\"og:image\" content=\"https:\/\/www.schellhammerinstitute.com\/wp-content\/uploads\/Schellhammer-LOGO-FINAL-high-quality-FINAL.pdf-4.webp\" \/>\n\t<meta property=\"og:image:width\" content=\"1357\" \/>\n\t<meta property=\"og:image:height\" content=\"1920\" \/>\n\t<meta property=\"og:image:type\" content=\"image\/webp\" \/>\n<meta name=\"twitter:card\" content=\"summary_large_image\" \/>\n<meta name=\"twitter:label1\" content=\"Gesch\u00e4tzte Lesezeit\" \/>\n\t<meta name=\"twitter:data1\" content=\"2\u00a0Minuten\" \/>\n<script type=\"application\/ld+json\" class=\"yoast-schema-graph\">{\"@context\":\"https:\\\/\\\/schema.org\",\"@graph\":[{\"@type\":\"WebPage\",\"@id\":\"https:\\\/\\\/www.schellhammerinstitute.com\\\/de\\\/dokumente\\\/\",\"url\":\"https:\\\/\\\/www.schellhammerinstitute.com\\\/de\\\/dokumente\\\/\",\"name\":\"Dokumente | Schellhammer Institute\",\"isPartOf\":{\"@id\":\"https:\\\/\\\/www.schellhammerinstitute.com\\\/#website\"},\"datePublished\":\"2018-11-12T10:27:02+00:00\",\"breadcrumb\":{\"@id\":\"https:\\\/\\\/www.schellhammerinstitute.com\\\/de\\\/dokumente\\\/#breadcrumb\"},\"inLanguage\":\"de\",\"potentialAction\":[{\"@type\":\"ReadAction\",\"target\":[\"https:\\\/\\\/www.schellhammerinstitute.com\\\/de\\\/dokumente\\\/\"]}]},{\"@type\":\"BreadcrumbList\",\"@id\":\"https:\\\/\\\/www.schellhammerinstitute.com\\\/de\\\/dokumente\\\/#breadcrumb\",\"itemListElement\":[{\"@type\":\"ListItem\",\"position\":1,\"name\":\"Home\",\"item\":\"https:\\\/\\\/www.schellhammerinstitute.com\\\/\"},{\"@type\":\"ListItem\",\"position\":2,\"name\":\"Dokumente\"}]},{\"@type\":\"WebSite\",\"@id\":\"https:\\\/\\\/www.schellhammerinstitute.com\\\/#website\",\"url\":\"https:\\\/\\\/www.schellhammerinstitute.com\\\/\",\"name\":\"Schellhammer Institute\",\"description\":\"We want to change the world for the better\",\"publisher\":{\"@id\":\"https:\\\/\\\/www.schellhammerinstitute.com\\\/#organization\"},\"alternateName\":\"The Schellhamer Institute\",\"potentialAction\":[{\"@type\":\"SearchAction\",\"target\":{\"@type\":\"EntryPoint\",\"urlTemplate\":\"https:\\\/\\\/www.schellhammerinstitute.com\\\/?s={search_term_string}\"},\"query-input\":{\"@type\":\"PropertyValueSpecification\",\"valueRequired\":true,\"valueName\":\"search_term_string\"}}],\"inLanguage\":\"de\"},{\"@type\":\"Organization\",\"@id\":\"https:\\\/\\\/www.schellhammerinstitute.com\\\/#organization\",\"name\":\"Schellhammer Institute\",\"alternateName\":\"Schellhammer Institute\",\"url\":\"https:\\\/\\\/www.schellhammerinstitute.com\\\/\",\"logo\":{\"@type\":\"ImageObject\",\"inLanguage\":\"de\",\"@id\":\"https:\\\/\\\/www.schellhammerinstitute.com\\\/#\\\/schema\\\/logo\\\/image\\\/\",\"url\":\"https:\\\/\\\/www.schellhammerinstitute.com\\\/wp-content\\\/uploads\\\/cropped-4-Photoroom.png\",\"contentUrl\":\"https:\\\/\\\/www.schellhammerinstitute.com\\\/wp-content\\\/uploads\\\/cropped-4-Photoroom.png\",\"width\":902,\"height\":901,\"caption\":\"Schellhammer Institute\"},\"image\":{\"@id\":\"https:\\\/\\\/www.schellhammerinstitute.com\\\/#\\\/schema\\\/logo\\\/image\\\/\"},\"sameAs\":[\"https:\\\/\\\/www.facebook.com\\\/schellhammerinstitute\",\"https:\\\/\\\/www.instagram.com\\\/schellhammerinstitute\",\"https:\\\/\\\/www.linkedin.com\\\/company\\\/schellhammerinstitute\"]}]}<\/script>\n<!-- \/ Yoast SEO plugin. -->","yoast_head_json":{"title":"Dokumente | Schellhammer Institute","robots":{"index":"index","follow":"follow","max-snippet":"max-snippet:-1","max-image-preview":"max-image-preview:large","max-video-preview":"max-video-preview:-1"},"canonical":"https:\/\/www.schellhammerinstitute.com\/de\/dokumente\/","og_locale":"de_DE","og_type":"article","og_title":"Dokumente | Schellhammer Institute","og_description":"Historische Dokumente Im Alten Testament werden einige Propheten zwischen 200 und 800 v. Chr. erw\u00e4hnt. Es gibt keine authentischen Dokumente, die ihre Existenz belegen. Es gibt keine authentischen Dokumente, die die psychisch-geistigen Prozesse der Propheten belegen. Au\u00dferdem gibt es keine authentischen Dokumente, die ihre Lehren belegen. Einige archetypische Tr\u00e4ume im Alten Testament sind Anzeichen daf\u00fcr, [&hellip;]","og_url":"https:\/\/www.schellhammerinstitute.com\/de\/dokumente\/","og_site_name":"Schellhammer Institute","article_publisher":"https:\/\/www.facebook.com\/schellhammerinstitute","og_image":[{"width":1357,"height":1920,"url":"https:\/\/www.schellhammerinstitute.com\/wp-content\/uploads\/Schellhammer-LOGO-FINAL-high-quality-FINAL.pdf-4.webp","type":"image\/webp"}],"twitter_card":"summary_large_image","twitter_misc":{"Gesch\u00e4tzte Lesezeit":"2\u00a0Minuten"},"schema":{"@context":"https:\/\/schema.org","@graph":[{"@type":"WebPage","@id":"https:\/\/www.schellhammerinstitute.com\/de\/dokumente\/","url":"https:\/\/www.schellhammerinstitute.com\/de\/dokumente\/","name":"Dokumente | Schellhammer Institute","isPartOf":{"@id":"https:\/\/www.schellhammerinstitute.com\/#website"},"datePublished":"2018-11-12T10:27:02+00:00","breadcrumb":{"@id":"https:\/\/www.schellhammerinstitute.com\/de\/dokumente\/#breadcrumb"},"inLanguage":"de","potentialAction":[{"@type":"ReadAction","target":["https:\/\/www.schellhammerinstitute.com\/de\/dokumente\/"]}]},{"@type":"BreadcrumbList","@id":"https:\/\/www.schellhammerinstitute.com\/de\/dokumente\/#breadcrumb","itemListElement":[{"@type":"ListItem","position":1,"name":"Home","item":"https:\/\/www.schellhammerinstitute.com\/"},{"@type":"ListItem","position":2,"name":"Dokumente"}]},{"@type":"WebSite","@id":"https:\/\/www.schellhammerinstitute.com\/#website","url":"https:\/\/www.schellhammerinstitute.com\/","name":"Schellhammer-Institut","description":"Wir wollen die Welt zum Besseren ver\u00e4ndern","publisher":{"@id":"https:\/\/www.schellhammerinstitute.com\/#organization"},"alternateName":"The Schellhamer Institute","potentialAction":[{"@type":"SearchAction","target":{"@type":"EntryPoint","urlTemplate":"https:\/\/www.schellhammerinstitute.com\/?s={search_term_string}"},"query-input":{"@type":"PropertyValueSpecification","valueRequired":true,"valueName":"search_term_string"}}],"inLanguage":"de"},{"@type":"Organization","@id":"https:\/\/www.schellhammerinstitute.com\/#organization","name":"Schellhammer-Institut","alternateName":"Schellhammer Institute","url":"https:\/\/www.schellhammerinstitute.com\/","logo":{"@type":"ImageObject","inLanguage":"de","@id":"https:\/\/www.schellhammerinstitute.com\/#\/schema\/logo\/image\/","url":"https:\/\/www.schellhammerinstitute.com\/wp-content\/uploads\/cropped-4-Photoroom.png","contentUrl":"https:\/\/www.schellhammerinstitute.com\/wp-content\/uploads\/cropped-4-Photoroom.png","width":902,"height":901,"caption":"Schellhammer Institute"},"image":{"@id":"https:\/\/www.schellhammerinstitute.com\/#\/schema\/logo\/image\/"},"sameAs":["https:\/\/www.facebook.com\/schellhammerinstitute","https:\/\/www.instagram.com\/schellhammerinstitute","https:\/\/www.linkedin.com\/company\/schellhammerinstitute"]}]}},"jetpack_sharing_enabled":true,"_links":{"self":[{"href":"https:\/\/www.schellhammerinstitute.com\/de\/wp-json\/wp\/v2\/pages\/7693","targetHints":{"allow":["GET"]}}],"collection":[{"href":"https:\/\/www.schellhammerinstitute.com\/de\/wp-json\/wp\/v2\/pages"}],"about":[{"href":"https:\/\/www.schellhammerinstitute.com\/de\/wp-json\/wp\/v2\/types\/page"}],"author":[{"embeddable":true,"href":"https:\/\/www.schellhammerinstitute.com\/de\/wp-json\/wp\/v2\/users\/1"}],"replies":[{"embeddable":true,"href":"https:\/\/www.schellhammerinstitute.com\/de\/wp-json\/wp\/v2\/comments?post=7693"}],"version-history":[{"count":0,"href":"https:\/\/www.schellhammerinstitute.com\/de\/wp-json\/wp\/v2\/pages\/7693\/revisions"}],"wp:attachment":[{"href":"https:\/\/www.schellhammerinstitute.com\/de\/wp-json\/wp\/v2\/media?parent=7693"}],"curies":[{"name":"wp","href":"https:\/\/api.w.org\/{rel}","templated":true}]}}