{"id":7656,"date":"2018-11-01T09:24:46","date_gmt":"2018-11-01T09:24:46","guid":{"rendered":"https:\/\/www.schellhammerinstitute.com\/datenschutz\/"},"modified":"2018-11-01T09:24:46","modified_gmt":"2018-11-01T09:24:46","slug":"datenschutz","status":"publish","type":"page","link":"https:\/\/www.schellhammerinstitute.com\/de\/datenschutz\/","title":{"rendered":"Datenschutz"},"content":{"rendered":"<p style = \"text-align: justify;\"> <strong> DATENSCHUTZPOLITIK <\/strong> <\/p><\/p>\n<p style = \"text-align: justify;\"> Der Schutz der f\u00fcr SCHELLHAMMER INSTITUTE gesammelten personenbezogenen Daten und die Privatsph\u00e4re aller Teilnehmer ist f\u00fcr uns sehr wichtig. Unsere Datenschutz- und Datenschutzrichtlinie wurde erstellt, um die gesetzlichen und beh\u00f6rdlichen Anforderungen der europ\u00e4ischen Datenschutzrichtlinie und der nationalen Gesetzgebung zu erf\u00fcllen. Durch die Umsetzung dieser Ma\u00dfnahmen wird der Schutz der Daten und der Privatsph\u00e4re bei der Verarbeitung personenbezogener Daten und spezifischer Gesch\u00e4ftsdaten der betreffenden Person maximiert. <\/p><\/p>\n<p style = \"text-align: justify;\"> <strong> HAFTUNGSAUSSCHLUSS <\/strong> <\/p><\/p>\n<p style = \"text-align: justify;\"> In Erf\u00fcllung des \"Datenschutzgesetzes\" 15\/1999 vom 13. Dezember teilen wir Ihnen mit, dass die pers\u00f6nlichen Daten, die uns in diesem Formular zur Verf\u00fcgung gestellt werden, ausschlie\u00dflich zu diesem Zweck behandelt werden des SCHELLHAMMER INSTITUTE, verantwortlich f\u00fcr die Akte, Zwecke, das Versenden von Werbung, auch von Dritten, die f\u00fcr den Inhaber der Informationen von Interesse sein k\u00f6nnten. Alle im Formular enthaltenen Felder sind Pflichtfelder. Die Ablehnung der Angabe der Informationen setzt die Unm\u00f6glichkeit der bindenden Beziehung voraus, die durch das Ausf\u00fcllen dieses Antragsformulars vorget\u00e4uscht wird. Alle Informationen werden in eine automatisierte Datenbankdatei-Eigenschaft von SCHELLHAMMER INSTITUTE, C.C. aufgenommen. Vasari, 1, Urbanizacion Vasari-Alzambra, 29660 Nueva Andalucia, Marbella, Spanien. Sofern nicht anders angegeben, stimmt der Inhaber ausdr\u00fccklich der vollst\u00e4ndigen oder teilweisen automatisierten Behandlung der oben genannten Informationen zu, sofern dies f\u00fcr die angegebenen Zwecke als notwendig erachtet wird. In jedem Fall kann der Inhaber der Informationen sein Recht auf Zugang, Widerspruch, Berichtigung und L\u00f6schung in \u00dcbereinstimmung mit den geltenden Gesetzen aus\u00fcben, indem er ein Schreiben an das SCHELLHAMMER INSTITUTE an die zuvor genannte Adresse mit dem Vermerk \"Datenschutz\" sendet \"und Fotokopie ihrer ID oder eines gleichwertigen Dokuments als Identit\u00e4tsnachweis zur Verf\u00fcgung zu stellen und als g\u00fcltig zu betrachten, damit die f\u00fcr die Datei verantwortliche Person die ordnungsgem\u00e4\u00dfe Pr\u00fcfung durchf\u00fchren kann. <\/p><\/p>\n<p style = \"text-align: justify;\"> <\/p><\/p>","protected":false},"excerpt":{"rendered":"<p>DATENSCHUTZPOLITIK Der Schutz der f\u00fcr SCHELLHAMMER INSTITUTE gesammelten personenbezogenen Daten und die Privatsph\u00e4re aller Teilnehmer ist f\u00fcr uns sehr wichtig. Unsere Datenschutz- und Datenschutzrichtlinie wurde erstellt, um die gesetzlichen und beh\u00f6rdlichen Anforderungen der europ\u00e4ischen Datenschutzrichtlinie und der nationalen Gesetzgebung zu erf\u00fcllen. Durch die Umsetzung dieser Ma\u00dfnahmen wird der Schutz der Daten und der Privatsph\u00e4re bei [&hellip;]<\/p>\n","protected":false},"author":1,"featured_media":0,"parent":0,"menu_order":0,"comment_status":"closed","ping_status":"closed","template":"template-fullwidth.php","meta":{"saved_in_kubio":false,"footnotes":""},"class_list":["post-7656","page","type-page","status-publish","hentry"],"kubio_ai_page_context":{"short_desc":"","purpose":"general"},"yoast_head":"<!-- This site is optimized with the Yoast SEO plugin v27.4 - https:\/\/yoast.com\/product\/yoast-seo-wordpress\/ -->\n<title>Datenschutz | Schellhammer Institute<\/title>\n<meta name=\"robots\" content=\"index, follow, max-snippet:-1, max-image-preview:large, max-video-preview:-1\" \/>\n<link rel=\"canonical\" href=\"https:\/\/www.schellhammerinstitute.com\/de\/datenschutz\/\" \/>\n<meta property=\"og:locale\" content=\"de_DE\" \/>\n<meta property=\"og:type\" content=\"article\" \/>\n<meta property=\"og:title\" content=\"Datenschutz | Schellhammer Institute\" \/>\n<meta property=\"og:description\" content=\"DATENSCHUTZPOLITIK Der Schutz der f\u00fcr SCHELLHAMMER INSTITUTE gesammelten personenbezogenen Daten und die Privatsph\u00e4re aller Teilnehmer ist f\u00fcr uns sehr wichtig. Unsere Datenschutz- und Datenschutzrichtlinie wurde erstellt, um die gesetzlichen und beh\u00f6rdlichen Anforderungen der europ\u00e4ischen Datenschutzrichtlinie und der nationalen Gesetzgebung zu erf\u00fcllen. Durch die Umsetzung dieser Ma\u00dfnahmen wird der Schutz der Daten und der Privatsph\u00e4re bei [&hellip;]\" \/>\n<meta property=\"og:url\" content=\"https:\/\/www.schellhammerinstitute.com\/de\/datenschutz\/\" \/>\n<meta property=\"og:site_name\" content=\"Schellhammer Institute\" \/>\n<meta property=\"article:publisher\" content=\"https:\/\/www.facebook.com\/schellhammerinstitute\" \/>\n<meta property=\"og:image\" content=\"https:\/\/www.schellhammerinstitute.com\/wp-content\/uploads\/Schellhammer-LOGO-FINAL-high-quality-FINAL.pdf-4.webp\" \/>\n\t<meta property=\"og:image:width\" content=\"1357\" \/>\n\t<meta property=\"og:image:height\" content=\"1920\" \/>\n\t<meta property=\"og:image:type\" content=\"image\/webp\" \/>\n<meta name=\"twitter:card\" content=\"summary_large_image\" \/>\n<meta name=\"twitter:label1\" content=\"Gesch\u00e4tzte Lesezeit\" \/>\n\t<meta name=\"twitter:data1\" content=\"2\u00a0Minuten\" \/>\n<script type=\"application\/ld+json\" class=\"yoast-schema-graph\">{\"@context\":\"https:\\\/\\\/schema.org\",\"@graph\":[{\"@type\":\"WebPage\",\"@id\":\"https:\\\/\\\/www.schellhammerinstitute.com\\\/de\\\/datenschutz\\\/\",\"url\":\"https:\\\/\\\/www.schellhammerinstitute.com\\\/de\\\/datenschutz\\\/\",\"name\":\"Datenschutz | Schellhammer Institute\",\"isPartOf\":{\"@id\":\"https:\\\/\\\/www.schellhammerinstitute.com\\\/#website\"},\"datePublished\":\"2018-11-01T09:24:46+00:00\",\"breadcrumb\":{\"@id\":\"https:\\\/\\\/www.schellhammerinstitute.com\\\/de\\\/datenschutz\\\/#breadcrumb\"},\"inLanguage\":\"de\",\"potentialAction\":[{\"@type\":\"ReadAction\",\"target\":[\"https:\\\/\\\/www.schellhammerinstitute.com\\\/de\\\/datenschutz\\\/\"]}]},{\"@type\":\"BreadcrumbList\",\"@id\":\"https:\\\/\\\/www.schellhammerinstitute.com\\\/de\\\/datenschutz\\\/#breadcrumb\",\"itemListElement\":[{\"@type\":\"ListItem\",\"position\":1,\"name\":\"Home\",\"item\":\"https:\\\/\\\/www.schellhammerinstitute.com\\\/\"},{\"@type\":\"ListItem\",\"position\":2,\"name\":\"Datenschutz\"}]},{\"@type\":\"WebSite\",\"@id\":\"https:\\\/\\\/www.schellhammerinstitute.com\\\/#website\",\"url\":\"https:\\\/\\\/www.schellhammerinstitute.com\\\/\",\"name\":\"Schellhammer Institute\",\"description\":\"We want to change the world for the better\",\"publisher\":{\"@id\":\"https:\\\/\\\/www.schellhammerinstitute.com\\\/#organization\"},\"alternateName\":\"The Schellhamer Institute\",\"potentialAction\":[{\"@type\":\"SearchAction\",\"target\":{\"@type\":\"EntryPoint\",\"urlTemplate\":\"https:\\\/\\\/www.schellhammerinstitute.com\\\/?s={search_term_string}\"},\"query-input\":{\"@type\":\"PropertyValueSpecification\",\"valueRequired\":true,\"valueName\":\"search_term_string\"}}],\"inLanguage\":\"de\"},{\"@type\":\"Organization\",\"@id\":\"https:\\\/\\\/www.schellhammerinstitute.com\\\/#organization\",\"name\":\"Schellhammer Institute\",\"alternateName\":\"Schellhammer Institute\",\"url\":\"https:\\\/\\\/www.schellhammerinstitute.com\\\/\",\"logo\":{\"@type\":\"ImageObject\",\"inLanguage\":\"de\",\"@id\":\"https:\\\/\\\/www.schellhammerinstitute.com\\\/#\\\/schema\\\/logo\\\/image\\\/\",\"url\":\"https:\\\/\\\/www.schellhammerinstitute.com\\\/wp-content\\\/uploads\\\/cropped-4-Photoroom.png\",\"contentUrl\":\"https:\\\/\\\/www.schellhammerinstitute.com\\\/wp-content\\\/uploads\\\/cropped-4-Photoroom.png\",\"width\":902,\"height\":901,\"caption\":\"Schellhammer Institute\"},\"image\":{\"@id\":\"https:\\\/\\\/www.schellhammerinstitute.com\\\/#\\\/schema\\\/logo\\\/image\\\/\"},\"sameAs\":[\"https:\\\/\\\/www.facebook.com\\\/schellhammerinstitute\",\"https:\\\/\\\/www.instagram.com\\\/schellhammerinstitute\",\"https:\\\/\\\/www.linkedin.com\\\/company\\\/schellhammerinstitute\"]}]}<\/script>\n<!-- \/ Yoast SEO plugin. -->","yoast_head_json":{"title":"Datenschutz | Schellhammer Institute","robots":{"index":"index","follow":"follow","max-snippet":"max-snippet:-1","max-image-preview":"max-image-preview:large","max-video-preview":"max-video-preview:-1"},"canonical":"https:\/\/www.schellhammerinstitute.com\/de\/datenschutz\/","og_locale":"de_DE","og_type":"article","og_title":"Datenschutz | Schellhammer Institute","og_description":"DATENSCHUTZPOLITIK Der Schutz der f\u00fcr SCHELLHAMMER INSTITUTE gesammelten personenbezogenen Daten und die Privatsph\u00e4re aller Teilnehmer ist f\u00fcr uns sehr wichtig. Unsere Datenschutz- und Datenschutzrichtlinie wurde erstellt, um die gesetzlichen und beh\u00f6rdlichen Anforderungen der europ\u00e4ischen Datenschutzrichtlinie und der nationalen Gesetzgebung zu erf\u00fcllen. Durch die Umsetzung dieser Ma\u00dfnahmen wird der Schutz der Daten und der Privatsph\u00e4re bei [&hellip;]","og_url":"https:\/\/www.schellhammerinstitute.com\/de\/datenschutz\/","og_site_name":"Schellhammer Institute","article_publisher":"https:\/\/www.facebook.com\/schellhammerinstitute","og_image":[{"width":1357,"height":1920,"url":"https:\/\/www.schellhammerinstitute.com\/wp-content\/uploads\/Schellhammer-LOGO-FINAL-high-quality-FINAL.pdf-4.webp","type":"image\/webp"}],"twitter_card":"summary_large_image","twitter_misc":{"Gesch\u00e4tzte Lesezeit":"2\u00a0Minuten"},"schema":{"@context":"https:\/\/schema.org","@graph":[{"@type":"WebPage","@id":"https:\/\/www.schellhammerinstitute.com\/de\/datenschutz\/","url":"https:\/\/www.schellhammerinstitute.com\/de\/datenschutz\/","name":"Datenschutz | Schellhammer Institute","isPartOf":{"@id":"https:\/\/www.schellhammerinstitute.com\/#website"},"datePublished":"2018-11-01T09:24:46+00:00","breadcrumb":{"@id":"https:\/\/www.schellhammerinstitute.com\/de\/datenschutz\/#breadcrumb"},"inLanguage":"de","potentialAction":[{"@type":"ReadAction","target":["https:\/\/www.schellhammerinstitute.com\/de\/datenschutz\/"]}]},{"@type":"BreadcrumbList","@id":"https:\/\/www.schellhammerinstitute.com\/de\/datenschutz\/#breadcrumb","itemListElement":[{"@type":"ListItem","position":1,"name":"Home","item":"https:\/\/www.schellhammerinstitute.com\/"},{"@type":"ListItem","position":2,"name":"Datenschutz"}]},{"@type":"WebSite","@id":"https:\/\/www.schellhammerinstitute.com\/#website","url":"https:\/\/www.schellhammerinstitute.com\/","name":"Schellhammer-Institut","description":"Wir wollen die Welt zum Besseren ver\u00e4ndern","publisher":{"@id":"https:\/\/www.schellhammerinstitute.com\/#organization"},"alternateName":"The Schellhamer Institute","potentialAction":[{"@type":"SearchAction","target":{"@type":"EntryPoint","urlTemplate":"https:\/\/www.schellhammerinstitute.com\/?s={search_term_string}"},"query-input":{"@type":"PropertyValueSpecification","valueRequired":true,"valueName":"search_term_string"}}],"inLanguage":"de"},{"@type":"Organization","@id":"https:\/\/www.schellhammerinstitute.com\/#organization","name":"Schellhammer-Institut","alternateName":"Schellhammer Institute","url":"https:\/\/www.schellhammerinstitute.com\/","logo":{"@type":"ImageObject","inLanguage":"de","@id":"https:\/\/www.schellhammerinstitute.com\/#\/schema\/logo\/image\/","url":"https:\/\/www.schellhammerinstitute.com\/wp-content\/uploads\/cropped-4-Photoroom.png","contentUrl":"https:\/\/www.schellhammerinstitute.com\/wp-content\/uploads\/cropped-4-Photoroom.png","width":902,"height":901,"caption":"Schellhammer Institute"},"image":{"@id":"https:\/\/www.schellhammerinstitute.com\/#\/schema\/logo\/image\/"},"sameAs":["https:\/\/www.facebook.com\/schellhammerinstitute","https:\/\/www.instagram.com\/schellhammerinstitute","https:\/\/www.linkedin.com\/company\/schellhammerinstitute"]}]}},"jetpack_sharing_enabled":true,"_links":{"self":[{"href":"https:\/\/www.schellhammerinstitute.com\/de\/wp-json\/wp\/v2\/pages\/7656","targetHints":{"allow":["GET"]}}],"collection":[{"href":"https:\/\/www.schellhammerinstitute.com\/de\/wp-json\/wp\/v2\/pages"}],"about":[{"href":"https:\/\/www.schellhammerinstitute.com\/de\/wp-json\/wp\/v2\/types\/page"}],"author":[{"embeddable":true,"href":"https:\/\/www.schellhammerinstitute.com\/de\/wp-json\/wp\/v2\/users\/1"}],"replies":[{"embeddable":true,"href":"https:\/\/www.schellhammerinstitute.com\/de\/wp-json\/wp\/v2\/comments?post=7656"}],"version-history":[{"count":0,"href":"https:\/\/www.schellhammerinstitute.com\/de\/wp-json\/wp\/v2\/pages\/7656\/revisions"}],"wp:attachment":[{"href":"https:\/\/www.schellhammerinstitute.com\/de\/wp-json\/wp\/v2\/media?parent=7656"}],"curies":[{"name":"wp","href":"https:\/\/api.w.org\/{rel}","templated":true}]}}