{"id":6850,"date":"2017-03-22T08:32:17","date_gmt":"2017-03-22T08:32:17","guid":{"rendered":"http:\/\/www.schellhammerinstitute.com\/?page_id=6850"},"modified":"2017-03-22T08:32:46","modified_gmt":"2017-03-22T08:32:46","slug":"datenschutzbestimmungen","status":"publish","type":"page","link":"https:\/\/www.schellhammerinstitute.com\/de\/datenschutzbestimmungen\/","title":{"rendered":"Datenschutzbestimmungen"},"content":{"rendered":"<p style=\"text-align: justify;\"><strong>DATENSCHUTZPOLITIK<\/strong><\/p>\n<p style=\"text-align: justify;\">Der Schutz der f\u00fcr das SCHELLHAMMER INSTITUTE erhobenen personenbezogenen Daten und der Privatsph\u00e4re aller Teilnehmer ist uns sehr wichtig. Unsere Datenschutzrichtlinie wurde erstellt, um die rechtlichen und regulatorischen Anforderungen der Europ\u00e4ischen Datenschutzrichtlinie und der nationalen Gesetzgebung zu erf\u00fcllen. Die Umsetzung dieser Ma\u00dfnahmen soll den Schutz der Daten und der Privatsph\u00e4re bei der Verarbeitung personenbezogener Daten und spezifischer Gesch\u00e4ftsdaten maximieren, die sich auf den Einzelnen beziehen.<\/p>\n<p style=\"text-align: justify;\"><strong>HAFTUNGSAUSSCHLUSS<\/strong><\/p>\n<p style=\"text-align: justify;\">In Erf\u00fcllung des Datenschutzgesetzes 15\/1999 vom 13. Dezember teilen wir Ihnen mit, dass die pers\u00f6nlichen Daten, die Sie uns mit diesem Formular \u00fcbermitteln, ausschlie\u00dflich von SCHELLHAMMER INSTITUTE, dem Verantwortlichen f\u00fcr die Datei, f\u00fcr die Zusendung von Werbung, auch f\u00fcr Dritte, die f\u00fcr den Inhaber der Daten von Interesse sein k\u00f6nnten, verwendet werden. Alle im Formular enthaltenen Felder sind obligatorisch. Die Verweigerung der Angaben bedeutet die Unm\u00f6glichkeit der verbindlichen Beziehung, die durch das Ausf\u00fcllen dieses Formulars behauptet wird. Alle Informationen werden in einer automatisierten Datenbank gespeichert, die Eigentum von SCHELLHAMMER INSTITUTE, C.C. Vasari, 1, Urbanizacion Vasari-Alzambra, 29660 Nueva Andalucia, Marbella, Spanien ist. Ebenso stimmt der Inhaber der Daten ausdr\u00fccklich der vollst\u00e4ndigen oder teilweisen automatisierten Verarbeitung der oben genannten Informationen zu, sofern nicht anders mitgeteilt, solange dies f\u00fcr die angegebenen Zwecke als notwendig erachtet wird. In jedem Fall kann der Inhaber der Daten sein Recht auf Zugang, Einspruch, Berichtigung und L\u00f6schung in \u00dcbereinstimmung mit der geltenden Gesetzgebung aus\u00fcben, indem er ein Schreiben an SCHELLHAMMER INSTITUTE an die oben angegebene Adresse mit dem Vermerk \"Datenschutz\" schickt und eine Fotokopie seines Personalausweises oder eines gleichwertigen Dokuments als Identit\u00e4tsnachweis vorlegt, damit die f\u00fcr die Datei zust\u00e4ndige Person die ordnungsgem\u00e4\u00dfe \u00dcberpr\u00fcfung vornehmen kann.<\/p>\n<p style=\"text-align: justify;\">","protected":false},"excerpt":{"rendered":"<p>DATA PROTECTION POLICY To protect the personal data collected for SCHELLHAMMER INSTITUTE\u00a0and the privacy of all participants is very important for us. Our Data Protection and Privacy Policy is created to comply with legal and regulatory requirements established in the European Data Protection Directive and the national legislations. The implementation of those measures shall maximize [&hellip;]<\/p>\n","protected":false},"author":1,"featured_media":0,"parent":0,"menu_order":0,"comment_status":"closed","ping_status":"closed","template":"template-fullwidth.php","meta":{"saved_in_kubio":false,"footnotes":""},"class_list":["post-6850","page","type-page","status-publish","hentry"],"kubio_ai_page_context":{"short_desc":"","purpose":"general"},"yoast_head":"<!-- This site is optimized with the Yoast SEO plugin v27.3 - https:\/\/yoast.com\/product\/yoast-seo-wordpress\/ -->\n<title>Privacy Policy | Schellhammer Institute<\/title>\n<meta name=\"robots\" content=\"index, follow, max-snippet:-1, max-image-preview:large, max-video-preview:-1\" \/>\n<link rel=\"canonical\" href=\"https:\/\/www.schellhammerinstitute.com\/de\/datenschutzbestimmungen\/\" \/>\n<meta property=\"og:locale\" content=\"de_DE\" \/>\n<meta property=\"og:type\" content=\"article\" \/>\n<meta property=\"og:title\" content=\"Privacy Policy | Schellhammer Institute\" \/>\n<meta property=\"og:description\" content=\"DATA PROTECTION POLICY To protect the personal data collected for SCHELLHAMMER INSTITUTE\u00a0and the privacy of all participants is very important for us. Our Data Protection and Privacy Policy is created to comply with legal and regulatory requirements established in the European Data Protection Directive and the national legislations. The implementation of those measures shall maximize [&hellip;]\" \/>\n<meta property=\"og:url\" content=\"https:\/\/www.schellhammerinstitute.com\/de\/datenschutzbestimmungen\/\" \/>\n<meta property=\"og:site_name\" content=\"Schellhammer Institute\" \/>\n<meta property=\"article:publisher\" content=\"https:\/\/www.facebook.com\/schellhammerinstitute\" \/>\n<meta property=\"article:modified_time\" content=\"2017-03-22T08:32:46+00:00\" \/>\n<meta property=\"og:image\" content=\"https:\/\/www.schellhammerinstitute.com\/wp-content\/uploads\/Schellhammer-LOGO-FINAL-high-quality-FINAL.pdf-4.webp\" \/>\n\t<meta property=\"og:image:width\" content=\"1357\" \/>\n\t<meta property=\"og:image:height\" content=\"1920\" \/>\n\t<meta property=\"og:image:type\" content=\"image\/webp\" \/>\n<meta name=\"twitter:card\" content=\"summary_large_image\" \/>\n<meta name=\"twitter:label1\" content=\"Gesch\u00e4tzte Lesezeit\" \/>\n\t<meta name=\"twitter:data1\" content=\"1\u00a0Minute\" \/>\n<script type=\"application\/ld+json\" class=\"yoast-schema-graph\">{\"@context\":\"https:\\\/\\\/schema.org\",\"@graph\":[{\"@type\":\"WebPage\",\"@id\":\"https:\\\/\\\/www.schellhammerinstitute.com\\\/privacy-policy\\\/\",\"url\":\"https:\\\/\\\/www.schellhammerinstitute.com\\\/privacy-policy\\\/\",\"name\":\"Privacy Policy | Schellhammer Institute\",\"isPartOf\":{\"@id\":\"https:\\\/\\\/www.schellhammerinstitute.com\\\/#website\"},\"datePublished\":\"2017-03-22T08:32:17+00:00\",\"dateModified\":\"2017-03-22T08:32:46+00:00\",\"breadcrumb\":{\"@id\":\"https:\\\/\\\/www.schellhammerinstitute.com\\\/privacy-policy\\\/#breadcrumb\"},\"inLanguage\":\"de\",\"potentialAction\":[{\"@type\":\"ReadAction\",\"target\":[\"https:\\\/\\\/www.schellhammerinstitute.com\\\/privacy-policy\\\/\"]}]},{\"@type\":\"BreadcrumbList\",\"@id\":\"https:\\\/\\\/www.schellhammerinstitute.com\\\/privacy-policy\\\/#breadcrumb\",\"itemListElement\":[{\"@type\":\"ListItem\",\"position\":1,\"name\":\"Home\",\"item\":\"https:\\\/\\\/www.schellhammerinstitute.com\\\/\"},{\"@type\":\"ListItem\",\"position\":2,\"name\":\"Privacy Policy\"}]},{\"@type\":\"WebSite\",\"@id\":\"https:\\\/\\\/www.schellhammerinstitute.com\\\/#website\",\"url\":\"https:\\\/\\\/www.schellhammerinstitute.com\\\/\",\"name\":\"Schellhammer Institute\",\"description\":\"We want to change the world for the better\",\"publisher\":{\"@id\":\"https:\\\/\\\/www.schellhammerinstitute.com\\\/#organization\"},\"alternateName\":\"The Schellhamer Institute\",\"potentialAction\":[{\"@type\":\"SearchAction\",\"target\":{\"@type\":\"EntryPoint\",\"urlTemplate\":\"https:\\\/\\\/www.schellhammerinstitute.com\\\/?s={search_term_string}\"},\"query-input\":{\"@type\":\"PropertyValueSpecification\",\"valueRequired\":true,\"valueName\":\"search_term_string\"}}],\"inLanguage\":\"de\"},{\"@type\":\"Organization\",\"@id\":\"https:\\\/\\\/www.schellhammerinstitute.com\\\/#organization\",\"name\":\"Schellhammer Institute\",\"alternateName\":\"Schellhammer Institute\",\"url\":\"https:\\\/\\\/www.schellhammerinstitute.com\\\/\",\"logo\":{\"@type\":\"ImageObject\",\"inLanguage\":\"de\",\"@id\":\"https:\\\/\\\/www.schellhammerinstitute.com\\\/#\\\/schema\\\/logo\\\/image\\\/\",\"url\":\"https:\\\/\\\/www.schellhammerinstitute.com\\\/wp-content\\\/uploads\\\/cropped-4-Photoroom.png\",\"contentUrl\":\"https:\\\/\\\/www.schellhammerinstitute.com\\\/wp-content\\\/uploads\\\/cropped-4-Photoroom.png\",\"width\":902,\"height\":901,\"caption\":\"Schellhammer Institute\"},\"image\":{\"@id\":\"https:\\\/\\\/www.schellhammerinstitute.com\\\/#\\\/schema\\\/logo\\\/image\\\/\"},\"sameAs\":[\"https:\\\/\\\/www.facebook.com\\\/schellhammerinstitute\",\"https:\\\/\\\/www.instagram.com\\\/schellhammerinstitute\",\"https:\\\/\\\/www.linkedin.com\\\/company\\\/schellhammerinstitute\"]}]}<\/script>\n<!-- \/ Yoast SEO plugin. -->","yoast_head_json":{"title":"Privacy Policy | Schellhammer Institute","robots":{"index":"index","follow":"follow","max-snippet":"max-snippet:-1","max-image-preview":"max-image-preview:large","max-video-preview":"max-video-preview:-1"},"canonical":"https:\/\/www.schellhammerinstitute.com\/de\/datenschutzbestimmungen\/","og_locale":"de_DE","og_type":"article","og_title":"Privacy Policy | Schellhammer Institute","og_description":"DATA PROTECTION POLICY To protect the personal data collected for SCHELLHAMMER INSTITUTE\u00a0and the privacy of all participants is very important for us. Our Data Protection and Privacy Policy is created to comply with legal and regulatory requirements established in the European Data Protection Directive and the national legislations. The implementation of those measures shall maximize [&hellip;]","og_url":"https:\/\/www.schellhammerinstitute.com\/de\/datenschutzbestimmungen\/","og_site_name":"Schellhammer Institute","article_publisher":"https:\/\/www.facebook.com\/schellhammerinstitute","article_modified_time":"2017-03-22T08:32:46+00:00","og_image":[{"width":1357,"height":1920,"url":"https:\/\/www.schellhammerinstitute.com\/wp-content\/uploads\/Schellhammer-LOGO-FINAL-high-quality-FINAL.pdf-4.webp","type":"image\/webp"}],"twitter_card":"summary_large_image","twitter_misc":{"Gesch\u00e4tzte Lesezeit":"1\u00a0Minute"},"schema":{"@context":"https:\/\/schema.org","@graph":[{"@type":"WebPage","@id":"https:\/\/www.schellhammerinstitute.com\/privacy-policy\/","url":"https:\/\/www.schellhammerinstitute.com\/privacy-policy\/","name":"Privacy Policy | Schellhammer Institute","isPartOf":{"@id":"https:\/\/www.schellhammerinstitute.com\/#website"},"datePublished":"2017-03-22T08:32:17+00:00","dateModified":"2017-03-22T08:32:46+00:00","breadcrumb":{"@id":"https:\/\/www.schellhammerinstitute.com\/privacy-policy\/#breadcrumb"},"inLanguage":"de","potentialAction":[{"@type":"ReadAction","target":["https:\/\/www.schellhammerinstitute.com\/privacy-policy\/"]}]},{"@type":"BreadcrumbList","@id":"https:\/\/www.schellhammerinstitute.com\/privacy-policy\/#breadcrumb","itemListElement":[{"@type":"ListItem","position":1,"name":"Home","item":"https:\/\/www.schellhammerinstitute.com\/"},{"@type":"ListItem","position":2,"name":"Privacy Policy"}]},{"@type":"WebSite","@id":"https:\/\/www.schellhammerinstitute.com\/#website","url":"https:\/\/www.schellhammerinstitute.com\/","name":"Schellhammer-Institut","description":"Wir wollen die Welt zum Besseren ver\u00e4ndern","publisher":{"@id":"https:\/\/www.schellhammerinstitute.com\/#organization"},"alternateName":"The Schellhamer Institute","potentialAction":[{"@type":"SearchAction","target":{"@type":"EntryPoint","urlTemplate":"https:\/\/www.schellhammerinstitute.com\/?s={search_term_string}"},"query-input":{"@type":"PropertyValueSpecification","valueRequired":true,"valueName":"search_term_string"}}],"inLanguage":"de"},{"@type":"Organization","@id":"https:\/\/www.schellhammerinstitute.com\/#organization","name":"Schellhammer-Institut","alternateName":"Schellhammer Institute","url":"https:\/\/www.schellhammerinstitute.com\/","logo":{"@type":"ImageObject","inLanguage":"de","@id":"https:\/\/www.schellhammerinstitute.com\/#\/schema\/logo\/image\/","url":"https:\/\/www.schellhammerinstitute.com\/wp-content\/uploads\/cropped-4-Photoroom.png","contentUrl":"https:\/\/www.schellhammerinstitute.com\/wp-content\/uploads\/cropped-4-Photoroom.png","width":902,"height":901,"caption":"Schellhammer Institute"},"image":{"@id":"https:\/\/www.schellhammerinstitute.com\/#\/schema\/logo\/image\/"},"sameAs":["https:\/\/www.facebook.com\/schellhammerinstitute","https:\/\/www.instagram.com\/schellhammerinstitute","https:\/\/www.linkedin.com\/company\/schellhammerinstitute"]}]}},"jetpack_sharing_enabled":true,"_links":{"self":[{"href":"https:\/\/www.schellhammerinstitute.com\/de\/wp-json\/wp\/v2\/pages\/6850","targetHints":{"allow":["GET"]}}],"collection":[{"href":"https:\/\/www.schellhammerinstitute.com\/de\/wp-json\/wp\/v2\/pages"}],"about":[{"href":"https:\/\/www.schellhammerinstitute.com\/de\/wp-json\/wp\/v2\/types\/page"}],"author":[{"embeddable":true,"href":"https:\/\/www.schellhammerinstitute.com\/de\/wp-json\/wp\/v2\/users\/1"}],"replies":[{"embeddable":true,"href":"https:\/\/www.schellhammerinstitute.com\/de\/wp-json\/wp\/v2\/comments?post=6850"}],"version-history":[{"count":0,"href":"https:\/\/www.schellhammerinstitute.com\/de\/wp-json\/wp\/v2\/pages\/6850\/revisions"}],"wp:attachment":[{"href":"https:\/\/www.schellhammerinstitute.com\/de\/wp-json\/wp\/v2\/media?parent=6850"}],"curies":[{"name":"wp","href":"https:\/\/api.w.org\/{rel}","templated":true}]}}