{"id":14341,"date":"2024-03-08T11:26:58","date_gmt":"2024-03-08T11:26:58","guid":{"rendered":"https:\/\/www.schellhammerinstitute.com\/?page_id=14341"},"modified":"2024-03-08T11:30:18","modified_gmt":"2024-03-08T11:30:18","slug":"mitgefuhl-neu-beleben-ein-weg-zu-einheit-und-verstandnis-in-unserer-zeit-2","status":"publish","type":"page","link":"https:\/\/www.schellhammerinstitute.com\/de\/mitgefuhl-neu-beleben-ein-weg-zu-einheit-und-verstandnis-in-unserer-zeit-2\/","title":{"rendered":"Wiederbelebung des Mitgef\u00fchls: Ein Weg zu Einheit und Verst\u00e4ndigung in unserer Zeit."},"content":{"rendered":"<header>\n<h1 class=\"text-display-large-bold pt6\" dir=\"ltr\"><span data-scaffold-immersive-reader-title=\"\">Wiederbelebung des Mitgef\u00fchls: Ein Weg zu Einheit und Verst\u00e4ndigung in unserer Zeit.<\/span><\/h1>\n<\/header>\n<div class=\"relative reader__grid mt6\">\n<div data-scaffold-immersive-reader-content=\"\">\n<div>\n<div class=\"reader-article-content reader-article-content--content-blocks\" dir=\"ltr\">\n<h3 id=\"ember501\" class=\"ember-view\">Die Weisheit der Zeitalter: Die R\u00fcckgewinnung unserer grundlegenden Werte der Freundlichkeit<\/h3>\n<p id=\"ember502\" class=\"ember-view reader-content-blocks__paragraph\">Ich habe mir gerade eine interessante Rede von Simon Sinek angeh\u00f6rt. Genau wie das Schellhammer-Institut fordert er die Menschen auf, sich mit der nackten Realit\u00e4t auseinanderzusetzen, dass sich unsere moderne Gesellschaft von grundlegenden menschlichen Werten wie Empathie, Verst\u00e4ndnis und echter F\u00fcrsorge f\u00fcreinander entfernt hat. Genau wie das Schellhammer-Institut vermittelt er eine fesselnde Erz\u00e4hlung, die nicht nur die Symptome unseres ungl\u00fccklichen kollektiven Zustands aufzeigt, sondern auch die Wurzeln dieser Probleme auf ganz bestimmte Ver\u00e4nderungen in der Gesellschaft zur\u00fcckf\u00fchrt. Genau wie das Schellhammer-Institut bietet er Einsichten, die ebenso erhellend wie beunruhigend sind. Seine Beobachtungen erinnern uns eindringlich an die Werte, die von philosophischen Titanen wie Sokrates und Platon propagiert wurden - Werte, die uns in der heutigen egozentrischen, wettbewerbsorientierten Welt zunehmend fremd erscheinen. Eine Welt, in der sofortige Befriedigung die Norm ist.<\/p>\n<p id=\"ember503\" class=\"ember-view reader-content-blocks__paragraph\">Man k\u00f6nnte behaupten, dass nicht nur die j\u00fcngere Generation unter diesem Problem leidet. Nicht nur die Generation Z... diejenigen, die aufgewachsen sind, ohne zu wissen, wie es ist, eine Woche auf die Antwort auf einen handgeschriebenen Brief an einen Brieffreund zu warten, die Aufregung, eine ganze Woche auf die n\u00e4chste Folge unserer Lieblingsserie zu warten, und dann das Vergn\u00fcgen, tats\u00e4chlich \u00fcber diese gemeinsame Folge zu sprechen, die wir zur gleichen Zeit, wenn auch in verschiedenen Wohnungen, mit unseren engen Freunden gesehen haben... von Angesicht zu Angesicht... nicht \u00fcber WhatsApp! K\u00f6nnte es sein, dass wir alle Teil der kollektiven Erg\u00e4nzung sind?<\/p>\n<p id=\"ember504\" class=\"ember-view reader-content-blocks__paragraph\">Es ist eine bedauerliche Tatsache, dass das unerbittliche Streben nach individuellem Erfolg die Tugenden des kollektiven Wohlbefindens und der gegenseitigen Unterst\u00fctzung in den Hintergrund gedr\u00e4ngt hat. Wir leben in einer Welt, die von Status und Leistung besessen ist; F\u00fchrung war schon immer eine Kunst, nicht nur eine Stellenbeschreibung. Es scheint jedoch, dass wir uns der Tatsache bewusst werden m\u00fcssen, dass diese Kunst der F\u00fchrung auf eine blo\u00dfe Position reduziert wurde und nicht auf die Verantwortung gegen\u00fcber denjenigen, die die F\u00fchrungskraft f\u00fchrt. Wir haben Manager und keine F\u00fchrungskr\u00e4fte. Geht es bei wahrer F\u00fchrung nicht darum, sich um die zu k\u00fcmmern, die wir f\u00fchren, Vertrauen zu schaffen und Zusammenarbeit zu f\u00f6rdern? Dies sind Grunds\u00e4tze, die in vielen zeitgen\u00f6ssischen organisatorischen und grundlegenden sozialen Strukturen zutiefst vermisst werden.<\/p>\n<h3 id=\"ember505\" class=\"ember-view\">Das Labyrinth der sozialen Medien: Die Identit\u00e4t von Teenagern im Zeitalter der Likes<\/h3>\n<p id=\"ember506\" class=\"ember-view reader-content-blocks__paragraph\">Wie steht es also mit den sch\u00e4dlichen Auswirkungen der modernen Technologie und der sozialen Medien auf unsere gesamte Bev\u00f6lkerung? Bedauern Sie die Jugendlichen von heute, die Erwachsenen, die sie in Zukunft sein werden, und die Welt, zu der sie geh\u00f6ren werden, denn sie haben keine Alternative erfahren. Welche Ver\u00e4nderungen in der Gesellschaft wird dieses s\u00fcchtig machende Streben nach dopamingesteuerter Best\u00e4tigung bewirken?<\/p>\n<p id=\"ember507\" class=\"ember-view reader-content-blocks__paragraph\">Gegenw\u00e4rtig k\u00f6nnen wir feststellen, dass dies zu einer Generation gef\u00fchrt hat, die st\u00e4rker vernetzt ist als je zuvor und dennoch zutiefst isoliert ist, der es an Selbstwertgef\u00fchl mangelt und die mehr oder weniger unf\u00e4hig ist, echte menschliche Beziehungen aufzubauen. Je nachdem, wie sie diese Technologien nutzen. Das Ausma\u00df, in dem diese digitalen Interaktionen die bedeutungsvollen, pers\u00f6nlichen Interaktionen, die Empathie und Verst\u00e4ndnis f\u00f6rdern, verdr\u00e4ngt haben, muss hervorgehoben werden. Sie haben tiefe Freundschaften durch oberfl\u00e4chliche Sympathien ersetzt. Sie haben die Menschen nicht n\u00e4her zusammengebracht, sondern Trennungsangst gesch\u00fcrt. Das Ph\u00e4nomen wurde sogar mit dem Begriff \"FOMO\" (fear of missing out) bezeichnet.<\/p>\n<p id=\"ember508\" class=\"ember-view reader-content-blocks__paragraph\">Oberfl\u00e4chlichkeit gibt es zuhauf, und wir als Nutzer im Allgemeinen, insbesondere Teenager und sogar j\u00fcngere Kinder, haben nicht nur Angst, von Gleichaltrigen nicht akzeptiert zu werden, sondern auch von der Welt nicht akzeptiert zu werden. Was f\u00fcr ein Druck entsteht dadurch auf die Menschen? Wie sollen wir jemals verstehen, wer wir im Inneren sind, wenn wir st\u00e4ndig gezwungen sind, so zu sein, wie wir glauben, dass alle anderen uns haben wollen? Wir haben die Verbindung dazu verloren, wer wir wirklich sind und warum wir wirklich hier sind. Wir haben die Verbindung zu unserem wahren Daseinszweck auf dieser kleinen, vor\u00fcbergehenden Heimat, die wir Erde nennen, verloren.<\/p>\n<p id=\"ember509\" class=\"ember-view reader-content-blocks__paragraph\">Noch besorgniserregender ist vielleicht, wie die im Internet verwendeten Algorithmen Echokammern schaffen, in denen den Verbrauchern und der \u00d6ffentlichkeit ein immer extremistischeres Angebot gemacht wird, das sie in einer starren Denkweise gefangen h\u00e4lt. Dadurch wird es immer schwieriger, sich in Menschen mit anderen Meinungen einzuf\u00fchlen, was zu einem extremistischen Zustand der Gesellschaft f\u00fchrt. Welche Auswirkungen k\u00f6nnte dies in der Zukunft haben? Eine der gr\u00f6\u00dften Gefahren, denen die Menschheit derzeit ausgesetzt ist und die langfristig bestehen bleiben wird, sind die Auswirkungen von Fake News, Desinformation und einer falsch informierten Gesellschaft.<\/p>\n<h3 id=\"ember510\" class=\"ember-view\">Fehlgeleitete Lehren: Die Verwandlung religi\u00f6ser Einsichten in ein Dogma<\/h3>\n<p id=\"ember511\" class=\"ember-view reader-content-blocks__paragraph\">Diese Gedanken lassen sich auch auf den Bereich der religi\u00f6sen F\u00fchrung \u00fcbertragen. Die urspr\u00fcnglichen Lehren der gro\u00dfen Religionen sind zu starren Dogmen verzerrt worden. Diese Dogmen dienen oft dazu, die Anh\u00e4nger zu kontrollieren und zu manipulieren, und fl\u00f6\u00dfen eher Angst ein, als dass sie einen echten Sinn f\u00fcr Gemeinschaft und F\u00fcrsorge f\u00fcreinander f\u00f6rdern.<\/p>\n<p id=\"ember512\" class=\"ember-view reader-content-blocks__paragraph\">Au\u00dferdem gibt es eine \u00fcberzeugende Parallele zwischen dem \"ewigen Spiel\" in der Wirtschaft und dem Spiel des Lebens selbst. Wir sollten uns f\u00fcr einen Wechsel von einer endlichen Denkweise - die sich darauf konzentriert, zu gewinnen und andere zu schlagen - zu einer unendlichen Denkweise einsetzen, die kontinuierliches pers\u00f6nliches Wachstum, Zusammenarbeit und die Aufrechterhaltung gemeinsamer Werte sch\u00e4tzt. Wahre Erf\u00fcllung und Weisheit entstehen nicht dadurch, dass wir andere \u00fcbertrumpfen, sondern dadurch, dass wir danach streben, die beste Version von uns selbst zu werden und so zu einem Kreislauf des st\u00e4ndigen Lernens und der Selbstverbesserung beitragen.<\/p>\n<h3 id=\"ember513\" class=\"ember-view\">Das ultimative Spiel des Lebens: Jenseits des Wettbewerbs zu Selbstverbesserung und Erleuchtung<\/h3>\n<p id=\"ember514\" class=\"ember-view reader-content-blocks__paragraph\">Im Wesentlichen ist dies ein Aufruf zum Handeln, um die grundlegenden menschlichen Werte, die die Zivilisationen \u00fcber Jahrtausende hinweg aufrechterhalten haben, wiederzuentdecken und sich zu eigen zu machen. Es fordert uns auf, \u00fcber unsere Priorit\u00e4ten nachzudenken, unsere Definitionen von Erfolg zu \u00fcberdenken und unsere angeborene F\u00e4higkeit zu Empathie, Verst\u00e4ndnis und echter F\u00fcrsorge wiederzubeleben. Dabei diagnostiziert es nicht nur die Schwierigkeiten, unter denen die moderne Gesellschaft leidet, sondern bietet auch einen Hoffnungsschimmer f\u00fcr die R\u00fcckgewinnung des reichen philosophischen Erbes, das einst menschliche Spitzenleistungen definierte.<\/p>\n<p id=\"ember515\" class=\"ember-view reader-content-blocks__paragraph\">Das ist kein einfacher Prozess, denn wir m\u00fcssen erkennen, dass dies in der Vergangenheit schon viele Male versucht wurde und die Gesellschaft dabei versagt hat. Wir m\u00fcssen die Wurzeln unseres inneren Wesens ver\u00e4ndern, um eine wirklich dauerhafte L\u00f6sung zu finden. Wahres Einf\u00fchlungsverm\u00f6gen ist keine einfache F\u00e4higkeit. Es ist eine Saat, die tief in jedem von uns gepflanzt werden muss, und sie sollte gepflegt werden, bis wir von einem tausendj\u00e4hrigen Wald umgeben sind, den nicht einmal die heftigsten Waldbr\u00e4nde zerst\u00f6ren k\u00f6nnen.<\/p>\n<\/div>\n<\/div>\n<\/div>\n<\/div>","protected":false},"excerpt":{"rendered":"<p>Reviving Compassion: A Path to Unity and Understanding in Our Time. Wisdom of the Ages: Reclaiming Our Fundamental Values of Kindness I have just finished listening to an interesting speech given by Simon Sinek. Just like Schellhammer Institute, he urges people to confront the stark reality of our modern society&#8217;s detachment from essential human values [&hellip;]<\/p>\n","protected":false},"author":5,"featured_media":11840,"parent":0,"menu_order":0,"comment_status":"closed","ping_status":"closed","template":"","meta":{"saved_in_kubio":false,"footnotes":""},"class_list":["post-14341","page","type-page","status-publish","has-post-thumbnail","hentry"],"kubio_ai_page_context":{"short_desc":"","purpose":"general"},"yoast_head":"<!-- This site is optimized with the Yoast SEO plugin v27.4 - https:\/\/yoast.com\/product\/yoast-seo-wordpress\/ -->\n<title>Reviving Compassion: A Path to Unity and Understanding in Our Time. | Schellhammer Institute<\/title>\n<meta name=\"description\" content=\"Explore the profound insights of the Schellhammer Institute&#039;s article on reviving compassion, unity, and understanding in modern times. Delve into the critical examination of our society&#039;s drift from essential human values, the impact of social media on genuine connections, and the transformative power of embracing fundamental kindness and empathy to foster a harmonious world.\" \/>\n<meta name=\"robots\" content=\"index, follow, max-snippet:-1, max-image-preview:large, max-video-preview:-1\" \/>\n<link rel=\"canonical\" href=\"https:\/\/www.schellhammerinstitute.com\/de\/mitgefuhl-neu-beleben-ein-weg-zu-einheit-und-verstandnis-in-unserer-zeit-2\/\" \/>\n<meta property=\"og:locale\" content=\"de_DE\" \/>\n<meta property=\"og:type\" content=\"article\" \/>\n<meta property=\"og:title\" content=\"Reviving Compassion: A Path to Unity and Understanding in Our Time. | Schellhammer Institute\" \/>\n<meta property=\"og:description\" content=\"Explore the profound insights of the Schellhammer Institute&#039;s article on reviving compassion, unity, and understanding in modern times. Delve into the critical examination of our society&#039;s drift from essential human values, the impact of social media on genuine connections, and the transformative power of embracing fundamental kindness and empathy to foster a harmonious world.\" \/>\n<meta property=\"og:url\" content=\"https:\/\/www.schellhammerinstitute.com\/de\/mitgefuhl-neu-beleben-ein-weg-zu-einheit-und-verstandnis-in-unserer-zeit-2\/\" \/>\n<meta property=\"og:site_name\" content=\"Schellhammer Institute\" \/>\n<meta property=\"article:publisher\" content=\"https:\/\/www.facebook.com\/schellhammerinstitute\" \/>\n<meta property=\"article:modified_time\" content=\"2024-03-08T11:30:18+00:00\" \/>\n<meta property=\"og:image\" content=\"https:\/\/www.schellhammerinstitute.com\/wp-content\/uploads\/iStock-599772226.jpg\" \/>\n\t<meta property=\"og:image:width\" content=\"1254\" \/>\n\t<meta property=\"og:image:height\" content=\"836\" \/>\n\t<meta property=\"og:image:type\" content=\"image\/jpeg\" \/>\n<meta name=\"twitter:card\" content=\"summary_large_image\" \/>\n<meta name=\"twitter:label1\" content=\"Gesch\u00e4tzte Lesezeit\" \/>\n\t<meta name=\"twitter:data1\" content=\"5\u00a0Minuten\" \/>\n<script type=\"application\/ld+json\" class=\"yoast-schema-graph\">{\"@context\":\"https:\\\/\\\/schema.org\",\"@graph\":[{\"@type\":\"WebPage\",\"@id\":\"https:\\\/\\\/www.schellhammerinstitute.com\\\/reviving-compassion-a-path-to-unity-and-understanding-in-our-time\\\/\",\"url\":\"https:\\\/\\\/www.schellhammerinstitute.com\\\/reviving-compassion-a-path-to-unity-and-understanding-in-our-time\\\/\",\"name\":\"Reviving Compassion: A Path to Unity and Understanding in Our Time. | Schellhammer Institute\",\"isPartOf\":{\"@id\":\"https:\\\/\\\/www.schellhammerinstitute.com\\\/#website\"},\"primaryImageOfPage\":{\"@id\":\"https:\\\/\\\/www.schellhammerinstitute.com\\\/reviving-compassion-a-path-to-unity-and-understanding-in-our-time\\\/#primaryimage\"},\"image\":{\"@id\":\"https:\\\/\\\/www.schellhammerinstitute.com\\\/reviving-compassion-a-path-to-unity-and-understanding-in-our-time\\\/#primaryimage\"},\"thumbnailUrl\":\"https:\\\/\\\/www.schellhammerinstitute.com\\\/wp-content\\\/uploads\\\/iStock-599772226-e1709898014550.jpg\",\"datePublished\":\"2024-03-08T11:26:58+00:00\",\"dateModified\":\"2024-03-08T11:30:18+00:00\",\"description\":\"Explore the profound insights of the Schellhammer Institute's article on reviving compassion, unity, and understanding in modern times. Delve into the critical examination of our society's drift from essential human values, the impact of social media on genuine connections, and the transformative power of embracing fundamental kindness and empathy to foster a harmonious world.\",\"breadcrumb\":{\"@id\":\"https:\\\/\\\/www.schellhammerinstitute.com\\\/reviving-compassion-a-path-to-unity-and-understanding-in-our-time\\\/#breadcrumb\"},\"inLanguage\":\"de\",\"potentialAction\":[{\"@type\":\"ReadAction\",\"target\":[\"https:\\\/\\\/www.schellhammerinstitute.com\\\/reviving-compassion-a-path-to-unity-and-understanding-in-our-time\\\/\"]}]},{\"@type\":\"ImageObject\",\"inLanguage\":\"de\",\"@id\":\"https:\\\/\\\/www.schellhammerinstitute.com\\\/reviving-compassion-a-path-to-unity-and-understanding-in-our-time\\\/#primaryimage\",\"url\":\"https:\\\/\\\/www.schellhammerinstitute.com\\\/wp-content\\\/uploads\\\/iStock-599772226-e1709898014550.jpg\",\"contentUrl\":\"https:\\\/\\\/www.schellhammerinstitute.com\\\/wp-content\\\/uploads\\\/iStock-599772226-e1709898014550.jpg\",\"width\":1254,\"height\":662,\"caption\":\"Holding hands open with glowing lights on dark background\"},{\"@type\":\"BreadcrumbList\",\"@id\":\"https:\\\/\\\/www.schellhammerinstitute.com\\\/reviving-compassion-a-path-to-unity-and-understanding-in-our-time\\\/#breadcrumb\",\"itemListElement\":[{\"@type\":\"ListItem\",\"position\":1,\"name\":\"Home\",\"item\":\"https:\\\/\\\/www.schellhammerinstitute.com\\\/\"},{\"@type\":\"ListItem\",\"position\":2,\"name\":\"Reviving Compassion: A Path to Unity and Understanding in Our Time.\"}]},{\"@type\":\"WebSite\",\"@id\":\"https:\\\/\\\/www.schellhammerinstitute.com\\\/#website\",\"url\":\"https:\\\/\\\/www.schellhammerinstitute.com\\\/\",\"name\":\"Schellhammer Institute\",\"description\":\"We want to change the world for the better\",\"publisher\":{\"@id\":\"https:\\\/\\\/www.schellhammerinstitute.com\\\/#organization\"},\"alternateName\":\"The Schellhamer Institute\",\"potentialAction\":[{\"@type\":\"SearchAction\",\"target\":{\"@type\":\"EntryPoint\",\"urlTemplate\":\"https:\\\/\\\/www.schellhammerinstitute.com\\\/?s={search_term_string}\"},\"query-input\":{\"@type\":\"PropertyValueSpecification\",\"valueRequired\":true,\"valueName\":\"search_term_string\"}}],\"inLanguage\":\"de\"},{\"@type\":\"Organization\",\"@id\":\"https:\\\/\\\/www.schellhammerinstitute.com\\\/#organization\",\"name\":\"Schellhammer Institute\",\"alternateName\":\"Schellhammer Institute\",\"url\":\"https:\\\/\\\/www.schellhammerinstitute.com\\\/\",\"logo\":{\"@type\":\"ImageObject\",\"inLanguage\":\"de\",\"@id\":\"https:\\\/\\\/www.schellhammerinstitute.com\\\/#\\\/schema\\\/logo\\\/image\\\/\",\"url\":\"https:\\\/\\\/www.schellhammerinstitute.com\\\/wp-content\\\/uploads\\\/cropped-4-Photoroom.png\",\"contentUrl\":\"https:\\\/\\\/www.schellhammerinstitute.com\\\/wp-content\\\/uploads\\\/cropped-4-Photoroom.png\",\"width\":902,\"height\":901,\"caption\":\"Schellhammer Institute\"},\"image\":{\"@id\":\"https:\\\/\\\/www.schellhammerinstitute.com\\\/#\\\/schema\\\/logo\\\/image\\\/\"},\"sameAs\":[\"https:\\\/\\\/www.facebook.com\\\/schellhammerinstitute\",\"https:\\\/\\\/www.instagram.com\\\/schellhammerinstitute\",\"https:\\\/\\\/www.linkedin.com\\\/company\\\/schellhammerinstitute\"]}]}<\/script>\n<!-- \/ Yoast SEO plugin. -->","yoast_head_json":{"title":"Reviving Compassion: A Path to Unity and Understanding in Our Time. | Schellhammer Institute","description":"Entdecken Sie die tiefgreifenden Erkenntnisse des Artikels des Schellhammer-Instituts \u00fcber die Wiederbelebung von Mitgef\u00fchl, Einheit und Verst\u00e4ndnis in der modernen Zeit. Setzen Sie sich kritisch mit dem Abdriften unserer Gesellschaft von grundlegenden menschlichen Werten auseinander, mit den Auswirkungen der sozialen Medien auf echte Verbindungen und mit der transformativen Kraft, die sich aus der Annahme grundlegender Freundlichkeit und Empathie ergibt, um eine harmonische Welt zu f\u00f6rdern.","robots":{"index":"index","follow":"follow","max-snippet":"max-snippet:-1","max-image-preview":"max-image-preview:large","max-video-preview":"max-video-preview:-1"},"canonical":"https:\/\/www.schellhammerinstitute.com\/de\/mitgefuhl-neu-beleben-ein-weg-zu-einheit-und-verstandnis-in-unserer-zeit-2\/","og_locale":"de_DE","og_type":"article","og_title":"Reviving Compassion: A Path to Unity and Understanding in Our Time. | Schellhammer Institute","og_description":"Explore the profound insights of the Schellhammer Institute's article on reviving compassion, unity, and understanding in modern times. Delve into the critical examination of our society's drift from essential human values, the impact of social media on genuine connections, and the transformative power of embracing fundamental kindness and empathy to foster a harmonious world.","og_url":"https:\/\/www.schellhammerinstitute.com\/de\/mitgefuhl-neu-beleben-ein-weg-zu-einheit-und-verstandnis-in-unserer-zeit-2\/","og_site_name":"Schellhammer Institute","article_publisher":"https:\/\/www.facebook.com\/schellhammerinstitute","article_modified_time":"2024-03-08T11:30:18+00:00","og_image":[{"width":1254,"height":836,"url":"https:\/\/www.schellhammerinstitute.com\/wp-content\/uploads\/iStock-599772226.jpg","type":"image\/jpeg"}],"twitter_card":"summary_large_image","twitter_misc":{"Gesch\u00e4tzte Lesezeit":"5\u00a0Minuten"},"schema":{"@context":"https:\/\/schema.org","@graph":[{"@type":"WebPage","@id":"https:\/\/www.schellhammerinstitute.com\/reviving-compassion-a-path-to-unity-and-understanding-in-our-time\/","url":"https:\/\/www.schellhammerinstitute.com\/reviving-compassion-a-path-to-unity-and-understanding-in-our-time\/","name":"Reviving Compassion: A Path to Unity and Understanding in Our Time. | Schellhammer Institute","isPartOf":{"@id":"https:\/\/www.schellhammerinstitute.com\/#website"},"primaryImageOfPage":{"@id":"https:\/\/www.schellhammerinstitute.com\/reviving-compassion-a-path-to-unity-and-understanding-in-our-time\/#primaryimage"},"image":{"@id":"https:\/\/www.schellhammerinstitute.com\/reviving-compassion-a-path-to-unity-and-understanding-in-our-time\/#primaryimage"},"thumbnailUrl":"https:\/\/www.schellhammerinstitute.com\/wp-content\/uploads\/iStock-599772226-e1709898014550.jpg","datePublished":"2024-03-08T11:26:58+00:00","dateModified":"2024-03-08T11:30:18+00:00","description":"Entdecken Sie die tiefgreifenden Erkenntnisse des Artikels des Schellhammer-Instituts \u00fcber die Wiederbelebung von Mitgef\u00fchl, Einheit und Verst\u00e4ndnis in der modernen Zeit. Setzen Sie sich kritisch mit dem Abdriften unserer Gesellschaft von grundlegenden menschlichen Werten auseinander, mit den Auswirkungen der sozialen Medien auf echte Verbindungen und mit der transformativen Kraft, die sich aus der Annahme grundlegender Freundlichkeit und Empathie ergibt, um eine harmonische Welt zu f\u00f6rdern.","breadcrumb":{"@id":"https:\/\/www.schellhammerinstitute.com\/reviving-compassion-a-path-to-unity-and-understanding-in-our-time\/#breadcrumb"},"inLanguage":"de","potentialAction":[{"@type":"ReadAction","target":["https:\/\/www.schellhammerinstitute.com\/reviving-compassion-a-path-to-unity-and-understanding-in-our-time\/"]}]},{"@type":"ImageObject","inLanguage":"de","@id":"https:\/\/www.schellhammerinstitute.com\/reviving-compassion-a-path-to-unity-and-understanding-in-our-time\/#primaryimage","url":"https:\/\/www.schellhammerinstitute.com\/wp-content\/uploads\/iStock-599772226-e1709898014550.jpg","contentUrl":"https:\/\/www.schellhammerinstitute.com\/wp-content\/uploads\/iStock-599772226-e1709898014550.jpg","width":1254,"height":662,"caption":"Holding hands open with glowing lights on dark background"},{"@type":"BreadcrumbList","@id":"https:\/\/www.schellhammerinstitute.com\/reviving-compassion-a-path-to-unity-and-understanding-in-our-time\/#breadcrumb","itemListElement":[{"@type":"ListItem","position":1,"name":"Home","item":"https:\/\/www.schellhammerinstitute.com\/"},{"@type":"ListItem","position":2,"name":"Reviving Compassion: A Path to Unity and Understanding in Our Time."}]},{"@type":"WebSite","@id":"https:\/\/www.schellhammerinstitute.com\/#website","url":"https:\/\/www.schellhammerinstitute.com\/","name":"Schellhammer-Institut","description":"Wir wollen die Welt zum Besseren ver\u00e4ndern","publisher":{"@id":"https:\/\/www.schellhammerinstitute.com\/#organization"},"alternateName":"The Schellhamer Institute","potentialAction":[{"@type":"SearchAction","target":{"@type":"EntryPoint","urlTemplate":"https:\/\/www.schellhammerinstitute.com\/?s={search_term_string}"},"query-input":{"@type":"PropertyValueSpecification","valueRequired":true,"valueName":"search_term_string"}}],"inLanguage":"de"},{"@type":"Organization","@id":"https:\/\/www.schellhammerinstitute.com\/#organization","name":"Schellhammer-Institut","alternateName":"Schellhammer Institute","url":"https:\/\/www.schellhammerinstitute.com\/","logo":{"@type":"ImageObject","inLanguage":"de","@id":"https:\/\/www.schellhammerinstitute.com\/#\/schema\/logo\/image\/","url":"https:\/\/www.schellhammerinstitute.com\/wp-content\/uploads\/cropped-4-Photoroom.png","contentUrl":"https:\/\/www.schellhammerinstitute.com\/wp-content\/uploads\/cropped-4-Photoroom.png","width":902,"height":901,"caption":"Schellhammer Institute"},"image":{"@id":"https:\/\/www.schellhammerinstitute.com\/#\/schema\/logo\/image\/"},"sameAs":["https:\/\/www.facebook.com\/schellhammerinstitute","https:\/\/www.instagram.com\/schellhammerinstitute","https:\/\/www.linkedin.com\/company\/schellhammerinstitute"]}]}},"jetpack_sharing_enabled":true,"_links":{"self":[{"href":"https:\/\/www.schellhammerinstitute.com\/de\/wp-json\/wp\/v2\/pages\/14341","targetHints":{"allow":["GET"]}}],"collection":[{"href":"https:\/\/www.schellhammerinstitute.com\/de\/wp-json\/wp\/v2\/pages"}],"about":[{"href":"https:\/\/www.schellhammerinstitute.com\/de\/wp-json\/wp\/v2\/types\/page"}],"author":[{"embeddable":true,"href":"https:\/\/www.schellhammerinstitute.com\/de\/wp-json\/wp\/v2\/users\/5"}],"replies":[{"embeddable":true,"href":"https:\/\/www.schellhammerinstitute.com\/de\/wp-json\/wp\/v2\/comments?post=14341"}],"version-history":[{"count":3,"href":"https:\/\/www.schellhammerinstitute.com\/de\/wp-json\/wp\/v2\/pages\/14341\/revisions"}],"predecessor-version":[{"id":14345,"href":"https:\/\/www.schellhammerinstitute.com\/de\/wp-json\/wp\/v2\/pages\/14341\/revisions\/14345"}],"wp:featuredmedia":[{"embeddable":true,"href":"https:\/\/www.schellhammerinstitute.com\/de\/wp-json\/wp\/v2\/media\/11840"}],"wp:attachment":[{"href":"https:\/\/www.schellhammerinstitute.com\/de\/wp-json\/wp\/v2\/media?parent=14341"}],"curies":[{"name":"wp","href":"https:\/\/api.w.org\/{rel}","templated":true}]}}